{"id":91638,"date":"2025-06-18T15:00:01","date_gmt":"2025-06-18T12:00:01","guid":{"rendered":"https:\/\/www.lilleliis.com\/?post_type=product&#038;p=91638"},"modified":"2026-02-18T13:03:56","modified_gmt":"2026-02-18T11:03:56","slug":"varvilised-turvasilmad-12mm","status":"publish","type":"product","link":"https:\/\/www.lilleliis.com\/et\/toode\/varvilised-turvasilmad-12mm\/","title":{"rendered":"V\u00e4rvilised turvasilmad &#8211; 12 mm &#8211; 9 paari"},"content":{"rendered":"<p>V\u00e4rvilised turvasilmad m\u00e4nguasjade valmistamiseks. Komplektis 9 paari silmi.<\/p>\n<p>Silmad suletakse t\u00f6\u00f6 sisek\u00fcljelt spetsiaalsete turvaliste kinnituskl\u00f5psudega. Iga silmapaari juurde kuuluvad ka kinnitused. Olenevalt partiist v\u00f5ib kinnituste suurus ja v\u00e4rv varieeruda.<\/p>\n<p>Erinevates partiides on ka silmade kvaliteet erinev. Sellest tulenevalt v\u00f5ivad samas suuruses silmadel olla erinevad hinnad.<\/p>\n<div class=\"is-divider divider clearfix\" ><\/div>\n<h3>Suurus ja materjal<\/h3>\n<p>Suurus: 12 mm<\/p>\n<p>V\u00e4rv: pruun, kuld, oran\u017e, sinine, roheline<\/p>\n<p>Materjal: plastmass<\/p>\n<div class=\"is-divider divider clearfix\" ><\/div>\n<h3>Kuidas turvasilmi kasutada?<\/h3>\n<p>Turvasilmade kinnitamisest saad l\u00e4hemalt lugeda\u00a0<a href=\"https:\/\/www.lilleliis.com\/et\/turvasilmad-manguasjadele\/\" target=\"_blank\" rel=\"noopener\">siin<\/a>.<\/p>\n","protected":false},"excerpt":{"rendered":"<p>V\u00e4rvilised turvasilmad m\u00e4nguasjade valmistamiseks. Komplekt sisaldab 9 paari 12 mm silmi koos kinnitustega, mis tagavad turvalise ja kindla paigalp\u00fcsimise.<\/p>\n","protected":false},"featured_media":100905,"comment_status":"open","ping_status":"closed","template":"","meta":[],"product_brand":[],"product_cat":[429,562],"product_tag":[],"class_list":{"0":"post-91638","1":"product","2":"type-product","3":"status-publish","4":"has-post-thumbnail","6":"product_cat-kasitoo-tarvikud","7":"product_cat-turvasilmad","8":"pa_color-kuld","9":"pa_color-mitmevarviline","10":"pa_color-oranz","11":"pa_color-pruun","12":"pa_color-roheline","13":"pa_color-sinine","15":"first","16":"instock","17":"taxable","18":"shipping-taxable","19":"purchasable","20":"product-type-variable"},"yoast_head":"<!-- This site is optimized with the Yoast SEO plugin v27.3 - https:\/\/yoast.com\/product\/yoast-seo-wordpress\/ -->\n<title>V\u00e4rvilised turvasilmad - 12 mm - 9 paari | lilleliis<\/title>\n<meta name=\"description\" content=\"V\u00e4rvilised turvasilmad 12mm koos kinnituskl\u00f5psudega. Kasutatakse m\u00e4nguasjade valmistamisel, sobib ka amigurumile. Vali v\u00e4rv.\" \/>\n<meta name=\"robots\" content=\"index, follow, max-snippet:-1, max-image-preview:large, max-video-preview:-1\" \/>\n<link rel=\"canonical\" href=\"https:\/\/www.lilleliis.com\/et\/toode\/varvilised-turvasilmad-12mm\/\" \/>\n<meta property=\"og:locale\" content=\"et_EE\" \/>\n<meta property=\"og:type\" content=\"article\" \/>\n<meta property=\"og:title\" content=\"V\u00e4rvilised turvasilmad - 12 mm - 9 paari | lilleliis\" \/>\n<meta property=\"og:description\" content=\"V\u00e4rvilised turvasilmad 12mm koos kinnituskl\u00f5psudega. Kasutatakse m\u00e4nguasjade valmistamisel, sobib ka amigurumile. Vali v\u00e4rv.\" \/>\n<meta property=\"og:url\" content=\"https:\/\/www.lilleliis.com\/et\/toode\/varvilised-turvasilmad-12mm\/\" \/>\n<meta property=\"og:site_name\" content=\"lilleliis\" \/>\n<meta property=\"article:publisher\" content=\"https:\/\/www.facebook.com\/lilleliis-283266335035799\/\" \/>\n<meta property=\"article:modified_time\" content=\"2026-02-18T11:03:56+00:00\" \/>\n<meta property=\"og:image\" content=\"https:\/\/www.lilleliis.com\/wp-content\/uploads\/2025\/06\/varvilised-turvasilmad-12mm6.jpg\" \/>\n\t<meta property=\"og:image:width\" content=\"1000\" \/>\n\t<meta property=\"og:image:height\" content=\"1500\" \/>\n\t<meta property=\"og:image:type\" content=\"image\/jpeg\" \/>\n<meta name=\"twitter:card\" content=\"summary_large_image\" \/>\n<meta name=\"twitter:label1\" content=\"Est. reading time\" \/>\n\t<meta name=\"twitter:data1\" content=\"1 minute\" \/>\n<script type=\"application\/ld+json\" class=\"yoast-schema-graph\">{\"@context\":\"https:\\\/\\\/schema.org\",\"@graph\":[{\"@type\":\"WebPage\",\"@id\":\"https:\\\/\\\/www.lilleliis.com\\\/et\\\/toode\\\/varvilised-turvasilmad-12mm\\\/\",\"url\":\"https:\\\/\\\/www.lilleliis.com\\\/et\\\/toode\\\/varvilised-turvasilmad-12mm\\\/\",\"name\":\"V\u00e4rvilised turvasilmad - 12 mm - 9 paari | lilleliis\",\"isPartOf\":{\"@id\":\"https:\\\/\\\/www.lilleliis.com\\\/et\\\/#website\"},\"primaryImageOfPage\":{\"@id\":\"https:\\\/\\\/www.lilleliis.com\\\/et\\\/toode\\\/varvilised-turvasilmad-12mm\\\/#primaryimage\"},\"image\":{\"@id\":\"https:\\\/\\\/www.lilleliis.com\\\/et\\\/toode\\\/varvilised-turvasilmad-12mm\\\/#primaryimage\"},\"thumbnailUrl\":\"https:\\\/\\\/www.lilleliis.com\\\/wp-content\\\/uploads\\\/2025\\\/06\\\/varvilised-turvasilmad-12mm6.jpg\",\"datePublished\":\"2025-06-18T12:00:01+00:00\",\"dateModified\":\"2026-02-18T11:03:56+00:00\",\"description\":\"V\u00e4rvilised turvasilmad 12mm koos kinnituskl\u00f5psudega. Kasutatakse m\u00e4nguasjade valmistamisel, sobib ka amigurumile. Vali v\u00e4rv.\",\"breadcrumb\":{\"@id\":\"https:\\\/\\\/www.lilleliis.com\\\/et\\\/toode\\\/varvilised-turvasilmad-12mm\\\/#breadcrumb\"},\"inLanguage\":\"et\",\"potentialAction\":[{\"@type\":\"ReadAction\",\"target\":[\"https:\\\/\\\/www.lilleliis.com\\\/et\\\/toode\\\/varvilised-turvasilmad-12mm\\\/\"]}]},{\"@type\":\"ImageObject\",\"inLanguage\":\"et\",\"@id\":\"https:\\\/\\\/www.lilleliis.com\\\/et\\\/toode\\\/varvilised-turvasilmad-12mm\\\/#primaryimage\",\"url\":\"https:\\\/\\\/www.lilleliis.com\\\/wp-content\\\/uploads\\\/2025\\\/06\\\/varvilised-turvasilmad-12mm6.jpg\",\"contentUrl\":\"https:\\\/\\\/www.lilleliis.com\\\/wp-content\\\/uploads\\\/2025\\\/06\\\/varvilised-turvasilmad-12mm6.jpg\",\"width\":1000,\"height\":1500,\"caption\":\"v\u00e4rvilised turvasilmad 12mm\"},{\"@type\":\"BreadcrumbList\",\"@id\":\"https:\\\/\\\/www.lilleliis.com\\\/et\\\/toode\\\/varvilised-turvasilmad-12mm\\\/#breadcrumb\",\"itemListElement\":[{\"@type\":\"ListItem\",\"position\":1,\"name\":\"Home\",\"item\":\"https:\\\/\\\/www.lilleliis.com\\\/et\\\/\"},{\"@type\":\"ListItem\",\"position\":2,\"name\":\"Pood\",\"item\":\"https:\\\/\\\/www.lilleliis.com\\\/et\\\/shop\\\/\"},{\"@type\":\"ListItem\",\"position\":3,\"name\":\"V\u00e4rvilised turvasilmad &#8211; 12 mm &#8211; 9 paari\"}]},{\"@type\":\"WebSite\",\"@id\":\"https:\\\/\\\/www.lilleliis.com\\\/et\\\/#website\",\"url\":\"https:\\\/\\\/www.lilleliis.com\\\/et\\\/\",\"name\":\"lilleliis\",\"description\":\"Amigurumi m\u00e4nguasjad ja mustrid\",\"potentialAction\":[{\"@type\":\"SearchAction\",\"target\":{\"@type\":\"EntryPoint\",\"urlTemplate\":\"https:\\\/\\\/www.lilleliis.com\\\/et\\\/?s={search_term_string}\"},\"query-input\":{\"@type\":\"PropertyValueSpecification\",\"valueRequired\":true,\"valueName\":\"search_term_string\"}}],\"inLanguage\":\"et\"}]}<\/script>\n<!-- \/ Yoast SEO plugin. -->","yoast_head_json":{"title":"V\u00e4rvilised turvasilmad - 12 mm - 9 paari | lilleliis","description":"V\u00e4rvilised turvasilmad 12mm koos kinnituskl\u00f5psudega. Kasutatakse m\u00e4nguasjade valmistamisel, sobib ka amigurumile. Vali v\u00e4rv.","robots":{"index":"index","follow":"follow","max-snippet":"max-snippet:-1","max-image-preview":"max-image-preview:large","max-video-preview":"max-video-preview:-1"},"canonical":"https:\/\/www.lilleliis.com\/et\/toode\/varvilised-turvasilmad-12mm\/","og_locale":"et_EE","og_type":"article","og_title":"V\u00e4rvilised turvasilmad - 12 mm - 9 paari | lilleliis","og_description":"V\u00e4rvilised turvasilmad 12mm koos kinnituskl\u00f5psudega. Kasutatakse m\u00e4nguasjade valmistamisel, sobib ka amigurumile. Vali v\u00e4rv.","og_url":"https:\/\/www.lilleliis.com\/et\/toode\/varvilised-turvasilmad-12mm\/","og_site_name":"lilleliis","article_publisher":"https:\/\/www.facebook.com\/lilleliis-283266335035799\/","article_modified_time":"2026-02-18T11:03:56+00:00","og_image":[{"width":1000,"height":1500,"url":"https:\/\/www.lilleliis.com\/wp-content\/uploads\/2025\/06\/varvilised-turvasilmad-12mm6.jpg","type":"image\/jpeg"}],"twitter_card":"summary_large_image","twitter_misc":{"Est. reading time":"1 minute"},"schema":{"@context":"https:\/\/schema.org","@graph":[{"@type":"WebPage","@id":"https:\/\/www.lilleliis.com\/et\/toode\/varvilised-turvasilmad-12mm\/","url":"https:\/\/www.lilleliis.com\/et\/toode\/varvilised-turvasilmad-12mm\/","name":"V\u00e4rvilised turvasilmad - 12 mm - 9 paari | lilleliis","isPartOf":{"@id":"https:\/\/www.lilleliis.com\/et\/#website"},"primaryImageOfPage":{"@id":"https:\/\/www.lilleliis.com\/et\/toode\/varvilised-turvasilmad-12mm\/#primaryimage"},"image":{"@id":"https:\/\/www.lilleliis.com\/et\/toode\/varvilised-turvasilmad-12mm\/#primaryimage"},"thumbnailUrl":"https:\/\/www.lilleliis.com\/wp-content\/uploads\/2025\/06\/varvilised-turvasilmad-12mm6.jpg","datePublished":"2025-06-18T12:00:01+00:00","dateModified":"2026-02-18T11:03:56+00:00","description":"V\u00e4rvilised turvasilmad 12mm koos kinnituskl\u00f5psudega. Kasutatakse m\u00e4nguasjade valmistamisel, sobib ka amigurumile. Vali v\u00e4rv.","breadcrumb":{"@id":"https:\/\/www.lilleliis.com\/et\/toode\/varvilised-turvasilmad-12mm\/#breadcrumb"},"inLanguage":"et","potentialAction":[{"@type":"ReadAction","target":["https:\/\/www.lilleliis.com\/et\/toode\/varvilised-turvasilmad-12mm\/"]}]},{"@type":"ImageObject","inLanguage":"et","@id":"https:\/\/www.lilleliis.com\/et\/toode\/varvilised-turvasilmad-12mm\/#primaryimage","url":"https:\/\/www.lilleliis.com\/wp-content\/uploads\/2025\/06\/varvilised-turvasilmad-12mm6.jpg","contentUrl":"https:\/\/www.lilleliis.com\/wp-content\/uploads\/2025\/06\/varvilised-turvasilmad-12mm6.jpg","width":1000,"height":1500,"caption":"v\u00e4rvilised turvasilmad 12mm"},{"@type":"BreadcrumbList","@id":"https:\/\/www.lilleliis.com\/et\/toode\/varvilised-turvasilmad-12mm\/#breadcrumb","itemListElement":[{"@type":"ListItem","position":1,"name":"Home","item":"https:\/\/www.lilleliis.com\/et\/"},{"@type":"ListItem","position":2,"name":"Pood","item":"https:\/\/www.lilleliis.com\/et\/shop\/"},{"@type":"ListItem","position":3,"name":"V\u00e4rvilised turvasilmad &#8211; 12 mm &#8211; 9 paari"}]},{"@type":"WebSite","@id":"https:\/\/www.lilleliis.com\/et\/#website","url":"https:\/\/www.lilleliis.com\/et\/","name":"lilleliis","description":"Amigurumi m\u00e4nguasjad ja mustrid","potentialAction":[{"@type":"SearchAction","target":{"@type":"EntryPoint","urlTemplate":"https:\/\/www.lilleliis.com\/et\/?s={search_term_string}"},"query-input":{"@type":"PropertyValueSpecification","valueRequired":true,"valueName":"search_term_string"}}],"inLanguage":"et"}]}},"_links":{"self":[{"href":"https:\/\/www.lilleliis.com\/et\/wp-json\/wp\/v2\/product\/91638","targetHints":{"allow":["GET"]}}],"collection":[{"href":"https:\/\/www.lilleliis.com\/et\/wp-json\/wp\/v2\/product"}],"about":[{"href":"https:\/\/www.lilleliis.com\/et\/wp-json\/wp\/v2\/types\/product"}],"replies":[{"embeddable":true,"href":"https:\/\/www.lilleliis.com\/et\/wp-json\/wp\/v2\/comments?post=91638"}],"wp:featuredmedia":[{"embeddable":true,"href":"https:\/\/www.lilleliis.com\/et\/wp-json\/wp\/v2\/media\/100905"}],"wp:attachment":[{"href":"https:\/\/www.lilleliis.com\/et\/wp-json\/wp\/v2\/media?parent=91638"}],"wp:term":[{"taxonomy":"product_brand","embeddable":true,"href":"https:\/\/www.lilleliis.com\/et\/wp-json\/wp\/v2\/product_brand?post=91638"},{"taxonomy":"product_cat","embeddable":true,"href":"https:\/\/www.lilleliis.com\/et\/wp-json\/wp\/v2\/product_cat?post=91638"},{"taxonomy":"product_tag","embeddable":true,"href":"https:\/\/www.lilleliis.com\/et\/wp-json\/wp\/v2\/product_tag?post=91638"}],"curies":[{"name":"wp","href":"https:\/\/api.w.org\/{rel}","templated":true}]}}