{"id":91691,"date":"2026-02-10T16:45:30","date_gmt":"2026-02-10T14:45:30","guid":{"rendered":"https:\/\/www.lilleliis.com\/?post_type=product&#038;p=91691"},"modified":"2026-03-10T12:27:09","modified_gmt":"2026-03-10T10:27:09","slug":"heegeldamise-komplekt-kuuhaldjas-luna","status":"publish","type":"product","link":"https:\/\/www.lilleliis.com\/et\/toode\/heegeldamise-komplekt-kuuhaldjas-luna\/","title":{"rendered":"Heegeldamise komplekt &#8211; Kuuhaldjas Luna (PDF-\u00f5petusega)"},"content":{"rendered":"<p>Heegeldamise komplekt Kuuhaldjas Luna valmistamiseks. Sisaldab \u00f5petust ja materjali, et saaksid ise armsa, unep\u00fc\u00fcdjal istuva nuku heegeldada.<\/p>\n<p>Nukul on haldja k\u00f5rvad ja painduvad jalad. Ta kannab triibulist pid\u017eaamat ja lonti vajunud unen\u00fctsi. Nukku ja unep\u00fc\u00fcdjat saab kasutada ka eraldi, kuid koos moodustavad need ilusa kingituse beebile ja kaunistuse lastetuppa.<\/p>\n<p>Valmis nukk on umbes 27 cm pikk, koos kuu raamiga (m\u00f5\u00f5detuna t\u00e4htedest kuni raami \u00fclaservani) 38 x 20 cm.<\/p>\n<p>Materjalid on pakitud kenasse puuvillasesse kotti, mida saad hiljem kasutada k\u00e4sit\u00f6\u00f6tarvete hoiustamiseks, v\u00f5i hoopis valmis nuku kinkepakendamiseks.<\/p>\n<div class=\"is-divider divider clearfix\" ><\/div>\n<h3>Materjali komplekt<\/h3>\n<p>Sisaldab:<\/p>\n<ul>\n<li>4 tokki l\u00f5nga Rico Design <em>Ricorumi DK<\/em><\/li>\n<li>l\u00f5ng juuste valmistamiseks<\/li>\n<li>niit silmade tikkimiseks<\/li>\n<li>kuukujuline unep\u00fc\u00fcdja raam<\/li>\n<li>3 puidust p\u00e4rli<\/li>\n<li>2 musta n\u00f6\u00f6pi<\/li>\n<li>satiinpael riputamiseks<\/li>\n<li>silmusem\u00e4rkija (juhuslikult valitud v\u00e4rvitoonis)<\/li>\n<li>puuvillane kott<\/li>\n<\/ul>\n<p><strong>Materjali komplekt ei sisalda <a href=\"https:\/\/www.lilleliis.com\/et\/toode\/poluester-kerakiud\/\">t\u00e4itematerjali<\/a> ja <a href=\"https:\/\/www.lilleliis.com\/et\/toode\/ergonoomiline-heegelnoel-clover\/\">heegeln\u00f5ela<\/a> (2,5 mm).<\/strong><\/p>\n<div class=\"is-divider divider clearfix\" ><\/div>\n<h3>\u00d5petus<\/h3>\n<p>Autor: Mari-Liis Lille (lilleliis)<\/p>\n<p>\u00d5petuse (PDF fail) saad allalaetava lingina kohe p\u00e4rast tellimuse esitamist. Enne ostukorvi panemist vali \u00f5petuse keel.<\/p>\n<p>Raskusaste: keeruline<\/p>\n","protected":false},"excerpt":{"rendered":"<p>Heegeldamise komplekt Kuuhaldjas Luna valmistamiseks &#8211; armas amigurumi-stiilis nukk, kes istub kuukujulisel unen\u00e4op\u00fc\u00fcdjal.<\/p>\n<p>Komplekt sisaldab allalaetavat mustrit ja peamisi projekti jaoks vajalikke materjale.<\/p>\n","protected":false},"featured_media":91704,"comment_status":"open","ping_status":"closed","template":"","meta":[],"product_brand":[1580],"product_cat":[1036],"product_tag":[],"class_list":{"0":"post-91691","1":"product","2":"type-product","3":"status-publish","4":"has-post-thumbnail","6":"product_brand-lilleliis","7":"product_cat-kasitookomplekt","8":"pa_pattern-language-eesti","9":"pa_pattern-language-hispaania","10":"pa_pattern-language-hollandi","11":"pa_pattern-language-inglise","12":"pa_pattern-language-taani","14":"first","15":"instock","16":"taxable","17":"shipping-taxable","18":"purchasable","19":"product-type-variable"},"yoast_head":"<!-- This site is optimized with the Yoast SEO plugin v27.3 - https:\/\/yoast.com\/product\/yoast-seo-wordpress\/ -->\n<title>Heegeldamise komplekt - Kuuhaldjas Luna (PDF-\u00f5petusega) | lilleliis<\/title>\n<meta name=\"description\" content=\"Heegeldamise komplekt kuuhaldja valmistamiseks. Sisaldab \u00f5petust ja materjali, et saaksid ise armsa nuku unep\u00fc\u00fcdja heegeldada.\" \/>\n<meta name=\"robots\" content=\"index, follow, max-snippet:-1, max-image-preview:large, max-video-preview:-1\" \/>\n<link rel=\"canonical\" href=\"https:\/\/www.lilleliis.com\/et\/toode\/heegeldamise-komplekt-kuuhaldjas-luna\/\" \/>\n<meta property=\"og:locale\" content=\"et_EE\" \/>\n<meta property=\"og:type\" content=\"article\" \/>\n<meta property=\"og:title\" content=\"Heegeldamise komplekt - Kuuhaldjas Luna (PDF-\u00f5petusega) | lilleliis\" \/>\n<meta property=\"og:description\" content=\"Heegeldamise komplekt kuuhaldja valmistamiseks. Sisaldab \u00f5petust ja materjali, et saaksid ise armsa nuku unep\u00fc\u00fcdja heegeldada.\" \/>\n<meta property=\"og:url\" content=\"https:\/\/www.lilleliis.com\/et\/toode\/heegeldamise-komplekt-kuuhaldjas-luna\/\" \/>\n<meta property=\"og:site_name\" content=\"lilleliis\" \/>\n<meta property=\"article:publisher\" content=\"https:\/\/www.facebook.com\/lilleliis-283266335035799\/\" \/>\n<meta property=\"article:modified_time\" content=\"2026-03-10T10:27:09+00:00\" \/>\n<meta property=\"og:image\" content=\"https:\/\/www.lilleliis.com\/wp-content\/uploads\/2023\/07\/Crochet-kit-Luna-the-moon-fairy-doll-DIY-1.jpg\" \/>\n\t<meta property=\"og:image:width\" content=\"1536\" \/>\n\t<meta property=\"og:image:height\" content=\"2304\" \/>\n\t<meta property=\"og:image:type\" content=\"image\/jpeg\" \/>\n<meta name=\"twitter:card\" content=\"summary_large_image\" \/>\n<meta name=\"twitter:label1\" content=\"Est. reading time\" \/>\n\t<meta name=\"twitter:data1\" content=\"1 minute\" \/>\n<script type=\"application\/ld+json\" class=\"yoast-schema-graph\">{\"@context\":\"https:\\\/\\\/schema.org\",\"@graph\":[{\"@type\":\"WebPage\",\"@id\":\"https:\\\/\\\/www.lilleliis.com\\\/et\\\/toode\\\/heegeldamise-komplekt-kuuhaldjas-luna\\\/\",\"url\":\"https:\\\/\\\/www.lilleliis.com\\\/et\\\/toode\\\/heegeldamise-komplekt-kuuhaldjas-luna\\\/\",\"name\":\"Heegeldamise komplekt - Kuuhaldjas Luna (PDF-\u00f5petusega) | lilleliis\",\"isPartOf\":{\"@id\":\"https:\\\/\\\/www.lilleliis.com\\\/et\\\/#website\"},\"primaryImageOfPage\":{\"@id\":\"https:\\\/\\\/www.lilleliis.com\\\/et\\\/toode\\\/heegeldamise-komplekt-kuuhaldjas-luna\\\/#primaryimage\"},\"image\":{\"@id\":\"https:\\\/\\\/www.lilleliis.com\\\/et\\\/toode\\\/heegeldamise-komplekt-kuuhaldjas-luna\\\/#primaryimage\"},\"thumbnailUrl\":\"https:\\\/\\\/www.lilleliis.com\\\/wp-content\\\/uploads\\\/2023\\\/07\\\/Crochet-kit-Luna-the-moon-fairy-doll-DIY-1.jpg\",\"datePublished\":\"2026-02-10T14:45:30+00:00\",\"dateModified\":\"2026-03-10T10:27:09+00:00\",\"description\":\"Heegeldamise komplekt kuuhaldja valmistamiseks. Sisaldab \u00f5petust ja materjali, et saaksid ise armsa nuku unep\u00fc\u00fcdja heegeldada.\",\"breadcrumb\":{\"@id\":\"https:\\\/\\\/www.lilleliis.com\\\/et\\\/toode\\\/heegeldamise-komplekt-kuuhaldjas-luna\\\/#breadcrumb\"},\"inLanguage\":\"et\",\"potentialAction\":[{\"@type\":\"ReadAction\",\"target\":[\"https:\\\/\\\/www.lilleliis.com\\\/et\\\/toode\\\/heegeldamise-komplekt-kuuhaldjas-luna\\\/\"]}]},{\"@type\":\"ImageObject\",\"inLanguage\":\"et\",\"@id\":\"https:\\\/\\\/www.lilleliis.com\\\/et\\\/toode\\\/heegeldamise-komplekt-kuuhaldjas-luna\\\/#primaryimage\",\"url\":\"https:\\\/\\\/www.lilleliis.com\\\/wp-content\\\/uploads\\\/2023\\\/07\\\/Crochet-kit-Luna-the-moon-fairy-doll-DIY-1.jpg\",\"contentUrl\":\"https:\\\/\\\/www.lilleliis.com\\\/wp-content\\\/uploads\\\/2023\\\/07\\\/Crochet-kit-Luna-the-moon-fairy-doll-DIY-1.jpg\",\"width\":1536,\"height\":2304,\"caption\":\"Heegeldamise komplekt Kuuhaldjas Luna nukk\"},{\"@type\":\"BreadcrumbList\",\"@id\":\"https:\\\/\\\/www.lilleliis.com\\\/et\\\/toode\\\/heegeldamise-komplekt-kuuhaldjas-luna\\\/#breadcrumb\",\"itemListElement\":[{\"@type\":\"ListItem\",\"position\":1,\"name\":\"Home\",\"item\":\"https:\\\/\\\/www.lilleliis.com\\\/et\\\/\"},{\"@type\":\"ListItem\",\"position\":2,\"name\":\"Pood\",\"item\":\"https:\\\/\\\/www.lilleliis.com\\\/et\\\/shop\\\/\"},{\"@type\":\"ListItem\",\"position\":3,\"name\":\"Heegeldamise komplekt &#8211; Kuuhaldjas Luna (PDF-\u00f5petusega)\"}]},{\"@type\":\"WebSite\",\"@id\":\"https:\\\/\\\/www.lilleliis.com\\\/et\\\/#website\",\"url\":\"https:\\\/\\\/www.lilleliis.com\\\/et\\\/\",\"name\":\"lilleliis\",\"description\":\"Amigurumi m\u00e4nguasjad ja mustrid\",\"potentialAction\":[{\"@type\":\"SearchAction\",\"target\":{\"@type\":\"EntryPoint\",\"urlTemplate\":\"https:\\\/\\\/www.lilleliis.com\\\/et\\\/?s={search_term_string}\"},\"query-input\":{\"@type\":\"PropertyValueSpecification\",\"valueRequired\":true,\"valueName\":\"search_term_string\"}}],\"inLanguage\":\"et\"}]}<\/script>\n<!-- \/ Yoast SEO plugin. -->","yoast_head_json":{"title":"Heegeldamise komplekt - Kuuhaldjas Luna (PDF-\u00f5petusega) | lilleliis","description":"Heegeldamise komplekt kuuhaldja valmistamiseks. Sisaldab \u00f5petust ja materjali, et saaksid ise armsa nuku unep\u00fc\u00fcdja heegeldada.","robots":{"index":"index","follow":"follow","max-snippet":"max-snippet:-1","max-image-preview":"max-image-preview:large","max-video-preview":"max-video-preview:-1"},"canonical":"https:\/\/www.lilleliis.com\/et\/toode\/heegeldamise-komplekt-kuuhaldjas-luna\/","og_locale":"et_EE","og_type":"article","og_title":"Heegeldamise komplekt - Kuuhaldjas Luna (PDF-\u00f5petusega) | lilleliis","og_description":"Heegeldamise komplekt kuuhaldja valmistamiseks. Sisaldab \u00f5petust ja materjali, et saaksid ise armsa nuku unep\u00fc\u00fcdja heegeldada.","og_url":"https:\/\/www.lilleliis.com\/et\/toode\/heegeldamise-komplekt-kuuhaldjas-luna\/","og_site_name":"lilleliis","article_publisher":"https:\/\/www.facebook.com\/lilleliis-283266335035799\/","article_modified_time":"2026-03-10T10:27:09+00:00","og_image":[{"width":1536,"height":2304,"url":"https:\/\/www.lilleliis.com\/wp-content\/uploads\/2023\/07\/Crochet-kit-Luna-the-moon-fairy-doll-DIY-1.jpg","type":"image\/jpeg"}],"twitter_card":"summary_large_image","twitter_misc":{"Est. reading time":"1 minute"},"schema":{"@context":"https:\/\/schema.org","@graph":[{"@type":"WebPage","@id":"https:\/\/www.lilleliis.com\/et\/toode\/heegeldamise-komplekt-kuuhaldjas-luna\/","url":"https:\/\/www.lilleliis.com\/et\/toode\/heegeldamise-komplekt-kuuhaldjas-luna\/","name":"Heegeldamise komplekt - Kuuhaldjas Luna (PDF-\u00f5petusega) | lilleliis","isPartOf":{"@id":"https:\/\/www.lilleliis.com\/et\/#website"},"primaryImageOfPage":{"@id":"https:\/\/www.lilleliis.com\/et\/toode\/heegeldamise-komplekt-kuuhaldjas-luna\/#primaryimage"},"image":{"@id":"https:\/\/www.lilleliis.com\/et\/toode\/heegeldamise-komplekt-kuuhaldjas-luna\/#primaryimage"},"thumbnailUrl":"https:\/\/www.lilleliis.com\/wp-content\/uploads\/2023\/07\/Crochet-kit-Luna-the-moon-fairy-doll-DIY-1.jpg","datePublished":"2026-02-10T14:45:30+00:00","dateModified":"2026-03-10T10:27:09+00:00","description":"Heegeldamise komplekt kuuhaldja valmistamiseks. Sisaldab \u00f5petust ja materjali, et saaksid ise armsa nuku unep\u00fc\u00fcdja heegeldada.","breadcrumb":{"@id":"https:\/\/www.lilleliis.com\/et\/toode\/heegeldamise-komplekt-kuuhaldjas-luna\/#breadcrumb"},"inLanguage":"et","potentialAction":[{"@type":"ReadAction","target":["https:\/\/www.lilleliis.com\/et\/toode\/heegeldamise-komplekt-kuuhaldjas-luna\/"]}]},{"@type":"ImageObject","inLanguage":"et","@id":"https:\/\/www.lilleliis.com\/et\/toode\/heegeldamise-komplekt-kuuhaldjas-luna\/#primaryimage","url":"https:\/\/www.lilleliis.com\/wp-content\/uploads\/2023\/07\/Crochet-kit-Luna-the-moon-fairy-doll-DIY-1.jpg","contentUrl":"https:\/\/www.lilleliis.com\/wp-content\/uploads\/2023\/07\/Crochet-kit-Luna-the-moon-fairy-doll-DIY-1.jpg","width":1536,"height":2304,"caption":"Heegeldamise komplekt Kuuhaldjas Luna nukk"},{"@type":"BreadcrumbList","@id":"https:\/\/www.lilleliis.com\/et\/toode\/heegeldamise-komplekt-kuuhaldjas-luna\/#breadcrumb","itemListElement":[{"@type":"ListItem","position":1,"name":"Home","item":"https:\/\/www.lilleliis.com\/et\/"},{"@type":"ListItem","position":2,"name":"Pood","item":"https:\/\/www.lilleliis.com\/et\/shop\/"},{"@type":"ListItem","position":3,"name":"Heegeldamise komplekt &#8211; Kuuhaldjas Luna (PDF-\u00f5petusega)"}]},{"@type":"WebSite","@id":"https:\/\/www.lilleliis.com\/et\/#website","url":"https:\/\/www.lilleliis.com\/et\/","name":"lilleliis","description":"Amigurumi m\u00e4nguasjad ja mustrid","potentialAction":[{"@type":"SearchAction","target":{"@type":"EntryPoint","urlTemplate":"https:\/\/www.lilleliis.com\/et\/?s={search_term_string}"},"query-input":{"@type":"PropertyValueSpecification","valueRequired":true,"valueName":"search_term_string"}}],"inLanguage":"et"}]}},"_links":{"self":[{"href":"https:\/\/www.lilleliis.com\/et\/wp-json\/wp\/v2\/product\/91691","targetHints":{"allow":["GET"]}}],"collection":[{"href":"https:\/\/www.lilleliis.com\/et\/wp-json\/wp\/v2\/product"}],"about":[{"href":"https:\/\/www.lilleliis.com\/et\/wp-json\/wp\/v2\/types\/product"}],"replies":[{"embeddable":true,"href":"https:\/\/www.lilleliis.com\/et\/wp-json\/wp\/v2\/comments?post=91691"}],"wp:featuredmedia":[{"embeddable":true,"href":"https:\/\/www.lilleliis.com\/et\/wp-json\/wp\/v2\/media\/91704"}],"wp:attachment":[{"href":"https:\/\/www.lilleliis.com\/et\/wp-json\/wp\/v2\/media?parent=91691"}],"wp:term":[{"taxonomy":"product_brand","embeddable":true,"href":"https:\/\/www.lilleliis.com\/et\/wp-json\/wp\/v2\/product_brand?post=91691"},{"taxonomy":"product_cat","embeddable":true,"href":"https:\/\/www.lilleliis.com\/et\/wp-json\/wp\/v2\/product_cat?post=91691"},{"taxonomy":"product_tag","embeddable":true,"href":"https:\/\/www.lilleliis.com\/et\/wp-json\/wp\/v2\/product_tag?post=91691"}],"curies":[{"name":"wp","href":"https:\/\/api.w.org\/{rel}","templated":true}]}}