{"id":91998,"date":"2025-06-14T10:30:02","date_gmt":"2025-06-14T07:30:02","guid":{"rendered":"https:\/\/www.lilleliis.com\/?post_type=product&#038;p=91998"},"modified":"2026-02-22T22:56:01","modified_gmt":"2026-02-22T20:56:01","slug":"ricorumi-twinkly-twinkly-dk","status":"publish","type":"product","link":"https:\/\/www.lilleliis.com\/et\/toode\/ricorumi-twinkly-twinkly-dk\/","title":{"rendered":"Ricorumi Twinkly Twinkly DK &#8211; kuldne bee\u017e &#8211; 25 g \/ 52 m"},"content":{"rendered":"<p>Twinkly Twinkly on Ricorumi DK sarja kuuluv eriline s\u00e4delusega l\u00f5ng. Sobib efekti loomiseks erinevate m\u00e4nguasja aksessuaaride jmt valmistamiseks.<\/p>\n<p>Ricorumi DK on spetsiaalselt amigurumi valmistajatele loodud puuvillane l\u00f5ng. See on \u00fchtlane ja hea vormi hoidvusega ning sobib suurep\u00e4raselt m\u00e4nguasjade heegeldamiseks.<\/p>\n<p>\u00dcheks Ricorumi eeliseks on v\u00e4ikesed, 25-grammised tokid, mis v\u00f5imaldavad osta korraga rohkemates toonides l\u00f5nga. See aitab v\u00e4ltida l\u00f5ngaj\u00e4\u00e4kide teket.<\/p>\n<div class=\"is-divider divider clearfix\" ><\/div>\n<h3>Lilleliis soovitab:<\/h3>\n<ul>\n<li>V\u00e4ga hea baasl\u00f5ng nii nukkude kui v\u00e4iksemate m\u00e4nguloomade heegeldamiseks<\/li>\n<li>Kasuta s\u00e4delusega Ricorumi l\u00f5nga 2,5 mm heegeln\u00f5elaga<\/li>\n<\/ul>\n<div class=\"is-divider divider clearfix\" ><\/div>\n<h3>Suurus ja materjal<\/h3>\n<p>L\u00f5nga j\u00e4medus: 25g \/ 52m (DK, 8 ply)<\/p>\n<p>Materjal: 99% puuvill, 1% pol\u00fcester<\/p>\n<p>Tootja: Saksamaa<\/p>\n<div class=\"is-divider divider clearfix\" ><\/div>\n<h3>Kuidas l\u00f5nga hooldada<\/h3>\n<p>K\u00e4sipesu, max 30\u00b0C \/ kuivata tasapinnal<\/p>\n","protected":false},"excerpt":{"rendered":"<p>Ricorumi Twinkly Twinkly DK on s\u00e4delev puuvillane amigurumi l\u00f5ng, mille \u00fchtlane pind ja hea vormihoidvus sobivad ideaalselt m\u00e4nguasjade heegeldamiseks. Praktilised 25 g tokid on mugavad ja armsad.<\/p>\n","protected":false},"featured_media":92002,"comment_status":"open","ping_status":"closed","template":"","meta":[],"product_brand":[1563],"product_cat":[708,429],"product_tag":[1590],"class_list":{"0":"post-91998","1":"product","2":"type-product","3":"status-publish","4":"has-post-thumbnail","6":"product_brand-rico-design","7":"product_cat-longad","8":"product_cat-kasitoo-tarvikud","9":"product_tag-puuvillased-longad","10":"pa_special-features-sadelus","11":"pa_yarn-weight-dk-8-ply","13":"first","14":"instock","15":"taxable","16":"shipping-taxable","17":"purchasable","18":"product-type-simple"},"yoast_head":"<!-- This site is optimized with the Yoast SEO plugin v27.3 - https:\/\/yoast.com\/product\/yoast-seo-wordpress\/ -->\n<title>Ricorumi Twinkly Twinkly DK - kuldne bee\u017e - 25 g \/ 52 m | lilleliis<\/title>\n<meta name=\"description\" content=\"Twinkly Twinkly on Ricorumi DK sarja kuuluv eriline s\u00e4delusega l\u00f5ng. Sobib efekti loomiseks m\u00e4nguasja aksessuaaride jmt valmistamiseks.\" \/>\n<meta name=\"robots\" content=\"index, follow, max-snippet:-1, max-image-preview:large, max-video-preview:-1\" \/>\n<link rel=\"canonical\" href=\"https:\/\/www.lilleliis.com\/et\/toode\/ricorumi-twinkly-twinkly-dk\/\" \/>\n<meta property=\"og:locale\" content=\"et_EE\" \/>\n<meta property=\"og:type\" content=\"article\" \/>\n<meta property=\"og:title\" content=\"Ricorumi Twinkly Twinkly DK - kuldne bee\u017e - 25 g \/ 52 m | lilleliis\" \/>\n<meta property=\"og:description\" content=\"Twinkly Twinkly on Ricorumi DK sarja kuuluv eriline s\u00e4delusega l\u00f5ng. Sobib efekti loomiseks m\u00e4nguasja aksessuaaride jmt valmistamiseks.\" \/>\n<meta property=\"og:url\" content=\"https:\/\/www.lilleliis.com\/et\/toode\/ricorumi-twinkly-twinkly-dk\/\" \/>\n<meta property=\"og:site_name\" content=\"lilleliis\" \/>\n<meta property=\"article:publisher\" content=\"https:\/\/www.facebook.com\/lilleliis-283266335035799\/\" \/>\n<meta property=\"article:modified_time\" content=\"2026-02-22T20:56:01+00:00\" \/>\n<meta property=\"og:image\" content=\"https:\/\/www.lilleliis.com\/wp-content\/uploads\/2023\/09\/Ricorumi-Twinkly-Twinkly-dk-beige.jpg\" \/>\n\t<meta property=\"og:image:width\" content=\"400\" \/>\n\t<meta property=\"og:image:height\" content=\"400\" \/>\n\t<meta property=\"og:image:type\" content=\"image\/jpeg\" \/>\n<meta name=\"twitter:card\" content=\"summary_large_image\" \/>\n<meta name=\"twitter:label1\" content=\"Est. reading time\" \/>\n\t<meta name=\"twitter:data1\" content=\"1 minute\" \/>\n<script type=\"application\/ld+json\" class=\"yoast-schema-graph\">{\"@context\":\"https:\\\/\\\/schema.org\",\"@graph\":[{\"@type\":\"WebPage\",\"@id\":\"https:\\\/\\\/www.lilleliis.com\\\/et\\\/toode\\\/ricorumi-twinkly-twinkly-dk\\\/\",\"url\":\"https:\\\/\\\/www.lilleliis.com\\\/et\\\/toode\\\/ricorumi-twinkly-twinkly-dk\\\/\",\"name\":\"Ricorumi Twinkly Twinkly DK - kuldne bee\u017e - 25 g \\\/ 52 m | lilleliis\",\"isPartOf\":{\"@id\":\"https:\\\/\\\/www.lilleliis.com\\\/et\\\/#website\"},\"primaryImageOfPage\":{\"@id\":\"https:\\\/\\\/www.lilleliis.com\\\/et\\\/toode\\\/ricorumi-twinkly-twinkly-dk\\\/#primaryimage\"},\"image\":{\"@id\":\"https:\\\/\\\/www.lilleliis.com\\\/et\\\/toode\\\/ricorumi-twinkly-twinkly-dk\\\/#primaryimage\"},\"thumbnailUrl\":\"https:\\\/\\\/www.lilleliis.com\\\/wp-content\\\/uploads\\\/2023\\\/09\\\/Ricorumi-Twinkly-Twinkly-dk-beige.jpg\",\"datePublished\":\"2025-06-14T07:30:02+00:00\",\"dateModified\":\"2026-02-22T20:56:01+00:00\",\"description\":\"Twinkly Twinkly on Ricorumi DK sarja kuuluv eriline s\u00e4delusega l\u00f5ng. Sobib efekti loomiseks m\u00e4nguasja aksessuaaride jmt valmistamiseks.\",\"breadcrumb\":{\"@id\":\"https:\\\/\\\/www.lilleliis.com\\\/et\\\/toode\\\/ricorumi-twinkly-twinkly-dk\\\/#breadcrumb\"},\"inLanguage\":\"et\",\"potentialAction\":[{\"@type\":\"ReadAction\",\"target\":[\"https:\\\/\\\/www.lilleliis.com\\\/et\\\/toode\\\/ricorumi-twinkly-twinkly-dk\\\/\"]}]},{\"@type\":\"ImageObject\",\"inLanguage\":\"et\",\"@id\":\"https:\\\/\\\/www.lilleliis.com\\\/et\\\/toode\\\/ricorumi-twinkly-twinkly-dk\\\/#primaryimage\",\"url\":\"https:\\\/\\\/www.lilleliis.com\\\/wp-content\\\/uploads\\\/2023\\\/09\\\/Ricorumi-Twinkly-Twinkly-dk-beige.jpg\",\"contentUrl\":\"https:\\\/\\\/www.lilleliis.com\\\/wp-content\\\/uploads\\\/2023\\\/09\\\/Ricorumi-Twinkly-Twinkly-dk-beige.jpg\",\"width\":400,\"height\":400,\"caption\":\"Ricorumi Twinkly Twinkly dk beige\"},{\"@type\":\"BreadcrumbList\",\"@id\":\"https:\\\/\\\/www.lilleliis.com\\\/et\\\/toode\\\/ricorumi-twinkly-twinkly-dk\\\/#breadcrumb\",\"itemListElement\":[{\"@type\":\"ListItem\",\"position\":1,\"name\":\"Home\",\"item\":\"https:\\\/\\\/www.lilleliis.com\\\/et\\\/\"},{\"@type\":\"ListItem\",\"position\":2,\"name\":\"Pood\",\"item\":\"https:\\\/\\\/www.lilleliis.com\\\/et\\\/shop\\\/\"},{\"@type\":\"ListItem\",\"position\":3,\"name\":\"Ricorumi Twinkly Twinkly DK &#8211; kuldne bee\u017e &#8211; 25 g \\\/ 52 m\"}]},{\"@type\":\"WebSite\",\"@id\":\"https:\\\/\\\/www.lilleliis.com\\\/et\\\/#website\",\"url\":\"https:\\\/\\\/www.lilleliis.com\\\/et\\\/\",\"name\":\"lilleliis\",\"description\":\"Amigurumi m\u00e4nguasjad ja mustrid\",\"potentialAction\":[{\"@type\":\"SearchAction\",\"target\":{\"@type\":\"EntryPoint\",\"urlTemplate\":\"https:\\\/\\\/www.lilleliis.com\\\/et\\\/?s={search_term_string}\"},\"query-input\":{\"@type\":\"PropertyValueSpecification\",\"valueRequired\":true,\"valueName\":\"search_term_string\"}}],\"inLanguage\":\"et\"}]}<\/script>\n<!-- \/ Yoast SEO plugin. -->","yoast_head_json":{"title":"Ricorumi Twinkly Twinkly DK - kuldne bee\u017e - 25 g \/ 52 m | lilleliis","description":"Twinkly Twinkly on Ricorumi DK sarja kuuluv eriline s\u00e4delusega l\u00f5ng. Sobib efekti loomiseks m\u00e4nguasja aksessuaaride jmt valmistamiseks.","robots":{"index":"index","follow":"follow","max-snippet":"max-snippet:-1","max-image-preview":"max-image-preview:large","max-video-preview":"max-video-preview:-1"},"canonical":"https:\/\/www.lilleliis.com\/et\/toode\/ricorumi-twinkly-twinkly-dk\/","og_locale":"et_EE","og_type":"article","og_title":"Ricorumi Twinkly Twinkly DK - kuldne bee\u017e - 25 g \/ 52 m | lilleliis","og_description":"Twinkly Twinkly on Ricorumi DK sarja kuuluv eriline s\u00e4delusega l\u00f5ng. Sobib efekti loomiseks m\u00e4nguasja aksessuaaride jmt valmistamiseks.","og_url":"https:\/\/www.lilleliis.com\/et\/toode\/ricorumi-twinkly-twinkly-dk\/","og_site_name":"lilleliis","article_publisher":"https:\/\/www.facebook.com\/lilleliis-283266335035799\/","article_modified_time":"2026-02-22T20:56:01+00:00","og_image":[{"width":400,"height":400,"url":"https:\/\/www.lilleliis.com\/wp-content\/uploads\/2023\/09\/Ricorumi-Twinkly-Twinkly-dk-beige.jpg","type":"image\/jpeg"}],"twitter_card":"summary_large_image","twitter_misc":{"Est. reading time":"1 minute"},"schema":{"@context":"https:\/\/schema.org","@graph":[{"@type":"WebPage","@id":"https:\/\/www.lilleliis.com\/et\/toode\/ricorumi-twinkly-twinkly-dk\/","url":"https:\/\/www.lilleliis.com\/et\/toode\/ricorumi-twinkly-twinkly-dk\/","name":"Ricorumi Twinkly Twinkly DK - kuldne bee\u017e - 25 g \/ 52 m | lilleliis","isPartOf":{"@id":"https:\/\/www.lilleliis.com\/et\/#website"},"primaryImageOfPage":{"@id":"https:\/\/www.lilleliis.com\/et\/toode\/ricorumi-twinkly-twinkly-dk\/#primaryimage"},"image":{"@id":"https:\/\/www.lilleliis.com\/et\/toode\/ricorumi-twinkly-twinkly-dk\/#primaryimage"},"thumbnailUrl":"https:\/\/www.lilleliis.com\/wp-content\/uploads\/2023\/09\/Ricorumi-Twinkly-Twinkly-dk-beige.jpg","datePublished":"2025-06-14T07:30:02+00:00","dateModified":"2026-02-22T20:56:01+00:00","description":"Twinkly Twinkly on Ricorumi DK sarja kuuluv eriline s\u00e4delusega l\u00f5ng. Sobib efekti loomiseks m\u00e4nguasja aksessuaaride jmt valmistamiseks.","breadcrumb":{"@id":"https:\/\/www.lilleliis.com\/et\/toode\/ricorumi-twinkly-twinkly-dk\/#breadcrumb"},"inLanguage":"et","potentialAction":[{"@type":"ReadAction","target":["https:\/\/www.lilleliis.com\/et\/toode\/ricorumi-twinkly-twinkly-dk\/"]}]},{"@type":"ImageObject","inLanguage":"et","@id":"https:\/\/www.lilleliis.com\/et\/toode\/ricorumi-twinkly-twinkly-dk\/#primaryimage","url":"https:\/\/www.lilleliis.com\/wp-content\/uploads\/2023\/09\/Ricorumi-Twinkly-Twinkly-dk-beige.jpg","contentUrl":"https:\/\/www.lilleliis.com\/wp-content\/uploads\/2023\/09\/Ricorumi-Twinkly-Twinkly-dk-beige.jpg","width":400,"height":400,"caption":"Ricorumi Twinkly Twinkly dk beige"},{"@type":"BreadcrumbList","@id":"https:\/\/www.lilleliis.com\/et\/toode\/ricorumi-twinkly-twinkly-dk\/#breadcrumb","itemListElement":[{"@type":"ListItem","position":1,"name":"Home","item":"https:\/\/www.lilleliis.com\/et\/"},{"@type":"ListItem","position":2,"name":"Pood","item":"https:\/\/www.lilleliis.com\/et\/shop\/"},{"@type":"ListItem","position":3,"name":"Ricorumi Twinkly Twinkly DK &#8211; kuldne bee\u017e &#8211; 25 g \/ 52 m"}]},{"@type":"WebSite","@id":"https:\/\/www.lilleliis.com\/et\/#website","url":"https:\/\/www.lilleliis.com\/et\/","name":"lilleliis","description":"Amigurumi m\u00e4nguasjad ja mustrid","potentialAction":[{"@type":"SearchAction","target":{"@type":"EntryPoint","urlTemplate":"https:\/\/www.lilleliis.com\/et\/?s={search_term_string}"},"query-input":{"@type":"PropertyValueSpecification","valueRequired":true,"valueName":"search_term_string"}}],"inLanguage":"et"}]}},"_links":{"self":[{"href":"https:\/\/www.lilleliis.com\/et\/wp-json\/wp\/v2\/product\/91998","targetHints":{"allow":["GET"]}}],"collection":[{"href":"https:\/\/www.lilleliis.com\/et\/wp-json\/wp\/v2\/product"}],"about":[{"href":"https:\/\/www.lilleliis.com\/et\/wp-json\/wp\/v2\/types\/product"}],"replies":[{"embeddable":true,"href":"https:\/\/www.lilleliis.com\/et\/wp-json\/wp\/v2\/comments?post=91998"}],"wp:featuredmedia":[{"embeddable":true,"href":"https:\/\/www.lilleliis.com\/et\/wp-json\/wp\/v2\/media\/92002"}],"wp:attachment":[{"href":"https:\/\/www.lilleliis.com\/et\/wp-json\/wp\/v2\/media?parent=91998"}],"wp:term":[{"taxonomy":"product_brand","embeddable":true,"href":"https:\/\/www.lilleliis.com\/et\/wp-json\/wp\/v2\/product_brand?post=91998"},{"taxonomy":"product_cat","embeddable":true,"href":"https:\/\/www.lilleliis.com\/et\/wp-json\/wp\/v2\/product_cat?post=91998"},{"taxonomy":"product_tag","embeddable":true,"href":"https:\/\/www.lilleliis.com\/et\/wp-json\/wp\/v2\/product_tag?post=91998"}],"curies":[{"name":"wp","href":"https:\/\/api.w.org\/{rel}","templated":true}]}}