{"id":92021,"date":"2025-08-08T13:25:39","date_gmt":"2025-08-08T10:25:39","guid":{"rendered":"https:\/\/www.lilleliis.com\/?post_type=product&#038;p=92021"},"modified":"2026-02-17T15:07:13","modified_gmt":"2026-02-17T13:07:13","slug":"ricorumi-lame","status":"publish","type":"product","link":"https:\/\/www.lilleliis.com\/et\/toode\/ricorumi-lame\/","title":{"rendered":"Ricorumi Lam\u00e9 s\u00e4delev efektl\u00f5ng &#8211; kuld ja h\u00f5be"},"content":{"rendered":"<p>Ricorumi Lam\u00e9 s\u00e4delev efektl\u00f5ng on saadaval kuld ja h\u00f5be toonis. S\u00e4delevad \u00e4\u00e4rised, t\u00e4pid, triibud jne &#8211; k\u00f5ik need saad k\u00e4esoleva l\u00f5ngaga suurep\u00e4raselt tehtud. Sobib efekti loomiseks erinevate m\u00e4nguasja aksessuaaride jmt valmistamiseks.<\/p>\n<div class=\"is-divider divider clearfix\" ><\/div>\n<h3>Suurus ja materjal<\/h3>\n<p>L\u00f5nga j\u00e4medus: 10g \/ 50m<\/p>\n<p>Materjal: 62% pol\u00fcester, 38% pol\u00fcamiid<\/p>\n<p>Tootja: Saksamaa<\/p>\n<div class=\"is-divider divider clearfix\" ><\/div>\n<h3>Kuidas l\u00f5nga hooldada<\/h3>\n<p>K\u00e4sipesu, max 30\u00b0C \/ kuivata tasapinnal<\/p>\n","protected":false},"excerpt":{"rendered":"<p>Ricorumi Lam\u00e9 on s\u00e4delev efektl\u00f5ng, mis sobib ideaalselt j\u00f5uluehete loomiseks v\u00f5i lihtsalt \u00e4\u00e4riste ja v\u00e4ikeste dekoratiivsete detailide lisamiseks. Saadaval kuldses ja h\u00f5bedases toonis.<\/p>\n","protected":false},"featured_media":92060,"comment_status":"open","ping_status":"closed","template":"","meta":[],"product_brand":[1563],"product_cat":[708,429],"product_tag":[],"class_list":{"0":"post-92021","1":"product","2":"type-product","3":"status-publish","4":"has-post-thumbnail","6":"product_brand-rico-design","7":"product_cat-longad","8":"product_cat-kasitoo-tarvikud","9":"pa_ricorumi-lame-colors-001-silver","10":"pa_ricorumi-lame-colors-002-gold","11":"pa_special-features-sadelus","13":"first","14":"instock","15":"taxable","16":"shipping-taxable","17":"purchasable","18":"product-type-variable"},"yoast_head":"<!-- This site is optimized with the Yoast SEO plugin v27.3 - https:\/\/yoast.com\/product\/yoast-seo-wordpress\/ -->\n<title>Ricorumi Lam\u00e9 s\u00e4delev efektl\u00f5ng - kuld ja h\u00f5be | lilleliis<\/title>\n<meta name=\"description\" content=\"Ricorumi Lam\u00e9 s\u00e4delev efektl\u00f5ng on saadaval kuld ja h\u00f5be toonis. Kasuta eriliste detailide valmistamisel v\u00f5i j\u00f5uluehete heegeldamisel.\" \/>\n<meta name=\"robots\" content=\"index, follow, max-snippet:-1, max-image-preview:large, max-video-preview:-1\" \/>\n<link rel=\"canonical\" href=\"https:\/\/www.lilleliis.com\/et\/toode\/ricorumi-lame\/\" \/>\n<meta property=\"og:locale\" content=\"et_EE\" \/>\n<meta property=\"og:type\" content=\"article\" \/>\n<meta property=\"og:title\" content=\"Ricorumi Lam\u00e9 s\u00e4delev efektl\u00f5ng - kuld ja h\u00f5be | lilleliis\" \/>\n<meta property=\"og:description\" content=\"Ricorumi Lam\u00e9 s\u00e4delev efektl\u00f5ng on saadaval kuld ja h\u00f5be toonis. Kasuta eriliste detailide valmistamisel v\u00f5i j\u00f5uluehete heegeldamisel.\" \/>\n<meta property=\"og:url\" content=\"https:\/\/www.lilleliis.com\/et\/toode\/ricorumi-lame\/\" \/>\n<meta property=\"og:site_name\" content=\"lilleliis\" \/>\n<meta property=\"article:publisher\" content=\"https:\/\/www.facebook.com\/lilleliis-283266335035799\/\" \/>\n<meta property=\"article:modified_time\" content=\"2026-02-17T13:07:13+00:00\" \/>\n<meta property=\"og:image\" content=\"https:\/\/www.lilleliis.com\/wp-content\/uploads\/2023\/09\/Ricorumi-Lame-sadelev-efektlong-3-1.jpg\" \/>\n\t<meta property=\"og:image:width\" content=\"853\" \/>\n\t<meta property=\"og:image:height\" content=\"1280\" \/>\n\t<meta property=\"og:image:type\" content=\"image\/jpeg\" \/>\n<meta name=\"twitter:card\" content=\"summary_large_image\" \/>\n<meta name=\"twitter:label1\" content=\"Est. reading time\" \/>\n\t<meta name=\"twitter:data1\" content=\"1 minute\" \/>\n<script type=\"application\/ld+json\" class=\"yoast-schema-graph\">{\"@context\":\"https:\\\/\\\/schema.org\",\"@graph\":[{\"@type\":\"WebPage\",\"@id\":\"https:\\\/\\\/www.lilleliis.com\\\/et\\\/toode\\\/ricorumi-lame\\\/\",\"url\":\"https:\\\/\\\/www.lilleliis.com\\\/et\\\/toode\\\/ricorumi-lame\\\/\",\"name\":\"Ricorumi Lam\u00e9 s\u00e4delev efektl\u00f5ng - kuld ja h\u00f5be | lilleliis\",\"isPartOf\":{\"@id\":\"https:\\\/\\\/www.lilleliis.com\\\/et\\\/#website\"},\"primaryImageOfPage\":{\"@id\":\"https:\\\/\\\/www.lilleliis.com\\\/et\\\/toode\\\/ricorumi-lame\\\/#primaryimage\"},\"image\":{\"@id\":\"https:\\\/\\\/www.lilleliis.com\\\/et\\\/toode\\\/ricorumi-lame\\\/#primaryimage\"},\"thumbnailUrl\":\"https:\\\/\\\/www.lilleliis.com\\\/wp-content\\\/uploads\\\/2023\\\/09\\\/Ricorumi-Lame-sadelev-efektlong-3-1.jpg\",\"datePublished\":\"2025-08-08T10:25:39+00:00\",\"dateModified\":\"2026-02-17T13:07:13+00:00\",\"description\":\"Ricorumi Lam\u00e9 s\u00e4delev efektl\u00f5ng on saadaval kuld ja h\u00f5be toonis. Kasuta eriliste detailide valmistamisel v\u00f5i j\u00f5uluehete heegeldamisel.\",\"breadcrumb\":{\"@id\":\"https:\\\/\\\/www.lilleliis.com\\\/et\\\/toode\\\/ricorumi-lame\\\/#breadcrumb\"},\"inLanguage\":\"et\",\"potentialAction\":[{\"@type\":\"ReadAction\",\"target\":[\"https:\\\/\\\/www.lilleliis.com\\\/et\\\/toode\\\/ricorumi-lame\\\/\"]}]},{\"@type\":\"ImageObject\",\"inLanguage\":\"et\",\"@id\":\"https:\\\/\\\/www.lilleliis.com\\\/et\\\/toode\\\/ricorumi-lame\\\/#primaryimage\",\"url\":\"https:\\\/\\\/www.lilleliis.com\\\/wp-content\\\/uploads\\\/2023\\\/09\\\/Ricorumi-Lame-sadelev-efektlong-3-1.jpg\",\"contentUrl\":\"https:\\\/\\\/www.lilleliis.com\\\/wp-content\\\/uploads\\\/2023\\\/09\\\/Ricorumi-Lame-sadelev-efektlong-3-1.jpg\",\"width\":853,\"height\":1280,\"caption\":\"Ricorumi Lam\u00e9 s\u00e4delev efektl\u00f5ng\"},{\"@type\":\"BreadcrumbList\",\"@id\":\"https:\\\/\\\/www.lilleliis.com\\\/et\\\/toode\\\/ricorumi-lame\\\/#breadcrumb\",\"itemListElement\":[{\"@type\":\"ListItem\",\"position\":1,\"name\":\"Home\",\"item\":\"https:\\\/\\\/www.lilleliis.com\\\/et\\\/\"},{\"@type\":\"ListItem\",\"position\":2,\"name\":\"Pood\",\"item\":\"https:\\\/\\\/www.lilleliis.com\\\/et\\\/shop\\\/\"},{\"@type\":\"ListItem\",\"position\":3,\"name\":\"Ricorumi Lam\u00e9 s\u00e4delev efektl\u00f5ng &#8211; kuld ja h\u00f5be\"}]},{\"@type\":\"WebSite\",\"@id\":\"https:\\\/\\\/www.lilleliis.com\\\/et\\\/#website\",\"url\":\"https:\\\/\\\/www.lilleliis.com\\\/et\\\/\",\"name\":\"lilleliis\",\"description\":\"Amigurumi m\u00e4nguasjad ja mustrid\",\"potentialAction\":[{\"@type\":\"SearchAction\",\"target\":{\"@type\":\"EntryPoint\",\"urlTemplate\":\"https:\\\/\\\/www.lilleliis.com\\\/et\\\/?s={search_term_string}\"},\"query-input\":{\"@type\":\"PropertyValueSpecification\",\"valueRequired\":true,\"valueName\":\"search_term_string\"}}],\"inLanguage\":\"et\"}]}<\/script>\n<!-- \/ Yoast SEO plugin. -->","yoast_head_json":{"title":"Ricorumi Lam\u00e9 s\u00e4delev efektl\u00f5ng - kuld ja h\u00f5be | lilleliis","description":"Ricorumi Lam\u00e9 s\u00e4delev efektl\u00f5ng on saadaval kuld ja h\u00f5be toonis. Kasuta eriliste detailide valmistamisel v\u00f5i j\u00f5uluehete heegeldamisel.","robots":{"index":"index","follow":"follow","max-snippet":"max-snippet:-1","max-image-preview":"max-image-preview:large","max-video-preview":"max-video-preview:-1"},"canonical":"https:\/\/www.lilleliis.com\/et\/toode\/ricorumi-lame\/","og_locale":"et_EE","og_type":"article","og_title":"Ricorumi Lam\u00e9 s\u00e4delev efektl\u00f5ng - kuld ja h\u00f5be | lilleliis","og_description":"Ricorumi Lam\u00e9 s\u00e4delev efektl\u00f5ng on saadaval kuld ja h\u00f5be toonis. Kasuta eriliste detailide valmistamisel v\u00f5i j\u00f5uluehete heegeldamisel.","og_url":"https:\/\/www.lilleliis.com\/et\/toode\/ricorumi-lame\/","og_site_name":"lilleliis","article_publisher":"https:\/\/www.facebook.com\/lilleliis-283266335035799\/","article_modified_time":"2026-02-17T13:07:13+00:00","og_image":[{"width":853,"height":1280,"url":"https:\/\/www.lilleliis.com\/wp-content\/uploads\/2023\/09\/Ricorumi-Lame-sadelev-efektlong-3-1.jpg","type":"image\/jpeg"}],"twitter_card":"summary_large_image","twitter_misc":{"Est. reading time":"1 minute"},"schema":{"@context":"https:\/\/schema.org","@graph":[{"@type":"WebPage","@id":"https:\/\/www.lilleliis.com\/et\/toode\/ricorumi-lame\/","url":"https:\/\/www.lilleliis.com\/et\/toode\/ricorumi-lame\/","name":"Ricorumi Lam\u00e9 s\u00e4delev efektl\u00f5ng - kuld ja h\u00f5be | lilleliis","isPartOf":{"@id":"https:\/\/www.lilleliis.com\/et\/#website"},"primaryImageOfPage":{"@id":"https:\/\/www.lilleliis.com\/et\/toode\/ricorumi-lame\/#primaryimage"},"image":{"@id":"https:\/\/www.lilleliis.com\/et\/toode\/ricorumi-lame\/#primaryimage"},"thumbnailUrl":"https:\/\/www.lilleliis.com\/wp-content\/uploads\/2023\/09\/Ricorumi-Lame-sadelev-efektlong-3-1.jpg","datePublished":"2025-08-08T10:25:39+00:00","dateModified":"2026-02-17T13:07:13+00:00","description":"Ricorumi Lam\u00e9 s\u00e4delev efektl\u00f5ng on saadaval kuld ja h\u00f5be toonis. Kasuta eriliste detailide valmistamisel v\u00f5i j\u00f5uluehete heegeldamisel.","breadcrumb":{"@id":"https:\/\/www.lilleliis.com\/et\/toode\/ricorumi-lame\/#breadcrumb"},"inLanguage":"et","potentialAction":[{"@type":"ReadAction","target":["https:\/\/www.lilleliis.com\/et\/toode\/ricorumi-lame\/"]}]},{"@type":"ImageObject","inLanguage":"et","@id":"https:\/\/www.lilleliis.com\/et\/toode\/ricorumi-lame\/#primaryimage","url":"https:\/\/www.lilleliis.com\/wp-content\/uploads\/2023\/09\/Ricorumi-Lame-sadelev-efektlong-3-1.jpg","contentUrl":"https:\/\/www.lilleliis.com\/wp-content\/uploads\/2023\/09\/Ricorumi-Lame-sadelev-efektlong-3-1.jpg","width":853,"height":1280,"caption":"Ricorumi Lam\u00e9 s\u00e4delev efektl\u00f5ng"},{"@type":"BreadcrumbList","@id":"https:\/\/www.lilleliis.com\/et\/toode\/ricorumi-lame\/#breadcrumb","itemListElement":[{"@type":"ListItem","position":1,"name":"Home","item":"https:\/\/www.lilleliis.com\/et\/"},{"@type":"ListItem","position":2,"name":"Pood","item":"https:\/\/www.lilleliis.com\/et\/shop\/"},{"@type":"ListItem","position":3,"name":"Ricorumi Lam\u00e9 s\u00e4delev efektl\u00f5ng &#8211; kuld ja h\u00f5be"}]},{"@type":"WebSite","@id":"https:\/\/www.lilleliis.com\/et\/#website","url":"https:\/\/www.lilleliis.com\/et\/","name":"lilleliis","description":"Amigurumi m\u00e4nguasjad ja mustrid","potentialAction":[{"@type":"SearchAction","target":{"@type":"EntryPoint","urlTemplate":"https:\/\/www.lilleliis.com\/et\/?s={search_term_string}"},"query-input":{"@type":"PropertyValueSpecification","valueRequired":true,"valueName":"search_term_string"}}],"inLanguage":"et"}]}},"_links":{"self":[{"href":"https:\/\/www.lilleliis.com\/et\/wp-json\/wp\/v2\/product\/92021","targetHints":{"allow":["GET"]}}],"collection":[{"href":"https:\/\/www.lilleliis.com\/et\/wp-json\/wp\/v2\/product"}],"about":[{"href":"https:\/\/www.lilleliis.com\/et\/wp-json\/wp\/v2\/types\/product"}],"replies":[{"embeddable":true,"href":"https:\/\/www.lilleliis.com\/et\/wp-json\/wp\/v2\/comments?post=92021"}],"wp:featuredmedia":[{"embeddable":true,"href":"https:\/\/www.lilleliis.com\/et\/wp-json\/wp\/v2\/media\/92060"}],"wp:attachment":[{"href":"https:\/\/www.lilleliis.com\/et\/wp-json\/wp\/v2\/media?parent=92021"}],"wp:term":[{"taxonomy":"product_brand","embeddable":true,"href":"https:\/\/www.lilleliis.com\/et\/wp-json\/wp\/v2\/product_brand?post=92021"},{"taxonomy":"product_cat","embeddable":true,"href":"https:\/\/www.lilleliis.com\/et\/wp-json\/wp\/v2\/product_cat?post=92021"},{"taxonomy":"product_tag","embeddable":true,"href":"https:\/\/www.lilleliis.com\/et\/wp-json\/wp\/v2\/product_tag?post=92021"}],"curies":[{"name":"wp","href":"https:\/\/api.w.org\/{rel}","templated":true}]}}