{"id":92460,"date":"2025-08-12T13:55:42","date_gmt":"2025-08-12T10:55:42","guid":{"rendered":"https:\/\/www.lilleliis.com\/?post_type=product&#038;p=92460"},"modified":"2026-03-18T15:39:35","modified_gmt":"2026-03-18T13:39:35","slug":"rico-essentials-organic-cotton-dk","status":"publish","type":"product","link":"https:\/\/www.lilleliis.com\/et\/toode\/rico-essentials-organic-cotton-dk\/","title":{"rendered":"Rico Essentials Organic Cotton DK &#8211; 50 g \/ 105 m"},"content":{"rendered":"<p>Rico Essentials Organic Cotton DK on orgaaniliselt kasvatatud puuvillane l\u00f5ng. \u00dcksk\u00f5ik kas heegeldad m\u00e4nguasju, tekke v\u00f5i papusid beebidele, mahe puuvill on parim valik tundlikule, \u00f5rnale nahale.<\/p>\n<p>Organic Cotton DK on \u00fchtlane ja hea vormi hoidvusega, mati viimistlusega l\u00f5ng. Valikus m\u00f5nusad mahedad toonid.<\/p>\n<div class=\"is-divider divider clearfix\" ><\/div>\n<h3>Lilleliis soovitab:<\/h3>\n<ul>\n<li>Orgaaniline l\u00f5ng on parim valik beebi tundlikule nahale<\/li>\n<li>V\u00e4ga m\u00f5nus sile pind, ei &#8220;pudise&#8221;<\/li>\n<\/ul>\n<div class=\"is-divider divider clearfix\" ><\/div>\n<h3>Suurus ja materjal<\/h3>\n<p>L\u00f5nga j\u00e4medus: 50g \/ 105m (DK, 8 ply)<\/p>\n<p>Materjal: 100% biopuuvill<\/p>\n<p>Tootja: Saksamaa<\/p>\n<div class=\"is-divider divider clearfix\" ><\/div>\n<h3>Kuidas l\u00f5nga hooldada<\/h3>\n<p>K\u00e4sipesu, max 40\u00b0C \/ kuivata tasapinnal<\/p>\n","protected":false},"excerpt":{"rendered":"<p>Rico Essentials Organic Cotton DK on mahep\u00f5llumajanduslikult kasvatatud puuvillane l\u00f5ng, mis sobib ideaalselt m\u00e4nguasjade, beebitekikeste ja papude heegeldamiseks. \u00dchtlane ja hea vormihoidvusega matt l\u00f5ng on beebide tundliku naha vastu \u00f5rn.<\/p>\n","protected":false},"featured_media":92475,"comment_status":"open","ping_status":"closed","template":"","meta":[],"product_brand":[1563],"product_cat":[708,429],"product_tag":[1590],"class_list":{"0":"post-92460","1":"product","2":"type-product","3":"status-publish","4":"has-post-thumbnail","6":"product_brand-rico-design","7":"product_cat-longad","8":"product_cat-kasitoo-tarvikud","9":"product_tag-puuvillased-longad","10":"pa_rico-organic-cotton-dk-color-001-white","11":"pa_rico-organic-cotton-dk-color-002-cream-et","12":"pa_rico-organic-cotton-dk-color-003-mustard-et","13":"pa_rico-organic-cotton-dk-color-005-smokey-pink-et","14":"pa_rico-organic-cotton-dk-color-007-azalea","15":"pa_rico-organic-cotton-dk-color-008-red","16":"pa_rico-organic-cotton-dk-color-009-aqua","17":"pa_rico-organic-cotton-dk-color-012-taupe-et","18":"pa_rico-organic-cotton-dk-color-013-nougat-et","19":"pa_rico-organic-cotton-dk-color-014-chocolate","20":"pa_rico-organic-cotton-dk-color-015-dove-blue","21":"pa_rico-organic-cotton-dk-color-016-blue","22":"pa_rico-organic-cotton-dk-color-018-silver-grey-et","23":"pa_rico-organic-cotton-dk-color-019-grey","24":"pa_rico-organic-cotton-dk-color-020-black","25":"pa_yarn-weight-dk-8-ply","27":"first","28":"instock","29":"sale","30":"taxable","31":"shipping-taxable","32":"purchasable","33":"product-type-variable"},"yoast_head":"<!-- This site is optimized with the Yoast SEO plugin v27.3 - https:\/\/yoast.com\/product\/yoast-seo-wordpress\/ -->\n<title>Rico Essentials Organic Cotton DK - 50 g \/ 105 m | Orgaaniline puuvill<\/title>\n<meta name=\"description\" content=\"Rico Essentials Organic Cotton DK orgaaniline puuvill. Parim valik beebide tundlikule nahale, sobib ka amigurumi valmistamiseks.\" \/>\n<meta name=\"robots\" content=\"index, follow, max-snippet:-1, max-image-preview:large, max-video-preview:-1\" \/>\n<link rel=\"canonical\" href=\"https:\/\/www.lilleliis.com\/et\/toode\/rico-essentials-organic-cotton-dk\/\" \/>\n<meta property=\"og:locale\" content=\"et_EE\" \/>\n<meta property=\"og:type\" content=\"article\" \/>\n<meta property=\"og:title\" content=\"Rico Essentials Organic Cotton DK - 50 g \/ 105 m | Orgaaniline puuvill\" \/>\n<meta property=\"og:description\" content=\"Rico Essentials Organic Cotton DK orgaaniline puuvill. Parim valik beebide tundlikule nahale, sobib ka amigurumi valmistamiseks.\" \/>\n<meta property=\"og:url\" content=\"https:\/\/www.lilleliis.com\/et\/toode\/rico-essentials-organic-cotton-dk\/\" \/>\n<meta property=\"og:site_name\" content=\"lilleliis\" \/>\n<meta property=\"article:publisher\" content=\"https:\/\/www.facebook.com\/lilleliis-283266335035799\/\" \/>\n<meta property=\"article:modified_time\" content=\"2026-03-18T13:39:35+00:00\" \/>\n<meta property=\"og:image\" content=\"https:\/\/www.lilleliis.com\/wp-content\/uploads\/2023\/10\/rico-essentials-organic-cotton-dk-1.jpg\" \/>\n\t<meta property=\"og:image:width\" content=\"1000\" \/>\n\t<meta property=\"og:image:height\" content=\"1500\" \/>\n\t<meta property=\"og:image:type\" content=\"image\/jpeg\" \/>\n<meta name=\"twitter:card\" content=\"summary_large_image\" \/>\n<meta name=\"twitter:label1\" content=\"Est. reading time\" \/>\n\t<meta name=\"twitter:data1\" content=\"1 minute\" \/>\n<script type=\"application\/ld+json\" class=\"yoast-schema-graph\">{\"@context\":\"https:\\\/\\\/schema.org\",\"@graph\":[{\"@type\":\"WebPage\",\"@id\":\"https:\\\/\\\/www.lilleliis.com\\\/et\\\/toode\\\/rico-essentials-organic-cotton-dk\\\/\",\"url\":\"https:\\\/\\\/www.lilleliis.com\\\/et\\\/toode\\\/rico-essentials-organic-cotton-dk\\\/\",\"name\":\"Rico Essentials Organic Cotton DK - 50 g \\\/ 105 m | Orgaaniline puuvill\",\"isPartOf\":{\"@id\":\"https:\\\/\\\/www.lilleliis.com\\\/et\\\/#website\"},\"primaryImageOfPage\":{\"@id\":\"https:\\\/\\\/www.lilleliis.com\\\/et\\\/toode\\\/rico-essentials-organic-cotton-dk\\\/#primaryimage\"},\"image\":{\"@id\":\"https:\\\/\\\/www.lilleliis.com\\\/et\\\/toode\\\/rico-essentials-organic-cotton-dk\\\/#primaryimage\"},\"thumbnailUrl\":\"https:\\\/\\\/www.lilleliis.com\\\/wp-content\\\/uploads\\\/2023\\\/10\\\/rico-essentials-organic-cotton-dk-1.jpg\",\"datePublished\":\"2025-08-12T10:55:42+00:00\",\"dateModified\":\"2026-03-18T13:39:35+00:00\",\"description\":\"Rico Essentials Organic Cotton DK orgaaniline puuvill. Parim valik beebide tundlikule nahale, sobib ka amigurumi valmistamiseks.\",\"breadcrumb\":{\"@id\":\"https:\\\/\\\/www.lilleliis.com\\\/et\\\/toode\\\/rico-essentials-organic-cotton-dk\\\/#breadcrumb\"},\"inLanguage\":\"et\",\"potentialAction\":[{\"@type\":\"ReadAction\",\"target\":[\"https:\\\/\\\/www.lilleliis.com\\\/et\\\/toode\\\/rico-essentials-organic-cotton-dk\\\/\"]}]},{\"@type\":\"ImageObject\",\"inLanguage\":\"et\",\"@id\":\"https:\\\/\\\/www.lilleliis.com\\\/et\\\/toode\\\/rico-essentials-organic-cotton-dk\\\/#primaryimage\",\"url\":\"https:\\\/\\\/www.lilleliis.com\\\/wp-content\\\/uploads\\\/2023\\\/10\\\/rico-essentials-organic-cotton-dk-1.jpg\",\"contentUrl\":\"https:\\\/\\\/www.lilleliis.com\\\/wp-content\\\/uploads\\\/2023\\\/10\\\/rico-essentials-organic-cotton-dk-1.jpg\",\"width\":1000,\"height\":1500,\"caption\":\"rico essentials organic cotton dk\"},{\"@type\":\"BreadcrumbList\",\"@id\":\"https:\\\/\\\/www.lilleliis.com\\\/et\\\/toode\\\/rico-essentials-organic-cotton-dk\\\/#breadcrumb\",\"itemListElement\":[{\"@type\":\"ListItem\",\"position\":1,\"name\":\"Home\",\"item\":\"https:\\\/\\\/www.lilleliis.com\\\/et\\\/\"},{\"@type\":\"ListItem\",\"position\":2,\"name\":\"Pood\",\"item\":\"https:\\\/\\\/www.lilleliis.com\\\/et\\\/shop\\\/\"},{\"@type\":\"ListItem\",\"position\":3,\"name\":\"Rico Essentials Organic Cotton DK &#8211; 50 g \\\/ 105 m\"}]},{\"@type\":\"WebSite\",\"@id\":\"https:\\\/\\\/www.lilleliis.com\\\/et\\\/#website\",\"url\":\"https:\\\/\\\/www.lilleliis.com\\\/et\\\/\",\"name\":\"lilleliis\",\"description\":\"Amigurumi m\u00e4nguasjad ja mustrid\",\"potentialAction\":[{\"@type\":\"SearchAction\",\"target\":{\"@type\":\"EntryPoint\",\"urlTemplate\":\"https:\\\/\\\/www.lilleliis.com\\\/et\\\/?s={search_term_string}\"},\"query-input\":{\"@type\":\"PropertyValueSpecification\",\"valueRequired\":true,\"valueName\":\"search_term_string\"}}],\"inLanguage\":\"et\"}]}<\/script>\n<!-- \/ Yoast SEO plugin. -->","yoast_head_json":{"title":"Rico Essentials Organic Cotton DK - 50 g \/ 105 m | Orgaaniline puuvill","description":"Rico Essentials Organic Cotton DK orgaaniline puuvill. Parim valik beebide tundlikule nahale, sobib ka amigurumi valmistamiseks.","robots":{"index":"index","follow":"follow","max-snippet":"max-snippet:-1","max-image-preview":"max-image-preview:large","max-video-preview":"max-video-preview:-1"},"canonical":"https:\/\/www.lilleliis.com\/et\/toode\/rico-essentials-organic-cotton-dk\/","og_locale":"et_EE","og_type":"article","og_title":"Rico Essentials Organic Cotton DK - 50 g \/ 105 m | Orgaaniline puuvill","og_description":"Rico Essentials Organic Cotton DK orgaaniline puuvill. Parim valik beebide tundlikule nahale, sobib ka amigurumi valmistamiseks.","og_url":"https:\/\/www.lilleliis.com\/et\/toode\/rico-essentials-organic-cotton-dk\/","og_site_name":"lilleliis","article_publisher":"https:\/\/www.facebook.com\/lilleliis-283266335035799\/","article_modified_time":"2026-03-18T13:39:35+00:00","og_image":[{"width":1000,"height":1500,"url":"https:\/\/www.lilleliis.com\/wp-content\/uploads\/2023\/10\/rico-essentials-organic-cotton-dk-1.jpg","type":"image\/jpeg"}],"twitter_card":"summary_large_image","twitter_misc":{"Est. reading time":"1 minute"},"schema":{"@context":"https:\/\/schema.org","@graph":[{"@type":"WebPage","@id":"https:\/\/www.lilleliis.com\/et\/toode\/rico-essentials-organic-cotton-dk\/","url":"https:\/\/www.lilleliis.com\/et\/toode\/rico-essentials-organic-cotton-dk\/","name":"Rico Essentials Organic Cotton DK - 50 g \/ 105 m | Orgaaniline puuvill","isPartOf":{"@id":"https:\/\/www.lilleliis.com\/et\/#website"},"primaryImageOfPage":{"@id":"https:\/\/www.lilleliis.com\/et\/toode\/rico-essentials-organic-cotton-dk\/#primaryimage"},"image":{"@id":"https:\/\/www.lilleliis.com\/et\/toode\/rico-essentials-organic-cotton-dk\/#primaryimage"},"thumbnailUrl":"https:\/\/www.lilleliis.com\/wp-content\/uploads\/2023\/10\/rico-essentials-organic-cotton-dk-1.jpg","datePublished":"2025-08-12T10:55:42+00:00","dateModified":"2026-03-18T13:39:35+00:00","description":"Rico Essentials Organic Cotton DK orgaaniline puuvill. Parim valik beebide tundlikule nahale, sobib ka amigurumi valmistamiseks.","breadcrumb":{"@id":"https:\/\/www.lilleliis.com\/et\/toode\/rico-essentials-organic-cotton-dk\/#breadcrumb"},"inLanguage":"et","potentialAction":[{"@type":"ReadAction","target":["https:\/\/www.lilleliis.com\/et\/toode\/rico-essentials-organic-cotton-dk\/"]}]},{"@type":"ImageObject","inLanguage":"et","@id":"https:\/\/www.lilleliis.com\/et\/toode\/rico-essentials-organic-cotton-dk\/#primaryimage","url":"https:\/\/www.lilleliis.com\/wp-content\/uploads\/2023\/10\/rico-essentials-organic-cotton-dk-1.jpg","contentUrl":"https:\/\/www.lilleliis.com\/wp-content\/uploads\/2023\/10\/rico-essentials-organic-cotton-dk-1.jpg","width":1000,"height":1500,"caption":"rico essentials organic cotton dk"},{"@type":"BreadcrumbList","@id":"https:\/\/www.lilleliis.com\/et\/toode\/rico-essentials-organic-cotton-dk\/#breadcrumb","itemListElement":[{"@type":"ListItem","position":1,"name":"Home","item":"https:\/\/www.lilleliis.com\/et\/"},{"@type":"ListItem","position":2,"name":"Pood","item":"https:\/\/www.lilleliis.com\/et\/shop\/"},{"@type":"ListItem","position":3,"name":"Rico Essentials Organic Cotton DK &#8211; 50 g \/ 105 m"}]},{"@type":"WebSite","@id":"https:\/\/www.lilleliis.com\/et\/#website","url":"https:\/\/www.lilleliis.com\/et\/","name":"lilleliis","description":"Amigurumi m\u00e4nguasjad ja mustrid","potentialAction":[{"@type":"SearchAction","target":{"@type":"EntryPoint","urlTemplate":"https:\/\/www.lilleliis.com\/et\/?s={search_term_string}"},"query-input":{"@type":"PropertyValueSpecification","valueRequired":true,"valueName":"search_term_string"}}],"inLanguage":"et"}]}},"_links":{"self":[{"href":"https:\/\/www.lilleliis.com\/et\/wp-json\/wp\/v2\/product\/92460","targetHints":{"allow":["GET"]}}],"collection":[{"href":"https:\/\/www.lilleliis.com\/et\/wp-json\/wp\/v2\/product"}],"about":[{"href":"https:\/\/www.lilleliis.com\/et\/wp-json\/wp\/v2\/types\/product"}],"replies":[{"embeddable":true,"href":"https:\/\/www.lilleliis.com\/et\/wp-json\/wp\/v2\/comments?post=92460"}],"wp:featuredmedia":[{"embeddable":true,"href":"https:\/\/www.lilleliis.com\/et\/wp-json\/wp\/v2\/media\/92475"}],"wp:attachment":[{"href":"https:\/\/www.lilleliis.com\/et\/wp-json\/wp\/v2\/media?parent=92460"}],"wp:term":[{"taxonomy":"product_brand","embeddable":true,"href":"https:\/\/www.lilleliis.com\/et\/wp-json\/wp\/v2\/product_brand?post=92460"},{"taxonomy":"product_cat","embeddable":true,"href":"https:\/\/www.lilleliis.com\/et\/wp-json\/wp\/v2\/product_cat?post=92460"},{"taxonomy":"product_tag","embeddable":true,"href":"https:\/\/www.lilleliis.com\/et\/wp-json\/wp\/v2\/product_tag?post=92460"}],"curies":[{"name":"wp","href":"https:\/\/api.w.org\/{rel}","templated":true}]}}