{"id":92876,"date":"2025-07-09T15:27:00","date_gmt":"2025-07-09T12:27:00","guid":{"rendered":"https:\/\/www.lilleliis.com\/?post_type=product&#038;p=92876"},"modified":"2026-02-11T11:17:32","modified_gmt":"2026-02-11T09:17:32","slug":"25mm-puidust-noobid","status":"publish","type":"product","link":"https:\/\/www.lilleliis.com\/et\/toode\/25mm-puidust-noobid\/","title":{"rendered":"N\u00f6\u00f6p puidust &#8211; 25mm &#8211; 6 tk"},"content":{"rendered":null,"protected":false},"excerpt":{"rendered":"<p>25mm puidust n\u00f6\u00f6bid sobivad suuremale karule ninaks v\u00f5i j\u00e4semete kinnitamiseks, auto- v\u00f5i rongiratasteks, aga loomulikult ka kampsunile kinnituseks.<\/p>\n<p>Komplektis on 6 nelja auguga n\u00f6\u00f6pi.<\/p>\n<p>B kvaliteediklass.<\/p>\n<div class=\"is-divider divider clearfix\" style=\"max-width:100%;\"><\/div>\n<p>N\u00f6\u00f6bi l\u00e4bim\u00f5\u00f5t: 25 mm<\/p>\n<p>Materjal: puit<\/p>\n<p>V\u00e4rv: punakas pruun<\/p>\n","protected":false},"featured_media":92878,"comment_status":"open","ping_status":"closed","template":"","meta":[],"product_brand":[],"product_cat":[429,564],"product_tag":[],"class_list":{"0":"post-92876","1":"product","2":"type-product","3":"status-publish","4":"has-post-thumbnail","6":"product_cat-kasitoo-tarvikud","7":"product_cat-noobid","8":"pa_button-size-25-mm","10":"first","11":"instock","12":"sale","13":"taxable","14":"shipping-taxable","15":"purchasable","16":"product-type-simple"},"yoast_head":"<!-- This site is optimized with the Yoast SEO plugin v27.3 - https:\/\/yoast.com\/product\/yoast-seo-wordpress\/ -->\n<title>25mm puidust n\u00f6\u00f6bid | K\u00e4sit\u00f6\u00f6, m\u00e4nguasjade valmistamine | lilleliis<\/title>\n<meta name=\"description\" content=\"25mm puidust n\u00f6\u00f6bid sobivad suuremale karule ninaks, auto- v\u00f5i rongiratasteks, aga loomulikult ka kampsunile kinnitamiseks.\" \/>\n<meta name=\"robots\" content=\"index, follow, max-snippet:-1, max-image-preview:large, max-video-preview:-1\" \/>\n<link rel=\"canonical\" href=\"https:\/\/www.lilleliis.com\/et\/toode\/25mm-puidust-noobid\/\" \/>\n<meta property=\"og:locale\" content=\"et_EE\" \/>\n<meta property=\"og:type\" content=\"article\" \/>\n<meta property=\"og:title\" content=\"25mm puidust n\u00f6\u00f6bid | K\u00e4sit\u00f6\u00f6, m\u00e4nguasjade valmistamine | lilleliis\" \/>\n<meta property=\"og:description\" content=\"25mm puidust n\u00f6\u00f6bid sobivad suuremale karule ninaks, auto- v\u00f5i rongiratasteks, aga loomulikult ka kampsunile kinnitamiseks.\" \/>\n<meta property=\"og:url\" content=\"https:\/\/www.lilleliis.com\/et\/toode\/25mm-puidust-noobid\/\" \/>\n<meta property=\"og:site_name\" content=\"lilleliis\" \/>\n<meta property=\"article:publisher\" content=\"https:\/\/www.facebook.com\/lilleliis-283266335035799\/\" \/>\n<meta property=\"article:modified_time\" content=\"2026-02-11T09:17:32+00:00\" \/>\n<meta property=\"og:image\" content=\"https:\/\/www.lilleliis.com\/wp-content\/uploads\/2023\/11\/25mm-puidust-noobid.jpg\" \/>\n\t<meta property=\"og:image:width\" content=\"1000\" \/>\n\t<meta property=\"og:image:height\" content=\"1500\" \/>\n\t<meta property=\"og:image:type\" content=\"image\/jpeg\" \/>\n<meta name=\"twitter:card\" content=\"summary_large_image\" \/>\n<meta name=\"twitter:label1\" content=\"Est. reading time\" \/>\n\t<meta name=\"twitter:data1\" content=\"1 minute\" \/>\n<script type=\"application\/ld+json\" class=\"yoast-schema-graph\">{\"@context\":\"https:\\\/\\\/schema.org\",\"@graph\":[{\"@type\":\"WebPage\",\"@id\":\"https:\\\/\\\/www.lilleliis.com\\\/et\\\/toode\\\/25mm-puidust-noobid\\\/\",\"url\":\"https:\\\/\\\/www.lilleliis.com\\\/et\\\/toode\\\/25mm-puidust-noobid\\\/\",\"name\":\"25mm puidust n\u00f6\u00f6bid | K\u00e4sit\u00f6\u00f6, m\u00e4nguasjade valmistamine | lilleliis\",\"isPartOf\":{\"@id\":\"https:\\\/\\\/www.lilleliis.com\\\/et\\\/#website\"},\"primaryImageOfPage\":{\"@id\":\"https:\\\/\\\/www.lilleliis.com\\\/et\\\/toode\\\/25mm-puidust-noobid\\\/#primaryimage\"},\"image\":{\"@id\":\"https:\\\/\\\/www.lilleliis.com\\\/et\\\/toode\\\/25mm-puidust-noobid\\\/#primaryimage\"},\"thumbnailUrl\":\"https:\\\/\\\/www.lilleliis.com\\\/wp-content\\\/uploads\\\/2023\\\/11\\\/25mm-puidust-noobid.jpg\",\"datePublished\":\"2025-07-09T12:27:00+00:00\",\"dateModified\":\"2026-02-11T09:17:32+00:00\",\"description\":\"25mm puidust n\u00f6\u00f6bid sobivad suuremale karule ninaks, auto- v\u00f5i rongiratasteks, aga loomulikult ka kampsunile kinnitamiseks.\",\"breadcrumb\":{\"@id\":\"https:\\\/\\\/www.lilleliis.com\\\/et\\\/toode\\\/25mm-puidust-noobid\\\/#breadcrumb\"},\"inLanguage\":\"et\",\"potentialAction\":[{\"@type\":\"ReadAction\",\"target\":[\"https:\\\/\\\/www.lilleliis.com\\\/et\\\/toode\\\/25mm-puidust-noobid\\\/\"]}]},{\"@type\":\"ImageObject\",\"inLanguage\":\"et\",\"@id\":\"https:\\\/\\\/www.lilleliis.com\\\/et\\\/toode\\\/25mm-puidust-noobid\\\/#primaryimage\",\"url\":\"https:\\\/\\\/www.lilleliis.com\\\/wp-content\\\/uploads\\\/2023\\\/11\\\/25mm-puidust-noobid.jpg\",\"contentUrl\":\"https:\\\/\\\/www.lilleliis.com\\\/wp-content\\\/uploads\\\/2023\\\/11\\\/25mm-puidust-noobid.jpg\",\"width\":1000,\"height\":1500,\"caption\":\"25mm puidust n\u00f6\u00f6bid\"},{\"@type\":\"BreadcrumbList\",\"@id\":\"https:\\\/\\\/www.lilleliis.com\\\/et\\\/toode\\\/25mm-puidust-noobid\\\/#breadcrumb\",\"itemListElement\":[{\"@type\":\"ListItem\",\"position\":1,\"name\":\"Home\",\"item\":\"https:\\\/\\\/www.lilleliis.com\\\/et\\\/\"},{\"@type\":\"ListItem\",\"position\":2,\"name\":\"Pood\",\"item\":\"https:\\\/\\\/www.lilleliis.com\\\/et\\\/shop\\\/\"},{\"@type\":\"ListItem\",\"position\":3,\"name\":\"N\u00f6\u00f6p puidust &#8211; 25mm &#8211; 6 tk\"}]},{\"@type\":\"WebSite\",\"@id\":\"https:\\\/\\\/www.lilleliis.com\\\/et\\\/#website\",\"url\":\"https:\\\/\\\/www.lilleliis.com\\\/et\\\/\",\"name\":\"lilleliis\",\"description\":\"Amigurumi m\u00e4nguasjad ja mustrid\",\"potentialAction\":[{\"@type\":\"SearchAction\",\"target\":{\"@type\":\"EntryPoint\",\"urlTemplate\":\"https:\\\/\\\/www.lilleliis.com\\\/et\\\/?s={search_term_string}\"},\"query-input\":{\"@type\":\"PropertyValueSpecification\",\"valueRequired\":true,\"valueName\":\"search_term_string\"}}],\"inLanguage\":\"et\"}]}<\/script>\n<!-- \/ Yoast SEO plugin. -->","yoast_head_json":{"title":"25mm puidust n\u00f6\u00f6bid | K\u00e4sit\u00f6\u00f6, m\u00e4nguasjade valmistamine | lilleliis","description":"25mm puidust n\u00f6\u00f6bid sobivad suuremale karule ninaks, auto- v\u00f5i rongiratasteks, aga loomulikult ka kampsunile kinnitamiseks.","robots":{"index":"index","follow":"follow","max-snippet":"max-snippet:-1","max-image-preview":"max-image-preview:large","max-video-preview":"max-video-preview:-1"},"canonical":"https:\/\/www.lilleliis.com\/et\/toode\/25mm-puidust-noobid\/","og_locale":"et_EE","og_type":"article","og_title":"25mm puidust n\u00f6\u00f6bid | K\u00e4sit\u00f6\u00f6, m\u00e4nguasjade valmistamine | lilleliis","og_description":"25mm puidust n\u00f6\u00f6bid sobivad suuremale karule ninaks, auto- v\u00f5i rongiratasteks, aga loomulikult ka kampsunile kinnitamiseks.","og_url":"https:\/\/www.lilleliis.com\/et\/toode\/25mm-puidust-noobid\/","og_site_name":"lilleliis","article_publisher":"https:\/\/www.facebook.com\/lilleliis-283266335035799\/","article_modified_time":"2026-02-11T09:17:32+00:00","og_image":[{"width":1000,"height":1500,"url":"https:\/\/www.lilleliis.com\/wp-content\/uploads\/2023\/11\/25mm-puidust-noobid.jpg","type":"image\/jpeg"}],"twitter_card":"summary_large_image","twitter_misc":{"Est. reading time":"1 minute"},"schema":{"@context":"https:\/\/schema.org","@graph":[{"@type":"WebPage","@id":"https:\/\/www.lilleliis.com\/et\/toode\/25mm-puidust-noobid\/","url":"https:\/\/www.lilleliis.com\/et\/toode\/25mm-puidust-noobid\/","name":"25mm puidust n\u00f6\u00f6bid | K\u00e4sit\u00f6\u00f6, m\u00e4nguasjade valmistamine | lilleliis","isPartOf":{"@id":"https:\/\/www.lilleliis.com\/et\/#website"},"primaryImageOfPage":{"@id":"https:\/\/www.lilleliis.com\/et\/toode\/25mm-puidust-noobid\/#primaryimage"},"image":{"@id":"https:\/\/www.lilleliis.com\/et\/toode\/25mm-puidust-noobid\/#primaryimage"},"thumbnailUrl":"https:\/\/www.lilleliis.com\/wp-content\/uploads\/2023\/11\/25mm-puidust-noobid.jpg","datePublished":"2025-07-09T12:27:00+00:00","dateModified":"2026-02-11T09:17:32+00:00","description":"25mm puidust n\u00f6\u00f6bid sobivad suuremale karule ninaks, auto- v\u00f5i rongiratasteks, aga loomulikult ka kampsunile kinnitamiseks.","breadcrumb":{"@id":"https:\/\/www.lilleliis.com\/et\/toode\/25mm-puidust-noobid\/#breadcrumb"},"inLanguage":"et","potentialAction":[{"@type":"ReadAction","target":["https:\/\/www.lilleliis.com\/et\/toode\/25mm-puidust-noobid\/"]}]},{"@type":"ImageObject","inLanguage":"et","@id":"https:\/\/www.lilleliis.com\/et\/toode\/25mm-puidust-noobid\/#primaryimage","url":"https:\/\/www.lilleliis.com\/wp-content\/uploads\/2023\/11\/25mm-puidust-noobid.jpg","contentUrl":"https:\/\/www.lilleliis.com\/wp-content\/uploads\/2023\/11\/25mm-puidust-noobid.jpg","width":1000,"height":1500,"caption":"25mm puidust n\u00f6\u00f6bid"},{"@type":"BreadcrumbList","@id":"https:\/\/www.lilleliis.com\/et\/toode\/25mm-puidust-noobid\/#breadcrumb","itemListElement":[{"@type":"ListItem","position":1,"name":"Home","item":"https:\/\/www.lilleliis.com\/et\/"},{"@type":"ListItem","position":2,"name":"Pood","item":"https:\/\/www.lilleliis.com\/et\/shop\/"},{"@type":"ListItem","position":3,"name":"N\u00f6\u00f6p puidust &#8211; 25mm &#8211; 6 tk"}]},{"@type":"WebSite","@id":"https:\/\/www.lilleliis.com\/et\/#website","url":"https:\/\/www.lilleliis.com\/et\/","name":"lilleliis","description":"Amigurumi m\u00e4nguasjad ja mustrid","potentialAction":[{"@type":"SearchAction","target":{"@type":"EntryPoint","urlTemplate":"https:\/\/www.lilleliis.com\/et\/?s={search_term_string}"},"query-input":{"@type":"PropertyValueSpecification","valueRequired":true,"valueName":"search_term_string"}}],"inLanguage":"et"}]}},"_links":{"self":[{"href":"https:\/\/www.lilleliis.com\/et\/wp-json\/wp\/v2\/product\/92876","targetHints":{"allow":["GET"]}}],"collection":[{"href":"https:\/\/www.lilleliis.com\/et\/wp-json\/wp\/v2\/product"}],"about":[{"href":"https:\/\/www.lilleliis.com\/et\/wp-json\/wp\/v2\/types\/product"}],"replies":[{"embeddable":true,"href":"https:\/\/www.lilleliis.com\/et\/wp-json\/wp\/v2\/comments?post=92876"}],"wp:featuredmedia":[{"embeddable":true,"href":"https:\/\/www.lilleliis.com\/et\/wp-json\/wp\/v2\/media\/92878"}],"wp:attachment":[{"href":"https:\/\/www.lilleliis.com\/et\/wp-json\/wp\/v2\/media?parent=92876"}],"wp:term":[{"taxonomy":"product_brand","embeddable":true,"href":"https:\/\/www.lilleliis.com\/et\/wp-json\/wp\/v2\/product_brand?post=92876"},{"taxonomy":"product_cat","embeddable":true,"href":"https:\/\/www.lilleliis.com\/et\/wp-json\/wp\/v2\/product_cat?post=92876"},{"taxonomy":"product_tag","embeddable":true,"href":"https:\/\/www.lilleliis.com\/et\/wp-json\/wp\/v2\/product_tag?post=92876"}],"curies":[{"name":"wp","href":"https:\/\/api.w.org\/{rel}","templated":true}]}}