{"id":93022,"date":"2025-11-27T10:30:51","date_gmt":"2025-11-27T08:30:51","guid":{"rendered":"https:\/\/www.lilleliis.com\/?post_type=product&#038;p=93022"},"modified":"2026-02-10T18:11:11","modified_gmt":"2026-02-10T16:11:11","slug":"joulukuusest-inspireeritud-nukk","status":"publish","type":"product","link":"https:\/\/www.lilleliis.com\/et\/toode\/joulukuusest-inspireeritud-nukk\/","title":{"rendered":"J\u00f5ulukuusest inspireeritud nukk"},"content":{"rendered":null,"protected":false},"excerpt":{"rendered":"<p>J\u00f5ulukuusest inspireeritud nukk on nagu omamoodi j\u00f5uluhaldjas. Tal on seljas kuuske meenutav kihiline kleit ja peas s\u00e4ramas kuldne t\u00e4heke. Aga juuksed, need on ingellikult kaharad ja \u00f5hulised.<\/p>\n<p>Kingad ja jalad on tehtud t\u00fcve moodi pruunides toonides. Kleidil ja kingadel on j\u00f5uluehetest inspireeritud kaunistused.<\/p>\n<p>Autorit\u00f6\u00f6. Disainitud ja k\u00e4sitsi valmistatud meie oma v\u00e4ikeses Eestis.<\/p>\n<div class=\"is-divider divider clearfix\" style=\"max-width:100%;\"><\/div>\n<p>Materjal:<\/p>\n<ul>\n<li>l\u00f5ng \u2013 nukk 100% puuvill; juuksed 80% alpaka, 15% vill, 5% pol\u00fcamiid; t\u00e4heke &#8211; s\u00fcnteetika<\/li>\n<li>pol\u00fcester kerakiud t\u00e4idis<\/li>\n<li>turvasilmad<\/li>\n<li>litrid, helmed<\/li>\n<\/ul>\n<p>V\u00e4rv: roheline, kuld<\/p>\n<p>Pikkus: koos t\u00e4hekesega 23 sentimeetrit<\/p>\n<p>M\u00e4nguasjal on kasutatud pisidetaile (turvasilmad, kaunistused). T\u00e4nu juustele ja pisidetailidele vajab ta keskmisest \u00f5rnemat kohtlemist. Ei sobi m\u00e4ngimiseks v\u00e4ga v\u00e4ikesele lapsele.<\/p>\n","protected":false},"featured_media":88955,"comment_status":"open","ping_status":"closed","template":"","meta":[],"product_brand":[],"product_cat":[155],"product_tag":[339,377,122],"class_list":{"0":"post-93022","1":"product","2":"type-product","3":"status-publish","4":"has-post-thumbnail","6":"product_cat-heegeldatud-manguasjad","7":"product_tag-joulud","8":"product_tag-puuvillast-manguasjad","9":"product_tag-tudrukutele","11":"first","12":"outofstock","13":"taxable","14":"shipping-taxable","15":"purchasable","16":"product-type-simple"},"yoast_head":"<!-- This site is optimized with the Yoast SEO plugin v27.3 - https:\/\/yoast.com\/product\/yoast-seo-wordpress\/ -->\n<title>J\u00f5ulukuusest inspireeritud nukk | lilleliis<\/title>\n<meta name=\"description\" content=\"J\u00f5ulukuusest inspireeritud nukk on nagu j\u00f5uluhaldjas. Tal on seljas kuuske meenutav kihiline kleit ja peas s\u00e4ramas kuldne t\u00e4heke.\" \/>\n<meta name=\"robots\" content=\"index, follow, max-snippet:-1, max-image-preview:large, max-video-preview:-1\" \/>\n<link rel=\"canonical\" href=\"https:\/\/www.lilleliis.com\/et\/toode\/joulukuusest-inspireeritud-nukk\/\" \/>\n<meta property=\"og:locale\" content=\"et_EE\" \/>\n<meta property=\"og:type\" content=\"article\" \/>\n<meta property=\"og:title\" content=\"J\u00f5ulukuusest inspireeritud nukk | lilleliis\" \/>\n<meta property=\"og:description\" content=\"J\u00f5ulukuusest inspireeritud nukk on nagu j\u00f5uluhaldjas. Tal on seljas kuuske meenutav kihiline kleit ja peas s\u00e4ramas kuldne t\u00e4heke.\" \/>\n<meta property=\"og:url\" content=\"https:\/\/www.lilleliis.com\/et\/toode\/joulukuusest-inspireeritud-nukk\/\" \/>\n<meta property=\"og:site_name\" content=\"lilleliis\" \/>\n<meta property=\"article:publisher\" content=\"https:\/\/www.facebook.com\/lilleliis-283266335035799\/\" \/>\n<meta property=\"article:modified_time\" content=\"2026-02-10T16:11:11+00:00\" \/>\n<meta property=\"og:image\" content=\"https:\/\/www.lilleliis.com\/wp-content\/uploads\/2022\/12\/christmas-tree-doll-amigurumi-7.jpg\" \/>\n\t<meta property=\"og:image:width\" content=\"1280\" \/>\n\t<meta property=\"og:image:height\" content=\"853\" \/>\n\t<meta property=\"og:image:type\" content=\"image\/jpeg\" \/>\n<meta name=\"twitter:card\" content=\"summary_large_image\" \/>\n<script type=\"application\/ld+json\" class=\"yoast-schema-graph\">{\"@context\":\"https:\\\/\\\/schema.org\",\"@graph\":[{\"@type\":\"WebPage\",\"@id\":\"https:\\\/\\\/www.lilleliis.com\\\/et\\\/toode\\\/joulukuusest-inspireeritud-nukk\\\/\",\"url\":\"https:\\\/\\\/www.lilleliis.com\\\/et\\\/toode\\\/joulukuusest-inspireeritud-nukk\\\/\",\"name\":\"J\u00f5ulukuusest inspireeritud nukk | lilleliis\",\"isPartOf\":{\"@id\":\"https:\\\/\\\/www.lilleliis.com\\\/et\\\/#website\"},\"primaryImageOfPage\":{\"@id\":\"https:\\\/\\\/www.lilleliis.com\\\/et\\\/toode\\\/joulukuusest-inspireeritud-nukk\\\/#primaryimage\"},\"image\":{\"@id\":\"https:\\\/\\\/www.lilleliis.com\\\/et\\\/toode\\\/joulukuusest-inspireeritud-nukk\\\/#primaryimage\"},\"thumbnailUrl\":\"https:\\\/\\\/www.lilleliis.com\\\/wp-content\\\/uploads\\\/2022\\\/12\\\/christmas-tree-doll-amigurumi-7.jpg\",\"datePublished\":\"2025-11-27T08:30:51+00:00\",\"dateModified\":\"2026-02-10T16:11:11+00:00\",\"description\":\"J\u00f5ulukuusest inspireeritud nukk on nagu j\u00f5uluhaldjas. Tal on seljas kuuske meenutav kihiline kleit ja peas s\u00e4ramas kuldne t\u00e4heke.\",\"breadcrumb\":{\"@id\":\"https:\\\/\\\/www.lilleliis.com\\\/et\\\/toode\\\/joulukuusest-inspireeritud-nukk\\\/#breadcrumb\"},\"inLanguage\":\"et\",\"potentialAction\":[{\"@type\":\"ReadAction\",\"target\":[\"https:\\\/\\\/www.lilleliis.com\\\/et\\\/toode\\\/joulukuusest-inspireeritud-nukk\\\/\"]}]},{\"@type\":\"ImageObject\",\"inLanguage\":\"et\",\"@id\":\"https:\\\/\\\/www.lilleliis.com\\\/et\\\/toode\\\/joulukuusest-inspireeritud-nukk\\\/#primaryimage\",\"url\":\"https:\\\/\\\/www.lilleliis.com\\\/wp-content\\\/uploads\\\/2022\\\/12\\\/christmas-tree-doll-amigurumi-7.jpg\",\"contentUrl\":\"https:\\\/\\\/www.lilleliis.com\\\/wp-content\\\/uploads\\\/2022\\\/12\\\/christmas-tree-doll-amigurumi-7.jpg\",\"width\":1280,\"height\":853,\"caption\":\"j\u00f5ulukuusest inspireeritud nukk\"},{\"@type\":\"BreadcrumbList\",\"@id\":\"https:\\\/\\\/www.lilleliis.com\\\/et\\\/toode\\\/joulukuusest-inspireeritud-nukk\\\/#breadcrumb\",\"itemListElement\":[{\"@type\":\"ListItem\",\"position\":1,\"name\":\"Home\",\"item\":\"https:\\\/\\\/www.lilleliis.com\\\/et\\\/\"},{\"@type\":\"ListItem\",\"position\":2,\"name\":\"Pood\",\"item\":\"https:\\\/\\\/www.lilleliis.com\\\/et\\\/shop\\\/\"},{\"@type\":\"ListItem\",\"position\":3,\"name\":\"J\u00f5ulukuusest inspireeritud nukk\"}]},{\"@type\":\"WebSite\",\"@id\":\"https:\\\/\\\/www.lilleliis.com\\\/et\\\/#website\",\"url\":\"https:\\\/\\\/www.lilleliis.com\\\/et\\\/\",\"name\":\"lilleliis\",\"description\":\"Amigurumi m\u00e4nguasjad ja mustrid\",\"potentialAction\":[{\"@type\":\"SearchAction\",\"target\":{\"@type\":\"EntryPoint\",\"urlTemplate\":\"https:\\\/\\\/www.lilleliis.com\\\/et\\\/?s={search_term_string}\"},\"query-input\":{\"@type\":\"PropertyValueSpecification\",\"valueRequired\":true,\"valueName\":\"search_term_string\"}}],\"inLanguage\":\"et\"}]}<\/script>\n<!-- \/ Yoast SEO plugin. -->","yoast_head_json":{"title":"J\u00f5ulukuusest inspireeritud nukk | lilleliis","description":"J\u00f5ulukuusest inspireeritud nukk on nagu j\u00f5uluhaldjas. Tal on seljas kuuske meenutav kihiline kleit ja peas s\u00e4ramas kuldne t\u00e4heke.","robots":{"index":"index","follow":"follow","max-snippet":"max-snippet:-1","max-image-preview":"max-image-preview:large","max-video-preview":"max-video-preview:-1"},"canonical":"https:\/\/www.lilleliis.com\/et\/toode\/joulukuusest-inspireeritud-nukk\/","og_locale":"et_EE","og_type":"article","og_title":"J\u00f5ulukuusest inspireeritud nukk | lilleliis","og_description":"J\u00f5ulukuusest inspireeritud nukk on nagu j\u00f5uluhaldjas. Tal on seljas kuuske meenutav kihiline kleit ja peas s\u00e4ramas kuldne t\u00e4heke.","og_url":"https:\/\/www.lilleliis.com\/et\/toode\/joulukuusest-inspireeritud-nukk\/","og_site_name":"lilleliis","article_publisher":"https:\/\/www.facebook.com\/lilleliis-283266335035799\/","article_modified_time":"2026-02-10T16:11:11+00:00","og_image":[{"width":1280,"height":853,"url":"https:\/\/www.lilleliis.com\/wp-content\/uploads\/2022\/12\/christmas-tree-doll-amigurumi-7.jpg","type":"image\/jpeg"}],"twitter_card":"summary_large_image","schema":{"@context":"https:\/\/schema.org","@graph":[{"@type":"WebPage","@id":"https:\/\/www.lilleliis.com\/et\/toode\/joulukuusest-inspireeritud-nukk\/","url":"https:\/\/www.lilleliis.com\/et\/toode\/joulukuusest-inspireeritud-nukk\/","name":"J\u00f5ulukuusest inspireeritud nukk | lilleliis","isPartOf":{"@id":"https:\/\/www.lilleliis.com\/et\/#website"},"primaryImageOfPage":{"@id":"https:\/\/www.lilleliis.com\/et\/toode\/joulukuusest-inspireeritud-nukk\/#primaryimage"},"image":{"@id":"https:\/\/www.lilleliis.com\/et\/toode\/joulukuusest-inspireeritud-nukk\/#primaryimage"},"thumbnailUrl":"https:\/\/www.lilleliis.com\/wp-content\/uploads\/2022\/12\/christmas-tree-doll-amigurumi-7.jpg","datePublished":"2025-11-27T08:30:51+00:00","dateModified":"2026-02-10T16:11:11+00:00","description":"J\u00f5ulukuusest inspireeritud nukk on nagu j\u00f5uluhaldjas. Tal on seljas kuuske meenutav kihiline kleit ja peas s\u00e4ramas kuldne t\u00e4heke.","breadcrumb":{"@id":"https:\/\/www.lilleliis.com\/et\/toode\/joulukuusest-inspireeritud-nukk\/#breadcrumb"},"inLanguage":"et","potentialAction":[{"@type":"ReadAction","target":["https:\/\/www.lilleliis.com\/et\/toode\/joulukuusest-inspireeritud-nukk\/"]}]},{"@type":"ImageObject","inLanguage":"et","@id":"https:\/\/www.lilleliis.com\/et\/toode\/joulukuusest-inspireeritud-nukk\/#primaryimage","url":"https:\/\/www.lilleliis.com\/wp-content\/uploads\/2022\/12\/christmas-tree-doll-amigurumi-7.jpg","contentUrl":"https:\/\/www.lilleliis.com\/wp-content\/uploads\/2022\/12\/christmas-tree-doll-amigurumi-7.jpg","width":1280,"height":853,"caption":"j\u00f5ulukuusest inspireeritud nukk"},{"@type":"BreadcrumbList","@id":"https:\/\/www.lilleliis.com\/et\/toode\/joulukuusest-inspireeritud-nukk\/#breadcrumb","itemListElement":[{"@type":"ListItem","position":1,"name":"Home","item":"https:\/\/www.lilleliis.com\/et\/"},{"@type":"ListItem","position":2,"name":"Pood","item":"https:\/\/www.lilleliis.com\/et\/shop\/"},{"@type":"ListItem","position":3,"name":"J\u00f5ulukuusest inspireeritud nukk"}]},{"@type":"WebSite","@id":"https:\/\/www.lilleliis.com\/et\/#website","url":"https:\/\/www.lilleliis.com\/et\/","name":"lilleliis","description":"Amigurumi m\u00e4nguasjad ja mustrid","potentialAction":[{"@type":"SearchAction","target":{"@type":"EntryPoint","urlTemplate":"https:\/\/www.lilleliis.com\/et\/?s={search_term_string}"},"query-input":{"@type":"PropertyValueSpecification","valueRequired":true,"valueName":"search_term_string"}}],"inLanguage":"et"}]}},"_links":{"self":[{"href":"https:\/\/www.lilleliis.com\/et\/wp-json\/wp\/v2\/product\/93022","targetHints":{"allow":["GET"]}}],"collection":[{"href":"https:\/\/www.lilleliis.com\/et\/wp-json\/wp\/v2\/product"}],"about":[{"href":"https:\/\/www.lilleliis.com\/et\/wp-json\/wp\/v2\/types\/product"}],"replies":[{"embeddable":true,"href":"https:\/\/www.lilleliis.com\/et\/wp-json\/wp\/v2\/comments?post=93022"}],"wp:featuredmedia":[{"embeddable":true,"href":"https:\/\/www.lilleliis.com\/et\/wp-json\/wp\/v2\/media\/88955"}],"wp:attachment":[{"href":"https:\/\/www.lilleliis.com\/et\/wp-json\/wp\/v2\/media?parent=93022"}],"wp:term":[{"taxonomy":"product_brand","embeddable":true,"href":"https:\/\/www.lilleliis.com\/et\/wp-json\/wp\/v2\/product_brand?post=93022"},{"taxonomy":"product_cat","embeddable":true,"href":"https:\/\/www.lilleliis.com\/et\/wp-json\/wp\/v2\/product_cat?post=93022"},{"taxonomy":"product_tag","embeddable":true,"href":"https:\/\/www.lilleliis.com\/et\/wp-json\/wp\/v2\/product_tag?post=93022"}],"curies":[{"name":"wp","href":"https:\/\/api.w.org\/{rel}","templated":true}]}}