{"id":93328,"date":"2026-02-16T13:30:28","date_gmt":"2026-02-16T11:30:28","guid":{"rendered":"https:\/\/www.lilleliis.com\/?post_type=product&#038;p=93328"},"modified":"2026-04-29T18:56:23","modified_gmt":"2026-04-29T15:56:23","slug":"ricorumi-nilli-nilli-senill-long","status":"publish","type":"product","link":"https:\/\/www.lilleliis.com\/et\/toode\/ricorumi-nilli-nilli-senill-long\/","title":{"rendered":"Ricorumi Nilli Nilli \u0161enill-l\u00f5ng &#8211; 25 g \/ 65 m"},"content":{"rendered":"<p>Ricorumi Nilli Nilli on uskumatult pehme \u0161enill-l\u00f5ng amigurumi m\u00e4nguasjade valmistamiseks. Sellest saad heegeldada sametiselt pehmeid ja kohevaid kaisukaid.<\/p>\n<p>Kaunis ja loomulik matt l\u00e4ige ei lase kuskilt paista, et tegemist on s\u00fcnteetilise l\u00f5ngaga. Tugev \u0161enill struktuur muudab l\u00f5nga uskumatult pehmeks ja kohevaks.<\/p>\n<p>V\u00e4ikesed, 25-grammised tokid v\u00f5imaldavad osta korraga rohkemates toonides l\u00f5nga. See aitab v\u00e4ltida l\u00f5ngaj\u00e4\u00e4kide teket.<\/p>\n<div class=\"is-divider divider clearfix\" ><\/div>\n<h3>Lilleliis soovitab:<\/h3>\n<ul>\n<li>Kombineeri omavahel Nilli Nilli \u0161enill-l\u00f5nga ja <a href=\"https:\/\/www.lilleliis.com\/et\/toode\/ricorumi-dk\/\">Ricorumi DK<\/a> puuvillast l\u00f5nga, et luua kahe l\u00f5nga koosluses erilisi m\u00e4nguloomi. M\u00f5lemale l\u00f5ngale sobib samas suuruses heegeln\u00f5el.<\/li>\n<li>V\u00e4ldi harutamist. Minu kogemusel ei talu l\u00f5ng mitmekordset harutamist.<\/li>\n<li>Karvaselt l\u00f5ngalt on silmuseid raskem lugeda kui tavaliselt puuvillaselt v\u00f5i villaselt.<\/li>\n<\/ul>\n<div class=\"is-divider divider clearfix\" ><\/div>\n<h3>Suurus ja materjal<\/h3>\n<p>L\u00f5nga j\u00e4medus: 25g \/ 65m (DK, 8 ply)<\/p>\n<p>Materjal: 100% pol\u00fcester<\/p>\n<p>Tootja: Saksamaa<\/p>\n<div class=\"is-divider divider clearfix\" ><\/div>\n<h3>Kuidas l\u00f5nga hooldada<\/h3>\n<p>K\u00e4sipesu, max 30\u00b0C \/ kuivata tasapinnal<\/p>\n","protected":false},"excerpt":{"rendered":"<p>Ricorumi Nilli Nilli on uskumatult pehme \u0161enill-l\u00f5ng amigurumi m\u00e4nguasjade valmistamiseks, saadaval v\u00e4ikestes 25 g tokkides.<\/p>\n","protected":false},"featured_media":93828,"comment_status":"open","ping_status":"closed","template":"","meta":[],"product_brand":[1563],"product_cat":[708,429],"product_tag":[1592],"class_list":{"0":"post-93328","1":"product","2":"type-product","3":"status-publish","4":"has-post-thumbnail","6":"product_brand-rico-design","7":"product_cat-longad","8":"product_cat-kasitoo-tarvikud","9":"product_tag-senill-longad","10":"pa_ricorumi-nilli-nilli-colors-001-white-et","11":"pa_ricorumi-nilli-nilli-colors-002-cream-et","12":"pa_ricorumi-nilli-nilli-colors-003-yellow-et","13":"pa_ricorumi-nilli-nilli-colors-004-mustard-et","14":"pa_ricorumi-nilli-nilli-colors-005-powder-et","15":"pa_ricorumi-nilli-nilli-colors-006-pink-et","16":"pa_ricorumi-nilli-nilli-colors-007-salmon-et","17":"pa_ricorumi-nilli-nilli-colors-008-fuchsia-et","18":"pa_ricorumi-nilli-nilli-colors-009-red-et","19":"pa_ricorumi-nilli-nilli-colors-010-berry-et","20":"pa_ricorumi-nilli-nilli-colors-011-lilac-et","21":"pa_ricorumi-nilli-nilli-colors-012-purple-et","22":"pa_ricorumi-nilli-nilli-colors-013-blue-et","23":"pa_ricorumi-nilli-nilli-colors-014-light-blue-et","24":"pa_ricorumi-nilli-nilli-colors-015-ice-blue-et","25":"pa_ricorumi-nilli-nilli-colors-016-aqua-et","26":"pa_ricorumi-nilli-nilli-colors-017-turquoise-et","27":"pa_ricorumi-nilli-nilli-colors-018-mint-et","28":"pa_ricorumi-nilli-nilli-colors-019-green-et","29":"pa_ricorumi-nilli-nilli-colors-020-olive-et","30":"pa_ricorumi-nilli-nilli-colors-021-ecru-et","31":"pa_ricorumi-nilli-nilli-colors-022-beige-et","32":"pa_ricorumi-nilli-nilli-colors-023-nougat-et","33":"pa_ricorumi-nilli-nilli-colors-024-chocolate-et","34":"pa_ricorumi-nilli-nilli-colors-025-silver-grey-et","35":"pa_ricorumi-nilli-nilli-colors-026-grey-et","36":"pa_ricorumi-nilli-nilli-colors-027-black-et","37":"pa_ricorumi-nilli-nilli-colors-028-neon-pink-et","38":"pa_ricorumi-nilli-nilli-colors-029-neon-orange-et","39":"pa_ricorumi-nilli-nilli-colors-030-neon-green-et","40":"pa_special-features-kohev-tekstuur","41":"pa_yarn-weight-dk-8-ply","43":"first","44":"instock","45":"sale","46":"taxable","47":"shipping-taxable","48":"purchasable","49":"product-type-variable"},"yoast_head":"<!-- This site is optimized with the Yoast SEO plugin v27.3 - https:\/\/yoast.com\/product\/yoast-seo-wordpress\/ -->\n<title>Ricorumi Nilli Nilli \u0161enill-l\u00f5ng - 25 g \/ 65 m | lilleliis<\/title>\n<meta name=\"description\" content=\"Heegelda sametiselt pehmeid kaisukaid! Ricorumi Nilli Nilli on uskumatult pehme \u0161enill-l\u00f5ng amigurumi m\u00e4nguasjade valmistamiseks.\" \/>\n<meta name=\"robots\" content=\"index, follow, max-snippet:-1, max-image-preview:large, max-video-preview:-1\" \/>\n<link rel=\"canonical\" href=\"https:\/\/www.lilleliis.com\/et\/toode\/ricorumi-nilli-nilli-senill-long\/\" \/>\n<meta property=\"og:locale\" content=\"et_EE\" \/>\n<meta property=\"og:type\" content=\"article\" \/>\n<meta property=\"og:title\" content=\"Ricorumi Nilli Nilli \u0161enill-l\u00f5ng - 25 g \/ 65 m | lilleliis\" \/>\n<meta property=\"og:description\" content=\"Heegelda sametiselt pehmeid kaisukaid! Ricorumi Nilli Nilli on uskumatult pehme \u0161enill-l\u00f5ng amigurumi m\u00e4nguasjade valmistamiseks.\" \/>\n<meta property=\"og:url\" content=\"https:\/\/www.lilleliis.com\/et\/toode\/ricorumi-nilli-nilli-senill-long\/\" \/>\n<meta property=\"og:site_name\" content=\"lilleliis\" \/>\n<meta property=\"article:publisher\" content=\"https:\/\/www.facebook.com\/lilleliis-283266335035799\/\" \/>\n<meta property=\"article:modified_time\" content=\"2026-04-29T15:56:23+00:00\" \/>\n<meta property=\"og:image\" content=\"https:\/\/www.lilleliis.com\/wp-content\/uploads\/2024\/01\/Ricorumi-Nilli-Nilli-senill-long.jpg\" \/>\n\t<meta property=\"og:image:width\" content=\"1000\" \/>\n\t<meta property=\"og:image:height\" content=\"1500\" \/>\n\t<meta property=\"og:image:type\" content=\"image\/jpeg\" \/>\n<meta name=\"twitter:card\" content=\"summary_large_image\" \/>\n<meta name=\"twitter:label1\" content=\"Est. reading time\" \/>\n\t<meta name=\"twitter:data1\" content=\"1 minute\" \/>\n<script type=\"application\/ld+json\" class=\"yoast-schema-graph\">{\"@context\":\"https:\\\/\\\/schema.org\",\"@graph\":[{\"@type\":\"WebPage\",\"@id\":\"https:\\\/\\\/www.lilleliis.com\\\/et\\\/toode\\\/ricorumi-nilli-nilli-senill-long\\\/\",\"url\":\"https:\\\/\\\/www.lilleliis.com\\\/et\\\/toode\\\/ricorumi-nilli-nilli-senill-long\\\/\",\"name\":\"Ricorumi Nilli Nilli \u0161enill-l\u00f5ng - 25 g \\\/ 65 m | lilleliis\",\"isPartOf\":{\"@id\":\"https:\\\/\\\/www.lilleliis.com\\\/et\\\/#website\"},\"primaryImageOfPage\":{\"@id\":\"https:\\\/\\\/www.lilleliis.com\\\/et\\\/toode\\\/ricorumi-nilli-nilli-senill-long\\\/#primaryimage\"},\"image\":{\"@id\":\"https:\\\/\\\/www.lilleliis.com\\\/et\\\/toode\\\/ricorumi-nilli-nilli-senill-long\\\/#primaryimage\"},\"thumbnailUrl\":\"https:\\\/\\\/www.lilleliis.com\\\/wp-content\\\/uploads\\\/2024\\\/01\\\/Ricorumi-Nilli-Nilli-senill-long.jpg\",\"datePublished\":\"2026-02-16T11:30:28+00:00\",\"dateModified\":\"2026-04-29T15:56:23+00:00\",\"description\":\"Heegelda sametiselt pehmeid kaisukaid! Ricorumi Nilli Nilli on uskumatult pehme \u0161enill-l\u00f5ng amigurumi m\u00e4nguasjade valmistamiseks.\",\"breadcrumb\":{\"@id\":\"https:\\\/\\\/www.lilleliis.com\\\/et\\\/toode\\\/ricorumi-nilli-nilli-senill-long\\\/#breadcrumb\"},\"inLanguage\":\"et\",\"potentialAction\":[{\"@type\":\"ReadAction\",\"target\":[\"https:\\\/\\\/www.lilleliis.com\\\/et\\\/toode\\\/ricorumi-nilli-nilli-senill-long\\\/\"]}]},{\"@type\":\"ImageObject\",\"inLanguage\":\"et\",\"@id\":\"https:\\\/\\\/www.lilleliis.com\\\/et\\\/toode\\\/ricorumi-nilli-nilli-senill-long\\\/#primaryimage\",\"url\":\"https:\\\/\\\/www.lilleliis.com\\\/wp-content\\\/uploads\\\/2024\\\/01\\\/Ricorumi-Nilli-Nilli-senill-long.jpg\",\"contentUrl\":\"https:\\\/\\\/www.lilleliis.com\\\/wp-content\\\/uploads\\\/2024\\\/01\\\/Ricorumi-Nilli-Nilli-senill-long.jpg\",\"width\":1000,\"height\":1500,\"caption\":\"Ricorumi Nilli Nilli \u0161enill l\u00f5ng\"},{\"@type\":\"BreadcrumbList\",\"@id\":\"https:\\\/\\\/www.lilleliis.com\\\/et\\\/toode\\\/ricorumi-nilli-nilli-senill-long\\\/#breadcrumb\",\"itemListElement\":[{\"@type\":\"ListItem\",\"position\":1,\"name\":\"Home\",\"item\":\"https:\\\/\\\/www.lilleliis.com\\\/et\\\/\"},{\"@type\":\"ListItem\",\"position\":2,\"name\":\"Pood\",\"item\":\"https:\\\/\\\/www.lilleliis.com\\\/et\\\/shop\\\/\"},{\"@type\":\"ListItem\",\"position\":3,\"name\":\"Ricorumi Nilli Nilli \u0161enill-l\u00f5ng &#8211; 25 g \\\/ 65 m\"}]},{\"@type\":\"WebSite\",\"@id\":\"https:\\\/\\\/www.lilleliis.com\\\/et\\\/#website\",\"url\":\"https:\\\/\\\/www.lilleliis.com\\\/et\\\/\",\"name\":\"lilleliis\",\"description\":\"Amigurumi m\u00e4nguasjad ja mustrid\",\"potentialAction\":[{\"@type\":\"SearchAction\",\"target\":{\"@type\":\"EntryPoint\",\"urlTemplate\":\"https:\\\/\\\/www.lilleliis.com\\\/et\\\/?s={search_term_string}\"},\"query-input\":{\"@type\":\"PropertyValueSpecification\",\"valueRequired\":true,\"valueName\":\"search_term_string\"}}],\"inLanguage\":\"et\"}]}<\/script>\n<!-- \/ Yoast SEO plugin. -->","yoast_head_json":{"title":"Ricorumi Nilli Nilli \u0161enill-l\u00f5ng - 25 g \/ 65 m | lilleliis","description":"Heegelda sametiselt pehmeid kaisukaid! Ricorumi Nilli Nilli on uskumatult pehme \u0161enill-l\u00f5ng amigurumi m\u00e4nguasjade valmistamiseks.","robots":{"index":"index","follow":"follow","max-snippet":"max-snippet:-1","max-image-preview":"max-image-preview:large","max-video-preview":"max-video-preview:-1"},"canonical":"https:\/\/www.lilleliis.com\/et\/toode\/ricorumi-nilli-nilli-senill-long\/","og_locale":"et_EE","og_type":"article","og_title":"Ricorumi Nilli Nilli \u0161enill-l\u00f5ng - 25 g \/ 65 m | lilleliis","og_description":"Heegelda sametiselt pehmeid kaisukaid! Ricorumi Nilli Nilli on uskumatult pehme \u0161enill-l\u00f5ng amigurumi m\u00e4nguasjade valmistamiseks.","og_url":"https:\/\/www.lilleliis.com\/et\/toode\/ricorumi-nilli-nilli-senill-long\/","og_site_name":"lilleliis","article_publisher":"https:\/\/www.facebook.com\/lilleliis-283266335035799\/","article_modified_time":"2026-04-29T15:56:23+00:00","og_image":[{"width":1000,"height":1500,"url":"https:\/\/www.lilleliis.com\/wp-content\/uploads\/2024\/01\/Ricorumi-Nilli-Nilli-senill-long.jpg","type":"image\/jpeg"}],"twitter_card":"summary_large_image","twitter_misc":{"Est. reading time":"1 minute"},"schema":{"@context":"https:\/\/schema.org","@graph":[{"@type":"WebPage","@id":"https:\/\/www.lilleliis.com\/et\/toode\/ricorumi-nilli-nilli-senill-long\/","url":"https:\/\/www.lilleliis.com\/et\/toode\/ricorumi-nilli-nilli-senill-long\/","name":"Ricorumi Nilli Nilli \u0161enill-l\u00f5ng - 25 g \/ 65 m | lilleliis","isPartOf":{"@id":"https:\/\/www.lilleliis.com\/et\/#website"},"primaryImageOfPage":{"@id":"https:\/\/www.lilleliis.com\/et\/toode\/ricorumi-nilli-nilli-senill-long\/#primaryimage"},"image":{"@id":"https:\/\/www.lilleliis.com\/et\/toode\/ricorumi-nilli-nilli-senill-long\/#primaryimage"},"thumbnailUrl":"https:\/\/www.lilleliis.com\/wp-content\/uploads\/2024\/01\/Ricorumi-Nilli-Nilli-senill-long.jpg","datePublished":"2026-02-16T11:30:28+00:00","dateModified":"2026-04-29T15:56:23+00:00","description":"Heegelda sametiselt pehmeid kaisukaid! Ricorumi Nilli Nilli on uskumatult pehme \u0161enill-l\u00f5ng amigurumi m\u00e4nguasjade valmistamiseks.","breadcrumb":{"@id":"https:\/\/www.lilleliis.com\/et\/toode\/ricorumi-nilli-nilli-senill-long\/#breadcrumb"},"inLanguage":"et","potentialAction":[{"@type":"ReadAction","target":["https:\/\/www.lilleliis.com\/et\/toode\/ricorumi-nilli-nilli-senill-long\/"]}]},{"@type":"ImageObject","inLanguage":"et","@id":"https:\/\/www.lilleliis.com\/et\/toode\/ricorumi-nilli-nilli-senill-long\/#primaryimage","url":"https:\/\/www.lilleliis.com\/wp-content\/uploads\/2024\/01\/Ricorumi-Nilli-Nilli-senill-long.jpg","contentUrl":"https:\/\/www.lilleliis.com\/wp-content\/uploads\/2024\/01\/Ricorumi-Nilli-Nilli-senill-long.jpg","width":1000,"height":1500,"caption":"Ricorumi Nilli Nilli \u0161enill l\u00f5ng"},{"@type":"BreadcrumbList","@id":"https:\/\/www.lilleliis.com\/et\/toode\/ricorumi-nilli-nilli-senill-long\/#breadcrumb","itemListElement":[{"@type":"ListItem","position":1,"name":"Home","item":"https:\/\/www.lilleliis.com\/et\/"},{"@type":"ListItem","position":2,"name":"Pood","item":"https:\/\/www.lilleliis.com\/et\/shop\/"},{"@type":"ListItem","position":3,"name":"Ricorumi Nilli Nilli \u0161enill-l\u00f5ng &#8211; 25 g \/ 65 m"}]},{"@type":"WebSite","@id":"https:\/\/www.lilleliis.com\/et\/#website","url":"https:\/\/www.lilleliis.com\/et\/","name":"lilleliis","description":"Amigurumi m\u00e4nguasjad ja mustrid","potentialAction":[{"@type":"SearchAction","target":{"@type":"EntryPoint","urlTemplate":"https:\/\/www.lilleliis.com\/et\/?s={search_term_string}"},"query-input":{"@type":"PropertyValueSpecification","valueRequired":true,"valueName":"search_term_string"}}],"inLanguage":"et"}]}},"_links":{"self":[{"href":"https:\/\/www.lilleliis.com\/et\/wp-json\/wp\/v2\/product\/93328","targetHints":{"allow":["GET"]}}],"collection":[{"href":"https:\/\/www.lilleliis.com\/et\/wp-json\/wp\/v2\/product"}],"about":[{"href":"https:\/\/www.lilleliis.com\/et\/wp-json\/wp\/v2\/types\/product"}],"replies":[{"embeddable":true,"href":"https:\/\/www.lilleliis.com\/et\/wp-json\/wp\/v2\/comments?post=93328"}],"wp:featuredmedia":[{"embeddable":true,"href":"https:\/\/www.lilleliis.com\/et\/wp-json\/wp\/v2\/media\/93828"}],"wp:attachment":[{"href":"https:\/\/www.lilleliis.com\/et\/wp-json\/wp\/v2\/media?parent=93328"}],"wp:term":[{"taxonomy":"product_brand","embeddable":true,"href":"https:\/\/www.lilleliis.com\/et\/wp-json\/wp\/v2\/product_brand?post=93328"},{"taxonomy":"product_cat","embeddable":true,"href":"https:\/\/www.lilleliis.com\/et\/wp-json\/wp\/v2\/product_cat?post=93328"},{"taxonomy":"product_tag","embeddable":true,"href":"https:\/\/www.lilleliis.com\/et\/wp-json\/wp\/v2\/product_tag?post=93328"}],"curies":[{"name":"wp","href":"https:\/\/api.w.org\/{rel}","templated":true}]}}