{"id":93568,"date":"2025-07-22T12:36:04","date_gmt":"2025-07-22T09:36:04","guid":{"rendered":"https:\/\/www.lilleliis.com\/?post_type=product&#038;p=93568"},"modified":"2025-10-29T10:34:08","modified_gmt":"2025-10-29T08:34:08","slug":"umara-pupilliga-turvasilmad-12mm","status":"publish","type":"product","link":"https:\/\/www.lilleliis.com\/et\/toode\/umara-pupilliga-turvasilmad-12mm\/","title":{"rendered":"\u00dcmara pupilliga turvasilmad 12mm, oran\u017e (5 paari)"},"content":{"rendered":"<p><span data-text-color=\"primary\">SILMAD SOBIVAD NENDE M\u00c4NGUASJADE VALMISTAMISEKS<\/span><\/p>\n<div class=\"row row-divided\"  id=\"row-44151341\">\n\n\t<div id=\"col-10400787\" class=\"col medium-1\/3 large-4\"  >\n\t\t\t\t<div class=\"col-inner\"  >\n\t\t\t\n\t\t\t\n<div class=\"woocommerce \"><div class=\"products row row-small row-masonry has-packery large-columns-3 medium-columns-3 small-columns-2\">\n<div class=\"product-small col has-hover product type-product post-11367 status-publish first instock product_cat-amigurumi-opetused product_cat-kaisukaru-mustrid product_tag-poistele has-post-thumbnail downloadable virtual sold-individually taxable purchasable product-type-simple\">\n\t<div class=\"col-inner\">\n\t\n<div class=\"badge-container absolute left top z-1\">\n\n<\/div>\n\t<div class=\"product-small box \">\n\t\t<div class=\"box-image\">\n\t\t\t<div class=\"image-zoom-fade\">\n\t\t\t\t<a href=\"https:\/\/www.lilleliis.com\/et\/toode\/amigurumi-opetus-karupoeg-teodor\/\">\n\t\t\t\t\t<img loading=\"lazy\" decoding=\"async\" width=\"247\" height=\"296\" src=\"https:\/\/www.lilleliis.com\/wp-content\/uploads\/2015\/01\/DSC_5171-247x296.jpg\" class=\"attachment-woocommerce_thumbnail size-woocommerce_thumbnail\" alt=\"heegeldatud p\u00fckste ja salliga karu\" \/>\t\t\t\t<\/a>\n\t\t\t<\/div>\n\t\t\t<div class=\"image-tools is-small top right show-on-hover\">\n\t\t\t\t\t\t\t<\/div>\n\t\t\t<div class=\"image-tools is-small hide-for-small bottom left show-on-hover\">\n\t\t\t\t\t\t\t<\/div>\n\t\t\t<div class=\"image-tools grid-tools text-center hide-for-small bottom hover-slide-in show-on-hover\">\n\t\t\t\t<a href=\"#quick-view\" class=\"quick-view\" role=\"button\" data-prod=\"11367\" aria-haspopup=\"dialog\" aria-expanded=\"false\" data-flatsome-role-button>Quick View<\/a>\t\t\t<\/div>\n\t\t\t\t\t<\/div>\n\n\t\t<div class=\"box-text box-text-products\">\n\t\t\t<div class=\"title-wrapper\">\t\t<p class=\"category uppercase is-smaller no-text-overflow product-cat op-8\">\n\t\t\tAmigurumi \u00f5petused\t\t<\/p>\n\t<p class=\"name product-title woocommerce-loop-product__title\"><a href=\"https:\/\/www.lilleliis.com\/et\/toode\/amigurumi-opetus-karupoeg-teodor\/\" class=\"woocommerce-LoopProduct-link woocommerce-loop-product__link\">Karupoeg Teodor p\u00fckste ja salliga  &#8211; amigurumi muster (eng)<\/a><\/p><\/div><div class=\"price-wrapper\">\n\t<span class=\"price\"><span class=\"woocommerce-Price-amount amount\"><bdi><span class=\"woocommerce-Price-currencySymbol\">&euro;<\/span>4.90<\/bdi><\/span><\/span>\n<\/div><div class=\"add-to-cart-button\"><a href=\"\/et\/wp-json\/wp\/v2\/product\/93568?add-to-cart=11367\" aria-describedby=\"woocommerce_loop_add_to_cart_link_describedby_11367\" data-quantity=\"1\" class=\"primary is-small mb-0 button product_type_simple add_to_cart_button ajax_add_to_cart is-flat\" data-product_id=\"11367\" data-product_sku=\"IE-1501\" aria-label=\"Add to cart: &ldquo;Karupoeg Teodor p\u00fckste ja salliga  - amigurumi muster (eng)&rdquo;\" rel=\"nofollow\" data-success_message=\"&ldquo;Karupoeg Teodor p\u00fckste ja salliga  - amigurumi muster (eng)&rdquo; has been added to your cart\" role=\"button\">Lisa korvi<\/a><\/div>\t<span id=\"woocommerce_loop_add_to_cart_link_describedby_11367\" class=\"screen-reader-text\">\n\t\t\t<\/span>\n\t\t<\/div>\n\t<\/div>\n\t<span class=\"gtm4wp_productdata\" style=\"display:none; visibility:hidden;\" data-gtm4wp_product_data=\"{&quot;internal_id&quot;:11367,&quot;item_id&quot;:11367,&quot;item_name&quot;:&quot;Karupoeg Teodor p\\u00fckste ja salliga  - amigurumi muster (eng)&quot;,&quot;sku&quot;:&quot;IE-1501&quot;,&quot;price&quot;:4.9,&quot;stocklevel&quot;:null,&quot;stockstatus&quot;:&quot;instock&quot;,&quot;google_business_vertical&quot;:&quot;retail&quot;,&quot;item_category&quot;:&quot;Amigurumi \\u00f5petused&quot;,&quot;item_category2&quot;:&quot;Kaisukaru mustrid&quot;,&quot;id&quot;:11367,&quot;productlink&quot;:&quot;https:\\\/\\\/www.lilleliis.com\\\/et\\\/toode\\\/amigurumi-opetus-karupoeg-teodor\\\/&quot;,&quot;item_list_name&quot;:&quot;General Product List&quot;,&quot;index&quot;:1,&quot;product_type&quot;:&quot;simple&quot;,&quot;item_brand&quot;:&quot;&quot;}\"><\/span>\t<\/div>\n<\/div><\/div><!-- row -->\n<\/div>\n\t\t<\/div>\n\t\t\t\t\t<\/div>\n\n\t\n\n\t<div id=\"col-1137441213\" class=\"col medium-1\/3 large-4\"  >\n\t\t\t\t<div class=\"col-inner\"  >\n\t\t\t\n\t\t\t\n<div class=\"woocommerce \"><div class=\"products row row-small row-masonry has-packery large-columns-3 medium-columns-3 small-columns-2\">\n<div class=\"product-small col has-hover product type-product post-4516 status-publish first instock product_cat-amigurumi-opetused product_cat-janku-mustrid has-post-thumbnail sold-individually taxable shipping-taxable purchasable product-type-variable\">\n\t<div class=\"col-inner\">\n\t\n<div class=\"badge-container absolute left top z-1\">\n\n<\/div>\n\t<div class=\"product-small box \">\n\t\t<div class=\"box-image\">\n\t\t\t<div class=\"image-zoom-fade\">\n\t\t\t\t<a href=\"https:\/\/www.lilleliis.com\/et\/toode\/heegeldatud-memmepoeg-janes\/\">\n\t\t\t\t\t<img loading=\"lazy\" decoding=\"async\" width=\"247\" height=\"296\" src=\"https:\/\/www.lilleliis.com\/wp-content\/uploads\/2014\/12\/sissy-bunny-pattern-3-247x296.jpg\" class=\"attachment-woocommerce_thumbnail size-woocommerce_thumbnail\" alt=\"amigurumi suur j\u00e4nes\" \/>\t\t\t\t<\/a>\n\t\t\t<\/div>\n\t\t\t<div class=\"image-tools is-small top right show-on-hover\">\n\t\t\t\t\t\t\t<\/div>\n\t\t\t<div class=\"image-tools is-small hide-for-small bottom left show-on-hover\">\n\t\t\t\t\t\t\t<\/div>\n\t\t\t<div class=\"image-tools grid-tools text-center hide-for-small bottom hover-slide-in show-on-hover\">\n\t\t\t\t<a href=\"#quick-view\" class=\"quick-view\" role=\"button\" data-prod=\"4516\" aria-haspopup=\"dialog\" aria-expanded=\"false\" data-flatsome-role-button>Quick View<\/a>\t\t\t<\/div>\n\t\t\t\t\t<\/div>\n\n\t\t<div class=\"box-text box-text-products\">\n\t\t\t<div class=\"title-wrapper\">\t\t<p class=\"category uppercase is-smaller no-text-overflow product-cat op-8\">\n\t\t\tAmigurumi \u00f5petused\t\t<\/p>\n\t<p class=\"name product-title woocommerce-loop-product__title\"><a href=\"https:\/\/www.lilleliis.com\/et\/toode\/heegeldatud-memmepoeg-janes\/\" class=\"woocommerce-LoopProduct-link woocommerce-loop-product__link\">Suure j\u00e4nese heegeldamise \u00f5petus &#8211; Memmepoeg j\u00e4nes (ENG)<\/a><\/p><\/div><div class=\"price-wrapper\"><div class=\"star-rating star-rating--inline\" role=\"img\" aria-label=\"Hinnanguga 4.67 \/ 5\"><span style=\"width:93.4%\">Hinnanguga <strong class=\"rating\">4.67<\/strong> \/ 5<\/span><\/div><span class=\"review-count is-small op-8\" aria-label=\"0 arvustused\">(0)<\/span>\n\t<span class=\"price\"><span class=\"woocommerce-Price-amount amount\"><bdi><span class=\"woocommerce-Price-currencySymbol\">&euro;<\/span>5.50<\/bdi><\/span><\/span>\n<\/div><div class=\"add-to-cart-button\"><a href=\"https:\/\/www.lilleliis.com\/et\/toode\/heegeldatud-memmepoeg-janes\/\" aria-describedby=\"woocommerce_loop_add_to_cart_link_describedby_4516\" data-quantity=\"1\" class=\"primary is-small mb-0 button product_type_variable add_to_cart_button is-flat\" data-product_id=\"4516\" data-product_sku=\"IE-1307\" aria-label=\"Vali tootele &ldquo;Suure j\u00e4nese heegeldamise \u00f5petus - Memmepoeg j\u00e4nes (ENG)&rdquo; omadused\" rel=\"nofollow\">Vali<\/a><\/div>\t<span id=\"woocommerce_loop_add_to_cart_link_describedby_4516\" class=\"screen-reader-text\">\n\t\tThis product has multiple variants. The options may be chosen on the product page\t<\/span>\n\t\t<\/div>\n\t<\/div>\n\t<span class=\"gtm4wp_productdata\" style=\"display:none; visibility:hidden;\" data-gtm4wp_product_data=\"{&quot;internal_id&quot;:4516,&quot;item_id&quot;:4516,&quot;item_name&quot;:&quot;Suure j\\u00e4nese heegeldamise \\u00f5petus - Memmepoeg j\\u00e4nes (ENG)&quot;,&quot;sku&quot;:&quot;IE-1307&quot;,&quot;price&quot;:5.5,&quot;stocklevel&quot;:null,&quot;stockstatus&quot;:&quot;instock&quot;,&quot;google_business_vertical&quot;:&quot;retail&quot;,&quot;item_category&quot;:&quot;Amigurumi \\u00f5petused&quot;,&quot;item_category2&quot;:&quot;J\\u00e4nku mustrid&quot;,&quot;id&quot;:4516,&quot;productlink&quot;:&quot;https:\\\/\\\/www.lilleliis.com\\\/et\\\/toode\\\/heegeldatud-memmepoeg-janes\\\/&quot;,&quot;item_list_name&quot;:&quot;General Product List&quot;,&quot;index&quot;:1,&quot;product_type&quot;:&quot;variable&quot;,&quot;item_brand&quot;:&quot;&quot;}\"><\/span>\t<\/div>\n<\/div><\/div><!-- row -->\n<\/div>\n\t\t<\/div>\n\t\t\t\t\t<\/div>\n\n\t\n\n\t<div id=\"col-1905124494\" class=\"col medium-1\/3 large-4\"  >\n\t\t\t\t<div class=\"col-inner\"  >\n\t\t\t\n\t\t\t\n<div class=\"woocommerce \"><div class=\"products row row-small row-masonry has-packery large-columns-3 medium-columns-3 small-columns-2\">\n<div class=\"product-small col has-hover product type-product post-2970 status-publish first instock product_cat-amigurumi-opetused product_cat-kaisukaru-mustrid has-post-thumbnail sold-individually taxable shipping-taxable purchasable product-type-variable\">\n\t<div class=\"col-inner\">\n\t\n<div class=\"badge-container absolute left top z-1\">\n\n<\/div>\n\t<div class=\"product-small box \">\n\t\t<div class=\"box-image\">\n\t\t\t<div class=\"image-zoom-fade\">\n\t\t\t\t<a href=\"https:\/\/www.lilleliis.com\/et\/toode\/heegeldatud-mommi-opetus\/\">\n\t\t\t\t\t<img loading=\"lazy\" decoding=\"async\" width=\"247\" height=\"296\" src=\"https:\/\/www.lilleliis.com\/wp-content\/uploads\/2013\/06\/DSC_6062-247x296.jpg\" class=\"attachment-woocommerce_thumbnail size-woocommerce_thumbnail\" alt=\"amigurumi muster m\u00f5mmi\" \/>\t\t\t\t<\/a>\n\t\t\t<\/div>\n\t\t\t<div class=\"image-tools is-small top right show-on-hover\">\n\t\t\t\t\t\t\t<\/div>\n\t\t\t<div class=\"image-tools is-small hide-for-small bottom left show-on-hover\">\n\t\t\t\t\t\t\t<\/div>\n\t\t\t<div class=\"image-tools grid-tools text-center hide-for-small bottom hover-slide-in show-on-hover\">\n\t\t\t\t<a href=\"#quick-view\" class=\"quick-view\" role=\"button\" data-prod=\"2970\" aria-haspopup=\"dialog\" aria-expanded=\"false\" data-flatsome-role-button>Quick View<\/a>\t\t\t<\/div>\n\t\t\t\t\t<\/div>\n\n\t\t<div class=\"box-text box-text-products\">\n\t\t\t<div class=\"title-wrapper\">\t\t<p class=\"category uppercase is-smaller no-text-overflow product-cat op-8\">\n\t\t\tAmigurumi \u00f5petused\t\t<\/p>\n\t<p class=\"name product-title woocommerce-loop-product__title\"><a href=\"https:\/\/www.lilleliis.com\/et\/toode\/heegeldatud-mommi-opetus\/\" class=\"woocommerce-LoopProduct-link woocommerce-loop-product__link\">M\u00f5mmi &#8211; amigurumi muster<\/a><\/p><\/div><div class=\"price-wrapper\"><div class=\"star-rating star-rating--inline\" role=\"img\" aria-label=\"Hinnanguga 5 \/ 5\"><span style=\"width:100%\">Hinnanguga <strong class=\"rating\">5<\/strong> \/ 5<\/span><\/div><span class=\"review-count is-small op-8\" aria-label=\"1 \u00fclevaade\">(1)<\/span>\n\t<span class=\"price\"><span class=\"woocommerce-Price-amount amount\"><bdi><span class=\"woocommerce-Price-currencySymbol\">&euro;<\/span>4.90<\/bdi><\/span><\/span>\n<\/div><div class=\"add-to-cart-button\"><a href=\"https:\/\/www.lilleliis.com\/et\/toode\/heegeldatud-mommi-opetus\/\" aria-describedby=\"woocommerce_loop_add_to_cart_link_describedby_2970\" data-quantity=\"1\" class=\"primary is-small mb-0 button product_type_variable add_to_cart_button is-flat\" data-product_id=\"2970\" data-product_sku=\"IE-1303\" aria-label=\"Vali tootele &ldquo;M\u00f5mmi - amigurumi muster&rdquo; omadused\" rel=\"nofollow\">Vali<\/a><\/div>\t<span id=\"woocommerce_loop_add_to_cart_link_describedby_2970\" class=\"screen-reader-text\">\n\t\tThis product has multiple variants. The options may be chosen on the product page\t<\/span>\n\t\t<\/div>\n\t<\/div>\n\t<span class=\"gtm4wp_productdata\" style=\"display:none; visibility:hidden;\" data-gtm4wp_product_data=\"{&quot;internal_id&quot;:2970,&quot;item_id&quot;:2970,&quot;item_name&quot;:&quot;M\\u00f5mmi - amigurumi muster&quot;,&quot;sku&quot;:&quot;IE-1303&quot;,&quot;price&quot;:4.9,&quot;stocklevel&quot;:null,&quot;stockstatus&quot;:&quot;instock&quot;,&quot;google_business_vertical&quot;:&quot;retail&quot;,&quot;item_category&quot;:&quot;Amigurumi \\u00f5petused&quot;,&quot;item_category2&quot;:&quot;Kaisukaru mustrid&quot;,&quot;id&quot;:2970,&quot;productlink&quot;:&quot;https:\\\/\\\/www.lilleliis.com\\\/et\\\/toode\\\/heegeldatud-mommi-opetus\\\/&quot;,&quot;item_list_name&quot;:&quot;General Product List&quot;,&quot;index&quot;:1,&quot;product_type&quot;:&quot;variable&quot;,&quot;item_brand&quot;:&quot;&quot;}\"><\/span>\t<\/div>\n<\/div><\/div><!-- row -->\n<\/div>\n\t\t<\/div>\n\t\t\t\t\t<\/div>\n\n\t\n<\/div>\n","protected":false},"excerpt":{"rendered":"<p>\u00dcmara pupilliga oran\u017eid turvasilmad suuruses 12mm. Keskmise kvaliteediklassiga turvasilmad koos kinnitustega.<\/p>\n<hr \/>\n<p><span data-text-color=\"primary\">SUURUS JA MATERJAL<\/span><\/p>\n<p>Suurus: 12 mm<\/p>\n<p>Materjal: plastmass<\/p>\n<hr \/>\n<p><span data-text-color=\"primary\">KUIDAS TURVASILMI KASUTADA<\/span><\/p>\n<p>Turvasilmade kinnitamisest saad l\u00e4hemalt lugeda\u00a0<a href=\"https:\/\/www.lilleliis.com\/et\/turvasilmad-manguasjadele\/\" target=\"_blank\" rel=\"noopener\">siin<\/a>.<\/p>\n","protected":false},"featured_media":93570,"comment_status":"open","ping_status":"closed","template":"","meta":[],"product_brand":[],"product_cat":[429,562],"product_tag":[],"class_list":{"0":"post-93568","1":"product","2":"type-product","3":"status-publish","4":"has-post-thumbnail","6":"product_cat-kasitoo-tarvikud","7":"product_cat-turvasilmad","8":"pa_color-beez","9":"pa_color-mitmevarviline","10":"pa_color-oranz","11":"pa_color-pruun","12":"pa_color-roosa","13":"pa_color-sinine","15":"first","16":"outofstock","17":"sale","18":"taxable","19":"shipping-taxable","20":"purchasable","21":"product-type-simple"},"yoast_head":"<!-- This site is optimized with the Yoast SEO plugin v27.3 - https:\/\/yoast.com\/product\/yoast-seo-wordpress\/ -->\n<title>\u00dcmara pupilliga turvasilmad 12mm, oran\u017e (5 paari)<\/title>\n<meta name=\"description\" content=\"\u00dcmara pupilliga oran\u017eid turvasilmad 12mm. Komplektis on 5 paari turvasilmi koos kinnitustega.\" \/>\n<meta name=\"robots\" content=\"index, follow, max-snippet:-1, max-image-preview:large, max-video-preview:-1\" \/>\n<link rel=\"canonical\" href=\"https:\/\/www.lilleliis.com\/et\/toode\/umara-pupilliga-turvasilmad-12mm\/\" \/>\n<meta property=\"og:locale\" content=\"et_EE\" \/>\n<meta property=\"og:type\" content=\"article\" \/>\n<meta property=\"og:title\" content=\"\u00dcmara pupilliga turvasilmad 12mm, oran\u017e (5 paari)\" \/>\n<meta property=\"og:description\" content=\"\u00dcmara pupilliga oran\u017eid turvasilmad 12mm. Komplektis on 5 paari turvasilmi koos kinnitustega.\" \/>\n<meta property=\"og:url\" content=\"https:\/\/www.lilleliis.com\/et\/toode\/umara-pupilliga-turvasilmad-12mm\/\" \/>\n<meta property=\"og:site_name\" content=\"lilleliis\" \/>\n<meta property=\"article:publisher\" content=\"https:\/\/www.facebook.com\/lilleliis-283266335035799\/\" \/>\n<meta property=\"article:modified_time\" content=\"2025-10-29T08:34:08+00:00\" \/>\n<meta property=\"og:image\" content=\"https:\/\/www.lilleliis.com\/wp-content\/uploads\/2024\/01\/turvasilmad-12mm-oranz-1.jpg\" \/>\n\t<meta property=\"og:image:width\" content=\"667\" \/>\n\t<meta property=\"og:image:height\" content=\"1001\" \/>\n\t<meta property=\"og:image:type\" content=\"image\/jpeg\" \/>\n<meta name=\"twitter:card\" content=\"summary_large_image\" \/>\n<meta name=\"twitter:label1\" content=\"Est. reading time\" \/>\n\t<meta name=\"twitter:data1\" content=\"1 minute\" \/>\n<script type=\"application\/ld+json\" class=\"yoast-schema-graph\">{\"@context\":\"https:\\\/\\\/schema.org\",\"@graph\":[{\"@type\":\"WebPage\",\"@id\":\"https:\\\/\\\/www.lilleliis.com\\\/et\\\/toode\\\/umara-pupilliga-turvasilmad-12mm\\\/\",\"url\":\"https:\\\/\\\/www.lilleliis.com\\\/et\\\/toode\\\/umara-pupilliga-turvasilmad-12mm\\\/\",\"name\":\"\u00dcmara pupilliga turvasilmad 12mm, oran\u017e (5 paari)\",\"isPartOf\":{\"@id\":\"https:\\\/\\\/www.lilleliis.com\\\/et\\\/#website\"},\"primaryImageOfPage\":{\"@id\":\"https:\\\/\\\/www.lilleliis.com\\\/et\\\/toode\\\/umara-pupilliga-turvasilmad-12mm\\\/#primaryimage\"},\"image\":{\"@id\":\"https:\\\/\\\/www.lilleliis.com\\\/et\\\/toode\\\/umara-pupilliga-turvasilmad-12mm\\\/#primaryimage\"},\"thumbnailUrl\":\"https:\\\/\\\/www.lilleliis.com\\\/wp-content\\\/uploads\\\/2024\\\/01\\\/turvasilmad-12mm-oranz-1.jpg\",\"datePublished\":\"2025-07-22T09:36:04+00:00\",\"dateModified\":\"2025-10-29T08:34:08+00:00\",\"description\":\"\u00dcmara pupilliga oran\u017eid turvasilmad 12mm. Komplektis on 5 paari turvasilmi koos kinnitustega.\",\"breadcrumb\":{\"@id\":\"https:\\\/\\\/www.lilleliis.com\\\/et\\\/toode\\\/umara-pupilliga-turvasilmad-12mm\\\/#breadcrumb\"},\"inLanguage\":\"et\",\"potentialAction\":[{\"@type\":\"ReadAction\",\"target\":[\"https:\\\/\\\/www.lilleliis.com\\\/et\\\/toode\\\/umara-pupilliga-turvasilmad-12mm\\\/\"]}]},{\"@type\":\"ImageObject\",\"inLanguage\":\"et\",\"@id\":\"https:\\\/\\\/www.lilleliis.com\\\/et\\\/toode\\\/umara-pupilliga-turvasilmad-12mm\\\/#primaryimage\",\"url\":\"https:\\\/\\\/www.lilleliis.com\\\/wp-content\\\/uploads\\\/2024\\\/01\\\/turvasilmad-12mm-oranz-1.jpg\",\"contentUrl\":\"https:\\\/\\\/www.lilleliis.com\\\/wp-content\\\/uploads\\\/2024\\\/01\\\/turvasilmad-12mm-oranz-1.jpg\",\"width\":667,\"height\":1001,\"caption\":\"turvasilmad 12mm oran\u017e\"},{\"@type\":\"BreadcrumbList\",\"@id\":\"https:\\\/\\\/www.lilleliis.com\\\/et\\\/toode\\\/umara-pupilliga-turvasilmad-12mm\\\/#breadcrumb\",\"itemListElement\":[{\"@type\":\"ListItem\",\"position\":1,\"name\":\"Home\",\"item\":\"https:\\\/\\\/www.lilleliis.com\\\/et\\\/\"},{\"@type\":\"ListItem\",\"position\":2,\"name\":\"Pood\",\"item\":\"https:\\\/\\\/www.lilleliis.com\\\/et\\\/shop\\\/\"},{\"@type\":\"ListItem\",\"position\":3,\"name\":\"\u00dcmara pupilliga turvasilmad 12mm, oran\u017e (5 paari)\"}]},{\"@type\":\"WebSite\",\"@id\":\"https:\\\/\\\/www.lilleliis.com\\\/et\\\/#website\",\"url\":\"https:\\\/\\\/www.lilleliis.com\\\/et\\\/\",\"name\":\"lilleliis\",\"description\":\"Amigurumi m\u00e4nguasjad ja mustrid\",\"potentialAction\":[{\"@type\":\"SearchAction\",\"target\":{\"@type\":\"EntryPoint\",\"urlTemplate\":\"https:\\\/\\\/www.lilleliis.com\\\/et\\\/?s={search_term_string}\"},\"query-input\":{\"@type\":\"PropertyValueSpecification\",\"valueRequired\":true,\"valueName\":\"search_term_string\"}}],\"inLanguage\":\"et\"}]}<\/script>\n<!-- \/ Yoast SEO plugin. -->","yoast_head_json":{"title":"\u00dcmara pupilliga turvasilmad 12mm, oran\u017e (5 paari)","description":"\u00dcmara pupilliga oran\u017eid turvasilmad 12mm. Komplektis on 5 paari turvasilmi koos kinnitustega.","robots":{"index":"index","follow":"follow","max-snippet":"max-snippet:-1","max-image-preview":"max-image-preview:large","max-video-preview":"max-video-preview:-1"},"canonical":"https:\/\/www.lilleliis.com\/et\/toode\/umara-pupilliga-turvasilmad-12mm\/","og_locale":"et_EE","og_type":"article","og_title":"\u00dcmara pupilliga turvasilmad 12mm, oran\u017e (5 paari)","og_description":"\u00dcmara pupilliga oran\u017eid turvasilmad 12mm. Komplektis on 5 paari turvasilmi koos kinnitustega.","og_url":"https:\/\/www.lilleliis.com\/et\/toode\/umara-pupilliga-turvasilmad-12mm\/","og_site_name":"lilleliis","article_publisher":"https:\/\/www.facebook.com\/lilleliis-283266335035799\/","article_modified_time":"2025-10-29T08:34:08+00:00","og_image":[{"width":667,"height":1001,"url":"https:\/\/www.lilleliis.com\/wp-content\/uploads\/2024\/01\/turvasilmad-12mm-oranz-1.jpg","type":"image\/jpeg"}],"twitter_card":"summary_large_image","twitter_misc":{"Est. reading time":"1 minute"},"schema":{"@context":"https:\/\/schema.org","@graph":[{"@type":"WebPage","@id":"https:\/\/www.lilleliis.com\/et\/toode\/umara-pupilliga-turvasilmad-12mm\/","url":"https:\/\/www.lilleliis.com\/et\/toode\/umara-pupilliga-turvasilmad-12mm\/","name":"\u00dcmara pupilliga turvasilmad 12mm, oran\u017e (5 paari)","isPartOf":{"@id":"https:\/\/www.lilleliis.com\/et\/#website"},"primaryImageOfPage":{"@id":"https:\/\/www.lilleliis.com\/et\/toode\/umara-pupilliga-turvasilmad-12mm\/#primaryimage"},"image":{"@id":"https:\/\/www.lilleliis.com\/et\/toode\/umara-pupilliga-turvasilmad-12mm\/#primaryimage"},"thumbnailUrl":"https:\/\/www.lilleliis.com\/wp-content\/uploads\/2024\/01\/turvasilmad-12mm-oranz-1.jpg","datePublished":"2025-07-22T09:36:04+00:00","dateModified":"2025-10-29T08:34:08+00:00","description":"\u00dcmara pupilliga oran\u017eid turvasilmad 12mm. Komplektis on 5 paari turvasilmi koos kinnitustega.","breadcrumb":{"@id":"https:\/\/www.lilleliis.com\/et\/toode\/umara-pupilliga-turvasilmad-12mm\/#breadcrumb"},"inLanguage":"et","potentialAction":[{"@type":"ReadAction","target":["https:\/\/www.lilleliis.com\/et\/toode\/umara-pupilliga-turvasilmad-12mm\/"]}]},{"@type":"ImageObject","inLanguage":"et","@id":"https:\/\/www.lilleliis.com\/et\/toode\/umara-pupilliga-turvasilmad-12mm\/#primaryimage","url":"https:\/\/www.lilleliis.com\/wp-content\/uploads\/2024\/01\/turvasilmad-12mm-oranz-1.jpg","contentUrl":"https:\/\/www.lilleliis.com\/wp-content\/uploads\/2024\/01\/turvasilmad-12mm-oranz-1.jpg","width":667,"height":1001,"caption":"turvasilmad 12mm oran\u017e"},{"@type":"BreadcrumbList","@id":"https:\/\/www.lilleliis.com\/et\/toode\/umara-pupilliga-turvasilmad-12mm\/#breadcrumb","itemListElement":[{"@type":"ListItem","position":1,"name":"Home","item":"https:\/\/www.lilleliis.com\/et\/"},{"@type":"ListItem","position":2,"name":"Pood","item":"https:\/\/www.lilleliis.com\/et\/shop\/"},{"@type":"ListItem","position":3,"name":"\u00dcmara pupilliga turvasilmad 12mm, oran\u017e (5 paari)"}]},{"@type":"WebSite","@id":"https:\/\/www.lilleliis.com\/et\/#website","url":"https:\/\/www.lilleliis.com\/et\/","name":"lilleliis","description":"Amigurumi m\u00e4nguasjad ja mustrid","potentialAction":[{"@type":"SearchAction","target":{"@type":"EntryPoint","urlTemplate":"https:\/\/www.lilleliis.com\/et\/?s={search_term_string}"},"query-input":{"@type":"PropertyValueSpecification","valueRequired":true,"valueName":"search_term_string"}}],"inLanguage":"et"}]}},"_links":{"self":[{"href":"https:\/\/www.lilleliis.com\/et\/wp-json\/wp\/v2\/product\/93568","targetHints":{"allow":["GET"]}}],"collection":[{"href":"https:\/\/www.lilleliis.com\/et\/wp-json\/wp\/v2\/product"}],"about":[{"href":"https:\/\/www.lilleliis.com\/et\/wp-json\/wp\/v2\/types\/product"}],"replies":[{"embeddable":true,"href":"https:\/\/www.lilleliis.com\/et\/wp-json\/wp\/v2\/comments?post=93568"}],"wp:featuredmedia":[{"embeddable":true,"href":"https:\/\/www.lilleliis.com\/et\/wp-json\/wp\/v2\/media\/93570"}],"wp:attachment":[{"href":"https:\/\/www.lilleliis.com\/et\/wp-json\/wp\/v2\/media?parent=93568"}],"wp:term":[{"taxonomy":"product_brand","embeddable":true,"href":"https:\/\/www.lilleliis.com\/et\/wp-json\/wp\/v2\/product_brand?post=93568"},{"taxonomy":"product_cat","embeddable":true,"href":"https:\/\/www.lilleliis.com\/et\/wp-json\/wp\/v2\/product_cat?post=93568"},{"taxonomy":"product_tag","embeddable":true,"href":"https:\/\/www.lilleliis.com\/et\/wp-json\/wp\/v2\/product_tag?post=93568"}],"curies":[{"name":"wp","href":"https:\/\/api.w.org\/{rel}","templated":true}]}}