{"id":94014,"date":"2026-01-23T10:05:44","date_gmt":"2026-01-23T08:05:44","guid":{"rendered":"https:\/\/www.lilleliis.com\/?post_type=product&#038;p=94014"},"modified":"2026-03-29T18:49:35","modified_gmt":"2026-03-29T15:49:35","slug":"tibupoeg-munakoores-amigurumi-opetus","status":"publish","type":"product","link":"https:\/\/www.lilleliis.com\/et\/toode\/tibupoeg-munakoores-amigurumi-opetus\/","title":{"rendered":"Tibu heegeldamise \u00f5petus &#8211; Tibupoeg munakoores"},"content":{"rendered":"<p>Amigurumi heegeldamise \u00f5petus &#8211; Tibupoeg munakoores<\/p>\n<p>\u00d5petuses kombineeritakse kahte sarnase j\u00e4medusega kuid erineva iseloomuga l\u00f5nga. Tibupoeg on heegeldatud pehmest ja kohevast \u0161enill-l\u00f5ngast, mis katsudes on ligil\u00e4hedane p\u00e4ris tibupoja pehmusele. Nokk ja munakoored on valmistatud siledama pinnaga puuvillast. Kahe erineva materjali kooslus ja vastandamine m\u00e4ngib selles disainis pearolli.<\/p>\n<p>Tibupoja heegeldamine on imelihtne, see sobib ka alustavale amigurumi valmistajale. Munakoores sakilise serva valmistamiseks peab teadma rohkem silmuseid (erineva k\u00f5rgusega sambad), aga midagi kaelamurdvat pole ka selles.<\/p>\n<div class=\"is-divider divider clearfix\" ><\/div>\n<h3>Mustrist<\/h3>\n<p>Allalaetav ja lihtsasti j\u00e4lgitav k\u00e4sit\u00f6\u00f6 \u00f5petus (PDF fail). 12-lehek\u00fcljeline juhend sisaldab samm-sammulist \u00f5petust eseme valmistamiseks ning hulgaliselt abistavaid fotosid.<\/p>\n<p>Keel: eesti, inglise<\/p>\n<p>\u00d5petuse raskusaste: keskmine<\/p>\n<p>Vajaminevad v\u00f5tted: kinnissilmust, poolsammas, \u00fchekordne sammas, kahekordne sammas<\/p>\n<div class=\"is-divider divider clearfix\" ><\/div>\n<h3>Suurus ja materjal<\/h3>\n<p>Suurus: 7-8 cm<\/p>\n<p>Valmistamiseks on kasutatud heegeln\u00f5ela j\u00e4medusega 2,5 mm ning kombineeritud sama j\u00e4medusega <a href=\"https:\/\/www.lilleliis.com\/et\/toode\/ricorumi-nilli-nilli-senill-long\/\">Nilli Nilli<\/a> \u0161enill-l\u00f5nga ja <a href=\"https:\/\/www.lilleliis.com\/et\/toode\/ricorumi-dk\/\">Ricorumi DK<\/a> puuvillast l\u00f5nga.<\/p>\n<div class=\"is-divider divider clearfix\" ><\/div>\n<h3>Abi ja copyright<\/h3>\n<p>K\u00fcsimuste korral saab abi\u00a0<a href=\"mailto:%20lilleliis@gmail.com\">e-posti teel<\/a>.<\/p>\n<p>\u00d5petuse j\u00e4rgi valmistatud esemeid v\u00f5ib m\u00fc\u00fca. \u00d5petust on keelatud jagada. Autori\u00f5igustega tutvu\u00a0<a href=\"https:\/\/www.lilleliis.com\/et\/autorioigused\/\" target=\"_blank\" rel=\"noopener\">siin<\/a>.<\/p>\n","protected":false},"excerpt":{"rendered":"<p data-start=\"19\" data-end=\"264\">See tibu heegeldamise \u00f5petus aitab sul valmistada armsa tibupoja, kes piilub munakoorest v\u00e4lja. Tibupoeg munakoores s\u00fcndis lihav\u00f5ttep\u00fchade ootuses ning sobib suurep\u00e4raselt nii kodu kaunistamiseks kui ka v\u00e4ikeseks kevadiseks kingituseks.<\/p>\n<p data-start=\"266\" data-end=\"591\" data-is-last-node=\"\" data-is-only-node=\"\">\u00d5petuses kasutatakse kahte sarnase j\u00e4medusega, kuid erineva iseloomuga l\u00f5nga: tibupoeg on heegeldatud sametiselt pehmest \u0161enill-l\u00f5ngast, nokk ja munakoored aga siledast puuvillasest l\u00f5ngast.<\/p>\n<p data-start=\"266\" data-end=\"591\" data-is-last-node=\"\" data-is-only-node=\"\"><div class=\"is-divider divider clearfix\" ><\/div>\n<p data-start=\"266\" data-end=\"591\" data-is-last-node=\"\" data-is-only-node=\"\">Tegemist on allalaetava <strong data-start=\"326\" data-end=\"343\">PDF-\u00f5petusega<\/strong>, mis sisaldab rohkelt fotosid. \u00d5petuse raskusaste on <strong>keskmine<\/strong>\u00a0ja see on saadaval ka eesti keeles.<\/p>\n","protected":false},"featured_media":99599,"comment_status":"open","ping_status":"closed","template":"","meta":[],"product_brand":[],"product_cat":[95,513],"product_tag":[1605],"class_list":{"0":"post-94014","1":"product","2":"type-product","3":"status-publish","4":"has-post-thumbnail","6":"product_cat-amigurumi-opetused","7":"product_cat-linnu-mustrid","8":"product_tag-lihavotted","9":"pa_pattern-language-eesti","10":"pa_pattern-language-inglise","11":"pa_pattern-skill-level-keskmine","13":"first","14":"instock","15":"sold-individually","16":"taxable","17":"shipping-taxable","18":"purchasable","19":"product-type-variable"},"yoast_head":"<!-- This site is optimized with the Yoast SEO plugin v27.3 - https:\/\/yoast.com\/product\/yoast-seo-wordpress\/ -->\n<title>Tibu heegeldamise \u00f5petus - Tibupoeg munakoores | lilleliis<\/title>\n<meta name=\"description\" content=\"Lihav\u00f5tte tibu heegeldamise \u00f5petus. Valmista heegeldatud tibupoeg munakoores - armas kevadine kaunistus v\u00f5i kingitus. \u00d5petus sisaldab selgeid juhiseid ja fotosid.\" \/>\n<meta name=\"robots\" content=\"index, follow, max-snippet:-1, max-image-preview:large, max-video-preview:-1\" \/>\n<link rel=\"canonical\" href=\"https:\/\/www.lilleliis.com\/et\/toode\/tibupoeg-munakoores-amigurumi-opetus\/\" \/>\n<meta property=\"og:locale\" content=\"et_EE\" \/>\n<meta property=\"og:type\" content=\"article\" \/>\n<meta property=\"og:title\" content=\"Tibu heegeldamise \u00f5petus - Tibupoeg munakoores | lilleliis\" \/>\n<meta property=\"og:description\" content=\"Lihav\u00f5tte tibu heegeldamise \u00f5petus. Valmista heegeldatud tibupoeg munakoores - armas kevadine kaunistus v\u00f5i kingitus. \u00d5petus sisaldab selgeid juhiseid ja fotosid.\" \/>\n<meta property=\"og:url\" content=\"https:\/\/www.lilleliis.com\/et\/toode\/tibupoeg-munakoores-amigurumi-opetus\/\" \/>\n<meta property=\"og:site_name\" content=\"lilleliis\" \/>\n<meta property=\"article:publisher\" content=\"https:\/\/www.facebook.com\/lilleliis-283266335035799\/\" \/>\n<meta property=\"article:modified_time\" content=\"2026-03-29T15:49:35+00:00\" \/>\n<meta property=\"og:image\" content=\"https:\/\/www.lilleliis.com\/wp-content\/uploads\/2025\/03\/Little-Chick-in-an-Egg-Shell-Amigurumi-Pattern2.jpg\" \/>\n\t<meta property=\"og:image:width\" content=\"1000\" \/>\n\t<meta property=\"og:image:height\" content=\"1500\" \/>\n\t<meta property=\"og:image:type\" content=\"image\/jpeg\" \/>\n<meta name=\"twitter:card\" content=\"summary_large_image\" \/>\n<meta name=\"twitter:label1\" content=\"Est. reading time\" \/>\n\t<meta name=\"twitter:data1\" content=\"1 minute\" \/>\n<script type=\"application\/ld+json\" class=\"yoast-schema-graph\">{\"@context\":\"https:\\\/\\\/schema.org\",\"@graph\":[{\"@type\":\"WebPage\",\"@id\":\"https:\\\/\\\/www.lilleliis.com\\\/et\\\/toode\\\/tibupoeg-munakoores-amigurumi-opetus\\\/\",\"url\":\"https:\\\/\\\/www.lilleliis.com\\\/et\\\/toode\\\/tibupoeg-munakoores-amigurumi-opetus\\\/\",\"name\":\"Tibu heegeldamise \u00f5petus - Tibupoeg munakoores | lilleliis\",\"isPartOf\":{\"@id\":\"https:\\\/\\\/www.lilleliis.com\\\/et\\\/#website\"},\"primaryImageOfPage\":{\"@id\":\"https:\\\/\\\/www.lilleliis.com\\\/et\\\/toode\\\/tibupoeg-munakoores-amigurumi-opetus\\\/#primaryimage\"},\"image\":{\"@id\":\"https:\\\/\\\/www.lilleliis.com\\\/et\\\/toode\\\/tibupoeg-munakoores-amigurumi-opetus\\\/#primaryimage\"},\"thumbnailUrl\":\"https:\\\/\\\/www.lilleliis.com\\\/wp-content\\\/uploads\\\/2025\\\/03\\\/Little-Chick-in-an-Egg-Shell-Amigurumi-Pattern2.jpg\",\"datePublished\":\"2026-01-23T08:05:44+00:00\",\"dateModified\":\"2026-03-29T15:49:35+00:00\",\"description\":\"Lihav\u00f5tte tibu heegeldamise \u00f5petus. Valmista heegeldatud tibupoeg munakoores - armas kevadine kaunistus v\u00f5i kingitus. \u00d5petus sisaldab selgeid juhiseid ja fotosid.\",\"breadcrumb\":{\"@id\":\"https:\\\/\\\/www.lilleliis.com\\\/et\\\/toode\\\/tibupoeg-munakoores-amigurumi-opetus\\\/#breadcrumb\"},\"inLanguage\":\"et\",\"potentialAction\":[{\"@type\":\"ReadAction\",\"target\":[\"https:\\\/\\\/www.lilleliis.com\\\/et\\\/toode\\\/tibupoeg-munakoores-amigurumi-opetus\\\/\"]}]},{\"@type\":\"ImageObject\",\"inLanguage\":\"et\",\"@id\":\"https:\\\/\\\/www.lilleliis.com\\\/et\\\/toode\\\/tibupoeg-munakoores-amigurumi-opetus\\\/#primaryimage\",\"url\":\"https:\\\/\\\/www.lilleliis.com\\\/wp-content\\\/uploads\\\/2025\\\/03\\\/Little-Chick-in-an-Egg-Shell-Amigurumi-Pattern2.jpg\",\"contentUrl\":\"https:\\\/\\\/www.lilleliis.com\\\/wp-content\\\/uploads\\\/2025\\\/03\\\/Little-Chick-in-an-Egg-Shell-Amigurumi-Pattern2.jpg\",\"width\":1000,\"height\":1500,\"caption\":\"Little Chick in an Egg Shell Amigurumi Pattern\"},{\"@type\":\"BreadcrumbList\",\"@id\":\"https:\\\/\\\/www.lilleliis.com\\\/et\\\/toode\\\/tibupoeg-munakoores-amigurumi-opetus\\\/#breadcrumb\",\"itemListElement\":[{\"@type\":\"ListItem\",\"position\":1,\"name\":\"Home\",\"item\":\"https:\\\/\\\/www.lilleliis.com\\\/et\\\/\"},{\"@type\":\"ListItem\",\"position\":2,\"name\":\"Pood\",\"item\":\"https:\\\/\\\/www.lilleliis.com\\\/et\\\/shop\\\/\"},{\"@type\":\"ListItem\",\"position\":3,\"name\":\"Tibu heegeldamise \u00f5petus &#8211; Tibupoeg munakoores\"}]},{\"@type\":\"WebSite\",\"@id\":\"https:\\\/\\\/www.lilleliis.com\\\/et\\\/#website\",\"url\":\"https:\\\/\\\/www.lilleliis.com\\\/et\\\/\",\"name\":\"lilleliis\",\"description\":\"Amigurumi m\u00e4nguasjad ja mustrid\",\"potentialAction\":[{\"@type\":\"SearchAction\",\"target\":{\"@type\":\"EntryPoint\",\"urlTemplate\":\"https:\\\/\\\/www.lilleliis.com\\\/et\\\/?s={search_term_string}\"},\"query-input\":{\"@type\":\"PropertyValueSpecification\",\"valueRequired\":true,\"valueName\":\"search_term_string\"}}],\"inLanguage\":\"et\"}]}<\/script>\n<!-- \/ Yoast SEO plugin. -->","yoast_head_json":{"title":"Tibu heegeldamise \u00f5petus - Tibupoeg munakoores | lilleliis","description":"Lihav\u00f5tte tibu heegeldamise \u00f5petus. Valmista heegeldatud tibupoeg munakoores - armas kevadine kaunistus v\u00f5i kingitus. \u00d5petus sisaldab selgeid juhiseid ja fotosid.","robots":{"index":"index","follow":"follow","max-snippet":"max-snippet:-1","max-image-preview":"max-image-preview:large","max-video-preview":"max-video-preview:-1"},"canonical":"https:\/\/www.lilleliis.com\/et\/toode\/tibupoeg-munakoores-amigurumi-opetus\/","og_locale":"et_EE","og_type":"article","og_title":"Tibu heegeldamise \u00f5petus - Tibupoeg munakoores | lilleliis","og_description":"Lihav\u00f5tte tibu heegeldamise \u00f5petus. Valmista heegeldatud tibupoeg munakoores - armas kevadine kaunistus v\u00f5i kingitus. \u00d5petus sisaldab selgeid juhiseid ja fotosid.","og_url":"https:\/\/www.lilleliis.com\/et\/toode\/tibupoeg-munakoores-amigurumi-opetus\/","og_site_name":"lilleliis","article_publisher":"https:\/\/www.facebook.com\/lilleliis-283266335035799\/","article_modified_time":"2026-03-29T15:49:35+00:00","og_image":[{"width":1000,"height":1500,"url":"https:\/\/www.lilleliis.com\/wp-content\/uploads\/2025\/03\/Little-Chick-in-an-Egg-Shell-Amigurumi-Pattern2.jpg","type":"image\/jpeg"}],"twitter_card":"summary_large_image","twitter_misc":{"Est. reading time":"1 minute"},"schema":{"@context":"https:\/\/schema.org","@graph":[{"@type":"WebPage","@id":"https:\/\/www.lilleliis.com\/et\/toode\/tibupoeg-munakoores-amigurumi-opetus\/","url":"https:\/\/www.lilleliis.com\/et\/toode\/tibupoeg-munakoores-amigurumi-opetus\/","name":"Tibu heegeldamise \u00f5petus - Tibupoeg munakoores | lilleliis","isPartOf":{"@id":"https:\/\/www.lilleliis.com\/et\/#website"},"primaryImageOfPage":{"@id":"https:\/\/www.lilleliis.com\/et\/toode\/tibupoeg-munakoores-amigurumi-opetus\/#primaryimage"},"image":{"@id":"https:\/\/www.lilleliis.com\/et\/toode\/tibupoeg-munakoores-amigurumi-opetus\/#primaryimage"},"thumbnailUrl":"https:\/\/www.lilleliis.com\/wp-content\/uploads\/2025\/03\/Little-Chick-in-an-Egg-Shell-Amigurumi-Pattern2.jpg","datePublished":"2026-01-23T08:05:44+00:00","dateModified":"2026-03-29T15:49:35+00:00","description":"Lihav\u00f5tte tibu heegeldamise \u00f5petus. Valmista heegeldatud tibupoeg munakoores - armas kevadine kaunistus v\u00f5i kingitus. \u00d5petus sisaldab selgeid juhiseid ja fotosid.","breadcrumb":{"@id":"https:\/\/www.lilleliis.com\/et\/toode\/tibupoeg-munakoores-amigurumi-opetus\/#breadcrumb"},"inLanguage":"et","potentialAction":[{"@type":"ReadAction","target":["https:\/\/www.lilleliis.com\/et\/toode\/tibupoeg-munakoores-amigurumi-opetus\/"]}]},{"@type":"ImageObject","inLanguage":"et","@id":"https:\/\/www.lilleliis.com\/et\/toode\/tibupoeg-munakoores-amigurumi-opetus\/#primaryimage","url":"https:\/\/www.lilleliis.com\/wp-content\/uploads\/2025\/03\/Little-Chick-in-an-Egg-Shell-Amigurumi-Pattern2.jpg","contentUrl":"https:\/\/www.lilleliis.com\/wp-content\/uploads\/2025\/03\/Little-Chick-in-an-Egg-Shell-Amigurumi-Pattern2.jpg","width":1000,"height":1500,"caption":"Little Chick in an Egg Shell Amigurumi Pattern"},{"@type":"BreadcrumbList","@id":"https:\/\/www.lilleliis.com\/et\/toode\/tibupoeg-munakoores-amigurumi-opetus\/#breadcrumb","itemListElement":[{"@type":"ListItem","position":1,"name":"Home","item":"https:\/\/www.lilleliis.com\/et\/"},{"@type":"ListItem","position":2,"name":"Pood","item":"https:\/\/www.lilleliis.com\/et\/shop\/"},{"@type":"ListItem","position":3,"name":"Tibu heegeldamise \u00f5petus &#8211; Tibupoeg munakoores"}]},{"@type":"WebSite","@id":"https:\/\/www.lilleliis.com\/et\/#website","url":"https:\/\/www.lilleliis.com\/et\/","name":"lilleliis","description":"Amigurumi m\u00e4nguasjad ja mustrid","potentialAction":[{"@type":"SearchAction","target":{"@type":"EntryPoint","urlTemplate":"https:\/\/www.lilleliis.com\/et\/?s={search_term_string}"},"query-input":{"@type":"PropertyValueSpecification","valueRequired":true,"valueName":"search_term_string"}}],"inLanguage":"et"}]}},"_links":{"self":[{"href":"https:\/\/www.lilleliis.com\/et\/wp-json\/wp\/v2\/product\/94014","targetHints":{"allow":["GET"]}}],"collection":[{"href":"https:\/\/www.lilleliis.com\/et\/wp-json\/wp\/v2\/product"}],"about":[{"href":"https:\/\/www.lilleliis.com\/et\/wp-json\/wp\/v2\/types\/product"}],"replies":[{"embeddable":true,"href":"https:\/\/www.lilleliis.com\/et\/wp-json\/wp\/v2\/comments?post=94014"}],"wp:featuredmedia":[{"embeddable":true,"href":"https:\/\/www.lilleliis.com\/et\/wp-json\/wp\/v2\/media\/99599"}],"wp:attachment":[{"href":"https:\/\/www.lilleliis.com\/et\/wp-json\/wp\/v2\/media?parent=94014"}],"wp:term":[{"taxonomy":"product_brand","embeddable":true,"href":"https:\/\/www.lilleliis.com\/et\/wp-json\/wp\/v2\/product_brand?post=94014"},{"taxonomy":"product_cat","embeddable":true,"href":"https:\/\/www.lilleliis.com\/et\/wp-json\/wp\/v2\/product_cat?post=94014"},{"taxonomy":"product_tag","embeddable":true,"href":"https:\/\/www.lilleliis.com\/et\/wp-json\/wp\/v2\/product_tag?post=94014"}],"curies":[{"name":"wp","href":"https:\/\/api.w.org\/{rel}","templated":true}]}}