{"id":94285,"date":"2025-08-11T15:59:53","date_gmt":"2024-04-22T08:10:54","guid":{"rendered":"https:\/\/www.lilleliis.com\/?post_type=product&#038;p=94285"},"modified":"2024-04-28T17:09:28","modified_gmt":"2024-04-28T14:09:28","slug":"heegeldatud-metsloomad-poder-hunt-ja-ookull","status":"publish","type":"product","link":"https:\/\/www.lilleliis.com\/et\/toode\/heegeldatud-metsloomad-poder-hunt-ja-ookull\/","title":{"rendered":"Heegeldatud metsloomad &#8211; p\u00f5der, hunt ja \u00f6\u00f6kull"},"content":{"rendered":"<p><span data-text-color=\"primary\">EELISTAD MUSTREID \u00dcKSHAAVAL VALIDA?<\/span><\/p>\n<div class=\"row row-divided\"  id=\"row-893851567\">\n\n\t<div id=\"col-454535755\" class=\"col medium-1\/3 large-4\"  >\n\t\t\t\t<div class=\"col-inner\"  >\n\t\t\t\n\t\t\t\n<div class=\"woocommerce \"><div class=\"products row row-small row-masonry has-packery large-columns-3 medium-columns-3 small-columns-2\">\n<div class=\"product-small col has-hover product type-product post-78868 status-publish first instock product_cat-amigurumi-opetused product_cat-looma-mustrid product_tag-poistele has-post-thumbnail sold-individually taxable shipping-taxable purchasable product-type-variable\">\n\t<div class=\"col-inner\">\n\t\n<div class=\"badge-container absolute left top z-1\">\n\n<\/div>\n\t<div class=\"product-small box \">\n\t\t<div class=\"box-image\">\n\t\t\t<div class=\"image-zoom-fade\">\n\t\t\t\t<a href=\"https:\/\/www.lilleliis.com\/et\/toode\/hunt-villi-amigurumi-muster\/\">\n\t\t\t\t\t<img loading=\"lazy\" decoding=\"async\" width=\"247\" height=\"296\" src=\"https:\/\/www.lilleliis.com\/wp-content\/uploads\/2021\/05\/willy-the-wolf-amigurumi-pattern-3-247x296.jpg\" class=\"attachment-woocommerce_thumbnail size-woocommerce_thumbnail\" alt=\"hunt villi amigurumi muster\" \/>\t\t\t\t<\/a>\n\t\t\t<\/div>\n\t\t\t<div class=\"image-tools is-small top right show-on-hover\">\n\t\t\t\t\t\t\t<\/div>\n\t\t\t<div class=\"image-tools is-small hide-for-small bottom left show-on-hover\">\n\t\t\t\t\t\t\t<\/div>\n\t\t\t<div class=\"image-tools grid-tools text-center hide-for-small bottom hover-slide-in show-on-hover\">\n\t\t\t\t<a href=\"#quick-view\" class=\"quick-view\" role=\"button\" data-prod=\"78868\" aria-haspopup=\"dialog\" aria-expanded=\"false\" data-flatsome-role-button>Quick View<\/a>\t\t\t<\/div>\n\t\t\t\t\t<\/div>\n\n\t\t<div class=\"box-text box-text-products\">\n\t\t\t<div class=\"title-wrapper\">\t\t<p class=\"category uppercase is-smaller no-text-overflow product-cat op-8\">\n\t\t\tAmigurumi \u00f5petused\t\t<\/p>\n\t<p class=\"name product-title woocommerce-loop-product__title\"><a href=\"https:\/\/www.lilleliis.com\/et\/toode\/hunt-villi-amigurumi-muster\/\" class=\"woocommerce-LoopProduct-link woocommerce-loop-product__link\">Hundi heegeldamise \u00f5petus &#8211; Hunt Villi<\/a><\/p><\/div><div class=\"price-wrapper\"><div class=\"star-rating star-rating--inline\" role=\"img\" aria-label=\"Hinnanguga 5 \/ 5\"><span style=\"width:100%\">Hinnanguga <strong class=\"rating\">5<\/strong> \/ 5<\/span><\/div><span class=\"review-count is-small op-8\" aria-label=\"0 arvustused\">(0)<\/span>\n\t<span class=\"price\"><span class=\"woocommerce-Price-amount amount\"><bdi><span class=\"woocommerce-Price-currencySymbol\">&euro;<\/span>5.50<\/bdi><\/span><\/span>\n<\/div><div class=\"add-to-cart-button\"><a href=\"https:\/\/www.lilleliis.com\/et\/toode\/hunt-villi-amigurumi-muster\/\" aria-describedby=\"woocommerce_loop_add_to_cart_link_describedby_78868\" data-quantity=\"1\" class=\"primary is-small mb-0 button product_type_variable add_to_cart_button is-flat\" data-product_id=\"78868\" data-product_sku=\"P-2105\" aria-label=\"Vali tootele &ldquo;Hundi heegeldamise \u00f5petus - Hunt Villi&rdquo; omadused\" rel=\"nofollow\">Vali<\/a><\/div>\t<span id=\"woocommerce_loop_add_to_cart_link_describedby_78868\" class=\"screen-reader-text\">\n\t\tThis product has multiple variants. The options may be chosen on the product page\t<\/span>\n\t\t<\/div>\n\t<\/div>\n\t<span class=\"gtm4wp_productdata\" style=\"display:none; visibility:hidden;\" data-gtm4wp_product_data=\"{&quot;internal_id&quot;:78868,&quot;item_id&quot;:78868,&quot;item_name&quot;:&quot;Hundi heegeldamise \\u00f5petus - Hunt Villi&quot;,&quot;sku&quot;:&quot;P-2105&quot;,&quot;price&quot;:5.5,&quot;stocklevel&quot;:null,&quot;stockstatus&quot;:&quot;instock&quot;,&quot;google_business_vertical&quot;:&quot;retail&quot;,&quot;item_category&quot;:&quot;Amigurumi \\u00f5petused&quot;,&quot;id&quot;:78868,&quot;productlink&quot;:&quot;https:\\\/\\\/www.lilleliis.com\\\/et\\\/toode\\\/hunt-villi-amigurumi-muster\\\/&quot;,&quot;item_list_name&quot;:&quot;General Product List&quot;,&quot;index&quot;:1,&quot;product_type&quot;:&quot;variable&quot;,&quot;item_brand&quot;:&quot;&quot;}\"><\/span>\t<\/div>\n<\/div><\/div><!-- row -->\n<\/div>\n\t\t<\/div>\n\t\t\t\t\t<\/div>\n\n\t\n\n\t<div id=\"col-24340470\" class=\"col medium-1\/3 large-4\"  >\n\t\t\t\t<div class=\"col-inner\"  >\n\t\t\t\n\t\t\t\n<div class=\"woocommerce \"><div class=\"products row row-small row-masonry has-packery large-columns-3 medium-columns-3 small-columns-2\">\n<div class=\"product-small col has-hover product type-product post-78206 status-publish first instock product_cat-amigurumi-opetused product_cat-linnu-mustrid has-post-thumbnail sold-individually taxable shipping-taxable purchasable product-type-variable\">\n\t<div class=\"col-inner\">\n\t\n<div class=\"badge-container absolute left top z-1\">\n\n<\/div>\n\t<div class=\"product-small box \">\n\t\t<div class=\"box-image\">\n\t\t\t<div class=\"image-zoom-fade\">\n\t\t\t\t<a href=\"https:\/\/www.lilleliis.com\/et\/toode\/ookull-bubo-amigurumi-muster\/\">\n\t\t\t\t\t<img loading=\"lazy\" decoding=\"async\" width=\"247\" height=\"296\" src=\"https:\/\/www.lilleliis.com\/wp-content\/uploads\/2021\/04\/amigurumi-owl-pattern-2-247x296.jpg\" class=\"attachment-woocommerce_thumbnail size-woocommerce_thumbnail\" alt=\"heegeldatud \u00f6\u00f6kullid\" \/>\t\t\t\t<\/a>\n\t\t\t<\/div>\n\t\t\t<div class=\"image-tools is-small top right show-on-hover\">\n\t\t\t\t\t\t\t<\/div>\n\t\t\t<div class=\"image-tools is-small hide-for-small bottom left show-on-hover\">\n\t\t\t\t\t\t\t<\/div>\n\t\t\t<div class=\"image-tools grid-tools text-center hide-for-small bottom hover-slide-in show-on-hover\">\n\t\t\t\t<a href=\"#quick-view\" class=\"quick-view\" role=\"button\" data-prod=\"78206\" aria-haspopup=\"dialog\" aria-expanded=\"false\" data-flatsome-role-button>Quick View<\/a>\t\t\t<\/div>\n\t\t\t\t\t<\/div>\n\n\t\t<div class=\"box-text box-text-products\">\n\t\t\t<div class=\"title-wrapper\">\t\t<p class=\"category uppercase is-smaller no-text-overflow product-cat op-8\">\n\t\t\tAmigurumi \u00f5petused\t\t<\/p>\n\t<p class=\"name product-title woocommerce-loop-product__title\"><a href=\"https:\/\/www.lilleliis.com\/et\/toode\/ookull-bubo-amigurumi-muster\/\" class=\"woocommerce-LoopProduct-link woocommerce-loop-product__link\">Amigurumi \u00f6\u00f6kulli \u00f5petus &#8211; \u00d6\u00f6kull Bubo<\/a><\/p><\/div><div class=\"price-wrapper\"><div class=\"star-rating star-rating--inline\" role=\"img\" aria-label=\"Hinnanguga 5 \/ 5\"><span style=\"width:100%\">Hinnanguga <strong class=\"rating\">5<\/strong> \/ 5<\/span><\/div><span class=\"review-count is-small op-8\" aria-label=\"1 \u00fclevaade\">(1)<\/span>\n\t<span class=\"price\"><span class=\"woocommerce-Price-amount amount\"><bdi><span class=\"woocommerce-Price-currencySymbol\">&euro;<\/span>5.50<\/bdi><\/span><\/span>\n<\/div><div class=\"add-to-cart-button\"><a href=\"https:\/\/www.lilleliis.com\/et\/toode\/ookull-bubo-amigurumi-muster\/\" aria-describedby=\"woocommerce_loop_add_to_cart_link_describedby_78206\" data-quantity=\"1\" class=\"primary is-small mb-0 button product_type_variable add_to_cart_button is-flat\" data-product_id=\"78206\" data-product_sku=\"P-2104\" aria-label=\"Vali tootele &ldquo;Amigurumi \u00f6\u00f6kulli \u00f5petus - \u00d6\u00f6kull Bubo&rdquo; omadused\" rel=\"nofollow\">Vali<\/a><\/div>\t<span id=\"woocommerce_loop_add_to_cart_link_describedby_78206\" class=\"screen-reader-text\">\n\t\tThis product has multiple variants. The options may be chosen on the product page\t<\/span>\n\t\t<\/div>\n\t<\/div>\n\t<span class=\"gtm4wp_productdata\" style=\"display:none; visibility:hidden;\" data-gtm4wp_product_data=\"{&quot;internal_id&quot;:78206,&quot;item_id&quot;:78206,&quot;item_name&quot;:&quot;Amigurumi \\u00f6\\u00f6kulli \\u00f5petus - \\u00d6\\u00f6kull Bubo&quot;,&quot;sku&quot;:&quot;P-2104&quot;,&quot;price&quot;:5.5,&quot;stocklevel&quot;:null,&quot;stockstatus&quot;:&quot;instock&quot;,&quot;google_business_vertical&quot;:&quot;retail&quot;,&quot;item_category&quot;:&quot;Amigurumi \\u00f5petused&quot;,&quot;id&quot;:78206,&quot;productlink&quot;:&quot;https:\\\/\\\/www.lilleliis.com\\\/et\\\/toode\\\/ookull-bubo-amigurumi-muster\\\/&quot;,&quot;item_list_name&quot;:&quot;General Product List&quot;,&quot;index&quot;:1,&quot;product_type&quot;:&quot;variable&quot;,&quot;item_brand&quot;:&quot;&quot;}\"><\/span>\t<\/div>\n<\/div><\/div><!-- row -->\n<\/div>\n\t\t<\/div>\n\t\t\t\t\t<\/div>\n\n\t\n\n\t<div id=\"col-1861494568\" class=\"col medium-1\/3 large-4\"  >\n\t\t\t\t<div class=\"col-inner\"  >\n\t\t\t\n\t\t\t\n<div class=\"woocommerce \"><div class=\"products row row-small row-masonry has-packery large-columns-3 medium-columns-3 small-columns-2\">\n<div class=\"product-small col has-hover product type-product post-77743 status-publish first instock product_cat-amigurumi-opetused product_cat-looma-mustrid has-post-thumbnail sold-individually taxable shipping-taxable purchasable product-type-variable\">\n\t<div class=\"col-inner\">\n\t\n<div class=\"badge-container absolute left top z-1\">\n\n<\/div>\n\t<div class=\"product-small box \">\n\t\t<div class=\"box-image\">\n\t\t\t<div class=\"image-zoom-fade\">\n\t\t\t\t<a href=\"https:\/\/www.lilleliis.com\/et\/toode\/poder-mart-amigurumi-muster\/\">\n\t\t\t\t\t<img loading=\"lazy\" decoding=\"async\" width=\"247\" height=\"296\" src=\"https:\/\/www.lilleliis.com\/wp-content\/uploads\/2021\/03\/marty-the-moose-amigurumi-pattern-11-247x296.jpg\" class=\"attachment-woocommerce_thumbnail size-woocommerce_thumbnail\" alt=\"marty the moose amigurumi pattern\" \/>\t\t\t\t<\/a>\n\t\t\t<\/div>\n\t\t\t<div class=\"image-tools is-small top right show-on-hover\">\n\t\t\t\t\t\t\t<\/div>\n\t\t\t<div class=\"image-tools is-small hide-for-small bottom left show-on-hover\">\n\t\t\t\t\t\t\t<\/div>\n\t\t\t<div class=\"image-tools grid-tools text-center hide-for-small bottom hover-slide-in show-on-hover\">\n\t\t\t\t<a href=\"#quick-view\" class=\"quick-view\" role=\"button\" data-prod=\"77743\" aria-haspopup=\"dialog\" aria-expanded=\"false\" data-flatsome-role-button>Quick View<\/a>\t\t\t<\/div>\n\t\t\t\t\t<\/div>\n\n\t\t<div class=\"box-text box-text-products\">\n\t\t\t<div class=\"title-wrapper\">\t\t<p class=\"category uppercase is-smaller no-text-overflow product-cat op-8\">\n\t\t\tAmigurumi \u00f5petused\t\t<\/p>\n\t<p class=\"name product-title woocommerce-loop-product__title\"><a href=\"https:\/\/www.lilleliis.com\/et\/toode\/poder-mart-amigurumi-muster\/\" class=\"woocommerce-LoopProduct-link woocommerce-loop-product__link\">P\u00f5dra heegeldamise \u00f5petus \u2013 P\u00f5der Mart<\/a><\/p><\/div><div class=\"price-wrapper\"><div class=\"star-rating star-rating--inline\" role=\"img\" aria-label=\"Hinnanguga 3 \/ 5\"><span style=\"width:60%\">Hinnanguga <strong class=\"rating\">3<\/strong> \/ 5<\/span><\/div><span class=\"review-count is-small op-8\" aria-label=\"1 \u00fclevaade\">(1)<\/span>\n\t<span class=\"price\"><span class=\"woocommerce-Price-amount amount\"><bdi><span class=\"woocommerce-Price-currencySymbol\">&euro;<\/span>5.50<\/bdi><\/span><\/span>\n<\/div><div class=\"add-to-cart-button\"><a href=\"https:\/\/www.lilleliis.com\/et\/toode\/poder-mart-amigurumi-muster\/\" aria-describedby=\"woocommerce_loop_add_to_cart_link_describedby_77743\" data-quantity=\"1\" class=\"primary is-small mb-0 button product_type_variable add_to_cart_button is-flat\" data-product_id=\"77743\" data-product_sku=\"P-2103\" aria-label=\"Vali tootele &ldquo;P\u00f5dra heegeldamise \u00f5petus \u2013 P\u00f5der Mart&rdquo; omadused\" rel=\"nofollow\">Vali<\/a><\/div>\t<span id=\"woocommerce_loop_add_to_cart_link_describedby_77743\" class=\"screen-reader-text\">\n\t\tThis product has multiple variants. The options may be chosen on the product page\t<\/span>\n\t\t<\/div>\n\t<\/div>\n\t<span class=\"gtm4wp_productdata\" style=\"display:none; visibility:hidden;\" data-gtm4wp_product_data=\"{&quot;internal_id&quot;:77743,&quot;item_id&quot;:77743,&quot;item_name&quot;:&quot;P\\u00f5dra heegeldamise \\u00f5petus \\u2013 P\\u00f5der Mart&quot;,&quot;sku&quot;:&quot;P-2103&quot;,&quot;price&quot;:5.5,&quot;stocklevel&quot;:null,&quot;stockstatus&quot;:&quot;instock&quot;,&quot;google_business_vertical&quot;:&quot;retail&quot;,&quot;item_category&quot;:&quot;Amigurumi \\u00f5petused&quot;,&quot;id&quot;:77743,&quot;productlink&quot;:&quot;https:\\\/\\\/www.lilleliis.com\\\/et\\\/toode\\\/poder-mart-amigurumi-muster\\\/&quot;,&quot;item_list_name&quot;:&quot;General Product List&quot;,&quot;index&quot;:1,&quot;product_type&quot;:&quot;variable&quot;,&quot;item_brand&quot;:&quot;&quot;}\"><\/span>\t<\/div>\n<\/div><\/div><!-- row -->\n<\/div>\n\t\t<\/div>\n\t\t\t\t\t<\/div>\n\n\t\n<\/div>\n","protected":false},"excerpt":{"rendered":"<p>Kolm heegeldatud metslooma \u00fches mustris. See \u00f5petus sobib ideaalselt neile amigurumi valmistajatele, kellele meeldib \u00fche baasmustri j\u00e4rgi erinevaid loomi teha. Selle \u00f5petuse j\u00e4rgi saad heegeldada p\u00f5dra, hundi ja \u00f6\u00f6kulli.<\/p>\n<p>Kuigi loomad on p\u00f5hiosas sarnased, on iga\u00fchel neist unikaalsed detailid. Vaata n\u00e4iteks P\u00f5der Marti oma uhkete sarvede ja k\u00f5igi pisidetailidega, mis muudavad ta n\u00e4o nii heatahtlikuks ja s\u00f5bralikuks. V\u00f5i Hunt Villi erilisi harjatud k\u00f5rvu ja saba. \u00d6\u00f6kull Bubol on lahked silmad, satsilised tiivad ja tore muster k\u00f5hul.<\/p>\n<p>Valmis hunt ja p\u00f5der on istuvas asendis. Muster sisaldab detailset \u00f5petust jalataldade kangaga katmiseks.<\/p>\n<p>K\u00f5ik siinsed mustrid kuuluvad Armsate Kaisukate metsloomade kollektsiooni.<\/p>\n<p>Sobilik keskmise taseme heegeldajale.<\/p>\n<hr \/>\n<p><span data-text-color=\"primary\">MUSTRIST<\/span><\/p>\n<p>Allalaetav ja lihtsasti j\u00e4lgitav k\u00e4sit\u00f6\u00f6 \u00f5petus (3 PDF faili). Juhend sisaldab samm-sammulist \u00f5petust eseme valmistamiseks ning hulgaliselt abistavaid fotosid.<\/p>\n<p>Keel: eesti, inglise, hispaania, hollandi, taani<\/p>\n<p>\u00d5petuse raskusaste: keskmine (\u00f6\u00f6kull), keeruline (hunt, p\u00f5der)<\/p>\n<p>Vajaminevad v\u00f5tted: kinnissilmust, poolsammas, \u00fchekordne sammas, kahekordne sammas, heegeldamine kahe v\u00e4rviga<\/p>\n<hr \/>\n<p><span data-text-color=\"primary\">SUURUS JA MATERJAL<\/span><\/p>\n<p>Suurus: 15-19 cm<\/p>\n<p>Valmistamiseks on kasutatud meriinovillast l\u00f5nga ning heegeln\u00f5ela j\u00e4medusega 3 mm.<\/p>\n<hr \/>\n<p><span data-text-color=\"primary\">ABI JA COPYRIGHT<\/span><\/p>\n<p>K\u00fcsimuste korral saab abi\u00a0<a href=\"mailto:%20lilleliis@gmail.com\">e-posti teel<\/a>.<\/p>\n<p>\u00d5petuse j\u00e4rgi valmistatud esemeid v\u00f5ib m\u00fc\u00fca. \u00d5petust on keelatud jagada. Autori\u00f5igustega tutvu\u00a0<a href=\"https:\/\/www.lilleliis.com\/et\/autorioigused\/\" target=\"_blank\" rel=\"noopener\">siin<\/a>.<\/p>\n","protected":false},"featured_media":94297,"comment_status":"open","ping_status":"closed","template":"","meta":[],"product_brand":[],"product_cat":[95,125],"product_tag":[],"class_list":{"0":"post-94285","1":"product","2":"type-product","3":"status-publish","4":"has-post-thumbnail","6":"product_cat-amigurumi-opetused","7":"product_cat-looma-mustrid","8":"pa_pattern-language-eesti","9":"pa_pattern-language-hispaania","10":"pa_pattern-language-hollandi","11":"pa_pattern-language-inglise","12":"pa_pattern-language-taani","13":"pa_pattern-skill-level-keeruline","14":"pa_pattern-skill-level-keskmine","16":"first","17":"instock","18":"sale","19":"sold-individually","20":"taxable","21":"shipping-taxable","22":"purchasable","23":"product-type-variable"},"yoast_head":"<!-- This site is optimized with the Yoast SEO plugin v27.3 - https:\/\/yoast.com\/product\/yoast-seo-wordpress\/ -->\n<title>Heegeldatud metsloomad - p\u00f5der, hunt ja \u00f6\u00f6kull | lilleliis<\/title>\n<meta name=\"description\" content=\"Heegeldatud metsloomad - p\u00f5der, hunt ja \u00f6\u00f6kull. \u00dche baasmustri j\u00e4rgi saad heegeldada kolm erinevat looma. Keskmine raskusaste.\" \/>\n<meta name=\"robots\" content=\"index, follow, max-snippet:-1, max-image-preview:large, max-video-preview:-1\" \/>\n<link rel=\"canonical\" href=\"https:\/\/www.lilleliis.com\/et\/toode\/heegeldatud-metsloomad-poder-hunt-ja-ookull\/\" \/>\n<meta property=\"og:locale\" content=\"et_EE\" \/>\n<meta property=\"og:type\" content=\"article\" \/>\n<meta property=\"og:title\" content=\"Heegeldatud metsloomad - p\u00f5der, hunt ja \u00f6\u00f6kull | lilleliis\" \/>\n<meta property=\"og:description\" content=\"Heegeldatud metsloomad - p\u00f5der, hunt ja \u00f6\u00f6kull. \u00dche baasmustri j\u00e4rgi saad heegeldada kolm erinevat looma. Keskmine raskusaste.\" \/>\n<meta property=\"og:url\" content=\"https:\/\/www.lilleliis.com\/et\/toode\/heegeldatud-metsloomad-poder-hunt-ja-ookull\/\" \/>\n<meta property=\"og:site_name\" content=\"lilleliis\" \/>\n<meta property=\"article:publisher\" content=\"https:\/\/www.facebook.com\/lilleliis-283266335035799\/\" \/>\n<meta property=\"article:modified_time\" content=\"2024-04-28T14:09:28+00:00\" \/>\n<meta property=\"og:image\" content=\"https:\/\/www.lilleliis.com\/wp-content\/uploads\/2024\/04\/Forest-animal-crochet-patterns.jpg\" \/>\n\t<meta property=\"og:image:width\" content=\"1280\" \/>\n\t<meta property=\"og:image:height\" content=\"1280\" \/>\n\t<meta property=\"og:image:type\" content=\"image\/jpeg\" \/>\n<meta name=\"twitter:card\" content=\"summary_large_image\" \/>\n<meta name=\"twitter:label1\" content=\"Est. reading time\" \/>\n\t<meta name=\"twitter:data1\" content=\"1 minute\" \/>\n<script type=\"application\/ld+json\" class=\"yoast-schema-graph\">{\"@context\":\"https:\\\/\\\/schema.org\",\"@graph\":[{\"@type\":\"WebPage\",\"@id\":\"https:\\\/\\\/www.lilleliis.com\\\/et\\\/toode\\\/heegeldatud-metsloomad-poder-hunt-ja-ookull\\\/\",\"url\":\"https:\\\/\\\/www.lilleliis.com\\\/et\\\/toode\\\/heegeldatud-metsloomad-poder-hunt-ja-ookull\\\/\",\"name\":\"Heegeldatud metsloomad - p\u00f5der, hunt ja \u00f6\u00f6kull | lilleliis\",\"isPartOf\":{\"@id\":\"https:\\\/\\\/www.lilleliis.com\\\/et\\\/#website\"},\"primaryImageOfPage\":{\"@id\":\"https:\\\/\\\/www.lilleliis.com\\\/et\\\/toode\\\/heegeldatud-metsloomad-poder-hunt-ja-ookull\\\/#primaryimage\"},\"image\":{\"@id\":\"https:\\\/\\\/www.lilleliis.com\\\/et\\\/toode\\\/heegeldatud-metsloomad-poder-hunt-ja-ookull\\\/#primaryimage\"},\"thumbnailUrl\":\"https:\\\/\\\/www.lilleliis.com\\\/wp-content\\\/uploads\\\/2024\\\/04\\\/Forest-animal-crochet-patterns.jpg\",\"datePublished\":\"2024-04-22T08:10:54+00:00\",\"dateModified\":\"2024-04-28T14:09:28+00:00\",\"description\":\"Heegeldatud metsloomad - p\u00f5der, hunt ja \u00f6\u00f6kull. \u00dche baasmustri j\u00e4rgi saad heegeldada kolm erinevat looma. Keskmine raskusaste.\",\"breadcrumb\":{\"@id\":\"https:\\\/\\\/www.lilleliis.com\\\/et\\\/toode\\\/heegeldatud-metsloomad-poder-hunt-ja-ookull\\\/#breadcrumb\"},\"inLanguage\":\"et\",\"potentialAction\":[{\"@type\":\"ReadAction\",\"target\":[\"https:\\\/\\\/www.lilleliis.com\\\/et\\\/toode\\\/heegeldatud-metsloomad-poder-hunt-ja-ookull\\\/\"]}]},{\"@type\":\"ImageObject\",\"inLanguage\":\"et\",\"@id\":\"https:\\\/\\\/www.lilleliis.com\\\/et\\\/toode\\\/heegeldatud-metsloomad-poder-hunt-ja-ookull\\\/#primaryimage\",\"url\":\"https:\\\/\\\/www.lilleliis.com\\\/wp-content\\\/uploads\\\/2024\\\/04\\\/Forest-animal-crochet-patterns.jpg\",\"contentUrl\":\"https:\\\/\\\/www.lilleliis.com\\\/wp-content\\\/uploads\\\/2024\\\/04\\\/Forest-animal-crochet-patterns.jpg\",\"width\":1280,\"height\":1280,\"caption\":\"Heegeldatud metsloomad\"},{\"@type\":\"BreadcrumbList\",\"@id\":\"https:\\\/\\\/www.lilleliis.com\\\/et\\\/toode\\\/heegeldatud-metsloomad-poder-hunt-ja-ookull\\\/#breadcrumb\",\"itemListElement\":[{\"@type\":\"ListItem\",\"position\":1,\"name\":\"Home\",\"item\":\"https:\\\/\\\/www.lilleliis.com\\\/et\\\/\"},{\"@type\":\"ListItem\",\"position\":2,\"name\":\"Pood\",\"item\":\"https:\\\/\\\/www.lilleliis.com\\\/et\\\/shop\\\/\"},{\"@type\":\"ListItem\",\"position\":3,\"name\":\"Heegeldatud metsloomad &#8211; p\u00f5der, hunt ja \u00f6\u00f6kull\"}]},{\"@type\":\"WebSite\",\"@id\":\"https:\\\/\\\/www.lilleliis.com\\\/et\\\/#website\",\"url\":\"https:\\\/\\\/www.lilleliis.com\\\/et\\\/\",\"name\":\"lilleliis\",\"description\":\"Amigurumi m\u00e4nguasjad ja mustrid\",\"potentialAction\":[{\"@type\":\"SearchAction\",\"target\":{\"@type\":\"EntryPoint\",\"urlTemplate\":\"https:\\\/\\\/www.lilleliis.com\\\/et\\\/?s={search_term_string}\"},\"query-input\":{\"@type\":\"PropertyValueSpecification\",\"valueRequired\":true,\"valueName\":\"search_term_string\"}}],\"inLanguage\":\"et\"}]}<\/script>\n<!-- \/ Yoast SEO plugin. -->","yoast_head_json":{"title":"Heegeldatud metsloomad - p\u00f5der, hunt ja \u00f6\u00f6kull | lilleliis","description":"Heegeldatud metsloomad - p\u00f5der, hunt ja \u00f6\u00f6kull. \u00dche baasmustri j\u00e4rgi saad heegeldada kolm erinevat looma. Keskmine raskusaste.","robots":{"index":"index","follow":"follow","max-snippet":"max-snippet:-1","max-image-preview":"max-image-preview:large","max-video-preview":"max-video-preview:-1"},"canonical":"https:\/\/www.lilleliis.com\/et\/toode\/heegeldatud-metsloomad-poder-hunt-ja-ookull\/","og_locale":"et_EE","og_type":"article","og_title":"Heegeldatud metsloomad - p\u00f5der, hunt ja \u00f6\u00f6kull | lilleliis","og_description":"Heegeldatud metsloomad - p\u00f5der, hunt ja \u00f6\u00f6kull. \u00dche baasmustri j\u00e4rgi saad heegeldada kolm erinevat looma. Keskmine raskusaste.","og_url":"https:\/\/www.lilleliis.com\/et\/toode\/heegeldatud-metsloomad-poder-hunt-ja-ookull\/","og_site_name":"lilleliis","article_publisher":"https:\/\/www.facebook.com\/lilleliis-283266335035799\/","article_modified_time":"2024-04-28T14:09:28+00:00","og_image":[{"width":1280,"height":1280,"url":"https:\/\/www.lilleliis.com\/wp-content\/uploads\/2024\/04\/Forest-animal-crochet-patterns.jpg","type":"image\/jpeg"}],"twitter_card":"summary_large_image","twitter_misc":{"Est. reading time":"1 minute"},"schema":{"@context":"https:\/\/schema.org","@graph":[{"@type":"WebPage","@id":"https:\/\/www.lilleliis.com\/et\/toode\/heegeldatud-metsloomad-poder-hunt-ja-ookull\/","url":"https:\/\/www.lilleliis.com\/et\/toode\/heegeldatud-metsloomad-poder-hunt-ja-ookull\/","name":"Heegeldatud metsloomad - p\u00f5der, hunt ja \u00f6\u00f6kull | lilleliis","isPartOf":{"@id":"https:\/\/www.lilleliis.com\/et\/#website"},"primaryImageOfPage":{"@id":"https:\/\/www.lilleliis.com\/et\/toode\/heegeldatud-metsloomad-poder-hunt-ja-ookull\/#primaryimage"},"image":{"@id":"https:\/\/www.lilleliis.com\/et\/toode\/heegeldatud-metsloomad-poder-hunt-ja-ookull\/#primaryimage"},"thumbnailUrl":"https:\/\/www.lilleliis.com\/wp-content\/uploads\/2024\/04\/Forest-animal-crochet-patterns.jpg","datePublished":"2024-04-22T08:10:54+00:00","dateModified":"2024-04-28T14:09:28+00:00","description":"Heegeldatud metsloomad - p\u00f5der, hunt ja \u00f6\u00f6kull. \u00dche baasmustri j\u00e4rgi saad heegeldada kolm erinevat looma. Keskmine raskusaste.","breadcrumb":{"@id":"https:\/\/www.lilleliis.com\/et\/toode\/heegeldatud-metsloomad-poder-hunt-ja-ookull\/#breadcrumb"},"inLanguage":"et","potentialAction":[{"@type":"ReadAction","target":["https:\/\/www.lilleliis.com\/et\/toode\/heegeldatud-metsloomad-poder-hunt-ja-ookull\/"]}]},{"@type":"ImageObject","inLanguage":"et","@id":"https:\/\/www.lilleliis.com\/et\/toode\/heegeldatud-metsloomad-poder-hunt-ja-ookull\/#primaryimage","url":"https:\/\/www.lilleliis.com\/wp-content\/uploads\/2024\/04\/Forest-animal-crochet-patterns.jpg","contentUrl":"https:\/\/www.lilleliis.com\/wp-content\/uploads\/2024\/04\/Forest-animal-crochet-patterns.jpg","width":1280,"height":1280,"caption":"Heegeldatud metsloomad"},{"@type":"BreadcrumbList","@id":"https:\/\/www.lilleliis.com\/et\/toode\/heegeldatud-metsloomad-poder-hunt-ja-ookull\/#breadcrumb","itemListElement":[{"@type":"ListItem","position":1,"name":"Home","item":"https:\/\/www.lilleliis.com\/et\/"},{"@type":"ListItem","position":2,"name":"Pood","item":"https:\/\/www.lilleliis.com\/et\/shop\/"},{"@type":"ListItem","position":3,"name":"Heegeldatud metsloomad &#8211; p\u00f5der, hunt ja \u00f6\u00f6kull"}]},{"@type":"WebSite","@id":"https:\/\/www.lilleliis.com\/et\/#website","url":"https:\/\/www.lilleliis.com\/et\/","name":"lilleliis","description":"Amigurumi m\u00e4nguasjad ja mustrid","potentialAction":[{"@type":"SearchAction","target":{"@type":"EntryPoint","urlTemplate":"https:\/\/www.lilleliis.com\/et\/?s={search_term_string}"},"query-input":{"@type":"PropertyValueSpecification","valueRequired":true,"valueName":"search_term_string"}}],"inLanguage":"et"}]}},"_links":{"self":[{"href":"https:\/\/www.lilleliis.com\/et\/wp-json\/wp\/v2\/product\/94285","targetHints":{"allow":["GET"]}}],"collection":[{"href":"https:\/\/www.lilleliis.com\/et\/wp-json\/wp\/v2\/product"}],"about":[{"href":"https:\/\/www.lilleliis.com\/et\/wp-json\/wp\/v2\/types\/product"}],"replies":[{"embeddable":true,"href":"https:\/\/www.lilleliis.com\/et\/wp-json\/wp\/v2\/comments?post=94285"}],"wp:featuredmedia":[{"embeddable":true,"href":"https:\/\/www.lilleliis.com\/et\/wp-json\/wp\/v2\/media\/94297"}],"wp:attachment":[{"href":"https:\/\/www.lilleliis.com\/et\/wp-json\/wp\/v2\/media?parent=94285"}],"wp:term":[{"taxonomy":"product_brand","embeddable":true,"href":"https:\/\/www.lilleliis.com\/et\/wp-json\/wp\/v2\/product_brand?post=94285"},{"taxonomy":"product_cat","embeddable":true,"href":"https:\/\/www.lilleliis.com\/et\/wp-json\/wp\/v2\/product_cat?post=94285"},{"taxonomy":"product_tag","embeddable":true,"href":"https:\/\/www.lilleliis.com\/et\/wp-json\/wp\/v2\/product_tag?post=94285"}],"curies":[{"name":"wp","href":"https:\/\/api.w.org\/{rel}","templated":true}]}}