{"id":94498,"date":"2025-12-15T19:53:06","date_gmt":"2025-12-15T17:53:06","guid":{"rendered":"https:\/\/www.lilleliis.com\/?post_type=product&#038;p=94498"},"modified":"2026-03-12T22:02:46","modified_gmt":"2026-03-12T20:02:46","slug":"heegeldatud-narimisrongas-printsess","status":"publish","type":"product","link":"https:\/\/www.lilleliis.com\/et\/toode\/heegeldatud-narimisrongas-printsess\/","title":{"rendered":"Heegeldatud n\u00e4rimisr\u00f5ngas printsess"},"content":{"rendered":null,"protected":false},"excerpt":{"rendered":"<p>Heegeldatud n\u00e4rimisr\u00f5ngas printsess on ainulaadne kingitus beebit\u00fcdrukule. See on fantaasiak\u00fcllane ja loovusele \u00f5hutav.<\/p>\n<p>Naturaalset p\u00f6\u00f6gipuust r\u00f5ngast kasutatakse siin peana, mille k\u00fclge on heegeldatud kuldne kroon. Teisel pool on kaunis satsiline kleit. See kokku loob mulje printsessist.<\/p>\n<p>Beebil on mugav m\u00e4nguasja r\u00f5ngast haarata. Ei tee h\u00e4\u00e4lt.<\/p>\n<p>Autorit\u00f6\u00f6. Disainitud ja k\u00e4sitsi valmistatud meie oma v\u00e4ikeses Eestis.<\/p>\n<div class=\"is-divider divider clearfix\" style=\"max-width:100%;\"><\/div>\n<p>Materjal:<\/p>\n<ul>\n<li>100% orgaaniline puuvill<\/li>\n<li>naturaalne p\u00f6\u00f6gipuust r\u00f5ngas<\/li>\n<\/ul>\n<p>Pikkus: 25 sentimeetrit<\/p>\n<div class=\"is-divider divider clearfix\" style=\"max-width:100%;\"><\/div>\n<p>M\u00e4nguasi ei sisalda ohtlikke pisidetaile. Beebile turvaline!<\/p>\n","protected":false},"featured_media":94516,"comment_status":"open","ping_status":"closed","template":"","meta":[],"product_brand":[],"product_cat":[155],"product_tag":[123,377,122],"class_list":{"0":"post-94498","1":"product","2":"type-product","3":"status-publish","4":"has-post-thumbnail","6":"product_cat-heegeldatud-manguasjad","7":"product_tag-beebidele","8":"product_tag-puuvillast-manguasjad","9":"product_tag-tudrukutele","10":"pa_color-beez","11":"pa_color-valge","13":"first","14":"instock","15":"sold-individually","16":"taxable","17":"shipping-taxable","18":"purchasable","19":"product-type-variable"},"yoast_head":"<!-- This site is optimized with the Yoast SEO plugin v27.3 - https:\/\/yoast.com\/product\/yoast-seo-wordpress\/ -->\n<title>Heegeldatud n\u00e4rimisr\u00f5ngas printsess | K\u00e4sit\u00f6\u00f6 kingitus beebile | lilleliis<\/title>\n<meta name=\"description\" content=\"Heegeldatud n\u00e4rimisr\u00f5ngas printsess on ainulaadne kingitus beebit\u00fcdrukule. See on fantaasiak\u00fcllane ja loovusele \u00f5hutav.\" \/>\n<meta name=\"robots\" content=\"index, follow, max-snippet:-1, max-image-preview:large, max-video-preview:-1\" \/>\n<link rel=\"canonical\" href=\"https:\/\/www.lilleliis.com\/et\/toode\/heegeldatud-narimisrongas-printsess\/\" \/>\n<meta property=\"og:locale\" content=\"et_EE\" \/>\n<meta property=\"og:type\" content=\"article\" \/>\n<meta property=\"og:title\" content=\"Heegeldatud n\u00e4rimisr\u00f5ngas printsess | K\u00e4sit\u00f6\u00f6 kingitus beebile | lilleliis\" \/>\n<meta property=\"og:description\" content=\"Heegeldatud n\u00e4rimisr\u00f5ngas printsess on ainulaadne kingitus beebit\u00fcdrukule. See on fantaasiak\u00fcllane ja loovusele \u00f5hutav.\" \/>\n<meta property=\"og:url\" content=\"https:\/\/www.lilleliis.com\/et\/toode\/heegeldatud-narimisrongas-printsess\/\" \/>\n<meta property=\"og:site_name\" content=\"lilleliis\" \/>\n<meta property=\"article:publisher\" content=\"https:\/\/www.facebook.com\/lilleliis-283266335035799\/\" \/>\n<meta property=\"article:modified_time\" content=\"2026-03-12T20:02:46+00:00\" \/>\n<meta property=\"og:image\" content=\"https:\/\/www.lilleliis.com\/wp-content\/uploads\/2024\/05\/crochet-teething-rings.jpg\" \/>\n\t<meta property=\"og:image:width\" content=\"1000\" \/>\n\t<meta property=\"og:image:height\" content=\"1500\" \/>\n\t<meta property=\"og:image:type\" content=\"image\/jpeg\" \/>\n<meta name=\"twitter:card\" content=\"summary_large_image\" \/>\n<script type=\"application\/ld+json\" class=\"yoast-schema-graph\">{\"@context\":\"https:\\\/\\\/schema.org\",\"@graph\":[{\"@type\":\"WebPage\",\"@id\":\"https:\\\/\\\/www.lilleliis.com\\\/et\\\/toode\\\/heegeldatud-narimisrongas-printsess\\\/\",\"url\":\"https:\\\/\\\/www.lilleliis.com\\\/et\\\/toode\\\/heegeldatud-narimisrongas-printsess\\\/\",\"name\":\"Heegeldatud n\u00e4rimisr\u00f5ngas printsess | K\u00e4sit\u00f6\u00f6 kingitus beebile | lilleliis\",\"isPartOf\":{\"@id\":\"https:\\\/\\\/www.lilleliis.com\\\/et\\\/#website\"},\"primaryImageOfPage\":{\"@id\":\"https:\\\/\\\/www.lilleliis.com\\\/et\\\/toode\\\/heegeldatud-narimisrongas-printsess\\\/#primaryimage\"},\"image\":{\"@id\":\"https:\\\/\\\/www.lilleliis.com\\\/et\\\/toode\\\/heegeldatud-narimisrongas-printsess\\\/#primaryimage\"},\"thumbnailUrl\":\"https:\\\/\\\/www.lilleliis.com\\\/wp-content\\\/uploads\\\/2024\\\/05\\\/crochet-teething-rings.jpg\",\"datePublished\":\"2025-12-15T17:53:06+00:00\",\"dateModified\":\"2026-03-12T20:02:46+00:00\",\"description\":\"Heegeldatud n\u00e4rimisr\u00f5ngas printsess on ainulaadne kingitus beebit\u00fcdrukule. See on fantaasiak\u00fcllane ja loovusele \u00f5hutav.\",\"breadcrumb\":{\"@id\":\"https:\\\/\\\/www.lilleliis.com\\\/et\\\/toode\\\/heegeldatud-narimisrongas-printsess\\\/#breadcrumb\"},\"inLanguage\":\"et\",\"potentialAction\":[{\"@type\":\"ReadAction\",\"target\":[\"https:\\\/\\\/www.lilleliis.com\\\/et\\\/toode\\\/heegeldatud-narimisrongas-printsess\\\/\"]}]},{\"@type\":\"ImageObject\",\"inLanguage\":\"et\",\"@id\":\"https:\\\/\\\/www.lilleliis.com\\\/et\\\/toode\\\/heegeldatud-narimisrongas-printsess\\\/#primaryimage\",\"url\":\"https:\\\/\\\/www.lilleliis.com\\\/wp-content\\\/uploads\\\/2024\\\/05\\\/crochet-teething-rings.jpg\",\"contentUrl\":\"https:\\\/\\\/www.lilleliis.com\\\/wp-content\\\/uploads\\\/2024\\\/05\\\/crochet-teething-rings.jpg\",\"width\":1000,\"height\":1500,\"caption\":\"Heegeldatud n\u00e4rimisr\u00f5ngas printsess\"},{\"@type\":\"BreadcrumbList\",\"@id\":\"https:\\\/\\\/www.lilleliis.com\\\/et\\\/toode\\\/heegeldatud-narimisrongas-printsess\\\/#breadcrumb\",\"itemListElement\":[{\"@type\":\"ListItem\",\"position\":1,\"name\":\"Home\",\"item\":\"https:\\\/\\\/www.lilleliis.com\\\/et\\\/\"},{\"@type\":\"ListItem\",\"position\":2,\"name\":\"Pood\",\"item\":\"https:\\\/\\\/www.lilleliis.com\\\/et\\\/shop\\\/\"},{\"@type\":\"ListItem\",\"position\":3,\"name\":\"Heegeldatud n\u00e4rimisr\u00f5ngas printsess\"}]},{\"@type\":\"WebSite\",\"@id\":\"https:\\\/\\\/www.lilleliis.com\\\/et\\\/#website\",\"url\":\"https:\\\/\\\/www.lilleliis.com\\\/et\\\/\",\"name\":\"lilleliis\",\"description\":\"Amigurumi m\u00e4nguasjad ja mustrid\",\"potentialAction\":[{\"@type\":\"SearchAction\",\"target\":{\"@type\":\"EntryPoint\",\"urlTemplate\":\"https:\\\/\\\/www.lilleliis.com\\\/et\\\/?s={search_term_string}\"},\"query-input\":{\"@type\":\"PropertyValueSpecification\",\"valueRequired\":true,\"valueName\":\"search_term_string\"}}],\"inLanguage\":\"et\"}]}<\/script>\n<!-- \/ Yoast SEO plugin. -->","yoast_head_json":{"title":"Heegeldatud n\u00e4rimisr\u00f5ngas printsess | K\u00e4sit\u00f6\u00f6 kingitus beebile | lilleliis","description":"Heegeldatud n\u00e4rimisr\u00f5ngas printsess on ainulaadne kingitus beebit\u00fcdrukule. See on fantaasiak\u00fcllane ja loovusele \u00f5hutav.","robots":{"index":"index","follow":"follow","max-snippet":"max-snippet:-1","max-image-preview":"max-image-preview:large","max-video-preview":"max-video-preview:-1"},"canonical":"https:\/\/www.lilleliis.com\/et\/toode\/heegeldatud-narimisrongas-printsess\/","og_locale":"et_EE","og_type":"article","og_title":"Heegeldatud n\u00e4rimisr\u00f5ngas printsess | K\u00e4sit\u00f6\u00f6 kingitus beebile | lilleliis","og_description":"Heegeldatud n\u00e4rimisr\u00f5ngas printsess on ainulaadne kingitus beebit\u00fcdrukule. See on fantaasiak\u00fcllane ja loovusele \u00f5hutav.","og_url":"https:\/\/www.lilleliis.com\/et\/toode\/heegeldatud-narimisrongas-printsess\/","og_site_name":"lilleliis","article_publisher":"https:\/\/www.facebook.com\/lilleliis-283266335035799\/","article_modified_time":"2026-03-12T20:02:46+00:00","og_image":[{"width":1000,"height":1500,"url":"https:\/\/www.lilleliis.com\/wp-content\/uploads\/2024\/05\/crochet-teething-rings.jpg","type":"image\/jpeg"}],"twitter_card":"summary_large_image","schema":{"@context":"https:\/\/schema.org","@graph":[{"@type":"WebPage","@id":"https:\/\/www.lilleliis.com\/et\/toode\/heegeldatud-narimisrongas-printsess\/","url":"https:\/\/www.lilleliis.com\/et\/toode\/heegeldatud-narimisrongas-printsess\/","name":"Heegeldatud n\u00e4rimisr\u00f5ngas printsess | K\u00e4sit\u00f6\u00f6 kingitus beebile | lilleliis","isPartOf":{"@id":"https:\/\/www.lilleliis.com\/et\/#website"},"primaryImageOfPage":{"@id":"https:\/\/www.lilleliis.com\/et\/toode\/heegeldatud-narimisrongas-printsess\/#primaryimage"},"image":{"@id":"https:\/\/www.lilleliis.com\/et\/toode\/heegeldatud-narimisrongas-printsess\/#primaryimage"},"thumbnailUrl":"https:\/\/www.lilleliis.com\/wp-content\/uploads\/2024\/05\/crochet-teething-rings.jpg","datePublished":"2025-12-15T17:53:06+00:00","dateModified":"2026-03-12T20:02:46+00:00","description":"Heegeldatud n\u00e4rimisr\u00f5ngas printsess on ainulaadne kingitus beebit\u00fcdrukule. See on fantaasiak\u00fcllane ja loovusele \u00f5hutav.","breadcrumb":{"@id":"https:\/\/www.lilleliis.com\/et\/toode\/heegeldatud-narimisrongas-printsess\/#breadcrumb"},"inLanguage":"et","potentialAction":[{"@type":"ReadAction","target":["https:\/\/www.lilleliis.com\/et\/toode\/heegeldatud-narimisrongas-printsess\/"]}]},{"@type":"ImageObject","inLanguage":"et","@id":"https:\/\/www.lilleliis.com\/et\/toode\/heegeldatud-narimisrongas-printsess\/#primaryimage","url":"https:\/\/www.lilleliis.com\/wp-content\/uploads\/2024\/05\/crochet-teething-rings.jpg","contentUrl":"https:\/\/www.lilleliis.com\/wp-content\/uploads\/2024\/05\/crochet-teething-rings.jpg","width":1000,"height":1500,"caption":"Heegeldatud n\u00e4rimisr\u00f5ngas printsess"},{"@type":"BreadcrumbList","@id":"https:\/\/www.lilleliis.com\/et\/toode\/heegeldatud-narimisrongas-printsess\/#breadcrumb","itemListElement":[{"@type":"ListItem","position":1,"name":"Home","item":"https:\/\/www.lilleliis.com\/et\/"},{"@type":"ListItem","position":2,"name":"Pood","item":"https:\/\/www.lilleliis.com\/et\/shop\/"},{"@type":"ListItem","position":3,"name":"Heegeldatud n\u00e4rimisr\u00f5ngas printsess"}]},{"@type":"WebSite","@id":"https:\/\/www.lilleliis.com\/et\/#website","url":"https:\/\/www.lilleliis.com\/et\/","name":"lilleliis","description":"Amigurumi m\u00e4nguasjad ja mustrid","potentialAction":[{"@type":"SearchAction","target":{"@type":"EntryPoint","urlTemplate":"https:\/\/www.lilleliis.com\/et\/?s={search_term_string}"},"query-input":{"@type":"PropertyValueSpecification","valueRequired":true,"valueName":"search_term_string"}}],"inLanguage":"et"}]}},"_links":{"self":[{"href":"https:\/\/www.lilleliis.com\/et\/wp-json\/wp\/v2\/product\/94498","targetHints":{"allow":["GET"]}}],"collection":[{"href":"https:\/\/www.lilleliis.com\/et\/wp-json\/wp\/v2\/product"}],"about":[{"href":"https:\/\/www.lilleliis.com\/et\/wp-json\/wp\/v2\/types\/product"}],"replies":[{"embeddable":true,"href":"https:\/\/www.lilleliis.com\/et\/wp-json\/wp\/v2\/comments?post=94498"}],"wp:featuredmedia":[{"embeddable":true,"href":"https:\/\/www.lilleliis.com\/et\/wp-json\/wp\/v2\/media\/94516"}],"wp:attachment":[{"href":"https:\/\/www.lilleliis.com\/et\/wp-json\/wp\/v2\/media?parent=94498"}],"wp:term":[{"taxonomy":"product_brand","embeddable":true,"href":"https:\/\/www.lilleliis.com\/et\/wp-json\/wp\/v2\/product_brand?post=94498"},{"taxonomy":"product_cat","embeddable":true,"href":"https:\/\/www.lilleliis.com\/et\/wp-json\/wp\/v2\/product_cat?post=94498"},{"taxonomy":"product_tag","embeddable":true,"href":"https:\/\/www.lilleliis.com\/et\/wp-json\/wp\/v2\/product_tag?post=94498"}],"curies":[{"name":"wp","href":"https:\/\/api.w.org\/{rel}","templated":true}]}}