{"id":94562,"date":"2025-12-05T12:52:44","date_gmt":"2025-12-05T10:52:44","guid":{"rendered":"https:\/\/www.lilleliis.com\/?post_type=product&#038;p=94562"},"modified":"2024-05-17T20:33:29","modified_gmt":"2024-05-17T17:33:29","slug":"heegeldatud-elevanditudruk","status":"publish","type":"product","link":"https:\/\/www.lilleliis.com\/et\/toode\/heegeldatud-elevanditudruk\/","title":{"rendered":"Heegeldatud elevandit\u00fcdruk"},"content":{"rendered":null,"protected":false},"excerpt":{"rendered":"<p>Heegeldatud elevandit\u00fcdruk oma ultra suurte, mustrilise kangaga kaetud k\u00f5rvadega on lihtsalt uskumatu ja armas!<\/p>\n<p>Tema kehakuju on naljakas ja t\u00e4iesti isemoodi. Tal on pontsakad jalad ja armas kleit, mis r\u00f5hutab matsakat keha. Ka tema n\u00e4gu on k\u00f5ike muud kui tavaline. See on lame ja veider, keskel on lont ja nurkades hiiglaslikud k\u00f5rvad.<\/p>\n<p>Heegeldatud erilisest ja pehmest l\u00f5ngast, mis koosneb k\u00fcll suures osas puuvillast, aga millele annab karvasust lambavill.<\/p>\n<p>Autorit\u00f6\u00f6. Disainitud ja k\u00e4sitsi valmistatud meie oma v\u00e4ikeses Eestis.<\/p>\n<div class=\"is-divider divider clearfix\" style=\"max-width:100%;\"><\/div>\n<p>Materjal:<\/p>\n<ul>\n<li>l\u00f5ng &#8211; 70% puuvill, 30% vill<\/li>\n<li>pol\u00fcester kerakiud t\u00e4idis<\/li>\n<li>turvasilmad<\/li>\n<li>puuvillane kangas<\/li>\n<li>puuvillane pits<\/li>\n<li>n\u00f6\u00f6bid<\/li>\n<\/ul>\n<p>V\u00e4rv: hall, bee\u017e, roheline<\/p>\n<p>Pikkus: 28 sentimeetrit<\/p>\n<div class=\"is-divider divider clearfix\" style=\"max-width:100%;\"><\/div>\n<p>M\u00e4nguasjal on kasutatud on pisidetaile (turvasilmad, n\u00f6\u00f6bid). Ole ettevaatlik, kui annad seda m\u00e4ngimiseks v\u00e4ga v\u00e4ikesele lapsele.<\/p>\n","protected":false},"featured_media":94568,"comment_status":"open","ping_status":"closed","template":"","meta":[],"product_brand":[],"product_cat":[155],"product_tag":[122,379],"class_list":{"0":"post-94562","1":"product","2":"type-product","3":"status-publish","4":"has-post-thumbnail","6":"product_cat-heegeldatud-manguasjad","7":"product_tag-tudrukutele","8":"product_tag-villased-manguasjad","10":"first","11":"instock","12":"sold-individually","13":"taxable","14":"shipping-taxable","15":"purchasable","16":"product-type-simple"},"yoast_head":"<!-- This site is optimized with the Yoast SEO plugin v27.3 - https:\/\/yoast.com\/product\/yoast-seo-wordpress\/ -->\n<title>Heegeldatud elevandit\u00fcdruk | Amigurumi m\u00e4nguasjad | lilleliis<\/title>\n<meta name=\"description\" content=\"Heegeldatud elevandit\u00fcdruk oma ultra suurte, mustrilise kangaga kaetud k\u00f5rvadega on lihtsalt uskumatu ja armas!\" \/>\n<meta name=\"robots\" content=\"index, follow, max-snippet:-1, max-image-preview:large, max-video-preview:-1\" \/>\n<link rel=\"canonical\" href=\"https:\/\/www.lilleliis.com\/et\/toode\/heegeldatud-elevanditudruk\/\" \/>\n<meta property=\"og:locale\" content=\"et_EE\" \/>\n<meta property=\"og:type\" content=\"article\" \/>\n<meta property=\"og:title\" content=\"Heegeldatud elevandit\u00fcdruk | Amigurumi m\u00e4nguasjad | lilleliis\" \/>\n<meta property=\"og:description\" content=\"Heegeldatud elevandit\u00fcdruk oma ultra suurte, mustrilise kangaga kaetud k\u00f5rvadega on lihtsalt uskumatu ja armas!\" \/>\n<meta property=\"og:url\" content=\"https:\/\/www.lilleliis.com\/et\/toode\/heegeldatud-elevanditudruk\/\" \/>\n<meta property=\"og:site_name\" content=\"lilleliis\" \/>\n<meta property=\"article:publisher\" content=\"https:\/\/www.facebook.com\/lilleliis-283266335035799\/\" \/>\n<meta property=\"og:image\" content=\"https:\/\/www.lilleliis.com\/wp-content\/uploads\/2024\/05\/crochet-elephant-girl.jpg\" \/>\n\t<meta property=\"og:image:width\" content=\"1000\" \/>\n\t<meta property=\"og:image:height\" content=\"1500\" \/>\n\t<meta property=\"og:image:type\" content=\"image\/jpeg\" \/>\n<meta name=\"twitter:card\" content=\"summary_large_image\" \/>\n<script type=\"application\/ld+json\" class=\"yoast-schema-graph\">{\"@context\":\"https:\\\/\\\/schema.org\",\"@graph\":[{\"@type\":\"WebPage\",\"@id\":\"https:\\\/\\\/www.lilleliis.com\\\/et\\\/toode\\\/heegeldatud-elevanditudruk\\\/\",\"url\":\"https:\\\/\\\/www.lilleliis.com\\\/et\\\/toode\\\/heegeldatud-elevanditudruk\\\/\",\"name\":\"Heegeldatud elevandit\u00fcdruk | Amigurumi m\u00e4nguasjad | lilleliis\",\"isPartOf\":{\"@id\":\"https:\\\/\\\/www.lilleliis.com\\\/et\\\/#website\"},\"primaryImageOfPage\":{\"@id\":\"https:\\\/\\\/www.lilleliis.com\\\/et\\\/toode\\\/heegeldatud-elevanditudruk\\\/#primaryimage\"},\"image\":{\"@id\":\"https:\\\/\\\/www.lilleliis.com\\\/et\\\/toode\\\/heegeldatud-elevanditudruk\\\/#primaryimage\"},\"thumbnailUrl\":\"https:\\\/\\\/www.lilleliis.com\\\/wp-content\\\/uploads\\\/2024\\\/05\\\/crochet-elephant-girl.jpg\",\"datePublished\":\"2025-12-05T10:52:44+00:00\",\"description\":\"Heegeldatud elevandit\u00fcdruk oma ultra suurte, mustrilise kangaga kaetud k\u00f5rvadega on lihtsalt uskumatu ja armas!\",\"breadcrumb\":{\"@id\":\"https:\\\/\\\/www.lilleliis.com\\\/et\\\/toode\\\/heegeldatud-elevanditudruk\\\/#breadcrumb\"},\"inLanguage\":\"et\",\"potentialAction\":[{\"@type\":\"ReadAction\",\"target\":[\"https:\\\/\\\/www.lilleliis.com\\\/et\\\/toode\\\/heegeldatud-elevanditudruk\\\/\"]}]},{\"@type\":\"ImageObject\",\"inLanguage\":\"et\",\"@id\":\"https:\\\/\\\/www.lilleliis.com\\\/et\\\/toode\\\/heegeldatud-elevanditudruk\\\/#primaryimage\",\"url\":\"https:\\\/\\\/www.lilleliis.com\\\/wp-content\\\/uploads\\\/2024\\\/05\\\/crochet-elephant-girl.jpg\",\"contentUrl\":\"https:\\\/\\\/www.lilleliis.com\\\/wp-content\\\/uploads\\\/2024\\\/05\\\/crochet-elephant-girl.jpg\",\"width\":1000,\"height\":1500,\"caption\":\"Heegeldatud elevandit\u00fcdruk\"},{\"@type\":\"BreadcrumbList\",\"@id\":\"https:\\\/\\\/www.lilleliis.com\\\/et\\\/toode\\\/heegeldatud-elevanditudruk\\\/#breadcrumb\",\"itemListElement\":[{\"@type\":\"ListItem\",\"position\":1,\"name\":\"Home\",\"item\":\"https:\\\/\\\/www.lilleliis.com\\\/et\\\/\"},{\"@type\":\"ListItem\",\"position\":2,\"name\":\"Pood\",\"item\":\"https:\\\/\\\/www.lilleliis.com\\\/et\\\/shop\\\/\"},{\"@type\":\"ListItem\",\"position\":3,\"name\":\"Heegeldatud elevandit\u00fcdruk\"}]},{\"@type\":\"WebSite\",\"@id\":\"https:\\\/\\\/www.lilleliis.com\\\/et\\\/#website\",\"url\":\"https:\\\/\\\/www.lilleliis.com\\\/et\\\/\",\"name\":\"lilleliis\",\"description\":\"Amigurumi m\u00e4nguasjad ja mustrid\",\"potentialAction\":[{\"@type\":\"SearchAction\",\"target\":{\"@type\":\"EntryPoint\",\"urlTemplate\":\"https:\\\/\\\/www.lilleliis.com\\\/et\\\/?s={search_term_string}\"},\"query-input\":{\"@type\":\"PropertyValueSpecification\",\"valueRequired\":true,\"valueName\":\"search_term_string\"}}],\"inLanguage\":\"et\"}]}<\/script>\n<!-- \/ Yoast SEO plugin. -->","yoast_head_json":{"title":"Heegeldatud elevandit\u00fcdruk | Amigurumi m\u00e4nguasjad | lilleliis","description":"Heegeldatud elevandit\u00fcdruk oma ultra suurte, mustrilise kangaga kaetud k\u00f5rvadega on lihtsalt uskumatu ja armas!","robots":{"index":"index","follow":"follow","max-snippet":"max-snippet:-1","max-image-preview":"max-image-preview:large","max-video-preview":"max-video-preview:-1"},"canonical":"https:\/\/www.lilleliis.com\/et\/toode\/heegeldatud-elevanditudruk\/","og_locale":"et_EE","og_type":"article","og_title":"Heegeldatud elevandit\u00fcdruk | Amigurumi m\u00e4nguasjad | lilleliis","og_description":"Heegeldatud elevandit\u00fcdruk oma ultra suurte, mustrilise kangaga kaetud k\u00f5rvadega on lihtsalt uskumatu ja armas!","og_url":"https:\/\/www.lilleliis.com\/et\/toode\/heegeldatud-elevanditudruk\/","og_site_name":"lilleliis","article_publisher":"https:\/\/www.facebook.com\/lilleliis-283266335035799\/","og_image":[{"width":1000,"height":1500,"url":"https:\/\/www.lilleliis.com\/wp-content\/uploads\/2024\/05\/crochet-elephant-girl.jpg","type":"image\/jpeg"}],"twitter_card":"summary_large_image","schema":{"@context":"https:\/\/schema.org","@graph":[{"@type":"WebPage","@id":"https:\/\/www.lilleliis.com\/et\/toode\/heegeldatud-elevanditudruk\/","url":"https:\/\/www.lilleliis.com\/et\/toode\/heegeldatud-elevanditudruk\/","name":"Heegeldatud elevandit\u00fcdruk | Amigurumi m\u00e4nguasjad | lilleliis","isPartOf":{"@id":"https:\/\/www.lilleliis.com\/et\/#website"},"primaryImageOfPage":{"@id":"https:\/\/www.lilleliis.com\/et\/toode\/heegeldatud-elevanditudruk\/#primaryimage"},"image":{"@id":"https:\/\/www.lilleliis.com\/et\/toode\/heegeldatud-elevanditudruk\/#primaryimage"},"thumbnailUrl":"https:\/\/www.lilleliis.com\/wp-content\/uploads\/2024\/05\/crochet-elephant-girl.jpg","datePublished":"2025-12-05T10:52:44+00:00","description":"Heegeldatud elevandit\u00fcdruk oma ultra suurte, mustrilise kangaga kaetud k\u00f5rvadega on lihtsalt uskumatu ja armas!","breadcrumb":{"@id":"https:\/\/www.lilleliis.com\/et\/toode\/heegeldatud-elevanditudruk\/#breadcrumb"},"inLanguage":"et","potentialAction":[{"@type":"ReadAction","target":["https:\/\/www.lilleliis.com\/et\/toode\/heegeldatud-elevanditudruk\/"]}]},{"@type":"ImageObject","inLanguage":"et","@id":"https:\/\/www.lilleliis.com\/et\/toode\/heegeldatud-elevanditudruk\/#primaryimage","url":"https:\/\/www.lilleliis.com\/wp-content\/uploads\/2024\/05\/crochet-elephant-girl.jpg","contentUrl":"https:\/\/www.lilleliis.com\/wp-content\/uploads\/2024\/05\/crochet-elephant-girl.jpg","width":1000,"height":1500,"caption":"Heegeldatud elevandit\u00fcdruk"},{"@type":"BreadcrumbList","@id":"https:\/\/www.lilleliis.com\/et\/toode\/heegeldatud-elevanditudruk\/#breadcrumb","itemListElement":[{"@type":"ListItem","position":1,"name":"Home","item":"https:\/\/www.lilleliis.com\/et\/"},{"@type":"ListItem","position":2,"name":"Pood","item":"https:\/\/www.lilleliis.com\/et\/shop\/"},{"@type":"ListItem","position":3,"name":"Heegeldatud elevandit\u00fcdruk"}]},{"@type":"WebSite","@id":"https:\/\/www.lilleliis.com\/et\/#website","url":"https:\/\/www.lilleliis.com\/et\/","name":"lilleliis","description":"Amigurumi m\u00e4nguasjad ja mustrid","potentialAction":[{"@type":"SearchAction","target":{"@type":"EntryPoint","urlTemplate":"https:\/\/www.lilleliis.com\/et\/?s={search_term_string}"},"query-input":{"@type":"PropertyValueSpecification","valueRequired":true,"valueName":"search_term_string"}}],"inLanguage":"et"}]}},"_links":{"self":[{"href":"https:\/\/www.lilleliis.com\/et\/wp-json\/wp\/v2\/product\/94562","targetHints":{"allow":["GET"]}}],"collection":[{"href":"https:\/\/www.lilleliis.com\/et\/wp-json\/wp\/v2\/product"}],"about":[{"href":"https:\/\/www.lilleliis.com\/et\/wp-json\/wp\/v2\/types\/product"}],"replies":[{"embeddable":true,"href":"https:\/\/www.lilleliis.com\/et\/wp-json\/wp\/v2\/comments?post=94562"}],"wp:featuredmedia":[{"embeddable":true,"href":"https:\/\/www.lilleliis.com\/et\/wp-json\/wp\/v2\/media\/94568"}],"wp:attachment":[{"href":"https:\/\/www.lilleliis.com\/et\/wp-json\/wp\/v2\/media?parent=94562"}],"wp:term":[{"taxonomy":"product_brand","embeddable":true,"href":"https:\/\/www.lilleliis.com\/et\/wp-json\/wp\/v2\/product_brand?post=94562"},{"taxonomy":"product_cat","embeddable":true,"href":"https:\/\/www.lilleliis.com\/et\/wp-json\/wp\/v2\/product_cat?post=94562"},{"taxonomy":"product_tag","embeddable":true,"href":"https:\/\/www.lilleliis.com\/et\/wp-json\/wp\/v2\/product_tag?post=94562"}],"curies":[{"name":"wp","href":"https:\/\/api.w.org\/{rel}","templated":true}]}}