{"id":94580,"date":"2024-05-17T20:34:11","date_gmt":"2024-05-17T17:34:11","guid":{"rendered":"https:\/\/www.lilleliis.com\/?post_type=product&#038;p=94580"},"modified":"2024-05-17T21:12:59","modified_gmt":"2024-05-17T18:12:59","slug":"heegeldatud-laiguline-kaelkirjak","status":"publish","type":"product","link":"https:\/\/www.lilleliis.com\/et\/toode\/heegeldatud-laiguline-kaelkirjak\/","title":{"rendered":"Heegeldatud laiguline kaelkirjak"},"content":{"rendered":null,"protected":false},"excerpt":{"rendered":"<p>Heegeldatud laiguline kaelkirjak on veidra kujuga, k\u00f5ik jalad \u00fches reas. Tal on s\u00f5bralik n\u00e4gu ja vahvad kangast laigud kehal. Ja sa vaata seda saba!<\/p>\n<p>Beebil on teda pikast kaelast m\u00f5nus haarata.<\/p>\n<p>Heegeldatud beebis\u00f5bralikust puuvillasest l\u00f5ngast.<\/p>\n<p>Autorit\u00f6\u00f6. Disainitud ja k\u00e4sitsi valmistatud meie oma v\u00e4ikeses Eestis.<\/p>\n<div class=\"is-divider divider clearfix\" style=\"max-width:100%;\"><\/div>\n<p>Materjal:<\/p>\n<ul>\n<li>100% puuvillane l\u00f5ng<\/li>\n<li>pol\u00fcester kerakiud t\u00e4idis<\/li>\n<li>turvasilmad<\/li>\n<li>puuvillane kangas<\/li>\n<\/ul>\n<p>V\u00e4rv: kollane<\/p>\n<p>Pikkus: 35 sentimeetrit<\/p>\n<div class=\"is-divider divider clearfix\" style=\"max-width:100%;\"><\/div>\n<p>M\u00e4nguasjal on kasutatud on pisidetaile (turvasilmad). Ole ettevaatlik, kui annad seda m\u00e4ngimiseks v\u00e4ga v\u00e4ikesele lapsele.<\/p>\n","protected":false},"featured_media":94584,"comment_status":"open","ping_status":"closed","template":"","meta":[],"product_brand":[],"product_cat":[155],"product_tag":[123,377],"class_list":{"0":"post-94580","1":"product","2":"type-product","3":"status-publish","4":"has-post-thumbnail","6":"product_cat-heegeldatud-manguasjad","7":"product_tag-beebidele","8":"product_tag-puuvillast-manguasjad","10":"first","11":"outofstock","12":"sold-individually","13":"taxable","14":"shipping-taxable","15":"purchasable","16":"product-type-simple"},"yoast_head":"<!-- This site is optimized with the Yoast SEO plugin v27.3 - https:\/\/yoast.com\/product\/yoast-seo-wordpress\/ -->\n<title>Heegeldatud laiguline kaelkirjak | Amigurumi m\u00e4nguasjad | lilleliis<\/title>\n<meta name=\"description\" content=\"Heegeldatud laiguline kaelkirjak on veidra kujuga, k\u00f5ik jalad \u00fches reas. Tal on s\u00f5bralik n\u00e4gu ja vahvad kangast laigud kehal.\" \/>\n<meta name=\"robots\" content=\"index, follow, max-snippet:-1, max-image-preview:large, max-video-preview:-1\" \/>\n<link rel=\"canonical\" href=\"https:\/\/www.lilleliis.com\/et\/toode\/heegeldatud-laiguline-kaelkirjak\/\" \/>\n<meta property=\"og:locale\" content=\"et_EE\" \/>\n<meta property=\"og:type\" content=\"article\" \/>\n<meta property=\"og:title\" content=\"Heegeldatud laiguline kaelkirjak | Amigurumi m\u00e4nguasjad | lilleliis\" \/>\n<meta property=\"og:description\" content=\"Heegeldatud laiguline kaelkirjak on veidra kujuga, k\u00f5ik jalad \u00fches reas. Tal on s\u00f5bralik n\u00e4gu ja vahvad kangast laigud kehal.\" \/>\n<meta property=\"og:url\" content=\"https:\/\/www.lilleliis.com\/et\/toode\/heegeldatud-laiguline-kaelkirjak\/\" \/>\n<meta property=\"og:site_name\" content=\"lilleliis\" \/>\n<meta property=\"article:publisher\" content=\"https:\/\/www.facebook.com\/lilleliis-283266335035799\/\" \/>\n<meta property=\"article:modified_time\" content=\"2024-05-17T18:12:59+00:00\" \/>\n<meta property=\"og:image\" content=\"https:\/\/www.lilleliis.com\/wp-content\/uploads\/2024\/05\/amigurumi-kaelkirjak.jpg\" \/>\n\t<meta property=\"og:image:width\" content=\"1000\" \/>\n\t<meta property=\"og:image:height\" content=\"1500\" \/>\n\t<meta property=\"og:image:type\" content=\"image\/jpeg\" \/>\n<meta name=\"twitter:card\" content=\"summary_large_image\" \/>\n<script type=\"application\/ld+json\" class=\"yoast-schema-graph\">{\"@context\":\"https:\\\/\\\/schema.org\",\"@graph\":[{\"@type\":\"WebPage\",\"@id\":\"https:\\\/\\\/www.lilleliis.com\\\/et\\\/toode\\\/heegeldatud-laiguline-kaelkirjak\\\/\",\"url\":\"https:\\\/\\\/www.lilleliis.com\\\/et\\\/toode\\\/heegeldatud-laiguline-kaelkirjak\\\/\",\"name\":\"Heegeldatud laiguline kaelkirjak | Amigurumi m\u00e4nguasjad | lilleliis\",\"isPartOf\":{\"@id\":\"https:\\\/\\\/www.lilleliis.com\\\/et\\\/#website\"},\"primaryImageOfPage\":{\"@id\":\"https:\\\/\\\/www.lilleliis.com\\\/et\\\/toode\\\/heegeldatud-laiguline-kaelkirjak\\\/#primaryimage\"},\"image\":{\"@id\":\"https:\\\/\\\/www.lilleliis.com\\\/et\\\/toode\\\/heegeldatud-laiguline-kaelkirjak\\\/#primaryimage\"},\"thumbnailUrl\":\"https:\\\/\\\/www.lilleliis.com\\\/wp-content\\\/uploads\\\/2024\\\/05\\\/amigurumi-kaelkirjak.jpg\",\"datePublished\":\"2024-05-17T17:34:11+00:00\",\"dateModified\":\"2024-05-17T18:12:59+00:00\",\"description\":\"Heegeldatud laiguline kaelkirjak on veidra kujuga, k\u00f5ik jalad \u00fches reas. Tal on s\u00f5bralik n\u00e4gu ja vahvad kangast laigud kehal.\",\"breadcrumb\":{\"@id\":\"https:\\\/\\\/www.lilleliis.com\\\/et\\\/toode\\\/heegeldatud-laiguline-kaelkirjak\\\/#breadcrumb\"},\"inLanguage\":\"et\",\"potentialAction\":[{\"@type\":\"ReadAction\",\"target\":[\"https:\\\/\\\/www.lilleliis.com\\\/et\\\/toode\\\/heegeldatud-laiguline-kaelkirjak\\\/\"]}]},{\"@type\":\"ImageObject\",\"inLanguage\":\"et\",\"@id\":\"https:\\\/\\\/www.lilleliis.com\\\/et\\\/toode\\\/heegeldatud-laiguline-kaelkirjak\\\/#primaryimage\",\"url\":\"https:\\\/\\\/www.lilleliis.com\\\/wp-content\\\/uploads\\\/2024\\\/05\\\/amigurumi-kaelkirjak.jpg\",\"contentUrl\":\"https:\\\/\\\/www.lilleliis.com\\\/wp-content\\\/uploads\\\/2024\\\/05\\\/amigurumi-kaelkirjak.jpg\",\"width\":1000,\"height\":1500,\"caption\":\"heegeldatud kaelkirjak\"},{\"@type\":\"BreadcrumbList\",\"@id\":\"https:\\\/\\\/www.lilleliis.com\\\/et\\\/toode\\\/heegeldatud-laiguline-kaelkirjak\\\/#breadcrumb\",\"itemListElement\":[{\"@type\":\"ListItem\",\"position\":1,\"name\":\"Home\",\"item\":\"https:\\\/\\\/www.lilleliis.com\\\/et\\\/\"},{\"@type\":\"ListItem\",\"position\":2,\"name\":\"Pood\",\"item\":\"https:\\\/\\\/www.lilleliis.com\\\/et\\\/shop\\\/\"},{\"@type\":\"ListItem\",\"position\":3,\"name\":\"Heegeldatud laiguline kaelkirjak\"}]},{\"@type\":\"WebSite\",\"@id\":\"https:\\\/\\\/www.lilleliis.com\\\/et\\\/#website\",\"url\":\"https:\\\/\\\/www.lilleliis.com\\\/et\\\/\",\"name\":\"lilleliis\",\"description\":\"Amigurumi m\u00e4nguasjad ja mustrid\",\"potentialAction\":[{\"@type\":\"SearchAction\",\"target\":{\"@type\":\"EntryPoint\",\"urlTemplate\":\"https:\\\/\\\/www.lilleliis.com\\\/et\\\/?s={search_term_string}\"},\"query-input\":{\"@type\":\"PropertyValueSpecification\",\"valueRequired\":true,\"valueName\":\"search_term_string\"}}],\"inLanguage\":\"et\"}]}<\/script>\n<!-- \/ Yoast SEO plugin. -->","yoast_head_json":{"title":"Heegeldatud laiguline kaelkirjak | Amigurumi m\u00e4nguasjad | lilleliis","description":"Heegeldatud laiguline kaelkirjak on veidra kujuga, k\u00f5ik jalad \u00fches reas. Tal on s\u00f5bralik n\u00e4gu ja vahvad kangast laigud kehal.","robots":{"index":"index","follow":"follow","max-snippet":"max-snippet:-1","max-image-preview":"max-image-preview:large","max-video-preview":"max-video-preview:-1"},"canonical":"https:\/\/www.lilleliis.com\/et\/toode\/heegeldatud-laiguline-kaelkirjak\/","og_locale":"et_EE","og_type":"article","og_title":"Heegeldatud laiguline kaelkirjak | Amigurumi m\u00e4nguasjad | lilleliis","og_description":"Heegeldatud laiguline kaelkirjak on veidra kujuga, k\u00f5ik jalad \u00fches reas. Tal on s\u00f5bralik n\u00e4gu ja vahvad kangast laigud kehal.","og_url":"https:\/\/www.lilleliis.com\/et\/toode\/heegeldatud-laiguline-kaelkirjak\/","og_site_name":"lilleliis","article_publisher":"https:\/\/www.facebook.com\/lilleliis-283266335035799\/","article_modified_time":"2024-05-17T18:12:59+00:00","og_image":[{"width":1000,"height":1500,"url":"https:\/\/www.lilleliis.com\/wp-content\/uploads\/2024\/05\/amigurumi-kaelkirjak.jpg","type":"image\/jpeg"}],"twitter_card":"summary_large_image","schema":{"@context":"https:\/\/schema.org","@graph":[{"@type":"WebPage","@id":"https:\/\/www.lilleliis.com\/et\/toode\/heegeldatud-laiguline-kaelkirjak\/","url":"https:\/\/www.lilleliis.com\/et\/toode\/heegeldatud-laiguline-kaelkirjak\/","name":"Heegeldatud laiguline kaelkirjak | Amigurumi m\u00e4nguasjad | lilleliis","isPartOf":{"@id":"https:\/\/www.lilleliis.com\/et\/#website"},"primaryImageOfPage":{"@id":"https:\/\/www.lilleliis.com\/et\/toode\/heegeldatud-laiguline-kaelkirjak\/#primaryimage"},"image":{"@id":"https:\/\/www.lilleliis.com\/et\/toode\/heegeldatud-laiguline-kaelkirjak\/#primaryimage"},"thumbnailUrl":"https:\/\/www.lilleliis.com\/wp-content\/uploads\/2024\/05\/amigurumi-kaelkirjak.jpg","datePublished":"2024-05-17T17:34:11+00:00","dateModified":"2024-05-17T18:12:59+00:00","description":"Heegeldatud laiguline kaelkirjak on veidra kujuga, k\u00f5ik jalad \u00fches reas. Tal on s\u00f5bralik n\u00e4gu ja vahvad kangast laigud kehal.","breadcrumb":{"@id":"https:\/\/www.lilleliis.com\/et\/toode\/heegeldatud-laiguline-kaelkirjak\/#breadcrumb"},"inLanguage":"et","potentialAction":[{"@type":"ReadAction","target":["https:\/\/www.lilleliis.com\/et\/toode\/heegeldatud-laiguline-kaelkirjak\/"]}]},{"@type":"ImageObject","inLanguage":"et","@id":"https:\/\/www.lilleliis.com\/et\/toode\/heegeldatud-laiguline-kaelkirjak\/#primaryimage","url":"https:\/\/www.lilleliis.com\/wp-content\/uploads\/2024\/05\/amigurumi-kaelkirjak.jpg","contentUrl":"https:\/\/www.lilleliis.com\/wp-content\/uploads\/2024\/05\/amigurumi-kaelkirjak.jpg","width":1000,"height":1500,"caption":"heegeldatud kaelkirjak"},{"@type":"BreadcrumbList","@id":"https:\/\/www.lilleliis.com\/et\/toode\/heegeldatud-laiguline-kaelkirjak\/#breadcrumb","itemListElement":[{"@type":"ListItem","position":1,"name":"Home","item":"https:\/\/www.lilleliis.com\/et\/"},{"@type":"ListItem","position":2,"name":"Pood","item":"https:\/\/www.lilleliis.com\/et\/shop\/"},{"@type":"ListItem","position":3,"name":"Heegeldatud laiguline kaelkirjak"}]},{"@type":"WebSite","@id":"https:\/\/www.lilleliis.com\/et\/#website","url":"https:\/\/www.lilleliis.com\/et\/","name":"lilleliis","description":"Amigurumi m\u00e4nguasjad ja mustrid","potentialAction":[{"@type":"SearchAction","target":{"@type":"EntryPoint","urlTemplate":"https:\/\/www.lilleliis.com\/et\/?s={search_term_string}"},"query-input":{"@type":"PropertyValueSpecification","valueRequired":true,"valueName":"search_term_string"}}],"inLanguage":"et"}]}},"_links":{"self":[{"href":"https:\/\/www.lilleliis.com\/et\/wp-json\/wp\/v2\/product\/94580","targetHints":{"allow":["GET"]}}],"collection":[{"href":"https:\/\/www.lilleliis.com\/et\/wp-json\/wp\/v2\/product"}],"about":[{"href":"https:\/\/www.lilleliis.com\/et\/wp-json\/wp\/v2\/types\/product"}],"replies":[{"embeddable":true,"href":"https:\/\/www.lilleliis.com\/et\/wp-json\/wp\/v2\/comments?post=94580"}],"wp:featuredmedia":[{"embeddable":true,"href":"https:\/\/www.lilleliis.com\/et\/wp-json\/wp\/v2\/media\/94584"}],"wp:attachment":[{"href":"https:\/\/www.lilleliis.com\/et\/wp-json\/wp\/v2\/media?parent=94580"}],"wp:term":[{"taxonomy":"product_brand","embeddable":true,"href":"https:\/\/www.lilleliis.com\/et\/wp-json\/wp\/v2\/product_brand?post=94580"},{"taxonomy":"product_cat","embeddable":true,"href":"https:\/\/www.lilleliis.com\/et\/wp-json\/wp\/v2\/product_cat?post=94580"},{"taxonomy":"product_tag","embeddable":true,"href":"https:\/\/www.lilleliis.com\/et\/wp-json\/wp\/v2\/product_tag?post=94580"}],"curies":[{"name":"wp","href":"https:\/\/api.w.org\/{rel}","templated":true}]}}