{"id":94598,"date":"2025-04-11T11:30:12","date_gmt":"2025-04-11T08:30:12","guid":{"rendered":"https:\/\/www.lilleliis.com\/?post_type=product&#038;p=94598"},"modified":"2024-05-18T14:37:04","modified_gmt":"2024-05-18T11:37:04","slug":"riietega-janes","status":"publish","type":"product","link":"https:\/\/www.lilleliis.com\/et\/toode\/riietega-janes\/","title":{"rendered":"Riietega j\u00e4nes"},"content":{"rendered":null,"protected":false},"excerpt":{"rendered":"<p>Riietega j\u00e4nes on vahva m\u00e4ngukaaslane. Tal saab k\u00f5ik riided seljast \u00e4ra v\u00f5tta.<\/p>\n<p>J\u00e4nes on heegeldatud villa ja alpakat sisaldavast imepehmest l\u00f5ngast. Tal on seljas puuvillane seelik, soe villane vest ja jalas m\u00f5nusalt karvased sussid.<\/p>\n<p>J\u00e4nku k\u00f5rvad on kangaga kaetud ja silmad k\u00e4sitsi tikitud. P\u00e4ris ilma k\u00f5vade detailideta ta pole, sest vestil on kaks n\u00f6\u00f6pi.<\/p>\n<p>Autorit\u00f6\u00f6. Disainitud ja k\u00e4sitsi valmistatud meie oma v\u00e4ikeses Eestis.<\/p>\n<div class=\"is-divider divider clearfix\" style=\"max-width:100%;\"><\/div>\n<p>Materjal:<\/p>\n<ul>\n<li>l\u00f5ng &#8211; segu alpakavillast, lambavillast ja s\u00fcnteetikast<\/li>\n<li>vest &#8211; vill + alpaka<\/li>\n<li>pol\u00fcester kerakiud t\u00e4idis<\/li>\n<li>puuvillane kangas<\/li>\n<li>n\u00f6\u00f6bid<\/li>\n<\/ul>\n<p>V\u00e4rv: bee\u017e, roosa, punane, roheline<\/p>\n<p>Pikkus: 46 sentimeetrit<\/p>\n<div class=\"is-divider divider clearfix\" style=\"max-width:100%;\"><\/div>\n<p>M\u00e4nguasjal on kasutatud on pisidetaile (n\u00f6\u00f6bid) ning l\u00f5ng v\u00f5ib olla veidi karvane. Ole ettevaatlik, kui annad seda m\u00e4ngimiseks v\u00e4ga v\u00e4ikesele lapsele.<\/p>\n","protected":false},"featured_media":94612,"comment_status":"open","ping_status":"closed","template":"","meta":[],"product_brand":[],"product_cat":[155],"product_tag":[122,379],"class_list":{"0":"post-94598","1":"product","2":"type-product","3":"status-publish","4":"has-post-thumbnail","6":"product_cat-heegeldatud-manguasjad","7":"product_tag-tudrukutele","8":"product_tag-villased-manguasjad","10":"first","11":"outofstock","12":"sold-individually","13":"taxable","14":"shipping-taxable","15":"purchasable","16":"product-type-simple"},"yoast_head":"<!-- This site is optimized with the Yoast SEO plugin v27.3 - https:\/\/yoast.com\/product\/yoast-seo-wordpress\/ -->\n<title>Riietega j\u00e4nes | Heegeldatud m\u00e4nguasjad | lilleliis<\/title>\n<meta name=\"description\" content=\"Riietega j\u00e4nes on heegeldatud villa ja alpakat sisaldavast l\u00f5ngast. Tal on seljas puuvillane seelik, soe vest ja jalas karvased sussid.\" \/>\n<meta name=\"robots\" content=\"index, follow, max-snippet:-1, max-image-preview:large, max-video-preview:-1\" \/>\n<link rel=\"canonical\" href=\"https:\/\/www.lilleliis.com\/et\/toode\/riietega-janes\/\" \/>\n<meta property=\"og:locale\" content=\"et_EE\" \/>\n<meta property=\"og:type\" content=\"article\" \/>\n<meta property=\"og:title\" content=\"Riietega j\u00e4nes | Heegeldatud m\u00e4nguasjad | lilleliis\" \/>\n<meta property=\"og:description\" content=\"Riietega j\u00e4nes on heegeldatud villa ja alpakat sisaldavast l\u00f5ngast. Tal on seljas puuvillane seelik, soe vest ja jalas karvased sussid.\" \/>\n<meta property=\"og:url\" content=\"https:\/\/www.lilleliis.com\/et\/toode\/riietega-janes\/\" \/>\n<meta property=\"og:site_name\" content=\"lilleliis\" \/>\n<meta property=\"article:publisher\" content=\"https:\/\/www.facebook.com\/lilleliis-283266335035799\/\" \/>\n<meta property=\"og:image\" content=\"https:\/\/www.lilleliis.com\/wp-content\/uploads\/2024\/05\/heegeldatud-janes-riietega.jpg\" \/>\n\t<meta property=\"og:image:width\" content=\"1000\" \/>\n\t<meta property=\"og:image:height\" content=\"1500\" \/>\n\t<meta property=\"og:image:type\" content=\"image\/jpeg\" \/>\n<meta name=\"twitter:card\" content=\"summary_large_image\" \/>\n<script type=\"application\/ld+json\" class=\"yoast-schema-graph\">{\"@context\":\"https:\\\/\\\/schema.org\",\"@graph\":[{\"@type\":\"WebPage\",\"@id\":\"https:\\\/\\\/www.lilleliis.com\\\/et\\\/toode\\\/riietega-janes\\\/\",\"url\":\"https:\\\/\\\/www.lilleliis.com\\\/et\\\/toode\\\/riietega-janes\\\/\",\"name\":\"Riietega j\u00e4nes | Heegeldatud m\u00e4nguasjad | lilleliis\",\"isPartOf\":{\"@id\":\"https:\\\/\\\/www.lilleliis.com\\\/et\\\/#website\"},\"primaryImageOfPage\":{\"@id\":\"https:\\\/\\\/www.lilleliis.com\\\/et\\\/toode\\\/riietega-janes\\\/#primaryimage\"},\"image\":{\"@id\":\"https:\\\/\\\/www.lilleliis.com\\\/et\\\/toode\\\/riietega-janes\\\/#primaryimage\"},\"thumbnailUrl\":\"https:\\\/\\\/www.lilleliis.com\\\/wp-content\\\/uploads\\\/2024\\\/05\\\/heegeldatud-janes-riietega.jpg\",\"datePublished\":\"2025-04-11T08:30:12+00:00\",\"description\":\"Riietega j\u00e4nes on heegeldatud villa ja alpakat sisaldavast l\u00f5ngast. Tal on seljas puuvillane seelik, soe vest ja jalas karvased sussid.\",\"breadcrumb\":{\"@id\":\"https:\\\/\\\/www.lilleliis.com\\\/et\\\/toode\\\/riietega-janes\\\/#breadcrumb\"},\"inLanguage\":\"et\",\"potentialAction\":[{\"@type\":\"ReadAction\",\"target\":[\"https:\\\/\\\/www.lilleliis.com\\\/et\\\/toode\\\/riietega-janes\\\/\"]}]},{\"@type\":\"ImageObject\",\"inLanguage\":\"et\",\"@id\":\"https:\\\/\\\/www.lilleliis.com\\\/et\\\/toode\\\/riietega-janes\\\/#primaryimage\",\"url\":\"https:\\\/\\\/www.lilleliis.com\\\/wp-content\\\/uploads\\\/2024\\\/05\\\/heegeldatud-janes-riietega.jpg\",\"contentUrl\":\"https:\\\/\\\/www.lilleliis.com\\\/wp-content\\\/uploads\\\/2024\\\/05\\\/heegeldatud-janes-riietega.jpg\",\"width\":1000,\"height\":1500,\"caption\":\"heegeldatud j\u00e4nes riietega\"},{\"@type\":\"BreadcrumbList\",\"@id\":\"https:\\\/\\\/www.lilleliis.com\\\/et\\\/toode\\\/riietega-janes\\\/#breadcrumb\",\"itemListElement\":[{\"@type\":\"ListItem\",\"position\":1,\"name\":\"Home\",\"item\":\"https:\\\/\\\/www.lilleliis.com\\\/et\\\/\"},{\"@type\":\"ListItem\",\"position\":2,\"name\":\"Pood\",\"item\":\"https:\\\/\\\/www.lilleliis.com\\\/et\\\/shop\\\/\"},{\"@type\":\"ListItem\",\"position\":3,\"name\":\"Riietega j\u00e4nes\"}]},{\"@type\":\"WebSite\",\"@id\":\"https:\\\/\\\/www.lilleliis.com\\\/et\\\/#website\",\"url\":\"https:\\\/\\\/www.lilleliis.com\\\/et\\\/\",\"name\":\"lilleliis\",\"description\":\"Amigurumi m\u00e4nguasjad ja mustrid\",\"potentialAction\":[{\"@type\":\"SearchAction\",\"target\":{\"@type\":\"EntryPoint\",\"urlTemplate\":\"https:\\\/\\\/www.lilleliis.com\\\/et\\\/?s={search_term_string}\"},\"query-input\":{\"@type\":\"PropertyValueSpecification\",\"valueRequired\":true,\"valueName\":\"search_term_string\"}}],\"inLanguage\":\"et\"}]}<\/script>\n<!-- \/ Yoast SEO plugin. -->","yoast_head_json":{"title":"Riietega j\u00e4nes | Heegeldatud m\u00e4nguasjad | lilleliis","description":"Riietega j\u00e4nes on heegeldatud villa ja alpakat sisaldavast l\u00f5ngast. Tal on seljas puuvillane seelik, soe vest ja jalas karvased sussid.","robots":{"index":"index","follow":"follow","max-snippet":"max-snippet:-1","max-image-preview":"max-image-preview:large","max-video-preview":"max-video-preview:-1"},"canonical":"https:\/\/www.lilleliis.com\/et\/toode\/riietega-janes\/","og_locale":"et_EE","og_type":"article","og_title":"Riietega j\u00e4nes | Heegeldatud m\u00e4nguasjad | lilleliis","og_description":"Riietega j\u00e4nes on heegeldatud villa ja alpakat sisaldavast l\u00f5ngast. Tal on seljas puuvillane seelik, soe vest ja jalas karvased sussid.","og_url":"https:\/\/www.lilleliis.com\/et\/toode\/riietega-janes\/","og_site_name":"lilleliis","article_publisher":"https:\/\/www.facebook.com\/lilleliis-283266335035799\/","og_image":[{"width":1000,"height":1500,"url":"https:\/\/www.lilleliis.com\/wp-content\/uploads\/2024\/05\/heegeldatud-janes-riietega.jpg","type":"image\/jpeg"}],"twitter_card":"summary_large_image","schema":{"@context":"https:\/\/schema.org","@graph":[{"@type":"WebPage","@id":"https:\/\/www.lilleliis.com\/et\/toode\/riietega-janes\/","url":"https:\/\/www.lilleliis.com\/et\/toode\/riietega-janes\/","name":"Riietega j\u00e4nes | Heegeldatud m\u00e4nguasjad | lilleliis","isPartOf":{"@id":"https:\/\/www.lilleliis.com\/et\/#website"},"primaryImageOfPage":{"@id":"https:\/\/www.lilleliis.com\/et\/toode\/riietega-janes\/#primaryimage"},"image":{"@id":"https:\/\/www.lilleliis.com\/et\/toode\/riietega-janes\/#primaryimage"},"thumbnailUrl":"https:\/\/www.lilleliis.com\/wp-content\/uploads\/2024\/05\/heegeldatud-janes-riietega.jpg","datePublished":"2025-04-11T08:30:12+00:00","description":"Riietega j\u00e4nes on heegeldatud villa ja alpakat sisaldavast l\u00f5ngast. Tal on seljas puuvillane seelik, soe vest ja jalas karvased sussid.","breadcrumb":{"@id":"https:\/\/www.lilleliis.com\/et\/toode\/riietega-janes\/#breadcrumb"},"inLanguage":"et","potentialAction":[{"@type":"ReadAction","target":["https:\/\/www.lilleliis.com\/et\/toode\/riietega-janes\/"]}]},{"@type":"ImageObject","inLanguage":"et","@id":"https:\/\/www.lilleliis.com\/et\/toode\/riietega-janes\/#primaryimage","url":"https:\/\/www.lilleliis.com\/wp-content\/uploads\/2024\/05\/heegeldatud-janes-riietega.jpg","contentUrl":"https:\/\/www.lilleliis.com\/wp-content\/uploads\/2024\/05\/heegeldatud-janes-riietega.jpg","width":1000,"height":1500,"caption":"heegeldatud j\u00e4nes riietega"},{"@type":"BreadcrumbList","@id":"https:\/\/www.lilleliis.com\/et\/toode\/riietega-janes\/#breadcrumb","itemListElement":[{"@type":"ListItem","position":1,"name":"Home","item":"https:\/\/www.lilleliis.com\/et\/"},{"@type":"ListItem","position":2,"name":"Pood","item":"https:\/\/www.lilleliis.com\/et\/shop\/"},{"@type":"ListItem","position":3,"name":"Riietega j\u00e4nes"}]},{"@type":"WebSite","@id":"https:\/\/www.lilleliis.com\/et\/#website","url":"https:\/\/www.lilleliis.com\/et\/","name":"lilleliis","description":"Amigurumi m\u00e4nguasjad ja mustrid","potentialAction":[{"@type":"SearchAction","target":{"@type":"EntryPoint","urlTemplate":"https:\/\/www.lilleliis.com\/et\/?s={search_term_string}"},"query-input":{"@type":"PropertyValueSpecification","valueRequired":true,"valueName":"search_term_string"}}],"inLanguage":"et"}]}},"_links":{"self":[{"href":"https:\/\/www.lilleliis.com\/et\/wp-json\/wp\/v2\/product\/94598","targetHints":{"allow":["GET"]}}],"collection":[{"href":"https:\/\/www.lilleliis.com\/et\/wp-json\/wp\/v2\/product"}],"about":[{"href":"https:\/\/www.lilleliis.com\/et\/wp-json\/wp\/v2\/types\/product"}],"replies":[{"embeddable":true,"href":"https:\/\/www.lilleliis.com\/et\/wp-json\/wp\/v2\/comments?post=94598"}],"wp:featuredmedia":[{"embeddable":true,"href":"https:\/\/www.lilleliis.com\/et\/wp-json\/wp\/v2\/media\/94612"}],"wp:attachment":[{"href":"https:\/\/www.lilleliis.com\/et\/wp-json\/wp\/v2\/media?parent=94598"}],"wp:term":[{"taxonomy":"product_brand","embeddable":true,"href":"https:\/\/www.lilleliis.com\/et\/wp-json\/wp\/v2\/product_brand?post=94598"},{"taxonomy":"product_cat","embeddable":true,"href":"https:\/\/www.lilleliis.com\/et\/wp-json\/wp\/v2\/product_cat?post=94598"},{"taxonomy":"product_tag","embeddable":true,"href":"https:\/\/www.lilleliis.com\/et\/wp-json\/wp\/v2\/product_tag?post=94598"}],"curies":[{"name":"wp","href":"https:\/\/api.w.org\/{rel}","templated":true}]}}