{"id":94699,"date":"2025-07-30T13:55:37","date_gmt":"2025-07-30T10:55:37","guid":{"rendered":"https:\/\/www.lilleliis.com\/?post_type=product&#038;p=94699"},"modified":"2026-02-25T13:24:01","modified_gmt":"2026-02-25T11:24:01","slug":"janes-porgand-puks-amigurumi-opetus","status":"publish","type":"product","link":"https:\/\/www.lilleliis.com\/et\/toode\/janes-porgand-puks-amigurumi-opetus\/","title":{"rendered":"Kaisuj\u00e4nku heegeldamise \u00f5petus &#8211; J\u00e4nes Porgand-p\u00fcks (eng)"},"content":{"rendered":"<p>Heegeldatud j\u00e4nku muster &#8211; J\u00e4nes Porgand-p\u00fcks<\/p>\n<p data-start=\"364\" data-end=\"574\">J\u00e4nes on heegeldatud v\u00e4ga pehmest ja m\u00f5nusalt karvase tekstuuriga l\u00f5ngast, mis sisaldab puuvilla ja villa. Ta on \u00fcleni pehme ning tal on tikitud tudusilmad. Video \u00f5petuse silmade tikkimiseks leiad mustri seest.<\/p>\n<p data-start=\"703\" data-end=\"830\">J\u00e4nese pehmust tasakaalustavad tviidl\u00f5ngast traksip\u00fcksid, millel on ilus krae ja imearmas tasku, millele on tikitud v\u00e4ike porgand.<\/p>\n<div class=\"is-divider divider clearfix\" ><\/div>\n<h3>Mustrist<\/h3>\n<p>Allalaetav ja lihtsasti j\u00e4lgitav k\u00e4sit\u00f6\u00f6 \u00f5petus (PDF fail). 27-lehek\u00fcljeline juhend sisaldab samm-sammulist \u00f5petust nii j\u00e4nese kui traksip\u00fckste valmistamiseks ning hulgaliselt abistavaid fotosid.<\/p>\n<p>Keel: inglise<\/p>\n<p>\u00d5petuse raskusaste: keskmine<\/p>\n<p>Vajaminevad v\u00f5tted: kinnissilmust, \u00fchekordne sammas<\/p>\n<div class=\"is-divider divider clearfix\" ><\/div>\n<h3>Suurus ja materjal<\/h3>\n<p>Suurus: 32 cm<\/p>\n<p>Valmistamiseks on kasutatud heegeln\u00f5ela j\u00e4medusega 3 mm ning kombineeritud karvase tekstuuriga puuvilla ja meriino segul\u00f5nga ning tviidl\u00f5nga.<\/p>\n<div class=\"is-divider divider clearfix\" ><\/div>\n<h3>Abi ja copyright<\/h3>\n<p>K\u00fcsimuste korral saab abi\u00a0<a href=\"mailto:%20lilleliis@gmail.com\">e-posti teel<\/a>.<\/p>\n<p>\u00d5petuse j\u00e4rgi valmistatud esemeid v\u00f5ib m\u00fc\u00fca. \u00d5petust on keelatud jagada. Autori\u00f5igustega tutvu\u00a0<a href=\"https:\/\/www.lilleliis.com\/et\/autorioigused\/\" target=\"_blank\" rel=\"noopener\">siin<\/a>.<\/p>\n","protected":false},"excerpt":{"rendered":"<p data-start=\"172\" data-end=\"362\">J\u00e4nes Porgand-p\u00fcks on armas tudusilmadega kaisuj\u00e4nku, kellel on jalas vahvad porgandiga traksip\u00fcksid. Selle mustri abil saad samm-sammult \u00f5ppida, kuidas seda toredat tegelast heegeldada.<\/p>\n<p data-start=\"703\" data-end=\"830\"><div class=\"is-divider divider clearfix\" ><\/div>\n<p data-start=\"703\" data-end=\"830\">Tegemist on allalaetava <strong data-start=\"326\" data-end=\"343\">PDF-\u00f5petusega<\/strong>, mis sisaldab rohkelt fotosid. \u00d5petuse raskusaste on <strong>keskmine<\/strong>.<\/p>\n<p data-start=\"703\" data-end=\"830\">Eestikeelse \u00f5petuse leiad lilleliisi viimasest raamatust <a href=\"https:\/\/www.lilleliis.com\/et\/kasitooraamatud\/unustamatud-lapsepolvelelud\/\">&#8220;Unustamatud lapsep\u00f5lvelelud&#8221;<\/a>.<\/p>\n","protected":false},"featured_media":94721,"comment_status":"open","ping_status":"closed","template":"","meta":[],"product_brand":[],"product_cat":[95,119],"product_tag":[613],"class_list":{"0":"post-94699","1":"product","2":"type-product","3":"status-publish","4":"has-post-thumbnail","6":"product_cat-amigurumi-opetused","7":"product_cat-janku-mustrid","8":"product_tag-nukuriided","9":"pa_pattern-language-hispaania","10":"pa_pattern-language-hollandi","11":"pa_pattern-language-inglise","12":"pa_pattern-language-taani","13":"pa_pattern-skill-level-keskmine","15":"first","16":"instock","17":"sold-individually","18":"taxable","19":"shipping-taxable","20":"purchasable","21":"product-type-variable"},"yoast_head":"<!-- This site is optimized with the Yoast SEO plugin v27.3 - https:\/\/yoast.com\/product\/yoast-seo-wordpress\/ -->\n<title>Kaisuj\u00e4nku heegeldamise \u00f5petus - J\u00e4nes Porgand-p\u00fcks (eng) | lilleliis<\/title>\n<meta name=\"description\" content=\"Kaisuj\u00e4nku heegeldamise \u00f5petus - loo armas tudusilmadega amigurumi j\u00e4nku, pehmest l\u00f5ngast ja vahvate porgandiga traksip\u00fckstega.\" \/>\n<meta name=\"robots\" content=\"index, follow, max-snippet:-1, max-image-preview:large, max-video-preview:-1\" \/>\n<link rel=\"canonical\" href=\"https:\/\/www.lilleliis.com\/et\/toode\/janes-porgand-puks-amigurumi-opetus\/\" \/>\n<meta property=\"og:locale\" content=\"et_EE\" \/>\n<meta property=\"og:type\" content=\"article\" \/>\n<meta property=\"og:title\" content=\"Kaisuj\u00e4nku heegeldamise \u00f5petus - J\u00e4nes Porgand-p\u00fcks (eng) | lilleliis\" \/>\n<meta property=\"og:description\" content=\"Kaisuj\u00e4nku heegeldamise \u00f5petus - loo armas tudusilmadega amigurumi j\u00e4nku, pehmest l\u00f5ngast ja vahvate porgandiga traksip\u00fckstega.\" \/>\n<meta property=\"og:url\" content=\"https:\/\/www.lilleliis.com\/et\/toode\/janes-porgand-puks-amigurumi-opetus\/\" \/>\n<meta property=\"og:site_name\" content=\"lilleliis\" \/>\n<meta property=\"article:publisher\" content=\"https:\/\/www.facebook.com\/lilleliis-283266335035799\/\" \/>\n<meta property=\"article:modified_time\" content=\"2026-02-25T11:24:01+00:00\" \/>\n<meta property=\"og:image\" content=\"https:\/\/www.lilleliis.com\/wp-content\/uploads\/2024\/05\/carrot-pants-bunny-amigurumi3.jpg\" \/>\n\t<meta property=\"og:image:width\" content=\"1000\" \/>\n\t<meta property=\"og:image:height\" content=\"1500\" \/>\n\t<meta property=\"og:image:type\" content=\"image\/jpeg\" \/>\n<meta name=\"twitter:card\" content=\"summary_large_image\" \/>\n<meta name=\"twitter:label1\" content=\"Est. reading time\" \/>\n\t<meta name=\"twitter:data1\" content=\"1 minute\" \/>\n<script type=\"application\/ld+json\" class=\"yoast-schema-graph\">{\"@context\":\"https:\\\/\\\/schema.org\",\"@graph\":[{\"@type\":\"WebPage\",\"@id\":\"https:\\\/\\\/www.lilleliis.com\\\/et\\\/toode\\\/janes-porgand-puks-amigurumi-opetus\\\/\",\"url\":\"https:\\\/\\\/www.lilleliis.com\\\/et\\\/toode\\\/janes-porgand-puks-amigurumi-opetus\\\/\",\"name\":\"Kaisuj\u00e4nku heegeldamise \u00f5petus - J\u00e4nes Porgand-p\u00fcks (eng) | lilleliis\",\"isPartOf\":{\"@id\":\"https:\\\/\\\/www.lilleliis.com\\\/et\\\/#website\"},\"primaryImageOfPage\":{\"@id\":\"https:\\\/\\\/www.lilleliis.com\\\/et\\\/toode\\\/janes-porgand-puks-amigurumi-opetus\\\/#primaryimage\"},\"image\":{\"@id\":\"https:\\\/\\\/www.lilleliis.com\\\/et\\\/toode\\\/janes-porgand-puks-amigurumi-opetus\\\/#primaryimage\"},\"thumbnailUrl\":\"https:\\\/\\\/www.lilleliis.com\\\/wp-content\\\/uploads\\\/2024\\\/05\\\/carrot-pants-bunny-amigurumi3.jpg\",\"datePublished\":\"2025-07-30T10:55:37+00:00\",\"dateModified\":\"2026-02-25T11:24:01+00:00\",\"description\":\"Kaisuj\u00e4nku heegeldamise \u00f5petus - loo armas tudusilmadega amigurumi j\u00e4nku, pehmest l\u00f5ngast ja vahvate porgandiga traksip\u00fckstega.\",\"breadcrumb\":{\"@id\":\"https:\\\/\\\/www.lilleliis.com\\\/et\\\/toode\\\/janes-porgand-puks-amigurumi-opetus\\\/#breadcrumb\"},\"inLanguage\":\"et\",\"potentialAction\":[{\"@type\":\"ReadAction\",\"target\":[\"https:\\\/\\\/www.lilleliis.com\\\/et\\\/toode\\\/janes-porgand-puks-amigurumi-opetus\\\/\"]}]},{\"@type\":\"ImageObject\",\"inLanguage\":\"et\",\"@id\":\"https:\\\/\\\/www.lilleliis.com\\\/et\\\/toode\\\/janes-porgand-puks-amigurumi-opetus\\\/#primaryimage\",\"url\":\"https:\\\/\\\/www.lilleliis.com\\\/wp-content\\\/uploads\\\/2024\\\/05\\\/carrot-pants-bunny-amigurumi3.jpg\",\"contentUrl\":\"https:\\\/\\\/www.lilleliis.com\\\/wp-content\\\/uploads\\\/2024\\\/05\\\/carrot-pants-bunny-amigurumi3.jpg\",\"width\":1000,\"height\":1500,\"caption\":\"J\u00e4nes Porgand-p\u00fcks amigurumi\"},{\"@type\":\"BreadcrumbList\",\"@id\":\"https:\\\/\\\/www.lilleliis.com\\\/et\\\/toode\\\/janes-porgand-puks-amigurumi-opetus\\\/#breadcrumb\",\"itemListElement\":[{\"@type\":\"ListItem\",\"position\":1,\"name\":\"Home\",\"item\":\"https:\\\/\\\/www.lilleliis.com\\\/et\\\/\"},{\"@type\":\"ListItem\",\"position\":2,\"name\":\"Pood\",\"item\":\"https:\\\/\\\/www.lilleliis.com\\\/et\\\/shop\\\/\"},{\"@type\":\"ListItem\",\"position\":3,\"name\":\"Kaisuj\u00e4nku heegeldamise \u00f5petus &#8211; J\u00e4nes Porgand-p\u00fcks (eng)\"}]},{\"@type\":\"WebSite\",\"@id\":\"https:\\\/\\\/www.lilleliis.com\\\/et\\\/#website\",\"url\":\"https:\\\/\\\/www.lilleliis.com\\\/et\\\/\",\"name\":\"lilleliis\",\"description\":\"Amigurumi m\u00e4nguasjad ja mustrid\",\"potentialAction\":[{\"@type\":\"SearchAction\",\"target\":{\"@type\":\"EntryPoint\",\"urlTemplate\":\"https:\\\/\\\/www.lilleliis.com\\\/et\\\/?s={search_term_string}\"},\"query-input\":{\"@type\":\"PropertyValueSpecification\",\"valueRequired\":true,\"valueName\":\"search_term_string\"}}],\"inLanguage\":\"et\"}]}<\/script>\n<!-- \/ Yoast SEO plugin. -->","yoast_head_json":{"title":"Kaisuj\u00e4nku heegeldamise \u00f5petus - J\u00e4nes Porgand-p\u00fcks (eng) | lilleliis","description":"Kaisuj\u00e4nku heegeldamise \u00f5petus - loo armas tudusilmadega amigurumi j\u00e4nku, pehmest l\u00f5ngast ja vahvate porgandiga traksip\u00fckstega.","robots":{"index":"index","follow":"follow","max-snippet":"max-snippet:-1","max-image-preview":"max-image-preview:large","max-video-preview":"max-video-preview:-1"},"canonical":"https:\/\/www.lilleliis.com\/et\/toode\/janes-porgand-puks-amigurumi-opetus\/","og_locale":"et_EE","og_type":"article","og_title":"Kaisuj\u00e4nku heegeldamise \u00f5petus - J\u00e4nes Porgand-p\u00fcks (eng) | lilleliis","og_description":"Kaisuj\u00e4nku heegeldamise \u00f5petus - loo armas tudusilmadega amigurumi j\u00e4nku, pehmest l\u00f5ngast ja vahvate porgandiga traksip\u00fckstega.","og_url":"https:\/\/www.lilleliis.com\/et\/toode\/janes-porgand-puks-amigurumi-opetus\/","og_site_name":"lilleliis","article_publisher":"https:\/\/www.facebook.com\/lilleliis-283266335035799\/","article_modified_time":"2026-02-25T11:24:01+00:00","og_image":[{"width":1000,"height":1500,"url":"https:\/\/www.lilleliis.com\/wp-content\/uploads\/2024\/05\/carrot-pants-bunny-amigurumi3.jpg","type":"image\/jpeg"}],"twitter_card":"summary_large_image","twitter_misc":{"Est. reading time":"1 minute"},"schema":{"@context":"https:\/\/schema.org","@graph":[{"@type":"WebPage","@id":"https:\/\/www.lilleliis.com\/et\/toode\/janes-porgand-puks-amigurumi-opetus\/","url":"https:\/\/www.lilleliis.com\/et\/toode\/janes-porgand-puks-amigurumi-opetus\/","name":"Kaisuj\u00e4nku heegeldamise \u00f5petus - J\u00e4nes Porgand-p\u00fcks (eng) | lilleliis","isPartOf":{"@id":"https:\/\/www.lilleliis.com\/et\/#website"},"primaryImageOfPage":{"@id":"https:\/\/www.lilleliis.com\/et\/toode\/janes-porgand-puks-amigurumi-opetus\/#primaryimage"},"image":{"@id":"https:\/\/www.lilleliis.com\/et\/toode\/janes-porgand-puks-amigurumi-opetus\/#primaryimage"},"thumbnailUrl":"https:\/\/www.lilleliis.com\/wp-content\/uploads\/2024\/05\/carrot-pants-bunny-amigurumi3.jpg","datePublished":"2025-07-30T10:55:37+00:00","dateModified":"2026-02-25T11:24:01+00:00","description":"Kaisuj\u00e4nku heegeldamise \u00f5petus - loo armas tudusilmadega amigurumi j\u00e4nku, pehmest l\u00f5ngast ja vahvate porgandiga traksip\u00fckstega.","breadcrumb":{"@id":"https:\/\/www.lilleliis.com\/et\/toode\/janes-porgand-puks-amigurumi-opetus\/#breadcrumb"},"inLanguage":"et","potentialAction":[{"@type":"ReadAction","target":["https:\/\/www.lilleliis.com\/et\/toode\/janes-porgand-puks-amigurumi-opetus\/"]}]},{"@type":"ImageObject","inLanguage":"et","@id":"https:\/\/www.lilleliis.com\/et\/toode\/janes-porgand-puks-amigurumi-opetus\/#primaryimage","url":"https:\/\/www.lilleliis.com\/wp-content\/uploads\/2024\/05\/carrot-pants-bunny-amigurumi3.jpg","contentUrl":"https:\/\/www.lilleliis.com\/wp-content\/uploads\/2024\/05\/carrot-pants-bunny-amigurumi3.jpg","width":1000,"height":1500,"caption":"J\u00e4nes Porgand-p\u00fcks amigurumi"},{"@type":"BreadcrumbList","@id":"https:\/\/www.lilleliis.com\/et\/toode\/janes-porgand-puks-amigurumi-opetus\/#breadcrumb","itemListElement":[{"@type":"ListItem","position":1,"name":"Home","item":"https:\/\/www.lilleliis.com\/et\/"},{"@type":"ListItem","position":2,"name":"Pood","item":"https:\/\/www.lilleliis.com\/et\/shop\/"},{"@type":"ListItem","position":3,"name":"Kaisuj\u00e4nku heegeldamise \u00f5petus &#8211; J\u00e4nes Porgand-p\u00fcks (eng)"}]},{"@type":"WebSite","@id":"https:\/\/www.lilleliis.com\/et\/#website","url":"https:\/\/www.lilleliis.com\/et\/","name":"lilleliis","description":"Amigurumi m\u00e4nguasjad ja mustrid","potentialAction":[{"@type":"SearchAction","target":{"@type":"EntryPoint","urlTemplate":"https:\/\/www.lilleliis.com\/et\/?s={search_term_string}"},"query-input":{"@type":"PropertyValueSpecification","valueRequired":true,"valueName":"search_term_string"}}],"inLanguage":"et"}]}},"_links":{"self":[{"href":"https:\/\/www.lilleliis.com\/et\/wp-json\/wp\/v2\/product\/94699","targetHints":{"allow":["GET"]}}],"collection":[{"href":"https:\/\/www.lilleliis.com\/et\/wp-json\/wp\/v2\/product"}],"about":[{"href":"https:\/\/www.lilleliis.com\/et\/wp-json\/wp\/v2\/types\/product"}],"replies":[{"embeddable":true,"href":"https:\/\/www.lilleliis.com\/et\/wp-json\/wp\/v2\/comments?post=94699"}],"wp:featuredmedia":[{"embeddable":true,"href":"https:\/\/www.lilleliis.com\/et\/wp-json\/wp\/v2\/media\/94721"}],"wp:attachment":[{"href":"https:\/\/www.lilleliis.com\/et\/wp-json\/wp\/v2\/media?parent=94699"}],"wp:term":[{"taxonomy":"product_brand","embeddable":true,"href":"https:\/\/www.lilleliis.com\/et\/wp-json\/wp\/v2\/product_brand?post=94699"},{"taxonomy":"product_cat","embeddable":true,"href":"https:\/\/www.lilleliis.com\/et\/wp-json\/wp\/v2\/product_cat?post=94699"},{"taxonomy":"product_tag","embeddable":true,"href":"https:\/\/www.lilleliis.com\/et\/wp-json\/wp\/v2\/product_tag?post=94699"}],"curies":[{"name":"wp","href":"https:\/\/api.w.org\/{rel}","templated":true}]}}