{"id":95067,"date":"2024-06-10T14:40:27","date_gmt":"2024-06-10T11:40:27","guid":{"rendered":"https:\/\/www.lilleliis.com\/?post_type=product&#038;p=95067"},"modified":"2024-06-10T15:09:05","modified_gmt":"2024-06-10T12:09:05","slug":"heegeldatud-armas-hirmus-draakon","status":"publish","type":"product","link":"https:\/\/www.lilleliis.com\/et\/toode\/heegeldatud-armas-hirmus-draakon\/","title":{"rendered":"Heegeldatud armas hirmus draakon"},"content":{"rendered":null,"protected":false},"excerpt":{"rendered":"<p>Heegeldatud armas hirmus draakon on vahva kingitus v\u00e4ikesele poisile, kes igatseb p\u00f5nevuse ja seikluste j\u00e4rele. Draakoni m\u00e4nguasi on natuke hirmus, sest tema l\u00f5ugade vahelt paistavad teravad hambad. Samal ajal on ta pehme ja kehal olevad t\u00e4pid muudavad ta lausa armsaks. Nii et ta ongi kombinatsioon hirmsast ja armsast samaaegselt.<\/p>\n<p>Autorit\u00f6\u00f6. Disainitud ja k\u00e4sitsi valmistatud meie oma v\u00e4ikeses Eestis.<\/p>\n<div class=\"is-divider divider clearfix\" style=\"max-width:100%;\"><\/div>\n<p>Materjal:<\/p>\n<ul>\n<li>l\u00f5ng 100% puuvill (Oeko-Tex\u00ae sertifikaadiga)<\/li>\n<li>turvasilmad<\/li>\n<li>pol\u00fcester kerakiud t\u00e4idis<\/li>\n<\/ul>\n<p>V\u00e4rv: bee\u017e<\/p>\n<p>Suurus: 16 sentimeetrit k\u00f5rgust, 42 sentimeetrit pikkust<\/p>\n<div class=\"is-divider divider clearfix\" style=\"max-width:100%;\"><\/div>\n<p>M\u00e4nguasjal on kasutatud on pisidetaile (turvasilmad). Ole ettevaatlik, kui annad seda m\u00e4ngimiseks v\u00e4ga v\u00e4ikesele lapsele.<\/p>\n","protected":false},"featured_media":95079,"comment_status":"open","ping_status":"closed","template":"","meta":[],"product_brand":[],"product_cat":[155],"product_tag":[172,377],"class_list":{"0":"post-95067","1":"product","2":"type-product","3":"status-publish","4":"has-post-thumbnail","6":"product_cat-heegeldatud-manguasjad","7":"product_tag-poistele","8":"product_tag-puuvillast-manguasjad","10":"first","11":"outofstock","12":"sold-individually","13":"taxable","14":"shipping-taxable","15":"purchasable","16":"product-type-simple"},"yoast_head":"<!-- This site is optimized with the Yoast SEO plugin v27.3 - https:\/\/yoast.com\/product\/yoast-seo-wordpress\/ -->\n<title>Heegeldatud armas hirmus draakon | Heegeldatud m\u00e4nguasjad | lilleliis<\/title>\n<meta name=\"description\" content=\"Heegeldatud armas hirmus draakon on vahva kingitus v\u00e4ikesele poisile, kes igatseb p\u00f5nevuse ja seikluste j\u00e4rele.\" \/>\n<meta name=\"robots\" content=\"index, follow, max-snippet:-1, max-image-preview:large, max-video-preview:-1\" \/>\n<link rel=\"canonical\" href=\"https:\/\/www.lilleliis.com\/et\/toode\/heegeldatud-armas-hirmus-draakon\/\" \/>\n<meta property=\"og:locale\" content=\"et_EE\" \/>\n<meta property=\"og:type\" content=\"article\" \/>\n<meta property=\"og:title\" content=\"Heegeldatud armas hirmus draakon | Heegeldatud m\u00e4nguasjad | lilleliis\" \/>\n<meta property=\"og:description\" content=\"Heegeldatud armas hirmus draakon on vahva kingitus v\u00e4ikesele poisile, kes igatseb p\u00f5nevuse ja seikluste j\u00e4rele.\" \/>\n<meta property=\"og:url\" content=\"https:\/\/www.lilleliis.com\/et\/toode\/heegeldatud-armas-hirmus-draakon\/\" \/>\n<meta property=\"og:site_name\" content=\"lilleliis\" \/>\n<meta property=\"article:publisher\" content=\"https:\/\/www.facebook.com\/lilleliis-283266335035799\/\" \/>\n<meta property=\"article:modified_time\" content=\"2024-06-10T12:09:05+00:00\" \/>\n<meta property=\"og:image\" content=\"https:\/\/www.lilleliis.com\/wp-content\/uploads\/2024\/06\/Crochet-polka-dot-dragon6.jpg\" \/>\n\t<meta property=\"og:image:width\" content=\"1500\" \/>\n\t<meta property=\"og:image:height\" content=\"1000\" \/>\n\t<meta property=\"og:image:type\" content=\"image\/jpeg\" \/>\n<meta name=\"twitter:card\" content=\"summary_large_image\" \/>\n<script type=\"application\/ld+json\" class=\"yoast-schema-graph\">{\"@context\":\"https:\\\/\\\/schema.org\",\"@graph\":[{\"@type\":\"WebPage\",\"@id\":\"https:\\\/\\\/www.lilleliis.com\\\/et\\\/toode\\\/heegeldatud-armas-hirmus-draakon\\\/\",\"url\":\"https:\\\/\\\/www.lilleliis.com\\\/et\\\/toode\\\/heegeldatud-armas-hirmus-draakon\\\/\",\"name\":\"Heegeldatud armas hirmus draakon | Heegeldatud m\u00e4nguasjad | lilleliis\",\"isPartOf\":{\"@id\":\"https:\\\/\\\/www.lilleliis.com\\\/et\\\/#website\"},\"primaryImageOfPage\":{\"@id\":\"https:\\\/\\\/www.lilleliis.com\\\/et\\\/toode\\\/heegeldatud-armas-hirmus-draakon\\\/#primaryimage\"},\"image\":{\"@id\":\"https:\\\/\\\/www.lilleliis.com\\\/et\\\/toode\\\/heegeldatud-armas-hirmus-draakon\\\/#primaryimage\"},\"thumbnailUrl\":\"https:\\\/\\\/www.lilleliis.com\\\/wp-content\\\/uploads\\\/2024\\\/06\\\/Crochet-polka-dot-dragon6.jpg\",\"datePublished\":\"2024-06-10T11:40:27+00:00\",\"dateModified\":\"2024-06-10T12:09:05+00:00\",\"description\":\"Heegeldatud armas hirmus draakon on vahva kingitus v\u00e4ikesele poisile, kes igatseb p\u00f5nevuse ja seikluste j\u00e4rele.\",\"breadcrumb\":{\"@id\":\"https:\\\/\\\/www.lilleliis.com\\\/et\\\/toode\\\/heegeldatud-armas-hirmus-draakon\\\/#breadcrumb\"},\"inLanguage\":\"et\",\"potentialAction\":[{\"@type\":\"ReadAction\",\"target\":[\"https:\\\/\\\/www.lilleliis.com\\\/et\\\/toode\\\/heegeldatud-armas-hirmus-draakon\\\/\"]}]},{\"@type\":\"ImageObject\",\"inLanguage\":\"et\",\"@id\":\"https:\\\/\\\/www.lilleliis.com\\\/et\\\/toode\\\/heegeldatud-armas-hirmus-draakon\\\/#primaryimage\",\"url\":\"https:\\\/\\\/www.lilleliis.com\\\/wp-content\\\/uploads\\\/2024\\\/06\\\/Crochet-polka-dot-dragon6.jpg\",\"contentUrl\":\"https:\\\/\\\/www.lilleliis.com\\\/wp-content\\\/uploads\\\/2024\\\/06\\\/Crochet-polka-dot-dragon6.jpg\",\"width\":1500,\"height\":1000,\"caption\":\"Heegeldatud armas hirmus draakon\"},{\"@type\":\"BreadcrumbList\",\"@id\":\"https:\\\/\\\/www.lilleliis.com\\\/et\\\/toode\\\/heegeldatud-armas-hirmus-draakon\\\/#breadcrumb\",\"itemListElement\":[{\"@type\":\"ListItem\",\"position\":1,\"name\":\"Home\",\"item\":\"https:\\\/\\\/www.lilleliis.com\\\/et\\\/\"},{\"@type\":\"ListItem\",\"position\":2,\"name\":\"Pood\",\"item\":\"https:\\\/\\\/www.lilleliis.com\\\/et\\\/shop\\\/\"},{\"@type\":\"ListItem\",\"position\":3,\"name\":\"Heegeldatud armas hirmus draakon\"}]},{\"@type\":\"WebSite\",\"@id\":\"https:\\\/\\\/www.lilleliis.com\\\/et\\\/#website\",\"url\":\"https:\\\/\\\/www.lilleliis.com\\\/et\\\/\",\"name\":\"lilleliis\",\"description\":\"Amigurumi m\u00e4nguasjad ja mustrid\",\"potentialAction\":[{\"@type\":\"SearchAction\",\"target\":{\"@type\":\"EntryPoint\",\"urlTemplate\":\"https:\\\/\\\/www.lilleliis.com\\\/et\\\/?s={search_term_string}\"},\"query-input\":{\"@type\":\"PropertyValueSpecification\",\"valueRequired\":true,\"valueName\":\"search_term_string\"}}],\"inLanguage\":\"et\"}]}<\/script>\n<!-- \/ Yoast SEO plugin. -->","yoast_head_json":{"title":"Heegeldatud armas hirmus draakon | Heegeldatud m\u00e4nguasjad | lilleliis","description":"Heegeldatud armas hirmus draakon on vahva kingitus v\u00e4ikesele poisile, kes igatseb p\u00f5nevuse ja seikluste j\u00e4rele.","robots":{"index":"index","follow":"follow","max-snippet":"max-snippet:-1","max-image-preview":"max-image-preview:large","max-video-preview":"max-video-preview:-1"},"canonical":"https:\/\/www.lilleliis.com\/et\/toode\/heegeldatud-armas-hirmus-draakon\/","og_locale":"et_EE","og_type":"article","og_title":"Heegeldatud armas hirmus draakon | Heegeldatud m\u00e4nguasjad | lilleliis","og_description":"Heegeldatud armas hirmus draakon on vahva kingitus v\u00e4ikesele poisile, kes igatseb p\u00f5nevuse ja seikluste j\u00e4rele.","og_url":"https:\/\/www.lilleliis.com\/et\/toode\/heegeldatud-armas-hirmus-draakon\/","og_site_name":"lilleliis","article_publisher":"https:\/\/www.facebook.com\/lilleliis-283266335035799\/","article_modified_time":"2024-06-10T12:09:05+00:00","og_image":[{"width":1500,"height":1000,"url":"https:\/\/www.lilleliis.com\/wp-content\/uploads\/2024\/06\/Crochet-polka-dot-dragon6.jpg","type":"image\/jpeg"}],"twitter_card":"summary_large_image","schema":{"@context":"https:\/\/schema.org","@graph":[{"@type":"WebPage","@id":"https:\/\/www.lilleliis.com\/et\/toode\/heegeldatud-armas-hirmus-draakon\/","url":"https:\/\/www.lilleliis.com\/et\/toode\/heegeldatud-armas-hirmus-draakon\/","name":"Heegeldatud armas hirmus draakon | Heegeldatud m\u00e4nguasjad | lilleliis","isPartOf":{"@id":"https:\/\/www.lilleliis.com\/et\/#website"},"primaryImageOfPage":{"@id":"https:\/\/www.lilleliis.com\/et\/toode\/heegeldatud-armas-hirmus-draakon\/#primaryimage"},"image":{"@id":"https:\/\/www.lilleliis.com\/et\/toode\/heegeldatud-armas-hirmus-draakon\/#primaryimage"},"thumbnailUrl":"https:\/\/www.lilleliis.com\/wp-content\/uploads\/2024\/06\/Crochet-polka-dot-dragon6.jpg","datePublished":"2024-06-10T11:40:27+00:00","dateModified":"2024-06-10T12:09:05+00:00","description":"Heegeldatud armas hirmus draakon on vahva kingitus v\u00e4ikesele poisile, kes igatseb p\u00f5nevuse ja seikluste j\u00e4rele.","breadcrumb":{"@id":"https:\/\/www.lilleliis.com\/et\/toode\/heegeldatud-armas-hirmus-draakon\/#breadcrumb"},"inLanguage":"et","potentialAction":[{"@type":"ReadAction","target":["https:\/\/www.lilleliis.com\/et\/toode\/heegeldatud-armas-hirmus-draakon\/"]}]},{"@type":"ImageObject","inLanguage":"et","@id":"https:\/\/www.lilleliis.com\/et\/toode\/heegeldatud-armas-hirmus-draakon\/#primaryimage","url":"https:\/\/www.lilleliis.com\/wp-content\/uploads\/2024\/06\/Crochet-polka-dot-dragon6.jpg","contentUrl":"https:\/\/www.lilleliis.com\/wp-content\/uploads\/2024\/06\/Crochet-polka-dot-dragon6.jpg","width":1500,"height":1000,"caption":"Heegeldatud armas hirmus draakon"},{"@type":"BreadcrumbList","@id":"https:\/\/www.lilleliis.com\/et\/toode\/heegeldatud-armas-hirmus-draakon\/#breadcrumb","itemListElement":[{"@type":"ListItem","position":1,"name":"Home","item":"https:\/\/www.lilleliis.com\/et\/"},{"@type":"ListItem","position":2,"name":"Pood","item":"https:\/\/www.lilleliis.com\/et\/shop\/"},{"@type":"ListItem","position":3,"name":"Heegeldatud armas hirmus draakon"}]},{"@type":"WebSite","@id":"https:\/\/www.lilleliis.com\/et\/#website","url":"https:\/\/www.lilleliis.com\/et\/","name":"lilleliis","description":"Amigurumi m\u00e4nguasjad ja mustrid","potentialAction":[{"@type":"SearchAction","target":{"@type":"EntryPoint","urlTemplate":"https:\/\/www.lilleliis.com\/et\/?s={search_term_string}"},"query-input":{"@type":"PropertyValueSpecification","valueRequired":true,"valueName":"search_term_string"}}],"inLanguage":"et"}]}},"_links":{"self":[{"href":"https:\/\/www.lilleliis.com\/et\/wp-json\/wp\/v2\/product\/95067","targetHints":{"allow":["GET"]}}],"collection":[{"href":"https:\/\/www.lilleliis.com\/et\/wp-json\/wp\/v2\/product"}],"about":[{"href":"https:\/\/www.lilleliis.com\/et\/wp-json\/wp\/v2\/types\/product"}],"replies":[{"embeddable":true,"href":"https:\/\/www.lilleliis.com\/et\/wp-json\/wp\/v2\/comments?post=95067"}],"wp:featuredmedia":[{"embeddable":true,"href":"https:\/\/www.lilleliis.com\/et\/wp-json\/wp\/v2\/media\/95079"}],"wp:attachment":[{"href":"https:\/\/www.lilleliis.com\/et\/wp-json\/wp\/v2\/media?parent=95067"}],"wp:term":[{"taxonomy":"product_brand","embeddable":true,"href":"https:\/\/www.lilleliis.com\/et\/wp-json\/wp\/v2\/product_brand?post=95067"},{"taxonomy":"product_cat","embeddable":true,"href":"https:\/\/www.lilleliis.com\/et\/wp-json\/wp\/v2\/product_cat?post=95067"},{"taxonomy":"product_tag","embeddable":true,"href":"https:\/\/www.lilleliis.com\/et\/wp-json\/wp\/v2\/product_tag?post=95067"}],"curies":[{"name":"wp","href":"https:\/\/api.w.org\/{rel}","templated":true}]}}