{"id":95644,"date":"2024-07-06T17:04:36","date_gmt":"2024-07-06T14:04:36","guid":{"rendered":"https:\/\/www.lilleliis.com\/?post_type=product&#038;p=95644"},"modified":"2024-07-06T19:21:38","modified_gmt":"2024-07-06T16:21:38","slug":"heegeldatud-sametine-kaisukaru","status":"publish","type":"product","link":"https:\/\/www.lilleliis.com\/et\/toode\/heegeldatud-sametine-kaisukaru\/","title":{"rendered":"Heegeldatud sametine kaisukaru"},"content":{"rendered":null,"protected":false},"excerpt":{"rendered":"<p>Heegeldatud sametine kaisukaru on t\u00f5en\u00e4oliselt k\u00f5ige pehmem karu, keda oled k\u00e4es hoidnud. Ta on heegeldatud sametpehmest \u0161enill-l\u00f5ngast.<\/p>\n<p>Karu kehakuju on naljakas ja t\u00e4iesti isemoodi. Ta on lame ja kandilise peaga, mille nurkades on armsad k\u00f5rvad. Oma nukra n\u00e4o ja toreda triibulise kampsuniga v\u00f5idab see kaisukaru kiiresti k\u00f5igi s\u00fcdamed.<\/p>\n<p>Autorit\u00f6\u00f6. Disainitud ja k\u00e4sitsi valmistatud meie oma v\u00e4ikeses Eestis.<\/p>\n<div class=\"is-divider divider clearfix\" style=\"max-width:100%;\"><\/div>\n<p>Materjal:<\/p>\n<ul>\n<li>l\u00f5ng &#8211; 100% pol\u00fcester<\/li>\n<li>pol\u00fcester kerakiud t\u00e4idis<\/li>\n<li>turvasilmad<\/li>\n<\/ul>\n<p>V\u00e4rv: tumepruun, roheline<\/p>\n<p>Pikkus: 19 sentimeetrit<\/p>\n<div class=\"is-divider divider clearfix\" style=\"max-width:100%;\"><\/div>\n<p>M\u00e4nguasjal on kasutatud on pisidetaile (turvasilmad). Ole ettevaatlik, kui annad seda m\u00e4ngimiseks v\u00e4ga v\u00e4ikesele lapsele.<\/p>\n","protected":false},"featured_media":95650,"comment_status":"open","ping_status":"closed","template":"","meta":[],"product_brand":[],"product_cat":[155],"product_tag":[],"class_list":{"0":"post-95644","1":"product","2":"type-product","3":"status-publish","4":"has-post-thumbnail","6":"product_cat-heegeldatud-manguasjad","8":"first","9":"outofstock","10":"sold-individually","11":"taxable","12":"shipping-taxable","13":"purchasable","14":"product-type-simple"},"yoast_head":"<!-- This site is optimized with the Yoast SEO plugin v27.3 - https:\/\/yoast.com\/product\/yoast-seo-wordpress\/ -->\n<title>Heegeldatud sametine kaisukaru | Pehmed m\u00e4nguasjad | lilleliis<\/title>\n<meta name=\"description\" content=\"Heegeldatud sametine kaisukaru on t\u00f5en\u00e4oliselt k\u00f5ige pehmem karu, keda oled k\u00e4es hoidnud. Heegeldatud pehmest \u0161enill-l\u00f5ngast.\" \/>\n<meta name=\"robots\" content=\"index, follow, max-snippet:-1, max-image-preview:large, max-video-preview:-1\" \/>\n<link rel=\"canonical\" href=\"https:\/\/www.lilleliis.com\/et\/toode\/heegeldatud-sametine-kaisukaru\/\" \/>\n<meta property=\"og:locale\" content=\"et_EE\" \/>\n<meta property=\"og:type\" content=\"article\" \/>\n<meta property=\"og:title\" content=\"Heegeldatud sametine kaisukaru | Pehmed m\u00e4nguasjad | lilleliis\" \/>\n<meta property=\"og:description\" content=\"Heegeldatud sametine kaisukaru on t\u00f5en\u00e4oliselt k\u00f5ige pehmem karu, keda oled k\u00e4es hoidnud. Heegeldatud pehmest \u0161enill-l\u00f5ngast.\" \/>\n<meta property=\"og:url\" content=\"https:\/\/www.lilleliis.com\/et\/toode\/heegeldatud-sametine-kaisukaru\/\" \/>\n<meta property=\"og:site_name\" content=\"lilleliis\" \/>\n<meta property=\"article:publisher\" content=\"https:\/\/www.facebook.com\/lilleliis-283266335035799\/\" \/>\n<meta property=\"article:modified_time\" content=\"2024-07-06T16:21:38+00:00\" \/>\n<meta property=\"og:image\" content=\"https:\/\/www.lilleliis.com\/wp-content\/uploads\/2024\/07\/Crochet-chenille-bear6.jpg\" \/>\n\t<meta property=\"og:image:width\" content=\"1000\" \/>\n\t<meta property=\"og:image:height\" content=\"1500\" \/>\n\t<meta property=\"og:image:type\" content=\"image\/jpeg\" \/>\n<meta name=\"twitter:card\" content=\"summary_large_image\" \/>\n<script type=\"application\/ld+json\" class=\"yoast-schema-graph\">{\"@context\":\"https:\\\/\\\/schema.org\",\"@graph\":[{\"@type\":\"WebPage\",\"@id\":\"https:\\\/\\\/www.lilleliis.com\\\/et\\\/toode\\\/heegeldatud-sametine-kaisukaru\\\/\",\"url\":\"https:\\\/\\\/www.lilleliis.com\\\/et\\\/toode\\\/heegeldatud-sametine-kaisukaru\\\/\",\"name\":\"Heegeldatud sametine kaisukaru | Pehmed m\u00e4nguasjad | lilleliis\",\"isPartOf\":{\"@id\":\"https:\\\/\\\/www.lilleliis.com\\\/et\\\/#website\"},\"primaryImageOfPage\":{\"@id\":\"https:\\\/\\\/www.lilleliis.com\\\/et\\\/toode\\\/heegeldatud-sametine-kaisukaru\\\/#primaryimage\"},\"image\":{\"@id\":\"https:\\\/\\\/www.lilleliis.com\\\/et\\\/toode\\\/heegeldatud-sametine-kaisukaru\\\/#primaryimage\"},\"thumbnailUrl\":\"https:\\\/\\\/www.lilleliis.com\\\/wp-content\\\/uploads\\\/2024\\\/07\\\/Crochet-chenille-bear6.jpg\",\"datePublished\":\"2024-07-06T14:04:36+00:00\",\"dateModified\":\"2024-07-06T16:21:38+00:00\",\"description\":\"Heegeldatud sametine kaisukaru on t\u00f5en\u00e4oliselt k\u00f5ige pehmem karu, keda oled k\u00e4es hoidnud. Heegeldatud pehmest \u0161enill-l\u00f5ngast.\",\"breadcrumb\":{\"@id\":\"https:\\\/\\\/www.lilleliis.com\\\/et\\\/toode\\\/heegeldatud-sametine-kaisukaru\\\/#breadcrumb\"},\"inLanguage\":\"et\",\"potentialAction\":[{\"@type\":\"ReadAction\",\"target\":[\"https:\\\/\\\/www.lilleliis.com\\\/et\\\/toode\\\/heegeldatud-sametine-kaisukaru\\\/\"]}]},{\"@type\":\"ImageObject\",\"inLanguage\":\"et\",\"@id\":\"https:\\\/\\\/www.lilleliis.com\\\/et\\\/toode\\\/heegeldatud-sametine-kaisukaru\\\/#primaryimage\",\"url\":\"https:\\\/\\\/www.lilleliis.com\\\/wp-content\\\/uploads\\\/2024\\\/07\\\/Crochet-chenille-bear6.jpg\",\"contentUrl\":\"https:\\\/\\\/www.lilleliis.com\\\/wp-content\\\/uploads\\\/2024\\\/07\\\/Crochet-chenille-bear6.jpg\",\"width\":1000,\"height\":1500,\"caption\":\"Heegeldatud sametine kaisukaru\"},{\"@type\":\"BreadcrumbList\",\"@id\":\"https:\\\/\\\/www.lilleliis.com\\\/et\\\/toode\\\/heegeldatud-sametine-kaisukaru\\\/#breadcrumb\",\"itemListElement\":[{\"@type\":\"ListItem\",\"position\":1,\"name\":\"Home\",\"item\":\"https:\\\/\\\/www.lilleliis.com\\\/et\\\/\"},{\"@type\":\"ListItem\",\"position\":2,\"name\":\"Pood\",\"item\":\"https:\\\/\\\/www.lilleliis.com\\\/et\\\/shop\\\/\"},{\"@type\":\"ListItem\",\"position\":3,\"name\":\"Heegeldatud sametine kaisukaru\"}]},{\"@type\":\"WebSite\",\"@id\":\"https:\\\/\\\/www.lilleliis.com\\\/et\\\/#website\",\"url\":\"https:\\\/\\\/www.lilleliis.com\\\/et\\\/\",\"name\":\"lilleliis\",\"description\":\"Amigurumi m\u00e4nguasjad ja mustrid\",\"potentialAction\":[{\"@type\":\"SearchAction\",\"target\":{\"@type\":\"EntryPoint\",\"urlTemplate\":\"https:\\\/\\\/www.lilleliis.com\\\/et\\\/?s={search_term_string}\"},\"query-input\":{\"@type\":\"PropertyValueSpecification\",\"valueRequired\":true,\"valueName\":\"search_term_string\"}}],\"inLanguage\":\"et\"}]}<\/script>\n<!-- \/ Yoast SEO plugin. -->","yoast_head_json":{"title":"Heegeldatud sametine kaisukaru | Pehmed m\u00e4nguasjad | lilleliis","description":"Heegeldatud sametine kaisukaru on t\u00f5en\u00e4oliselt k\u00f5ige pehmem karu, keda oled k\u00e4es hoidnud. Heegeldatud pehmest \u0161enill-l\u00f5ngast.","robots":{"index":"index","follow":"follow","max-snippet":"max-snippet:-1","max-image-preview":"max-image-preview:large","max-video-preview":"max-video-preview:-1"},"canonical":"https:\/\/www.lilleliis.com\/et\/toode\/heegeldatud-sametine-kaisukaru\/","og_locale":"et_EE","og_type":"article","og_title":"Heegeldatud sametine kaisukaru | Pehmed m\u00e4nguasjad | lilleliis","og_description":"Heegeldatud sametine kaisukaru on t\u00f5en\u00e4oliselt k\u00f5ige pehmem karu, keda oled k\u00e4es hoidnud. Heegeldatud pehmest \u0161enill-l\u00f5ngast.","og_url":"https:\/\/www.lilleliis.com\/et\/toode\/heegeldatud-sametine-kaisukaru\/","og_site_name":"lilleliis","article_publisher":"https:\/\/www.facebook.com\/lilleliis-283266335035799\/","article_modified_time":"2024-07-06T16:21:38+00:00","og_image":[{"width":1000,"height":1500,"url":"https:\/\/www.lilleliis.com\/wp-content\/uploads\/2024\/07\/Crochet-chenille-bear6.jpg","type":"image\/jpeg"}],"twitter_card":"summary_large_image","schema":{"@context":"https:\/\/schema.org","@graph":[{"@type":"WebPage","@id":"https:\/\/www.lilleliis.com\/et\/toode\/heegeldatud-sametine-kaisukaru\/","url":"https:\/\/www.lilleliis.com\/et\/toode\/heegeldatud-sametine-kaisukaru\/","name":"Heegeldatud sametine kaisukaru | Pehmed m\u00e4nguasjad | lilleliis","isPartOf":{"@id":"https:\/\/www.lilleliis.com\/et\/#website"},"primaryImageOfPage":{"@id":"https:\/\/www.lilleliis.com\/et\/toode\/heegeldatud-sametine-kaisukaru\/#primaryimage"},"image":{"@id":"https:\/\/www.lilleliis.com\/et\/toode\/heegeldatud-sametine-kaisukaru\/#primaryimage"},"thumbnailUrl":"https:\/\/www.lilleliis.com\/wp-content\/uploads\/2024\/07\/Crochet-chenille-bear6.jpg","datePublished":"2024-07-06T14:04:36+00:00","dateModified":"2024-07-06T16:21:38+00:00","description":"Heegeldatud sametine kaisukaru on t\u00f5en\u00e4oliselt k\u00f5ige pehmem karu, keda oled k\u00e4es hoidnud. Heegeldatud pehmest \u0161enill-l\u00f5ngast.","breadcrumb":{"@id":"https:\/\/www.lilleliis.com\/et\/toode\/heegeldatud-sametine-kaisukaru\/#breadcrumb"},"inLanguage":"et","potentialAction":[{"@type":"ReadAction","target":["https:\/\/www.lilleliis.com\/et\/toode\/heegeldatud-sametine-kaisukaru\/"]}]},{"@type":"ImageObject","inLanguage":"et","@id":"https:\/\/www.lilleliis.com\/et\/toode\/heegeldatud-sametine-kaisukaru\/#primaryimage","url":"https:\/\/www.lilleliis.com\/wp-content\/uploads\/2024\/07\/Crochet-chenille-bear6.jpg","contentUrl":"https:\/\/www.lilleliis.com\/wp-content\/uploads\/2024\/07\/Crochet-chenille-bear6.jpg","width":1000,"height":1500,"caption":"Heegeldatud sametine kaisukaru"},{"@type":"BreadcrumbList","@id":"https:\/\/www.lilleliis.com\/et\/toode\/heegeldatud-sametine-kaisukaru\/#breadcrumb","itemListElement":[{"@type":"ListItem","position":1,"name":"Home","item":"https:\/\/www.lilleliis.com\/et\/"},{"@type":"ListItem","position":2,"name":"Pood","item":"https:\/\/www.lilleliis.com\/et\/shop\/"},{"@type":"ListItem","position":3,"name":"Heegeldatud sametine kaisukaru"}]},{"@type":"WebSite","@id":"https:\/\/www.lilleliis.com\/et\/#website","url":"https:\/\/www.lilleliis.com\/et\/","name":"lilleliis","description":"Amigurumi m\u00e4nguasjad ja mustrid","potentialAction":[{"@type":"SearchAction","target":{"@type":"EntryPoint","urlTemplate":"https:\/\/www.lilleliis.com\/et\/?s={search_term_string}"},"query-input":{"@type":"PropertyValueSpecification","valueRequired":true,"valueName":"search_term_string"}}],"inLanguage":"et"}]}},"_links":{"self":[{"href":"https:\/\/www.lilleliis.com\/et\/wp-json\/wp\/v2\/product\/95644","targetHints":{"allow":["GET"]}}],"collection":[{"href":"https:\/\/www.lilleliis.com\/et\/wp-json\/wp\/v2\/product"}],"about":[{"href":"https:\/\/www.lilleliis.com\/et\/wp-json\/wp\/v2\/types\/product"}],"replies":[{"embeddable":true,"href":"https:\/\/www.lilleliis.com\/et\/wp-json\/wp\/v2\/comments?post=95644"}],"wp:featuredmedia":[{"embeddable":true,"href":"https:\/\/www.lilleliis.com\/et\/wp-json\/wp\/v2\/media\/95650"}],"wp:attachment":[{"href":"https:\/\/www.lilleliis.com\/et\/wp-json\/wp\/v2\/media?parent=95644"}],"wp:term":[{"taxonomy":"product_brand","embeddable":true,"href":"https:\/\/www.lilleliis.com\/et\/wp-json\/wp\/v2\/product_brand?post=95644"},{"taxonomy":"product_cat","embeddable":true,"href":"https:\/\/www.lilleliis.com\/et\/wp-json\/wp\/v2\/product_cat?post=95644"},{"taxonomy":"product_tag","embeddable":true,"href":"https:\/\/www.lilleliis.com\/et\/wp-json\/wp\/v2\/product_tag?post=95644"}],"curies":[{"name":"wp","href":"https:\/\/api.w.org\/{rel}","templated":true}]}}