{"id":96000,"date":"2025-11-27T18:56:49","date_gmt":"2025-11-27T16:56:49","guid":{"rendered":"https:\/\/www.lilleliis.com\/?post_type=product&#038;p=96000"},"modified":"2026-01-08T12:13:57","modified_gmt":"2026-01-08T10:13:57","slug":"nukk-leena-amigurumi-muster","status":"publish","type":"product","link":"https:\/\/www.lilleliis.com\/et\/toode\/nukk-leena-amigurumi-muster\/","title":{"rendered":"Nukk Leena &#8211; amigurumi muster (ENG)"},"content":{"rendered":"<p><span data-text-color=\"primary\">AVASTA KA NEED L\u00d5NGAST JUUSTEGA HEEGELDATUD NUKUD:<\/span><\/p>\n<div class=\"row row-divided\"  id=\"row-696786001\">\n\n\t<div id=\"col-42052024\" class=\"col medium-1\/3 large-4\"  >\n\t\t\t\t<div class=\"col-inner\"  >\n\t\t\t\n\t\t\t\n<div class=\"woocommerce \"><div class=\"products row row-small row-masonry has-packery large-columns-3 medium-columns-3 small-columns-2\">\n<div class=\"product-small col has-hover product type-product post-70923 status-publish first instock product_cat-amigurumi-opetused product_cat-nuku-mustrid product_tag-tudrukutele has-post-thumbnail sold-individually taxable shipping-taxable purchasable product-type-variable\">\n\t<div class=\"col-inner\">\n\t\n<div class=\"badge-container absolute left top z-1\">\n\n<\/div>\n\t<div class=\"product-small box \">\n\t\t<div class=\"box-image\">\n\t\t\t<div class=\"image-zoom-fade\">\n\t\t\t\t<a href=\"https:\/\/www.lilleliis.com\/et\/toode\/heegeldatud-printsess-kaltsunukk-muster\/\">\n\t\t\t\t\t<img loading=\"lazy\" decoding=\"async\" width=\"247\" height=\"296\" src=\"https:\/\/www.lilleliis.com\/wp-content\/uploads\/2020\/07\/amigurumi-ragdoll-princess-pattern-17-247x296.jpg\" class=\"attachment-woocommerce_thumbnail size-woocommerce_thumbnail\" alt=\"heegeldatud printsess kaltsunukk muster\" \/>\t\t\t\t<\/a>\n\t\t\t<\/div>\n\t\t\t<div class=\"image-tools is-small top right show-on-hover\">\n\t\t\t\t\t\t\t<\/div>\n\t\t\t<div class=\"image-tools is-small hide-for-small bottom left show-on-hover\">\n\t\t\t\t\t\t\t<\/div>\n\t\t\t<div class=\"image-tools grid-tools text-center hide-for-small bottom hover-slide-in show-on-hover\">\n\t\t\t\t<a href=\"#quick-view\" class=\"quick-view\" role=\"button\" data-prod=\"70923\" aria-haspopup=\"dialog\" aria-expanded=\"false\" data-flatsome-role-button>Quick View<\/a>\t\t\t<\/div>\n\t\t\t\t\t<\/div>\n\n\t\t<div class=\"box-text box-text-products\">\n\t\t\t<div class=\"title-wrapper\">\t\t<p class=\"category uppercase is-smaller no-text-overflow product-cat op-8\">\n\t\t\tAmigurumi \u00f5petused\t\t<\/p>\n\t<p class=\"name product-title woocommerce-loop-product__title\"><a href=\"https:\/\/www.lilleliis.com\/et\/toode\/heegeldatud-printsess-kaltsunukk-muster\/\" class=\"woocommerce-LoopProduct-link woocommerce-loop-product__link\">Heegeldatud printsess kaltsunukk &#8211; amigurumi muster<\/a><\/p><\/div><div class=\"price-wrapper\"><div class=\"star-rating star-rating--inline\" role=\"img\" aria-label=\"Hinnanguga 4 \/ 5\"><span style=\"width:80%\">Hinnanguga <strong class=\"rating\">4<\/strong> \/ 5<\/span><\/div><span class=\"review-count is-small op-8\" aria-label=\"0 arvustused\">(0)<\/span>\n\t<span class=\"price\"><span class=\"woocommerce-Price-amount amount\"><bdi><span class=\"woocommerce-Price-currencySymbol\">&euro;<\/span>5.50<\/bdi><\/span><\/span>\n<\/div><div class=\"add-to-cart-button\"><a href=\"https:\/\/www.lilleliis.com\/et\/toode\/heegeldatud-printsess-kaltsunukk-muster\/\" aria-describedby=\"woocommerce_loop_add_to_cart_link_describedby_70923\" data-quantity=\"1\" class=\"primary is-small mb-0 button product_type_variable add_to_cart_button is-flat\" data-product_id=\"70923\" data-product_sku=\"P-2005\" aria-label=\"Vali tootele &ldquo;Heegeldatud printsess kaltsunukk - amigurumi muster&rdquo; omadused\" rel=\"nofollow\">Vali<\/a><\/div>\t<span id=\"woocommerce_loop_add_to_cart_link_describedby_70923\" class=\"screen-reader-text\">\n\t\tThis product has multiple variants. The options may be chosen on the product page\t<\/span>\n\t\t<\/div>\n\t<\/div>\n\t<span class=\"gtm4wp_productdata\" style=\"display:none; visibility:hidden;\" data-gtm4wp_product_data=\"{&quot;internal_id&quot;:70923,&quot;item_id&quot;:70923,&quot;item_name&quot;:&quot;Heegeldatud printsess kaltsunukk - amigurumi muster&quot;,&quot;sku&quot;:&quot;P-2005&quot;,&quot;price&quot;:5.5,&quot;stocklevel&quot;:null,&quot;stockstatus&quot;:&quot;instock&quot;,&quot;google_business_vertical&quot;:&quot;retail&quot;,&quot;item_category&quot;:&quot;Amigurumi \\u00f5petused&quot;,&quot;id&quot;:70923,&quot;productlink&quot;:&quot;https:\\\/\\\/www.lilleliis.com\\\/et\\\/toode\\\/heegeldatud-printsess-kaltsunukk-muster\\\/&quot;,&quot;item_list_name&quot;:&quot;General Product List&quot;,&quot;index&quot;:1,&quot;product_type&quot;:&quot;variable&quot;,&quot;item_brand&quot;:&quot;&quot;}\"><\/span>\t<\/div>\n<\/div><\/div><!-- row -->\n<\/div>\n\t\t<\/div>\n\t\t\t\t\t<\/div>\n\n\t\n\n\t<div id=\"col-611429527\" class=\"col medium-1\/3 large-4\"  >\n\t\t\t\t<div class=\"col-inner\"  >\n\t\t\t\n\t\t\t\n<div class=\"woocommerce \"><div class=\"products row row-small row-masonry has-packery large-columns-3 medium-columns-3 small-columns-2\">\n<div class=\"product-small col has-hover product type-product post-86425 status-publish first instock product_cat-amigurumi-opetused product_cat-nuku-mustrid product_tag-beebidele product_tag-tudrukutele has-post-thumbnail sold-individually taxable shipping-taxable purchasable product-type-variable\">\n\t<div class=\"col-inner\">\n\t\n<div class=\"badge-container absolute left top z-1\">\n\n<\/div>\n\t<div class=\"product-small box \">\n\t\t<div class=\"box-image\">\n\t\t\t<div class=\"image-zoom-fade\">\n\t\t\t\t<a href=\"https:\/\/www.lilleliis.com\/et\/toode\/kuuhaldjas-luna-amigurumi-muster\/\">\n\t\t\t\t\t<img loading=\"lazy\" decoding=\"async\" width=\"247\" height=\"296\" src=\"https:\/\/www.lilleliis.com\/wp-content\/uploads\/2022\/05\/luna-the-moon-fairy-amigurumi-doll-5-247x296.jpg\" class=\"attachment-woocommerce_thumbnail size-woocommerce_thumbnail\" alt=\"Kuuhaldjas Luna amigurumi nukk\" \/>\t\t\t\t<\/a>\n\t\t\t<\/div>\n\t\t\t<div class=\"image-tools is-small top right show-on-hover\">\n\t\t\t\t\t\t\t<\/div>\n\t\t\t<div class=\"image-tools is-small hide-for-small bottom left show-on-hover\">\n\t\t\t\t\t\t\t<\/div>\n\t\t\t<div class=\"image-tools grid-tools text-center hide-for-small bottom hover-slide-in show-on-hover\">\n\t\t\t\t<a href=\"#quick-view\" class=\"quick-view\" role=\"button\" data-prod=\"86425\" aria-haspopup=\"dialog\" aria-expanded=\"false\" data-flatsome-role-button>Quick View<\/a>\t\t\t<\/div>\n\t\t\t\t\t<\/div>\n\n\t\t<div class=\"box-text box-text-products\">\n\t\t\t<div class=\"title-wrapper\">\t\t<p class=\"category uppercase is-smaller no-text-overflow product-cat op-8\">\n\t\t\tAmigurumi \u00f5petused\t\t<\/p>\n\t<p class=\"name product-title woocommerce-loop-product__title\"><a href=\"https:\/\/www.lilleliis.com\/et\/toode\/kuuhaldjas-luna-amigurumi-muster\/\" class=\"woocommerce-LoopProduct-link woocommerce-loop-product__link\">Kuuhaldjas Luna &#8211; amigurumi muster<\/a><\/p><\/div><div class=\"price-wrapper\"><div class=\"star-rating star-rating--inline\" role=\"img\" aria-label=\"Hinnanguga 5 \/ 5\"><span style=\"width:100%\">Hinnanguga <strong class=\"rating\">5<\/strong> \/ 5<\/span><\/div><span class=\"review-count is-small op-8\" aria-label=\"2 arvustused\">(2)<\/span>\n\t<span class=\"price\"><span class=\"woocommerce-Price-amount amount\"><bdi><span class=\"woocommerce-Price-currencySymbol\">&euro;<\/span>5.90<\/bdi><\/span><\/span>\n<\/div><div class=\"add-to-cart-button\"><a href=\"https:\/\/www.lilleliis.com\/et\/toode\/kuuhaldjas-luna-amigurumi-muster\/\" aria-describedby=\"woocommerce_loop_add_to_cart_link_describedby_86425\" data-quantity=\"1\" class=\"primary is-small mb-0 button product_type_variable add_to_cart_button is-flat\" data-product_id=\"86425\" data-product_sku=\"P-2202\" aria-label=\"Vali tootele &ldquo;Kuuhaldjas Luna - amigurumi muster&rdquo; omadused\" rel=\"nofollow\">Vali<\/a><\/div>\t<span id=\"woocommerce_loop_add_to_cart_link_describedby_86425\" class=\"screen-reader-text\">\n\t\tThis product has multiple variants. The options may be chosen on the product page\t<\/span>\n\t\t<\/div>\n\t<\/div>\n\t<span class=\"gtm4wp_productdata\" style=\"display:none; visibility:hidden;\" data-gtm4wp_product_data=\"{&quot;internal_id&quot;:86425,&quot;item_id&quot;:86425,&quot;item_name&quot;:&quot;Kuuhaldjas Luna - amigurumi muster&quot;,&quot;sku&quot;:&quot;P-2202&quot;,&quot;price&quot;:5.9,&quot;stocklevel&quot;:null,&quot;stockstatus&quot;:&quot;instock&quot;,&quot;google_business_vertical&quot;:&quot;retail&quot;,&quot;item_category&quot;:&quot;Amigurumi \\u00f5petused&quot;,&quot;id&quot;:86425,&quot;productlink&quot;:&quot;https:\\\/\\\/www.lilleliis.com\\\/et\\\/toode\\\/kuuhaldjas-luna-amigurumi-muster\\\/&quot;,&quot;item_list_name&quot;:&quot;General Product List&quot;,&quot;index&quot;:1,&quot;product_type&quot;:&quot;variable&quot;,&quot;item_brand&quot;:&quot;&quot;}\"><\/span>\t<\/div>\n<\/div><\/div><!-- row -->\n<\/div>\n\t\t<\/div>\n\t\t\t\t\t<\/div>\n\n\t\n\n\t<div id=\"col-316195065\" class=\"col medium-1\/3 large-4\"  >\n\t\t\t\t<div class=\"col-inner\"  >\n\t\t\t\n\t\t\t\n<div class=\"woocommerce \"><div class=\"products row row-small row-masonry has-packery large-columns-3 medium-columns-3 small-columns-2\">\n<div class=\"product-small col has-hover product type-product post-38245 status-publish first instock product_cat-amigurumi-opetused product_cat-nuku-mustrid product_tag-joulud product_tag-tudrukutele has-post-thumbnail sold-individually taxable shipping-taxable purchasable product-type-variable\">\n\t<div class=\"col-inner\">\n\t\n<div class=\"badge-container absolute left top z-1\">\n\n<\/div>\n\t<div class=\"product-small box \">\n\t\t<div class=\"box-image\">\n\t\t\t<div class=\"image-zoom-fade\">\n\t\t\t\t<a href=\"https:\/\/www.lilleliis.com\/et\/toode\/pisike-ingliplika-amigurumi-muster\/\">\n\t\t\t\t\t<img loading=\"lazy\" decoding=\"async\" width=\"247\" height=\"296\" src=\"https:\/\/www.lilleliis.com\/wp-content\/uploads\/2019\/11\/amigurumi-crochet-angel-doll-6-247x296.jpg\" class=\"attachment-woocommerce_thumbnail size-woocommerce_thumbnail\" alt=\"heegeldatud j\u00f5uluingel\" \/>\t\t\t\t<\/a>\n\t\t\t<\/div>\n\t\t\t<div class=\"image-tools is-small top right show-on-hover\">\n\t\t\t\t\t\t\t<\/div>\n\t\t\t<div class=\"image-tools is-small hide-for-small bottom left show-on-hover\">\n\t\t\t\t\t\t\t<\/div>\n\t\t\t<div class=\"image-tools grid-tools text-center hide-for-small bottom hover-slide-in show-on-hover\">\n\t\t\t\t<a href=\"#quick-view\" class=\"quick-view\" role=\"button\" data-prod=\"38245\" aria-haspopup=\"dialog\" aria-expanded=\"false\" data-flatsome-role-button>Quick View<\/a>\t\t\t<\/div>\n\t\t\t\t\t<\/div>\n\n\t\t<div class=\"box-text box-text-products\">\n\t\t\t<div class=\"title-wrapper\">\t\t<p class=\"category uppercase is-smaller no-text-overflow product-cat op-8\">\n\t\t\tAmigurumi \u00f5petused\t\t<\/p>\n\t<p class=\"name product-title woocommerce-loop-product__title\"><a href=\"https:\/\/www.lilleliis.com\/et\/toode\/pisike-ingliplika-amigurumi-muster\/\" class=\"woocommerce-LoopProduct-link woocommerce-loop-product__link\">Pisike ingliplika &#8211; amigurumi muster<\/a><\/p><\/div><div class=\"price-wrapper\">\n\t<span class=\"price\"><span class=\"woocommerce-Price-amount amount\"><bdi><span class=\"woocommerce-Price-currencySymbol\">&euro;<\/span>4.90<\/bdi><\/span><\/span>\n<\/div><div class=\"add-to-cart-button\"><a href=\"https:\/\/www.lilleliis.com\/et\/toode\/pisike-ingliplika-amigurumi-muster\/\" aria-describedby=\"woocommerce_loop_add_to_cart_link_describedby_38245\" data-quantity=\"1\" class=\"primary is-small mb-0 button product_type_variable add_to_cart_button is-flat\" data-product_id=\"38245\" data-product_sku=\"P-1604\" aria-label=\"Vali tootele &ldquo;Pisike ingliplika - amigurumi muster&rdquo; omadused\" rel=\"nofollow\">Vali<\/a><\/div>\t<span id=\"woocommerce_loop_add_to_cart_link_describedby_38245\" class=\"screen-reader-text\">\n\t\tThis product has multiple variants. The options may be chosen on the product page\t<\/span>\n\t\t<\/div>\n\t<\/div>\n\t<span class=\"gtm4wp_productdata\" style=\"display:none; visibility:hidden;\" data-gtm4wp_product_data=\"{&quot;internal_id&quot;:38245,&quot;item_id&quot;:38245,&quot;item_name&quot;:&quot;Pisike ingliplika - amigurumi muster&quot;,&quot;sku&quot;:&quot;P-1604&quot;,&quot;price&quot;:4.9,&quot;stocklevel&quot;:null,&quot;stockstatus&quot;:&quot;instock&quot;,&quot;google_business_vertical&quot;:&quot;retail&quot;,&quot;item_category&quot;:&quot;Amigurumi \\u00f5petused&quot;,&quot;item_category2&quot;:&quot;Nukud ja nukuriided&quot;,&quot;id&quot;:38245,&quot;productlink&quot;:&quot;https:\\\/\\\/www.lilleliis.com\\\/et\\\/toode\\\/pisike-ingliplika-amigurumi-muster\\\/&quot;,&quot;item_list_name&quot;:&quot;General Product List&quot;,&quot;index&quot;:1,&quot;product_type&quot;:&quot;variable&quot;,&quot;item_brand&quot;:&quot;&quot;}\"><\/span>\t<\/div>\n<\/div><\/div><!-- row -->\n<\/div>\n\t\t<\/div>\n\t\t\t\t\t<\/div>\n\n\t\n<\/div>\n","protected":false},"excerpt":{"rendered":"<p>Nukk Leena amigurumi muster pakub v\u00e4ljakutset juba kogenumale m\u00e4nguasjade heegeldajale. \u00d5petus kombineerib erineva koostise ja tekstuuriga l\u00f5ngu nagu puuvill, vill, alpaka ja tviid. L\u00f5ngade loov k\u00e4sitlemine annab nukule t\u00f5eliselt unikaalse v\u00e4limuse.<\/p>\n<p>Leenale on selga heegeldatud lihtne pikkade varrukatega pluus. Jalas on tal satsilise servaga madalad sokid ja kuldsete detailidega kingad, mida samuti \u00e4ra v\u00f5tta ei saa. Seljas kannab ta voltidega tviidkleiti ja nende all sooje villasest l\u00f5ngast p\u00fcksikuid. Kleit ja alusp\u00fcksid on eemaldatavad.<\/p>\n<p>Leena v\u00e4limusele annab viimase lihvi k\u00f5rvapikkune bob ehk paa\u017eisoeng. See on autori kummardus k\u00f5igile naistele, kes julgevad kanda l\u00fchikesi juukseid.<\/p>\n<p>Heegeldatud nukk on inspireeritud Elena Greco (Len\u00f9) tegelaskujust telesarjast <em>My Brilliant Friend<\/em> (&#8220;Minu geniaalne s\u00f5branna&#8221;, autor Elena Ferrante, 2011).<\/p>\n<p>Detailne \u00f5petus sisaldab \u00fcle 90 samm-sammulise foto ja juhendab sind l\u00e4bi nuku ja tema riiete valmistamise protsessi. Muster sisaldab ka l\u00f5ngast juuste valmistamise detailset \u00f5petust.<\/p>\n<p>(Eestikeelse \u00f5petuse leiad lilleliisi viimasest raamatust <a href=\"https:\/\/www.lilleliis.com\/et\/kasitooraamatud\/unustamatud-lapsepolvelelud\/\">&#8220;Unustamatud lapsep\u00f5lvelelud&#8221;<\/a>.)<\/p>\n<hr \/>\n<h3><span data-text-color=\"primary\">MUSTRIST<\/span><\/h3>\n<p>Allalaetav ja lihtsasti j\u00e4lgitav k\u00e4sit\u00f6\u00f6 \u00f5petus (PDF fail). 29-lehek\u00fcljeline juhend sisaldab samm-sammulist \u00f5petust ning hulgaliselt abistavaid fotosid nuku ja tema riiete valmistamiseks.<\/p>\n<p>Keel: inglise<\/p>\n<p>\u00d5petuse raskusaste: keeruline<\/p>\n<p>Vajaminevad v\u00f5tted: kinnissilmust, poolsammas, \u00fchekordne sammas, tagantt\u00f5stega kinnissilmus, s\u00f5lmpiste<\/p>\n<hr \/>\n<h3><span data-text-color=\"primary\">SUURUS JA MATERJAL<\/span><\/h3>\n<p>Suurus: 30 cm<\/p>\n<p>Valmistamiseks on kasutatud heegeln\u00f5ela j\u00e4medusega 2,5 mm ning erineva koostise ja tekstuuriga l\u00f5ngu.<\/p>\n<hr \/>\n<h3><span data-text-color=\"primary\">ABI JA COPYRIGHT<\/span><\/h3>\n<p>K\u00fcsimuste korral saab abi\u00a0<a href=\"mailto:%20lilleliis@gmail.com\">e-posti teel<\/a>.<\/p>\n<p>\u00d5petuse j\u00e4rgi valmistatud esemeid v\u00f5ib m\u00fc\u00fca. \u00d5petust on keelatud jagada. Autori\u00f5igustega tutvu\u00a0<a href=\"https:\/\/www.lilleliis.com\/et\/autorioigused\/\" target=\"_blank\" rel=\"noopener\">siin<\/a>.<\/p>\n","protected":false},"featured_media":96027,"comment_status":"open","ping_status":"closed","template":"","meta":[],"product_brand":[],"product_cat":[95,128],"product_tag":[613,122],"class_list":{"0":"post-96000","1":"product","2":"type-product","3":"status-publish","4":"has-post-thumbnail","6":"product_cat-amigurumi-opetused","7":"product_cat-nuku-mustrid","8":"product_tag-nukuriided","9":"product_tag-tudrukutele","10":"pa_pattern-language-hispaania","11":"pa_pattern-language-hollandi","12":"pa_pattern-language-inglise","13":"pa_pattern-language-taani","14":"pa_pattern-skill-level-keeruline","16":"first","17":"instock","18":"sold-individually","19":"taxable","20":"shipping-taxable","21":"purchasable","22":"product-type-variable"},"yoast_head":"<!-- This site is optimized with the Yoast SEO plugin v27.3 - https:\/\/yoast.com\/product\/yoast-seo-wordpress\/ -->\n<title>Nukk Leena amigurumi muster | Heegeldatud nuku \u00f5petus | lilleliis<\/title>\n<meta name=\"description\" content=\"Nukk Leena amigurumi muster pakub v\u00e4ljakutset kogenud m\u00e4nguasja heegeldajale. \u00d5petus sisaldab nii nuku kui riiete valmistamise juhiseid.\" \/>\n<meta name=\"robots\" content=\"index, follow, max-snippet:-1, max-image-preview:large, max-video-preview:-1\" \/>\n<link rel=\"canonical\" href=\"https:\/\/www.lilleliis.com\/et\/toode\/nukk-leena-amigurumi-muster\/\" \/>\n<meta property=\"og:locale\" content=\"et_EE\" \/>\n<meta property=\"og:type\" content=\"article\" \/>\n<meta property=\"og:title\" content=\"Nukk Leena amigurumi muster | Heegeldatud nuku \u00f5petus | lilleliis\" \/>\n<meta property=\"og:description\" content=\"Nukk Leena amigurumi muster pakub v\u00e4ljakutset kogenud m\u00e4nguasja heegeldajale. \u00d5petus sisaldab nii nuku kui riiete valmistamise juhiseid.\" \/>\n<meta property=\"og:url\" content=\"https:\/\/www.lilleliis.com\/et\/toode\/nukk-leena-amigurumi-muster\/\" \/>\n<meta property=\"og:site_name\" content=\"lilleliis\" \/>\n<meta property=\"article:publisher\" content=\"https:\/\/www.facebook.com\/lilleliis-283266335035799\/\" \/>\n<meta property=\"article:modified_time\" content=\"2026-01-08T10:13:57+00:00\" \/>\n<meta property=\"og:image\" content=\"https:\/\/www.lilleliis.com\/wp-content\/uploads\/2024\/08\/leena-doll-amigurumi-pattern.jpg\" \/>\n\t<meta property=\"og:image:width\" content=\"1000\" \/>\n\t<meta property=\"og:image:height\" content=\"1500\" \/>\n\t<meta property=\"og:image:type\" content=\"image\/jpeg\" \/>\n<meta name=\"twitter:card\" content=\"summary_large_image\" \/>\n<meta name=\"twitter:label1\" content=\"Est. reading time\" \/>\n\t<meta name=\"twitter:data1\" content=\"1 minute\" \/>\n<script type=\"application\/ld+json\" class=\"yoast-schema-graph\">{\"@context\":\"https:\\\/\\\/schema.org\",\"@graph\":[{\"@type\":\"WebPage\",\"@id\":\"https:\\\/\\\/www.lilleliis.com\\\/et\\\/toode\\\/nukk-leena-amigurumi-muster\\\/\",\"url\":\"https:\\\/\\\/www.lilleliis.com\\\/et\\\/toode\\\/nukk-leena-amigurumi-muster\\\/\",\"name\":\"Nukk Leena amigurumi muster | Heegeldatud nuku \u00f5petus | lilleliis\",\"isPartOf\":{\"@id\":\"https:\\\/\\\/www.lilleliis.com\\\/et\\\/#website\"},\"primaryImageOfPage\":{\"@id\":\"https:\\\/\\\/www.lilleliis.com\\\/et\\\/toode\\\/nukk-leena-amigurumi-muster\\\/#primaryimage\"},\"image\":{\"@id\":\"https:\\\/\\\/www.lilleliis.com\\\/et\\\/toode\\\/nukk-leena-amigurumi-muster\\\/#primaryimage\"},\"thumbnailUrl\":\"https:\\\/\\\/www.lilleliis.com\\\/wp-content\\\/uploads\\\/2024\\\/08\\\/leena-doll-amigurumi-pattern.jpg\",\"datePublished\":\"2025-11-27T16:56:49+00:00\",\"dateModified\":\"2026-01-08T10:13:57+00:00\",\"description\":\"Nukk Leena amigurumi muster pakub v\u00e4ljakutset kogenud m\u00e4nguasja heegeldajale. \u00d5petus sisaldab nii nuku kui riiete valmistamise juhiseid.\",\"breadcrumb\":{\"@id\":\"https:\\\/\\\/www.lilleliis.com\\\/et\\\/toode\\\/nukk-leena-amigurumi-muster\\\/#breadcrumb\"},\"inLanguage\":\"et\",\"potentialAction\":[{\"@type\":\"ReadAction\",\"target\":[\"https:\\\/\\\/www.lilleliis.com\\\/et\\\/toode\\\/nukk-leena-amigurumi-muster\\\/\"]}]},{\"@type\":\"ImageObject\",\"inLanguage\":\"et\",\"@id\":\"https:\\\/\\\/www.lilleliis.com\\\/et\\\/toode\\\/nukk-leena-amigurumi-muster\\\/#primaryimage\",\"url\":\"https:\\\/\\\/www.lilleliis.com\\\/wp-content\\\/uploads\\\/2024\\\/08\\\/leena-doll-amigurumi-pattern.jpg\",\"contentUrl\":\"https:\\\/\\\/www.lilleliis.com\\\/wp-content\\\/uploads\\\/2024\\\/08\\\/leena-doll-amigurumi-pattern.jpg\",\"width\":1000,\"height\":1500,\"caption\":\"nukk leena amigurumi muster\"},{\"@type\":\"BreadcrumbList\",\"@id\":\"https:\\\/\\\/www.lilleliis.com\\\/et\\\/toode\\\/nukk-leena-amigurumi-muster\\\/#breadcrumb\",\"itemListElement\":[{\"@type\":\"ListItem\",\"position\":1,\"name\":\"Home\",\"item\":\"https:\\\/\\\/www.lilleliis.com\\\/et\\\/\"},{\"@type\":\"ListItem\",\"position\":2,\"name\":\"Pood\",\"item\":\"https:\\\/\\\/www.lilleliis.com\\\/et\\\/shop\\\/\"},{\"@type\":\"ListItem\",\"position\":3,\"name\":\"Nukk Leena &#8211; amigurumi muster (ENG)\"}]},{\"@type\":\"WebSite\",\"@id\":\"https:\\\/\\\/www.lilleliis.com\\\/et\\\/#website\",\"url\":\"https:\\\/\\\/www.lilleliis.com\\\/et\\\/\",\"name\":\"lilleliis\",\"description\":\"Amigurumi m\u00e4nguasjad ja mustrid\",\"potentialAction\":[{\"@type\":\"SearchAction\",\"target\":{\"@type\":\"EntryPoint\",\"urlTemplate\":\"https:\\\/\\\/www.lilleliis.com\\\/et\\\/?s={search_term_string}\"},\"query-input\":{\"@type\":\"PropertyValueSpecification\",\"valueRequired\":true,\"valueName\":\"search_term_string\"}}],\"inLanguage\":\"et\"}]}<\/script>\n<!-- \/ Yoast SEO plugin. -->","yoast_head_json":{"title":"Nukk Leena amigurumi muster | Heegeldatud nuku \u00f5petus | lilleliis","description":"Nukk Leena amigurumi muster pakub v\u00e4ljakutset kogenud m\u00e4nguasja heegeldajale. \u00d5petus sisaldab nii nuku kui riiete valmistamise juhiseid.","robots":{"index":"index","follow":"follow","max-snippet":"max-snippet:-1","max-image-preview":"max-image-preview:large","max-video-preview":"max-video-preview:-1"},"canonical":"https:\/\/www.lilleliis.com\/et\/toode\/nukk-leena-amigurumi-muster\/","og_locale":"et_EE","og_type":"article","og_title":"Nukk Leena amigurumi muster | Heegeldatud nuku \u00f5petus | lilleliis","og_description":"Nukk Leena amigurumi muster pakub v\u00e4ljakutset kogenud m\u00e4nguasja heegeldajale. \u00d5petus sisaldab nii nuku kui riiete valmistamise juhiseid.","og_url":"https:\/\/www.lilleliis.com\/et\/toode\/nukk-leena-amigurumi-muster\/","og_site_name":"lilleliis","article_publisher":"https:\/\/www.facebook.com\/lilleliis-283266335035799\/","article_modified_time":"2026-01-08T10:13:57+00:00","og_image":[{"width":1000,"height":1500,"url":"https:\/\/www.lilleliis.com\/wp-content\/uploads\/2024\/08\/leena-doll-amigurumi-pattern.jpg","type":"image\/jpeg"}],"twitter_card":"summary_large_image","twitter_misc":{"Est. reading time":"1 minute"},"schema":{"@context":"https:\/\/schema.org","@graph":[{"@type":"WebPage","@id":"https:\/\/www.lilleliis.com\/et\/toode\/nukk-leena-amigurumi-muster\/","url":"https:\/\/www.lilleliis.com\/et\/toode\/nukk-leena-amigurumi-muster\/","name":"Nukk Leena amigurumi muster | Heegeldatud nuku \u00f5petus | lilleliis","isPartOf":{"@id":"https:\/\/www.lilleliis.com\/et\/#website"},"primaryImageOfPage":{"@id":"https:\/\/www.lilleliis.com\/et\/toode\/nukk-leena-amigurumi-muster\/#primaryimage"},"image":{"@id":"https:\/\/www.lilleliis.com\/et\/toode\/nukk-leena-amigurumi-muster\/#primaryimage"},"thumbnailUrl":"https:\/\/www.lilleliis.com\/wp-content\/uploads\/2024\/08\/leena-doll-amigurumi-pattern.jpg","datePublished":"2025-11-27T16:56:49+00:00","dateModified":"2026-01-08T10:13:57+00:00","description":"Nukk Leena amigurumi muster pakub v\u00e4ljakutset kogenud m\u00e4nguasja heegeldajale. \u00d5petus sisaldab nii nuku kui riiete valmistamise juhiseid.","breadcrumb":{"@id":"https:\/\/www.lilleliis.com\/et\/toode\/nukk-leena-amigurumi-muster\/#breadcrumb"},"inLanguage":"et","potentialAction":[{"@type":"ReadAction","target":["https:\/\/www.lilleliis.com\/et\/toode\/nukk-leena-amigurumi-muster\/"]}]},{"@type":"ImageObject","inLanguage":"et","@id":"https:\/\/www.lilleliis.com\/et\/toode\/nukk-leena-amigurumi-muster\/#primaryimage","url":"https:\/\/www.lilleliis.com\/wp-content\/uploads\/2024\/08\/leena-doll-amigurumi-pattern.jpg","contentUrl":"https:\/\/www.lilleliis.com\/wp-content\/uploads\/2024\/08\/leena-doll-amigurumi-pattern.jpg","width":1000,"height":1500,"caption":"nukk leena amigurumi muster"},{"@type":"BreadcrumbList","@id":"https:\/\/www.lilleliis.com\/et\/toode\/nukk-leena-amigurumi-muster\/#breadcrumb","itemListElement":[{"@type":"ListItem","position":1,"name":"Home","item":"https:\/\/www.lilleliis.com\/et\/"},{"@type":"ListItem","position":2,"name":"Pood","item":"https:\/\/www.lilleliis.com\/et\/shop\/"},{"@type":"ListItem","position":3,"name":"Nukk Leena &#8211; amigurumi muster (ENG)"}]},{"@type":"WebSite","@id":"https:\/\/www.lilleliis.com\/et\/#website","url":"https:\/\/www.lilleliis.com\/et\/","name":"lilleliis","description":"Amigurumi m\u00e4nguasjad ja mustrid","potentialAction":[{"@type":"SearchAction","target":{"@type":"EntryPoint","urlTemplate":"https:\/\/www.lilleliis.com\/et\/?s={search_term_string}"},"query-input":{"@type":"PropertyValueSpecification","valueRequired":true,"valueName":"search_term_string"}}],"inLanguage":"et"}]}},"_links":{"self":[{"href":"https:\/\/www.lilleliis.com\/et\/wp-json\/wp\/v2\/product\/96000","targetHints":{"allow":["GET"]}}],"collection":[{"href":"https:\/\/www.lilleliis.com\/et\/wp-json\/wp\/v2\/product"}],"about":[{"href":"https:\/\/www.lilleliis.com\/et\/wp-json\/wp\/v2\/types\/product"}],"replies":[{"embeddable":true,"href":"https:\/\/www.lilleliis.com\/et\/wp-json\/wp\/v2\/comments?post=96000"}],"wp:featuredmedia":[{"embeddable":true,"href":"https:\/\/www.lilleliis.com\/et\/wp-json\/wp\/v2\/media\/96027"}],"wp:attachment":[{"href":"https:\/\/www.lilleliis.com\/et\/wp-json\/wp\/v2\/media?parent=96000"}],"wp:term":[{"taxonomy":"product_brand","embeddable":true,"href":"https:\/\/www.lilleliis.com\/et\/wp-json\/wp\/v2\/product_brand?post=96000"},{"taxonomy":"product_cat","embeddable":true,"href":"https:\/\/www.lilleliis.com\/et\/wp-json\/wp\/v2\/product_cat?post=96000"},{"taxonomy":"product_tag","embeddable":true,"href":"https:\/\/www.lilleliis.com\/et\/wp-json\/wp\/v2\/product_tag?post=96000"}],"curies":[{"name":"wp","href":"https:\/\/api.w.org\/{rel}","templated":true}]}}