{"id":96038,"date":"2025-02-06T14:10:27","date_gmt":"2025-02-06T12:10:27","guid":{"rendered":"https:\/\/www.lilleliis.com\/?post_type=product&#038;p=96038"},"modified":"2026-04-11T19:59:55","modified_gmt":"2026-04-11T16:59:55","slug":"kasitoo-paevik-20-amigurumi-projekti","status":"publish","type":"product","link":"https:\/\/www.lilleliis.com\/et\/toode\/kasitoo-paevik-20-amigurumi-projekti\/","title":{"rendered":"K\u00e4sit\u00f6\u00f6 p\u00e4evik &#8211; 20 amigurumi projekti raamatust &#8220;Unustamatud lapsep\u00f5lvelelud&#8221;"},"content":{"rendered":"<p>See on \u00fcks vahva &#8220;vanakooli&#8221; p\u00e4evik, kuhu saad koondada oma tegemised. Heegelda raamatust kasv\u00f5i k\u00f5ik m\u00e4nguasjad ning talleta muljed, informatsioon l\u00f5nga ja valmistamise aja kohta jpm. Nii on j\u00e4rgmisel korral hea vaadata, millal viimati sama m\u00e4nguasja heegeldasid ja mida kasulikku selle kohta kirja panid.<\/p>\n<div class=\"is-divider divider clearfix\" ><\/div>\n<p>Suurus: 12,5 x 20 cm<\/p>\n<p>Lehek\u00fclgede arv: 72<\/p>\n<p>Keel: eesti<\/p>\n","protected":false},"excerpt":{"rendered":"<p>Ainulaadne k\u00e4sit\u00f6\u00f6 p\u00e4evik kasutamiseks koos lilleliisi uusima raamatuga <a href=\"https:\/\/www.lilleliis.com\/et\/kasitooraamatud\/unustamatud-lapsepolvelelud\/\">&#8220;Unustamatud lapsep\u00f5lvelelud&#8221;<\/a> (2024). P\u00e4evik on eesti keeles ja mahutab k\u00f5ik 20 m\u00e4nguasja projekti.<\/p>\n","protected":false},"featured_media":96042,"comment_status":"open","ping_status":"closed","template":"","meta":[],"product_brand":[],"product_cat":[429,568],"product_tag":[],"class_list":{"0":"post-96038","1":"product","2":"type-product","3":"status-publish","4":"has-post-thumbnail","6":"product_cat-kasitoo-tarvikud","7":"product_cat-muud-tarvikud","9":"first","10":"instock","11":"sale","12":"taxable","13":"shipping-taxable","14":"purchasable","15":"product-type-simple"},"yoast_head":"<!-- This site is optimized with the Yoast SEO plugin v27.3 - https:\/\/yoast.com\/product\/yoast-seo-wordpress\/ -->\n<title>K\u00e4sit\u00f6\u00f6 p\u00e4evik | 20 amigurumi m\u00e4nguasja projekti | lilleliis<\/title>\n<meta name=\"description\" content=\"Eestikeelne k\u00e4sit\u00f6\u00f6 p\u00e4evik kasutamiseks koos lilleliisi raamatuga &quot;Unustamatud lapsep\u00f5lvelelud&quot;. Mahutab 20 m\u00e4nguasja projekti.\" \/>\n<meta name=\"robots\" content=\"index, follow, max-snippet:-1, max-image-preview:large, max-video-preview:-1\" \/>\n<link rel=\"canonical\" href=\"https:\/\/www.lilleliis.com\/et\/toode\/kasitoo-paevik-20-amigurumi-projekti\/\" \/>\n<meta property=\"og:locale\" content=\"et_EE\" \/>\n<meta property=\"og:type\" content=\"article\" \/>\n<meta property=\"og:title\" content=\"K\u00e4sit\u00f6\u00f6 p\u00e4evik | 20 amigurumi m\u00e4nguasja projekti | lilleliis\" \/>\n<meta property=\"og:description\" content=\"Eestikeelne k\u00e4sit\u00f6\u00f6 p\u00e4evik kasutamiseks koos lilleliisi raamatuga &quot;Unustamatud lapsep\u00f5lvelelud&quot;. Mahutab 20 m\u00e4nguasja projekti.\" \/>\n<meta property=\"og:url\" content=\"https:\/\/www.lilleliis.com\/et\/toode\/kasitoo-paevik-20-amigurumi-projekti\/\" \/>\n<meta property=\"og:site_name\" content=\"lilleliis\" \/>\n<meta property=\"article:publisher\" content=\"https:\/\/www.facebook.com\/lilleliis-283266335035799\/\" \/>\n<meta property=\"article:modified_time\" content=\"2026-04-11T16:59:55+00:00\" \/>\n<meta property=\"og:image\" content=\"https:\/\/www.lilleliis.com\/wp-content\/uploads\/2024\/08\/kasitoo-paevik-unustamatud2.jpg\" \/>\n\t<meta property=\"og:image:width\" content=\"1000\" \/>\n\t<meta property=\"og:image:height\" content=\"1500\" \/>\n\t<meta property=\"og:image:type\" content=\"image\/jpeg\" \/>\n<meta name=\"twitter:card\" content=\"summary_large_image\" \/>\n<meta name=\"twitter:label1\" content=\"Est. reading time\" \/>\n\t<meta name=\"twitter:data1\" content=\"1 minute\" \/>\n<script type=\"application\/ld+json\" class=\"yoast-schema-graph\">{\"@context\":\"https:\\\/\\\/schema.org\",\"@graph\":[{\"@type\":\"WebPage\",\"@id\":\"https:\\\/\\\/www.lilleliis.com\\\/et\\\/toode\\\/kasitoo-paevik-20-amigurumi-projekti\\\/\",\"url\":\"https:\\\/\\\/www.lilleliis.com\\\/et\\\/toode\\\/kasitoo-paevik-20-amigurumi-projekti\\\/\",\"name\":\"K\u00e4sit\u00f6\u00f6 p\u00e4evik | 20 amigurumi m\u00e4nguasja projekti | lilleliis\",\"isPartOf\":{\"@id\":\"https:\\\/\\\/www.lilleliis.com\\\/et\\\/#website\"},\"primaryImageOfPage\":{\"@id\":\"https:\\\/\\\/www.lilleliis.com\\\/et\\\/toode\\\/kasitoo-paevik-20-amigurumi-projekti\\\/#primaryimage\"},\"image\":{\"@id\":\"https:\\\/\\\/www.lilleliis.com\\\/et\\\/toode\\\/kasitoo-paevik-20-amigurumi-projekti\\\/#primaryimage\"},\"thumbnailUrl\":\"https:\\\/\\\/www.lilleliis.com\\\/wp-content\\\/uploads\\\/2024\\\/08\\\/kasitoo-paevik-unustamatud2.jpg\",\"datePublished\":\"2025-02-06T12:10:27+00:00\",\"dateModified\":\"2026-04-11T16:59:55+00:00\",\"description\":\"Eestikeelne k\u00e4sit\u00f6\u00f6 p\u00e4evik kasutamiseks koos lilleliisi raamatuga \\\"Unustamatud lapsep\u00f5lvelelud\\\". Mahutab 20 m\u00e4nguasja projekti.\",\"breadcrumb\":{\"@id\":\"https:\\\/\\\/www.lilleliis.com\\\/et\\\/toode\\\/kasitoo-paevik-20-amigurumi-projekti\\\/#breadcrumb\"},\"inLanguage\":\"et\",\"potentialAction\":[{\"@type\":\"ReadAction\",\"target\":[\"https:\\\/\\\/www.lilleliis.com\\\/et\\\/toode\\\/kasitoo-paevik-20-amigurumi-projekti\\\/\"]}]},{\"@type\":\"ImageObject\",\"inLanguage\":\"et\",\"@id\":\"https:\\\/\\\/www.lilleliis.com\\\/et\\\/toode\\\/kasitoo-paevik-20-amigurumi-projekti\\\/#primaryimage\",\"url\":\"https:\\\/\\\/www.lilleliis.com\\\/wp-content\\\/uploads\\\/2024\\\/08\\\/kasitoo-paevik-unustamatud2.jpg\",\"contentUrl\":\"https:\\\/\\\/www.lilleliis.com\\\/wp-content\\\/uploads\\\/2024\\\/08\\\/kasitoo-paevik-unustamatud2.jpg\",\"width\":1000,\"height\":1500,\"caption\":\"k\u00e4sit\u00f6\u00f6 p\u00e4evik amigurumi\"},{\"@type\":\"BreadcrumbList\",\"@id\":\"https:\\\/\\\/www.lilleliis.com\\\/et\\\/toode\\\/kasitoo-paevik-20-amigurumi-projekti\\\/#breadcrumb\",\"itemListElement\":[{\"@type\":\"ListItem\",\"position\":1,\"name\":\"Home\",\"item\":\"https:\\\/\\\/www.lilleliis.com\\\/et\\\/\"},{\"@type\":\"ListItem\",\"position\":2,\"name\":\"Pood\",\"item\":\"https:\\\/\\\/www.lilleliis.com\\\/et\\\/shop\\\/\"},{\"@type\":\"ListItem\",\"position\":3,\"name\":\"K\u00e4sit\u00f6\u00f6 p\u00e4evik &#8211; 20 amigurumi projekti raamatust &#8220;Unustamatud lapsep\u00f5lvelelud&#8221;\"}]},{\"@type\":\"WebSite\",\"@id\":\"https:\\\/\\\/www.lilleliis.com\\\/et\\\/#website\",\"url\":\"https:\\\/\\\/www.lilleliis.com\\\/et\\\/\",\"name\":\"lilleliis\",\"description\":\"Amigurumi m\u00e4nguasjad ja mustrid\",\"potentialAction\":[{\"@type\":\"SearchAction\",\"target\":{\"@type\":\"EntryPoint\",\"urlTemplate\":\"https:\\\/\\\/www.lilleliis.com\\\/et\\\/?s={search_term_string}\"},\"query-input\":{\"@type\":\"PropertyValueSpecification\",\"valueRequired\":true,\"valueName\":\"search_term_string\"}}],\"inLanguage\":\"et\"}]}<\/script>\n<!-- \/ Yoast SEO plugin. -->","yoast_head_json":{"title":"K\u00e4sit\u00f6\u00f6 p\u00e4evik | 20 amigurumi m\u00e4nguasja projekti | lilleliis","description":"Eestikeelne k\u00e4sit\u00f6\u00f6 p\u00e4evik kasutamiseks koos lilleliisi raamatuga \"Unustamatud lapsep\u00f5lvelelud\". Mahutab 20 m\u00e4nguasja projekti.","robots":{"index":"index","follow":"follow","max-snippet":"max-snippet:-1","max-image-preview":"max-image-preview:large","max-video-preview":"max-video-preview:-1"},"canonical":"https:\/\/www.lilleliis.com\/et\/toode\/kasitoo-paevik-20-amigurumi-projekti\/","og_locale":"et_EE","og_type":"article","og_title":"K\u00e4sit\u00f6\u00f6 p\u00e4evik | 20 amigurumi m\u00e4nguasja projekti | lilleliis","og_description":"Eestikeelne k\u00e4sit\u00f6\u00f6 p\u00e4evik kasutamiseks koos lilleliisi raamatuga \"Unustamatud lapsep\u00f5lvelelud\". Mahutab 20 m\u00e4nguasja projekti.","og_url":"https:\/\/www.lilleliis.com\/et\/toode\/kasitoo-paevik-20-amigurumi-projekti\/","og_site_name":"lilleliis","article_publisher":"https:\/\/www.facebook.com\/lilleliis-283266335035799\/","article_modified_time":"2026-04-11T16:59:55+00:00","og_image":[{"width":1000,"height":1500,"url":"https:\/\/www.lilleliis.com\/wp-content\/uploads\/2024\/08\/kasitoo-paevik-unustamatud2.jpg","type":"image\/jpeg"}],"twitter_card":"summary_large_image","twitter_misc":{"Est. reading time":"1 minute"},"schema":{"@context":"https:\/\/schema.org","@graph":[{"@type":"WebPage","@id":"https:\/\/www.lilleliis.com\/et\/toode\/kasitoo-paevik-20-amigurumi-projekti\/","url":"https:\/\/www.lilleliis.com\/et\/toode\/kasitoo-paevik-20-amigurumi-projekti\/","name":"K\u00e4sit\u00f6\u00f6 p\u00e4evik | 20 amigurumi m\u00e4nguasja projekti | lilleliis","isPartOf":{"@id":"https:\/\/www.lilleliis.com\/et\/#website"},"primaryImageOfPage":{"@id":"https:\/\/www.lilleliis.com\/et\/toode\/kasitoo-paevik-20-amigurumi-projekti\/#primaryimage"},"image":{"@id":"https:\/\/www.lilleliis.com\/et\/toode\/kasitoo-paevik-20-amigurumi-projekti\/#primaryimage"},"thumbnailUrl":"https:\/\/www.lilleliis.com\/wp-content\/uploads\/2024\/08\/kasitoo-paevik-unustamatud2.jpg","datePublished":"2025-02-06T12:10:27+00:00","dateModified":"2026-04-11T16:59:55+00:00","description":"Eestikeelne k\u00e4sit\u00f6\u00f6 p\u00e4evik kasutamiseks koos lilleliisi raamatuga \"Unustamatud lapsep\u00f5lvelelud\". Mahutab 20 m\u00e4nguasja projekti.","breadcrumb":{"@id":"https:\/\/www.lilleliis.com\/et\/toode\/kasitoo-paevik-20-amigurumi-projekti\/#breadcrumb"},"inLanguage":"et","potentialAction":[{"@type":"ReadAction","target":["https:\/\/www.lilleliis.com\/et\/toode\/kasitoo-paevik-20-amigurumi-projekti\/"]}]},{"@type":"ImageObject","inLanguage":"et","@id":"https:\/\/www.lilleliis.com\/et\/toode\/kasitoo-paevik-20-amigurumi-projekti\/#primaryimage","url":"https:\/\/www.lilleliis.com\/wp-content\/uploads\/2024\/08\/kasitoo-paevik-unustamatud2.jpg","contentUrl":"https:\/\/www.lilleliis.com\/wp-content\/uploads\/2024\/08\/kasitoo-paevik-unustamatud2.jpg","width":1000,"height":1500,"caption":"k\u00e4sit\u00f6\u00f6 p\u00e4evik amigurumi"},{"@type":"BreadcrumbList","@id":"https:\/\/www.lilleliis.com\/et\/toode\/kasitoo-paevik-20-amigurumi-projekti\/#breadcrumb","itemListElement":[{"@type":"ListItem","position":1,"name":"Home","item":"https:\/\/www.lilleliis.com\/et\/"},{"@type":"ListItem","position":2,"name":"Pood","item":"https:\/\/www.lilleliis.com\/et\/shop\/"},{"@type":"ListItem","position":3,"name":"K\u00e4sit\u00f6\u00f6 p\u00e4evik &#8211; 20 amigurumi projekti raamatust &#8220;Unustamatud lapsep\u00f5lvelelud&#8221;"}]},{"@type":"WebSite","@id":"https:\/\/www.lilleliis.com\/et\/#website","url":"https:\/\/www.lilleliis.com\/et\/","name":"lilleliis","description":"Amigurumi m\u00e4nguasjad ja mustrid","potentialAction":[{"@type":"SearchAction","target":{"@type":"EntryPoint","urlTemplate":"https:\/\/www.lilleliis.com\/et\/?s={search_term_string}"},"query-input":{"@type":"PropertyValueSpecification","valueRequired":true,"valueName":"search_term_string"}}],"inLanguage":"et"}]}},"_links":{"self":[{"href":"https:\/\/www.lilleliis.com\/et\/wp-json\/wp\/v2\/product\/96038","targetHints":{"allow":["GET"]}}],"collection":[{"href":"https:\/\/www.lilleliis.com\/et\/wp-json\/wp\/v2\/product"}],"about":[{"href":"https:\/\/www.lilleliis.com\/et\/wp-json\/wp\/v2\/types\/product"}],"replies":[{"embeddable":true,"href":"https:\/\/www.lilleliis.com\/et\/wp-json\/wp\/v2\/comments?post=96038"}],"wp:featuredmedia":[{"embeddable":true,"href":"https:\/\/www.lilleliis.com\/et\/wp-json\/wp\/v2\/media\/96042"}],"wp:attachment":[{"href":"https:\/\/www.lilleliis.com\/et\/wp-json\/wp\/v2\/media?parent=96038"}],"wp:term":[{"taxonomy":"product_brand","embeddable":true,"href":"https:\/\/www.lilleliis.com\/et\/wp-json\/wp\/v2\/product_brand?post=96038"},{"taxonomy":"product_cat","embeddable":true,"href":"https:\/\/www.lilleliis.com\/et\/wp-json\/wp\/v2\/product_cat?post=96038"},{"taxonomy":"product_tag","embeddable":true,"href":"https:\/\/www.lilleliis.com\/et\/wp-json\/wp\/v2\/product_tag?post=96038"}],"curies":[{"name":"wp","href":"https:\/\/api.w.org\/{rel}","templated":true}]}}