{"id":96089,"date":"2024-10-04T10:05:44","date_gmt":"2024-10-04T07:05:44","guid":{"rendered":"https:\/\/www.lilleliis.com\/?post_type=product&#038;p=96089"},"modified":"2026-03-18T21:37:28","modified_gmt":"2026-03-18T19:37:28","slug":"unustamatud-lapsepolvelelud","status":"publish","type":"product","link":"https:\/\/www.lilleliis.com\/et\/toode\/unustamatud-lapsepolvelelud\/","title":{"rendered":"Unustamatud lapsep\u00f5lvelelud &#8211; signeeritud raamat"},"content":{"rendered":"<p><span data-text-color=\"primary\">RAAMATUGA KOOS KASUTAMISEKS LOODUD TOOTED:<\/span><\/p>\n<div class=\"row row-divided\"  id=\"row-1870028992\">\n\n\t<div id=\"col-790089326\" class=\"col medium-1\/3 large-4\"  >\n\t\t\t\t<div class=\"col-inner\"  >\n\t\t\t\n\t\t\t\n<div class=\"woocommerce \"><div class=\"products row row-small row-masonry has-packery large-columns-3 medium-columns-3 small-columns-2\">\n<div class=\"product-small col has-hover product type-product post-96038 status-publish first instock product_cat-kasitoo-tarvikud product_cat-muud-tarvikud has-post-thumbnail sale taxable shipping-taxable purchasable product-type-simple\">\n\t<div class=\"col-inner\">\n\t\n<div class=\"badge-container absolute left top z-1\">\n<div class=\"callout badge badge-circle\"><div class=\"badge-inner secondary on-sale\"><span class=\"onsale\">-70%<\/span><\/div><\/div>\n<\/div>\n\t<div class=\"product-small box \">\n\t\t<div class=\"box-image\">\n\t\t\t<div class=\"image-zoom-fade\">\n\t\t\t\t<a href=\"https:\/\/www.lilleliis.com\/et\/toode\/kasitoo-paevik-20-amigurumi-projekti\/\">\n\t\t\t\t\t<img loading=\"lazy\" decoding=\"async\" width=\"247\" height=\"296\" src=\"https:\/\/www.lilleliis.com\/wp-content\/uploads\/2024\/08\/kasitoo-paevik-unustamatud2-247x296.jpg\" class=\"attachment-woocommerce_thumbnail size-woocommerce_thumbnail\" alt=\"k\u00e4sit\u00f6\u00f6 p\u00e4evik amigurumi\" \/>\t\t\t\t<\/a>\n\t\t\t<\/div>\n\t\t\t<div class=\"image-tools is-small top right show-on-hover\">\n\t\t\t\t\t\t\t<\/div>\n\t\t\t<div class=\"image-tools is-small hide-for-small bottom left show-on-hover\">\n\t\t\t\t\t\t\t<\/div>\n\t\t\t<div class=\"image-tools grid-tools text-center hide-for-small bottom hover-slide-in show-on-hover\">\n\t\t\t\t<a href=\"#quick-view\" class=\"quick-view\" role=\"button\" data-prod=\"96038\" aria-haspopup=\"dialog\" aria-expanded=\"false\" data-flatsome-role-button>Quick View<\/a>\t\t\t<\/div>\n\t\t\t\t\t<\/div>\n\n\t\t<div class=\"box-text box-text-products\">\n\t\t\t<div class=\"title-wrapper\">\t\t<p class=\"category uppercase is-smaller no-text-overflow product-cat op-8\">\n\t\t\tL\u00f5ngad ja tarvikud\t\t<\/p>\n\t<p class=\"name product-title woocommerce-loop-product__title\"><a href=\"https:\/\/www.lilleliis.com\/et\/toode\/kasitoo-paevik-20-amigurumi-projekti\/\" class=\"woocommerce-LoopProduct-link woocommerce-loop-product__link\">K\u00e4sit\u00f6\u00f6 p\u00e4evik &#8211; 20 amigurumi projekti raamatust &#8220;Unustamatud lapsep\u00f5lvelelud&#8221;<\/a><\/p><\/div><div class=\"price-wrapper\">\n\t<span class=\"price\"><del aria-hidden=\"true\"><span class=\"woocommerce-Price-amount amount\"><bdi><span class=\"woocommerce-Price-currencySymbol\">&euro;<\/span>28.00<\/bdi><\/span><\/del> <span class=\"screen-reader-text\">Algne hind oli: &euro;28.00.<\/span><ins aria-hidden=\"true\"><span class=\"woocommerce-Price-amount amount\"><bdi><span class=\"woocommerce-Price-currencySymbol\">&euro;<\/span>8.40<\/bdi><\/span><\/ins><span class=\"screen-reader-text\">Current price is: &euro;8.40.<\/span><\/span>\n<\/div><div class=\"add-to-cart-button\"><a href=\"\/et\/wp-json\/wp\/v2\/product\/96089?add-to-cart=96038\" aria-describedby=\"woocommerce_loop_add_to_cart_link_describedby_96038\" data-quantity=\"1\" class=\"primary is-small mb-0 button product_type_simple add_to_cart_button ajax_add_to_cart is-flat\" data-product_id=\"96038\" data-product_sku=\"PB-004\" aria-label=\"Add to cart: &ldquo;K\u00e4sit\u00f6\u00f6 p\u00e4evik - 20 amigurumi projekti raamatust &quot;Unustamatud lapsep\u00f5lvelelud&quot;&rdquo;\" rel=\"nofollow\" data-success_message=\"&ldquo;K\u00e4sit\u00f6\u00f6 p\u00e4evik - 20 amigurumi projekti raamatust &quot;Unustamatud lapsep\u00f5lvelelud&quot;&rdquo; has been added to your cart\" role=\"button\">Lisa korvi<\/a><\/div>\t<span id=\"woocommerce_loop_add_to_cart_link_describedby_96038\" class=\"screen-reader-text\">\n\t\t\t<\/span>\n\t\t<\/div>\n\t<\/div>\n\t<span class=\"gtm4wp_productdata\" style=\"display:none; visibility:hidden;\" data-gtm4wp_product_data=\"{&quot;internal_id&quot;:96038,&quot;item_id&quot;:96038,&quot;item_name&quot;:&quot;K\\u00e4sit\\u00f6\\u00f6 p\\u00e4evik - 20 amigurumi projekti raamatust \\&quot;Unustamatud lapsep\\u00f5lvelelud\\&quot;&quot;,&quot;sku&quot;:&quot;PB-004&quot;,&quot;price&quot;:8.4,&quot;stocklevel&quot;:4,&quot;stockstatus&quot;:&quot;instock&quot;,&quot;google_business_vertical&quot;:&quot;retail&quot;,&quot;item_category&quot;:&quot;L\\u00f5ngad ja tarvikud&quot;,&quot;id&quot;:96038,&quot;productlink&quot;:&quot;https:\\\/\\\/www.lilleliis.com\\\/et\\\/toode\\\/kasitoo-paevik-20-amigurumi-projekti\\\/&quot;,&quot;item_list_name&quot;:&quot;General Product List&quot;,&quot;index&quot;:1,&quot;product_type&quot;:&quot;simple&quot;,&quot;item_brand&quot;:&quot;&quot;}\"><\/span>\t<\/div>\n<\/div><\/div><!-- row -->\n<\/div>\n\t\t<\/div>\n\t\t\t\t\t<\/div>\n\n\t\n\n\t<div id=\"col-1615416515\" class=\"col medium-1\/3 large-4\"  >\n\t\t\t\t<div class=\"col-inner\"  >\n\t\t\t\n\t\t\t\n<div class=\"woocommerce \"><\/div>\n\t\t<\/div>\n\t\t\t\t\t<\/div>\n\n\t\n\n\t<div id=\"col-878437468\" class=\"col medium-1\/3 large-4\"  >\n\t\t\t\t<div class=\"col-inner\"  >\n\t\t\t\n\t\t\t\n<div class=\"woocommerce \"><\/div>\n\t\t<\/div>\n\t\t\t\t\t<\/div>\n\n\t\n<\/div>\n<p>&nbsp;<\/p>\n","protected":false},"excerpt":{"rendered":"<p>&#8220;Unustamatud lapsep\u00f5lvelelud&#8221; on lilleliisi neljas, v\u00e4rskelt ilmunud m\u00e4nguasja mustrite raamat (september 2024).<\/p>\n<p>Otse autorilt tellides saad ainulaadse autogrammiga raamatu.<\/p>\n<p>Vaata raamatus olevate nukkude <a href=\"https:\/\/www.lilleliis.com\/et\/featured_item_category\/raamat-unustamatud-lapsepolvelelud\/\" target=\"_blank\" rel=\"noopener\">galeriid<\/a>.<\/p>\n<p>Raamatu \u201cUnustamatud lapsep\u00f5lvelelud\u201d taotlus on n\u00e4idata <em>amigurumi<\/em> m\u00e4nguasja valmistamise tehnikat v\u00e4rske pilgu l\u00e4bi. Ka kogenud heegeldajal ei tohiks raamatu seltsis igav hakata, kuna uudne stilistika ja huvitav l\u00f5ngavalik pakuvad rohkelt avastamisr\u00f5\u00f5mu ning p\u00f5nevusega sisustatud tunde.<\/p>\n<p>Raamatust leiad 22 heegeldatud tegelast, kelle hulgas on kaisuloomi, nukke ja m\u00e4nguasju beebidele. K\u00f5ik nad kannavad endas nostalgilist varjundit, justkui p\u00e4rineksid vanavanemate suvila p\u00f6\u00f6ningul asuvast p\u00e4evin\u00e4inud kirstust. Lisaks s\u00f5nadele \u201epehme\u201d ja \u201earmas\u201d v\u00f5iks siinsete tegelaste kohta \u00f6elda ka veider, <em>funky<\/em>, lapik, m\u00e4nguline, <em>vintage<\/em>, karune, kiiksuga.<\/p>\n<div class=\"is-divider divider clearfix\" style=\"max-width:100%;\"><\/div>\n<p>Ilmunud: september 2024<\/p>\n<p>Keel: Eesti<\/p>\n<p>Raamatu formaat: k\u00f5vakaaneline<\/p>\n<p>Lehek\u00fclgi: 244<\/p>\n<p>M\u00f5\u00f5dud: 160&#215;210<\/p>\n","protected":false},"featured_media":96081,"comment_status":"open","ping_status":"closed","template":"","meta":[],"product_brand":[1580],"product_cat":[559],"product_tag":[],"class_list":{"0":"post-96089","1":"product","2":"type-product","3":"status-publish","4":"has-post-thumbnail","6":"product_brand-lilleliis","7":"product_cat-raamatud","8":"product_shipping_class-raamat-et","10":"first","11":"instock","12":"taxable","13":"shipping-taxable","14":"purchasable","15":"product-type-simple"},"yoast_head":"<!-- This site is optimized with the Yoast SEO plugin v27.3 - https:\/\/yoast.com\/product\/yoast-seo-wordpress\/ -->\n<title>Raamat Unustamatud lapsep\u00f5lvelelud | 22 heegeldatud m\u00e4nguasja | lilleliis<\/title>\n<meta name=\"description\" content=\"Unustamatud lapsep\u00f5lvelelud - telli autogrammiga raamat otse autorilt. Lilleliisi neljas amigurumi mustrite raamat, 22 m\u00e4nguasja \u00f5petust.\" \/>\n<meta name=\"robots\" content=\"index, follow, max-snippet:-1, max-image-preview:large, max-video-preview:-1\" \/>\n<link rel=\"canonical\" href=\"https:\/\/www.lilleliis.com\/et\/toode\/unustamatud-lapsepolvelelud\/\" \/>\n<meta property=\"og:locale\" content=\"et_EE\" \/>\n<meta property=\"og:type\" content=\"article\" \/>\n<meta property=\"og:title\" content=\"Raamat Unustamatud lapsep\u00f5lvelelud | 22 heegeldatud m\u00e4nguasja | lilleliis\" \/>\n<meta property=\"og:description\" content=\"Unustamatud lapsep\u00f5lvelelud - telli autogrammiga raamat otse autorilt. Lilleliisi neljas amigurumi mustrite raamat, 22 m\u00e4nguasja \u00f5petust.\" \/>\n<meta property=\"og:url\" content=\"https:\/\/www.lilleliis.com\/et\/toode\/unustamatud-lapsepolvelelud\/\" \/>\n<meta property=\"og:site_name\" content=\"lilleliis\" \/>\n<meta property=\"article:publisher\" content=\"https:\/\/www.facebook.com\/lilleliis-283266335035799\/\" \/>\n<meta property=\"article:modified_time\" content=\"2026-03-18T19:37:28+00:00\" \/>\n<meta property=\"og:image\" content=\"https:\/\/www.lilleliis.com\/wp-content\/uploads\/2024\/09\/Unustamatud-lapsepolvelelud.webp\" \/>\n\t<meta property=\"og:image:width\" content=\"591\" \/>\n\t<meta property=\"og:image:height\" content=\"777\" \/>\n\t<meta property=\"og:image:type\" content=\"image\/webp\" \/>\n<meta name=\"twitter:card\" content=\"summary_large_image\" \/>\n<meta name=\"twitter:label1\" content=\"Est. reading time\" \/>\n\t<meta name=\"twitter:data1\" content=\"1 minute\" \/>\n<script type=\"application\/ld+json\" class=\"yoast-schema-graph\">{\"@context\":\"https:\\\/\\\/schema.org\",\"@graph\":[{\"@type\":\"WebPage\",\"@id\":\"https:\\\/\\\/www.lilleliis.com\\\/et\\\/toode\\\/unustamatud-lapsepolvelelud\\\/\",\"url\":\"https:\\\/\\\/www.lilleliis.com\\\/et\\\/toode\\\/unustamatud-lapsepolvelelud\\\/\",\"name\":\"Raamat Unustamatud lapsep\u00f5lvelelud | 22 heegeldatud m\u00e4nguasja | lilleliis\",\"isPartOf\":{\"@id\":\"https:\\\/\\\/www.lilleliis.com\\\/et\\\/#website\"},\"primaryImageOfPage\":{\"@id\":\"https:\\\/\\\/www.lilleliis.com\\\/et\\\/toode\\\/unustamatud-lapsepolvelelud\\\/#primaryimage\"},\"image\":{\"@id\":\"https:\\\/\\\/www.lilleliis.com\\\/et\\\/toode\\\/unustamatud-lapsepolvelelud\\\/#primaryimage\"},\"thumbnailUrl\":\"https:\\\/\\\/www.lilleliis.com\\\/wp-content\\\/uploads\\\/2024\\\/09\\\/Unustamatud-lapsepolvelelud.webp\",\"datePublished\":\"2024-10-04T07:05:44+00:00\",\"dateModified\":\"2026-03-18T19:37:28+00:00\",\"description\":\"Unustamatud lapsep\u00f5lvelelud - telli autogrammiga raamat otse autorilt. Lilleliisi neljas amigurumi mustrite raamat, 22 m\u00e4nguasja \u00f5petust.\",\"breadcrumb\":{\"@id\":\"https:\\\/\\\/www.lilleliis.com\\\/et\\\/toode\\\/unustamatud-lapsepolvelelud\\\/#breadcrumb\"},\"inLanguage\":\"et\",\"potentialAction\":[{\"@type\":\"ReadAction\",\"target\":[\"https:\\\/\\\/www.lilleliis.com\\\/et\\\/toode\\\/unustamatud-lapsepolvelelud\\\/\"]}]},{\"@type\":\"ImageObject\",\"inLanguage\":\"et\",\"@id\":\"https:\\\/\\\/www.lilleliis.com\\\/et\\\/toode\\\/unustamatud-lapsepolvelelud\\\/#primaryimage\",\"url\":\"https:\\\/\\\/www.lilleliis.com\\\/wp-content\\\/uploads\\\/2024\\\/09\\\/Unustamatud-lapsepolvelelud.webp\",\"contentUrl\":\"https:\\\/\\\/www.lilleliis.com\\\/wp-content\\\/uploads\\\/2024\\\/09\\\/Unustamatud-lapsepolvelelud.webp\",\"width\":591,\"height\":777,\"caption\":\"Unustamatud lapsep\u00f5lvelelud heegeldamine amigurumi raamat\"},{\"@type\":\"BreadcrumbList\",\"@id\":\"https:\\\/\\\/www.lilleliis.com\\\/et\\\/toode\\\/unustamatud-lapsepolvelelud\\\/#breadcrumb\",\"itemListElement\":[{\"@type\":\"ListItem\",\"position\":1,\"name\":\"Home\",\"item\":\"https:\\\/\\\/www.lilleliis.com\\\/et\\\/\"},{\"@type\":\"ListItem\",\"position\":2,\"name\":\"Pood\",\"item\":\"https:\\\/\\\/www.lilleliis.com\\\/et\\\/shop\\\/\"},{\"@type\":\"ListItem\",\"position\":3,\"name\":\"Unustamatud lapsep\u00f5lvelelud &#8211; signeeritud raamat\"}]},{\"@type\":\"WebSite\",\"@id\":\"https:\\\/\\\/www.lilleliis.com\\\/et\\\/#website\",\"url\":\"https:\\\/\\\/www.lilleliis.com\\\/et\\\/\",\"name\":\"lilleliis\",\"description\":\"Amigurumi m\u00e4nguasjad ja mustrid\",\"potentialAction\":[{\"@type\":\"SearchAction\",\"target\":{\"@type\":\"EntryPoint\",\"urlTemplate\":\"https:\\\/\\\/www.lilleliis.com\\\/et\\\/?s={search_term_string}\"},\"query-input\":{\"@type\":\"PropertyValueSpecification\",\"valueRequired\":true,\"valueName\":\"search_term_string\"}}],\"inLanguage\":\"et\"}]}<\/script>\n<!-- \/ Yoast SEO plugin. -->","yoast_head_json":{"title":"Raamat Unustamatud lapsep\u00f5lvelelud | 22 heegeldatud m\u00e4nguasja | lilleliis","description":"Unustamatud lapsep\u00f5lvelelud - telli autogrammiga raamat otse autorilt. Lilleliisi neljas amigurumi mustrite raamat, 22 m\u00e4nguasja \u00f5petust.","robots":{"index":"index","follow":"follow","max-snippet":"max-snippet:-1","max-image-preview":"max-image-preview:large","max-video-preview":"max-video-preview:-1"},"canonical":"https:\/\/www.lilleliis.com\/et\/toode\/unustamatud-lapsepolvelelud\/","og_locale":"et_EE","og_type":"article","og_title":"Raamat Unustamatud lapsep\u00f5lvelelud | 22 heegeldatud m\u00e4nguasja | lilleliis","og_description":"Unustamatud lapsep\u00f5lvelelud - telli autogrammiga raamat otse autorilt. Lilleliisi neljas amigurumi mustrite raamat, 22 m\u00e4nguasja \u00f5petust.","og_url":"https:\/\/www.lilleliis.com\/et\/toode\/unustamatud-lapsepolvelelud\/","og_site_name":"lilleliis","article_publisher":"https:\/\/www.facebook.com\/lilleliis-283266335035799\/","article_modified_time":"2026-03-18T19:37:28+00:00","og_image":[{"width":591,"height":777,"url":"https:\/\/www.lilleliis.com\/wp-content\/uploads\/2024\/09\/Unustamatud-lapsepolvelelud.webp","type":"image\/webp"}],"twitter_card":"summary_large_image","twitter_misc":{"Est. reading time":"1 minute"},"schema":{"@context":"https:\/\/schema.org","@graph":[{"@type":"WebPage","@id":"https:\/\/www.lilleliis.com\/et\/toode\/unustamatud-lapsepolvelelud\/","url":"https:\/\/www.lilleliis.com\/et\/toode\/unustamatud-lapsepolvelelud\/","name":"Raamat Unustamatud lapsep\u00f5lvelelud | 22 heegeldatud m\u00e4nguasja | lilleliis","isPartOf":{"@id":"https:\/\/www.lilleliis.com\/et\/#website"},"primaryImageOfPage":{"@id":"https:\/\/www.lilleliis.com\/et\/toode\/unustamatud-lapsepolvelelud\/#primaryimage"},"image":{"@id":"https:\/\/www.lilleliis.com\/et\/toode\/unustamatud-lapsepolvelelud\/#primaryimage"},"thumbnailUrl":"https:\/\/www.lilleliis.com\/wp-content\/uploads\/2024\/09\/Unustamatud-lapsepolvelelud.webp","datePublished":"2024-10-04T07:05:44+00:00","dateModified":"2026-03-18T19:37:28+00:00","description":"Unustamatud lapsep\u00f5lvelelud - telli autogrammiga raamat otse autorilt. Lilleliisi neljas amigurumi mustrite raamat, 22 m\u00e4nguasja \u00f5petust.","breadcrumb":{"@id":"https:\/\/www.lilleliis.com\/et\/toode\/unustamatud-lapsepolvelelud\/#breadcrumb"},"inLanguage":"et","potentialAction":[{"@type":"ReadAction","target":["https:\/\/www.lilleliis.com\/et\/toode\/unustamatud-lapsepolvelelud\/"]}]},{"@type":"ImageObject","inLanguage":"et","@id":"https:\/\/www.lilleliis.com\/et\/toode\/unustamatud-lapsepolvelelud\/#primaryimage","url":"https:\/\/www.lilleliis.com\/wp-content\/uploads\/2024\/09\/Unustamatud-lapsepolvelelud.webp","contentUrl":"https:\/\/www.lilleliis.com\/wp-content\/uploads\/2024\/09\/Unustamatud-lapsepolvelelud.webp","width":591,"height":777,"caption":"Unustamatud lapsep\u00f5lvelelud heegeldamine amigurumi raamat"},{"@type":"BreadcrumbList","@id":"https:\/\/www.lilleliis.com\/et\/toode\/unustamatud-lapsepolvelelud\/#breadcrumb","itemListElement":[{"@type":"ListItem","position":1,"name":"Home","item":"https:\/\/www.lilleliis.com\/et\/"},{"@type":"ListItem","position":2,"name":"Pood","item":"https:\/\/www.lilleliis.com\/et\/shop\/"},{"@type":"ListItem","position":3,"name":"Unustamatud lapsep\u00f5lvelelud &#8211; signeeritud raamat"}]},{"@type":"WebSite","@id":"https:\/\/www.lilleliis.com\/et\/#website","url":"https:\/\/www.lilleliis.com\/et\/","name":"lilleliis","description":"Amigurumi m\u00e4nguasjad ja mustrid","potentialAction":[{"@type":"SearchAction","target":{"@type":"EntryPoint","urlTemplate":"https:\/\/www.lilleliis.com\/et\/?s={search_term_string}"},"query-input":{"@type":"PropertyValueSpecification","valueRequired":true,"valueName":"search_term_string"}}],"inLanguage":"et"}]}},"_links":{"self":[{"href":"https:\/\/www.lilleliis.com\/et\/wp-json\/wp\/v2\/product\/96089","targetHints":{"allow":["GET"]}}],"collection":[{"href":"https:\/\/www.lilleliis.com\/et\/wp-json\/wp\/v2\/product"}],"about":[{"href":"https:\/\/www.lilleliis.com\/et\/wp-json\/wp\/v2\/types\/product"}],"replies":[{"embeddable":true,"href":"https:\/\/www.lilleliis.com\/et\/wp-json\/wp\/v2\/comments?post=96089"}],"wp:featuredmedia":[{"embeddable":true,"href":"https:\/\/www.lilleliis.com\/et\/wp-json\/wp\/v2\/media\/96081"}],"wp:attachment":[{"href":"https:\/\/www.lilleliis.com\/et\/wp-json\/wp\/v2\/media?parent=96089"}],"wp:term":[{"taxonomy":"product_brand","embeddable":true,"href":"https:\/\/www.lilleliis.com\/et\/wp-json\/wp\/v2\/product_brand?post=96089"},{"taxonomy":"product_cat","embeddable":true,"href":"https:\/\/www.lilleliis.com\/et\/wp-json\/wp\/v2\/product_cat?post=96089"},{"taxonomy":"product_tag","embeddable":true,"href":"https:\/\/www.lilleliis.com\/et\/wp-json\/wp\/v2\/product_tag?post=96089"}],"curies":[{"name":"wp","href":"https:\/\/api.w.org\/{rel}","templated":true}]}}