{"id":96151,"date":"2025-07-22T12:02:49","date_gmt":"2025-07-22T09:02:49","guid":{"rendered":"https:\/\/www.lilleliis.com\/?post_type=product&#038;p=96151"},"modified":"2026-02-11T11:14:16","modified_gmt":"2026-02-11T09:14:16","slug":"suured-puidust-noobid-vedurile-6-tk","status":"publish","type":"product","link":"https:\/\/www.lilleliis.com\/et\/toode\/suured-puidust-noobid-vedurile-6-tk\/","title":{"rendered":"N\u00f6\u00f6p vedurile ratasteks &#8211; 25 mm &#8211; 6 tk"},"content":{"rendered":null,"protected":false},"excerpt":{"rendered":"<p>Komplektis on suured puidust n\u00f6\u00f6bid (6 tk), mis sobivad veduri ratastele (muster raamatust <a href=\"https:\/\/www.lilleliis.com\/et\/kasitooraamatud\/unustamatud-lapsepolvelelud\/\">&#8220;Unustamatud lapsep\u00f5lvelelud&#8221;<\/a>).<\/p>\n<div class=\"is-divider divider clearfix\" style=\"max-width:100%;\"><\/div>\n<p>N\u00f6\u00f6bi l\u00e4bim\u00f5\u00f5t: 25 mm<\/p>\n<p>Materjal: puit<\/p>\n<p>V\u00e4rv: pruun, must<\/p>\n","protected":false},"featured_media":96157,"comment_status":"open","ping_status":"closed","template":"","meta":[],"product_brand":[],"product_cat":[429,564],"product_tag":[],"class_list":{"0":"post-96151","1":"product","2":"type-product","3":"status-publish","4":"has-post-thumbnail","6":"product_cat-kasitoo-tarvikud","7":"product_cat-noobid","8":"pa_button-size-25-mm","9":"pa_color-must","10":"pa_color-pruun","11":"pa_color-tumepruun","13":"first","14":"instock","15":"taxable","16":"shipping-taxable","17":"purchasable","18":"product-type-variable"},"yoast_head":"<!-- This site is optimized with the Yoast SEO plugin v27.3 - https:\/\/yoast.com\/product\/yoast-seo-wordpress\/ -->\n<title>Suured puidust n\u00f6\u00f6bid, 25 mm, 6 tk | Veduri ratastele | lilleliis<\/title>\n<meta name=\"description\" content=\"Komplektis on suured puidust n\u00f6\u00f6bid (6 tk), mis sobivad veduri ratastele (muster raamatust &quot;Unustamatud lapsep\u00f5lvelelud&quot;).\" \/>\n<meta name=\"robots\" content=\"index, follow, max-snippet:-1, max-image-preview:large, max-video-preview:-1\" \/>\n<link rel=\"canonical\" href=\"https:\/\/www.lilleliis.com\/et\/toode\/suured-puidust-noobid-vedurile-6-tk\/\" \/>\n<meta property=\"og:locale\" content=\"et_EE\" \/>\n<meta property=\"og:type\" content=\"article\" \/>\n<meta property=\"og:title\" content=\"Suured puidust n\u00f6\u00f6bid, 25 mm, 6 tk | Veduri ratastele | lilleliis\" \/>\n<meta property=\"og:description\" content=\"Komplektis on suured puidust n\u00f6\u00f6bid (6 tk), mis sobivad veduri ratastele (muster raamatust &quot;Unustamatud lapsep\u00f5lvelelud&quot;).\" \/>\n<meta property=\"og:url\" content=\"https:\/\/www.lilleliis.com\/et\/toode\/suured-puidust-noobid-vedurile-6-tk\/\" \/>\n<meta property=\"og:site_name\" content=\"lilleliis\" \/>\n<meta property=\"article:publisher\" content=\"https:\/\/www.facebook.com\/lilleliis-283266335035799\/\" \/>\n<meta property=\"article:modified_time\" content=\"2026-02-11T09:14:16+00:00\" \/>\n<meta property=\"og:image\" content=\"https:\/\/www.lilleliis.com\/wp-content\/uploads\/2024\/09\/suur-noop-veduri-ratas3.jpg\" \/>\n\t<meta property=\"og:image:width\" content=\"1000\" \/>\n\t<meta property=\"og:image:height\" content=\"1500\" \/>\n\t<meta property=\"og:image:type\" content=\"image\/jpeg\" \/>\n<meta name=\"twitter:card\" content=\"summary_large_image\" \/>\n<meta name=\"twitter:label1\" content=\"Est. reading time\" \/>\n\t<meta name=\"twitter:data1\" content=\"1 minute\" \/>\n<script type=\"application\/ld+json\" class=\"yoast-schema-graph\">{\"@context\":\"https:\\\/\\\/schema.org\",\"@graph\":[{\"@type\":\"WebPage\",\"@id\":\"https:\\\/\\\/www.lilleliis.com\\\/et\\\/toode\\\/suured-puidust-noobid-vedurile-6-tk\\\/\",\"url\":\"https:\\\/\\\/www.lilleliis.com\\\/et\\\/toode\\\/suured-puidust-noobid-vedurile-6-tk\\\/\",\"name\":\"Suured puidust n\u00f6\u00f6bid, 25 mm, 6 tk | Veduri ratastele | lilleliis\",\"isPartOf\":{\"@id\":\"https:\\\/\\\/www.lilleliis.com\\\/et\\\/#website\"},\"primaryImageOfPage\":{\"@id\":\"https:\\\/\\\/www.lilleliis.com\\\/et\\\/toode\\\/suured-puidust-noobid-vedurile-6-tk\\\/#primaryimage\"},\"image\":{\"@id\":\"https:\\\/\\\/www.lilleliis.com\\\/et\\\/toode\\\/suured-puidust-noobid-vedurile-6-tk\\\/#primaryimage\"},\"thumbnailUrl\":\"https:\\\/\\\/www.lilleliis.com\\\/wp-content\\\/uploads\\\/2024\\\/09\\\/suur-noop-veduri-ratas3.jpg\",\"datePublished\":\"2025-07-22T09:02:49+00:00\",\"dateModified\":\"2026-02-11T09:14:16+00:00\",\"description\":\"Komplektis on suured puidust n\u00f6\u00f6bid (6 tk), mis sobivad veduri ratastele (muster raamatust \\\"Unustamatud lapsep\u00f5lvelelud\\\").\",\"breadcrumb\":{\"@id\":\"https:\\\/\\\/www.lilleliis.com\\\/et\\\/toode\\\/suured-puidust-noobid-vedurile-6-tk\\\/#breadcrumb\"},\"inLanguage\":\"et\",\"potentialAction\":[{\"@type\":\"ReadAction\",\"target\":[\"https:\\\/\\\/www.lilleliis.com\\\/et\\\/toode\\\/suured-puidust-noobid-vedurile-6-tk\\\/\"]}]},{\"@type\":\"ImageObject\",\"inLanguage\":\"et\",\"@id\":\"https:\\\/\\\/www.lilleliis.com\\\/et\\\/toode\\\/suured-puidust-noobid-vedurile-6-tk\\\/#primaryimage\",\"url\":\"https:\\\/\\\/www.lilleliis.com\\\/wp-content\\\/uploads\\\/2024\\\/09\\\/suur-noop-veduri-ratas3.jpg\",\"contentUrl\":\"https:\\\/\\\/www.lilleliis.com\\\/wp-content\\\/uploads\\\/2024\\\/09\\\/suur-noop-veduri-ratas3.jpg\",\"width\":1000,\"height\":1500,\"caption\":\"suur n\u00f6\u00f6p veduri ratas\"},{\"@type\":\"BreadcrumbList\",\"@id\":\"https:\\\/\\\/www.lilleliis.com\\\/et\\\/toode\\\/suured-puidust-noobid-vedurile-6-tk\\\/#breadcrumb\",\"itemListElement\":[{\"@type\":\"ListItem\",\"position\":1,\"name\":\"Home\",\"item\":\"https:\\\/\\\/www.lilleliis.com\\\/et\\\/\"},{\"@type\":\"ListItem\",\"position\":2,\"name\":\"Pood\",\"item\":\"https:\\\/\\\/www.lilleliis.com\\\/et\\\/shop\\\/\"},{\"@type\":\"ListItem\",\"position\":3,\"name\":\"N\u00f6\u00f6p vedurile ratasteks &#8211; 25 mm &#8211; 6 tk\"}]},{\"@type\":\"WebSite\",\"@id\":\"https:\\\/\\\/www.lilleliis.com\\\/et\\\/#website\",\"url\":\"https:\\\/\\\/www.lilleliis.com\\\/et\\\/\",\"name\":\"lilleliis\",\"description\":\"Amigurumi m\u00e4nguasjad ja mustrid\",\"potentialAction\":[{\"@type\":\"SearchAction\",\"target\":{\"@type\":\"EntryPoint\",\"urlTemplate\":\"https:\\\/\\\/www.lilleliis.com\\\/et\\\/?s={search_term_string}\"},\"query-input\":{\"@type\":\"PropertyValueSpecification\",\"valueRequired\":true,\"valueName\":\"search_term_string\"}}],\"inLanguage\":\"et\"}]}<\/script>\n<!-- \/ Yoast SEO plugin. -->","yoast_head_json":{"title":"Suured puidust n\u00f6\u00f6bid, 25 mm, 6 tk | Veduri ratastele | lilleliis","description":"Komplektis on suured puidust n\u00f6\u00f6bid (6 tk), mis sobivad veduri ratastele (muster raamatust \"Unustamatud lapsep\u00f5lvelelud\").","robots":{"index":"index","follow":"follow","max-snippet":"max-snippet:-1","max-image-preview":"max-image-preview:large","max-video-preview":"max-video-preview:-1"},"canonical":"https:\/\/www.lilleliis.com\/et\/toode\/suured-puidust-noobid-vedurile-6-tk\/","og_locale":"et_EE","og_type":"article","og_title":"Suured puidust n\u00f6\u00f6bid, 25 mm, 6 tk | Veduri ratastele | lilleliis","og_description":"Komplektis on suured puidust n\u00f6\u00f6bid (6 tk), mis sobivad veduri ratastele (muster raamatust \"Unustamatud lapsep\u00f5lvelelud\").","og_url":"https:\/\/www.lilleliis.com\/et\/toode\/suured-puidust-noobid-vedurile-6-tk\/","og_site_name":"lilleliis","article_publisher":"https:\/\/www.facebook.com\/lilleliis-283266335035799\/","article_modified_time":"2026-02-11T09:14:16+00:00","og_image":[{"width":1000,"height":1500,"url":"https:\/\/www.lilleliis.com\/wp-content\/uploads\/2024\/09\/suur-noop-veduri-ratas3.jpg","type":"image\/jpeg"}],"twitter_card":"summary_large_image","twitter_misc":{"Est. reading time":"1 minute"},"schema":{"@context":"https:\/\/schema.org","@graph":[{"@type":"WebPage","@id":"https:\/\/www.lilleliis.com\/et\/toode\/suured-puidust-noobid-vedurile-6-tk\/","url":"https:\/\/www.lilleliis.com\/et\/toode\/suured-puidust-noobid-vedurile-6-tk\/","name":"Suured puidust n\u00f6\u00f6bid, 25 mm, 6 tk | Veduri ratastele | lilleliis","isPartOf":{"@id":"https:\/\/www.lilleliis.com\/et\/#website"},"primaryImageOfPage":{"@id":"https:\/\/www.lilleliis.com\/et\/toode\/suured-puidust-noobid-vedurile-6-tk\/#primaryimage"},"image":{"@id":"https:\/\/www.lilleliis.com\/et\/toode\/suured-puidust-noobid-vedurile-6-tk\/#primaryimage"},"thumbnailUrl":"https:\/\/www.lilleliis.com\/wp-content\/uploads\/2024\/09\/suur-noop-veduri-ratas3.jpg","datePublished":"2025-07-22T09:02:49+00:00","dateModified":"2026-02-11T09:14:16+00:00","description":"Komplektis on suured puidust n\u00f6\u00f6bid (6 tk), mis sobivad veduri ratastele (muster raamatust \"Unustamatud lapsep\u00f5lvelelud\").","breadcrumb":{"@id":"https:\/\/www.lilleliis.com\/et\/toode\/suured-puidust-noobid-vedurile-6-tk\/#breadcrumb"},"inLanguage":"et","potentialAction":[{"@type":"ReadAction","target":["https:\/\/www.lilleliis.com\/et\/toode\/suured-puidust-noobid-vedurile-6-tk\/"]}]},{"@type":"ImageObject","inLanguage":"et","@id":"https:\/\/www.lilleliis.com\/et\/toode\/suured-puidust-noobid-vedurile-6-tk\/#primaryimage","url":"https:\/\/www.lilleliis.com\/wp-content\/uploads\/2024\/09\/suur-noop-veduri-ratas3.jpg","contentUrl":"https:\/\/www.lilleliis.com\/wp-content\/uploads\/2024\/09\/suur-noop-veduri-ratas3.jpg","width":1000,"height":1500,"caption":"suur n\u00f6\u00f6p veduri ratas"},{"@type":"BreadcrumbList","@id":"https:\/\/www.lilleliis.com\/et\/toode\/suured-puidust-noobid-vedurile-6-tk\/#breadcrumb","itemListElement":[{"@type":"ListItem","position":1,"name":"Home","item":"https:\/\/www.lilleliis.com\/et\/"},{"@type":"ListItem","position":2,"name":"Pood","item":"https:\/\/www.lilleliis.com\/et\/shop\/"},{"@type":"ListItem","position":3,"name":"N\u00f6\u00f6p vedurile ratasteks &#8211; 25 mm &#8211; 6 tk"}]},{"@type":"WebSite","@id":"https:\/\/www.lilleliis.com\/et\/#website","url":"https:\/\/www.lilleliis.com\/et\/","name":"lilleliis","description":"Amigurumi m\u00e4nguasjad ja mustrid","potentialAction":[{"@type":"SearchAction","target":{"@type":"EntryPoint","urlTemplate":"https:\/\/www.lilleliis.com\/et\/?s={search_term_string}"},"query-input":{"@type":"PropertyValueSpecification","valueRequired":true,"valueName":"search_term_string"}}],"inLanguage":"et"}]}},"_links":{"self":[{"href":"https:\/\/www.lilleliis.com\/et\/wp-json\/wp\/v2\/product\/96151","targetHints":{"allow":["GET"]}}],"collection":[{"href":"https:\/\/www.lilleliis.com\/et\/wp-json\/wp\/v2\/product"}],"about":[{"href":"https:\/\/www.lilleliis.com\/et\/wp-json\/wp\/v2\/types\/product"}],"replies":[{"embeddable":true,"href":"https:\/\/www.lilleliis.com\/et\/wp-json\/wp\/v2\/comments?post=96151"}],"wp:featuredmedia":[{"embeddable":true,"href":"https:\/\/www.lilleliis.com\/et\/wp-json\/wp\/v2\/media\/96157"}],"wp:attachment":[{"href":"https:\/\/www.lilleliis.com\/et\/wp-json\/wp\/v2\/media?parent=96151"}],"wp:term":[{"taxonomy":"product_brand","embeddable":true,"href":"https:\/\/www.lilleliis.com\/et\/wp-json\/wp\/v2\/product_brand?post=96151"},{"taxonomy":"product_cat","embeddable":true,"href":"https:\/\/www.lilleliis.com\/et\/wp-json\/wp\/v2\/product_cat?post=96151"},{"taxonomy":"product_tag","embeddable":true,"href":"https:\/\/www.lilleliis.com\/et\/wp-json\/wp\/v2\/product_tag?post=96151"}],"curies":[{"name":"wp","href":"https:\/\/api.w.org\/{rel}","templated":true}]}}