{"id":96274,"date":"2026-02-16T13:07:48","date_gmt":"2026-02-16T11:07:48","guid":{"rendered":"https:\/\/www.lilleliis.com\/?post_type=product&#038;p=96274"},"modified":"2026-03-18T10:45:33","modified_gmt":"2026-03-18T08:45:33","slug":"vaiksed-mustad-kasitookaarid","status":"publish","type":"product","link":"https:\/\/www.lilleliis.com\/et\/toode\/vaiksed-mustad-kasitookaarid\/","title":{"rendered":"V\u00e4ikesed mustad k\u00e4sit\u00f6\u00f6k\u00e4\u00e4rid &#8211; 8,5 cm"},"content":{"rendered":"<p>V\u00e4iksed mustad k\u00e4sit\u00f6\u00f6k\u00e4\u00e4rid on \u00fclimalt stiilsed. Mugavad k\u00e4\u00e4rid on lahutamatu osa m\u00f5nusast t\u00f6\u00f6protsessist. Need k\u00e4\u00e4rid on hea suurusega ja mugavad kasutada.<\/p>\n<h3>Lilleliis soovitab:<\/h3>\n<ul>\n<li>Olen positiivselt \u00fcllatunud v\u00e4ikeste mustade k\u00e4\u00e4ride teravusest. Lisaks sellele, et saad neid kasutada igap\u00e4evases t\u00f6\u00f6protsessis (peamiselt l\u00f5ngasabade l\u00f5ikamine), saab nendega suurep\u00e4raselt l\u00f5igata ka kangast detaile amigurumi loomadele.<\/li>\n<li>\u00dcllatavalt mugavad k\u00e4sitseda.<\/li>\n<\/ul>\n<p>NB! Stiilseid k\u00e4\u00e4re saab kasutada ka aksessuaarina ilupiltide tegemiseks sotsiaalmeedia postituste jaoks.<\/p>\n<p>Suurus: 8,9 cm<\/p>\n<p>Materjal: roostevaba teras<\/p>\n<p>V\u00e4rv: must<\/p>\n","protected":false},"excerpt":{"rendered":"<p>Stiilsed mustad vintage-stiilis k\u00e4sit\u00f6\u00f6k\u00e4\u00e4rid, mis sobivad ideaalselt igap\u00e4evaseks kasutamiseks. Mugavad ja asendamatud igale heegeldamishuvilisele.<\/p>\n","protected":false},"featured_media":96269,"comment_status":"open","ping_status":"closed","template":"","meta":[],"product_brand":[1563],"product_cat":[429,568],"product_tag":[1576,1722],"class_list":{"0":"post-96274","1":"product","2":"type-product","3":"status-publish","4":"has-post-thumbnail","6":"product_brand-rico-design","7":"product_cat-kasitoo-tarvikud","8":"product_cat-muud-tarvikud","9":"product_tag-kasitookaarid","10":"product_tag-kingitus-kasitooarmastajale","12":"first","13":"instock","14":"taxable","15":"shipping-taxable","16":"purchasable","17":"product-type-simple"},"yoast_head":"<!-- This site is optimized with the Yoast SEO plugin v27.3 - https:\/\/yoast.com\/product\/yoast-seo-wordpress\/ -->\n<title>V\u00e4ikesed mustad k\u00e4sit\u00f6\u00f6k\u00e4\u00e4rid - 8,5 cm | Erakordselt stiilsed ja mugavad | lilleliis<\/title>\n<meta name=\"description\" content=\"V\u00e4iksed mustad k\u00e4sit\u00f6\u00f6k\u00e4\u00e4rid on \u00fclimalt stiilsed. Need on hea suurusega ja mugavad kasutada. Lilleliis soovitab!\" \/>\n<meta name=\"robots\" content=\"index, follow, max-snippet:-1, max-image-preview:large, max-video-preview:-1\" \/>\n<link rel=\"canonical\" href=\"https:\/\/www.lilleliis.com\/et\/toode\/vaiksed-mustad-kasitookaarid\/\" \/>\n<meta property=\"og:locale\" content=\"et_EE\" \/>\n<meta property=\"og:type\" content=\"article\" \/>\n<meta property=\"og:title\" content=\"V\u00e4ikesed mustad k\u00e4sit\u00f6\u00f6k\u00e4\u00e4rid - 8,5 cm | Erakordselt stiilsed ja mugavad | lilleliis\" \/>\n<meta property=\"og:description\" content=\"V\u00e4iksed mustad k\u00e4sit\u00f6\u00f6k\u00e4\u00e4rid on \u00fclimalt stiilsed. Need on hea suurusega ja mugavad kasutada. Lilleliis soovitab!\" \/>\n<meta property=\"og:url\" content=\"https:\/\/www.lilleliis.com\/et\/toode\/vaiksed-mustad-kasitookaarid\/\" \/>\n<meta property=\"og:site_name\" content=\"lilleliis\" \/>\n<meta property=\"article:publisher\" content=\"https:\/\/www.facebook.com\/lilleliis-283266335035799\/\" \/>\n<meta property=\"article:modified_time\" content=\"2026-03-18T08:45:33+00:00\" \/>\n<meta property=\"og:image\" content=\"https:\/\/www.lilleliis.com\/wp-content\/uploads\/2024\/09\/vaiksed-mustad-kasitookaarid1.jpg\" \/>\n\t<meta property=\"og:image:width\" content=\"1000\" \/>\n\t<meta property=\"og:image:height\" content=\"1500\" \/>\n\t<meta property=\"og:image:type\" content=\"image\/jpeg\" \/>\n<meta name=\"twitter:card\" content=\"summary_large_image\" \/>\n<meta name=\"twitter:label1\" content=\"Est. reading time\" \/>\n\t<meta name=\"twitter:data1\" content=\"1 minute\" \/>\n<script type=\"application\/ld+json\" class=\"yoast-schema-graph\">{\"@context\":\"https:\\\/\\\/schema.org\",\"@graph\":[{\"@type\":\"WebPage\",\"@id\":\"https:\\\/\\\/www.lilleliis.com\\\/et\\\/toode\\\/vaiksed-mustad-kasitookaarid\\\/\",\"url\":\"https:\\\/\\\/www.lilleliis.com\\\/et\\\/toode\\\/vaiksed-mustad-kasitookaarid\\\/\",\"name\":\"V\u00e4ikesed mustad k\u00e4sit\u00f6\u00f6k\u00e4\u00e4rid - 8,5 cm | Erakordselt stiilsed ja mugavad | lilleliis\",\"isPartOf\":{\"@id\":\"https:\\\/\\\/www.lilleliis.com\\\/et\\\/#website\"},\"primaryImageOfPage\":{\"@id\":\"https:\\\/\\\/www.lilleliis.com\\\/et\\\/toode\\\/vaiksed-mustad-kasitookaarid\\\/#primaryimage\"},\"image\":{\"@id\":\"https:\\\/\\\/www.lilleliis.com\\\/et\\\/toode\\\/vaiksed-mustad-kasitookaarid\\\/#primaryimage\"},\"thumbnailUrl\":\"https:\\\/\\\/www.lilleliis.com\\\/wp-content\\\/uploads\\\/2024\\\/09\\\/vaiksed-mustad-kasitookaarid1.jpg\",\"datePublished\":\"2026-02-16T11:07:48+00:00\",\"dateModified\":\"2026-03-18T08:45:33+00:00\",\"description\":\"V\u00e4iksed mustad k\u00e4sit\u00f6\u00f6k\u00e4\u00e4rid on \u00fclimalt stiilsed. Need on hea suurusega ja mugavad kasutada. Lilleliis soovitab!\",\"breadcrumb\":{\"@id\":\"https:\\\/\\\/www.lilleliis.com\\\/et\\\/toode\\\/vaiksed-mustad-kasitookaarid\\\/#breadcrumb\"},\"inLanguage\":\"et\",\"potentialAction\":[{\"@type\":\"ReadAction\",\"target\":[\"https:\\\/\\\/www.lilleliis.com\\\/et\\\/toode\\\/vaiksed-mustad-kasitookaarid\\\/\"]}]},{\"@type\":\"ImageObject\",\"inLanguage\":\"et\",\"@id\":\"https:\\\/\\\/www.lilleliis.com\\\/et\\\/toode\\\/vaiksed-mustad-kasitookaarid\\\/#primaryimage\",\"url\":\"https:\\\/\\\/www.lilleliis.com\\\/wp-content\\\/uploads\\\/2024\\\/09\\\/vaiksed-mustad-kasitookaarid1.jpg\",\"contentUrl\":\"https:\\\/\\\/www.lilleliis.com\\\/wp-content\\\/uploads\\\/2024\\\/09\\\/vaiksed-mustad-kasitookaarid1.jpg\",\"width\":1000,\"height\":1500,\"caption\":\"v\u00e4iksed mustad k\u00e4sit\u00f6\u00f6k\u00e4\u00e4rid\"},{\"@type\":\"BreadcrumbList\",\"@id\":\"https:\\\/\\\/www.lilleliis.com\\\/et\\\/toode\\\/vaiksed-mustad-kasitookaarid\\\/#breadcrumb\",\"itemListElement\":[{\"@type\":\"ListItem\",\"position\":1,\"name\":\"Home\",\"item\":\"https:\\\/\\\/www.lilleliis.com\\\/et\\\/\"},{\"@type\":\"ListItem\",\"position\":2,\"name\":\"Pood\",\"item\":\"https:\\\/\\\/www.lilleliis.com\\\/et\\\/shop\\\/\"},{\"@type\":\"ListItem\",\"position\":3,\"name\":\"V\u00e4ikesed mustad k\u00e4sit\u00f6\u00f6k\u00e4\u00e4rid &#8211; 8,5 cm\"}]},{\"@type\":\"WebSite\",\"@id\":\"https:\\\/\\\/www.lilleliis.com\\\/et\\\/#website\",\"url\":\"https:\\\/\\\/www.lilleliis.com\\\/et\\\/\",\"name\":\"lilleliis\",\"description\":\"Amigurumi m\u00e4nguasjad ja mustrid\",\"potentialAction\":[{\"@type\":\"SearchAction\",\"target\":{\"@type\":\"EntryPoint\",\"urlTemplate\":\"https:\\\/\\\/www.lilleliis.com\\\/et\\\/?s={search_term_string}\"},\"query-input\":{\"@type\":\"PropertyValueSpecification\",\"valueRequired\":true,\"valueName\":\"search_term_string\"}}],\"inLanguage\":\"et\"}]}<\/script>\n<!-- \/ Yoast SEO plugin. -->","yoast_head_json":{"title":"V\u00e4ikesed mustad k\u00e4sit\u00f6\u00f6k\u00e4\u00e4rid - 8,5 cm | Erakordselt stiilsed ja mugavad | lilleliis","description":"V\u00e4iksed mustad k\u00e4sit\u00f6\u00f6k\u00e4\u00e4rid on \u00fclimalt stiilsed. Need on hea suurusega ja mugavad kasutada. Lilleliis soovitab!","robots":{"index":"index","follow":"follow","max-snippet":"max-snippet:-1","max-image-preview":"max-image-preview:large","max-video-preview":"max-video-preview:-1"},"canonical":"https:\/\/www.lilleliis.com\/et\/toode\/vaiksed-mustad-kasitookaarid\/","og_locale":"et_EE","og_type":"article","og_title":"V\u00e4ikesed mustad k\u00e4sit\u00f6\u00f6k\u00e4\u00e4rid - 8,5 cm | Erakordselt stiilsed ja mugavad | lilleliis","og_description":"V\u00e4iksed mustad k\u00e4sit\u00f6\u00f6k\u00e4\u00e4rid on \u00fclimalt stiilsed. Need on hea suurusega ja mugavad kasutada. Lilleliis soovitab!","og_url":"https:\/\/www.lilleliis.com\/et\/toode\/vaiksed-mustad-kasitookaarid\/","og_site_name":"lilleliis","article_publisher":"https:\/\/www.facebook.com\/lilleliis-283266335035799\/","article_modified_time":"2026-03-18T08:45:33+00:00","og_image":[{"width":1000,"height":1500,"url":"https:\/\/www.lilleliis.com\/wp-content\/uploads\/2024\/09\/vaiksed-mustad-kasitookaarid1.jpg","type":"image\/jpeg"}],"twitter_card":"summary_large_image","twitter_misc":{"Est. reading time":"1 minute"},"schema":{"@context":"https:\/\/schema.org","@graph":[{"@type":"WebPage","@id":"https:\/\/www.lilleliis.com\/et\/toode\/vaiksed-mustad-kasitookaarid\/","url":"https:\/\/www.lilleliis.com\/et\/toode\/vaiksed-mustad-kasitookaarid\/","name":"V\u00e4ikesed mustad k\u00e4sit\u00f6\u00f6k\u00e4\u00e4rid - 8,5 cm | Erakordselt stiilsed ja mugavad | lilleliis","isPartOf":{"@id":"https:\/\/www.lilleliis.com\/et\/#website"},"primaryImageOfPage":{"@id":"https:\/\/www.lilleliis.com\/et\/toode\/vaiksed-mustad-kasitookaarid\/#primaryimage"},"image":{"@id":"https:\/\/www.lilleliis.com\/et\/toode\/vaiksed-mustad-kasitookaarid\/#primaryimage"},"thumbnailUrl":"https:\/\/www.lilleliis.com\/wp-content\/uploads\/2024\/09\/vaiksed-mustad-kasitookaarid1.jpg","datePublished":"2026-02-16T11:07:48+00:00","dateModified":"2026-03-18T08:45:33+00:00","description":"V\u00e4iksed mustad k\u00e4sit\u00f6\u00f6k\u00e4\u00e4rid on \u00fclimalt stiilsed. Need on hea suurusega ja mugavad kasutada. Lilleliis soovitab!","breadcrumb":{"@id":"https:\/\/www.lilleliis.com\/et\/toode\/vaiksed-mustad-kasitookaarid\/#breadcrumb"},"inLanguage":"et","potentialAction":[{"@type":"ReadAction","target":["https:\/\/www.lilleliis.com\/et\/toode\/vaiksed-mustad-kasitookaarid\/"]}]},{"@type":"ImageObject","inLanguage":"et","@id":"https:\/\/www.lilleliis.com\/et\/toode\/vaiksed-mustad-kasitookaarid\/#primaryimage","url":"https:\/\/www.lilleliis.com\/wp-content\/uploads\/2024\/09\/vaiksed-mustad-kasitookaarid1.jpg","contentUrl":"https:\/\/www.lilleliis.com\/wp-content\/uploads\/2024\/09\/vaiksed-mustad-kasitookaarid1.jpg","width":1000,"height":1500,"caption":"v\u00e4iksed mustad k\u00e4sit\u00f6\u00f6k\u00e4\u00e4rid"},{"@type":"BreadcrumbList","@id":"https:\/\/www.lilleliis.com\/et\/toode\/vaiksed-mustad-kasitookaarid\/#breadcrumb","itemListElement":[{"@type":"ListItem","position":1,"name":"Home","item":"https:\/\/www.lilleliis.com\/et\/"},{"@type":"ListItem","position":2,"name":"Pood","item":"https:\/\/www.lilleliis.com\/et\/shop\/"},{"@type":"ListItem","position":3,"name":"V\u00e4ikesed mustad k\u00e4sit\u00f6\u00f6k\u00e4\u00e4rid &#8211; 8,5 cm"}]},{"@type":"WebSite","@id":"https:\/\/www.lilleliis.com\/et\/#website","url":"https:\/\/www.lilleliis.com\/et\/","name":"lilleliis","description":"Amigurumi m\u00e4nguasjad ja mustrid","potentialAction":[{"@type":"SearchAction","target":{"@type":"EntryPoint","urlTemplate":"https:\/\/www.lilleliis.com\/et\/?s={search_term_string}"},"query-input":{"@type":"PropertyValueSpecification","valueRequired":true,"valueName":"search_term_string"}}],"inLanguage":"et"}]}},"_links":{"self":[{"href":"https:\/\/www.lilleliis.com\/et\/wp-json\/wp\/v2\/product\/96274","targetHints":{"allow":["GET"]}}],"collection":[{"href":"https:\/\/www.lilleliis.com\/et\/wp-json\/wp\/v2\/product"}],"about":[{"href":"https:\/\/www.lilleliis.com\/et\/wp-json\/wp\/v2\/types\/product"}],"replies":[{"embeddable":true,"href":"https:\/\/www.lilleliis.com\/et\/wp-json\/wp\/v2\/comments?post=96274"}],"wp:featuredmedia":[{"embeddable":true,"href":"https:\/\/www.lilleliis.com\/et\/wp-json\/wp\/v2\/media\/96269"}],"wp:attachment":[{"href":"https:\/\/www.lilleliis.com\/et\/wp-json\/wp\/v2\/media?parent=96274"}],"wp:term":[{"taxonomy":"product_brand","embeddable":true,"href":"https:\/\/www.lilleliis.com\/et\/wp-json\/wp\/v2\/product_brand?post=96274"},{"taxonomy":"product_cat","embeddable":true,"href":"https:\/\/www.lilleliis.com\/et\/wp-json\/wp\/v2\/product_cat?post=96274"},{"taxonomy":"product_tag","embeddable":true,"href":"https:\/\/www.lilleliis.com\/et\/wp-json\/wp\/v2\/product_tag?post=96274"}],"curies":[{"name":"wp","href":"https:\/\/api.w.org\/{rel}","templated":true}]}}