{"id":96413,"date":"2026-02-08T21:51:27","date_gmt":"2026-02-08T19:51:27","guid":{"rendered":"https:\/\/www.lilleliis.com\/?post_type=product&#038;p=96413"},"modified":"2024-09-23T16:54:47","modified_gmt":"2024-09-23T13:54:47","slug":"villane-hiirepoiss-traksipukstes","status":"publish","type":"product","link":"https:\/\/www.lilleliis.com\/et\/toode\/villane-hiirepoiss-traksipukstes\/","title":{"rendered":"Villane hiirepoiss traksip\u00fckstes"},"content":{"rendered":null,"protected":false},"excerpt":{"rendered":"<p>Villane hiirepoiss traksip\u00fckstes kuulub minu viimase aja loomingu hulka, milles olen inspiratsiooni ammutanud Skandinaaviap\u00e4rasest stiilist. Hiirel on vahva lame kuju. Poisi versioonil on seljas triibuline pluus ja jalas n\u00f6\u00f6pidega kaunistatud traksip\u00fcksid.<\/p>\n<p>Autorit\u00f6\u00f6. Disainitud ja k\u00e4sitsi valmistatud meie oma v\u00e4ikeses Eestis.<\/p>\n<div class=\"is-divider divider clearfix\" style=\"max-width:100%;\"><\/div>\n<p>Materjal:<\/p>\n<ul>\n<li>l\u00f5ng &#8211; 65% vill, 35% alpakavill<\/li>\n<li>pol\u00fcester kerakiud t\u00e4idis<\/li>\n<li>turvasilmad<\/li>\n<li>puust n\u00f6\u00f6bid<\/li>\n<\/ul>\n<p>V\u00e4rv: hall, kollane<\/p>\n<p>Pikkus: 26 sentimeetrit<\/p>\n<div class=\"is-divider divider clearfix\" style=\"max-width:100%;\"><\/div>\n<p>M\u00e4nguasjal on kasutatud pisidetaile (turvasilmad, n\u00f6\u00f6bid). Ole ettevaatlik, kui annad seda m\u00e4ngimiseks v\u00e4ga v\u00e4ikesele lapsele.<\/p>\n","protected":false},"featured_media":96415,"comment_status":"open","ping_status":"closed","template":"","meta":[],"product_brand":[],"product_cat":[155],"product_tag":[172,379],"class_list":{"0":"post-96413","1":"product","2":"type-product","3":"status-publish","4":"has-post-thumbnail","6":"product_cat-heegeldatud-manguasjad","7":"product_tag-poistele","8":"product_tag-villased-manguasjad","10":"first","11":"instock","12":"sold-individually","13":"taxable","14":"shipping-taxable","15":"purchasable","16":"product-type-simple"},"yoast_head":"<!-- This site is optimized with the Yoast SEO plugin v27.3 - https:\/\/yoast.com\/product\/yoast-seo-wordpress\/ -->\n<title>Villane hiirepoiss traksip\u00fckstes | Heegeldatud m\u00e4nguasjad | lilleliis<\/title>\n<meta name=\"description\" content=\"Villane hiirepoiss on heegeldatud Skandinaaviap\u00e4rases stiilis. Hiirel on vahva lame kuju, seljas triibuline pluus ja jalas traksip\u00fcksid.\" \/>\n<meta name=\"robots\" content=\"index, follow, max-snippet:-1, max-image-preview:large, max-video-preview:-1\" \/>\n<link rel=\"canonical\" href=\"https:\/\/www.lilleliis.com\/et\/toode\/villane-hiirepoiss-traksipukstes\/\" \/>\n<meta property=\"og:locale\" content=\"et_EE\" \/>\n<meta property=\"og:type\" content=\"article\" \/>\n<meta property=\"og:title\" content=\"Villane hiirepoiss traksip\u00fckstes | Heegeldatud m\u00e4nguasjad | lilleliis\" \/>\n<meta property=\"og:description\" content=\"Villane hiirepoiss on heegeldatud Skandinaaviap\u00e4rases stiilis. Hiirel on vahva lame kuju, seljas triibuline pluus ja jalas traksip\u00fcksid.\" \/>\n<meta property=\"og:url\" content=\"https:\/\/www.lilleliis.com\/et\/toode\/villane-hiirepoiss-traksipukstes\/\" \/>\n<meta property=\"og:site_name\" content=\"lilleliis\" \/>\n<meta property=\"article:publisher\" content=\"https:\/\/www.facebook.com\/lilleliis-283266335035799\/\" \/>\n<meta property=\"og:image\" content=\"https:\/\/www.lilleliis.com\/wp-content\/uploads\/2024\/09\/woolen-mouse-in-overalls1.jpg\" \/>\n\t<meta property=\"og:image:width\" content=\"1000\" \/>\n\t<meta property=\"og:image:height\" content=\"1500\" \/>\n\t<meta property=\"og:image:type\" content=\"image\/jpeg\" \/>\n<meta name=\"twitter:card\" content=\"summary_large_image\" \/>\n<script type=\"application\/ld+json\" class=\"yoast-schema-graph\">{\"@context\":\"https:\\\/\\\/schema.org\",\"@graph\":[{\"@type\":\"WebPage\",\"@id\":\"https:\\\/\\\/www.lilleliis.com\\\/et\\\/toode\\\/villane-hiirepoiss-traksipukstes\\\/\",\"url\":\"https:\\\/\\\/www.lilleliis.com\\\/et\\\/toode\\\/villane-hiirepoiss-traksipukstes\\\/\",\"name\":\"Villane hiirepoiss traksip\u00fckstes | Heegeldatud m\u00e4nguasjad | lilleliis\",\"isPartOf\":{\"@id\":\"https:\\\/\\\/www.lilleliis.com\\\/et\\\/#website\"},\"primaryImageOfPage\":{\"@id\":\"https:\\\/\\\/www.lilleliis.com\\\/et\\\/toode\\\/villane-hiirepoiss-traksipukstes\\\/#primaryimage\"},\"image\":{\"@id\":\"https:\\\/\\\/www.lilleliis.com\\\/et\\\/toode\\\/villane-hiirepoiss-traksipukstes\\\/#primaryimage\"},\"thumbnailUrl\":\"https:\\\/\\\/www.lilleliis.com\\\/wp-content\\\/uploads\\\/2024\\\/09\\\/woolen-mouse-in-overalls1.jpg\",\"datePublished\":\"2026-02-08T19:51:27+00:00\",\"description\":\"Villane hiirepoiss on heegeldatud Skandinaaviap\u00e4rases stiilis. Hiirel on vahva lame kuju, seljas triibuline pluus ja jalas traksip\u00fcksid.\",\"breadcrumb\":{\"@id\":\"https:\\\/\\\/www.lilleliis.com\\\/et\\\/toode\\\/villane-hiirepoiss-traksipukstes\\\/#breadcrumb\"},\"inLanguage\":\"et\",\"potentialAction\":[{\"@type\":\"ReadAction\",\"target\":[\"https:\\\/\\\/www.lilleliis.com\\\/et\\\/toode\\\/villane-hiirepoiss-traksipukstes\\\/\"]}]},{\"@type\":\"ImageObject\",\"inLanguage\":\"et\",\"@id\":\"https:\\\/\\\/www.lilleliis.com\\\/et\\\/toode\\\/villane-hiirepoiss-traksipukstes\\\/#primaryimage\",\"url\":\"https:\\\/\\\/www.lilleliis.com\\\/wp-content\\\/uploads\\\/2024\\\/09\\\/woolen-mouse-in-overalls1.jpg\",\"contentUrl\":\"https:\\\/\\\/www.lilleliis.com\\\/wp-content\\\/uploads\\\/2024\\\/09\\\/woolen-mouse-in-overalls1.jpg\",\"width\":1000,\"height\":1500,\"caption\":\"Villane hiirepoiss traksip\u00fckstes\"},{\"@type\":\"BreadcrumbList\",\"@id\":\"https:\\\/\\\/www.lilleliis.com\\\/et\\\/toode\\\/villane-hiirepoiss-traksipukstes\\\/#breadcrumb\",\"itemListElement\":[{\"@type\":\"ListItem\",\"position\":1,\"name\":\"Home\",\"item\":\"https:\\\/\\\/www.lilleliis.com\\\/et\\\/\"},{\"@type\":\"ListItem\",\"position\":2,\"name\":\"Pood\",\"item\":\"https:\\\/\\\/www.lilleliis.com\\\/et\\\/shop\\\/\"},{\"@type\":\"ListItem\",\"position\":3,\"name\":\"Villane hiirepoiss traksip\u00fckstes\"}]},{\"@type\":\"WebSite\",\"@id\":\"https:\\\/\\\/www.lilleliis.com\\\/et\\\/#website\",\"url\":\"https:\\\/\\\/www.lilleliis.com\\\/et\\\/\",\"name\":\"lilleliis\",\"description\":\"Amigurumi m\u00e4nguasjad ja mustrid\",\"potentialAction\":[{\"@type\":\"SearchAction\",\"target\":{\"@type\":\"EntryPoint\",\"urlTemplate\":\"https:\\\/\\\/www.lilleliis.com\\\/et\\\/?s={search_term_string}\"},\"query-input\":{\"@type\":\"PropertyValueSpecification\",\"valueRequired\":true,\"valueName\":\"search_term_string\"}}],\"inLanguage\":\"et\"}]}<\/script>\n<!-- \/ Yoast SEO plugin. -->","yoast_head_json":{"title":"Villane hiirepoiss traksip\u00fckstes | Heegeldatud m\u00e4nguasjad | lilleliis","description":"Villane hiirepoiss on heegeldatud Skandinaaviap\u00e4rases stiilis. Hiirel on vahva lame kuju, seljas triibuline pluus ja jalas traksip\u00fcksid.","robots":{"index":"index","follow":"follow","max-snippet":"max-snippet:-1","max-image-preview":"max-image-preview:large","max-video-preview":"max-video-preview:-1"},"canonical":"https:\/\/www.lilleliis.com\/et\/toode\/villane-hiirepoiss-traksipukstes\/","og_locale":"et_EE","og_type":"article","og_title":"Villane hiirepoiss traksip\u00fckstes | Heegeldatud m\u00e4nguasjad | lilleliis","og_description":"Villane hiirepoiss on heegeldatud Skandinaaviap\u00e4rases stiilis. Hiirel on vahva lame kuju, seljas triibuline pluus ja jalas traksip\u00fcksid.","og_url":"https:\/\/www.lilleliis.com\/et\/toode\/villane-hiirepoiss-traksipukstes\/","og_site_name":"lilleliis","article_publisher":"https:\/\/www.facebook.com\/lilleliis-283266335035799\/","og_image":[{"width":1000,"height":1500,"url":"https:\/\/www.lilleliis.com\/wp-content\/uploads\/2024\/09\/woolen-mouse-in-overalls1.jpg","type":"image\/jpeg"}],"twitter_card":"summary_large_image","schema":{"@context":"https:\/\/schema.org","@graph":[{"@type":"WebPage","@id":"https:\/\/www.lilleliis.com\/et\/toode\/villane-hiirepoiss-traksipukstes\/","url":"https:\/\/www.lilleliis.com\/et\/toode\/villane-hiirepoiss-traksipukstes\/","name":"Villane hiirepoiss traksip\u00fckstes | Heegeldatud m\u00e4nguasjad | lilleliis","isPartOf":{"@id":"https:\/\/www.lilleliis.com\/et\/#website"},"primaryImageOfPage":{"@id":"https:\/\/www.lilleliis.com\/et\/toode\/villane-hiirepoiss-traksipukstes\/#primaryimage"},"image":{"@id":"https:\/\/www.lilleliis.com\/et\/toode\/villane-hiirepoiss-traksipukstes\/#primaryimage"},"thumbnailUrl":"https:\/\/www.lilleliis.com\/wp-content\/uploads\/2024\/09\/woolen-mouse-in-overalls1.jpg","datePublished":"2026-02-08T19:51:27+00:00","description":"Villane hiirepoiss on heegeldatud Skandinaaviap\u00e4rases stiilis. Hiirel on vahva lame kuju, seljas triibuline pluus ja jalas traksip\u00fcksid.","breadcrumb":{"@id":"https:\/\/www.lilleliis.com\/et\/toode\/villane-hiirepoiss-traksipukstes\/#breadcrumb"},"inLanguage":"et","potentialAction":[{"@type":"ReadAction","target":["https:\/\/www.lilleliis.com\/et\/toode\/villane-hiirepoiss-traksipukstes\/"]}]},{"@type":"ImageObject","inLanguage":"et","@id":"https:\/\/www.lilleliis.com\/et\/toode\/villane-hiirepoiss-traksipukstes\/#primaryimage","url":"https:\/\/www.lilleliis.com\/wp-content\/uploads\/2024\/09\/woolen-mouse-in-overalls1.jpg","contentUrl":"https:\/\/www.lilleliis.com\/wp-content\/uploads\/2024\/09\/woolen-mouse-in-overalls1.jpg","width":1000,"height":1500,"caption":"Villane hiirepoiss traksip\u00fckstes"},{"@type":"BreadcrumbList","@id":"https:\/\/www.lilleliis.com\/et\/toode\/villane-hiirepoiss-traksipukstes\/#breadcrumb","itemListElement":[{"@type":"ListItem","position":1,"name":"Home","item":"https:\/\/www.lilleliis.com\/et\/"},{"@type":"ListItem","position":2,"name":"Pood","item":"https:\/\/www.lilleliis.com\/et\/shop\/"},{"@type":"ListItem","position":3,"name":"Villane hiirepoiss traksip\u00fckstes"}]},{"@type":"WebSite","@id":"https:\/\/www.lilleliis.com\/et\/#website","url":"https:\/\/www.lilleliis.com\/et\/","name":"lilleliis","description":"Amigurumi m\u00e4nguasjad ja mustrid","potentialAction":[{"@type":"SearchAction","target":{"@type":"EntryPoint","urlTemplate":"https:\/\/www.lilleliis.com\/et\/?s={search_term_string}"},"query-input":{"@type":"PropertyValueSpecification","valueRequired":true,"valueName":"search_term_string"}}],"inLanguage":"et"}]}},"_links":{"self":[{"href":"https:\/\/www.lilleliis.com\/et\/wp-json\/wp\/v2\/product\/96413","targetHints":{"allow":["GET"]}}],"collection":[{"href":"https:\/\/www.lilleliis.com\/et\/wp-json\/wp\/v2\/product"}],"about":[{"href":"https:\/\/www.lilleliis.com\/et\/wp-json\/wp\/v2\/types\/product"}],"replies":[{"embeddable":true,"href":"https:\/\/www.lilleliis.com\/et\/wp-json\/wp\/v2\/comments?post=96413"}],"wp:featuredmedia":[{"embeddable":true,"href":"https:\/\/www.lilleliis.com\/et\/wp-json\/wp\/v2\/media\/96415"}],"wp:attachment":[{"href":"https:\/\/www.lilleliis.com\/et\/wp-json\/wp\/v2\/media?parent=96413"}],"wp:term":[{"taxonomy":"product_brand","embeddable":true,"href":"https:\/\/www.lilleliis.com\/et\/wp-json\/wp\/v2\/product_brand?post=96413"},{"taxonomy":"product_cat","embeddable":true,"href":"https:\/\/www.lilleliis.com\/et\/wp-json\/wp\/v2\/product_cat?post=96413"},{"taxonomy":"product_tag","embeddable":true,"href":"https:\/\/www.lilleliis.com\/et\/wp-json\/wp\/v2\/product_tag?post=96413"}],"curies":[{"name":"wp","href":"https:\/\/api.w.org\/{rel}","templated":true}]}}