{"id":96454,"date":"2024-09-25T14:21:55","date_gmt":"2024-09-25T11:21:55","guid":{"rendered":"https:\/\/www.lilleliis.com\/?post_type=product&#038;p=96454"},"modified":"2024-09-25T14:39:57","modified_gmt":"2024-09-25T11:39:57","slug":"heegeldatud-nukk-mantli-ja-mutsiga-2","status":"publish","type":"product","link":"https:\/\/www.lilleliis.com\/et\/toode\/heegeldatud-nukk-mantli-ja-mutsiga-2\/","title":{"rendered":"Heegeldatud nukk mantli ja m\u00fctsiga"},"content":{"rendered":null,"protected":false},"excerpt":{"rendered":"<p>Heegeldatud nukk mantli ja m\u00fctsiga on t\u00f5eliselt ainulaadne kingitus v\u00e4ikesele t\u00fcdrukule. Ta on t\u00e4ielikult riietatud, ainult salli saab eemaldada.<\/p>\n<p>Tema armsal mantlil on taskud, krae ja kaunistuseks pisikesed n\u00f6\u00f6bid (mis kahjuks on k\u00f5ige pisematele ohtlikud, seega palun j\u00e4lgi, kui laps m\u00e4ngib). Tal on imearmas k\u00e4sitsi tikitud tukk, patsid ja Punam\u00fctsikese t\u00fc\u00fcpi m\u00fctsike.<\/p>\n<p>Jalas on tal mitte ainult saapakesed vaid ka s\u00e4\u00e4resoojendajad, mis on heegeldatud puhtast ja m\u00f5nusalt karvasest alpakal\u00f5ngast.<\/p>\n<p>See t\u00fcdruk on \u00fcleni stiilne ja imetlemist v\u00e4\u00e4rt. Loodetavasti armud temasse j\u00e4\u00e4gitult!<\/p>\n<p>Autorit\u00f6\u00f6. Disainitud ja k\u00e4sitsi valmistatud meie oma v\u00e4ikeses Eestis.<\/p>\n<div class=\"is-divider divider clearfix\" style=\"max-width:100%;\"><\/div>\n<p>Materjal:<\/p>\n<ul>\n<li>nukk on suures osas 100% puuvillasest l\u00f5ngast<\/li>\n<li>juuksed l\u00f5ngast, mille koostises on akr\u00fc\u00fcl ja vill<\/li>\n<li>s\u00e4\u00e4resoojendajad puhtast alpakast, sall peamiselt villa sisaldavast l\u00f5ngast<\/li>\n<li>pol\u00fcester kerakiud t\u00e4idis<\/li>\n<li>turvasilmad<\/li>\n<li>n\u00f6\u00f6bid<\/li>\n<li>vilt<\/li>\n<\/ul>\n<p>V\u00e4rv: roheline, pruun, saviroosa, hall<\/p>\n<p>Pikkus: 30 sentimeetrit<\/p>\n<div class=\"is-divider divider clearfix\" style=\"max-width:100%;\"><\/div>\n<p>M\u00e4nguasjal on l\u00f5ngast juuksed ja kasutatud on pisidetaile (turvasilmad, n\u00f6\u00f6bid). Ole ettevaatlik, kui annad seda m\u00e4ngimiseks v\u00e4ga v\u00e4ikesele lapsele.<\/p>\n","protected":false},"featured_media":96480,"comment_status":"open","ping_status":"closed","template":"","meta":[],"product_brand":[],"product_cat":[155],"product_tag":[122],"class_list":{"0":"post-96454","1":"product","2":"type-product","3":"status-publish","4":"has-post-thumbnail","6":"product_cat-heegeldatud-manguasjad","7":"product_tag-tudrukutele","9":"first","10":"outofstock","11":"sold-individually","12":"taxable","13":"shipping-taxable","14":"purchasable","15":"product-type-simple"},"yoast_head":"<!-- This site is optimized with the Yoast SEO plugin v27.3 - https:\/\/yoast.com\/product\/yoast-seo-wordpress\/ -->\n<title>Heegeldatud nukk mantli ja m\u00fctsiga | K\u00e4sitsi tehtud nukk | lilleliis<\/title>\n<meta name=\"description\" content=\"Heegeldatud nukk mantli ja m\u00fctsiga, kellel on imearmas k\u00e4sitsi tikitud tukk, patsid ja Punam\u00fctsikese t\u00fc\u00fcpi m\u00fctsike. K\u00e4sit\u00f6\u00f6.\" \/>\n<meta name=\"robots\" content=\"index, follow, max-snippet:-1, max-image-preview:large, max-video-preview:-1\" \/>\n<link rel=\"canonical\" href=\"https:\/\/www.lilleliis.com\/et\/toode\/heegeldatud-nukk-mantli-ja-mutsiga-2\/\" \/>\n<meta property=\"og:locale\" content=\"et_EE\" \/>\n<meta property=\"og:type\" content=\"article\" \/>\n<meta property=\"og:title\" content=\"Heegeldatud nukk mantli ja m\u00fctsiga | K\u00e4sitsi tehtud nukk | lilleliis\" \/>\n<meta property=\"og:description\" content=\"Heegeldatud nukk mantli ja m\u00fctsiga, kellel on imearmas k\u00e4sitsi tikitud tukk, patsid ja Punam\u00fctsikese t\u00fc\u00fcpi m\u00fctsike. K\u00e4sit\u00f6\u00f6.\" \/>\n<meta property=\"og:url\" content=\"https:\/\/www.lilleliis.com\/et\/toode\/heegeldatud-nukk-mantli-ja-mutsiga-2\/\" \/>\n<meta property=\"og:site_name\" content=\"lilleliis\" \/>\n<meta property=\"article:publisher\" content=\"https:\/\/www.facebook.com\/lilleliis-283266335035799\/\" \/>\n<meta property=\"article:modified_time\" content=\"2024-09-25T11:39:57+00:00\" \/>\n<meta property=\"og:image\" content=\"https:\/\/www.lilleliis.com\/wp-content\/uploads\/2024\/09\/Crochet-doll-in-a-coat-and-bonnet13.jpg\" \/>\n\t<meta property=\"og:image:width\" content=\"1000\" \/>\n\t<meta property=\"og:image:height\" content=\"1500\" \/>\n\t<meta property=\"og:image:type\" content=\"image\/jpeg\" \/>\n<meta name=\"twitter:card\" content=\"summary_large_image\" \/>\n<script type=\"application\/ld+json\" class=\"yoast-schema-graph\">{\"@context\":\"https:\\\/\\\/schema.org\",\"@graph\":[{\"@type\":\"WebPage\",\"@id\":\"https:\\\/\\\/www.lilleliis.com\\\/et\\\/toode\\\/heegeldatud-nukk-mantli-ja-mutsiga-2\\\/\",\"url\":\"https:\\\/\\\/www.lilleliis.com\\\/et\\\/toode\\\/heegeldatud-nukk-mantli-ja-mutsiga-2\\\/\",\"name\":\"Heegeldatud nukk mantli ja m\u00fctsiga | K\u00e4sitsi tehtud nukk | lilleliis\",\"isPartOf\":{\"@id\":\"https:\\\/\\\/www.lilleliis.com\\\/et\\\/#website\"},\"primaryImageOfPage\":{\"@id\":\"https:\\\/\\\/www.lilleliis.com\\\/et\\\/toode\\\/heegeldatud-nukk-mantli-ja-mutsiga-2\\\/#primaryimage\"},\"image\":{\"@id\":\"https:\\\/\\\/www.lilleliis.com\\\/et\\\/toode\\\/heegeldatud-nukk-mantli-ja-mutsiga-2\\\/#primaryimage\"},\"thumbnailUrl\":\"https:\\\/\\\/www.lilleliis.com\\\/wp-content\\\/uploads\\\/2024\\\/09\\\/Crochet-doll-in-a-coat-and-bonnet13.jpg\",\"datePublished\":\"2024-09-25T11:21:55+00:00\",\"dateModified\":\"2024-09-25T11:39:57+00:00\",\"description\":\"Heegeldatud nukk mantli ja m\u00fctsiga, kellel on imearmas k\u00e4sitsi tikitud tukk, patsid ja Punam\u00fctsikese t\u00fc\u00fcpi m\u00fctsike. K\u00e4sit\u00f6\u00f6.\",\"breadcrumb\":{\"@id\":\"https:\\\/\\\/www.lilleliis.com\\\/et\\\/toode\\\/heegeldatud-nukk-mantli-ja-mutsiga-2\\\/#breadcrumb\"},\"inLanguage\":\"et\",\"potentialAction\":[{\"@type\":\"ReadAction\",\"target\":[\"https:\\\/\\\/www.lilleliis.com\\\/et\\\/toode\\\/heegeldatud-nukk-mantli-ja-mutsiga-2\\\/\"]}]},{\"@type\":\"ImageObject\",\"inLanguage\":\"et\",\"@id\":\"https:\\\/\\\/www.lilleliis.com\\\/et\\\/toode\\\/heegeldatud-nukk-mantli-ja-mutsiga-2\\\/#primaryimage\",\"url\":\"https:\\\/\\\/www.lilleliis.com\\\/wp-content\\\/uploads\\\/2024\\\/09\\\/Crochet-doll-in-a-coat-and-bonnet13.jpg\",\"contentUrl\":\"https:\\\/\\\/www.lilleliis.com\\\/wp-content\\\/uploads\\\/2024\\\/09\\\/Crochet-doll-in-a-coat-and-bonnet13.jpg\",\"width\":1000,\"height\":1500,\"caption\":\"Heegeldatud nukk mantli ja m\u00fctsiga\"},{\"@type\":\"BreadcrumbList\",\"@id\":\"https:\\\/\\\/www.lilleliis.com\\\/et\\\/toode\\\/heegeldatud-nukk-mantli-ja-mutsiga-2\\\/#breadcrumb\",\"itemListElement\":[{\"@type\":\"ListItem\",\"position\":1,\"name\":\"Home\",\"item\":\"https:\\\/\\\/www.lilleliis.com\\\/et\\\/\"},{\"@type\":\"ListItem\",\"position\":2,\"name\":\"Pood\",\"item\":\"https:\\\/\\\/www.lilleliis.com\\\/et\\\/shop\\\/\"},{\"@type\":\"ListItem\",\"position\":3,\"name\":\"Heegeldatud nukk mantli ja m\u00fctsiga\"}]},{\"@type\":\"WebSite\",\"@id\":\"https:\\\/\\\/www.lilleliis.com\\\/et\\\/#website\",\"url\":\"https:\\\/\\\/www.lilleliis.com\\\/et\\\/\",\"name\":\"lilleliis\",\"description\":\"Amigurumi m\u00e4nguasjad ja mustrid\",\"potentialAction\":[{\"@type\":\"SearchAction\",\"target\":{\"@type\":\"EntryPoint\",\"urlTemplate\":\"https:\\\/\\\/www.lilleliis.com\\\/et\\\/?s={search_term_string}\"},\"query-input\":{\"@type\":\"PropertyValueSpecification\",\"valueRequired\":true,\"valueName\":\"search_term_string\"}}],\"inLanguage\":\"et\"}]}<\/script>\n<!-- \/ Yoast SEO plugin. -->","yoast_head_json":{"title":"Heegeldatud nukk mantli ja m\u00fctsiga | K\u00e4sitsi tehtud nukk | lilleliis","description":"Heegeldatud nukk mantli ja m\u00fctsiga, kellel on imearmas k\u00e4sitsi tikitud tukk, patsid ja Punam\u00fctsikese t\u00fc\u00fcpi m\u00fctsike. K\u00e4sit\u00f6\u00f6.","robots":{"index":"index","follow":"follow","max-snippet":"max-snippet:-1","max-image-preview":"max-image-preview:large","max-video-preview":"max-video-preview:-1"},"canonical":"https:\/\/www.lilleliis.com\/et\/toode\/heegeldatud-nukk-mantli-ja-mutsiga-2\/","og_locale":"et_EE","og_type":"article","og_title":"Heegeldatud nukk mantli ja m\u00fctsiga | K\u00e4sitsi tehtud nukk | lilleliis","og_description":"Heegeldatud nukk mantli ja m\u00fctsiga, kellel on imearmas k\u00e4sitsi tikitud tukk, patsid ja Punam\u00fctsikese t\u00fc\u00fcpi m\u00fctsike. K\u00e4sit\u00f6\u00f6.","og_url":"https:\/\/www.lilleliis.com\/et\/toode\/heegeldatud-nukk-mantli-ja-mutsiga-2\/","og_site_name":"lilleliis","article_publisher":"https:\/\/www.facebook.com\/lilleliis-283266335035799\/","article_modified_time":"2024-09-25T11:39:57+00:00","og_image":[{"width":1000,"height":1500,"url":"https:\/\/www.lilleliis.com\/wp-content\/uploads\/2024\/09\/Crochet-doll-in-a-coat-and-bonnet13.jpg","type":"image\/jpeg"}],"twitter_card":"summary_large_image","schema":{"@context":"https:\/\/schema.org","@graph":[{"@type":"WebPage","@id":"https:\/\/www.lilleliis.com\/et\/toode\/heegeldatud-nukk-mantli-ja-mutsiga-2\/","url":"https:\/\/www.lilleliis.com\/et\/toode\/heegeldatud-nukk-mantli-ja-mutsiga-2\/","name":"Heegeldatud nukk mantli ja m\u00fctsiga | K\u00e4sitsi tehtud nukk | lilleliis","isPartOf":{"@id":"https:\/\/www.lilleliis.com\/et\/#website"},"primaryImageOfPage":{"@id":"https:\/\/www.lilleliis.com\/et\/toode\/heegeldatud-nukk-mantli-ja-mutsiga-2\/#primaryimage"},"image":{"@id":"https:\/\/www.lilleliis.com\/et\/toode\/heegeldatud-nukk-mantli-ja-mutsiga-2\/#primaryimage"},"thumbnailUrl":"https:\/\/www.lilleliis.com\/wp-content\/uploads\/2024\/09\/Crochet-doll-in-a-coat-and-bonnet13.jpg","datePublished":"2024-09-25T11:21:55+00:00","dateModified":"2024-09-25T11:39:57+00:00","description":"Heegeldatud nukk mantli ja m\u00fctsiga, kellel on imearmas k\u00e4sitsi tikitud tukk, patsid ja Punam\u00fctsikese t\u00fc\u00fcpi m\u00fctsike. K\u00e4sit\u00f6\u00f6.","breadcrumb":{"@id":"https:\/\/www.lilleliis.com\/et\/toode\/heegeldatud-nukk-mantli-ja-mutsiga-2\/#breadcrumb"},"inLanguage":"et","potentialAction":[{"@type":"ReadAction","target":["https:\/\/www.lilleliis.com\/et\/toode\/heegeldatud-nukk-mantli-ja-mutsiga-2\/"]}]},{"@type":"ImageObject","inLanguage":"et","@id":"https:\/\/www.lilleliis.com\/et\/toode\/heegeldatud-nukk-mantli-ja-mutsiga-2\/#primaryimage","url":"https:\/\/www.lilleliis.com\/wp-content\/uploads\/2024\/09\/Crochet-doll-in-a-coat-and-bonnet13.jpg","contentUrl":"https:\/\/www.lilleliis.com\/wp-content\/uploads\/2024\/09\/Crochet-doll-in-a-coat-and-bonnet13.jpg","width":1000,"height":1500,"caption":"Heegeldatud nukk mantli ja m\u00fctsiga"},{"@type":"BreadcrumbList","@id":"https:\/\/www.lilleliis.com\/et\/toode\/heegeldatud-nukk-mantli-ja-mutsiga-2\/#breadcrumb","itemListElement":[{"@type":"ListItem","position":1,"name":"Home","item":"https:\/\/www.lilleliis.com\/et\/"},{"@type":"ListItem","position":2,"name":"Pood","item":"https:\/\/www.lilleliis.com\/et\/shop\/"},{"@type":"ListItem","position":3,"name":"Heegeldatud nukk mantli ja m\u00fctsiga"}]},{"@type":"WebSite","@id":"https:\/\/www.lilleliis.com\/et\/#website","url":"https:\/\/www.lilleliis.com\/et\/","name":"lilleliis","description":"Amigurumi m\u00e4nguasjad ja mustrid","potentialAction":[{"@type":"SearchAction","target":{"@type":"EntryPoint","urlTemplate":"https:\/\/www.lilleliis.com\/et\/?s={search_term_string}"},"query-input":{"@type":"PropertyValueSpecification","valueRequired":true,"valueName":"search_term_string"}}],"inLanguage":"et"}]}},"_links":{"self":[{"href":"https:\/\/www.lilleliis.com\/et\/wp-json\/wp\/v2\/product\/96454","targetHints":{"allow":["GET"]}}],"collection":[{"href":"https:\/\/www.lilleliis.com\/et\/wp-json\/wp\/v2\/product"}],"about":[{"href":"https:\/\/www.lilleliis.com\/et\/wp-json\/wp\/v2\/types\/product"}],"replies":[{"embeddable":true,"href":"https:\/\/www.lilleliis.com\/et\/wp-json\/wp\/v2\/comments?post=96454"}],"wp:featuredmedia":[{"embeddable":true,"href":"https:\/\/www.lilleliis.com\/et\/wp-json\/wp\/v2\/media\/96480"}],"wp:attachment":[{"href":"https:\/\/www.lilleliis.com\/et\/wp-json\/wp\/v2\/media?parent=96454"}],"wp:term":[{"taxonomy":"product_brand","embeddable":true,"href":"https:\/\/www.lilleliis.com\/et\/wp-json\/wp\/v2\/product_brand?post=96454"},{"taxonomy":"product_cat","embeddable":true,"href":"https:\/\/www.lilleliis.com\/et\/wp-json\/wp\/v2\/product_cat?post=96454"},{"taxonomy":"product_tag","embeddable":true,"href":"https:\/\/www.lilleliis.com\/et\/wp-json\/wp\/v2\/product_tag?post=96454"}],"curies":[{"name":"wp","href":"https:\/\/api.w.org\/{rel}","templated":true}]}}