{"id":96501,"date":"2024-09-25T18:50:01","date_gmt":"2024-09-25T15:50:01","guid":{"rendered":"https:\/\/www.lilleliis.com\/?post_type=product&#038;p=96501"},"modified":"2024-10-21T18:34:00","modified_gmt":"2024-10-21T15:34:00","slug":"heegeldatud-hiirepoiss","status":"publish","type":"product","link":"https:\/\/www.lilleliis.com\/et\/toode\/heegeldatud-hiirepoiss\/","title":{"rendered":"Heegeldatud hiirepoiss"},"content":{"rendered":null,"protected":false},"excerpt":{"rendered":"<p>Heegeldatud hiirepoiss kuulub minu viimase aja loomingu hulka, milles olen inspiratsiooni ammutanud Skandinaaviap\u00e4rasest stiilist. Hiirel on vahva lame kuju. Poisi versioonil on seljas triibuline pluus ja teda ehivad vahvad vurrud.<\/p>\n<p>Sobib ideaalselt kokku <a href=\"https:\/\/www.lilleliis.com\/et\/toode\/villane-hiir-kleidiga\/\">selle hiireplikaga<\/a>.<\/p>\n<p>Autorit\u00f6\u00f6. Disainitud ja k\u00e4sitsi valmistatud meie oma v\u00e4ikeses Eestis.<\/p>\n<div class=\"is-divider divider clearfix\" style=\"max-width:100%;\"><\/div>\n<p>Materjal:<\/p>\n<ul>\n<li>l\u00f5ng &#8211; 55% akr\u00fc\u00fcl, 15% alpaka, 30% lambavill<\/li>\n<li>pol\u00fcester kerakiud t\u00e4idis<\/li>\n<li>turvasilmad<\/li>\n<\/ul>\n<p>V\u00e4rv: hall, pruun, must<\/p>\n<p>Pikkus: 30 sentimeetrit<\/p>\n<div class=\"is-divider divider clearfix\" style=\"max-width:100%;\"><\/div>\n<p>M\u00e4nguasjal on kasutatud pisidetaile (turvasilmad). Ole ettevaatlik, kui annad seda m\u00e4ngimiseks v\u00e4ga v\u00e4ikesele lapsele.<\/p>\n","protected":false},"featured_media":96505,"comment_status":"open","ping_status":"closed","template":"","meta":[],"product_brand":[],"product_cat":[155],"product_tag":[172],"class_list":{"0":"post-96501","1":"product","2":"type-product","3":"status-publish","4":"has-post-thumbnail","6":"product_cat-heegeldatud-manguasjad","7":"product_tag-poistele","9":"first","10":"outofstock","11":"sold-individually","12":"taxable","13":"shipping-taxable","14":"purchasable","15":"product-type-simple"},"yoast_head":"<!-- This site is optimized with the Yoast SEO plugin v27.3 - https:\/\/yoast.com\/product\/yoast-seo-wordpress\/ -->\n<title>Heegeldatud hiirepoiss | K\u00e4sit\u00f6\u00f6 m\u00e4nguasjad | lilleliis<\/title>\n<meta name=\"description\" content=\"Heegeldatud hiirepoiss on Skandinaaviap\u00e4rases stiilis. Triibulise pluusiga hiirel on vahva lame kuju ja hiiglama armsad vurrud.\" \/>\n<meta name=\"robots\" content=\"index, follow, max-snippet:-1, max-image-preview:large, max-video-preview:-1\" \/>\n<link rel=\"canonical\" href=\"https:\/\/www.lilleliis.com\/et\/toode\/heegeldatud-hiirepoiss\/\" \/>\n<meta property=\"og:locale\" content=\"et_EE\" \/>\n<meta property=\"og:type\" content=\"article\" \/>\n<meta property=\"og:title\" content=\"Heegeldatud hiirepoiss | K\u00e4sit\u00f6\u00f6 m\u00e4nguasjad | lilleliis\" \/>\n<meta property=\"og:description\" content=\"Heegeldatud hiirepoiss on Skandinaaviap\u00e4rases stiilis. Triibulise pluusiga hiirel on vahva lame kuju ja hiiglama armsad vurrud.\" \/>\n<meta property=\"og:url\" content=\"https:\/\/www.lilleliis.com\/et\/toode\/heegeldatud-hiirepoiss\/\" \/>\n<meta property=\"og:site_name\" content=\"lilleliis\" \/>\n<meta property=\"article:publisher\" content=\"https:\/\/www.facebook.com\/lilleliis-283266335035799\/\" \/>\n<meta property=\"article:modified_time\" content=\"2024-10-21T15:34:00+00:00\" \/>\n<meta property=\"og:image\" content=\"https:\/\/www.lilleliis.com\/wp-content\/uploads\/2024\/09\/heegeldatud-hiirepoiss2.jpg\" \/>\n\t<meta property=\"og:image:width\" content=\"1000\" \/>\n\t<meta property=\"og:image:height\" content=\"1500\" \/>\n\t<meta property=\"og:image:type\" content=\"image\/jpeg\" \/>\n<meta name=\"twitter:card\" content=\"summary_large_image\" \/>\n<script type=\"application\/ld+json\" class=\"yoast-schema-graph\">{\"@context\":\"https:\\\/\\\/schema.org\",\"@graph\":[{\"@type\":\"WebPage\",\"@id\":\"https:\\\/\\\/www.lilleliis.com\\\/et\\\/toode\\\/heegeldatud-hiirepoiss\\\/\",\"url\":\"https:\\\/\\\/www.lilleliis.com\\\/et\\\/toode\\\/heegeldatud-hiirepoiss\\\/\",\"name\":\"Heegeldatud hiirepoiss | K\u00e4sit\u00f6\u00f6 m\u00e4nguasjad | lilleliis\",\"isPartOf\":{\"@id\":\"https:\\\/\\\/www.lilleliis.com\\\/et\\\/#website\"},\"primaryImageOfPage\":{\"@id\":\"https:\\\/\\\/www.lilleliis.com\\\/et\\\/toode\\\/heegeldatud-hiirepoiss\\\/#primaryimage\"},\"image\":{\"@id\":\"https:\\\/\\\/www.lilleliis.com\\\/et\\\/toode\\\/heegeldatud-hiirepoiss\\\/#primaryimage\"},\"thumbnailUrl\":\"https:\\\/\\\/www.lilleliis.com\\\/wp-content\\\/uploads\\\/2024\\\/09\\\/heegeldatud-hiirepoiss2.jpg\",\"datePublished\":\"2024-09-25T15:50:01+00:00\",\"dateModified\":\"2024-10-21T15:34:00+00:00\",\"description\":\"Heegeldatud hiirepoiss on Skandinaaviap\u00e4rases stiilis. Triibulise pluusiga hiirel on vahva lame kuju ja hiiglama armsad vurrud.\",\"breadcrumb\":{\"@id\":\"https:\\\/\\\/www.lilleliis.com\\\/et\\\/toode\\\/heegeldatud-hiirepoiss\\\/#breadcrumb\"},\"inLanguage\":\"et\",\"potentialAction\":[{\"@type\":\"ReadAction\",\"target\":[\"https:\\\/\\\/www.lilleliis.com\\\/et\\\/toode\\\/heegeldatud-hiirepoiss\\\/\"]}]},{\"@type\":\"ImageObject\",\"inLanguage\":\"et\",\"@id\":\"https:\\\/\\\/www.lilleliis.com\\\/et\\\/toode\\\/heegeldatud-hiirepoiss\\\/#primaryimage\",\"url\":\"https:\\\/\\\/www.lilleliis.com\\\/wp-content\\\/uploads\\\/2024\\\/09\\\/heegeldatud-hiirepoiss2.jpg\",\"contentUrl\":\"https:\\\/\\\/www.lilleliis.com\\\/wp-content\\\/uploads\\\/2024\\\/09\\\/heegeldatud-hiirepoiss2.jpg\",\"width\":1000,\"height\":1500,\"caption\":\"heegeldatud hiirepoiss\"},{\"@type\":\"BreadcrumbList\",\"@id\":\"https:\\\/\\\/www.lilleliis.com\\\/et\\\/toode\\\/heegeldatud-hiirepoiss\\\/#breadcrumb\",\"itemListElement\":[{\"@type\":\"ListItem\",\"position\":1,\"name\":\"Home\",\"item\":\"https:\\\/\\\/www.lilleliis.com\\\/et\\\/\"},{\"@type\":\"ListItem\",\"position\":2,\"name\":\"Pood\",\"item\":\"https:\\\/\\\/www.lilleliis.com\\\/et\\\/shop\\\/\"},{\"@type\":\"ListItem\",\"position\":3,\"name\":\"Heegeldatud hiirepoiss\"}]},{\"@type\":\"WebSite\",\"@id\":\"https:\\\/\\\/www.lilleliis.com\\\/et\\\/#website\",\"url\":\"https:\\\/\\\/www.lilleliis.com\\\/et\\\/\",\"name\":\"lilleliis\",\"description\":\"Amigurumi m\u00e4nguasjad ja mustrid\",\"potentialAction\":[{\"@type\":\"SearchAction\",\"target\":{\"@type\":\"EntryPoint\",\"urlTemplate\":\"https:\\\/\\\/www.lilleliis.com\\\/et\\\/?s={search_term_string}\"},\"query-input\":{\"@type\":\"PropertyValueSpecification\",\"valueRequired\":true,\"valueName\":\"search_term_string\"}}],\"inLanguage\":\"et\"}]}<\/script>\n<!-- \/ Yoast SEO plugin. -->","yoast_head_json":{"title":"Heegeldatud hiirepoiss | K\u00e4sit\u00f6\u00f6 m\u00e4nguasjad | lilleliis","description":"Heegeldatud hiirepoiss on Skandinaaviap\u00e4rases stiilis. Triibulise pluusiga hiirel on vahva lame kuju ja hiiglama armsad vurrud.","robots":{"index":"index","follow":"follow","max-snippet":"max-snippet:-1","max-image-preview":"max-image-preview:large","max-video-preview":"max-video-preview:-1"},"canonical":"https:\/\/www.lilleliis.com\/et\/toode\/heegeldatud-hiirepoiss\/","og_locale":"et_EE","og_type":"article","og_title":"Heegeldatud hiirepoiss | K\u00e4sit\u00f6\u00f6 m\u00e4nguasjad | lilleliis","og_description":"Heegeldatud hiirepoiss on Skandinaaviap\u00e4rases stiilis. Triibulise pluusiga hiirel on vahva lame kuju ja hiiglama armsad vurrud.","og_url":"https:\/\/www.lilleliis.com\/et\/toode\/heegeldatud-hiirepoiss\/","og_site_name":"lilleliis","article_publisher":"https:\/\/www.facebook.com\/lilleliis-283266335035799\/","article_modified_time":"2024-10-21T15:34:00+00:00","og_image":[{"width":1000,"height":1500,"url":"https:\/\/www.lilleliis.com\/wp-content\/uploads\/2024\/09\/heegeldatud-hiirepoiss2.jpg","type":"image\/jpeg"}],"twitter_card":"summary_large_image","schema":{"@context":"https:\/\/schema.org","@graph":[{"@type":"WebPage","@id":"https:\/\/www.lilleliis.com\/et\/toode\/heegeldatud-hiirepoiss\/","url":"https:\/\/www.lilleliis.com\/et\/toode\/heegeldatud-hiirepoiss\/","name":"Heegeldatud hiirepoiss | K\u00e4sit\u00f6\u00f6 m\u00e4nguasjad | lilleliis","isPartOf":{"@id":"https:\/\/www.lilleliis.com\/et\/#website"},"primaryImageOfPage":{"@id":"https:\/\/www.lilleliis.com\/et\/toode\/heegeldatud-hiirepoiss\/#primaryimage"},"image":{"@id":"https:\/\/www.lilleliis.com\/et\/toode\/heegeldatud-hiirepoiss\/#primaryimage"},"thumbnailUrl":"https:\/\/www.lilleliis.com\/wp-content\/uploads\/2024\/09\/heegeldatud-hiirepoiss2.jpg","datePublished":"2024-09-25T15:50:01+00:00","dateModified":"2024-10-21T15:34:00+00:00","description":"Heegeldatud hiirepoiss on Skandinaaviap\u00e4rases stiilis. Triibulise pluusiga hiirel on vahva lame kuju ja hiiglama armsad vurrud.","breadcrumb":{"@id":"https:\/\/www.lilleliis.com\/et\/toode\/heegeldatud-hiirepoiss\/#breadcrumb"},"inLanguage":"et","potentialAction":[{"@type":"ReadAction","target":["https:\/\/www.lilleliis.com\/et\/toode\/heegeldatud-hiirepoiss\/"]}]},{"@type":"ImageObject","inLanguage":"et","@id":"https:\/\/www.lilleliis.com\/et\/toode\/heegeldatud-hiirepoiss\/#primaryimage","url":"https:\/\/www.lilleliis.com\/wp-content\/uploads\/2024\/09\/heegeldatud-hiirepoiss2.jpg","contentUrl":"https:\/\/www.lilleliis.com\/wp-content\/uploads\/2024\/09\/heegeldatud-hiirepoiss2.jpg","width":1000,"height":1500,"caption":"heegeldatud hiirepoiss"},{"@type":"BreadcrumbList","@id":"https:\/\/www.lilleliis.com\/et\/toode\/heegeldatud-hiirepoiss\/#breadcrumb","itemListElement":[{"@type":"ListItem","position":1,"name":"Home","item":"https:\/\/www.lilleliis.com\/et\/"},{"@type":"ListItem","position":2,"name":"Pood","item":"https:\/\/www.lilleliis.com\/et\/shop\/"},{"@type":"ListItem","position":3,"name":"Heegeldatud hiirepoiss"}]},{"@type":"WebSite","@id":"https:\/\/www.lilleliis.com\/et\/#website","url":"https:\/\/www.lilleliis.com\/et\/","name":"lilleliis","description":"Amigurumi m\u00e4nguasjad ja mustrid","potentialAction":[{"@type":"SearchAction","target":{"@type":"EntryPoint","urlTemplate":"https:\/\/www.lilleliis.com\/et\/?s={search_term_string}"},"query-input":{"@type":"PropertyValueSpecification","valueRequired":true,"valueName":"search_term_string"}}],"inLanguage":"et"}]}},"_links":{"self":[{"href":"https:\/\/www.lilleliis.com\/et\/wp-json\/wp\/v2\/product\/96501","targetHints":{"allow":["GET"]}}],"collection":[{"href":"https:\/\/www.lilleliis.com\/et\/wp-json\/wp\/v2\/product"}],"about":[{"href":"https:\/\/www.lilleliis.com\/et\/wp-json\/wp\/v2\/types\/product"}],"replies":[{"embeddable":true,"href":"https:\/\/www.lilleliis.com\/et\/wp-json\/wp\/v2\/comments?post=96501"}],"wp:featuredmedia":[{"embeddable":true,"href":"https:\/\/www.lilleliis.com\/et\/wp-json\/wp\/v2\/media\/96505"}],"wp:attachment":[{"href":"https:\/\/www.lilleliis.com\/et\/wp-json\/wp\/v2\/media?parent=96501"}],"wp:term":[{"taxonomy":"product_brand","embeddable":true,"href":"https:\/\/www.lilleliis.com\/et\/wp-json\/wp\/v2\/product_brand?post=96501"},{"taxonomy":"product_cat","embeddable":true,"href":"https:\/\/www.lilleliis.com\/et\/wp-json\/wp\/v2\/product_cat?post=96501"},{"taxonomy":"product_tag","embeddable":true,"href":"https:\/\/www.lilleliis.com\/et\/wp-json\/wp\/v2\/product_tag?post=96501"}],"curies":[{"name":"wp","href":"https:\/\/api.w.org\/{rel}","templated":true}]}}