{"id":96989,"date":"2026-04-18T11:58:44","date_gmt":"2026-04-18T08:58:44","guid":{"rendered":"https:\/\/www.lilleliis.com\/?post_type=product&#038;p=96989"},"modified":"2026-04-06T17:11:53","modified_gmt":"2026-04-06T14:11:53","slug":"amigurumi-posepuna","status":"publish","type":"product","link":"https:\/\/www.lilleliis.com\/et\/toode\/amigurumi-posepuna\/","title":{"rendered":"Nuku p\u00f5sepuna"},"content":{"rendered":"<p>Vali kahe tooni vahel \u2013 soe punane ja s\u00e4rtsakas roosa.<\/p>\n<h3>Lilleliisi kogemus<\/h3>\n<p>Minu kogemuse p\u00f5hjal on see p\u00f5sepuna intensiivsem ja vastupidavam kui tavaline jumestusp\u00f5sepuna. Parima tulemuse saavutamiseks alusta v\u00e4ga \u00f5rnalt, hajutades kergelt, et v\u00e4ltida liigset v\u00e4rvi ning saavutada armas ja \u00f5rn l\u00f5ppviimistlus.<\/p>\n<p>Kogus: 2,5 gr<\/p>\n","protected":false},"excerpt":{"rendered":"<p>Nuku p\u00f5sepuna annab heegeldatud m\u00e4nguasjade p\u00f5skedele ilusa roosa tooni, mis lisab k\u00e4sitsi valmistatud nukkudele armsust ja v\u00f5lu.<\/p>\n<p>See p\u00f5sepuna on loodud spetsiaalselt heegeldatud pindade jaoks. Komplekti kuulub ka v\u00e4ike aplikaator, mis muudab pealekandmise lihtsaks ja t\u00e4pseks.<\/p>\n","protected":false},"featured_media":97001,"comment_status":"open","ping_status":"closed","template":"","meta":[],"product_brand":[],"product_cat":[429,568],"product_tag":[],"class_list":{"0":"post-96989","1":"product","2":"type-product","3":"status-publish","4":"has-post-thumbnail","6":"product_cat-kasitoo-tarvikud","7":"product_cat-muud-tarvikud","8":"pa_color-punane","9":"pa_color-roosa","10":"pa_special-features-roosad-posed","12":"first","13":"instock","14":"taxable","15":"shipping-taxable","16":"purchasable","17":"product-type-variable"},"yoast_head":"<!-- This site is optimized with the Yoast SEO plugin v27.3 - https:\/\/yoast.com\/product\/yoast-seo-wordpress\/ -->\n<title>Nuku p\u00f5sepuna | Heegeldatud m\u00e4nguasjade valmistamine | lilleliis<\/title>\n<meta name=\"description\" content=\"Nuku p\u00f5sepuna annab nukkude ja kaisuloomade p\u00f5skedele ilusa roosa tooni, mis lisab k\u00e4sitsi valmistatud m\u00e4nguasjadele armsust ja v\u00f5lu.\" \/>\n<meta name=\"robots\" content=\"index, follow, max-snippet:-1, max-image-preview:large, max-video-preview:-1\" \/>\n<link rel=\"canonical\" href=\"https:\/\/www.lilleliis.com\/et\/toode\/amigurumi-posepuna\/\" \/>\n<meta property=\"og:locale\" content=\"et_EE\" \/>\n<meta property=\"og:type\" content=\"article\" \/>\n<meta property=\"og:title\" content=\"Nuku p\u00f5sepuna | Heegeldatud m\u00e4nguasjade valmistamine | lilleliis\" \/>\n<meta property=\"og:description\" content=\"Nuku p\u00f5sepuna annab nukkude ja kaisuloomade p\u00f5skedele ilusa roosa tooni, mis lisab k\u00e4sitsi valmistatud m\u00e4nguasjadele armsust ja v\u00f5lu.\" \/>\n<meta property=\"og:url\" content=\"https:\/\/www.lilleliis.com\/et\/toode\/amigurumi-posepuna\/\" \/>\n<meta property=\"og:site_name\" content=\"lilleliis\" \/>\n<meta property=\"article:publisher\" content=\"https:\/\/www.facebook.com\/lilleliis-283266335035799\/\" \/>\n<meta property=\"og:image\" content=\"https:\/\/www.lilleliis.com\/wp-content\/uploads\/2024\/10\/Amigurumi-blush-powder4.jpg\" \/>\n\t<meta property=\"og:image:width\" content=\"1000\" \/>\n\t<meta property=\"og:image:height\" content=\"1500\" \/>\n\t<meta property=\"og:image:type\" content=\"image\/jpeg\" \/>\n<meta name=\"twitter:card\" content=\"summary_large_image\" \/>\n<meta name=\"twitter:label1\" content=\"Est. reading time\" \/>\n\t<meta name=\"twitter:data1\" content=\"1 minute\" \/>\n<script type=\"application\/ld+json\" class=\"yoast-schema-graph\">{\"@context\":\"https:\\\/\\\/schema.org\",\"@graph\":[{\"@type\":\"WebPage\",\"@id\":\"https:\\\/\\\/www.lilleliis.com\\\/et\\\/toode\\\/amigurumi-posepuna\\\/\",\"url\":\"https:\\\/\\\/www.lilleliis.com\\\/et\\\/toode\\\/amigurumi-posepuna\\\/\",\"name\":\"Nuku p\u00f5sepuna | Heegeldatud m\u00e4nguasjade valmistamine | lilleliis\",\"isPartOf\":{\"@id\":\"https:\\\/\\\/www.lilleliis.com\\\/et\\\/#website\"},\"primaryImageOfPage\":{\"@id\":\"https:\\\/\\\/www.lilleliis.com\\\/et\\\/toode\\\/amigurumi-posepuna\\\/#primaryimage\"},\"image\":{\"@id\":\"https:\\\/\\\/www.lilleliis.com\\\/et\\\/toode\\\/amigurumi-posepuna\\\/#primaryimage\"},\"thumbnailUrl\":\"https:\\\/\\\/www.lilleliis.com\\\/wp-content\\\/uploads\\\/2024\\\/10\\\/Amigurumi-blush-powder4.jpg\",\"datePublished\":\"2026-04-18T08:58:44+00:00\",\"description\":\"Nuku p\u00f5sepuna annab nukkude ja kaisuloomade p\u00f5skedele ilusa roosa tooni, mis lisab k\u00e4sitsi valmistatud m\u00e4nguasjadele armsust ja v\u00f5lu.\",\"breadcrumb\":{\"@id\":\"https:\\\/\\\/www.lilleliis.com\\\/et\\\/toode\\\/amigurumi-posepuna\\\/#breadcrumb\"},\"inLanguage\":\"et\",\"potentialAction\":[{\"@type\":\"ReadAction\",\"target\":[\"https:\\\/\\\/www.lilleliis.com\\\/et\\\/toode\\\/amigurumi-posepuna\\\/\"]}]},{\"@type\":\"ImageObject\",\"inLanguage\":\"et\",\"@id\":\"https:\\\/\\\/www.lilleliis.com\\\/et\\\/toode\\\/amigurumi-posepuna\\\/#primaryimage\",\"url\":\"https:\\\/\\\/www.lilleliis.com\\\/wp-content\\\/uploads\\\/2024\\\/10\\\/Amigurumi-blush-powder4.jpg\",\"contentUrl\":\"https:\\\/\\\/www.lilleliis.com\\\/wp-content\\\/uploads\\\/2024\\\/10\\\/Amigurumi-blush-powder4.jpg\",\"width\":1000,\"height\":1500,\"caption\":\"Amigurumi p\u00f5sepuna\"},{\"@type\":\"BreadcrumbList\",\"@id\":\"https:\\\/\\\/www.lilleliis.com\\\/et\\\/toode\\\/amigurumi-posepuna\\\/#breadcrumb\",\"itemListElement\":[{\"@type\":\"ListItem\",\"position\":1,\"name\":\"Home\",\"item\":\"https:\\\/\\\/www.lilleliis.com\\\/et\\\/\"},{\"@type\":\"ListItem\",\"position\":2,\"name\":\"Pood\",\"item\":\"https:\\\/\\\/www.lilleliis.com\\\/et\\\/shop\\\/\"},{\"@type\":\"ListItem\",\"position\":3,\"name\":\"Nuku p\u00f5sepuna\"}]},{\"@type\":\"WebSite\",\"@id\":\"https:\\\/\\\/www.lilleliis.com\\\/et\\\/#website\",\"url\":\"https:\\\/\\\/www.lilleliis.com\\\/et\\\/\",\"name\":\"lilleliis\",\"description\":\"Amigurumi m\u00e4nguasjad ja mustrid\",\"potentialAction\":[{\"@type\":\"SearchAction\",\"target\":{\"@type\":\"EntryPoint\",\"urlTemplate\":\"https:\\\/\\\/www.lilleliis.com\\\/et\\\/?s={search_term_string}\"},\"query-input\":{\"@type\":\"PropertyValueSpecification\",\"valueRequired\":true,\"valueName\":\"search_term_string\"}}],\"inLanguage\":\"et\"}]}<\/script>\n<!-- \/ Yoast SEO plugin. -->","yoast_head_json":{"title":"Nuku p\u00f5sepuna | Heegeldatud m\u00e4nguasjade valmistamine | lilleliis","description":"Nuku p\u00f5sepuna annab nukkude ja kaisuloomade p\u00f5skedele ilusa roosa tooni, mis lisab k\u00e4sitsi valmistatud m\u00e4nguasjadele armsust ja v\u00f5lu.","robots":{"index":"index","follow":"follow","max-snippet":"max-snippet:-1","max-image-preview":"max-image-preview:large","max-video-preview":"max-video-preview:-1"},"canonical":"https:\/\/www.lilleliis.com\/et\/toode\/amigurumi-posepuna\/","og_locale":"et_EE","og_type":"article","og_title":"Nuku p\u00f5sepuna | Heegeldatud m\u00e4nguasjade valmistamine | lilleliis","og_description":"Nuku p\u00f5sepuna annab nukkude ja kaisuloomade p\u00f5skedele ilusa roosa tooni, mis lisab k\u00e4sitsi valmistatud m\u00e4nguasjadele armsust ja v\u00f5lu.","og_url":"https:\/\/www.lilleliis.com\/et\/toode\/amigurumi-posepuna\/","og_site_name":"lilleliis","article_publisher":"https:\/\/www.facebook.com\/lilleliis-283266335035799\/","og_image":[{"width":1000,"height":1500,"url":"https:\/\/www.lilleliis.com\/wp-content\/uploads\/2024\/10\/Amigurumi-blush-powder4.jpg","type":"image\/jpeg"}],"twitter_card":"summary_large_image","twitter_misc":{"Est. reading time":"1 minute"},"schema":{"@context":"https:\/\/schema.org","@graph":[{"@type":"WebPage","@id":"https:\/\/www.lilleliis.com\/et\/toode\/amigurumi-posepuna\/","url":"https:\/\/www.lilleliis.com\/et\/toode\/amigurumi-posepuna\/","name":"Nuku p\u00f5sepuna | Heegeldatud m\u00e4nguasjade valmistamine | lilleliis","isPartOf":{"@id":"https:\/\/www.lilleliis.com\/et\/#website"},"primaryImageOfPage":{"@id":"https:\/\/www.lilleliis.com\/et\/toode\/amigurumi-posepuna\/#primaryimage"},"image":{"@id":"https:\/\/www.lilleliis.com\/et\/toode\/amigurumi-posepuna\/#primaryimage"},"thumbnailUrl":"https:\/\/www.lilleliis.com\/wp-content\/uploads\/2024\/10\/Amigurumi-blush-powder4.jpg","datePublished":"2026-04-18T08:58:44+00:00","description":"Nuku p\u00f5sepuna annab nukkude ja kaisuloomade p\u00f5skedele ilusa roosa tooni, mis lisab k\u00e4sitsi valmistatud m\u00e4nguasjadele armsust ja v\u00f5lu.","breadcrumb":{"@id":"https:\/\/www.lilleliis.com\/et\/toode\/amigurumi-posepuna\/#breadcrumb"},"inLanguage":"et","potentialAction":[{"@type":"ReadAction","target":["https:\/\/www.lilleliis.com\/et\/toode\/amigurumi-posepuna\/"]}]},{"@type":"ImageObject","inLanguage":"et","@id":"https:\/\/www.lilleliis.com\/et\/toode\/amigurumi-posepuna\/#primaryimage","url":"https:\/\/www.lilleliis.com\/wp-content\/uploads\/2024\/10\/Amigurumi-blush-powder4.jpg","contentUrl":"https:\/\/www.lilleliis.com\/wp-content\/uploads\/2024\/10\/Amigurumi-blush-powder4.jpg","width":1000,"height":1500,"caption":"Amigurumi p\u00f5sepuna"},{"@type":"BreadcrumbList","@id":"https:\/\/www.lilleliis.com\/et\/toode\/amigurumi-posepuna\/#breadcrumb","itemListElement":[{"@type":"ListItem","position":1,"name":"Home","item":"https:\/\/www.lilleliis.com\/et\/"},{"@type":"ListItem","position":2,"name":"Pood","item":"https:\/\/www.lilleliis.com\/et\/shop\/"},{"@type":"ListItem","position":3,"name":"Nuku p\u00f5sepuna"}]},{"@type":"WebSite","@id":"https:\/\/www.lilleliis.com\/et\/#website","url":"https:\/\/www.lilleliis.com\/et\/","name":"lilleliis","description":"Amigurumi m\u00e4nguasjad ja mustrid","potentialAction":[{"@type":"SearchAction","target":{"@type":"EntryPoint","urlTemplate":"https:\/\/www.lilleliis.com\/et\/?s={search_term_string}"},"query-input":{"@type":"PropertyValueSpecification","valueRequired":true,"valueName":"search_term_string"}}],"inLanguage":"et"}]}},"_links":{"self":[{"href":"https:\/\/www.lilleliis.com\/et\/wp-json\/wp\/v2\/product\/96989","targetHints":{"allow":["GET"]}}],"collection":[{"href":"https:\/\/www.lilleliis.com\/et\/wp-json\/wp\/v2\/product"}],"about":[{"href":"https:\/\/www.lilleliis.com\/et\/wp-json\/wp\/v2\/types\/product"}],"replies":[{"embeddable":true,"href":"https:\/\/www.lilleliis.com\/et\/wp-json\/wp\/v2\/comments?post=96989"}],"wp:featuredmedia":[{"embeddable":true,"href":"https:\/\/www.lilleliis.com\/et\/wp-json\/wp\/v2\/media\/97001"}],"wp:attachment":[{"href":"https:\/\/www.lilleliis.com\/et\/wp-json\/wp\/v2\/media?parent=96989"}],"wp:term":[{"taxonomy":"product_brand","embeddable":true,"href":"https:\/\/www.lilleliis.com\/et\/wp-json\/wp\/v2\/product_brand?post=96989"},{"taxonomy":"product_cat","embeddable":true,"href":"https:\/\/www.lilleliis.com\/et\/wp-json\/wp\/v2\/product_cat?post=96989"},{"taxonomy":"product_tag","embeddable":true,"href":"https:\/\/www.lilleliis.com\/et\/wp-json\/wp\/v2\/product_tag?post=96989"}],"curies":[{"name":"wp","href":"https:\/\/api.w.org\/{rel}","templated":true}]}}