{"id":97088,"date":"2024-10-30T10:01:53","date_gmt":"2024-10-30T08:01:53","guid":{"rendered":"https:\/\/www.lilleliis.com\/?post_type=product&#038;p=97088"},"modified":"2026-02-10T18:31:02","modified_gmt":"2026-02-10T16:31:02","slug":"seinapilt-lastetuppa-lapsepolvelelud","status":"publish","type":"product","link":"https:\/\/www.lilleliis.com\/et\/toode\/seinapilt-lastetuppa-lapsepolvelelud\/","title":{"rendered":"Seinapilt lastetuppa &#8211; Lapsep\u00f5lvelelud"},"content":{"rendered":null,"protected":false},"excerpt":{"rendered":"<p style=\"font-weight: 400;\">Seinapilt lastetuppa &#8220;Lapsep\u00f5lvelelud&#8221; &#8211; Annika Metsla foto<\/p>\n<p>Unikaalsed seinapildid lastetuppa on s\u00fcndinud fotograaf Annika Metsla ja m\u00e4nguasja disainer Mari-Liis Lille koost\u00f6\u00f6st. Aastal 2024 valmis nende kahe naise koost\u00f6\u00f6s k\u00e4sit\u00f6\u00f6raamat \u201cUnustamatud lapsep\u00f5lvelelud\u201d, mille fotomaterjal tundus n\u00f5nda inspireeriv, et lisaks raamatule s\u00fcndis sari seinapilte ja postkaarte.<\/p>\n<p style=\"font-weight: 400;\">\u201cLapsep\u00f5lvelelud\u201d on \u00fcks k\u00e4sit\u00f6\u00f6raamatu \u201cUnustamatud lapsep\u00f5lvelelud\u201d imelistest fotodest.<\/p>\n<p>Raamitud seinapilt muudab lastetoa armsaks ja hubaseks. Kasuta \u00fcksikuna v\u00f5i moodusta piltidest seeria. Riputa seinale v\u00f5i aseta riiulile.<\/p>\n<p>Fotod on prinditud k\u00f5rgekvaliteetsele <em>Fine Art<\/em> paberile, mis vastab ka k\u00f5ige n\u00f5udlikuma fotos\u00f5bra ootustele.<\/p>\n<p>Pilt tuleb koos raami ja paspartuuga. Soovi korral v\u00f5id kasutada ka kaitseklaasi, mis on peidetud pildi ja raami vahele.<\/p>\n<p style=\"font-weight: 400;\"><div class=\"is-divider divider clearfix\" style=\"max-width:100%;\"><\/div>\n<p style=\"font-weight: 400;\"><span data-text-color=\"primary\">SUURUS<\/span><\/p>\n<p style=\"font-weight: 400;\">Must raam: 33,5 x 33,5 cm<\/p>\n<p style=\"font-weight: 400;\">Foto suurus: 18,5 x 18,5 cm<\/p>\n<p style=\"font-weight: 400;\"><span data-text-color=\"primary\">MATERJAL<\/span><\/p>\n<p style=\"font-weight: 400;\">Raam &#8211; alumiinium, epoks\u00fc-\/pol\u00fcesterpulberkate, anodeeritud<\/p>\n<p style=\"font-weight: 400;\">Kaitseklaas &#8211; pol\u00fcst\u00fcreenplast<\/p>\n<p style=\"font-weight: 400;\">Tagaplaat &#8211; puitkiudplaat<\/p>\n<p style=\"font-weight: 400;\">Paspartuu &#8211; paber<\/p>\n<p style=\"font-weight: 400;\"><span data-text-color=\"primary\">HOOLDUS<\/span><\/p>\n<p style=\"font-weight: 400;\">Puhasta tolmuharjaga<\/p>\n<p><span data-text-color=\"primary\">LISAINFO<\/span><\/p>\n<p>K\u00f5iki pilte saab eritellimusel valmistada ka suurema v\u00f5i v\u00e4iksemana, muuta raami kuju, v\u00e4rvi jmt. Oma m\u00f5tetest kirjuta meile julgelt: <a href=\"mailto:lilleliis@gmail.com\">lilleliis@gmail.com<\/a><\/p>\n","protected":false},"featured_media":102883,"comment_status":"open","ping_status":"closed","template":"","meta":[],"product_brand":[],"product_cat":[1134],"product_tag":[1606],"class_list":{"0":"post-97088","1":"product","2":"type-product","3":"status-publish","4":"has-post-thumbnail","6":"product_cat-fotokunst","7":"product_tag-lastetuppa","9":"first","10":"instock","11":"taxable","12":"shipping-taxable","13":"purchasable","14":"product-type-simple"},"yoast_head":"<!-- This site is optimized with the Yoast SEO plugin v27.3 - https:\/\/yoast.com\/product\/yoast-seo-wordpress\/ -->\n<title>Seinapilt lastetuppa - Lapsep\u00f5lvelelud | Annika Metsla foto<\/title>\n<meta name=\"description\" content=\"Seinapilt lastetuppa &quot;Lapsep\u00f5lvelelud&quot;, Annika Metsla foto. Muuda lastetuba armsaks ja hubaseks. Sobib seinale v\u00f5i riiulile.\" \/>\n<meta name=\"robots\" content=\"index, follow, max-snippet:-1, max-image-preview:large, max-video-preview:-1\" \/>\n<link rel=\"canonical\" href=\"https:\/\/www.lilleliis.com\/et\/toode\/seinapilt-lastetuppa-lapsepolvelelud\/\" \/>\n<meta property=\"og:locale\" content=\"et_EE\" \/>\n<meta property=\"og:type\" content=\"article\" \/>\n<meta property=\"og:title\" content=\"Seinapilt lastetuppa - Lapsep\u00f5lvelelud | Annika Metsla foto\" \/>\n<meta property=\"og:description\" content=\"Seinapilt lastetuppa &quot;Lapsep\u00f5lvelelud&quot;, Annika Metsla foto. Muuda lastetuba armsaks ja hubaseks. Sobib seinale v\u00f5i riiulile.\" \/>\n<meta property=\"og:url\" content=\"https:\/\/www.lilleliis.com\/et\/toode\/seinapilt-lastetuppa-lapsepolvelelud\/\" \/>\n<meta property=\"og:site_name\" content=\"lilleliis\" \/>\n<meta property=\"article:publisher\" content=\"https:\/\/www.facebook.com\/lilleliis-283266335035799\/\" \/>\n<meta property=\"article:modified_time\" content=\"2026-02-10T16:31:02+00:00\" \/>\n<meta property=\"og:image\" content=\"https:\/\/www.lilleliis.com\/wp-content\/uploads\/2024\/10\/Seinapilt-lastetuppa-Lapsepolvelelud1.jpg\" \/>\n\t<meta property=\"og:image:width\" content=\"1000\" \/>\n\t<meta property=\"og:image:height\" content=\"1500\" \/>\n\t<meta property=\"og:image:type\" content=\"image\/jpeg\" \/>\n<meta name=\"twitter:card\" content=\"summary_large_image\" \/>\n<meta name=\"twitter:label1\" content=\"Est. reading time\" \/>\n\t<meta name=\"twitter:data1\" content=\"1 minute\" \/>\n<script type=\"application\/ld+json\" class=\"yoast-schema-graph\">{\"@context\":\"https:\\\/\\\/schema.org\",\"@graph\":[{\"@type\":\"WebPage\",\"@id\":\"https:\\\/\\\/www.lilleliis.com\\\/et\\\/toode\\\/seinapilt-lastetuppa-lapsepolvelelud\\\/\",\"url\":\"https:\\\/\\\/www.lilleliis.com\\\/et\\\/toode\\\/seinapilt-lastetuppa-lapsepolvelelud\\\/\",\"name\":\"Seinapilt lastetuppa - Lapsep\u00f5lvelelud | Annika Metsla foto\",\"isPartOf\":{\"@id\":\"https:\\\/\\\/www.lilleliis.com\\\/et\\\/#website\"},\"primaryImageOfPage\":{\"@id\":\"https:\\\/\\\/www.lilleliis.com\\\/et\\\/toode\\\/seinapilt-lastetuppa-lapsepolvelelud\\\/#primaryimage\"},\"image\":{\"@id\":\"https:\\\/\\\/www.lilleliis.com\\\/et\\\/toode\\\/seinapilt-lastetuppa-lapsepolvelelud\\\/#primaryimage\"},\"thumbnailUrl\":\"https:\\\/\\\/www.lilleliis.com\\\/wp-content\\\/uploads\\\/2024\\\/10\\\/Seinapilt-lastetuppa-Lapsepolvelelud1.jpg\",\"datePublished\":\"2024-10-30T08:01:53+00:00\",\"dateModified\":\"2026-02-10T16:31:02+00:00\",\"description\":\"Seinapilt lastetuppa \\\"Lapsep\u00f5lvelelud\\\", Annika Metsla foto. Muuda lastetuba armsaks ja hubaseks. Sobib seinale v\u00f5i riiulile.\",\"breadcrumb\":{\"@id\":\"https:\\\/\\\/www.lilleliis.com\\\/et\\\/toode\\\/seinapilt-lastetuppa-lapsepolvelelud\\\/#breadcrumb\"},\"inLanguage\":\"et\",\"potentialAction\":[{\"@type\":\"ReadAction\",\"target\":[\"https:\\\/\\\/www.lilleliis.com\\\/et\\\/toode\\\/seinapilt-lastetuppa-lapsepolvelelud\\\/\"]}]},{\"@type\":\"ImageObject\",\"inLanguage\":\"et\",\"@id\":\"https:\\\/\\\/www.lilleliis.com\\\/et\\\/toode\\\/seinapilt-lastetuppa-lapsepolvelelud\\\/#primaryimage\",\"url\":\"https:\\\/\\\/www.lilleliis.com\\\/wp-content\\\/uploads\\\/2024\\\/10\\\/Seinapilt-lastetuppa-Lapsepolvelelud1.jpg\",\"contentUrl\":\"https:\\\/\\\/www.lilleliis.com\\\/wp-content\\\/uploads\\\/2024\\\/10\\\/Seinapilt-lastetuppa-Lapsepolvelelud1.jpg\",\"width\":1000,\"height\":1500,\"caption\":\"Seinapilt lastetuppa Lapsep\u00f5lvelelud\"},{\"@type\":\"BreadcrumbList\",\"@id\":\"https:\\\/\\\/www.lilleliis.com\\\/et\\\/toode\\\/seinapilt-lastetuppa-lapsepolvelelud\\\/#breadcrumb\",\"itemListElement\":[{\"@type\":\"ListItem\",\"position\":1,\"name\":\"Home\",\"item\":\"https:\\\/\\\/www.lilleliis.com\\\/et\\\/\"},{\"@type\":\"ListItem\",\"position\":2,\"name\":\"Pood\",\"item\":\"https:\\\/\\\/www.lilleliis.com\\\/et\\\/shop\\\/\"},{\"@type\":\"ListItem\",\"position\":3,\"name\":\"Seinapilt lastetuppa &#8211; Lapsep\u00f5lvelelud\"}]},{\"@type\":\"WebSite\",\"@id\":\"https:\\\/\\\/www.lilleliis.com\\\/et\\\/#website\",\"url\":\"https:\\\/\\\/www.lilleliis.com\\\/et\\\/\",\"name\":\"lilleliis\",\"description\":\"Amigurumi m\u00e4nguasjad ja mustrid\",\"potentialAction\":[{\"@type\":\"SearchAction\",\"target\":{\"@type\":\"EntryPoint\",\"urlTemplate\":\"https:\\\/\\\/www.lilleliis.com\\\/et\\\/?s={search_term_string}\"},\"query-input\":{\"@type\":\"PropertyValueSpecification\",\"valueRequired\":true,\"valueName\":\"search_term_string\"}}],\"inLanguage\":\"et\"}]}<\/script>\n<!-- \/ Yoast SEO plugin. -->","yoast_head_json":{"title":"Seinapilt lastetuppa - Lapsep\u00f5lvelelud | Annika Metsla foto","description":"Seinapilt lastetuppa \"Lapsep\u00f5lvelelud\", Annika Metsla foto. Muuda lastetuba armsaks ja hubaseks. Sobib seinale v\u00f5i riiulile.","robots":{"index":"index","follow":"follow","max-snippet":"max-snippet:-1","max-image-preview":"max-image-preview:large","max-video-preview":"max-video-preview:-1"},"canonical":"https:\/\/www.lilleliis.com\/et\/toode\/seinapilt-lastetuppa-lapsepolvelelud\/","og_locale":"et_EE","og_type":"article","og_title":"Seinapilt lastetuppa - Lapsep\u00f5lvelelud | Annika Metsla foto","og_description":"Seinapilt lastetuppa \"Lapsep\u00f5lvelelud\", Annika Metsla foto. Muuda lastetuba armsaks ja hubaseks. Sobib seinale v\u00f5i riiulile.","og_url":"https:\/\/www.lilleliis.com\/et\/toode\/seinapilt-lastetuppa-lapsepolvelelud\/","og_site_name":"lilleliis","article_publisher":"https:\/\/www.facebook.com\/lilleliis-283266335035799\/","article_modified_time":"2026-02-10T16:31:02+00:00","og_image":[{"width":1000,"height":1500,"url":"https:\/\/www.lilleliis.com\/wp-content\/uploads\/2024\/10\/Seinapilt-lastetuppa-Lapsepolvelelud1.jpg","type":"image\/jpeg"}],"twitter_card":"summary_large_image","twitter_misc":{"Est. reading time":"1 minute"},"schema":{"@context":"https:\/\/schema.org","@graph":[{"@type":"WebPage","@id":"https:\/\/www.lilleliis.com\/et\/toode\/seinapilt-lastetuppa-lapsepolvelelud\/","url":"https:\/\/www.lilleliis.com\/et\/toode\/seinapilt-lastetuppa-lapsepolvelelud\/","name":"Seinapilt lastetuppa - Lapsep\u00f5lvelelud | Annika Metsla foto","isPartOf":{"@id":"https:\/\/www.lilleliis.com\/et\/#website"},"primaryImageOfPage":{"@id":"https:\/\/www.lilleliis.com\/et\/toode\/seinapilt-lastetuppa-lapsepolvelelud\/#primaryimage"},"image":{"@id":"https:\/\/www.lilleliis.com\/et\/toode\/seinapilt-lastetuppa-lapsepolvelelud\/#primaryimage"},"thumbnailUrl":"https:\/\/www.lilleliis.com\/wp-content\/uploads\/2024\/10\/Seinapilt-lastetuppa-Lapsepolvelelud1.jpg","datePublished":"2024-10-30T08:01:53+00:00","dateModified":"2026-02-10T16:31:02+00:00","description":"Seinapilt lastetuppa \"Lapsep\u00f5lvelelud\", Annika Metsla foto. Muuda lastetuba armsaks ja hubaseks. Sobib seinale v\u00f5i riiulile.","breadcrumb":{"@id":"https:\/\/www.lilleliis.com\/et\/toode\/seinapilt-lastetuppa-lapsepolvelelud\/#breadcrumb"},"inLanguage":"et","potentialAction":[{"@type":"ReadAction","target":["https:\/\/www.lilleliis.com\/et\/toode\/seinapilt-lastetuppa-lapsepolvelelud\/"]}]},{"@type":"ImageObject","inLanguage":"et","@id":"https:\/\/www.lilleliis.com\/et\/toode\/seinapilt-lastetuppa-lapsepolvelelud\/#primaryimage","url":"https:\/\/www.lilleliis.com\/wp-content\/uploads\/2024\/10\/Seinapilt-lastetuppa-Lapsepolvelelud1.jpg","contentUrl":"https:\/\/www.lilleliis.com\/wp-content\/uploads\/2024\/10\/Seinapilt-lastetuppa-Lapsepolvelelud1.jpg","width":1000,"height":1500,"caption":"Seinapilt lastetuppa Lapsep\u00f5lvelelud"},{"@type":"BreadcrumbList","@id":"https:\/\/www.lilleliis.com\/et\/toode\/seinapilt-lastetuppa-lapsepolvelelud\/#breadcrumb","itemListElement":[{"@type":"ListItem","position":1,"name":"Home","item":"https:\/\/www.lilleliis.com\/et\/"},{"@type":"ListItem","position":2,"name":"Pood","item":"https:\/\/www.lilleliis.com\/et\/shop\/"},{"@type":"ListItem","position":3,"name":"Seinapilt lastetuppa &#8211; Lapsep\u00f5lvelelud"}]},{"@type":"WebSite","@id":"https:\/\/www.lilleliis.com\/et\/#website","url":"https:\/\/www.lilleliis.com\/et\/","name":"lilleliis","description":"Amigurumi m\u00e4nguasjad ja mustrid","potentialAction":[{"@type":"SearchAction","target":{"@type":"EntryPoint","urlTemplate":"https:\/\/www.lilleliis.com\/et\/?s={search_term_string}"},"query-input":{"@type":"PropertyValueSpecification","valueRequired":true,"valueName":"search_term_string"}}],"inLanguage":"et"}]}},"_links":{"self":[{"href":"https:\/\/www.lilleliis.com\/et\/wp-json\/wp\/v2\/product\/97088","targetHints":{"allow":["GET"]}}],"collection":[{"href":"https:\/\/www.lilleliis.com\/et\/wp-json\/wp\/v2\/product"}],"about":[{"href":"https:\/\/www.lilleliis.com\/et\/wp-json\/wp\/v2\/types\/product"}],"replies":[{"embeddable":true,"href":"https:\/\/www.lilleliis.com\/et\/wp-json\/wp\/v2\/comments?post=97088"}],"wp:featuredmedia":[{"embeddable":true,"href":"https:\/\/www.lilleliis.com\/et\/wp-json\/wp\/v2\/media\/102883"}],"wp:attachment":[{"href":"https:\/\/www.lilleliis.com\/et\/wp-json\/wp\/v2\/media?parent=97088"}],"wp:term":[{"taxonomy":"product_brand","embeddable":true,"href":"https:\/\/www.lilleliis.com\/et\/wp-json\/wp\/v2\/product_brand?post=97088"},{"taxonomy":"product_cat","embeddable":true,"href":"https:\/\/www.lilleliis.com\/et\/wp-json\/wp\/v2\/product_cat?post=97088"},{"taxonomy":"product_tag","embeddable":true,"href":"https:\/\/www.lilleliis.com\/et\/wp-json\/wp\/v2\/product_tag?post=97088"}],"curies":[{"name":"wp","href":"https:\/\/api.w.org\/{rel}","templated":true}]}}