{"id":97093,"date":"2024-11-08T12:54:39","date_gmt":"2024-11-08T10:54:39","guid":{"rendered":"https:\/\/www.lilleliis.com\/?post_type=product&#038;p=97093"},"modified":"2025-10-25T20:03:46","modified_gmt":"2025-10-25T17:03:46","slug":"postkaardid","status":"publish","type":"product","link":"https:\/\/www.lilleliis.com\/et\/toode\/postkaardid\/","title":{"rendered":"Postkaardid"},"content":{"rendered":null,"protected":false},"excerpt":{"rendered":"<p><strong>Annika Metsla Fine Art postkaardid heegeldatud tegelastega.<\/strong><\/p>\n<p>Fotopostkaardid on s\u00fcndinud fotograaf Annika Metsla ja m\u00e4nguasja disainer Mari-Liis Lille koost\u00f6\u00f6st.<\/p>\n<p>Piltidelt leiad vahvaid heegeldatud tegelasi, kelle on v\u00e4lja m\u00f5elnud ja valmis heegeldanud Mari-Liis, keda heegeldajate \u00fclemaailmses kogukonnas teatakse <em>lilleliisi<\/em> nime all. M\u00e4nguasjad on oma unikaalsel viisil \u00fcles pildistanud \u00fcks Eesti juhtivaid fotograafe &#8211; Annika Metsla.<\/p>\n<p>Kaardid on prinditud k\u00f5rgekvaliteetsele <em>Fine Art<\/em> paberile, mis vastab ka k\u00f5ige n\u00f5udlikuma fotos\u00f5bra ootustele.<\/p>\n<p>Kaardi tagak\u00fclg on t\u00fchi, sinna saad lisada oma isikliku soovi v\u00f5i s\u00f5numi.<\/p>\n<p style=\"font-weight: 400;\"><div class=\"is-divider divider clearfix\" style=\"max-width:100%;\"><\/div>\n<p style=\"font-weight: 400;\"><span data-text-color=\"primary\">SUURUS<\/span><\/p>\n<p style=\"font-weight: 400;\">12 x 12 cm<\/p>\n<p style=\"font-weight: 400;\"><span data-text-color=\"primary\">MATERJAL<\/span><\/p>\n<p style=\"font-weight: 400;\">Fine Art paber<\/p>\n<p><span data-text-color=\"primary\">LISAINFO<\/span><\/p>\n<p>Postkaarte saab eritellimusel valmistada ka suuremas koguses v\u00f5i teise m\u00f5\u00f5duga. Oma m\u00f5tetest kirjuta meile julgelt: <a href=\"mailto:lilleliis@gmail.com\">lilleliis@gmail.com<\/a><\/p>\n","protected":false},"featured_media":97096,"comment_status":"open","ping_status":"closed","template":"","meta":[],"product_brand":[],"product_cat":[1134],"product_tag":[],"class_list":{"0":"post-97093","1":"product","2":"type-product","3":"status-publish","4":"has-post-thumbnail","6":"product_cat-fotokunst","7":"pa_picture-eesel","8":"pa_picture-elevant","9":"pa_picture-hiired","10":"pa_picture-hobune","11":"pa_picture-janesed","12":"pa_picture-kaelkirjak","13":"pa_picture-karud","14":"pa_picture-karutudruk","15":"pa_picture-kass","16":"pa_picture-kilpkonn","17":"pa_picture-kits","18":"pa_picture-kukk","19":"pa_picture-lapsepolvelelud-1","20":"pa_picture-lapsepolvelelud-2","21":"pa_picture-linnupoeg","22":"pa_picture-noobid-1","23":"pa_picture-noobid-2","24":"pa_picture-noobidetailid","25":"pa_picture-nukk-kleidiga","26":"pa_picture-nukk-kleidiga-2","27":"pa_picture-nukk-mutsiga","28":"pa_picture-orav","29":"pa_picture-pesunoor","30":"pa_picture-porgandpuks","31":"pa_picture-vedur","33":"first","34":"instock","35":"taxable","36":"shipping-taxable","37":"purchasable","38":"product-type-variable"},"yoast_head":"<!-- This site is optimized with the Yoast SEO plugin v27.3 - https:\/\/yoast.com\/product\/yoast-seo-wordpress\/ -->\n<title>Postkaardid | Annika Metsla Fine Art fotopostkaardid<\/title>\n<meta name=\"description\" content=\"Annika Metsla Fine Art postkaardid amigurumi loomadega. Fotopostkaardid on s\u00fcndinud fotograaf Annika Metsla ja m\u00e4nguasja disainer Mari-Liis Lille koost\u00f6\u00f6st.\" \/>\n<meta name=\"robots\" content=\"index, follow, max-snippet:-1, max-image-preview:large, max-video-preview:-1\" \/>\n<link rel=\"canonical\" href=\"https:\/\/www.lilleliis.com\/et\/toode\/postkaardid\/\" \/>\n<meta property=\"og:locale\" content=\"et_EE\" \/>\n<meta property=\"og:type\" content=\"article\" \/>\n<meta property=\"og:title\" content=\"Postkaardid | Annika Metsla Fine Art fotopostkaardid\" \/>\n<meta property=\"og:description\" content=\"Annika Metsla Fine Art postkaardid amigurumi loomadega. Fotopostkaardid on s\u00fcndinud fotograaf Annika Metsla ja m\u00e4nguasja disainer Mari-Liis Lille koost\u00f6\u00f6st.\" \/>\n<meta property=\"og:url\" content=\"https:\/\/www.lilleliis.com\/et\/toode\/postkaardid\/\" \/>\n<meta property=\"og:site_name\" content=\"lilleliis\" \/>\n<meta property=\"article:publisher\" content=\"https:\/\/www.facebook.com\/lilleliis-283266335035799\/\" \/>\n<meta property=\"article:modified_time\" content=\"2025-10-25T17:03:46+00:00\" \/>\n<meta property=\"og:image\" content=\"https:\/\/www.lilleliis.com\/wp-content\/uploads\/2024\/10\/postkaardid2.jpg\" \/>\n\t<meta property=\"og:image:width\" content=\"1024\" \/>\n\t<meta property=\"og:image:height\" content=\"1024\" \/>\n\t<meta property=\"og:image:type\" content=\"image\/jpeg\" \/>\n<meta name=\"twitter:card\" content=\"summary_large_image\" \/>\n<meta name=\"twitter:label1\" content=\"Est. reading time\" \/>\n\t<meta name=\"twitter:data1\" content=\"1 minute\" \/>\n<script type=\"application\/ld+json\" class=\"yoast-schema-graph\">{\"@context\":\"https:\\\/\\\/schema.org\",\"@graph\":[{\"@type\":\"WebPage\",\"@id\":\"https:\\\/\\\/www.lilleliis.com\\\/et\\\/toode\\\/postkaardid\\\/\",\"url\":\"https:\\\/\\\/www.lilleliis.com\\\/et\\\/toode\\\/postkaardid\\\/\",\"name\":\"Postkaardid | Annika Metsla Fine Art fotopostkaardid\",\"isPartOf\":{\"@id\":\"https:\\\/\\\/www.lilleliis.com\\\/et\\\/#website\"},\"primaryImageOfPage\":{\"@id\":\"https:\\\/\\\/www.lilleliis.com\\\/et\\\/toode\\\/postkaardid\\\/#primaryimage\"},\"image\":{\"@id\":\"https:\\\/\\\/www.lilleliis.com\\\/et\\\/toode\\\/postkaardid\\\/#primaryimage\"},\"thumbnailUrl\":\"https:\\\/\\\/www.lilleliis.com\\\/wp-content\\\/uploads\\\/2024\\\/10\\\/postkaardid2.jpg\",\"datePublished\":\"2024-11-08T10:54:39+00:00\",\"dateModified\":\"2025-10-25T17:03:46+00:00\",\"description\":\"Annika Metsla Fine Art postkaardid amigurumi loomadega. Fotopostkaardid on s\u00fcndinud fotograaf Annika Metsla ja m\u00e4nguasja disainer Mari-Liis Lille koost\u00f6\u00f6st.\",\"breadcrumb\":{\"@id\":\"https:\\\/\\\/www.lilleliis.com\\\/et\\\/toode\\\/postkaardid\\\/#breadcrumb\"},\"inLanguage\":\"et\",\"potentialAction\":[{\"@type\":\"ReadAction\",\"target\":[\"https:\\\/\\\/www.lilleliis.com\\\/et\\\/toode\\\/postkaardid\\\/\"]}]},{\"@type\":\"ImageObject\",\"inLanguage\":\"et\",\"@id\":\"https:\\\/\\\/www.lilleliis.com\\\/et\\\/toode\\\/postkaardid\\\/#primaryimage\",\"url\":\"https:\\\/\\\/www.lilleliis.com\\\/wp-content\\\/uploads\\\/2024\\\/10\\\/postkaardid2.jpg\",\"contentUrl\":\"https:\\\/\\\/www.lilleliis.com\\\/wp-content\\\/uploads\\\/2024\\\/10\\\/postkaardid2.jpg\",\"width\":1024,\"height\":1024,\"caption\":\"postkaardid Annika Metsla\"},{\"@type\":\"BreadcrumbList\",\"@id\":\"https:\\\/\\\/www.lilleliis.com\\\/et\\\/toode\\\/postkaardid\\\/#breadcrumb\",\"itemListElement\":[{\"@type\":\"ListItem\",\"position\":1,\"name\":\"Home\",\"item\":\"https:\\\/\\\/www.lilleliis.com\\\/et\\\/\"},{\"@type\":\"ListItem\",\"position\":2,\"name\":\"Pood\",\"item\":\"https:\\\/\\\/www.lilleliis.com\\\/et\\\/shop\\\/\"},{\"@type\":\"ListItem\",\"position\":3,\"name\":\"Postkaardid\"}]},{\"@type\":\"WebSite\",\"@id\":\"https:\\\/\\\/www.lilleliis.com\\\/et\\\/#website\",\"url\":\"https:\\\/\\\/www.lilleliis.com\\\/et\\\/\",\"name\":\"lilleliis\",\"description\":\"Amigurumi m\u00e4nguasjad ja mustrid\",\"potentialAction\":[{\"@type\":\"SearchAction\",\"target\":{\"@type\":\"EntryPoint\",\"urlTemplate\":\"https:\\\/\\\/www.lilleliis.com\\\/et\\\/?s={search_term_string}\"},\"query-input\":{\"@type\":\"PropertyValueSpecification\",\"valueRequired\":true,\"valueName\":\"search_term_string\"}}],\"inLanguage\":\"et\"}]}<\/script>\n<!-- \/ Yoast SEO plugin. -->","yoast_head_json":{"title":"Postkaardid | Annika Metsla Fine Art fotopostkaardid","description":"Annika Metsla Fine Art postkaardid amigurumi loomadega. Fotopostkaardid on s\u00fcndinud fotograaf Annika Metsla ja m\u00e4nguasja disainer Mari-Liis Lille koost\u00f6\u00f6st.","robots":{"index":"index","follow":"follow","max-snippet":"max-snippet:-1","max-image-preview":"max-image-preview:large","max-video-preview":"max-video-preview:-1"},"canonical":"https:\/\/www.lilleliis.com\/et\/toode\/postkaardid\/","og_locale":"et_EE","og_type":"article","og_title":"Postkaardid | Annika Metsla Fine Art fotopostkaardid","og_description":"Annika Metsla Fine Art postkaardid amigurumi loomadega. Fotopostkaardid on s\u00fcndinud fotograaf Annika Metsla ja m\u00e4nguasja disainer Mari-Liis Lille koost\u00f6\u00f6st.","og_url":"https:\/\/www.lilleliis.com\/et\/toode\/postkaardid\/","og_site_name":"lilleliis","article_publisher":"https:\/\/www.facebook.com\/lilleliis-283266335035799\/","article_modified_time":"2025-10-25T17:03:46+00:00","og_image":[{"width":1024,"height":1024,"url":"https:\/\/www.lilleliis.com\/wp-content\/uploads\/2024\/10\/postkaardid2.jpg","type":"image\/jpeg"}],"twitter_card":"summary_large_image","twitter_misc":{"Est. reading time":"1 minute"},"schema":{"@context":"https:\/\/schema.org","@graph":[{"@type":"WebPage","@id":"https:\/\/www.lilleliis.com\/et\/toode\/postkaardid\/","url":"https:\/\/www.lilleliis.com\/et\/toode\/postkaardid\/","name":"Postkaardid | Annika Metsla Fine Art fotopostkaardid","isPartOf":{"@id":"https:\/\/www.lilleliis.com\/et\/#website"},"primaryImageOfPage":{"@id":"https:\/\/www.lilleliis.com\/et\/toode\/postkaardid\/#primaryimage"},"image":{"@id":"https:\/\/www.lilleliis.com\/et\/toode\/postkaardid\/#primaryimage"},"thumbnailUrl":"https:\/\/www.lilleliis.com\/wp-content\/uploads\/2024\/10\/postkaardid2.jpg","datePublished":"2024-11-08T10:54:39+00:00","dateModified":"2025-10-25T17:03:46+00:00","description":"Annika Metsla Fine Art postkaardid amigurumi loomadega. Fotopostkaardid on s\u00fcndinud fotograaf Annika Metsla ja m\u00e4nguasja disainer Mari-Liis Lille koost\u00f6\u00f6st.","breadcrumb":{"@id":"https:\/\/www.lilleliis.com\/et\/toode\/postkaardid\/#breadcrumb"},"inLanguage":"et","potentialAction":[{"@type":"ReadAction","target":["https:\/\/www.lilleliis.com\/et\/toode\/postkaardid\/"]}]},{"@type":"ImageObject","inLanguage":"et","@id":"https:\/\/www.lilleliis.com\/et\/toode\/postkaardid\/#primaryimage","url":"https:\/\/www.lilleliis.com\/wp-content\/uploads\/2024\/10\/postkaardid2.jpg","contentUrl":"https:\/\/www.lilleliis.com\/wp-content\/uploads\/2024\/10\/postkaardid2.jpg","width":1024,"height":1024,"caption":"postkaardid Annika Metsla"},{"@type":"BreadcrumbList","@id":"https:\/\/www.lilleliis.com\/et\/toode\/postkaardid\/#breadcrumb","itemListElement":[{"@type":"ListItem","position":1,"name":"Home","item":"https:\/\/www.lilleliis.com\/et\/"},{"@type":"ListItem","position":2,"name":"Pood","item":"https:\/\/www.lilleliis.com\/et\/shop\/"},{"@type":"ListItem","position":3,"name":"Postkaardid"}]},{"@type":"WebSite","@id":"https:\/\/www.lilleliis.com\/et\/#website","url":"https:\/\/www.lilleliis.com\/et\/","name":"lilleliis","description":"Amigurumi m\u00e4nguasjad ja mustrid","potentialAction":[{"@type":"SearchAction","target":{"@type":"EntryPoint","urlTemplate":"https:\/\/www.lilleliis.com\/et\/?s={search_term_string}"},"query-input":{"@type":"PropertyValueSpecification","valueRequired":true,"valueName":"search_term_string"}}],"inLanguage":"et"}]}},"_links":{"self":[{"href":"https:\/\/www.lilleliis.com\/et\/wp-json\/wp\/v2\/product\/97093","targetHints":{"allow":["GET"]}}],"collection":[{"href":"https:\/\/www.lilleliis.com\/et\/wp-json\/wp\/v2\/product"}],"about":[{"href":"https:\/\/www.lilleliis.com\/et\/wp-json\/wp\/v2\/types\/product"}],"replies":[{"embeddable":true,"href":"https:\/\/www.lilleliis.com\/et\/wp-json\/wp\/v2\/comments?post=97093"}],"wp:featuredmedia":[{"embeddable":true,"href":"https:\/\/www.lilleliis.com\/et\/wp-json\/wp\/v2\/media\/97096"}],"wp:attachment":[{"href":"https:\/\/www.lilleliis.com\/et\/wp-json\/wp\/v2\/media?parent=97093"}],"wp:term":[{"taxonomy":"product_brand","embeddable":true,"href":"https:\/\/www.lilleliis.com\/et\/wp-json\/wp\/v2\/product_brand?post=97093"},{"taxonomy":"product_cat","embeddable":true,"href":"https:\/\/www.lilleliis.com\/et\/wp-json\/wp\/v2\/product_cat?post=97093"},{"taxonomy":"product_tag","embeddable":true,"href":"https:\/\/www.lilleliis.com\/et\/wp-json\/wp\/v2\/product_tag?post=97093"}],"curies":[{"name":"wp","href":"https:\/\/api.w.org\/{rel}","templated":true}]}}