{"id":97248,"date":"2025-07-08T11:32:06","date_gmt":"2025-07-08T08:32:06","guid":{"rendered":"https:\/\/www.lilleliis.com\/?post_type=product&#038;p=97248"},"modified":"2026-04-20T15:11:31","modified_gmt":"2026-04-20T12:11:31","slug":"rico-creative-teddy","status":"publish","type":"product","link":"https:\/\/www.lilleliis.com\/et\/toode\/rico-creative-teddy\/","title":{"rendered":"Rico Creative Teddy &#8211; karval\u00f5ng &#8211; 100 g \/ 220 m"},"content":{"rendered":"<p>Lisa oma k\u00e4sit\u00f6\u00f6projektidele uut soojust ja elegantsi Creative Teddy l\u00f5ngaga, mis on loodud Rico Designi poolt.<\/p>\n<p>100% kvaliteetsest pol\u00fcestrist valmistatud l\u00f5ng on luksuslikult pehme ja siidine \u2013 ideaalne valik m\u00f5mmipehmete aksessuaaride, r\u00f5ivaste ja kaisuloomade valmistamiseks. Creative Teddy pehme tekstuur annab kauni \u00f5hulise efekti, mis muudab su k\u00e4sit\u00f6\u00f6 stiilseks ja ainulaadseks.<\/p>\n<div class=\"is-divider divider clearfix\" ><\/div>\n<h3>Suurus ja materjal<\/h3>\n<p>L\u00f5nga j\u00e4medus: 100g \/ 220m (Worsted, 10 ply, Medium)<\/p>\n<p>Materjal: 100% pol\u00fcester<\/p>\n<p>Tootja: Saksamaa<\/p>\n<div class=\"is-divider divider clearfix\" ><\/div>\n<h3>Hooldus<\/h3>\n<p>K\u00e4sipesu, max 30\u00b0C \/ kuivata tasapinnal<\/p>\n","protected":false},"excerpt":{"rendered":"<p>Creative Teddy on luksuslikult pehme ja siidine karval\u00f5ng, mis sobib ideaalselt kaisuloomade, aksessuaaride ja r\u00f5ivaste valmistamiseks. \u00d5huline ja pehme tekstuur lisab k\u00e4sit\u00f6\u00f6projektidele soojust ning elegantse ilme.<\/p>\n","protected":false},"featured_media":97243,"comment_status":"open","ping_status":"closed","template":"","meta":[],"product_brand":[1563],"product_cat":[708,429],"product_tag":[],"class_list":{"0":"post-97248","1":"product","2":"type-product","3":"status-publish","4":"has-post-thumbnail","6":"product_brand-rico-design","7":"product_cat-longad","8":"product_cat-kasitoo-tarvikud","9":"pa_color-kreemikas","10":"pa_color-pruun","11":"pa_special-features-kohev-tekstuur","12":"pa_yarn-weight-worsted-10-ply","14":"first","15":"instock","16":"sale","17":"taxable","18":"shipping-taxable","19":"purchasable","20":"product-type-variable"},"yoast_head":"<!-- This site is optimized with the Yoast SEO plugin v27.3 - https:\/\/yoast.com\/product\/yoast-seo-wordpress\/ -->\n<title>Rico Creative Teddy - karval\u00f5ng - 100 g \/ 220 m | lilleliis<\/title>\n<meta name=\"description\" content=\"Rico Creative Teddy on luksuslikult pehme ja siidine l\u00f5ng \u2013 ideaalne pehmete aksessuaaride, r\u00f5ivaste ja kaisuloomade valmistamiseks.\" \/>\n<meta name=\"robots\" content=\"index, follow, max-snippet:-1, max-image-preview:large, max-video-preview:-1\" \/>\n<link rel=\"canonical\" href=\"https:\/\/www.lilleliis.com\/et\/toode\/rico-creative-teddy\/\" \/>\n<meta property=\"og:locale\" content=\"et_EE\" \/>\n<meta property=\"og:type\" content=\"article\" \/>\n<meta property=\"og:title\" content=\"Rico Creative Teddy - karval\u00f5ng - 100 g \/ 220 m | lilleliis\" \/>\n<meta property=\"og:description\" content=\"Rico Creative Teddy on luksuslikult pehme ja siidine l\u00f5ng \u2013 ideaalne pehmete aksessuaaride, r\u00f5ivaste ja kaisuloomade valmistamiseks.\" \/>\n<meta property=\"og:url\" content=\"https:\/\/www.lilleliis.com\/et\/toode\/rico-creative-teddy\/\" \/>\n<meta property=\"og:site_name\" content=\"lilleliis\" \/>\n<meta property=\"article:publisher\" content=\"https:\/\/www.facebook.com\/lilleliis-283266335035799\/\" \/>\n<meta property=\"article:modified_time\" content=\"2026-04-20T12:11:31+00:00\" \/>\n<meta property=\"og:image\" content=\"https:\/\/www.lilleliis.com\/wp-content\/uploads\/2024\/11\/Rico-Creative-Teddy-006-brown.jpg\" \/>\n\t<meta property=\"og:image:width\" content=\"1500\" \/>\n\t<meta property=\"og:image:height\" content=\"1500\" \/>\n\t<meta property=\"og:image:type\" content=\"image\/jpeg\" \/>\n<meta name=\"twitter:card\" content=\"summary_large_image\" \/>\n<meta name=\"twitter:label1\" content=\"Est. reading time\" \/>\n\t<meta name=\"twitter:data1\" content=\"1 minute\" \/>\n<script type=\"application\/ld+json\" class=\"yoast-schema-graph\">{\"@context\":\"https:\\\/\\\/schema.org\",\"@graph\":[{\"@type\":\"WebPage\",\"@id\":\"https:\\\/\\\/www.lilleliis.com\\\/et\\\/toode\\\/rico-creative-teddy\\\/\",\"url\":\"https:\\\/\\\/www.lilleliis.com\\\/et\\\/toode\\\/rico-creative-teddy\\\/\",\"name\":\"Rico Creative Teddy - karval\u00f5ng - 100 g \\\/ 220 m | lilleliis\",\"isPartOf\":{\"@id\":\"https:\\\/\\\/www.lilleliis.com\\\/et\\\/#website\"},\"primaryImageOfPage\":{\"@id\":\"https:\\\/\\\/www.lilleliis.com\\\/et\\\/toode\\\/rico-creative-teddy\\\/#primaryimage\"},\"image\":{\"@id\":\"https:\\\/\\\/www.lilleliis.com\\\/et\\\/toode\\\/rico-creative-teddy\\\/#primaryimage\"},\"thumbnailUrl\":\"https:\\\/\\\/www.lilleliis.com\\\/wp-content\\\/uploads\\\/2024\\\/11\\\/Rico-Creative-Teddy-006-brown.jpg\",\"datePublished\":\"2025-07-08T08:32:06+00:00\",\"dateModified\":\"2026-04-20T12:11:31+00:00\",\"description\":\"Rico Creative Teddy on luksuslikult pehme ja siidine l\u00f5ng \u2013 ideaalne pehmete aksessuaaride, r\u00f5ivaste ja kaisuloomade valmistamiseks.\",\"breadcrumb\":{\"@id\":\"https:\\\/\\\/www.lilleliis.com\\\/et\\\/toode\\\/rico-creative-teddy\\\/#breadcrumb\"},\"inLanguage\":\"et\",\"potentialAction\":[{\"@type\":\"ReadAction\",\"target\":[\"https:\\\/\\\/www.lilleliis.com\\\/et\\\/toode\\\/rico-creative-teddy\\\/\"]}]},{\"@type\":\"ImageObject\",\"inLanguage\":\"et\",\"@id\":\"https:\\\/\\\/www.lilleliis.com\\\/et\\\/toode\\\/rico-creative-teddy\\\/#primaryimage\",\"url\":\"https:\\\/\\\/www.lilleliis.com\\\/wp-content\\\/uploads\\\/2024\\\/11\\\/Rico-Creative-Teddy-006-brown.jpg\",\"contentUrl\":\"https:\\\/\\\/www.lilleliis.com\\\/wp-content\\\/uploads\\\/2024\\\/11\\\/Rico-Creative-Teddy-006-brown.jpg\",\"width\":1500,\"height\":1500,\"caption\":\"Rico Creative Teddy 006 pruun\"},{\"@type\":\"BreadcrumbList\",\"@id\":\"https:\\\/\\\/www.lilleliis.com\\\/et\\\/toode\\\/rico-creative-teddy\\\/#breadcrumb\",\"itemListElement\":[{\"@type\":\"ListItem\",\"position\":1,\"name\":\"Home\",\"item\":\"https:\\\/\\\/www.lilleliis.com\\\/et\\\/\"},{\"@type\":\"ListItem\",\"position\":2,\"name\":\"Pood\",\"item\":\"https:\\\/\\\/www.lilleliis.com\\\/et\\\/shop\\\/\"},{\"@type\":\"ListItem\",\"position\":3,\"name\":\"Rico Creative Teddy &#8211; karval\u00f5ng &#8211; 100 g \\\/ 220 m\"}]},{\"@type\":\"WebSite\",\"@id\":\"https:\\\/\\\/www.lilleliis.com\\\/et\\\/#website\",\"url\":\"https:\\\/\\\/www.lilleliis.com\\\/et\\\/\",\"name\":\"lilleliis\",\"description\":\"Amigurumi m\u00e4nguasjad ja mustrid\",\"potentialAction\":[{\"@type\":\"SearchAction\",\"target\":{\"@type\":\"EntryPoint\",\"urlTemplate\":\"https:\\\/\\\/www.lilleliis.com\\\/et\\\/?s={search_term_string}\"},\"query-input\":{\"@type\":\"PropertyValueSpecification\",\"valueRequired\":true,\"valueName\":\"search_term_string\"}}],\"inLanguage\":\"et\"}]}<\/script>\n<!-- \/ Yoast SEO plugin. -->","yoast_head_json":{"title":"Rico Creative Teddy - karval\u00f5ng - 100 g \/ 220 m | lilleliis","description":"Rico Creative Teddy on luksuslikult pehme ja siidine l\u00f5ng \u2013 ideaalne pehmete aksessuaaride, r\u00f5ivaste ja kaisuloomade valmistamiseks.","robots":{"index":"index","follow":"follow","max-snippet":"max-snippet:-1","max-image-preview":"max-image-preview:large","max-video-preview":"max-video-preview:-1"},"canonical":"https:\/\/www.lilleliis.com\/et\/toode\/rico-creative-teddy\/","og_locale":"et_EE","og_type":"article","og_title":"Rico Creative Teddy - karval\u00f5ng - 100 g \/ 220 m | lilleliis","og_description":"Rico Creative Teddy on luksuslikult pehme ja siidine l\u00f5ng \u2013 ideaalne pehmete aksessuaaride, r\u00f5ivaste ja kaisuloomade valmistamiseks.","og_url":"https:\/\/www.lilleliis.com\/et\/toode\/rico-creative-teddy\/","og_site_name":"lilleliis","article_publisher":"https:\/\/www.facebook.com\/lilleliis-283266335035799\/","article_modified_time":"2026-04-20T12:11:31+00:00","og_image":[{"width":1500,"height":1500,"url":"https:\/\/www.lilleliis.com\/wp-content\/uploads\/2024\/11\/Rico-Creative-Teddy-006-brown.jpg","type":"image\/jpeg"}],"twitter_card":"summary_large_image","twitter_misc":{"Est. reading time":"1 minute"},"schema":{"@context":"https:\/\/schema.org","@graph":[{"@type":"WebPage","@id":"https:\/\/www.lilleliis.com\/et\/toode\/rico-creative-teddy\/","url":"https:\/\/www.lilleliis.com\/et\/toode\/rico-creative-teddy\/","name":"Rico Creative Teddy - karval\u00f5ng - 100 g \/ 220 m | lilleliis","isPartOf":{"@id":"https:\/\/www.lilleliis.com\/et\/#website"},"primaryImageOfPage":{"@id":"https:\/\/www.lilleliis.com\/et\/toode\/rico-creative-teddy\/#primaryimage"},"image":{"@id":"https:\/\/www.lilleliis.com\/et\/toode\/rico-creative-teddy\/#primaryimage"},"thumbnailUrl":"https:\/\/www.lilleliis.com\/wp-content\/uploads\/2024\/11\/Rico-Creative-Teddy-006-brown.jpg","datePublished":"2025-07-08T08:32:06+00:00","dateModified":"2026-04-20T12:11:31+00:00","description":"Rico Creative Teddy on luksuslikult pehme ja siidine l\u00f5ng \u2013 ideaalne pehmete aksessuaaride, r\u00f5ivaste ja kaisuloomade valmistamiseks.","breadcrumb":{"@id":"https:\/\/www.lilleliis.com\/et\/toode\/rico-creative-teddy\/#breadcrumb"},"inLanguage":"et","potentialAction":[{"@type":"ReadAction","target":["https:\/\/www.lilleliis.com\/et\/toode\/rico-creative-teddy\/"]}]},{"@type":"ImageObject","inLanguage":"et","@id":"https:\/\/www.lilleliis.com\/et\/toode\/rico-creative-teddy\/#primaryimage","url":"https:\/\/www.lilleliis.com\/wp-content\/uploads\/2024\/11\/Rico-Creative-Teddy-006-brown.jpg","contentUrl":"https:\/\/www.lilleliis.com\/wp-content\/uploads\/2024\/11\/Rico-Creative-Teddy-006-brown.jpg","width":1500,"height":1500,"caption":"Rico Creative Teddy 006 pruun"},{"@type":"BreadcrumbList","@id":"https:\/\/www.lilleliis.com\/et\/toode\/rico-creative-teddy\/#breadcrumb","itemListElement":[{"@type":"ListItem","position":1,"name":"Home","item":"https:\/\/www.lilleliis.com\/et\/"},{"@type":"ListItem","position":2,"name":"Pood","item":"https:\/\/www.lilleliis.com\/et\/shop\/"},{"@type":"ListItem","position":3,"name":"Rico Creative Teddy &#8211; karval\u00f5ng &#8211; 100 g \/ 220 m"}]},{"@type":"WebSite","@id":"https:\/\/www.lilleliis.com\/et\/#website","url":"https:\/\/www.lilleliis.com\/et\/","name":"lilleliis","description":"Amigurumi m\u00e4nguasjad ja mustrid","potentialAction":[{"@type":"SearchAction","target":{"@type":"EntryPoint","urlTemplate":"https:\/\/www.lilleliis.com\/et\/?s={search_term_string}"},"query-input":{"@type":"PropertyValueSpecification","valueRequired":true,"valueName":"search_term_string"}}],"inLanguage":"et"}]}},"_links":{"self":[{"href":"https:\/\/www.lilleliis.com\/et\/wp-json\/wp\/v2\/product\/97248","targetHints":{"allow":["GET"]}}],"collection":[{"href":"https:\/\/www.lilleliis.com\/et\/wp-json\/wp\/v2\/product"}],"about":[{"href":"https:\/\/www.lilleliis.com\/et\/wp-json\/wp\/v2\/types\/product"}],"replies":[{"embeddable":true,"href":"https:\/\/www.lilleliis.com\/et\/wp-json\/wp\/v2\/comments?post=97248"}],"wp:featuredmedia":[{"embeddable":true,"href":"https:\/\/www.lilleliis.com\/et\/wp-json\/wp\/v2\/media\/97243"}],"wp:attachment":[{"href":"https:\/\/www.lilleliis.com\/et\/wp-json\/wp\/v2\/media?parent=97248"}],"wp:term":[{"taxonomy":"product_brand","embeddable":true,"href":"https:\/\/www.lilleliis.com\/et\/wp-json\/wp\/v2\/product_brand?post=97248"},{"taxonomy":"product_cat","embeddable":true,"href":"https:\/\/www.lilleliis.com\/et\/wp-json\/wp\/v2\/product_cat?post=97248"},{"taxonomy":"product_tag","embeddable":true,"href":"https:\/\/www.lilleliis.com\/et\/wp-json\/wp\/v2\/product_tag?post=97248"}],"curies":[{"name":"wp","href":"https:\/\/api.w.org\/{rel}","templated":true}]}}