{"id":97828,"date":"2026-02-16T12:42:34","date_gmt":"2026-02-16T10:42:34","guid":{"rendered":"https:\/\/www.lilleliis.com\/?post_type=product&#038;p=97828"},"modified":"2026-04-02T17:08:09","modified_gmt":"2026-04-02T14:08:09","slug":"chenillove-senill-long","status":"publish","type":"product","link":"https:\/\/www.lilleliis.com\/et\/toode\/chenillove-senill-long\/","title":{"rendered":"Chenillove &#8211; pehme \u0161enill-l\u00f5ng &#8211; 100 g \/ 110 m"},"content":{"rendered":"<p>Chenillove on klassikaline 100% pol\u00fcestrist valmistatud \u0161enill-l\u00f5ng. \u00dchtlane ja \u00fcmar, tiheda \u0161enillstruktuuriga. L\u00f5ngal on elegantne matt l\u00e4ige ning see sobib ideaalselt beebitarvikute heegeldamiseks ja kudumiseks. Kvaliteetne l\u00f5ng tagab uskumatult ilusa koepinna. S\u00f5ltuvalt heegeln\u00f5ela (v\u00f5i varda) suurusest saab luua kas pehmeid beebitekke v\u00f5i vastupidava tekstuuriga kaisuloomi.<\/p>\n<p>\u0160enill-l\u00f5ngast amigurumi m\u00e4nguasjade heegeldamine on uskumatult populaarne ja seda ilmselt j\u00e4rgmistel p\u00f5hjustel:<\/p>\n<p><strong>Sametine pehmus<\/strong><\/p>\n<p>\u0160enill-l\u00f5nga sametine pehmus teeb m\u00e4nguasjad vastupandamatult pehmeks ja pakub seel\u00e4bi lohutavat turvatunnet.<\/p>\n<p><strong>Kaunis ja vastupidav viimistlus<\/strong><\/p>\n<p>Tihe struktuur ja peen matt l\u00e4ige annavad sileda ja veatu koemustri, mis loob luksusliku v\u00e4limuse. Lisaks tagab l\u00f5nga vastupidavus, et m\u00e4nguasjad s\u00e4ilitavad oma pehmuse ja kuju ka aja jooksul.<\/p>\n<p><strong>Suurus ja kiirus<\/strong><\/p>\n<p>\u0160enill-l\u00f5ng hoiab h\u00e4sti kuju ja m\u00e4nguasjad valmivad uskumatult kiiresti, eriti paksemate l\u00f5ngadega nagu Chenillove. L\u00f5ngade lai v\u00e4rvivalik lausa inspireerib m\u00e4nguasju looma.<\/p>\n<div class=\"is-divider divider clearfix\" ><\/div>\n<h3>Lilleliis soovitab:<\/h3>\n<ul>\n<li>Eriliselt pehmete m\u00e4nguloomade heegeldamiseks<\/li>\n<li>Kasuta Chenillove l\u00f5nga 4 mm heegeln\u00f5elaga<\/li>\n<\/ul>\n<div class=\"is-divider divider clearfix\" ><\/div>\n<h3>Suurus ja materjal<\/h3>\n<p>L\u00f5nga j\u00e4medus: 100g \/ 110m (Bulky, 12 ply)<\/p>\n<p>Materjal: 100% pol\u00fcester<\/p>\n<p>Tootja: Saksamaa<\/p>\n<div class=\"is-divider divider clearfix\" ><\/div>\n<h3>Kuidas l\u00f5nga hooldada<\/h3>\n<p>K\u00e4sipesu, max 30\u00b0C \/ kuivata tasapinnal<\/p>\n","protected":false},"excerpt":{"rendered":"<p>Chenillove on 100% pol\u00fcestrist ja m\u00f5nusalt j\u00e4me \u0161enill-l\u00f5ng, mis sobib suurep\u00e4raselt sametiselt pehmete kaisuloomade heegeldamiseks.<\/p>\n","protected":false},"featured_media":102572,"comment_status":"open","ping_status":"closed","template":"","meta":[],"product_brand":[1563],"product_cat":[708,429],"product_tag":[1592],"class_list":{"0":"post-97828","1":"product","2":"type-product","3":"status-publish","4":"has-post-thumbnail","6":"product_brand-rico-design","7":"product_cat-longad","8":"product_cat-kasitoo-tarvikud","9":"product_tag-senill-longad","10":"pa_rico-chenillove-colors-001-cream","11":"pa_rico-chenillove-colors-002-ecru","12":"pa_rico-chenillove-colors-003-vanilla-et","13":"pa_rico-chenillove-colors-005-pink","14":"pa_rico-chenillove-colors-007-lilac-et","15":"pa_rico-chenillove-colors-008-aqua","16":"pa_rico-chenillove-colors-010-light-blue","17":"pa_rico-chenillove-colors-011-beige","18":"pa_rico-chenillove-colors-012-brown","19":"pa_rico-chenillove-colors-013-grey","20":"pa_rico-chenillove-colors-014-black-et","21":"pa_rico-chenillove-colors-021-grun-et","22":"pa_rico-chenillove-colors-023-salbei-et","23":"pa_rico-chenillove-colors-024-oliv-et","24":"pa_special-features-kohev-tekstuur","25":"pa_yarn-weight-bulky-12-ply","27":"first","28":"instock","29":"taxable","30":"shipping-taxable","31":"purchasable","32":"product-type-variable"},"yoast_head":"<!-- This site is optimized with the Yoast SEO plugin v27.3 - https:\/\/yoast.com\/product\/yoast-seo-wordpress\/ -->\n<title>Chenillove - pehme \u0161enill-l\u00f5ng - 100 g \/ 110 m<\/title>\n<meta name=\"description\" content=\"Chenillove \u0161enill-l\u00f5ng suurte ja pehmete kaisukate valmistamiseks. \u0160enill-l\u00f5ng hoiab h\u00e4sti kuju ja m\u00e4nguasjad valmivad uskumatult kiiresti.\" \/>\n<meta name=\"robots\" content=\"index, follow, max-snippet:-1, max-image-preview:large, max-video-preview:-1\" \/>\n<link rel=\"canonical\" href=\"https:\/\/www.lilleliis.com\/et\/toode\/chenillove-senill-long\/\" \/>\n<meta property=\"og:locale\" content=\"et_EE\" \/>\n<meta property=\"og:type\" content=\"article\" \/>\n<meta property=\"og:title\" content=\"Chenillove - pehme \u0161enill-l\u00f5ng - 100 g \/ 110 m\" \/>\n<meta property=\"og:description\" content=\"Chenillove \u0161enill-l\u00f5ng suurte ja pehmete kaisukate valmistamiseks. \u0160enill-l\u00f5ng hoiab h\u00e4sti kuju ja m\u00e4nguasjad valmivad uskumatult kiiresti.\" \/>\n<meta property=\"og:url\" content=\"https:\/\/www.lilleliis.com\/et\/toode\/chenillove-senill-long\/\" \/>\n<meta property=\"og:site_name\" content=\"lilleliis\" \/>\n<meta property=\"article:publisher\" content=\"https:\/\/www.facebook.com\/lilleliis-283266335035799\/\" \/>\n<meta property=\"article:modified_time\" content=\"2026-04-02T14:08:09+00:00\" \/>\n<meta property=\"og:image\" content=\"https:\/\/www.lilleliis.com\/wp-content\/uploads\/2025\/10\/senill-long-chenillove1.jpg\" \/>\n\t<meta property=\"og:image:width\" content=\"1500\" \/>\n\t<meta property=\"og:image:height\" content=\"1500\" \/>\n\t<meta property=\"og:image:type\" content=\"image\/jpeg\" \/>\n<meta name=\"twitter:card\" content=\"summary_large_image\" \/>\n<meta name=\"twitter:label1\" content=\"Est. reading time\" \/>\n\t<meta name=\"twitter:data1\" content=\"1 minute\" \/>\n<script type=\"application\/ld+json\" class=\"yoast-schema-graph\">{\"@context\":\"https:\\\/\\\/schema.org\",\"@graph\":[{\"@type\":\"WebPage\",\"@id\":\"https:\\\/\\\/www.lilleliis.com\\\/et\\\/toode\\\/chenillove-senill-long\\\/\",\"url\":\"https:\\\/\\\/www.lilleliis.com\\\/et\\\/toode\\\/chenillove-senill-long\\\/\",\"name\":\"Chenillove - pehme \u0161enill-l\u00f5ng - 100 g \\\/ 110 m\",\"isPartOf\":{\"@id\":\"https:\\\/\\\/www.lilleliis.com\\\/et\\\/#website\"},\"primaryImageOfPage\":{\"@id\":\"https:\\\/\\\/www.lilleliis.com\\\/et\\\/toode\\\/chenillove-senill-long\\\/#primaryimage\"},\"image\":{\"@id\":\"https:\\\/\\\/www.lilleliis.com\\\/et\\\/toode\\\/chenillove-senill-long\\\/#primaryimage\"},\"thumbnailUrl\":\"https:\\\/\\\/www.lilleliis.com\\\/wp-content\\\/uploads\\\/2025\\\/10\\\/senill-long-chenillove1.jpg\",\"datePublished\":\"2026-02-16T10:42:34+00:00\",\"dateModified\":\"2026-04-02T14:08:09+00:00\",\"description\":\"Chenillove \u0161enill-l\u00f5ng suurte ja pehmete kaisukate valmistamiseks. \u0160enill-l\u00f5ng hoiab h\u00e4sti kuju ja m\u00e4nguasjad valmivad uskumatult kiiresti.\",\"breadcrumb\":{\"@id\":\"https:\\\/\\\/www.lilleliis.com\\\/et\\\/toode\\\/chenillove-senill-long\\\/#breadcrumb\"},\"inLanguage\":\"et\",\"potentialAction\":[{\"@type\":\"ReadAction\",\"target\":[\"https:\\\/\\\/www.lilleliis.com\\\/et\\\/toode\\\/chenillove-senill-long\\\/\"]}]},{\"@type\":\"ImageObject\",\"inLanguage\":\"et\",\"@id\":\"https:\\\/\\\/www.lilleliis.com\\\/et\\\/toode\\\/chenillove-senill-long\\\/#primaryimage\",\"url\":\"https:\\\/\\\/www.lilleliis.com\\\/wp-content\\\/uploads\\\/2025\\\/10\\\/senill-long-chenillove1.jpg\",\"contentUrl\":\"https:\\\/\\\/www.lilleliis.com\\\/wp-content\\\/uploads\\\/2025\\\/10\\\/senill-long-chenillove1.jpg\",\"width\":1500,\"height\":1500,\"caption\":\"\u0161enill l\u00f5ng chenillove\"},{\"@type\":\"BreadcrumbList\",\"@id\":\"https:\\\/\\\/www.lilleliis.com\\\/et\\\/toode\\\/chenillove-senill-long\\\/#breadcrumb\",\"itemListElement\":[{\"@type\":\"ListItem\",\"position\":1,\"name\":\"Home\",\"item\":\"https:\\\/\\\/www.lilleliis.com\\\/et\\\/\"},{\"@type\":\"ListItem\",\"position\":2,\"name\":\"Pood\",\"item\":\"https:\\\/\\\/www.lilleliis.com\\\/et\\\/shop\\\/\"},{\"@type\":\"ListItem\",\"position\":3,\"name\":\"Chenillove &#8211; pehme \u0161enill-l\u00f5ng &#8211; 100 g \\\/ 110 m\"}]},{\"@type\":\"WebSite\",\"@id\":\"https:\\\/\\\/www.lilleliis.com\\\/et\\\/#website\",\"url\":\"https:\\\/\\\/www.lilleliis.com\\\/et\\\/\",\"name\":\"lilleliis\",\"description\":\"Amigurumi m\u00e4nguasjad ja mustrid\",\"potentialAction\":[{\"@type\":\"SearchAction\",\"target\":{\"@type\":\"EntryPoint\",\"urlTemplate\":\"https:\\\/\\\/www.lilleliis.com\\\/et\\\/?s={search_term_string}\"},\"query-input\":{\"@type\":\"PropertyValueSpecification\",\"valueRequired\":true,\"valueName\":\"search_term_string\"}}],\"inLanguage\":\"et\"}]}<\/script>\n<!-- \/ Yoast SEO plugin. -->","yoast_head_json":{"title":"Chenillove - pehme \u0161enill-l\u00f5ng - 100 g \/ 110 m","description":"Chenillove \u0161enill-l\u00f5ng suurte ja pehmete kaisukate valmistamiseks. \u0160enill-l\u00f5ng hoiab h\u00e4sti kuju ja m\u00e4nguasjad valmivad uskumatult kiiresti.","robots":{"index":"index","follow":"follow","max-snippet":"max-snippet:-1","max-image-preview":"max-image-preview:large","max-video-preview":"max-video-preview:-1"},"canonical":"https:\/\/www.lilleliis.com\/et\/toode\/chenillove-senill-long\/","og_locale":"et_EE","og_type":"article","og_title":"Chenillove - pehme \u0161enill-l\u00f5ng - 100 g \/ 110 m","og_description":"Chenillove \u0161enill-l\u00f5ng suurte ja pehmete kaisukate valmistamiseks. \u0160enill-l\u00f5ng hoiab h\u00e4sti kuju ja m\u00e4nguasjad valmivad uskumatult kiiresti.","og_url":"https:\/\/www.lilleliis.com\/et\/toode\/chenillove-senill-long\/","og_site_name":"lilleliis","article_publisher":"https:\/\/www.facebook.com\/lilleliis-283266335035799\/","article_modified_time":"2026-04-02T14:08:09+00:00","og_image":[{"width":1500,"height":1500,"url":"https:\/\/www.lilleliis.com\/wp-content\/uploads\/2025\/10\/senill-long-chenillove1.jpg","type":"image\/jpeg"}],"twitter_card":"summary_large_image","twitter_misc":{"Est. reading time":"1 minute"},"schema":{"@context":"https:\/\/schema.org","@graph":[{"@type":"WebPage","@id":"https:\/\/www.lilleliis.com\/et\/toode\/chenillove-senill-long\/","url":"https:\/\/www.lilleliis.com\/et\/toode\/chenillove-senill-long\/","name":"Chenillove - pehme \u0161enill-l\u00f5ng - 100 g \/ 110 m","isPartOf":{"@id":"https:\/\/www.lilleliis.com\/et\/#website"},"primaryImageOfPage":{"@id":"https:\/\/www.lilleliis.com\/et\/toode\/chenillove-senill-long\/#primaryimage"},"image":{"@id":"https:\/\/www.lilleliis.com\/et\/toode\/chenillove-senill-long\/#primaryimage"},"thumbnailUrl":"https:\/\/www.lilleliis.com\/wp-content\/uploads\/2025\/10\/senill-long-chenillove1.jpg","datePublished":"2026-02-16T10:42:34+00:00","dateModified":"2026-04-02T14:08:09+00:00","description":"Chenillove \u0161enill-l\u00f5ng suurte ja pehmete kaisukate valmistamiseks. \u0160enill-l\u00f5ng hoiab h\u00e4sti kuju ja m\u00e4nguasjad valmivad uskumatult kiiresti.","breadcrumb":{"@id":"https:\/\/www.lilleliis.com\/et\/toode\/chenillove-senill-long\/#breadcrumb"},"inLanguage":"et","potentialAction":[{"@type":"ReadAction","target":["https:\/\/www.lilleliis.com\/et\/toode\/chenillove-senill-long\/"]}]},{"@type":"ImageObject","inLanguage":"et","@id":"https:\/\/www.lilleliis.com\/et\/toode\/chenillove-senill-long\/#primaryimage","url":"https:\/\/www.lilleliis.com\/wp-content\/uploads\/2025\/10\/senill-long-chenillove1.jpg","contentUrl":"https:\/\/www.lilleliis.com\/wp-content\/uploads\/2025\/10\/senill-long-chenillove1.jpg","width":1500,"height":1500,"caption":"\u0161enill l\u00f5ng chenillove"},{"@type":"BreadcrumbList","@id":"https:\/\/www.lilleliis.com\/et\/toode\/chenillove-senill-long\/#breadcrumb","itemListElement":[{"@type":"ListItem","position":1,"name":"Home","item":"https:\/\/www.lilleliis.com\/et\/"},{"@type":"ListItem","position":2,"name":"Pood","item":"https:\/\/www.lilleliis.com\/et\/shop\/"},{"@type":"ListItem","position":3,"name":"Chenillove &#8211; pehme \u0161enill-l\u00f5ng &#8211; 100 g \/ 110 m"}]},{"@type":"WebSite","@id":"https:\/\/www.lilleliis.com\/et\/#website","url":"https:\/\/www.lilleliis.com\/et\/","name":"lilleliis","description":"Amigurumi m\u00e4nguasjad ja mustrid","potentialAction":[{"@type":"SearchAction","target":{"@type":"EntryPoint","urlTemplate":"https:\/\/www.lilleliis.com\/et\/?s={search_term_string}"},"query-input":{"@type":"PropertyValueSpecification","valueRequired":true,"valueName":"search_term_string"}}],"inLanguage":"et"}]}},"_links":{"self":[{"href":"https:\/\/www.lilleliis.com\/et\/wp-json\/wp\/v2\/product\/97828","targetHints":{"allow":["GET"]}}],"collection":[{"href":"https:\/\/www.lilleliis.com\/et\/wp-json\/wp\/v2\/product"}],"about":[{"href":"https:\/\/www.lilleliis.com\/et\/wp-json\/wp\/v2\/types\/product"}],"replies":[{"embeddable":true,"href":"https:\/\/www.lilleliis.com\/et\/wp-json\/wp\/v2\/comments?post=97828"}],"wp:featuredmedia":[{"embeddable":true,"href":"https:\/\/www.lilleliis.com\/et\/wp-json\/wp\/v2\/media\/102572"}],"wp:attachment":[{"href":"https:\/\/www.lilleliis.com\/et\/wp-json\/wp\/v2\/media?parent=97828"}],"wp:term":[{"taxonomy":"product_brand","embeddable":true,"href":"https:\/\/www.lilleliis.com\/et\/wp-json\/wp\/v2\/product_brand?post=97828"},{"taxonomy":"product_cat","embeddable":true,"href":"https:\/\/www.lilleliis.com\/et\/wp-json\/wp\/v2\/product_cat?post=97828"},{"taxonomy":"product_tag","embeddable":true,"href":"https:\/\/www.lilleliis.com\/et\/wp-json\/wp\/v2\/product_tag?post=97828"}],"curies":[{"name":"wp","href":"https:\/\/api.w.org\/{rel}","templated":true}]}}