{"id":98387,"date":"2025-11-26T16:13:29","date_gmt":"2025-11-26T14:13:29","guid":{"rendered":"https:\/\/www.lilleliis.com\/?post_type=product&#038;p=98387"},"modified":"2026-03-09T09:55:03","modified_gmt":"2026-03-09T07:55:03","slug":"kasitookaarid-toonekurg","status":"publish","type":"product","link":"https:\/\/www.lilleliis.com\/et\/toode\/kasitookaarid-toonekurg\/","title":{"rendered":"K\u00e4sit\u00f6\u00f6k\u00e4\u00e4rid toonekurg 11,5 cm kuld-roosa"},"content":{"rendered":null,"protected":false},"excerpt":{"rendered":"<p>K\u00e4sit\u00f6\u00f6k\u00e4\u00e4rid on lahutamatu osa m\u00f5nusast t\u00f6\u00f6protsessist. Kaunid toonekure k\u00e4\u00e4rid on t\u00e4nu mugavale suurusele lausa asendamatu ese \u00f5mblustarvete korvis. See klassikaline tikandik\u00e4\u00e4ride mudel on v\u00e4ga teravate teradega ning peenikese otsa t\u00f5ttu ideaalne l\u00f5nga l\u00f5ikamiseks kanga l\u00e4hedalt. K\u00e4\u00e4rid sobivad ka kanga servade t\u00e4pseks l\u00f5ikamiseks v\u00f5i s\u00e4lgutamiseks, \u00f5mbluste harutamiseks ja n\u00f6\u00f6paukude l\u00f5ikamiseks.<\/p>\n<p>T\u00f5eliselt fotogeenilised kuld-roosa toonides toonekure k\u00e4\u00e4rid on ka kauniks aksessuaariks ilupiltide tegemisel sotsiaalmeedia postituste jaoks.<\/p>\n<div class=\"is-divider divider clearfix\" style=\"max-width:100%;\"><\/div>\n<p>Suurus: 11,5 cm<\/p>\n<p>Materjal: roostevaba teras<\/p>\n<p>V\u00e4rv: kuld-roosa<\/p>\n","protected":false},"featured_media":98389,"comment_status":"open","ping_status":"closed","template":"","meta":[],"product_brand":[],"product_cat":[429,568],"product_tag":[1576,1722],"class_list":{"0":"post-98387","1":"product","2":"type-product","3":"status-publish","4":"has-post-thumbnail","6":"product_cat-kasitoo-tarvikud","7":"product_cat-muud-tarvikud","8":"product_tag-kasitookaarid","9":"product_tag-kingitus-kasitooarmastajale","11":"first","12":"outofstock","13":"taxable","14":"shipping-taxable","15":"purchasable","16":"product-type-simple"},"yoast_head":"<!-- This site is optimized with the Yoast SEO plugin v27.3 - https:\/\/yoast.com\/product\/yoast-seo-wordpress\/ -->\n<title>K\u00e4sit\u00f6\u00f6k\u00e4\u00e4rid toonekurg 11,5 cm kuld-roosa | K\u00e4sit\u00f6\u00f6 tarvikud | lilleliis<\/title>\n<meta name=\"description\" content=\"K\u00e4sit\u00f6\u00f6k\u00e4\u00e4rid toonekurg on klassikaline tikandik\u00e4\u00e4ride mudel. V\u00e4ga teravate teradega ning peenikese otsa t\u00f5ttu ideaalne l\u00f5nga l\u00f5ikamiseks kanga l\u00e4hedalt.\" \/>\n<meta name=\"robots\" content=\"index, follow, max-snippet:-1, max-image-preview:large, max-video-preview:-1\" \/>\n<link rel=\"canonical\" href=\"https:\/\/www.lilleliis.com\/et\/toode\/kasitookaarid-toonekurg\/\" \/>\n<meta property=\"og:locale\" content=\"et_EE\" \/>\n<meta property=\"og:type\" content=\"article\" \/>\n<meta property=\"og:title\" content=\"K\u00e4sit\u00f6\u00f6k\u00e4\u00e4rid toonekurg 11,5 cm kuld-roosa | K\u00e4sit\u00f6\u00f6 tarvikud | lilleliis\" \/>\n<meta property=\"og:description\" content=\"K\u00e4sit\u00f6\u00f6k\u00e4\u00e4rid toonekurg on klassikaline tikandik\u00e4\u00e4ride mudel. V\u00e4ga teravate teradega ning peenikese otsa t\u00f5ttu ideaalne l\u00f5nga l\u00f5ikamiseks kanga l\u00e4hedalt.\" \/>\n<meta property=\"og:url\" content=\"https:\/\/www.lilleliis.com\/et\/toode\/kasitookaarid-toonekurg\/\" \/>\n<meta property=\"og:site_name\" content=\"lilleliis\" \/>\n<meta property=\"article:publisher\" content=\"https:\/\/www.facebook.com\/lilleliis-283266335035799\/\" \/>\n<meta property=\"article:modified_time\" content=\"2026-03-09T07:55:03+00:00\" \/>\n<meta property=\"og:image\" content=\"https:\/\/www.lilleliis.com\/wp-content\/uploads\/2025\/02\/kasitookaarid-kurg.webp\" \/>\n\t<meta property=\"og:image:width\" content=\"1000\" \/>\n\t<meta property=\"og:image:height\" content=\"1000\" \/>\n\t<meta property=\"og:image:type\" content=\"image\/webp\" \/>\n<meta name=\"twitter:card\" content=\"summary_large_image\" \/>\n<meta name=\"twitter:label1\" content=\"Est. reading time\" \/>\n\t<meta name=\"twitter:data1\" content=\"1 minute\" \/>\n<script type=\"application\/ld+json\" class=\"yoast-schema-graph\">{\"@context\":\"https:\\\/\\\/schema.org\",\"@graph\":[{\"@type\":\"WebPage\",\"@id\":\"https:\\\/\\\/www.lilleliis.com\\\/et\\\/toode\\\/kasitookaarid-toonekurg\\\/\",\"url\":\"https:\\\/\\\/www.lilleliis.com\\\/et\\\/toode\\\/kasitookaarid-toonekurg\\\/\",\"name\":\"K\u00e4sit\u00f6\u00f6k\u00e4\u00e4rid toonekurg 11,5 cm kuld-roosa | K\u00e4sit\u00f6\u00f6 tarvikud | lilleliis\",\"isPartOf\":{\"@id\":\"https:\\\/\\\/www.lilleliis.com\\\/et\\\/#website\"},\"primaryImageOfPage\":{\"@id\":\"https:\\\/\\\/www.lilleliis.com\\\/et\\\/toode\\\/kasitookaarid-toonekurg\\\/#primaryimage\"},\"image\":{\"@id\":\"https:\\\/\\\/www.lilleliis.com\\\/et\\\/toode\\\/kasitookaarid-toonekurg\\\/#primaryimage\"},\"thumbnailUrl\":\"https:\\\/\\\/www.lilleliis.com\\\/wp-content\\\/uploads\\\/2025\\\/02\\\/kasitookaarid-kurg.webp\",\"datePublished\":\"2025-11-26T14:13:29+00:00\",\"dateModified\":\"2026-03-09T07:55:03+00:00\",\"description\":\"K\u00e4sit\u00f6\u00f6k\u00e4\u00e4rid toonekurg on klassikaline tikandik\u00e4\u00e4ride mudel. V\u00e4ga teravate teradega ning peenikese otsa t\u00f5ttu ideaalne l\u00f5nga l\u00f5ikamiseks kanga l\u00e4hedalt.\",\"breadcrumb\":{\"@id\":\"https:\\\/\\\/www.lilleliis.com\\\/et\\\/toode\\\/kasitookaarid-toonekurg\\\/#breadcrumb\"},\"inLanguage\":\"et\",\"potentialAction\":[{\"@type\":\"ReadAction\",\"target\":[\"https:\\\/\\\/www.lilleliis.com\\\/et\\\/toode\\\/kasitookaarid-toonekurg\\\/\"]}]},{\"@type\":\"ImageObject\",\"inLanguage\":\"et\",\"@id\":\"https:\\\/\\\/www.lilleliis.com\\\/et\\\/toode\\\/kasitookaarid-toonekurg\\\/#primaryimage\",\"url\":\"https:\\\/\\\/www.lilleliis.com\\\/wp-content\\\/uploads\\\/2025\\\/02\\\/kasitookaarid-kurg.webp\",\"contentUrl\":\"https:\\\/\\\/www.lilleliis.com\\\/wp-content\\\/uploads\\\/2025\\\/02\\\/kasitookaarid-kurg.webp\",\"width\":1000,\"height\":1000,\"caption\":\"k\u00e4sit\u00f6\u00f6k\u00e4\u00e4rid kurg\"},{\"@type\":\"BreadcrumbList\",\"@id\":\"https:\\\/\\\/www.lilleliis.com\\\/et\\\/toode\\\/kasitookaarid-toonekurg\\\/#breadcrumb\",\"itemListElement\":[{\"@type\":\"ListItem\",\"position\":1,\"name\":\"Home\",\"item\":\"https:\\\/\\\/www.lilleliis.com\\\/et\\\/\"},{\"@type\":\"ListItem\",\"position\":2,\"name\":\"Pood\",\"item\":\"https:\\\/\\\/www.lilleliis.com\\\/et\\\/shop\\\/\"},{\"@type\":\"ListItem\",\"position\":3,\"name\":\"K\u00e4sit\u00f6\u00f6k\u00e4\u00e4rid toonekurg 11,5 cm kuld-roosa\"}]},{\"@type\":\"WebSite\",\"@id\":\"https:\\\/\\\/www.lilleliis.com\\\/et\\\/#website\",\"url\":\"https:\\\/\\\/www.lilleliis.com\\\/et\\\/\",\"name\":\"lilleliis\",\"description\":\"Amigurumi m\u00e4nguasjad ja mustrid\",\"potentialAction\":[{\"@type\":\"SearchAction\",\"target\":{\"@type\":\"EntryPoint\",\"urlTemplate\":\"https:\\\/\\\/www.lilleliis.com\\\/et\\\/?s={search_term_string}\"},\"query-input\":{\"@type\":\"PropertyValueSpecification\",\"valueRequired\":true,\"valueName\":\"search_term_string\"}}],\"inLanguage\":\"et\"}]}<\/script>\n<!-- \/ Yoast SEO plugin. -->","yoast_head_json":{"title":"K\u00e4sit\u00f6\u00f6k\u00e4\u00e4rid toonekurg 11,5 cm kuld-roosa | K\u00e4sit\u00f6\u00f6 tarvikud | lilleliis","description":"K\u00e4sit\u00f6\u00f6k\u00e4\u00e4rid toonekurg on klassikaline tikandik\u00e4\u00e4ride mudel. V\u00e4ga teravate teradega ning peenikese otsa t\u00f5ttu ideaalne l\u00f5nga l\u00f5ikamiseks kanga l\u00e4hedalt.","robots":{"index":"index","follow":"follow","max-snippet":"max-snippet:-1","max-image-preview":"max-image-preview:large","max-video-preview":"max-video-preview:-1"},"canonical":"https:\/\/www.lilleliis.com\/et\/toode\/kasitookaarid-toonekurg\/","og_locale":"et_EE","og_type":"article","og_title":"K\u00e4sit\u00f6\u00f6k\u00e4\u00e4rid toonekurg 11,5 cm kuld-roosa | K\u00e4sit\u00f6\u00f6 tarvikud | lilleliis","og_description":"K\u00e4sit\u00f6\u00f6k\u00e4\u00e4rid toonekurg on klassikaline tikandik\u00e4\u00e4ride mudel. V\u00e4ga teravate teradega ning peenikese otsa t\u00f5ttu ideaalne l\u00f5nga l\u00f5ikamiseks kanga l\u00e4hedalt.","og_url":"https:\/\/www.lilleliis.com\/et\/toode\/kasitookaarid-toonekurg\/","og_site_name":"lilleliis","article_publisher":"https:\/\/www.facebook.com\/lilleliis-283266335035799\/","article_modified_time":"2026-03-09T07:55:03+00:00","og_image":[{"width":1000,"height":1000,"url":"https:\/\/www.lilleliis.com\/wp-content\/uploads\/2025\/02\/kasitookaarid-kurg.webp","type":"image\/webp"}],"twitter_card":"summary_large_image","twitter_misc":{"Est. reading time":"1 minute"},"schema":{"@context":"https:\/\/schema.org","@graph":[{"@type":"WebPage","@id":"https:\/\/www.lilleliis.com\/et\/toode\/kasitookaarid-toonekurg\/","url":"https:\/\/www.lilleliis.com\/et\/toode\/kasitookaarid-toonekurg\/","name":"K\u00e4sit\u00f6\u00f6k\u00e4\u00e4rid toonekurg 11,5 cm kuld-roosa | K\u00e4sit\u00f6\u00f6 tarvikud | lilleliis","isPartOf":{"@id":"https:\/\/www.lilleliis.com\/et\/#website"},"primaryImageOfPage":{"@id":"https:\/\/www.lilleliis.com\/et\/toode\/kasitookaarid-toonekurg\/#primaryimage"},"image":{"@id":"https:\/\/www.lilleliis.com\/et\/toode\/kasitookaarid-toonekurg\/#primaryimage"},"thumbnailUrl":"https:\/\/www.lilleliis.com\/wp-content\/uploads\/2025\/02\/kasitookaarid-kurg.webp","datePublished":"2025-11-26T14:13:29+00:00","dateModified":"2026-03-09T07:55:03+00:00","description":"K\u00e4sit\u00f6\u00f6k\u00e4\u00e4rid toonekurg on klassikaline tikandik\u00e4\u00e4ride mudel. V\u00e4ga teravate teradega ning peenikese otsa t\u00f5ttu ideaalne l\u00f5nga l\u00f5ikamiseks kanga l\u00e4hedalt.","breadcrumb":{"@id":"https:\/\/www.lilleliis.com\/et\/toode\/kasitookaarid-toonekurg\/#breadcrumb"},"inLanguage":"et","potentialAction":[{"@type":"ReadAction","target":["https:\/\/www.lilleliis.com\/et\/toode\/kasitookaarid-toonekurg\/"]}]},{"@type":"ImageObject","inLanguage":"et","@id":"https:\/\/www.lilleliis.com\/et\/toode\/kasitookaarid-toonekurg\/#primaryimage","url":"https:\/\/www.lilleliis.com\/wp-content\/uploads\/2025\/02\/kasitookaarid-kurg.webp","contentUrl":"https:\/\/www.lilleliis.com\/wp-content\/uploads\/2025\/02\/kasitookaarid-kurg.webp","width":1000,"height":1000,"caption":"k\u00e4sit\u00f6\u00f6k\u00e4\u00e4rid kurg"},{"@type":"BreadcrumbList","@id":"https:\/\/www.lilleliis.com\/et\/toode\/kasitookaarid-toonekurg\/#breadcrumb","itemListElement":[{"@type":"ListItem","position":1,"name":"Home","item":"https:\/\/www.lilleliis.com\/et\/"},{"@type":"ListItem","position":2,"name":"Pood","item":"https:\/\/www.lilleliis.com\/et\/shop\/"},{"@type":"ListItem","position":3,"name":"K\u00e4sit\u00f6\u00f6k\u00e4\u00e4rid toonekurg 11,5 cm kuld-roosa"}]},{"@type":"WebSite","@id":"https:\/\/www.lilleliis.com\/et\/#website","url":"https:\/\/www.lilleliis.com\/et\/","name":"lilleliis","description":"Amigurumi m\u00e4nguasjad ja mustrid","potentialAction":[{"@type":"SearchAction","target":{"@type":"EntryPoint","urlTemplate":"https:\/\/www.lilleliis.com\/et\/?s={search_term_string}"},"query-input":{"@type":"PropertyValueSpecification","valueRequired":true,"valueName":"search_term_string"}}],"inLanguage":"et"}]}},"_links":{"self":[{"href":"https:\/\/www.lilleliis.com\/et\/wp-json\/wp\/v2\/product\/98387","targetHints":{"allow":["GET"]}}],"collection":[{"href":"https:\/\/www.lilleliis.com\/et\/wp-json\/wp\/v2\/product"}],"about":[{"href":"https:\/\/www.lilleliis.com\/et\/wp-json\/wp\/v2\/types\/product"}],"replies":[{"embeddable":true,"href":"https:\/\/www.lilleliis.com\/et\/wp-json\/wp\/v2\/comments?post=98387"}],"wp:featuredmedia":[{"embeddable":true,"href":"https:\/\/www.lilleliis.com\/et\/wp-json\/wp\/v2\/media\/98389"}],"wp:attachment":[{"href":"https:\/\/www.lilleliis.com\/et\/wp-json\/wp\/v2\/media?parent=98387"}],"wp:term":[{"taxonomy":"product_brand","embeddable":true,"href":"https:\/\/www.lilleliis.com\/et\/wp-json\/wp\/v2\/product_brand?post=98387"},{"taxonomy":"product_cat","embeddable":true,"href":"https:\/\/www.lilleliis.com\/et\/wp-json\/wp\/v2\/product_cat?post=98387"},{"taxonomy":"product_tag","embeddable":true,"href":"https:\/\/www.lilleliis.com\/et\/wp-json\/wp\/v2\/product_tag?post=98387"}],"curies":[{"name":"wp","href":"https:\/\/api.w.org\/{rel}","templated":true}]}}