{"id":98403,"date":"2025-10-13T21:00:33","date_gmt":"2025-10-13T18:00:33","guid":{"rendered":"https:\/\/www.lilleliis.com\/?post_type=product&#038;p=98403"},"modified":"2026-03-10T13:50:48","modified_gmt":"2026-03-10T11:50:48","slug":"merino-plus-tweed-tviidlong","status":"publish","type":"product","link":"https:\/\/www.lilleliis.com\/et\/toode\/merino-plus-tweed-tviidlong\/","title":{"rendered":"Essentials Merino Plus Tweed DK tviid-l\u00f5ng &#8211; 50 g \/ 125 m"},"content":{"rendered":"<p>Essentials Merino Plus Tweed DK on klassikaline tviidl\u00f5ng, millest loodud kudumid on kauni ja \u00fchtlase koepinnaga. Peened t\u00e4pid annavad sinu t\u00f6\u00f6dele v\u00f5luva, maal\u00e4hedase ilme.<\/p>\n<p>Mis amigurumit puudutab, siis tviidl\u00f5ngast saab luua imelisi vintage-h\u00f5ngulisi m\u00e4nguasju, kaisukarusid ja vanaaegse moega nukuriideid.<\/p>\n<p>Inspiratsiooni v\u00f5id leida minu raamatust <a href=\"https:\/\/www.lilleliis.com\/et\/kasitooraamatud\/unustamatud-lapsepolvelelud\/\">&#8220;Unustamatud lapsep\u00f5lvelelud&#8221;<\/a>.<\/p>\n<div class=\"is-divider divider clearfix\" ><\/div>\n<h3>Suurus ja materjal<\/h3>\n<p>L\u00f5nga j\u00e4medus: 50g \/ 125m (DK, 8 ply)<\/p>\n<p>Materjal: 45% pol\u00fcakr\u00fc\u00fcl, 45% vill, 10% viskoos<\/p>\n<p>Rico kaubam\u00e4rk p\u00e4rineb Saksamaalt.<\/p>\n<div class=\"is-divider divider clearfix\" ><\/div>\n<h3>Kuidas l\u00f5nga hooldada<\/h3>\n<p>K\u00e4sipesu, max 30\u00b0C \/ kuivata tasapinnal<\/p>\n","protected":false},"excerpt":{"rendered":"<p>Essentials Merino Plus Tweed DK on klassikaline tviidl\u00f5ng, mis loob \u00fchtlase koepinna ja kauni maal\u00e4hedase ilme. Ideaalne vintage-h\u00f5nguliste amigurumide, kaisukarude ja nukuriiete valmistamiseks. Kaunites loodusl\u00e4hedastes toonides.<\/p>\n","protected":false},"featured_media":105363,"comment_status":"open","ping_status":"closed","template":"","meta":[],"product_brand":[1563],"product_cat":[708,429],"product_tag":[1589],"class_list":{"0":"post-98403","1":"product","2":"type-product","3":"status-publish","4":"has-post-thumbnail","6":"product_brand-rico-design","7":"product_cat-longad","8":"product_cat-kasitoo-tarvikud","9":"product_tag-villased-longad","11":"first","12":"instock","13":"taxable","14":"shipping-taxable","15":"purchasable","16":"product-type-variable"},"yoast_head":"<!-- This site is optimized with the Yoast SEO plugin v27.3 - https:\/\/yoast.com\/product\/yoast-seo-wordpress\/ -->\n<title>Essentials Merino Plus Tweed DK tviid-l\u00f5ng | 50 g \/ 125 m<\/title>\n<meta name=\"description\" content=\"Essentials Merino Plus Tweed DK on kvaliteetne tviidl\u00f5ng, millest saab luua imelisi vintage m\u00e4nguasju, kaisukarusid ja vanaaegse moega nukuriideid.\" \/>\n<meta name=\"robots\" content=\"index, follow, max-snippet:-1, max-image-preview:large, max-video-preview:-1\" \/>\n<link rel=\"canonical\" href=\"https:\/\/www.lilleliis.com\/et\/toode\/merino-plus-tweed-tviidlong\/\" \/>\n<meta property=\"og:locale\" content=\"et_EE\" \/>\n<meta property=\"og:type\" content=\"article\" \/>\n<meta property=\"og:title\" content=\"Essentials Merino Plus Tweed DK tviid-l\u00f5ng | 50 g \/ 125 m\" \/>\n<meta property=\"og:description\" content=\"Essentials Merino Plus Tweed DK on kvaliteetne tviidl\u00f5ng, millest saab luua imelisi vintage m\u00e4nguasju, kaisukarusid ja vanaaegse moega nukuriideid.\" \/>\n<meta property=\"og:url\" content=\"https:\/\/www.lilleliis.com\/et\/toode\/merino-plus-tweed-tviidlong\/\" \/>\n<meta property=\"og:site_name\" content=\"lilleliis\" \/>\n<meta property=\"article:publisher\" content=\"https:\/\/www.facebook.com\/lilleliis-283266335035799\/\" \/>\n<meta property=\"article:modified_time\" content=\"2026-03-10T11:50:48+00:00\" \/>\n<meta property=\"og:image\" content=\"https:\/\/www.lilleliis.com\/wp-content\/uploads\/2026\/03\/Essentials-Merino-Plus-Tweed-DK-001-Natur2.jpg\" \/>\n\t<meta property=\"og:image:width\" content=\"1500\" \/>\n\t<meta property=\"og:image:height\" content=\"1500\" \/>\n\t<meta property=\"og:image:type\" content=\"image\/jpeg\" \/>\n<meta name=\"twitter:card\" content=\"summary_large_image\" \/>\n<meta name=\"twitter:label1\" content=\"Est. reading time\" \/>\n\t<meta name=\"twitter:data1\" content=\"1 minute\" \/>\n<script type=\"application\/ld+json\" class=\"yoast-schema-graph\">{\"@context\":\"https:\\\/\\\/schema.org\",\"@graph\":[{\"@type\":\"WebPage\",\"@id\":\"https:\\\/\\\/www.lilleliis.com\\\/et\\\/toode\\\/merino-plus-tweed-tviidlong\\\/\",\"url\":\"https:\\\/\\\/www.lilleliis.com\\\/et\\\/toode\\\/merino-plus-tweed-tviidlong\\\/\",\"name\":\"Essentials Merino Plus Tweed DK tviid-l\u00f5ng | 50 g \\\/ 125 m\",\"isPartOf\":{\"@id\":\"https:\\\/\\\/www.lilleliis.com\\\/et\\\/#website\"},\"primaryImageOfPage\":{\"@id\":\"https:\\\/\\\/www.lilleliis.com\\\/et\\\/toode\\\/merino-plus-tweed-tviidlong\\\/#primaryimage\"},\"image\":{\"@id\":\"https:\\\/\\\/www.lilleliis.com\\\/et\\\/toode\\\/merino-plus-tweed-tviidlong\\\/#primaryimage\"},\"thumbnailUrl\":\"https:\\\/\\\/www.lilleliis.com\\\/wp-content\\\/uploads\\\/2026\\\/03\\\/Essentials-Merino-Plus-Tweed-DK-001-Natur2.jpg\",\"datePublished\":\"2025-10-13T18:00:33+00:00\",\"dateModified\":\"2026-03-10T11:50:48+00:00\",\"description\":\"Essentials Merino Plus Tweed DK on kvaliteetne tviidl\u00f5ng, millest saab luua imelisi vintage m\u00e4nguasju, kaisukarusid ja vanaaegse moega nukuriideid.\",\"breadcrumb\":{\"@id\":\"https:\\\/\\\/www.lilleliis.com\\\/et\\\/toode\\\/merino-plus-tweed-tviidlong\\\/#breadcrumb\"},\"inLanguage\":\"et\",\"potentialAction\":[{\"@type\":\"ReadAction\",\"target\":[\"https:\\\/\\\/www.lilleliis.com\\\/et\\\/toode\\\/merino-plus-tweed-tviidlong\\\/\"]}]},{\"@type\":\"ImageObject\",\"inLanguage\":\"et\",\"@id\":\"https:\\\/\\\/www.lilleliis.com\\\/et\\\/toode\\\/merino-plus-tweed-tviidlong\\\/#primaryimage\",\"url\":\"https:\\\/\\\/www.lilleliis.com\\\/wp-content\\\/uploads\\\/2026\\\/03\\\/Essentials-Merino-Plus-Tweed-DK-001-Natur2.jpg\",\"contentUrl\":\"https:\\\/\\\/www.lilleliis.com\\\/wp-content\\\/uploads\\\/2026\\\/03\\\/Essentials-Merino-Plus-Tweed-DK-001-Natur2.jpg\",\"width\":1500,\"height\":1500,\"caption\":\"Essentials Merino Plus Tweed DK 001 Natur\"},{\"@type\":\"BreadcrumbList\",\"@id\":\"https:\\\/\\\/www.lilleliis.com\\\/et\\\/toode\\\/merino-plus-tweed-tviidlong\\\/#breadcrumb\",\"itemListElement\":[{\"@type\":\"ListItem\",\"position\":1,\"name\":\"Home\",\"item\":\"https:\\\/\\\/www.lilleliis.com\\\/et\\\/\"},{\"@type\":\"ListItem\",\"position\":2,\"name\":\"Pood\",\"item\":\"https:\\\/\\\/www.lilleliis.com\\\/et\\\/shop\\\/\"},{\"@type\":\"ListItem\",\"position\":3,\"name\":\"Essentials Merino Plus Tweed DK tviid-l\u00f5ng &#8211; 50 g \\\/ 125 m\"}]},{\"@type\":\"WebSite\",\"@id\":\"https:\\\/\\\/www.lilleliis.com\\\/et\\\/#website\",\"url\":\"https:\\\/\\\/www.lilleliis.com\\\/et\\\/\",\"name\":\"lilleliis\",\"description\":\"Amigurumi m\u00e4nguasjad ja mustrid\",\"potentialAction\":[{\"@type\":\"SearchAction\",\"target\":{\"@type\":\"EntryPoint\",\"urlTemplate\":\"https:\\\/\\\/www.lilleliis.com\\\/et\\\/?s={search_term_string}\"},\"query-input\":{\"@type\":\"PropertyValueSpecification\",\"valueRequired\":true,\"valueName\":\"search_term_string\"}}],\"inLanguage\":\"et\"}]}<\/script>\n<!-- \/ Yoast SEO plugin. -->","yoast_head_json":{"title":"Essentials Merino Plus Tweed DK tviid-l\u00f5ng | 50 g \/ 125 m","description":"Essentials Merino Plus Tweed DK on kvaliteetne tviidl\u00f5ng, millest saab luua imelisi vintage m\u00e4nguasju, kaisukarusid ja vanaaegse moega nukuriideid.","robots":{"index":"index","follow":"follow","max-snippet":"max-snippet:-1","max-image-preview":"max-image-preview:large","max-video-preview":"max-video-preview:-1"},"canonical":"https:\/\/www.lilleliis.com\/et\/toode\/merino-plus-tweed-tviidlong\/","og_locale":"et_EE","og_type":"article","og_title":"Essentials Merino Plus Tweed DK tviid-l\u00f5ng | 50 g \/ 125 m","og_description":"Essentials Merino Plus Tweed DK on kvaliteetne tviidl\u00f5ng, millest saab luua imelisi vintage m\u00e4nguasju, kaisukarusid ja vanaaegse moega nukuriideid.","og_url":"https:\/\/www.lilleliis.com\/et\/toode\/merino-plus-tweed-tviidlong\/","og_site_name":"lilleliis","article_publisher":"https:\/\/www.facebook.com\/lilleliis-283266335035799\/","article_modified_time":"2026-03-10T11:50:48+00:00","og_image":[{"width":1500,"height":1500,"url":"https:\/\/www.lilleliis.com\/wp-content\/uploads\/2026\/03\/Essentials-Merino-Plus-Tweed-DK-001-Natur2.jpg","type":"image\/jpeg"}],"twitter_card":"summary_large_image","twitter_misc":{"Est. reading time":"1 minute"},"schema":{"@context":"https:\/\/schema.org","@graph":[{"@type":"WebPage","@id":"https:\/\/www.lilleliis.com\/et\/toode\/merino-plus-tweed-tviidlong\/","url":"https:\/\/www.lilleliis.com\/et\/toode\/merino-plus-tweed-tviidlong\/","name":"Essentials Merino Plus Tweed DK tviid-l\u00f5ng | 50 g \/ 125 m","isPartOf":{"@id":"https:\/\/www.lilleliis.com\/et\/#website"},"primaryImageOfPage":{"@id":"https:\/\/www.lilleliis.com\/et\/toode\/merino-plus-tweed-tviidlong\/#primaryimage"},"image":{"@id":"https:\/\/www.lilleliis.com\/et\/toode\/merino-plus-tweed-tviidlong\/#primaryimage"},"thumbnailUrl":"https:\/\/www.lilleliis.com\/wp-content\/uploads\/2026\/03\/Essentials-Merino-Plus-Tweed-DK-001-Natur2.jpg","datePublished":"2025-10-13T18:00:33+00:00","dateModified":"2026-03-10T11:50:48+00:00","description":"Essentials Merino Plus Tweed DK on kvaliteetne tviidl\u00f5ng, millest saab luua imelisi vintage m\u00e4nguasju, kaisukarusid ja vanaaegse moega nukuriideid.","breadcrumb":{"@id":"https:\/\/www.lilleliis.com\/et\/toode\/merino-plus-tweed-tviidlong\/#breadcrumb"},"inLanguage":"et","potentialAction":[{"@type":"ReadAction","target":["https:\/\/www.lilleliis.com\/et\/toode\/merino-plus-tweed-tviidlong\/"]}]},{"@type":"ImageObject","inLanguage":"et","@id":"https:\/\/www.lilleliis.com\/et\/toode\/merino-plus-tweed-tviidlong\/#primaryimage","url":"https:\/\/www.lilleliis.com\/wp-content\/uploads\/2026\/03\/Essentials-Merino-Plus-Tweed-DK-001-Natur2.jpg","contentUrl":"https:\/\/www.lilleliis.com\/wp-content\/uploads\/2026\/03\/Essentials-Merino-Plus-Tweed-DK-001-Natur2.jpg","width":1500,"height":1500,"caption":"Essentials Merino Plus Tweed DK 001 Natur"},{"@type":"BreadcrumbList","@id":"https:\/\/www.lilleliis.com\/et\/toode\/merino-plus-tweed-tviidlong\/#breadcrumb","itemListElement":[{"@type":"ListItem","position":1,"name":"Home","item":"https:\/\/www.lilleliis.com\/et\/"},{"@type":"ListItem","position":2,"name":"Pood","item":"https:\/\/www.lilleliis.com\/et\/shop\/"},{"@type":"ListItem","position":3,"name":"Essentials Merino Plus Tweed DK tviid-l\u00f5ng &#8211; 50 g \/ 125 m"}]},{"@type":"WebSite","@id":"https:\/\/www.lilleliis.com\/et\/#website","url":"https:\/\/www.lilleliis.com\/et\/","name":"lilleliis","description":"Amigurumi m\u00e4nguasjad ja mustrid","potentialAction":[{"@type":"SearchAction","target":{"@type":"EntryPoint","urlTemplate":"https:\/\/www.lilleliis.com\/et\/?s={search_term_string}"},"query-input":{"@type":"PropertyValueSpecification","valueRequired":true,"valueName":"search_term_string"}}],"inLanguage":"et"}]}},"_links":{"self":[{"href":"https:\/\/www.lilleliis.com\/et\/wp-json\/wp\/v2\/product\/98403","targetHints":{"allow":["GET"]}}],"collection":[{"href":"https:\/\/www.lilleliis.com\/et\/wp-json\/wp\/v2\/product"}],"about":[{"href":"https:\/\/www.lilleliis.com\/et\/wp-json\/wp\/v2\/types\/product"}],"replies":[{"embeddable":true,"href":"https:\/\/www.lilleliis.com\/et\/wp-json\/wp\/v2\/comments?post=98403"}],"wp:featuredmedia":[{"embeddable":true,"href":"https:\/\/www.lilleliis.com\/et\/wp-json\/wp\/v2\/media\/105363"}],"wp:attachment":[{"href":"https:\/\/www.lilleliis.com\/et\/wp-json\/wp\/v2\/media?parent=98403"}],"wp:term":[{"taxonomy":"product_brand","embeddable":true,"href":"https:\/\/www.lilleliis.com\/et\/wp-json\/wp\/v2\/product_brand?post=98403"},{"taxonomy":"product_cat","embeddable":true,"href":"https:\/\/www.lilleliis.com\/et\/wp-json\/wp\/v2\/product_cat?post=98403"},{"taxonomy":"product_tag","embeddable":true,"href":"https:\/\/www.lilleliis.com\/et\/wp-json\/wp\/v2\/product_tag?post=98403"}],"curies":[{"name":"wp","href":"https:\/\/api.w.org\/{rel}","templated":true}]}}