{"id":98414,"date":"2025-07-31T13:21:14","date_gmt":"2025-07-31T10:21:14","guid":{"rendered":"https:\/\/www.lilleliis.com\/?post_type=product&#038;p=98414"},"modified":"2026-02-17T15:17:59","modified_gmt":"2026-02-17T13:17:59","slug":"scheepjes-stone-washed-xl","status":"publish","type":"product","link":"https:\/\/www.lilleliis.com\/et\/toode\/scheepjes-stone-washed-xl\/","title":{"rendered":"Scheepjes Stone Washed XL &#8211; pruun &#8211; 50 g \/ 75 m"},"content":{"rendered":"<p>Scheepjes Stone Washed XL on v\u00e4ga pehme ja ainulaadse kivipesu efektiga l\u00f5ng. Iseloomuliku stonewashed-v\u00e4limuse loob ecru-puuvilla ja v\u00e4rviliste, kohevate akr\u00fc\u00fclkiudude kombinatsioon. L\u00f5ngal on puuvillale omane hingavus ning akr\u00fc\u00fcli vastupidavus.<\/p>\n<p>Amigurumi m\u00e4nguasjade heegeldamisel annab l\u00f5ng unikaalse kahe v\u00e4rvi seguse pinna (vt fotosid).<\/p>\n<div class=\"is-divider divider clearfix\" ><\/div>\n<h3>Suurus ja materjal<\/h3>\n<p>L\u00f5nga j\u00e4medus: 50g \/ 75m (Bulky, 12 ply)<\/p>\n<p>Materjal: 70% puuvill, 30% akr\u00fc\u00fcl<\/p>\n<p>Toon: Brown Agate (862)<\/p>\n<p>Sertifikaat: OEKO-TEX\u00ae Standard 100<\/p>\n<p>Scheepjes kaubam\u00e4rk p\u00e4rineb Hollandist.<\/p>\n<div class=\"is-divider divider clearfix\" ><\/div>\n<h3>Kuidas l\u00f5nga hooldada<\/h3>\n<p>K\u00e4sipesu, max 30\u00b0C \/ kuivata tasapinnal.<\/p>\n","protected":false},"excerpt":{"rendered":"<p>Scheepjes Stone Washed XL on erakordselt pehme l\u00f5ng iseloomuliku kivipesu-efektiga, mis loob kauni kahetoonilise pinnastruktuuri. Puuvilla hingavus ja akr\u00fc\u00fcli vastupidavus teevad sellest p\u00f5neva valiku amigurumi m\u00e4nguasjade heegeldamiseks.<\/p>\n","protected":false},"featured_media":98409,"comment_status":"open","ping_status":"closed","template":"","meta":[],"product_brand":[1566],"product_cat":[708,429],"product_tag":[1590],"class_list":{"0":"post-98414","1":"product","2":"type-product","3":"status-publish","4":"has-post-thumbnail","6":"product_brand-scheepjes","7":"product_cat-longad","8":"product_cat-kasitoo-tarvikud","9":"product_tag-puuvillased-longad","10":"pa_stone-washed-xl-colors-843-black-onyx-et","11":"pa_stone-washed-xl-colors-844-boulder-opal-et","12":"pa_stone-washed-xl-colors-862-brown-agate-et","14":"first","15":"instock","16":"sale","17":"taxable","18":"shipping-taxable","19":"purchasable","20":"product-type-simple"},"yoast_head":"<!-- This site is optimized with the Yoast SEO plugin v27.3 - https:\/\/yoast.com\/product\/yoast-seo-wordpress\/ -->\n<title>Scheepjes Stone Washed XL - pruun - 50 g \/ 75 m | lilleliis<\/title>\n<meta name=\"description\" content=\"Scheepjes Stone Washed XL on ainulaadse kivipesu efektiga l\u00f5ng. Amigurumi m\u00e4nguasjade heegeldamisel annab unikaalse kahe v\u00e4rvi seguse pinna.\" \/>\n<meta name=\"robots\" content=\"index, follow, max-snippet:-1, max-image-preview:large, max-video-preview:-1\" \/>\n<link rel=\"canonical\" href=\"https:\/\/www.lilleliis.com\/et\/toode\/scheepjes-stone-washed-xl\/\" \/>\n<meta property=\"og:locale\" content=\"et_EE\" \/>\n<meta property=\"og:type\" content=\"article\" \/>\n<meta property=\"og:title\" content=\"Scheepjes Stone Washed XL - pruun - 50 g \/ 75 m | lilleliis\" \/>\n<meta property=\"og:description\" content=\"Scheepjes Stone Washed XL on ainulaadse kivipesu efektiga l\u00f5ng. Amigurumi m\u00e4nguasjade heegeldamisel annab unikaalse kahe v\u00e4rvi seguse pinna.\" \/>\n<meta property=\"og:url\" content=\"https:\/\/www.lilleliis.com\/et\/toode\/scheepjes-stone-washed-xl\/\" \/>\n<meta property=\"og:site_name\" content=\"lilleliis\" \/>\n<meta property=\"article:publisher\" content=\"https:\/\/www.facebook.com\/lilleliis-283266335035799\/\" \/>\n<meta property=\"article:modified_time\" content=\"2026-02-17T13:17:59+00:00\" \/>\n<meta property=\"og:image\" content=\"https:\/\/www.lilleliis.com\/wp-content\/uploads\/2025\/02\/Stone-Washed-XL-862-Brown-Agate.webp\" \/>\n\t<meta property=\"og:image:width\" content=\"1000\" \/>\n\t<meta property=\"og:image:height\" content=\"1000\" \/>\n\t<meta property=\"og:image:type\" content=\"image\/webp\" \/>\n<meta name=\"twitter:card\" content=\"summary_large_image\" \/>\n<meta name=\"twitter:label1\" content=\"Est. reading time\" \/>\n\t<meta name=\"twitter:data1\" content=\"1 minute\" \/>\n<script type=\"application\/ld+json\" class=\"yoast-schema-graph\">{\"@context\":\"https:\\\/\\\/schema.org\",\"@graph\":[{\"@type\":\"WebPage\",\"@id\":\"https:\\\/\\\/www.lilleliis.com\\\/et\\\/toode\\\/scheepjes-stone-washed-xl\\\/\",\"url\":\"https:\\\/\\\/www.lilleliis.com\\\/et\\\/toode\\\/scheepjes-stone-washed-xl\\\/\",\"name\":\"Scheepjes Stone Washed XL - pruun - 50 g \\\/ 75 m | lilleliis\",\"isPartOf\":{\"@id\":\"https:\\\/\\\/www.lilleliis.com\\\/et\\\/#website\"},\"primaryImageOfPage\":{\"@id\":\"https:\\\/\\\/www.lilleliis.com\\\/et\\\/toode\\\/scheepjes-stone-washed-xl\\\/#primaryimage\"},\"image\":{\"@id\":\"https:\\\/\\\/www.lilleliis.com\\\/et\\\/toode\\\/scheepjes-stone-washed-xl\\\/#primaryimage\"},\"thumbnailUrl\":\"https:\\\/\\\/www.lilleliis.com\\\/wp-content\\\/uploads\\\/2025\\\/02\\\/Stone-Washed-XL-862-Brown-Agate.webp\",\"datePublished\":\"2025-07-31T10:21:14+00:00\",\"dateModified\":\"2026-02-17T13:17:59+00:00\",\"description\":\"Scheepjes Stone Washed XL on ainulaadse kivipesu efektiga l\u00f5ng. Amigurumi m\u00e4nguasjade heegeldamisel annab unikaalse kahe v\u00e4rvi seguse pinna.\",\"breadcrumb\":{\"@id\":\"https:\\\/\\\/www.lilleliis.com\\\/et\\\/toode\\\/scheepjes-stone-washed-xl\\\/#breadcrumb\"},\"inLanguage\":\"et\",\"potentialAction\":[{\"@type\":\"ReadAction\",\"target\":[\"https:\\\/\\\/www.lilleliis.com\\\/et\\\/toode\\\/scheepjes-stone-washed-xl\\\/\"]}]},{\"@type\":\"ImageObject\",\"inLanguage\":\"et\",\"@id\":\"https:\\\/\\\/www.lilleliis.com\\\/et\\\/toode\\\/scheepjes-stone-washed-xl\\\/#primaryimage\",\"url\":\"https:\\\/\\\/www.lilleliis.com\\\/wp-content\\\/uploads\\\/2025\\\/02\\\/Stone-Washed-XL-862-Brown-Agate.webp\",\"contentUrl\":\"https:\\\/\\\/www.lilleliis.com\\\/wp-content\\\/uploads\\\/2025\\\/02\\\/Stone-Washed-XL-862-Brown-Agate.webp\",\"width\":1000,\"height\":1000,\"caption\":\"Stone Washed XL 862 Brown Agate\"},{\"@type\":\"BreadcrumbList\",\"@id\":\"https:\\\/\\\/www.lilleliis.com\\\/et\\\/toode\\\/scheepjes-stone-washed-xl\\\/#breadcrumb\",\"itemListElement\":[{\"@type\":\"ListItem\",\"position\":1,\"name\":\"Home\",\"item\":\"https:\\\/\\\/www.lilleliis.com\\\/et\\\/\"},{\"@type\":\"ListItem\",\"position\":2,\"name\":\"Pood\",\"item\":\"https:\\\/\\\/www.lilleliis.com\\\/et\\\/shop\\\/\"},{\"@type\":\"ListItem\",\"position\":3,\"name\":\"Scheepjes Stone Washed XL &#8211; pruun &#8211; 50 g \\\/ 75 m\"}]},{\"@type\":\"WebSite\",\"@id\":\"https:\\\/\\\/www.lilleliis.com\\\/et\\\/#website\",\"url\":\"https:\\\/\\\/www.lilleliis.com\\\/et\\\/\",\"name\":\"lilleliis\",\"description\":\"Amigurumi m\u00e4nguasjad ja mustrid\",\"potentialAction\":[{\"@type\":\"SearchAction\",\"target\":{\"@type\":\"EntryPoint\",\"urlTemplate\":\"https:\\\/\\\/www.lilleliis.com\\\/et\\\/?s={search_term_string}\"},\"query-input\":{\"@type\":\"PropertyValueSpecification\",\"valueRequired\":true,\"valueName\":\"search_term_string\"}}],\"inLanguage\":\"et\"}]}<\/script>\n<!-- \/ Yoast SEO plugin. -->","yoast_head_json":{"title":"Scheepjes Stone Washed XL - pruun - 50 g \/ 75 m | lilleliis","description":"Scheepjes Stone Washed XL on ainulaadse kivipesu efektiga l\u00f5ng. Amigurumi m\u00e4nguasjade heegeldamisel annab unikaalse kahe v\u00e4rvi seguse pinna.","robots":{"index":"index","follow":"follow","max-snippet":"max-snippet:-1","max-image-preview":"max-image-preview:large","max-video-preview":"max-video-preview:-1"},"canonical":"https:\/\/www.lilleliis.com\/et\/toode\/scheepjes-stone-washed-xl\/","og_locale":"et_EE","og_type":"article","og_title":"Scheepjes Stone Washed XL - pruun - 50 g \/ 75 m | lilleliis","og_description":"Scheepjes Stone Washed XL on ainulaadse kivipesu efektiga l\u00f5ng. Amigurumi m\u00e4nguasjade heegeldamisel annab unikaalse kahe v\u00e4rvi seguse pinna.","og_url":"https:\/\/www.lilleliis.com\/et\/toode\/scheepjes-stone-washed-xl\/","og_site_name":"lilleliis","article_publisher":"https:\/\/www.facebook.com\/lilleliis-283266335035799\/","article_modified_time":"2026-02-17T13:17:59+00:00","og_image":[{"width":1000,"height":1000,"url":"https:\/\/www.lilleliis.com\/wp-content\/uploads\/2025\/02\/Stone-Washed-XL-862-Brown-Agate.webp","type":"image\/webp"}],"twitter_card":"summary_large_image","twitter_misc":{"Est. reading time":"1 minute"},"schema":{"@context":"https:\/\/schema.org","@graph":[{"@type":"WebPage","@id":"https:\/\/www.lilleliis.com\/et\/toode\/scheepjes-stone-washed-xl\/","url":"https:\/\/www.lilleliis.com\/et\/toode\/scheepjes-stone-washed-xl\/","name":"Scheepjes Stone Washed XL - pruun - 50 g \/ 75 m | lilleliis","isPartOf":{"@id":"https:\/\/www.lilleliis.com\/et\/#website"},"primaryImageOfPage":{"@id":"https:\/\/www.lilleliis.com\/et\/toode\/scheepjes-stone-washed-xl\/#primaryimage"},"image":{"@id":"https:\/\/www.lilleliis.com\/et\/toode\/scheepjes-stone-washed-xl\/#primaryimage"},"thumbnailUrl":"https:\/\/www.lilleliis.com\/wp-content\/uploads\/2025\/02\/Stone-Washed-XL-862-Brown-Agate.webp","datePublished":"2025-07-31T10:21:14+00:00","dateModified":"2026-02-17T13:17:59+00:00","description":"Scheepjes Stone Washed XL on ainulaadse kivipesu efektiga l\u00f5ng. Amigurumi m\u00e4nguasjade heegeldamisel annab unikaalse kahe v\u00e4rvi seguse pinna.","breadcrumb":{"@id":"https:\/\/www.lilleliis.com\/et\/toode\/scheepjes-stone-washed-xl\/#breadcrumb"},"inLanguage":"et","potentialAction":[{"@type":"ReadAction","target":["https:\/\/www.lilleliis.com\/et\/toode\/scheepjes-stone-washed-xl\/"]}]},{"@type":"ImageObject","inLanguage":"et","@id":"https:\/\/www.lilleliis.com\/et\/toode\/scheepjes-stone-washed-xl\/#primaryimage","url":"https:\/\/www.lilleliis.com\/wp-content\/uploads\/2025\/02\/Stone-Washed-XL-862-Brown-Agate.webp","contentUrl":"https:\/\/www.lilleliis.com\/wp-content\/uploads\/2025\/02\/Stone-Washed-XL-862-Brown-Agate.webp","width":1000,"height":1000,"caption":"Stone Washed XL 862 Brown Agate"},{"@type":"BreadcrumbList","@id":"https:\/\/www.lilleliis.com\/et\/toode\/scheepjes-stone-washed-xl\/#breadcrumb","itemListElement":[{"@type":"ListItem","position":1,"name":"Home","item":"https:\/\/www.lilleliis.com\/et\/"},{"@type":"ListItem","position":2,"name":"Pood","item":"https:\/\/www.lilleliis.com\/et\/shop\/"},{"@type":"ListItem","position":3,"name":"Scheepjes Stone Washed XL &#8211; pruun &#8211; 50 g \/ 75 m"}]},{"@type":"WebSite","@id":"https:\/\/www.lilleliis.com\/et\/#website","url":"https:\/\/www.lilleliis.com\/et\/","name":"lilleliis","description":"Amigurumi m\u00e4nguasjad ja mustrid","potentialAction":[{"@type":"SearchAction","target":{"@type":"EntryPoint","urlTemplate":"https:\/\/www.lilleliis.com\/et\/?s={search_term_string}"},"query-input":{"@type":"PropertyValueSpecification","valueRequired":true,"valueName":"search_term_string"}}],"inLanguage":"et"}]}},"_links":{"self":[{"href":"https:\/\/www.lilleliis.com\/et\/wp-json\/wp\/v2\/product\/98414","targetHints":{"allow":["GET"]}}],"collection":[{"href":"https:\/\/www.lilleliis.com\/et\/wp-json\/wp\/v2\/product"}],"about":[{"href":"https:\/\/www.lilleliis.com\/et\/wp-json\/wp\/v2\/types\/product"}],"replies":[{"embeddable":true,"href":"https:\/\/www.lilleliis.com\/et\/wp-json\/wp\/v2\/comments?post=98414"}],"wp:featuredmedia":[{"embeddable":true,"href":"https:\/\/www.lilleliis.com\/et\/wp-json\/wp\/v2\/media\/98409"}],"wp:attachment":[{"href":"https:\/\/www.lilleliis.com\/et\/wp-json\/wp\/v2\/media?parent=98414"}],"wp:term":[{"taxonomy":"product_brand","embeddable":true,"href":"https:\/\/www.lilleliis.com\/et\/wp-json\/wp\/v2\/product_brand?post=98414"},{"taxonomy":"product_cat","embeddable":true,"href":"https:\/\/www.lilleliis.com\/et\/wp-json\/wp\/v2\/product_cat?post=98414"},{"taxonomy":"product_tag","embeddable":true,"href":"https:\/\/www.lilleliis.com\/et\/wp-json\/wp\/v2\/product_tag?post=98414"}],"curies":[{"name":"wp","href":"https:\/\/api.w.org\/{rel}","templated":true}]}}