{"id":98518,"date":"2026-03-29T20:58:53","date_gmt":"2026-03-29T17:58:53","guid":{"rendered":"https:\/\/www.lilleliis.com\/?post_type=product&#038;p=98518"},"modified":"2026-04-09T10:05:17","modified_gmt":"2026-04-09T07:05:17","slug":"beebielevant-amigurumi-komplekt","status":"publish","type":"product","link":"https:\/\/www.lilleliis.com\/et\/toode\/beebielevant-amigurumi-komplekt\/","title":{"rendered":"Elevandi heegeldamise komplekt \u2013 Elevandibeebi (tr\u00fckitud \u00f5petus)"},"content":{"rendered":"<h3 data-start=\"60\" data-end=\"91\">Heegelda ise elevandibeebi!<\/h3>\n<p data-start=\"92\" data-end=\"175\">Amigurumi elevandi heegeldamise komplekt, mis sisaldab k\u00f5ike, mida vajad selle armsa m\u00e4nguasja heegeldamiseks.<\/p>\n<p data-start=\"177\" data-end=\"409\">See k\u00e4sit\u00f6\u00f6komplekt on <strong>100% Eesti toode<\/strong>. Elevandi on disaininud tunnustatud m\u00e4nguasjalooja Mari-Liis Lille, keda tuntakse lilleliisi nime all. Ka materjalid on tema hoolikalt valitud, et tagada parim tulemus ja r\u00f5\u00f5m loomisest.<\/p>\n<h3 data-start=\"411\" data-end=\"719\">Lihtne ja nauditav heegeldamine<\/h3>\n<p data-start=\"411\" data-end=\"719\">See armas elevant on loodud just <strong>algajatele<\/strong> amigurumi-huvilistele \u2013 muster kasutab ainult kinnissilmuseid, mis on \u00fcks lihtsamaid heegeldamise v\u00f5tteid. \u00d5petuse raskusaste on lihtne.<\/p>\n<p data-start=\"411\" data-end=\"719\">Valmis elevandi suurus on umbes 15 cm &#8211; piisavalt v\u00e4ike, et valmistamine ei v\u00f5taks \u00fclearu kaua aega, kuid samas piisavalt suur, et t\u00f6\u00f6 sujuks.<\/p>\n<h3 data-start=\"721\" data-end=\"910\">Armsad detailid ja kvaliteetsed materjalid<\/h3>\n<p data-start=\"721\" data-end=\"910\">\u00d5rnhallil elevandil on armsad volditud k\u00f5rvad, mida kaunistavad v\u00e4ikesed heegeldatud lipsud. T\u00f5elise \u00f5nneelevandina hoiab ta oma lonti r\u00f5\u00f5msalt \u00fclespoole!<\/p>\n<p data-start=\"721\" data-end=\"910\">Elevandi heegeldamiseks kasutame pehmet ja kvaliteetset puuvillast l\u00f5nga, mis on \u00f5rn ning sobib h\u00e4sti ka v\u00e4ikelaste m\u00e4nguasjade jaoks.<\/p>\n<h3 data-start=\"912\" data-end=\"956\">Komplekt sisaldab k\u00f5ike vajalikku:<\/h3>\n<ul>\n<li data-start=\"957\" data-end=\"1105\">pehme puuvillane l\u00f5ng<\/li>\n<li>kvaliteetne t\u00e4itematerjal<\/li>\n<li data-start=\"957\" data-end=\"1105\">heegeln\u00f5el ja \u00f5mblusn\u00f5el<\/li>\n<li data-start=\"957\" data-end=\"1105\">turvasilmad, silmusem\u00e4rkija<\/li>\n<li data-start=\"957\" data-end=\"1105\">samm-sammuline juhend <strong data-start=\"1070\" data-end=\"1103\">eesti ja inglise keeles<\/strong><\/li>\n<\/ul>\n<p data-start=\"1107\" data-end=\"1314\">Kui soovid elevandi kinkida, saad selle pakkida t\u00e4itematerjali pakendamiseks kasutatud riidest kotti. Samas v\u00f5id kotti edaspidi kasutada hoopis oma k\u00e4sit\u00f6\u00f6vahendite hoiustamiseks.<\/p>\n<p data-start=\"1316\" data-end=\"1385\">Heegeldamise komplekt on pakitud kaunisse kinkekarpi, mist\u00f5ttu on see ideaalne kingitus k\u00e4sit\u00f6\u00f6s\u00f5brale v\u00f5i heegeldamise entusiastile.<\/p>\n<p data-start=\"1316\" data-end=\"1385\"><div class=\"is-divider divider clearfix\" ><\/div>\n<p data-start=\"1316\" data-end=\"1385\">Karbi m\u00f5\u00f5dud: 11 x 11 x 24 cm<\/p>\n<p data-start=\"1316\" data-end=\"1385\"><div class=\"is-divider divider clearfix\" ><\/div>\n<h4 data-start=\"1316\" data-end=\"1385\"><strong>Kas vajad seda juba t\u00e4na?<\/strong><\/h4>\n<p data-start=\"1316\" data-end=\"1385\">Lilleliisi heegeldamise komplektid on olemas ka Tallinnas Vabamu muuseumipoes (Toompea 8b), kust saad need mugavalt samal p\u00e4eval kaasa osta. Muuseumipoe lahtiolekuajad leiad <a href=\"https:\/\/vabamu.ee\/lahtiolekuajad\/\" target=\"_blank\" rel=\"noopener\">siit<\/a>.<\/p>\n","protected":false},"excerpt":{"rendered":"<p><strong>Vana kujunduse l\u00f5pum\u00fc\u00fck! Viimased vana kujundusega karbid soodushinnaga &#8211; kuni kaupa j\u00e4tkub.<\/strong><\/p>\n<p>Elevandi heegeldamise komplekt, mis sisaldab k\u00f5ike vajalikku armsa amigurumi-stiilis elevandibeebi valmistamiseks. Disainitud tunnustatud Eesti m\u00e4nguasjalooja Mari-Liis Lille poolt.<\/p>\n<p>Kaunisse kinkekarpi pakitud komplekt on ideaalne kingitus k\u00e4sit\u00f6\u00f6s\u00f5brale v\u00f5i alustavale heegeldajale.<\/p>\n","protected":false},"featured_media":98562,"comment_status":"open","ping_status":"closed","template":"","meta":[],"product_brand":[1580],"product_cat":[1036],"product_tag":[],"class_list":{"0":"post-98518","1":"product","2":"type-product","3":"status-publish","4":"has-post-thumbnail","6":"product_brand-lilleliis","7":"product_cat-kasitookomplekt","8":"pa_pattern-language-eesti","9":"pa_pattern-language-inglise","11":"first","12":"instock","13":"sale","14":"taxable","15":"shipping-taxable","16":"purchasable","17":"product-type-simple"},"yoast_head":"<!-- This site is optimized with the Yoast SEO plugin v27.3 - https:\/\/yoast.com\/product\/yoast-seo-wordpress\/ -->\n<title>Elevandi heegeldamise komplekt - Amigurumi Elevandibeebi | lilleliis<\/title>\n<meta name=\"description\" content=\"Heegelda ise armas elevandibeebi! Amigurumi elevandi heegeldamise komplekt sisaldab k\u00f5iki vajalikke materjale ning eestikeelset tr\u00fckitud \u00f5petust.\" \/>\n<meta name=\"robots\" content=\"index, follow, max-snippet:-1, max-image-preview:large, max-video-preview:-1\" \/>\n<link rel=\"canonical\" href=\"https:\/\/www.lilleliis.com\/et\/toode\/beebielevant-amigurumi-komplekt\/\" \/>\n<meta property=\"og:locale\" content=\"et_EE\" \/>\n<meta property=\"og:type\" content=\"article\" \/>\n<meta property=\"og:title\" content=\"Elevandi heegeldamise komplekt - Amigurumi Elevandibeebi | lilleliis\" \/>\n<meta property=\"og:description\" content=\"Heegelda ise armas elevandibeebi! Amigurumi elevandi heegeldamise komplekt sisaldab k\u00f5iki vajalikke materjale ning eestikeelset tr\u00fckitud \u00f5petust.\" \/>\n<meta property=\"og:url\" content=\"https:\/\/www.lilleliis.com\/et\/toode\/beebielevant-amigurumi-komplekt\/\" \/>\n<meta property=\"og:site_name\" content=\"lilleliis\" \/>\n<meta property=\"article:publisher\" content=\"https:\/\/www.facebook.com\/lilleliis-283266335035799\/\" \/>\n<meta property=\"article:modified_time\" content=\"2026-04-09T07:05:17+00:00\" \/>\n<meta property=\"og:image\" content=\"https:\/\/www.lilleliis.com\/wp-content\/uploads\/2025\/02\/amigurumi-beebielevant5.jpg\" \/>\n\t<meta property=\"og:image:width\" content=\"1500\" \/>\n\t<meta property=\"og:image:height\" content=\"1500\" \/>\n\t<meta property=\"og:image:type\" content=\"image\/jpeg\" \/>\n<meta name=\"twitter:card\" content=\"summary_large_image\" \/>\n<meta name=\"twitter:label1\" content=\"Est. reading time\" \/>\n\t<meta name=\"twitter:data1\" content=\"2 minutes\" \/>\n<script type=\"application\/ld+json\" class=\"yoast-schema-graph\">{\"@context\":\"https:\\\/\\\/schema.org\",\"@graph\":[{\"@type\":\"WebPage\",\"@id\":\"https:\\\/\\\/www.lilleliis.com\\\/et\\\/toode\\\/beebielevant-amigurumi-komplekt\\\/\",\"url\":\"https:\\\/\\\/www.lilleliis.com\\\/et\\\/toode\\\/beebielevant-amigurumi-komplekt\\\/\",\"name\":\"Elevandi heegeldamise komplekt - Amigurumi Elevandibeebi | lilleliis\",\"isPartOf\":{\"@id\":\"https:\\\/\\\/www.lilleliis.com\\\/et\\\/#website\"},\"primaryImageOfPage\":{\"@id\":\"https:\\\/\\\/www.lilleliis.com\\\/et\\\/toode\\\/beebielevant-amigurumi-komplekt\\\/#primaryimage\"},\"image\":{\"@id\":\"https:\\\/\\\/www.lilleliis.com\\\/et\\\/toode\\\/beebielevant-amigurumi-komplekt\\\/#primaryimage\"},\"thumbnailUrl\":\"https:\\\/\\\/www.lilleliis.com\\\/wp-content\\\/uploads\\\/2025\\\/02\\\/amigurumi-beebielevant5.jpg\",\"datePublished\":\"2026-03-29T17:58:53+00:00\",\"dateModified\":\"2026-04-09T07:05:17+00:00\",\"description\":\"Heegelda ise armas elevandibeebi! Amigurumi elevandi heegeldamise komplekt sisaldab k\u00f5iki vajalikke materjale ning eestikeelset tr\u00fckitud \u00f5petust.\",\"breadcrumb\":{\"@id\":\"https:\\\/\\\/www.lilleliis.com\\\/et\\\/toode\\\/beebielevant-amigurumi-komplekt\\\/#breadcrumb\"},\"inLanguage\":\"et\",\"potentialAction\":[{\"@type\":\"ReadAction\",\"target\":[\"https:\\\/\\\/www.lilleliis.com\\\/et\\\/toode\\\/beebielevant-amigurumi-komplekt\\\/\"]}]},{\"@type\":\"ImageObject\",\"inLanguage\":\"et\",\"@id\":\"https:\\\/\\\/www.lilleliis.com\\\/et\\\/toode\\\/beebielevant-amigurumi-komplekt\\\/#primaryimage\",\"url\":\"https:\\\/\\\/www.lilleliis.com\\\/wp-content\\\/uploads\\\/2025\\\/02\\\/amigurumi-beebielevant5.jpg\",\"contentUrl\":\"https:\\\/\\\/www.lilleliis.com\\\/wp-content\\\/uploads\\\/2025\\\/02\\\/amigurumi-beebielevant5.jpg\",\"width\":1500,\"height\":1500,\"caption\":\"amigurumi beebielevant\"},{\"@type\":\"BreadcrumbList\",\"@id\":\"https:\\\/\\\/www.lilleliis.com\\\/et\\\/toode\\\/beebielevant-amigurumi-komplekt\\\/#breadcrumb\",\"itemListElement\":[{\"@type\":\"ListItem\",\"position\":1,\"name\":\"Home\",\"item\":\"https:\\\/\\\/www.lilleliis.com\\\/et\\\/\"},{\"@type\":\"ListItem\",\"position\":2,\"name\":\"Pood\",\"item\":\"https:\\\/\\\/www.lilleliis.com\\\/et\\\/shop\\\/\"},{\"@type\":\"ListItem\",\"position\":3,\"name\":\"Elevandi heegeldamise komplekt \u2013 Elevandibeebi (tr\u00fckitud \u00f5petus)\"}]},{\"@type\":\"WebSite\",\"@id\":\"https:\\\/\\\/www.lilleliis.com\\\/et\\\/#website\",\"url\":\"https:\\\/\\\/www.lilleliis.com\\\/et\\\/\",\"name\":\"lilleliis\",\"description\":\"Amigurumi m\u00e4nguasjad ja mustrid\",\"potentialAction\":[{\"@type\":\"SearchAction\",\"target\":{\"@type\":\"EntryPoint\",\"urlTemplate\":\"https:\\\/\\\/www.lilleliis.com\\\/et\\\/?s={search_term_string}\"},\"query-input\":{\"@type\":\"PropertyValueSpecification\",\"valueRequired\":true,\"valueName\":\"search_term_string\"}}],\"inLanguage\":\"et\"}]}<\/script>\n<!-- \/ Yoast SEO plugin. -->","yoast_head_json":{"title":"Elevandi heegeldamise komplekt - Amigurumi Elevandibeebi | lilleliis","description":"Heegelda ise armas elevandibeebi! Amigurumi elevandi heegeldamise komplekt sisaldab k\u00f5iki vajalikke materjale ning eestikeelset tr\u00fckitud \u00f5petust.","robots":{"index":"index","follow":"follow","max-snippet":"max-snippet:-1","max-image-preview":"max-image-preview:large","max-video-preview":"max-video-preview:-1"},"canonical":"https:\/\/www.lilleliis.com\/et\/toode\/beebielevant-amigurumi-komplekt\/","og_locale":"et_EE","og_type":"article","og_title":"Elevandi heegeldamise komplekt - Amigurumi Elevandibeebi | lilleliis","og_description":"Heegelda ise armas elevandibeebi! Amigurumi elevandi heegeldamise komplekt sisaldab k\u00f5iki vajalikke materjale ning eestikeelset tr\u00fckitud \u00f5petust.","og_url":"https:\/\/www.lilleliis.com\/et\/toode\/beebielevant-amigurumi-komplekt\/","og_site_name":"lilleliis","article_publisher":"https:\/\/www.facebook.com\/lilleliis-283266335035799\/","article_modified_time":"2026-04-09T07:05:17+00:00","og_image":[{"width":1500,"height":1500,"url":"https:\/\/www.lilleliis.com\/wp-content\/uploads\/2025\/02\/amigurumi-beebielevant5.jpg","type":"image\/jpeg"}],"twitter_card":"summary_large_image","twitter_misc":{"Est. reading time":"2 minutes"},"schema":{"@context":"https:\/\/schema.org","@graph":[{"@type":"WebPage","@id":"https:\/\/www.lilleliis.com\/et\/toode\/beebielevant-amigurumi-komplekt\/","url":"https:\/\/www.lilleliis.com\/et\/toode\/beebielevant-amigurumi-komplekt\/","name":"Elevandi heegeldamise komplekt - Amigurumi Elevandibeebi | lilleliis","isPartOf":{"@id":"https:\/\/www.lilleliis.com\/et\/#website"},"primaryImageOfPage":{"@id":"https:\/\/www.lilleliis.com\/et\/toode\/beebielevant-amigurumi-komplekt\/#primaryimage"},"image":{"@id":"https:\/\/www.lilleliis.com\/et\/toode\/beebielevant-amigurumi-komplekt\/#primaryimage"},"thumbnailUrl":"https:\/\/www.lilleliis.com\/wp-content\/uploads\/2025\/02\/amigurumi-beebielevant5.jpg","datePublished":"2026-03-29T17:58:53+00:00","dateModified":"2026-04-09T07:05:17+00:00","description":"Heegelda ise armas elevandibeebi! Amigurumi elevandi heegeldamise komplekt sisaldab k\u00f5iki vajalikke materjale ning eestikeelset tr\u00fckitud \u00f5petust.","breadcrumb":{"@id":"https:\/\/www.lilleliis.com\/et\/toode\/beebielevant-amigurumi-komplekt\/#breadcrumb"},"inLanguage":"et","potentialAction":[{"@type":"ReadAction","target":["https:\/\/www.lilleliis.com\/et\/toode\/beebielevant-amigurumi-komplekt\/"]}]},{"@type":"ImageObject","inLanguage":"et","@id":"https:\/\/www.lilleliis.com\/et\/toode\/beebielevant-amigurumi-komplekt\/#primaryimage","url":"https:\/\/www.lilleliis.com\/wp-content\/uploads\/2025\/02\/amigurumi-beebielevant5.jpg","contentUrl":"https:\/\/www.lilleliis.com\/wp-content\/uploads\/2025\/02\/amigurumi-beebielevant5.jpg","width":1500,"height":1500,"caption":"amigurumi beebielevant"},{"@type":"BreadcrumbList","@id":"https:\/\/www.lilleliis.com\/et\/toode\/beebielevant-amigurumi-komplekt\/#breadcrumb","itemListElement":[{"@type":"ListItem","position":1,"name":"Home","item":"https:\/\/www.lilleliis.com\/et\/"},{"@type":"ListItem","position":2,"name":"Pood","item":"https:\/\/www.lilleliis.com\/et\/shop\/"},{"@type":"ListItem","position":3,"name":"Elevandi heegeldamise komplekt \u2013 Elevandibeebi (tr\u00fckitud \u00f5petus)"}]},{"@type":"WebSite","@id":"https:\/\/www.lilleliis.com\/et\/#website","url":"https:\/\/www.lilleliis.com\/et\/","name":"lilleliis","description":"Amigurumi m\u00e4nguasjad ja mustrid","potentialAction":[{"@type":"SearchAction","target":{"@type":"EntryPoint","urlTemplate":"https:\/\/www.lilleliis.com\/et\/?s={search_term_string}"},"query-input":{"@type":"PropertyValueSpecification","valueRequired":true,"valueName":"search_term_string"}}],"inLanguage":"et"}]}},"_links":{"self":[{"href":"https:\/\/www.lilleliis.com\/et\/wp-json\/wp\/v2\/product\/98518","targetHints":{"allow":["GET"]}}],"collection":[{"href":"https:\/\/www.lilleliis.com\/et\/wp-json\/wp\/v2\/product"}],"about":[{"href":"https:\/\/www.lilleliis.com\/et\/wp-json\/wp\/v2\/types\/product"}],"replies":[{"embeddable":true,"href":"https:\/\/www.lilleliis.com\/et\/wp-json\/wp\/v2\/comments?post=98518"}],"wp:featuredmedia":[{"embeddable":true,"href":"https:\/\/www.lilleliis.com\/et\/wp-json\/wp\/v2\/media\/98562"}],"wp:attachment":[{"href":"https:\/\/www.lilleliis.com\/et\/wp-json\/wp\/v2\/media?parent=98518"}],"wp:term":[{"taxonomy":"product_brand","embeddable":true,"href":"https:\/\/www.lilleliis.com\/et\/wp-json\/wp\/v2\/product_brand?post=98518"},{"taxonomy":"product_cat","embeddable":true,"href":"https:\/\/www.lilleliis.com\/et\/wp-json\/wp\/v2\/product_cat?post=98518"},{"taxonomy":"product_tag","embeddable":true,"href":"https:\/\/www.lilleliis.com\/et\/wp-json\/wp\/v2\/product_tag?post=98518"}],"curies":[{"name":"wp","href":"https:\/\/api.w.org\/{rel}","templated":true}]}}