{"id":98570,"date":"2025-02-13T17:41:02","date_gmt":"2025-02-13T15:41:02","guid":{"rendered":"https:\/\/www.lilleliis.com\/?post_type=product&#038;p=98570"},"modified":"2026-01-08T15:54:50","modified_gmt":"2026-01-08T13:54:50","slug":"kuldniit-50m","status":"publish","type":"product","link":"https:\/\/www.lilleliis.com\/et\/toode\/kuldniit-50m\/","title":{"rendered":"Kuldniit 50m"},"content":{"rendered":null,"protected":false},"excerpt":{"rendered":"<p data-start=\"0\" data-end=\"394\">Kuldniit firmalt G\u00fctermann on ideaalne valik, kui soovid oma k\u00e4sit\u00f6\u00f6projektidele lisada kaunist s\u00e4delust ja peent viimistlust. See peene tekstuuriga, kuid vastupidav niit sobib suurep\u00e4raselt kasutamiseks nii masin\u00f5mblemisel (soovitatav n\u00f5ela suurus NM 100\/110) kui ka k\u00e4sitsi \u00f5mblemisel.<\/p>\n<p data-start=\"0\" data-end=\"394\">Kui heegeldad kuldniidi mistahes l\u00f5ngaga kokku, saad luua kauni s\u00e4deleva efekti, mis toob esile kudumi v\u00f5i heegelduse tekstuuri ja lisab luksuslikku s\u00e4ra. Kuldniit on suurep\u00e4rane valik ka toodete silmapaistvaks viimistlemiseks, n\u00e4iteks siltide kinnitamiseks v\u00f5i kaunistuste lisamiseks. Lisaks sobib see kingituste v\u00f5i toodete pakkimiseks.<\/p>\n<p><span data-text-color=\"primary\">SUURUS JA MATERJAL<\/span><\/p>\n<p>Kogus: 50m<\/p>\n<p>Materjal: 70% pol\u00fcamiid, 30% pol\u00fcester<\/p>\n<p>Tootja: G\u00fctermann<\/p>\n<hr \/>\n<p><span data-text-color=\"primary\">KUIDAS HOOLDADA<\/span><\/p>\n<p>K\u00e4sipesu, max 30\u00b0C<\/p>\n","protected":false},"featured_media":98571,"comment_status":"open","ping_status":"closed","template":"","meta":[],"product_brand":[],"product_cat":[429,568],"product_tag":[],"class_list":{"0":"post-98570","1":"product","2":"type-product","3":"status-publish","4":"has-post-thumbnail","6":"product_cat-kasitoo-tarvikud","7":"product_cat-muud-tarvikud","9":"first","10":"outofstock","11":"taxable","12":"shipping-taxable","13":"purchasable","14":"product-type-simple"},"yoast_head":"<!-- This site is optimized with the Yoast SEO plugin v27.3 - https:\/\/yoast.com\/product\/yoast-seo-wordpress\/ -->\n<title>Kuldniit 50m | Metallikniidid | lilleliis<\/title>\n<meta name=\"description\" content=\"Kuldniit firmalt G\u00fctermann on ideaalne valik, kui soovid oma k\u00e4sit\u00f6\u00f6projektidele lisada kaunist s\u00e4delust ja peent viimistlust.\" \/>\n<meta name=\"robots\" content=\"index, follow, max-snippet:-1, max-image-preview:large, max-video-preview:-1\" \/>\n<link rel=\"canonical\" href=\"https:\/\/www.lilleliis.com\/et\/toode\/kuldniit-50m\/\" \/>\n<meta property=\"og:locale\" content=\"et_EE\" \/>\n<meta property=\"og:type\" content=\"article\" \/>\n<meta property=\"og:title\" content=\"Kuldniit 50m | Metallikniidid | lilleliis\" \/>\n<meta property=\"og:description\" content=\"Kuldniit firmalt G\u00fctermann on ideaalne valik, kui soovid oma k\u00e4sit\u00f6\u00f6projektidele lisada kaunist s\u00e4delust ja peent viimistlust.\" \/>\n<meta property=\"og:url\" content=\"https:\/\/www.lilleliis.com\/et\/toode\/kuldniit-50m\/\" \/>\n<meta property=\"og:site_name\" content=\"lilleliis\" \/>\n<meta property=\"article:publisher\" content=\"https:\/\/www.facebook.com\/lilleliis-283266335035799\/\" \/>\n<meta property=\"article:modified_time\" content=\"2026-01-08T13:54:50+00:00\" \/>\n<meta property=\"og:image\" content=\"https:\/\/www.lilleliis.com\/wp-content\/uploads\/2025\/02\/kuldniit.webp\" \/>\n\t<meta property=\"og:image:width\" content=\"1000\" \/>\n\t<meta property=\"og:image:height\" content=\"1000\" \/>\n\t<meta property=\"og:image:type\" content=\"image\/webp\" \/>\n<meta name=\"twitter:card\" content=\"summary_large_image\" \/>\n<meta name=\"twitter:label1\" content=\"Est. reading time\" \/>\n\t<meta name=\"twitter:data1\" content=\"1 minute\" \/>\n<script type=\"application\/ld+json\" class=\"yoast-schema-graph\">{\"@context\":\"https:\\\/\\\/schema.org\",\"@graph\":[{\"@type\":\"WebPage\",\"@id\":\"https:\\\/\\\/www.lilleliis.com\\\/et\\\/toode\\\/kuldniit-50m\\\/\",\"url\":\"https:\\\/\\\/www.lilleliis.com\\\/et\\\/toode\\\/kuldniit-50m\\\/\",\"name\":\"Kuldniit 50m | Metallikniidid | lilleliis\",\"isPartOf\":{\"@id\":\"https:\\\/\\\/www.lilleliis.com\\\/et\\\/#website\"},\"primaryImageOfPage\":{\"@id\":\"https:\\\/\\\/www.lilleliis.com\\\/et\\\/toode\\\/kuldniit-50m\\\/#primaryimage\"},\"image\":{\"@id\":\"https:\\\/\\\/www.lilleliis.com\\\/et\\\/toode\\\/kuldniit-50m\\\/#primaryimage\"},\"thumbnailUrl\":\"https:\\\/\\\/www.lilleliis.com\\\/wp-content\\\/uploads\\\/2025\\\/02\\\/kuldniit.webp\",\"datePublished\":\"2025-02-13T15:41:02+00:00\",\"dateModified\":\"2026-01-08T13:54:50+00:00\",\"description\":\"Kuldniit firmalt G\u00fctermann on ideaalne valik, kui soovid oma k\u00e4sit\u00f6\u00f6projektidele lisada kaunist s\u00e4delust ja peent viimistlust.\",\"breadcrumb\":{\"@id\":\"https:\\\/\\\/www.lilleliis.com\\\/et\\\/toode\\\/kuldniit-50m\\\/#breadcrumb\"},\"inLanguage\":\"et\",\"potentialAction\":[{\"@type\":\"ReadAction\",\"target\":[\"https:\\\/\\\/www.lilleliis.com\\\/et\\\/toode\\\/kuldniit-50m\\\/\"]}]},{\"@type\":\"ImageObject\",\"inLanguage\":\"et\",\"@id\":\"https:\\\/\\\/www.lilleliis.com\\\/et\\\/toode\\\/kuldniit-50m\\\/#primaryimage\",\"url\":\"https:\\\/\\\/www.lilleliis.com\\\/wp-content\\\/uploads\\\/2025\\\/02\\\/kuldniit.webp\",\"contentUrl\":\"https:\\\/\\\/www.lilleliis.com\\\/wp-content\\\/uploads\\\/2025\\\/02\\\/kuldniit.webp\",\"width\":1000,\"height\":1000,\"caption\":\"kuldniit metall niit\"},{\"@type\":\"BreadcrumbList\",\"@id\":\"https:\\\/\\\/www.lilleliis.com\\\/et\\\/toode\\\/kuldniit-50m\\\/#breadcrumb\",\"itemListElement\":[{\"@type\":\"ListItem\",\"position\":1,\"name\":\"Home\",\"item\":\"https:\\\/\\\/www.lilleliis.com\\\/et\\\/\"},{\"@type\":\"ListItem\",\"position\":2,\"name\":\"Pood\",\"item\":\"https:\\\/\\\/www.lilleliis.com\\\/et\\\/shop\\\/\"},{\"@type\":\"ListItem\",\"position\":3,\"name\":\"Kuldniit 50m\"}]},{\"@type\":\"WebSite\",\"@id\":\"https:\\\/\\\/www.lilleliis.com\\\/et\\\/#website\",\"url\":\"https:\\\/\\\/www.lilleliis.com\\\/et\\\/\",\"name\":\"lilleliis\",\"description\":\"Amigurumi m\u00e4nguasjad ja mustrid\",\"potentialAction\":[{\"@type\":\"SearchAction\",\"target\":{\"@type\":\"EntryPoint\",\"urlTemplate\":\"https:\\\/\\\/www.lilleliis.com\\\/et\\\/?s={search_term_string}\"},\"query-input\":{\"@type\":\"PropertyValueSpecification\",\"valueRequired\":true,\"valueName\":\"search_term_string\"}}],\"inLanguage\":\"et\"}]}<\/script>\n<!-- \/ Yoast SEO plugin. -->","yoast_head_json":{"title":"Kuldniit 50m | Metallikniidid | lilleliis","description":"Kuldniit firmalt G\u00fctermann on ideaalne valik, kui soovid oma k\u00e4sit\u00f6\u00f6projektidele lisada kaunist s\u00e4delust ja peent viimistlust.","robots":{"index":"index","follow":"follow","max-snippet":"max-snippet:-1","max-image-preview":"max-image-preview:large","max-video-preview":"max-video-preview:-1"},"canonical":"https:\/\/www.lilleliis.com\/et\/toode\/kuldniit-50m\/","og_locale":"et_EE","og_type":"article","og_title":"Kuldniit 50m | Metallikniidid | lilleliis","og_description":"Kuldniit firmalt G\u00fctermann on ideaalne valik, kui soovid oma k\u00e4sit\u00f6\u00f6projektidele lisada kaunist s\u00e4delust ja peent viimistlust.","og_url":"https:\/\/www.lilleliis.com\/et\/toode\/kuldniit-50m\/","og_site_name":"lilleliis","article_publisher":"https:\/\/www.facebook.com\/lilleliis-283266335035799\/","article_modified_time":"2026-01-08T13:54:50+00:00","og_image":[{"width":1000,"height":1000,"url":"https:\/\/www.lilleliis.com\/wp-content\/uploads\/2025\/02\/kuldniit.webp","type":"image\/webp"}],"twitter_card":"summary_large_image","twitter_misc":{"Est. reading time":"1 minute"},"schema":{"@context":"https:\/\/schema.org","@graph":[{"@type":"WebPage","@id":"https:\/\/www.lilleliis.com\/et\/toode\/kuldniit-50m\/","url":"https:\/\/www.lilleliis.com\/et\/toode\/kuldniit-50m\/","name":"Kuldniit 50m | Metallikniidid | lilleliis","isPartOf":{"@id":"https:\/\/www.lilleliis.com\/et\/#website"},"primaryImageOfPage":{"@id":"https:\/\/www.lilleliis.com\/et\/toode\/kuldniit-50m\/#primaryimage"},"image":{"@id":"https:\/\/www.lilleliis.com\/et\/toode\/kuldniit-50m\/#primaryimage"},"thumbnailUrl":"https:\/\/www.lilleliis.com\/wp-content\/uploads\/2025\/02\/kuldniit.webp","datePublished":"2025-02-13T15:41:02+00:00","dateModified":"2026-01-08T13:54:50+00:00","description":"Kuldniit firmalt G\u00fctermann on ideaalne valik, kui soovid oma k\u00e4sit\u00f6\u00f6projektidele lisada kaunist s\u00e4delust ja peent viimistlust.","breadcrumb":{"@id":"https:\/\/www.lilleliis.com\/et\/toode\/kuldniit-50m\/#breadcrumb"},"inLanguage":"et","potentialAction":[{"@type":"ReadAction","target":["https:\/\/www.lilleliis.com\/et\/toode\/kuldniit-50m\/"]}]},{"@type":"ImageObject","inLanguage":"et","@id":"https:\/\/www.lilleliis.com\/et\/toode\/kuldniit-50m\/#primaryimage","url":"https:\/\/www.lilleliis.com\/wp-content\/uploads\/2025\/02\/kuldniit.webp","contentUrl":"https:\/\/www.lilleliis.com\/wp-content\/uploads\/2025\/02\/kuldniit.webp","width":1000,"height":1000,"caption":"kuldniit metall niit"},{"@type":"BreadcrumbList","@id":"https:\/\/www.lilleliis.com\/et\/toode\/kuldniit-50m\/#breadcrumb","itemListElement":[{"@type":"ListItem","position":1,"name":"Home","item":"https:\/\/www.lilleliis.com\/et\/"},{"@type":"ListItem","position":2,"name":"Pood","item":"https:\/\/www.lilleliis.com\/et\/shop\/"},{"@type":"ListItem","position":3,"name":"Kuldniit 50m"}]},{"@type":"WebSite","@id":"https:\/\/www.lilleliis.com\/et\/#website","url":"https:\/\/www.lilleliis.com\/et\/","name":"lilleliis","description":"Amigurumi m\u00e4nguasjad ja mustrid","potentialAction":[{"@type":"SearchAction","target":{"@type":"EntryPoint","urlTemplate":"https:\/\/www.lilleliis.com\/et\/?s={search_term_string}"},"query-input":{"@type":"PropertyValueSpecification","valueRequired":true,"valueName":"search_term_string"}}],"inLanguage":"et"}]}},"_links":{"self":[{"href":"https:\/\/www.lilleliis.com\/et\/wp-json\/wp\/v2\/product\/98570","targetHints":{"allow":["GET"]}}],"collection":[{"href":"https:\/\/www.lilleliis.com\/et\/wp-json\/wp\/v2\/product"}],"about":[{"href":"https:\/\/www.lilleliis.com\/et\/wp-json\/wp\/v2\/types\/product"}],"replies":[{"embeddable":true,"href":"https:\/\/www.lilleliis.com\/et\/wp-json\/wp\/v2\/comments?post=98570"}],"wp:featuredmedia":[{"embeddable":true,"href":"https:\/\/www.lilleliis.com\/et\/wp-json\/wp\/v2\/media\/98571"}],"wp:attachment":[{"href":"https:\/\/www.lilleliis.com\/et\/wp-json\/wp\/v2\/media?parent=98570"}],"wp:term":[{"taxonomy":"product_brand","embeddable":true,"href":"https:\/\/www.lilleliis.com\/et\/wp-json\/wp\/v2\/product_brand?post=98570"},{"taxonomy":"product_cat","embeddable":true,"href":"https:\/\/www.lilleliis.com\/et\/wp-json\/wp\/v2\/product_cat?post=98570"},{"taxonomy":"product_tag","embeddable":true,"href":"https:\/\/www.lilleliis.com\/et\/wp-json\/wp\/v2\/product_tag?post=98570"}],"curies":[{"name":"wp","href":"https:\/\/api.w.org\/{rel}","templated":true}]}}