{"id":98764,"date":"2025-11-13T09:37:22","date_gmt":"2025-11-13T07:37:22","guid":{"rendered":"https:\/\/www.lilleliis.com\/?post_type=product&#038;p=98764"},"modified":"2026-03-24T09:54:06","modified_gmt":"2026-03-24T07:54:06","slug":"pehme-pandakaru-amigurumi-opetus","status":"publish","type":"product","link":"https:\/\/www.lilleliis.com\/et\/toode\/pehme-pandakaru-amigurumi-opetus\/","title":{"rendered":"Pehme pandakaru &#8211; amigurumi \u00f5petus"},"content":{"rendered":"<p><span data-text-color=\"primary\">VEEL VAHVAID KARUSID:<\/span><\/p>\n<p><span style=\"font-size: 14.4px;\"><div class=\"row row-divided\"  id=\"row-278090722\"><\/span><\/p>\n\n\t<div id=\"col-1950607176\" class=\"col medium-1\/3 large-4\"  >\n\t\t\t\t<div class=\"col-inner\"  >\n\t\t\t\n\t\t\t\n<div class=\"woocommerce \"><div class=\"products row row-small row-masonry has-packery large-columns-3 medium-columns-3 small-columns-2\">\n<div class=\"product-small col has-hover product type-product post-44897 status-publish first instock product_cat-amigurumi-opetused product_cat-kaisukaru-mustrid has-post-thumbnail sold-individually taxable shipping-taxable purchasable product-type-variable\">\n\t<div class=\"col-inner\">\n\t\n<div class=\"badge-container absolute left top z-1\">\n\n<\/div>\n\t<div class=\"product-small box \">\n\t\t<div class=\"box-image\">\n\t\t\t<div class=\"image-zoom-fade\">\n\t\t\t\t<a href=\"https:\/\/www.lilleliis.com\/et\/toode\/heegeldatud-amigurumi-karu-muster\/\">\n\t\t\t\t\t<img loading=\"lazy\" decoding=\"async\" width=\"247\" height=\"296\" src=\"https:\/\/www.lilleliis.com\/wp-content\/uploads\/2017\/10\/DSC_4832-247x296.jpg\" class=\"attachment-woocommerce_thumbnail size-woocommerce_thumbnail\" alt=\"Heegelda ise karu M\u00f6mm pdf muster inglise keeles\" \/>\t\t\t\t<\/a>\n\t\t\t<\/div>\n\t\t\t<div class=\"image-tools is-small top right show-on-hover\">\n\t\t\t\t\t\t\t<\/div>\n\t\t\t<div class=\"image-tools is-small hide-for-small bottom left show-on-hover\">\n\t\t\t\t\t\t\t<\/div>\n\t\t\t<div class=\"image-tools grid-tools text-center hide-for-small bottom hover-slide-in show-on-hover\">\n\t\t\t\t<a href=\"#quick-view\" class=\"quick-view\" role=\"button\" data-prod=\"44897\" aria-haspopup=\"dialog\" aria-expanded=\"false\" data-flatsome-role-button>Quick View<\/a>\t\t\t<\/div>\n\t\t\t\t\t<\/div>\n\n\t\t<div class=\"box-text box-text-products\">\n\t\t\t<div class=\"title-wrapper\">\t\t<p class=\"category uppercase is-smaller no-text-overflow product-cat op-8\">\n\t\t\tAmigurumi \u00f5petused\t\t<\/p>\n\t<p class=\"name product-title woocommerce-loop-product__title\"><a href=\"https:\/\/www.lilleliis.com\/et\/toode\/heegeldatud-amigurumi-karu-muster\/\" class=\"woocommerce-LoopProduct-link woocommerce-loop-product__link\">M\u00f6mm &#8211; amigurumi muster (eng)<\/a><\/p><\/div><div class=\"price-wrapper\"><div class=\"star-rating star-rating--inline\" role=\"img\" aria-label=\"Hinnanguga 5 \/ 5\"><span style=\"width:100%\">Hinnanguga <strong class=\"rating\">5<\/strong> \/ 5<\/span><\/div><span class=\"review-count is-small op-8\" aria-label=\"0 arvustused\">(0)<\/span>\n\t<span class=\"price\"><span class=\"woocommerce-Price-amount amount\"><bdi><span class=\"woocommerce-Price-currencySymbol\">&euro;<\/span>5.50<\/bdi><\/span><\/span>\n<\/div><div class=\"add-to-cart-button\"><a href=\"https:\/\/www.lilleliis.com\/et\/toode\/heegeldatud-amigurumi-karu-muster\/\" aria-describedby=\"woocommerce_loop_add_to_cart_link_describedby_44897\" data-quantity=\"1\" class=\"primary is-small mb-0 button product_type_variable add_to_cart_button is-flat\" data-product_id=\"44897\" data-product_sku=\"P-1709\" aria-label=\"Vali tootele &ldquo;M\u00f6mm - amigurumi muster (eng)&rdquo; omadused\" rel=\"nofollow\">Vali<\/a><\/div>\t<span id=\"woocommerce_loop_add_to_cart_link_describedby_44897\" class=\"screen-reader-text\">\n\t\tThis product has multiple variants. The options may be chosen on the product page\t<\/span>\n\t\t<\/div>\n\t<\/div>\n\t<span class=\"gtm4wp_productdata\" style=\"display:none; visibility:hidden;\" data-gtm4wp_product_data=\"{&quot;internal_id&quot;:44897,&quot;item_id&quot;:44897,&quot;item_name&quot;:&quot;M\\u00f6mm - amigurumi muster (eng)&quot;,&quot;sku&quot;:&quot;P-1709&quot;,&quot;price&quot;:5.5,&quot;stocklevel&quot;:null,&quot;stockstatus&quot;:&quot;instock&quot;,&quot;google_business_vertical&quot;:&quot;retail&quot;,&quot;item_category&quot;:&quot;Amigurumi \\u00f5petused&quot;,&quot;id&quot;:44897,&quot;productlink&quot;:&quot;https:\\\/\\\/www.lilleliis.com\\\/et\\\/toode\\\/heegeldatud-amigurumi-karu-muster\\\/&quot;,&quot;item_list_name&quot;:&quot;General Product List&quot;,&quot;index&quot;:1,&quot;product_type&quot;:&quot;variable&quot;,&quot;item_brand&quot;:&quot;&quot;}\"><\/span>\t<\/div>\n<\/div><\/div><!-- row -->\n<\/div>\n\t\t<\/div>\n\t\t\t\t\t<\/div>\n\n\t\n\n\t<div id=\"col-935204519\" class=\"col medium-1\/3 large-4\"  >\n\t\t\t\t<div class=\"col-inner\"  >\n\t\t\t\n\t\t\t\n<div class=\"woocommerce \"><div class=\"products row row-small row-masonry has-packery large-columns-3 medium-columns-3 small-columns-2\">\n<div class=\"product-small col has-hover product type-product post-2970 status-publish first instock product_cat-amigurumi-opetused product_cat-kaisukaru-mustrid has-post-thumbnail sold-individually taxable shipping-taxable purchasable product-type-variable\">\n\t<div class=\"col-inner\">\n\t\n<div class=\"badge-container absolute left top z-1\">\n\n<\/div>\n\t<div class=\"product-small box \">\n\t\t<div class=\"box-image\">\n\t\t\t<div class=\"image-zoom-fade\">\n\t\t\t\t<a href=\"https:\/\/www.lilleliis.com\/et\/toode\/heegeldatud-mommi-opetus\/\">\n\t\t\t\t\t<img loading=\"lazy\" decoding=\"async\" width=\"247\" height=\"296\" src=\"https:\/\/www.lilleliis.com\/wp-content\/uploads\/2013\/06\/DSC_6062-247x296.jpg\" class=\"attachment-woocommerce_thumbnail size-woocommerce_thumbnail\" alt=\"amigurumi muster m\u00f5mmi\" \/>\t\t\t\t<\/a>\n\t\t\t<\/div>\n\t\t\t<div class=\"image-tools is-small top right show-on-hover\">\n\t\t\t\t\t\t\t<\/div>\n\t\t\t<div class=\"image-tools is-small hide-for-small bottom left show-on-hover\">\n\t\t\t\t\t\t\t<\/div>\n\t\t\t<div class=\"image-tools grid-tools text-center hide-for-small bottom hover-slide-in show-on-hover\">\n\t\t\t\t<a href=\"#quick-view\" class=\"quick-view\" role=\"button\" data-prod=\"2970\" aria-haspopup=\"dialog\" aria-expanded=\"false\" data-flatsome-role-button>Quick View<\/a>\t\t\t<\/div>\n\t\t\t\t\t<\/div>\n\n\t\t<div class=\"box-text box-text-products\">\n\t\t\t<div class=\"title-wrapper\">\t\t<p class=\"category uppercase is-smaller no-text-overflow product-cat op-8\">\n\t\t\tAmigurumi \u00f5petused\t\t<\/p>\n\t<p class=\"name product-title woocommerce-loop-product__title\"><a href=\"https:\/\/www.lilleliis.com\/et\/toode\/heegeldatud-mommi-opetus\/\" class=\"woocommerce-LoopProduct-link woocommerce-loop-product__link\">M\u00f5mmi &#8211; amigurumi muster<\/a><\/p><\/div><div class=\"price-wrapper\"><div class=\"star-rating star-rating--inline\" role=\"img\" aria-label=\"Hinnanguga 5 \/ 5\"><span style=\"width:100%\">Hinnanguga <strong class=\"rating\">5<\/strong> \/ 5<\/span><\/div><span class=\"review-count is-small op-8\" aria-label=\"1 \u00fclevaade\">(1)<\/span>\n\t<span class=\"price\"><span class=\"woocommerce-Price-amount amount\"><bdi><span class=\"woocommerce-Price-currencySymbol\">&euro;<\/span>4.90<\/bdi><\/span><\/span>\n<\/div><div class=\"add-to-cart-button\"><a href=\"https:\/\/www.lilleliis.com\/et\/toode\/heegeldatud-mommi-opetus\/\" aria-describedby=\"woocommerce_loop_add_to_cart_link_describedby_2970\" data-quantity=\"1\" class=\"primary is-small mb-0 button product_type_variable add_to_cart_button is-flat\" data-product_id=\"2970\" data-product_sku=\"IE-1303\" aria-label=\"Vali tootele &ldquo;M\u00f5mmi - amigurumi muster&rdquo; omadused\" rel=\"nofollow\">Vali<\/a><\/div>\t<span id=\"woocommerce_loop_add_to_cart_link_describedby_2970\" class=\"screen-reader-text\">\n\t\tThis product has multiple variants. The options may be chosen on the product page\t<\/span>\n\t\t<\/div>\n\t<\/div>\n\t<span class=\"gtm4wp_productdata\" style=\"display:none; visibility:hidden;\" data-gtm4wp_product_data=\"{&quot;internal_id&quot;:2970,&quot;item_id&quot;:2970,&quot;item_name&quot;:&quot;M\\u00f5mmi - amigurumi muster&quot;,&quot;sku&quot;:&quot;IE-1303&quot;,&quot;price&quot;:4.9,&quot;stocklevel&quot;:null,&quot;stockstatus&quot;:&quot;instock&quot;,&quot;google_business_vertical&quot;:&quot;retail&quot;,&quot;item_category&quot;:&quot;Amigurumi \\u00f5petused&quot;,&quot;item_category2&quot;:&quot;Kaisukaru mustrid&quot;,&quot;id&quot;:2970,&quot;productlink&quot;:&quot;https:\\\/\\\/www.lilleliis.com\\\/et\\\/toode\\\/heegeldatud-mommi-opetus\\\/&quot;,&quot;item_list_name&quot;:&quot;General Product List&quot;,&quot;index&quot;:1,&quot;product_type&quot;:&quot;variable&quot;,&quot;item_brand&quot;:&quot;&quot;}\"><\/span>\t<\/div>\n<\/div><\/div><!-- row -->\n<\/div>\n\t\t<\/div>\n\t\t\t\t\t<\/div>\n\n\t\n\n\t<div id=\"col-932727843\" class=\"col medium-1\/3 large-4\"  >\n\t\t\t\t<div class=\"col-inner\"  >\n\t\t\t\n\t\t\t\n<div class=\"woocommerce \"><div class=\"products row row-small row-masonry has-packery large-columns-3 medium-columns-3 small-columns-2\">\n<div class=\"product-small col has-hover product type-product post-11367 status-publish first instock product_cat-amigurumi-opetused product_cat-kaisukaru-mustrid product_tag-poistele has-post-thumbnail downloadable virtual sold-individually taxable purchasable product-type-simple\">\n\t<div class=\"col-inner\">\n\t\n<div class=\"badge-container absolute left top z-1\">\n\n<\/div>\n\t<div class=\"product-small box \">\n\t\t<div class=\"box-image\">\n\t\t\t<div class=\"image-zoom-fade\">\n\t\t\t\t<a href=\"https:\/\/www.lilleliis.com\/et\/toode\/amigurumi-opetus-karupoeg-teodor\/\">\n\t\t\t\t\t<img loading=\"lazy\" decoding=\"async\" width=\"247\" height=\"296\" src=\"https:\/\/www.lilleliis.com\/wp-content\/uploads\/2015\/01\/DSC_5171-247x296.jpg\" class=\"attachment-woocommerce_thumbnail size-woocommerce_thumbnail\" alt=\"heegeldatud p\u00fckste ja salliga karu\" \/>\t\t\t\t<\/a>\n\t\t\t<\/div>\n\t\t\t<div class=\"image-tools is-small top right show-on-hover\">\n\t\t\t\t\t\t\t<\/div>\n\t\t\t<div class=\"image-tools is-small hide-for-small bottom left show-on-hover\">\n\t\t\t\t\t\t\t<\/div>\n\t\t\t<div class=\"image-tools grid-tools text-center hide-for-small bottom hover-slide-in show-on-hover\">\n\t\t\t\t<a href=\"#quick-view\" class=\"quick-view\" role=\"button\" data-prod=\"11367\" aria-haspopup=\"dialog\" aria-expanded=\"false\" data-flatsome-role-button>Quick View<\/a>\t\t\t<\/div>\n\t\t\t\t\t<\/div>\n\n\t\t<div class=\"box-text box-text-products\">\n\t\t\t<div class=\"title-wrapper\">\t\t<p class=\"category uppercase is-smaller no-text-overflow product-cat op-8\">\n\t\t\tAmigurumi \u00f5petused\t\t<\/p>\n\t<p class=\"name product-title woocommerce-loop-product__title\"><a href=\"https:\/\/www.lilleliis.com\/et\/toode\/amigurumi-opetus-karupoeg-teodor\/\" class=\"woocommerce-LoopProduct-link woocommerce-loop-product__link\">Karupoeg Teodor p\u00fckste ja salliga  &#8211; amigurumi muster (eng)<\/a><\/p><\/div><div class=\"price-wrapper\">\n\t<span class=\"price\"><span class=\"woocommerce-Price-amount amount\"><bdi><span class=\"woocommerce-Price-currencySymbol\">&euro;<\/span>4.90<\/bdi><\/span><\/span>\n<\/div><div class=\"add-to-cart-button\"><a href=\"\/et\/wp-json\/wp\/v2\/product\/98764?add-to-cart=11367\" aria-describedby=\"woocommerce_loop_add_to_cart_link_describedby_11367\" data-quantity=\"1\" class=\"primary is-small mb-0 button product_type_simple add_to_cart_button ajax_add_to_cart is-flat\" data-product_id=\"11367\" data-product_sku=\"IE-1501\" aria-label=\"Add to cart: &ldquo;Karupoeg Teodor p\u00fckste ja salliga  - amigurumi muster (eng)&rdquo;\" rel=\"nofollow\" data-success_message=\"&ldquo;Karupoeg Teodor p\u00fckste ja salliga  - amigurumi muster (eng)&rdquo; has been added to your cart\" role=\"button\">Lisa korvi<\/a><\/div>\t<span id=\"woocommerce_loop_add_to_cart_link_describedby_11367\" class=\"screen-reader-text\">\n\t\t\t<\/span>\n\t\t<\/div>\n\t<\/div>\n\t<span class=\"gtm4wp_productdata\" style=\"display:none; visibility:hidden;\" data-gtm4wp_product_data=\"{&quot;internal_id&quot;:11367,&quot;item_id&quot;:11367,&quot;item_name&quot;:&quot;Karupoeg Teodor p\\u00fckste ja salliga  - amigurumi muster (eng)&quot;,&quot;sku&quot;:&quot;IE-1501&quot;,&quot;price&quot;:4.9,&quot;stocklevel&quot;:null,&quot;stockstatus&quot;:&quot;instock&quot;,&quot;google_business_vertical&quot;:&quot;retail&quot;,&quot;item_category&quot;:&quot;Amigurumi \\u00f5petused&quot;,&quot;item_category2&quot;:&quot;Kaisukaru mustrid&quot;,&quot;id&quot;:11367,&quot;productlink&quot;:&quot;https:\\\/\\\/www.lilleliis.com\\\/et\\\/toode\\\/amigurumi-opetus-karupoeg-teodor\\\/&quot;,&quot;item_list_name&quot;:&quot;General Product List&quot;,&quot;index&quot;:1,&quot;product_type&quot;:&quot;simple&quot;,&quot;item_brand&quot;:&quot;&quot;}\"><\/span>\t<\/div>\n<\/div><\/div><!-- row -->\n<\/div>\n\t\t<\/div>\n\t\t\t\t\t<\/div>\n\n\t\n<\/div>\n","protected":false},"excerpt":{"rendered":"<p data-start=\"0\" data-end=\"145\">Pehme pandakaru amigurumi \u00f5petus on disainitud spetsiaalselt <a href=\"https:\/\/www.lilleliis.com\/et\/toode\/chenillove-senill-long\/\">\u0161enill-l\u00f5nga<\/a> jaoks, mis on uskumatult pehme ja m\u00f5nus.<\/p>\n<p data-start=\"0\" data-end=\"145\">Minu pandakaru on \u00fcmar ja lapik, peaaegu nagu kaisupadi. Heegeldamiseks vajad kolme tokki \u0161enill-l\u00f5nga erinevates toonides: \u00fcks p\u00f5hiv\u00e4rviks, teine kontrasttooniks k\u00f5rvade ja peopesade jaoks ja kolmas p\u00fckste tegemiseks.<\/p>\n<p data-start=\"0\" data-end=\"145\">Armsad silmalaigud on heegeldatud puuvillase l\u00f5ngaga, mis toob \u0161enilli sametist tekstuuri veelgi paremini esile.<\/p>\n<p data-start=\"147\" data-end=\"378\">Toredad taskud ja n\u00f6\u00f6bid annavad disainile viimase lihvi.<\/p>\n<p data-start=\"147\" data-end=\"378\">Pehme pandakaru muster sobib ideaalselt keskmise raskustaseme heegeldajale.<\/p>\n<hr \/>\n<h3><span data-text-color=\"primary\">MUSTRIST<\/span><\/h3>\n<p>Allalaetav ja lihtsasti j\u00e4lgitav k\u00e4sit\u00f6\u00f6 \u00f5petus (PDF fail). 17-lehek\u00fcljeline juhend sisaldab samm-sammulist \u00f5petust ning hulgaliselt fotosid, mis muudavad valmistamise protsessi nauditavaks.<\/p>\n<p>Keel: eesti, inglise<\/p>\n<p>\u00d5petuse raskusaste: keskmine<\/p>\n<p>Vajaminevad v\u00f5tted: kinnissilmust, poolsammas, \u00fchekordne sammas<\/p>\n<hr \/>\n<h3><span data-text-color=\"primary\">SUURUS JA MATERJAL<\/span><\/h3>\n<p>Suurus: 27 cm<\/p>\n<p>Valmistamiseks on kasutatud \u0161enill-l\u00f5nga ja puuvillast l\u00f5nga ning heegeln\u00f5elu j\u00e4medusega 2,5 mm ja 4 mm.<\/p>\n<hr \/>\n<h3><span data-text-color=\"primary\">ABI JA COPYRIGHT<\/span><\/h3>\n<p>K\u00fcsimuste korral saab abi\u00a0<a href=\"mailto:%20lilleliis@gmail.com\">e-posti teel<\/a>.<\/p>\n<p>\u00d5petuse j\u00e4rgi valmistatud esemeid v\u00f5ib m\u00fc\u00fca. \u00d5petust on keelatud jagada. Autori\u00f5igustega tutvu\u00a0<a href=\"https:\/\/www.lilleliis.com\/et\/autorioigused\/\" target=\"_blank\" rel=\"noopener\">siin<\/a>.<\/p>\n","protected":false},"featured_media":98646,"comment_status":"open","ping_status":"closed","template":"","meta":[],"product_brand":[],"product_cat":[95,149],"product_tag":[],"class_list":{"0":"post-98764","1":"product","2":"type-product","3":"status-publish","4":"has-post-thumbnail","6":"product_cat-amigurumi-opetused","7":"product_cat-kaisukaru-mustrid","8":"pa_pattern-language-eesti","9":"pa_pattern-language-inglise","10":"pa_pattern-skill-level-keskmine","12":"first","13":"instock","14":"sold-individually","15":"taxable","16":"shipping-taxable","17":"purchasable","18":"product-type-variable"},"yoast_head":"<!-- This site is optimized with the Yoast SEO plugin v27.3 - https:\/\/yoast.com\/product\/yoast-seo-wordpress\/ -->\n<title>Pehme pandakaru \u2013 amigurumi \u00f5petus | Heegeldame \u0161enill-l\u00f5ngaga | lilleliis<\/title>\n<meta name=\"description\" content=\"Pehme pandakaru amigurumi \u00f5petus on disainitud spetsiaalselt \u0161enill-l\u00f5nga jaoks. Panda on \u00fcmar ja lapik nagu kaisupadi. Heegeldamise \u00f5petus.\" \/>\n<meta name=\"robots\" content=\"index, follow, max-snippet:-1, max-image-preview:large, max-video-preview:-1\" \/>\n<link rel=\"canonical\" href=\"https:\/\/www.lilleliis.com\/et\/toode\/pehme-pandakaru-amigurumi-opetus\/\" \/>\n<meta property=\"og:locale\" content=\"et_EE\" \/>\n<meta property=\"og:type\" content=\"article\" \/>\n<meta property=\"og:title\" content=\"Pehme pandakaru \u2013 amigurumi \u00f5petus | Heegeldame \u0161enill-l\u00f5ngaga | lilleliis\" \/>\n<meta property=\"og:description\" content=\"Pehme pandakaru amigurumi \u00f5petus on disainitud spetsiaalselt \u0161enill-l\u00f5nga jaoks. Panda on \u00fcmar ja lapik nagu kaisupadi. Heegeldamise \u00f5petus.\" \/>\n<meta property=\"og:url\" content=\"https:\/\/www.lilleliis.com\/et\/toode\/pehme-pandakaru-amigurumi-opetus\/\" \/>\n<meta property=\"og:site_name\" content=\"lilleliis\" \/>\n<meta property=\"article:publisher\" content=\"https:\/\/www.facebook.com\/lilleliis-283266335035799\/\" \/>\n<meta property=\"article:modified_time\" content=\"2026-03-24T07:54:06+00:00\" \/>\n<meta property=\"og:image\" content=\"https:\/\/www.lilleliis.com\/wp-content\/uploads\/2025\/02\/senill-longast-pandakaru.jpg\" \/>\n\t<meta property=\"og:image:width\" content=\"1500\" \/>\n\t<meta property=\"og:image:height\" content=\"1500\" \/>\n\t<meta property=\"og:image:type\" content=\"image\/jpeg\" \/>\n<meta name=\"twitter:card\" content=\"summary_large_image\" \/>\n<meta name=\"twitter:label1\" content=\"Est. reading time\" \/>\n\t<meta name=\"twitter:data1\" content=\"1 minute\" \/>\n<script type=\"application\/ld+json\" class=\"yoast-schema-graph\">{\"@context\":\"https:\\\/\\\/schema.org\",\"@graph\":[{\"@type\":\"WebPage\",\"@id\":\"https:\\\/\\\/www.lilleliis.com\\\/et\\\/toode\\\/pehme-pandakaru-amigurumi-opetus\\\/\",\"url\":\"https:\\\/\\\/www.lilleliis.com\\\/et\\\/toode\\\/pehme-pandakaru-amigurumi-opetus\\\/\",\"name\":\"Pehme pandakaru \u2013 amigurumi \u00f5petus | Heegeldame \u0161enill-l\u00f5ngaga | lilleliis\",\"isPartOf\":{\"@id\":\"https:\\\/\\\/www.lilleliis.com\\\/et\\\/#website\"},\"primaryImageOfPage\":{\"@id\":\"https:\\\/\\\/www.lilleliis.com\\\/et\\\/toode\\\/pehme-pandakaru-amigurumi-opetus\\\/#primaryimage\"},\"image\":{\"@id\":\"https:\\\/\\\/www.lilleliis.com\\\/et\\\/toode\\\/pehme-pandakaru-amigurumi-opetus\\\/#primaryimage\"},\"thumbnailUrl\":\"https:\\\/\\\/www.lilleliis.com\\\/wp-content\\\/uploads\\\/2025\\\/02\\\/senill-longast-pandakaru.jpg\",\"datePublished\":\"2025-11-13T07:37:22+00:00\",\"dateModified\":\"2026-03-24T07:54:06+00:00\",\"description\":\"Pehme pandakaru amigurumi \u00f5petus on disainitud spetsiaalselt \u0161enill-l\u00f5nga jaoks. Panda on \u00fcmar ja lapik nagu kaisupadi. Heegeldamise \u00f5petus.\",\"breadcrumb\":{\"@id\":\"https:\\\/\\\/www.lilleliis.com\\\/et\\\/toode\\\/pehme-pandakaru-amigurumi-opetus\\\/#breadcrumb\"},\"inLanguage\":\"et\",\"potentialAction\":[{\"@type\":\"ReadAction\",\"target\":[\"https:\\\/\\\/www.lilleliis.com\\\/et\\\/toode\\\/pehme-pandakaru-amigurumi-opetus\\\/\"]}]},{\"@type\":\"ImageObject\",\"inLanguage\":\"et\",\"@id\":\"https:\\\/\\\/www.lilleliis.com\\\/et\\\/toode\\\/pehme-pandakaru-amigurumi-opetus\\\/#primaryimage\",\"url\":\"https:\\\/\\\/www.lilleliis.com\\\/wp-content\\\/uploads\\\/2025\\\/02\\\/senill-longast-pandakaru.jpg\",\"contentUrl\":\"https:\\\/\\\/www.lilleliis.com\\\/wp-content\\\/uploads\\\/2025\\\/02\\\/senill-longast-pandakaru.jpg\",\"width\":1500,\"height\":1500,\"caption\":\"\u0161enill-l\u00f5ngast pandakaru\"},{\"@type\":\"BreadcrumbList\",\"@id\":\"https:\\\/\\\/www.lilleliis.com\\\/et\\\/toode\\\/pehme-pandakaru-amigurumi-opetus\\\/#breadcrumb\",\"itemListElement\":[{\"@type\":\"ListItem\",\"position\":1,\"name\":\"Home\",\"item\":\"https:\\\/\\\/www.lilleliis.com\\\/et\\\/\"},{\"@type\":\"ListItem\",\"position\":2,\"name\":\"Pood\",\"item\":\"https:\\\/\\\/www.lilleliis.com\\\/et\\\/shop\\\/\"},{\"@type\":\"ListItem\",\"position\":3,\"name\":\"Pehme pandakaru &#8211; amigurumi \u00f5petus\"}]},{\"@type\":\"WebSite\",\"@id\":\"https:\\\/\\\/www.lilleliis.com\\\/et\\\/#website\",\"url\":\"https:\\\/\\\/www.lilleliis.com\\\/et\\\/\",\"name\":\"lilleliis\",\"description\":\"Amigurumi m\u00e4nguasjad ja mustrid\",\"potentialAction\":[{\"@type\":\"SearchAction\",\"target\":{\"@type\":\"EntryPoint\",\"urlTemplate\":\"https:\\\/\\\/www.lilleliis.com\\\/et\\\/?s={search_term_string}\"},\"query-input\":{\"@type\":\"PropertyValueSpecification\",\"valueRequired\":true,\"valueName\":\"search_term_string\"}}],\"inLanguage\":\"et\"}]}<\/script>\n<!-- \/ Yoast SEO plugin. -->","yoast_head_json":{"title":"Pehme pandakaru \u2013 amigurumi \u00f5petus | Heegeldame \u0161enill-l\u00f5ngaga | lilleliis","description":"Pehme pandakaru amigurumi \u00f5petus on disainitud spetsiaalselt \u0161enill-l\u00f5nga jaoks. Panda on \u00fcmar ja lapik nagu kaisupadi. Heegeldamise \u00f5petus.","robots":{"index":"index","follow":"follow","max-snippet":"max-snippet:-1","max-image-preview":"max-image-preview:large","max-video-preview":"max-video-preview:-1"},"canonical":"https:\/\/www.lilleliis.com\/et\/toode\/pehme-pandakaru-amigurumi-opetus\/","og_locale":"et_EE","og_type":"article","og_title":"Pehme pandakaru \u2013 amigurumi \u00f5petus | Heegeldame \u0161enill-l\u00f5ngaga | lilleliis","og_description":"Pehme pandakaru amigurumi \u00f5petus on disainitud spetsiaalselt \u0161enill-l\u00f5nga jaoks. Panda on \u00fcmar ja lapik nagu kaisupadi. Heegeldamise \u00f5petus.","og_url":"https:\/\/www.lilleliis.com\/et\/toode\/pehme-pandakaru-amigurumi-opetus\/","og_site_name":"lilleliis","article_publisher":"https:\/\/www.facebook.com\/lilleliis-283266335035799\/","article_modified_time":"2026-03-24T07:54:06+00:00","og_image":[{"width":1500,"height":1500,"url":"https:\/\/www.lilleliis.com\/wp-content\/uploads\/2025\/02\/senill-longast-pandakaru.jpg","type":"image\/jpeg"}],"twitter_card":"summary_large_image","twitter_misc":{"Est. reading time":"1 minute"},"schema":{"@context":"https:\/\/schema.org","@graph":[{"@type":"WebPage","@id":"https:\/\/www.lilleliis.com\/et\/toode\/pehme-pandakaru-amigurumi-opetus\/","url":"https:\/\/www.lilleliis.com\/et\/toode\/pehme-pandakaru-amigurumi-opetus\/","name":"Pehme pandakaru \u2013 amigurumi \u00f5petus | Heegeldame \u0161enill-l\u00f5ngaga | lilleliis","isPartOf":{"@id":"https:\/\/www.lilleliis.com\/et\/#website"},"primaryImageOfPage":{"@id":"https:\/\/www.lilleliis.com\/et\/toode\/pehme-pandakaru-amigurumi-opetus\/#primaryimage"},"image":{"@id":"https:\/\/www.lilleliis.com\/et\/toode\/pehme-pandakaru-amigurumi-opetus\/#primaryimage"},"thumbnailUrl":"https:\/\/www.lilleliis.com\/wp-content\/uploads\/2025\/02\/senill-longast-pandakaru.jpg","datePublished":"2025-11-13T07:37:22+00:00","dateModified":"2026-03-24T07:54:06+00:00","description":"Pehme pandakaru amigurumi \u00f5petus on disainitud spetsiaalselt \u0161enill-l\u00f5nga jaoks. Panda on \u00fcmar ja lapik nagu kaisupadi. Heegeldamise \u00f5petus.","breadcrumb":{"@id":"https:\/\/www.lilleliis.com\/et\/toode\/pehme-pandakaru-amigurumi-opetus\/#breadcrumb"},"inLanguage":"et","potentialAction":[{"@type":"ReadAction","target":["https:\/\/www.lilleliis.com\/et\/toode\/pehme-pandakaru-amigurumi-opetus\/"]}]},{"@type":"ImageObject","inLanguage":"et","@id":"https:\/\/www.lilleliis.com\/et\/toode\/pehme-pandakaru-amigurumi-opetus\/#primaryimage","url":"https:\/\/www.lilleliis.com\/wp-content\/uploads\/2025\/02\/senill-longast-pandakaru.jpg","contentUrl":"https:\/\/www.lilleliis.com\/wp-content\/uploads\/2025\/02\/senill-longast-pandakaru.jpg","width":1500,"height":1500,"caption":"\u0161enill-l\u00f5ngast pandakaru"},{"@type":"BreadcrumbList","@id":"https:\/\/www.lilleliis.com\/et\/toode\/pehme-pandakaru-amigurumi-opetus\/#breadcrumb","itemListElement":[{"@type":"ListItem","position":1,"name":"Home","item":"https:\/\/www.lilleliis.com\/et\/"},{"@type":"ListItem","position":2,"name":"Pood","item":"https:\/\/www.lilleliis.com\/et\/shop\/"},{"@type":"ListItem","position":3,"name":"Pehme pandakaru &#8211; amigurumi \u00f5petus"}]},{"@type":"WebSite","@id":"https:\/\/www.lilleliis.com\/et\/#website","url":"https:\/\/www.lilleliis.com\/et\/","name":"lilleliis","description":"Amigurumi m\u00e4nguasjad ja mustrid","potentialAction":[{"@type":"SearchAction","target":{"@type":"EntryPoint","urlTemplate":"https:\/\/www.lilleliis.com\/et\/?s={search_term_string}"},"query-input":{"@type":"PropertyValueSpecification","valueRequired":true,"valueName":"search_term_string"}}],"inLanguage":"et"}]}},"_links":{"self":[{"href":"https:\/\/www.lilleliis.com\/et\/wp-json\/wp\/v2\/product\/98764","targetHints":{"allow":["GET"]}}],"collection":[{"href":"https:\/\/www.lilleliis.com\/et\/wp-json\/wp\/v2\/product"}],"about":[{"href":"https:\/\/www.lilleliis.com\/et\/wp-json\/wp\/v2\/types\/product"}],"replies":[{"embeddable":true,"href":"https:\/\/www.lilleliis.com\/et\/wp-json\/wp\/v2\/comments?post=98764"}],"wp:featuredmedia":[{"embeddable":true,"href":"https:\/\/www.lilleliis.com\/et\/wp-json\/wp\/v2\/media\/98646"}],"wp:attachment":[{"href":"https:\/\/www.lilleliis.com\/et\/wp-json\/wp\/v2\/media?parent=98764"}],"wp:term":[{"taxonomy":"product_brand","embeddable":true,"href":"https:\/\/www.lilleliis.com\/et\/wp-json\/wp\/v2\/product_brand?post=98764"},{"taxonomy":"product_cat","embeddable":true,"href":"https:\/\/www.lilleliis.com\/et\/wp-json\/wp\/v2\/product_cat?post=98764"},{"taxonomy":"product_tag","embeddable":true,"href":"https:\/\/www.lilleliis.com\/et\/wp-json\/wp\/v2\/product_tag?post=98764"}],"curies":[{"name":"wp","href":"https:\/\/api.w.org\/{rel}","templated":true}]}}