{"id":99125,"date":"2025-12-22T17:48:28","date_gmt":"2025-12-22T15:48:28","guid":{"rendered":"https:\/\/www.lilleliis.com\/?post_type=product&#038;p=99125"},"modified":"2026-03-01T15:29:50","modified_gmt":"2026-03-01T13:29:50","slug":"kirju-kukk-amigurumi-opetus","status":"publish","type":"product","link":"https:\/\/www.lilleliis.com\/et\/toode\/kirju-kukk-amigurumi-opetus\/","title":{"rendered":"Amigurumi kuke heegeldamise \u00f5petus &#8211; Kirju kukk (Eng)"},"content":{"rendered":"<p data-start=\"0\" data-end=\"145\">Kirju kukk on \u00fcks trikikas lind. Pealtn\u00e4ha on ta lihtsa kuju ja moega, tegelikult aga p\u00f5nev tegelane, kes valmib \u00fcsna huvitaval viisil.<\/p>\n<p data-start=\"0\" data-end=\"145\">Alustuseks tehakse valmis jalad ja tiivad. Kehaosa heegeldamist alustatakse pealael olevast harjast, mis l\u00e4heb sujuvalt \u00fcle kehaks, millele vajalikul hetkel ilmub k\u00fclge ka saba. Jalad kinnitatakse keha k\u00fclge \u00fcsna ebatavalisel, aga t\u00f5husal moel. Veel j\u00e4\u00e4vad k\u00fclge \u00f5mmelda nokk ja lott ning teha veidi tikkimist\u00f6\u00f6d.<\/p>\n<p data-start=\"0\" data-end=\"145\">Kuke valmistamisel saab edukalt \u00e4ra kasutada l\u00f5ngaj\u00e4\u00e4ke. Hari, nokk, saba \u2013 need k\u00f5ik vajavad \u00fcsna v\u00e4he materjali ja v\u00f5ivad olla heegeldatud \u00fcksk\u00f5ik mis v\u00e4rvitoonis, mis vaid sinu arust kokku sobitub. Rohkem l\u00f5nga vajad ainult keha jaoks. Ka jalgade osas v\u00f5id olla loov ja teha need triibulised, just nii nagu l\u00f5nga parasjagu k\u00e4ep\u00e4rast on.<\/p>\n<p data-start=\"0\" data-end=\"145\"><div class=\"is-divider divider clearfix\" ><\/div>\n<h3 data-start=\"0\" data-end=\"145\">Mustrist<\/h3>\n<p>Allalaetav ja lihtsasti j\u00e4lgitav k\u00e4sit\u00f6\u00f6 \u00f5petus (PDF fail). 16-lehek\u00fcljeline juhend sisaldab samm-sammulist \u00f5petust ning hulgaliselt fotosid, mis muudavad valmistamise protsessi nauditavaks.<\/p>\n<p>Keel: inglise<\/p>\n<p>\u00d5petuse raskusaste: keeruline<\/p>\n<p>Vajaminevad v\u00f5tted: kinnissilmus<\/p>\n<p data-start=\"0\" data-end=\"145\"><div class=\"is-divider divider clearfix\" ><\/div>\n<h3 data-start=\"0\" data-end=\"145\">Suurus ja materjal<\/h3>\n<p>Suurus: 30 cm<\/p>\n<p>Valmistamiseks on kasutatud puuvillast l\u00f5nga ning heegeln\u00f5ela j\u00e4medusega 2,5 mm.<\/p>\n<p data-start=\"0\" data-end=\"145\"><div class=\"is-divider divider clearfix\" ><\/div>\n<h3 data-start=\"0\" data-end=\"145\">Abi ja copyright<\/h3>\n<p>K\u00fcsimuste korral saab abi\u00a0<a href=\"mailto:%20lilleliis@gmail.com\">e-posti teel<\/a>.<\/p>\n<p>\u00d5petuse j\u00e4rgi valmistatud esemeid v\u00f5ib m\u00fc\u00fca. \u00d5petust on keelatud jagada. Autori\u00f5igustega tutvu\u00a0<a href=\"https:\/\/www.lilleliis.com\/et\/autorioigused\/\" target=\"_blank\" rel=\"noopener\">siin<\/a>.<\/p>\n","protected":false},"excerpt":{"rendered":"<p>Amigurumi kuke heegeldamise \u00f5petuse abil saad heegeldada oma vahva kirju kuke, kes on pealtn\u00e4ha lihtsa moega, aga tegelikult valmib \u00fcsna huvitaval viisil. Kuke valmistamisel saab edukalt \u00e4ra kasutada ka l\u00f5ngaj\u00e4\u00e4ke.<\/p>\n<div class=\"is-divider divider clearfix\" ><\/div>\n<p>Tegemist on allalaetava <strong data-start=\"326\" data-end=\"343\">PDF-\u00f5petusega<\/strong>, mis sisaldab rohkelt fotosid. \u00d5petuse raskusaste on <strong data-start=\"397\" data-end=\"409\">keeruline.<\/strong><\/p>\n<p data-start=\"703\" data-end=\"830\">Eestikeelse \u00f5petuse leiad lilleliisi viimasest raamatust <a href=\"https:\/\/www.lilleliis.com\/et\/kasitooraamatud\/unustamatud-lapsepolvelelud\/\">\u201cUnustamatud lapsep\u00f5lvelelud\u201d<\/a>.<\/p>\n","protected":false},"featured_media":99145,"comment_status":"open","ping_status":"closed","template":"","meta":[],"product_brand":[],"product_cat":[95,513],"product_tag":[1605],"class_list":{"0":"post-99125","1":"product","2":"type-product","3":"status-publish","4":"has-post-thumbnail","6":"product_cat-amigurumi-opetused","7":"product_cat-linnu-mustrid","8":"product_tag-lihavotted","9":"pa_pattern-language-inglise","10":"pa_pattern-skill-level-keeruline","12":"first","13":"instock","14":"downloadable","15":"virtual","16":"sold-individually","17":"taxable","18":"purchasable","19":"product-type-simple"},"yoast_head":"<!-- This site is optimized with the Yoast SEO plugin v27.3 - https:\/\/yoast.com\/product\/yoast-seo-wordpress\/ -->\n<title>Amigurumi kuke heegeldamise \u00f5petus - Kirju kukk (Eng) | lilleliis<\/title>\n<meta name=\"description\" content=\"Amigurumi kuke heegeldamise \u00f5petus - Kirju kukk. Samm-sammuline heegeldamise \u00f5petus vahva ja v\u00e4rvikalt kirju kuke valmistamiseks. \u00d5petus on inglise keeles.\" \/>\n<meta name=\"robots\" content=\"index, follow, max-snippet:-1, max-image-preview:large, max-video-preview:-1\" \/>\n<link rel=\"canonical\" href=\"https:\/\/www.lilleliis.com\/et\/toode\/kirju-kukk-amigurumi-opetus\/\" \/>\n<meta property=\"og:locale\" content=\"et_EE\" \/>\n<meta property=\"og:type\" content=\"article\" \/>\n<meta property=\"og:title\" content=\"Amigurumi kuke heegeldamise \u00f5petus - Kirju kukk (Eng) | lilleliis\" \/>\n<meta property=\"og:description\" content=\"Amigurumi kuke heegeldamise \u00f5petus - Kirju kukk. Samm-sammuline heegeldamise \u00f5petus vahva ja v\u00e4rvikalt kirju kuke valmistamiseks. \u00d5petus on inglise keeles.\" \/>\n<meta property=\"og:url\" content=\"https:\/\/www.lilleliis.com\/et\/toode\/kirju-kukk-amigurumi-opetus\/\" \/>\n<meta property=\"og:site_name\" content=\"lilleliis\" \/>\n<meta property=\"article:publisher\" content=\"https:\/\/www.facebook.com\/lilleliis-283266335035799\/\" \/>\n<meta property=\"article:modified_time\" content=\"2026-03-01T13:29:50+00:00\" \/>\n<meta property=\"og:image\" content=\"https:\/\/www.lilleliis.com\/wp-content\/uploads\/2025\/03\/amigurumi-rooster-pattern10.jpg\" \/>\n\t<meta property=\"og:image:width\" content=\"1000\" \/>\n\t<meta property=\"og:image:height\" content=\"1500\" \/>\n\t<meta property=\"og:image:type\" content=\"image\/jpeg\" \/>\n<meta name=\"twitter:card\" content=\"summary_large_image\" \/>\n<meta name=\"twitter:label1\" content=\"Est. reading time\" \/>\n\t<meta name=\"twitter:data1\" content=\"2 minutes\" \/>\n<script type=\"application\/ld+json\" class=\"yoast-schema-graph\">{\"@context\":\"https:\\\/\\\/schema.org\",\"@graph\":[{\"@type\":\"WebPage\",\"@id\":\"https:\\\/\\\/www.lilleliis.com\\\/et\\\/toode\\\/kirju-kukk-amigurumi-opetus\\\/\",\"url\":\"https:\\\/\\\/www.lilleliis.com\\\/et\\\/toode\\\/kirju-kukk-amigurumi-opetus\\\/\",\"name\":\"Amigurumi kuke heegeldamise \u00f5petus - Kirju kukk (Eng) | lilleliis\",\"isPartOf\":{\"@id\":\"https:\\\/\\\/www.lilleliis.com\\\/et\\\/#website\"},\"primaryImageOfPage\":{\"@id\":\"https:\\\/\\\/www.lilleliis.com\\\/et\\\/toode\\\/kirju-kukk-amigurumi-opetus\\\/#primaryimage\"},\"image\":{\"@id\":\"https:\\\/\\\/www.lilleliis.com\\\/et\\\/toode\\\/kirju-kukk-amigurumi-opetus\\\/#primaryimage\"},\"thumbnailUrl\":\"https:\\\/\\\/www.lilleliis.com\\\/wp-content\\\/uploads\\\/2025\\\/03\\\/amigurumi-rooster-pattern10.jpg\",\"datePublished\":\"2025-12-22T15:48:28+00:00\",\"dateModified\":\"2026-03-01T13:29:50+00:00\",\"description\":\"Amigurumi kuke heegeldamise \u00f5petus - Kirju kukk. Samm-sammuline heegeldamise \u00f5petus vahva ja v\u00e4rvikalt kirju kuke valmistamiseks. \u00d5petus on inglise keeles.\",\"breadcrumb\":{\"@id\":\"https:\\\/\\\/www.lilleliis.com\\\/et\\\/toode\\\/kirju-kukk-amigurumi-opetus\\\/#breadcrumb\"},\"inLanguage\":\"et\",\"potentialAction\":[{\"@type\":\"ReadAction\",\"target\":[\"https:\\\/\\\/www.lilleliis.com\\\/et\\\/toode\\\/kirju-kukk-amigurumi-opetus\\\/\"]}]},{\"@type\":\"ImageObject\",\"inLanguage\":\"et\",\"@id\":\"https:\\\/\\\/www.lilleliis.com\\\/et\\\/toode\\\/kirju-kukk-amigurumi-opetus\\\/#primaryimage\",\"url\":\"https:\\\/\\\/www.lilleliis.com\\\/wp-content\\\/uploads\\\/2025\\\/03\\\/amigurumi-rooster-pattern10.jpg\",\"contentUrl\":\"https:\\\/\\\/www.lilleliis.com\\\/wp-content\\\/uploads\\\/2025\\\/03\\\/amigurumi-rooster-pattern10.jpg\",\"width\":1000,\"height\":1500,\"caption\":\"Kirju kukk amigurumi \u00f5petus\"},{\"@type\":\"BreadcrumbList\",\"@id\":\"https:\\\/\\\/www.lilleliis.com\\\/et\\\/toode\\\/kirju-kukk-amigurumi-opetus\\\/#breadcrumb\",\"itemListElement\":[{\"@type\":\"ListItem\",\"position\":1,\"name\":\"Home\",\"item\":\"https:\\\/\\\/www.lilleliis.com\\\/et\\\/\"},{\"@type\":\"ListItem\",\"position\":2,\"name\":\"Pood\",\"item\":\"https:\\\/\\\/www.lilleliis.com\\\/et\\\/shop\\\/\"},{\"@type\":\"ListItem\",\"position\":3,\"name\":\"Amigurumi kuke heegeldamise \u00f5petus &#8211; Kirju kukk (Eng)\"}]},{\"@type\":\"WebSite\",\"@id\":\"https:\\\/\\\/www.lilleliis.com\\\/et\\\/#website\",\"url\":\"https:\\\/\\\/www.lilleliis.com\\\/et\\\/\",\"name\":\"lilleliis\",\"description\":\"Amigurumi m\u00e4nguasjad ja mustrid\",\"potentialAction\":[{\"@type\":\"SearchAction\",\"target\":{\"@type\":\"EntryPoint\",\"urlTemplate\":\"https:\\\/\\\/www.lilleliis.com\\\/et\\\/?s={search_term_string}\"},\"query-input\":{\"@type\":\"PropertyValueSpecification\",\"valueRequired\":true,\"valueName\":\"search_term_string\"}}],\"inLanguage\":\"et\"}]}<\/script>\n<!-- \/ Yoast SEO plugin. -->","yoast_head_json":{"title":"Amigurumi kuke heegeldamise \u00f5petus - Kirju kukk (Eng) | lilleliis","description":"Amigurumi kuke heegeldamise \u00f5petus - Kirju kukk. Samm-sammuline heegeldamise \u00f5petus vahva ja v\u00e4rvikalt kirju kuke valmistamiseks. \u00d5petus on inglise keeles.","robots":{"index":"index","follow":"follow","max-snippet":"max-snippet:-1","max-image-preview":"max-image-preview:large","max-video-preview":"max-video-preview:-1"},"canonical":"https:\/\/www.lilleliis.com\/et\/toode\/kirju-kukk-amigurumi-opetus\/","og_locale":"et_EE","og_type":"article","og_title":"Amigurumi kuke heegeldamise \u00f5petus - Kirju kukk (Eng) | lilleliis","og_description":"Amigurumi kuke heegeldamise \u00f5petus - Kirju kukk. Samm-sammuline heegeldamise \u00f5petus vahva ja v\u00e4rvikalt kirju kuke valmistamiseks. \u00d5petus on inglise keeles.","og_url":"https:\/\/www.lilleliis.com\/et\/toode\/kirju-kukk-amigurumi-opetus\/","og_site_name":"lilleliis","article_publisher":"https:\/\/www.facebook.com\/lilleliis-283266335035799\/","article_modified_time":"2026-03-01T13:29:50+00:00","og_image":[{"width":1000,"height":1500,"url":"https:\/\/www.lilleliis.com\/wp-content\/uploads\/2025\/03\/amigurumi-rooster-pattern10.jpg","type":"image\/jpeg"}],"twitter_card":"summary_large_image","twitter_misc":{"Est. reading time":"2 minutes"},"schema":{"@context":"https:\/\/schema.org","@graph":[{"@type":"WebPage","@id":"https:\/\/www.lilleliis.com\/et\/toode\/kirju-kukk-amigurumi-opetus\/","url":"https:\/\/www.lilleliis.com\/et\/toode\/kirju-kukk-amigurumi-opetus\/","name":"Amigurumi kuke heegeldamise \u00f5petus - Kirju kukk (Eng) | lilleliis","isPartOf":{"@id":"https:\/\/www.lilleliis.com\/et\/#website"},"primaryImageOfPage":{"@id":"https:\/\/www.lilleliis.com\/et\/toode\/kirju-kukk-amigurumi-opetus\/#primaryimage"},"image":{"@id":"https:\/\/www.lilleliis.com\/et\/toode\/kirju-kukk-amigurumi-opetus\/#primaryimage"},"thumbnailUrl":"https:\/\/www.lilleliis.com\/wp-content\/uploads\/2025\/03\/amigurumi-rooster-pattern10.jpg","datePublished":"2025-12-22T15:48:28+00:00","dateModified":"2026-03-01T13:29:50+00:00","description":"Amigurumi kuke heegeldamise \u00f5petus - Kirju kukk. Samm-sammuline heegeldamise \u00f5petus vahva ja v\u00e4rvikalt kirju kuke valmistamiseks. \u00d5petus on inglise keeles.","breadcrumb":{"@id":"https:\/\/www.lilleliis.com\/et\/toode\/kirju-kukk-amigurumi-opetus\/#breadcrumb"},"inLanguage":"et","potentialAction":[{"@type":"ReadAction","target":["https:\/\/www.lilleliis.com\/et\/toode\/kirju-kukk-amigurumi-opetus\/"]}]},{"@type":"ImageObject","inLanguage":"et","@id":"https:\/\/www.lilleliis.com\/et\/toode\/kirju-kukk-amigurumi-opetus\/#primaryimage","url":"https:\/\/www.lilleliis.com\/wp-content\/uploads\/2025\/03\/amigurumi-rooster-pattern10.jpg","contentUrl":"https:\/\/www.lilleliis.com\/wp-content\/uploads\/2025\/03\/amigurumi-rooster-pattern10.jpg","width":1000,"height":1500,"caption":"Kirju kukk amigurumi \u00f5petus"},{"@type":"BreadcrumbList","@id":"https:\/\/www.lilleliis.com\/et\/toode\/kirju-kukk-amigurumi-opetus\/#breadcrumb","itemListElement":[{"@type":"ListItem","position":1,"name":"Home","item":"https:\/\/www.lilleliis.com\/et\/"},{"@type":"ListItem","position":2,"name":"Pood","item":"https:\/\/www.lilleliis.com\/et\/shop\/"},{"@type":"ListItem","position":3,"name":"Amigurumi kuke heegeldamise \u00f5petus &#8211; Kirju kukk (Eng)"}]},{"@type":"WebSite","@id":"https:\/\/www.lilleliis.com\/et\/#website","url":"https:\/\/www.lilleliis.com\/et\/","name":"lilleliis","description":"Amigurumi m\u00e4nguasjad ja mustrid","potentialAction":[{"@type":"SearchAction","target":{"@type":"EntryPoint","urlTemplate":"https:\/\/www.lilleliis.com\/et\/?s={search_term_string}"},"query-input":{"@type":"PropertyValueSpecification","valueRequired":true,"valueName":"search_term_string"}}],"inLanguage":"et"}]}},"_links":{"self":[{"href":"https:\/\/www.lilleliis.com\/et\/wp-json\/wp\/v2\/product\/99125","targetHints":{"allow":["GET"]}}],"collection":[{"href":"https:\/\/www.lilleliis.com\/et\/wp-json\/wp\/v2\/product"}],"about":[{"href":"https:\/\/www.lilleliis.com\/et\/wp-json\/wp\/v2\/types\/product"}],"replies":[{"embeddable":true,"href":"https:\/\/www.lilleliis.com\/et\/wp-json\/wp\/v2\/comments?post=99125"}],"wp:featuredmedia":[{"embeddable":true,"href":"https:\/\/www.lilleliis.com\/et\/wp-json\/wp\/v2\/media\/99145"}],"wp:attachment":[{"href":"https:\/\/www.lilleliis.com\/et\/wp-json\/wp\/v2\/media?parent=99125"}],"wp:term":[{"taxonomy":"product_brand","embeddable":true,"href":"https:\/\/www.lilleliis.com\/et\/wp-json\/wp\/v2\/product_brand?post=99125"},{"taxonomy":"product_cat","embeddable":true,"href":"https:\/\/www.lilleliis.com\/et\/wp-json\/wp\/v2\/product_cat?post=99125"},{"taxonomy":"product_tag","embeddable":true,"href":"https:\/\/www.lilleliis.com\/et\/wp-json\/wp\/v2\/product_tag?post=99125"}],"curies":[{"name":"wp","href":"https:\/\/api.w.org\/{rel}","templated":true}]}}