{"id":99342,"date":"2026-04-13T17:45:45","date_gmt":"2026-04-13T14:45:45","guid":{"rendered":"https:\/\/www.lilleliis.com\/?post_type=product&#038;p=99342"},"modified":"2026-04-13T20:45:19","modified_gmt":"2026-04-13T17:45:19","slug":"scheepjes-catona","status":"publish","type":"product","link":"https:\/\/www.lilleliis.com\/et\/toode\/scheepjes-catona\/","title":{"rendered":"Scheepjes Catona &#8211; puuvillane l\u00f5ng &#8211; 50 g \/ 125 m"},"content":{"rendered":"<p>Scheepjes Catona on populaarne 100% merseriseeritud puuvillane l\u00f5ng, millel on \u00f5rn l\u00e4ige ja sile, pehme viimistlus. Catona on suurep\u00e4rane baasl\u00f5ng ja usaldusv\u00e4\u00e4rne valik amigurumi, (laste)r\u00f5ivaste ning moe- ja koduaksessuaaride valmistamiseks.<\/p>\n<p>Heegeldajad hindavad k\u00f5rgelt selle l\u00f5nga siledat tekstuuri ja kaunist l\u00e4iget. Kiidetakse head vastupidavust nii kasutamisele kui ka pesemisele. Tuuakse v\u00e4lja asjaolu, et Catona ei muutu topiliselt ei heegeldamise ajal ega ka hiljem kasutades.<\/p>\n<p>Scheepjes Catona on saadaval laias, 113 tooniga v\u00e4rvikaardis (vaata fotodest). Hetkel on minu e-poe laovalik piiratud, kuid teisi v\u00e4rve on v\u00f5imalik tellida ettetellimisel (enamasti alates 10 tokist \u00fche v\u00e4rvitooni kohta) &#8211; <a href=\"mailto: lilleliis@gmail.com\">kirjuta mulle<\/a> ja anna oma soovist m\u00e4rku.<\/p>\n<div class=\"is-divider divider clearfix\" ><\/div>\n<h3>Lilleliis soovitab:<\/h3>\n<ul>\n<li>Amigurumi valmistamisel kasuta 2-2,5 mm heegeln\u00f5ela.<\/li>\n<li>Kuna analoogset puuvillast baasl\u00f5nga on mitmetel tootjatel (Schachenmayr Catania, Gr\u00fcndl Cotton Quick, Katia Capri, G-B Wolle Carina), siis saab seda edukalt kombineerida.<\/li>\n<\/ul>\n<div class=\"is-divider divider clearfix\" ><\/div>\n<h3>Suurus ja materjal<\/h3>\n<p>L\u00f5nga j\u00e4medus: 50g \/ 125m (Fingering, 4 ply)<\/p>\n<p>Materjal: 100% merseriseeritud puuvill<\/p>\n<p>Tootja: Holland<\/p>\n<div class=\"is-divider divider clearfix\" ><\/div>\n<h3>Oeco-tex standard 100 sertifikaat<\/h3>\n<p>Scheepjes Catona on toodetud rangete Euroopa Liidu eeskirjade j\u00e4rgi ja sertifitseeritud OEKO-TEX Standard 100, tooteklass 1 sertifikaadiga. Tooteklass 1 sertifikaatidel on rangeimad kriteeriumid, mist\u00f5ttu sobib l\u00f5ng ka beebide ja v\u00e4ikelaste tekkide, riiete ja m\u00e4nguasjade tegemiseks. Lisaks on l\u00f5ngale tehtud eraldi laboritestid (Euroopa standardid DIN EN71-3) mis kinnitab, et l\u00f5ng on sobilik m\u00e4nguasjade tootmiseks.<\/p>\n<div class=\"is-divider divider clearfix\" ><\/div>\n<h3>Kuidas l\u00f5nga hooldada<\/h3>\n<p>K\u00e4sipesu, max 40\u00b0C \/ kuivata tasapinnal<\/p>\n","protected":false},"excerpt":{"rendered":"<p>Scheepjes Catona on populaarne 100% merseriseeritud puuvillane l\u00f5ng, mille sile tekstuur, \u00f5rn l\u00e4ige ja hea vastupidavus teevad sellest suurep\u00e4rase valiku amigurumi, r\u00f5ivaste ning aksessuaaride valmistamiseks. T\u00f5eline baasl\u00f5ng \u00fcksk\u00f5ik mille valmistamiseks!<\/p>\n","protected":false},"featured_media":106015,"comment_status":"open","ping_status":"closed","template":"","meta":[],"product_brand":[1566],"product_cat":[708,429],"product_tag":[1590],"class_list":{"0":"post-99342","1":"product","2":"type-product","3":"status-publish","4":"has-post-thumbnail","6":"product_brand-scheepjes","7":"product_cat-longad","8":"product_cat-kasitoo-tarvikud","9":"product_tag-puuvillased-longad","10":"pa_scheepjes-catona-colors-110-jet-black","11":"pa_scheepjes-catona-colors-130-old-lace","12":"pa_scheepjes-catona-colors-157-root-beer","13":"pa_scheepjes-catona-colors-248-champagne","14":"pa_scheepjes-catona-colors-404-english-tea","15":"pa_scheepjes-catona-colors-505-linen","16":"pa_scheepjes-catona-colors-506-caramel","17":"pa_yarn-weight-fingering-4-ply","19":"first","20":"instock","21":"taxable","22":"shipping-taxable","23":"purchasable","24":"product-type-variable"},"yoast_head":"<!-- This site is optimized with the Yoast SEO plugin v27.3 - https:\/\/yoast.com\/product\/yoast-seo-wordpress\/ -->\n<title>Scheepjes Catona - puuvillane l\u00f5ng - 50 g \/ 125 m | lilleliis<\/title>\n<meta name=\"description\" content=\"Scheepjes Catona 100% puuvillane l\u00f5ng on paljude k\u00e4sit\u00f6\u00f6liste poolt armastatud Oeco-Tex sertifikaadiga l\u00f5ng erinevateks heegeldamise projektideks.\" \/>\n<meta name=\"robots\" content=\"index, follow, max-snippet:-1, max-image-preview:large, max-video-preview:-1\" \/>\n<link rel=\"canonical\" href=\"https:\/\/www.lilleliis.com\/et\/toode\/scheepjes-catona\/\" \/>\n<meta property=\"og:locale\" content=\"et_EE\" \/>\n<meta property=\"og:type\" content=\"article\" \/>\n<meta property=\"og:title\" content=\"Scheepjes Catona - puuvillane l\u00f5ng - 50 g \/ 125 m | lilleliis\" \/>\n<meta property=\"og:description\" content=\"Scheepjes Catona 100% puuvillane l\u00f5ng on paljude k\u00e4sit\u00f6\u00f6liste poolt armastatud Oeco-Tex sertifikaadiga l\u00f5ng erinevateks heegeldamise projektideks.\" \/>\n<meta property=\"og:url\" content=\"https:\/\/www.lilleliis.com\/et\/toode\/scheepjes-catona\/\" \/>\n<meta property=\"og:site_name\" content=\"lilleliis\" \/>\n<meta property=\"article:publisher\" content=\"https:\/\/www.facebook.com\/lilleliis-283266335035799\/\" \/>\n<meta property=\"article:modified_time\" content=\"2026-04-13T17:45:19+00:00\" \/>\n<meta property=\"og:image\" content=\"https:\/\/www.lilleliis.com\/wp-content\/uploads\/2026\/04\/scheepjes-catona-157-root-beer.webp\" \/>\n\t<meta property=\"og:image:width\" content=\"1000\" \/>\n\t<meta property=\"og:image:height\" content=\"1000\" \/>\n\t<meta property=\"og:image:type\" content=\"image\/webp\" \/>\n<meta name=\"twitter:card\" content=\"summary_large_image\" \/>\n<meta name=\"twitter:label1\" content=\"Est. reading time\" \/>\n\t<meta name=\"twitter:data1\" content=\"2 minutes\" \/>\n<script type=\"application\/ld+json\" class=\"yoast-schema-graph\">{\"@context\":\"https:\\\/\\\/schema.org\",\"@graph\":[{\"@type\":\"WebPage\",\"@id\":\"https:\\\/\\\/www.lilleliis.com\\\/et\\\/toode\\\/scheepjes-catona\\\/\",\"url\":\"https:\\\/\\\/www.lilleliis.com\\\/et\\\/toode\\\/scheepjes-catona\\\/\",\"name\":\"Scheepjes Catona - puuvillane l\u00f5ng - 50 g \\\/ 125 m | lilleliis\",\"isPartOf\":{\"@id\":\"https:\\\/\\\/www.lilleliis.com\\\/et\\\/#website\"},\"primaryImageOfPage\":{\"@id\":\"https:\\\/\\\/www.lilleliis.com\\\/et\\\/toode\\\/scheepjes-catona\\\/#primaryimage\"},\"image\":{\"@id\":\"https:\\\/\\\/www.lilleliis.com\\\/et\\\/toode\\\/scheepjes-catona\\\/#primaryimage\"},\"thumbnailUrl\":\"https:\\\/\\\/www.lilleliis.com\\\/wp-content\\\/uploads\\\/2026\\\/04\\\/scheepjes-catona-157-root-beer.webp\",\"datePublished\":\"2026-04-13T14:45:45+00:00\",\"dateModified\":\"2026-04-13T17:45:19+00:00\",\"description\":\"Scheepjes Catona 100% puuvillane l\u00f5ng on paljude k\u00e4sit\u00f6\u00f6liste poolt armastatud Oeco-Tex sertifikaadiga l\u00f5ng erinevateks heegeldamise projektideks.\",\"breadcrumb\":{\"@id\":\"https:\\\/\\\/www.lilleliis.com\\\/et\\\/toode\\\/scheepjes-catona\\\/#breadcrumb\"},\"inLanguage\":\"et\",\"potentialAction\":[{\"@type\":\"ReadAction\",\"target\":[\"https:\\\/\\\/www.lilleliis.com\\\/et\\\/toode\\\/scheepjes-catona\\\/\"]}]},{\"@type\":\"ImageObject\",\"inLanguage\":\"et\",\"@id\":\"https:\\\/\\\/www.lilleliis.com\\\/et\\\/toode\\\/scheepjes-catona\\\/#primaryimage\",\"url\":\"https:\\\/\\\/www.lilleliis.com\\\/wp-content\\\/uploads\\\/2026\\\/04\\\/scheepjes-catona-157-root-beer.webp\",\"contentUrl\":\"https:\\\/\\\/www.lilleliis.com\\\/wp-content\\\/uploads\\\/2026\\\/04\\\/scheepjes-catona-157-root-beer.webp\",\"width\":1000,\"height\":1000,\"caption\":\"scheepjes catona 157 root beer\"},{\"@type\":\"BreadcrumbList\",\"@id\":\"https:\\\/\\\/www.lilleliis.com\\\/et\\\/toode\\\/scheepjes-catona\\\/#breadcrumb\",\"itemListElement\":[{\"@type\":\"ListItem\",\"position\":1,\"name\":\"Home\",\"item\":\"https:\\\/\\\/www.lilleliis.com\\\/et\\\/\"},{\"@type\":\"ListItem\",\"position\":2,\"name\":\"Pood\",\"item\":\"https:\\\/\\\/www.lilleliis.com\\\/et\\\/shop\\\/\"},{\"@type\":\"ListItem\",\"position\":3,\"name\":\"Scheepjes Catona &#8211; puuvillane l\u00f5ng &#8211; 50 g \\\/ 125 m\"}]},{\"@type\":\"WebSite\",\"@id\":\"https:\\\/\\\/www.lilleliis.com\\\/et\\\/#website\",\"url\":\"https:\\\/\\\/www.lilleliis.com\\\/et\\\/\",\"name\":\"lilleliis\",\"description\":\"Amigurumi m\u00e4nguasjad ja mustrid\",\"potentialAction\":[{\"@type\":\"SearchAction\",\"target\":{\"@type\":\"EntryPoint\",\"urlTemplate\":\"https:\\\/\\\/www.lilleliis.com\\\/et\\\/?s={search_term_string}\"},\"query-input\":{\"@type\":\"PropertyValueSpecification\",\"valueRequired\":true,\"valueName\":\"search_term_string\"}}],\"inLanguage\":\"et\"}]}<\/script>\n<!-- \/ Yoast SEO plugin. -->","yoast_head_json":{"title":"Scheepjes Catona - puuvillane l\u00f5ng - 50 g \/ 125 m | lilleliis","description":"Scheepjes Catona 100% puuvillane l\u00f5ng on paljude k\u00e4sit\u00f6\u00f6liste poolt armastatud Oeco-Tex sertifikaadiga l\u00f5ng erinevateks heegeldamise projektideks.","robots":{"index":"index","follow":"follow","max-snippet":"max-snippet:-1","max-image-preview":"max-image-preview:large","max-video-preview":"max-video-preview:-1"},"canonical":"https:\/\/www.lilleliis.com\/et\/toode\/scheepjes-catona\/","og_locale":"et_EE","og_type":"article","og_title":"Scheepjes Catona - puuvillane l\u00f5ng - 50 g \/ 125 m | lilleliis","og_description":"Scheepjes Catona 100% puuvillane l\u00f5ng on paljude k\u00e4sit\u00f6\u00f6liste poolt armastatud Oeco-Tex sertifikaadiga l\u00f5ng erinevateks heegeldamise projektideks.","og_url":"https:\/\/www.lilleliis.com\/et\/toode\/scheepjes-catona\/","og_site_name":"lilleliis","article_publisher":"https:\/\/www.facebook.com\/lilleliis-283266335035799\/","article_modified_time":"2026-04-13T17:45:19+00:00","og_image":[{"width":1000,"height":1000,"url":"https:\/\/www.lilleliis.com\/wp-content\/uploads\/2026\/04\/scheepjes-catona-157-root-beer.webp","type":"image\/webp"}],"twitter_card":"summary_large_image","twitter_misc":{"Est. reading time":"2 minutes"},"schema":{"@context":"https:\/\/schema.org","@graph":[{"@type":"WebPage","@id":"https:\/\/www.lilleliis.com\/et\/toode\/scheepjes-catona\/","url":"https:\/\/www.lilleliis.com\/et\/toode\/scheepjes-catona\/","name":"Scheepjes Catona - puuvillane l\u00f5ng - 50 g \/ 125 m | lilleliis","isPartOf":{"@id":"https:\/\/www.lilleliis.com\/et\/#website"},"primaryImageOfPage":{"@id":"https:\/\/www.lilleliis.com\/et\/toode\/scheepjes-catona\/#primaryimage"},"image":{"@id":"https:\/\/www.lilleliis.com\/et\/toode\/scheepjes-catona\/#primaryimage"},"thumbnailUrl":"https:\/\/www.lilleliis.com\/wp-content\/uploads\/2026\/04\/scheepjes-catona-157-root-beer.webp","datePublished":"2026-04-13T14:45:45+00:00","dateModified":"2026-04-13T17:45:19+00:00","description":"Scheepjes Catona 100% puuvillane l\u00f5ng on paljude k\u00e4sit\u00f6\u00f6liste poolt armastatud Oeco-Tex sertifikaadiga l\u00f5ng erinevateks heegeldamise projektideks.","breadcrumb":{"@id":"https:\/\/www.lilleliis.com\/et\/toode\/scheepjes-catona\/#breadcrumb"},"inLanguage":"et","potentialAction":[{"@type":"ReadAction","target":["https:\/\/www.lilleliis.com\/et\/toode\/scheepjes-catona\/"]}]},{"@type":"ImageObject","inLanguage":"et","@id":"https:\/\/www.lilleliis.com\/et\/toode\/scheepjes-catona\/#primaryimage","url":"https:\/\/www.lilleliis.com\/wp-content\/uploads\/2026\/04\/scheepjes-catona-157-root-beer.webp","contentUrl":"https:\/\/www.lilleliis.com\/wp-content\/uploads\/2026\/04\/scheepjes-catona-157-root-beer.webp","width":1000,"height":1000,"caption":"scheepjes catona 157 root beer"},{"@type":"BreadcrumbList","@id":"https:\/\/www.lilleliis.com\/et\/toode\/scheepjes-catona\/#breadcrumb","itemListElement":[{"@type":"ListItem","position":1,"name":"Home","item":"https:\/\/www.lilleliis.com\/et\/"},{"@type":"ListItem","position":2,"name":"Pood","item":"https:\/\/www.lilleliis.com\/et\/shop\/"},{"@type":"ListItem","position":3,"name":"Scheepjes Catona &#8211; puuvillane l\u00f5ng &#8211; 50 g \/ 125 m"}]},{"@type":"WebSite","@id":"https:\/\/www.lilleliis.com\/et\/#website","url":"https:\/\/www.lilleliis.com\/et\/","name":"lilleliis","description":"Amigurumi m\u00e4nguasjad ja mustrid","potentialAction":[{"@type":"SearchAction","target":{"@type":"EntryPoint","urlTemplate":"https:\/\/www.lilleliis.com\/et\/?s={search_term_string}"},"query-input":{"@type":"PropertyValueSpecification","valueRequired":true,"valueName":"search_term_string"}}],"inLanguage":"et"}]}},"_links":{"self":[{"href":"https:\/\/www.lilleliis.com\/et\/wp-json\/wp\/v2\/product\/99342","targetHints":{"allow":["GET"]}}],"collection":[{"href":"https:\/\/www.lilleliis.com\/et\/wp-json\/wp\/v2\/product"}],"about":[{"href":"https:\/\/www.lilleliis.com\/et\/wp-json\/wp\/v2\/types\/product"}],"replies":[{"embeddable":true,"href":"https:\/\/www.lilleliis.com\/et\/wp-json\/wp\/v2\/comments?post=99342"}],"wp:featuredmedia":[{"embeddable":true,"href":"https:\/\/www.lilleliis.com\/et\/wp-json\/wp\/v2\/media\/106015"}],"wp:attachment":[{"href":"https:\/\/www.lilleliis.com\/et\/wp-json\/wp\/v2\/media?parent=99342"}],"wp:term":[{"taxonomy":"product_brand","embeddable":true,"href":"https:\/\/www.lilleliis.com\/et\/wp-json\/wp\/v2\/product_brand?post=99342"},{"taxonomy":"product_cat","embeddable":true,"href":"https:\/\/www.lilleliis.com\/et\/wp-json\/wp\/v2\/product_cat?post=99342"},{"taxonomy":"product_tag","embeddable":true,"href":"https:\/\/www.lilleliis.com\/et\/wp-json\/wp\/v2\/product_tag?post=99342"}],"curies":[{"name":"wp","href":"https:\/\/api.w.org\/{rel}","templated":true}]}}