{"id":99450,"date":"2026-04-13T10:30:16","date_gmt":"2026-04-13T07:30:16","guid":{"rendered":"https:\/\/www.lilleliis.com\/?post_type=product&#038;p=99450"},"modified":"2026-04-13T10:38:20","modified_gmt":"2026-04-13T07:38:20","slug":"pimedas-helendav-long","status":"publish","type":"product","link":"https:\/\/www.lilleliis.com\/et\/toode\/pimedas-helendav-long\/","title":{"rendered":"Pimedas helendav l\u00f5ng &#8211; Scheepjes Glow Up &#8211; 50 g \/ 105 m"},"content":{"rendered":"<p class=\"\" data-start=\"0\" data-end=\"287\">Pane oma amigurumid helendama \u2728 Scheepjes Glow Up on uus ja eriline pimedas helendav l\u00f5ng.<\/p>\n<p class=\"\" data-start=\"0\" data-end=\"287\">T\u00e4nu spetsiaalsele kattele salvestab l\u00f5ng p\u00e4eva jooksul valgust ning pimedas vabastab selle j\u00e4rk-j\u00e4rgult. See loob pimedas kauni helenduse efekti ja paneb su heegelt\u00f6\u00f6 ka \u00f6\u00f6sel s\u00e4rama.<\/p>\n<p class=\"\" data-start=\"289\" data-end=\"712\">P\u00e4evavalguses on Scheepjes Glow Up erksalt valge. Kunstlik valgus, eriti LED-valgus, tugevdab seda efekti veelgi. Glow Up on kerge ja vastupidav l\u00f5ng, mis sobib ideaalselt nii heegeldamiseks kui kudumiseks. Selle l\u00f5ngaga saad luua vahvaid amigurumisid, aga miks mitte ka (kodu)aksessuaare.<\/p>\n<p class=\"\" data-start=\"289\" data-end=\"712\">Lapsed armastavad Scheepjes Glow Up&#8217;i maagilist s\u00e4ra. \u00d6\u00f6s helendav m\u00e4nguasi v\u00f5i toakaunistus v\u00f5ib olla lohutuseks neile, kes kardavad pimedust.<\/p>\n<p class=\"\" data-start=\"714\" data-end=\"1048\">Scheepjes Glow Up on saadaval \u00fches toonis: valguses valge ja pimedas roheka helendusega.<\/p>\n<p data-start=\"714\" data-end=\"1048\"><div class=\"is-divider divider clearfix\" ><\/div>\n<h3 data-start=\"714\" data-end=\"1048\">Suurus ja materjal<\/h3>\n<p>L\u00f5nga j\u00e4medus: 50g \/ 105m (Fingering)<\/p>\n<p>Materjal: 100% pol\u00fcester<\/p>\n<p>Tootja: Holland<\/p>\n<div class=\"is-divider divider clearfix\" ><\/div>\n<h3>Kuidas l\u00f5nga hooldada?<\/h3>\n<p>Scheepjes soovitab l\u00f5nga pesta k\u00e4sitsi.<\/p>\n","protected":false},"excerpt":{"rendered":"<p data-start=\"0\" data-end=\"265\">Scheepjes Glow Up on pimedas helendav l\u00f5ng, mis salvestab valguse ja vabastab selle pimedas kauni roheka helendusena. Kerge ja vastupidav l\u00f5ng sobib suurep\u00e4raselt amigurumide ja lastetoa dekoratsioonide heegeldamiseks.<\/p>\n","protected":false},"featured_media":99449,"comment_status":"open","ping_status":"closed","template":"","meta":[],"product_brand":[],"product_cat":[708,429],"product_tag":[1581],"class_list":{"0":"post-99450","1":"product","2":"type-product","3":"status-publish","4":"has-post-thumbnail","6":"product_cat-longad","7":"product_cat-kasitoo-tarvikud","8":"product_tag-helendav-long","9":"pa_color-valge","10":"pa_special-features-helendus","12":"first","13":"instock","14":"taxable","15":"shipping-taxable","16":"purchasable","17":"product-type-simple"},"yoast_head":"<!-- This site is optimized with the Yoast SEO plugin v27.3 - https:\/\/yoast.com\/product\/yoast-seo-wordpress\/ -->\n<title>Pimedas helendav l\u00f5ng - Scheepjes Glow Up - 50 g \/ 105 m | lilleliis<\/title>\n<meta name=\"description\" content=\"Pane oma amigurumid helendama \u2728 Scheepjes Glow Up on uus ja eriline pimedas helendav l\u00f5ng. L\u00f5nga j\u00e4medus: 50g \/ 105m; koostis: 100% pol\u00fcester.\" \/>\n<meta name=\"robots\" content=\"index, follow, max-snippet:-1, max-image-preview:large, max-video-preview:-1\" \/>\n<link rel=\"canonical\" href=\"https:\/\/www.lilleliis.com\/et\/toode\/pimedas-helendav-long\/\" \/>\n<meta property=\"og:locale\" content=\"et_EE\" \/>\n<meta property=\"og:type\" content=\"article\" \/>\n<meta property=\"og:title\" content=\"Pimedas helendav l\u00f5ng - Scheepjes Glow Up - 50 g \/ 105 m | lilleliis\" \/>\n<meta property=\"og:description\" content=\"Pane oma amigurumid helendama \u2728 Scheepjes Glow Up on uus ja eriline pimedas helendav l\u00f5ng. L\u00f5nga j\u00e4medus: 50g \/ 105m; koostis: 100% pol\u00fcester.\" \/>\n<meta property=\"og:url\" content=\"https:\/\/www.lilleliis.com\/et\/toode\/pimedas-helendav-long\/\" \/>\n<meta property=\"og:site_name\" content=\"lilleliis\" \/>\n<meta property=\"article:publisher\" content=\"https:\/\/www.facebook.com\/lilleliis-283266335035799\/\" \/>\n<meta property=\"article:modified_time\" content=\"2026-04-13T07:38:20+00:00\" \/>\n<meta property=\"og:image\" content=\"https:\/\/www.lilleliis.com\/wp-content\/uploads\/2025\/03\/Glow-in-the-dark-yarn-scheepjes2.webp\" \/>\n\t<meta property=\"og:image:width\" content=\"1000\" \/>\n\t<meta property=\"og:image:height\" content=\"1000\" \/>\n\t<meta property=\"og:image:type\" content=\"image\/webp\" \/>\n<meta name=\"twitter:card\" content=\"summary_large_image\" \/>\n<meta name=\"twitter:label1\" content=\"Est. reading time\" \/>\n\t<meta name=\"twitter:data1\" content=\"1 minute\" \/>\n<script type=\"application\/ld+json\" class=\"yoast-schema-graph\">{\"@context\":\"https:\\\/\\\/schema.org\",\"@graph\":[{\"@type\":\"WebPage\",\"@id\":\"https:\\\/\\\/www.lilleliis.com\\\/et\\\/toode\\\/pimedas-helendav-long\\\/\",\"url\":\"https:\\\/\\\/www.lilleliis.com\\\/et\\\/toode\\\/pimedas-helendav-long\\\/\",\"name\":\"Pimedas helendav l\u00f5ng - Scheepjes Glow Up - 50 g \\\/ 105 m | lilleliis\",\"isPartOf\":{\"@id\":\"https:\\\/\\\/www.lilleliis.com\\\/et\\\/#website\"},\"primaryImageOfPage\":{\"@id\":\"https:\\\/\\\/www.lilleliis.com\\\/et\\\/toode\\\/pimedas-helendav-long\\\/#primaryimage\"},\"image\":{\"@id\":\"https:\\\/\\\/www.lilleliis.com\\\/et\\\/toode\\\/pimedas-helendav-long\\\/#primaryimage\"},\"thumbnailUrl\":\"https:\\\/\\\/www.lilleliis.com\\\/wp-content\\\/uploads\\\/2025\\\/03\\\/Glow-in-the-dark-yarn-scheepjes2.webp\",\"datePublished\":\"2026-04-13T07:30:16+00:00\",\"dateModified\":\"2026-04-13T07:38:20+00:00\",\"description\":\"Pane oma amigurumid helendama \u2728 Scheepjes Glow Up on uus ja eriline pimedas helendav l\u00f5ng. L\u00f5nga j\u00e4medus: 50g \\\/ 105m; koostis: 100% pol\u00fcester.\",\"breadcrumb\":{\"@id\":\"https:\\\/\\\/www.lilleliis.com\\\/et\\\/toode\\\/pimedas-helendav-long\\\/#breadcrumb\"},\"inLanguage\":\"et\",\"potentialAction\":[{\"@type\":\"ReadAction\",\"target\":[\"https:\\\/\\\/www.lilleliis.com\\\/et\\\/toode\\\/pimedas-helendav-long\\\/\"]}]},{\"@type\":\"ImageObject\",\"inLanguage\":\"et\",\"@id\":\"https:\\\/\\\/www.lilleliis.com\\\/et\\\/toode\\\/pimedas-helendav-long\\\/#primaryimage\",\"url\":\"https:\\\/\\\/www.lilleliis.com\\\/wp-content\\\/uploads\\\/2025\\\/03\\\/Glow-in-the-dark-yarn-scheepjes2.webp\",\"contentUrl\":\"https:\\\/\\\/www.lilleliis.com\\\/wp-content\\\/uploads\\\/2025\\\/03\\\/Glow-in-the-dark-yarn-scheepjes2.webp\",\"width\":1000,\"height\":1000,\"caption\":\"Pimedas helendav l\u00f5ng Scheepjes Glow Up\"},{\"@type\":\"BreadcrumbList\",\"@id\":\"https:\\\/\\\/www.lilleliis.com\\\/et\\\/toode\\\/pimedas-helendav-long\\\/#breadcrumb\",\"itemListElement\":[{\"@type\":\"ListItem\",\"position\":1,\"name\":\"Home\",\"item\":\"https:\\\/\\\/www.lilleliis.com\\\/et\\\/\"},{\"@type\":\"ListItem\",\"position\":2,\"name\":\"Pood\",\"item\":\"https:\\\/\\\/www.lilleliis.com\\\/et\\\/shop\\\/\"},{\"@type\":\"ListItem\",\"position\":3,\"name\":\"Pimedas helendav l\u00f5ng &#8211; Scheepjes Glow Up &#8211; 50 g \\\/ 105 m\"}]},{\"@type\":\"WebSite\",\"@id\":\"https:\\\/\\\/www.lilleliis.com\\\/et\\\/#website\",\"url\":\"https:\\\/\\\/www.lilleliis.com\\\/et\\\/\",\"name\":\"lilleliis\",\"description\":\"Amigurumi m\u00e4nguasjad ja mustrid\",\"potentialAction\":[{\"@type\":\"SearchAction\",\"target\":{\"@type\":\"EntryPoint\",\"urlTemplate\":\"https:\\\/\\\/www.lilleliis.com\\\/et\\\/?s={search_term_string}\"},\"query-input\":{\"@type\":\"PropertyValueSpecification\",\"valueRequired\":true,\"valueName\":\"search_term_string\"}}],\"inLanguage\":\"et\"}]}<\/script>\n<!-- \/ Yoast SEO plugin. -->","yoast_head_json":{"title":"Pimedas helendav l\u00f5ng - Scheepjes Glow Up - 50 g \/ 105 m | lilleliis","description":"Pane oma amigurumid helendama \u2728 Scheepjes Glow Up on uus ja eriline pimedas helendav l\u00f5ng. L\u00f5nga j\u00e4medus: 50g \/ 105m; koostis: 100% pol\u00fcester.","robots":{"index":"index","follow":"follow","max-snippet":"max-snippet:-1","max-image-preview":"max-image-preview:large","max-video-preview":"max-video-preview:-1"},"canonical":"https:\/\/www.lilleliis.com\/et\/toode\/pimedas-helendav-long\/","og_locale":"et_EE","og_type":"article","og_title":"Pimedas helendav l\u00f5ng - Scheepjes Glow Up - 50 g \/ 105 m | lilleliis","og_description":"Pane oma amigurumid helendama \u2728 Scheepjes Glow Up on uus ja eriline pimedas helendav l\u00f5ng. L\u00f5nga j\u00e4medus: 50g \/ 105m; koostis: 100% pol\u00fcester.","og_url":"https:\/\/www.lilleliis.com\/et\/toode\/pimedas-helendav-long\/","og_site_name":"lilleliis","article_publisher":"https:\/\/www.facebook.com\/lilleliis-283266335035799\/","article_modified_time":"2026-04-13T07:38:20+00:00","og_image":[{"width":1000,"height":1000,"url":"https:\/\/www.lilleliis.com\/wp-content\/uploads\/2025\/03\/Glow-in-the-dark-yarn-scheepjes2.webp","type":"image\/webp"}],"twitter_card":"summary_large_image","twitter_misc":{"Est. reading time":"1 minute"},"schema":{"@context":"https:\/\/schema.org","@graph":[{"@type":"WebPage","@id":"https:\/\/www.lilleliis.com\/et\/toode\/pimedas-helendav-long\/","url":"https:\/\/www.lilleliis.com\/et\/toode\/pimedas-helendav-long\/","name":"Pimedas helendav l\u00f5ng - Scheepjes Glow Up - 50 g \/ 105 m | lilleliis","isPartOf":{"@id":"https:\/\/www.lilleliis.com\/et\/#website"},"primaryImageOfPage":{"@id":"https:\/\/www.lilleliis.com\/et\/toode\/pimedas-helendav-long\/#primaryimage"},"image":{"@id":"https:\/\/www.lilleliis.com\/et\/toode\/pimedas-helendav-long\/#primaryimage"},"thumbnailUrl":"https:\/\/www.lilleliis.com\/wp-content\/uploads\/2025\/03\/Glow-in-the-dark-yarn-scheepjes2.webp","datePublished":"2026-04-13T07:30:16+00:00","dateModified":"2026-04-13T07:38:20+00:00","description":"Pane oma amigurumid helendama \u2728 Scheepjes Glow Up on uus ja eriline pimedas helendav l\u00f5ng. L\u00f5nga j\u00e4medus: 50g \/ 105m; koostis: 100% pol\u00fcester.","breadcrumb":{"@id":"https:\/\/www.lilleliis.com\/et\/toode\/pimedas-helendav-long\/#breadcrumb"},"inLanguage":"et","potentialAction":[{"@type":"ReadAction","target":["https:\/\/www.lilleliis.com\/et\/toode\/pimedas-helendav-long\/"]}]},{"@type":"ImageObject","inLanguage":"et","@id":"https:\/\/www.lilleliis.com\/et\/toode\/pimedas-helendav-long\/#primaryimage","url":"https:\/\/www.lilleliis.com\/wp-content\/uploads\/2025\/03\/Glow-in-the-dark-yarn-scheepjes2.webp","contentUrl":"https:\/\/www.lilleliis.com\/wp-content\/uploads\/2025\/03\/Glow-in-the-dark-yarn-scheepjes2.webp","width":1000,"height":1000,"caption":"Pimedas helendav l\u00f5ng Scheepjes Glow Up"},{"@type":"BreadcrumbList","@id":"https:\/\/www.lilleliis.com\/et\/toode\/pimedas-helendav-long\/#breadcrumb","itemListElement":[{"@type":"ListItem","position":1,"name":"Home","item":"https:\/\/www.lilleliis.com\/et\/"},{"@type":"ListItem","position":2,"name":"Pood","item":"https:\/\/www.lilleliis.com\/et\/shop\/"},{"@type":"ListItem","position":3,"name":"Pimedas helendav l\u00f5ng &#8211; Scheepjes Glow Up &#8211; 50 g \/ 105 m"}]},{"@type":"WebSite","@id":"https:\/\/www.lilleliis.com\/et\/#website","url":"https:\/\/www.lilleliis.com\/et\/","name":"lilleliis","description":"Amigurumi m\u00e4nguasjad ja mustrid","potentialAction":[{"@type":"SearchAction","target":{"@type":"EntryPoint","urlTemplate":"https:\/\/www.lilleliis.com\/et\/?s={search_term_string}"},"query-input":{"@type":"PropertyValueSpecification","valueRequired":true,"valueName":"search_term_string"}}],"inLanguage":"et"}]}},"_links":{"self":[{"href":"https:\/\/www.lilleliis.com\/et\/wp-json\/wp\/v2\/product\/99450","targetHints":{"allow":["GET"]}}],"collection":[{"href":"https:\/\/www.lilleliis.com\/et\/wp-json\/wp\/v2\/product"}],"about":[{"href":"https:\/\/www.lilleliis.com\/et\/wp-json\/wp\/v2\/types\/product"}],"replies":[{"embeddable":true,"href":"https:\/\/www.lilleliis.com\/et\/wp-json\/wp\/v2\/comments?post=99450"}],"wp:featuredmedia":[{"embeddable":true,"href":"https:\/\/www.lilleliis.com\/et\/wp-json\/wp\/v2\/media\/99449"}],"wp:attachment":[{"href":"https:\/\/www.lilleliis.com\/et\/wp-json\/wp\/v2\/media?parent=99450"}],"wp:term":[{"taxonomy":"product_brand","embeddable":true,"href":"https:\/\/www.lilleliis.com\/et\/wp-json\/wp\/v2\/product_brand?post=99450"},{"taxonomy":"product_cat","embeddable":true,"href":"https:\/\/www.lilleliis.com\/et\/wp-json\/wp\/v2\/product_cat?post=99450"},{"taxonomy":"product_tag","embeddable":true,"href":"https:\/\/www.lilleliis.com\/et\/wp-json\/wp\/v2\/product_tag?post=99450"}],"curies":[{"name":"wp","href":"https:\/\/api.w.org\/{rel}","templated":true}]}}