{"id":99486,"date":"2026-04-13T10:35:04","date_gmt":"2026-04-13T07:35:04","guid":{"rendered":"https:\/\/www.lilleliis.com\/?post_type=product&#038;p=99486"},"modified":"2026-04-13T10:45:40","modified_gmt":"2026-04-13T07:45:40","slug":"jonnipunni-sisu-suur","status":"publish","type":"product","link":"https:\/\/www.lilleliis.com\/et\/toode\/jonnipunni-sisu-suur\/","title":{"rendered":"Jonnipunni sisu &#8211; suur (110 mm)"},"content":{"rendered":"<p>Suurus: 110 mm<\/p>\n<p>Materjal: plastmass<\/p>\n<p>V\u00e4rvus: valge<\/p>\n","protected":false},"excerpt":{"rendered":"<p data-start=\"0\" data-end=\"359\">Jonnipunni sisu k\u00f5ikuvate-k\u00f5lisevate m\u00e4nguasjade valmistamiseks. Heegelda, koo v\u00f5i \u00f5mble palli \u00fcmber vahva tegelane ja loo ainulaadne kingitus beebile.<\/p>\n<p data-start=\"0\" data-end=\"359\">Jonnipunni t\u00fc\u00fcpi m\u00e4nguasjad sobivad ka k\u00f5ige pisematele. \u00dcmber l\u00fckates need k\u00f5iguvad ja teevad r\u00f5\u00f5msat k\u00f5linat t\u00e4nu palli sees peituvatele kellukestele.<\/p>\n<p data-start=\"0\" data-end=\"359\"><strong>NIPP! <\/strong>Veendu, et jonnipunni sisu j\u00e4\u00e4ks m\u00e4nguasja keskele, sest vaid nii p\u00fcsib see tasakaalus.<\/p>\n","protected":false},"featured_media":99473,"comment_status":"open","ping_status":"closed","template":"","meta":[],"product_brand":[],"product_cat":[429,568],"product_tag":[1602,1600],"class_list":{"0":"post-99486","1":"product","2":"type-product","3":"status-publish","4":"has-post-thumbnail","6":"product_cat-kasitoo-tarvikud","7":"product_cat-muud-tarvikud","8":"product_tag-beebilelude-valmistamine","9":"product_tag-helitekitajad","10":"pa_special-features-heli","12":"first","13":"instock","14":"taxable","15":"shipping-taxable","16":"purchasable","17":"product-type-simple"},"yoast_head":"<!-- This site is optimized with the Yoast SEO plugin v27.3 - https:\/\/yoast.com\/product\/yoast-seo-wordpress\/ -->\n<title>Jonnipunni sisu (suur) - k\u00f5lisev tasakaalupall beebim\u00e4nguasjadele | lilleliis<\/title>\n<meta name=\"description\" content=\"Jonnipunni sisu k\u00f5ikuva ja k\u00f5liseva beebim\u00e4nguasja valmistamiseks. Loo ainulaadne heegeldatud v\u00f5i \u00f5mmeldud m\u00e4nguasi, mis pakub r\u00f5\u00f5mu k\u00f5ige pisematele.\" \/>\n<meta name=\"robots\" content=\"index, follow, max-snippet:-1, max-image-preview:large, max-video-preview:-1\" \/>\n<link rel=\"canonical\" href=\"https:\/\/www.lilleliis.com\/et\/toode\/jonnipunni-sisu-suur\/\" \/>\n<meta property=\"og:locale\" content=\"et_EE\" \/>\n<meta property=\"og:type\" content=\"article\" \/>\n<meta property=\"og:title\" content=\"Jonnipunni sisu (suur) - k\u00f5lisev tasakaalupall beebim\u00e4nguasjadele | lilleliis\" \/>\n<meta property=\"og:description\" content=\"Jonnipunni sisu k\u00f5ikuva ja k\u00f5liseva beebim\u00e4nguasja valmistamiseks. Loo ainulaadne heegeldatud v\u00f5i \u00f5mmeldud m\u00e4nguasi, mis pakub r\u00f5\u00f5mu k\u00f5ige pisematele.\" \/>\n<meta property=\"og:url\" content=\"https:\/\/www.lilleliis.com\/et\/toode\/jonnipunni-sisu-suur\/\" \/>\n<meta property=\"og:site_name\" content=\"lilleliis\" \/>\n<meta property=\"article:publisher\" content=\"https:\/\/www.facebook.com\/lilleliis-283266335035799\/\" \/>\n<meta property=\"article:modified_time\" content=\"2026-04-13T07:45:40+00:00\" \/>\n<meta property=\"og:image\" content=\"https:\/\/www.lilleliis.com\/wp-content\/uploads\/2025\/03\/jonnipunni-sisu.jpg\" \/>\n\t<meta property=\"og:image:width\" content=\"1000\" \/>\n\t<meta property=\"og:image:height\" content=\"1500\" \/>\n\t<meta property=\"og:image:type\" content=\"image\/jpeg\" \/>\n<meta name=\"twitter:card\" content=\"summary_large_image\" \/>\n<meta name=\"twitter:label1\" content=\"Est. reading time\" \/>\n\t<meta name=\"twitter:data1\" content=\"1 minute\" \/>\n<script type=\"application\/ld+json\" class=\"yoast-schema-graph\">{\"@context\":\"https:\\\/\\\/schema.org\",\"@graph\":[{\"@type\":\"WebPage\",\"@id\":\"https:\\\/\\\/www.lilleliis.com\\\/et\\\/toode\\\/jonnipunni-sisu-suur\\\/\",\"url\":\"https:\\\/\\\/www.lilleliis.com\\\/et\\\/toode\\\/jonnipunni-sisu-suur\\\/\",\"name\":\"Jonnipunni sisu (suur) - k\u00f5lisev tasakaalupall beebim\u00e4nguasjadele | lilleliis\",\"isPartOf\":{\"@id\":\"https:\\\/\\\/www.lilleliis.com\\\/et\\\/#website\"},\"primaryImageOfPage\":{\"@id\":\"https:\\\/\\\/www.lilleliis.com\\\/et\\\/toode\\\/jonnipunni-sisu-suur\\\/#primaryimage\"},\"image\":{\"@id\":\"https:\\\/\\\/www.lilleliis.com\\\/et\\\/toode\\\/jonnipunni-sisu-suur\\\/#primaryimage\"},\"thumbnailUrl\":\"https:\\\/\\\/www.lilleliis.com\\\/wp-content\\\/uploads\\\/2025\\\/03\\\/jonnipunni-sisu.jpg\",\"datePublished\":\"2026-04-13T07:35:04+00:00\",\"dateModified\":\"2026-04-13T07:45:40+00:00\",\"description\":\"Jonnipunni sisu k\u00f5ikuva ja k\u00f5liseva beebim\u00e4nguasja valmistamiseks. Loo ainulaadne heegeldatud v\u00f5i \u00f5mmeldud m\u00e4nguasi, mis pakub r\u00f5\u00f5mu k\u00f5ige pisematele.\",\"breadcrumb\":{\"@id\":\"https:\\\/\\\/www.lilleliis.com\\\/et\\\/toode\\\/jonnipunni-sisu-suur\\\/#breadcrumb\"},\"inLanguage\":\"et\",\"potentialAction\":[{\"@type\":\"ReadAction\",\"target\":[\"https:\\\/\\\/www.lilleliis.com\\\/et\\\/toode\\\/jonnipunni-sisu-suur\\\/\"]}]},{\"@type\":\"ImageObject\",\"inLanguage\":\"et\",\"@id\":\"https:\\\/\\\/www.lilleliis.com\\\/et\\\/toode\\\/jonnipunni-sisu-suur\\\/#primaryimage\",\"url\":\"https:\\\/\\\/www.lilleliis.com\\\/wp-content\\\/uploads\\\/2025\\\/03\\\/jonnipunni-sisu.jpg\",\"contentUrl\":\"https:\\\/\\\/www.lilleliis.com\\\/wp-content\\\/uploads\\\/2025\\\/03\\\/jonnipunni-sisu.jpg\",\"width\":1000,\"height\":1500,\"caption\":\"jonnipunni sisu\"},{\"@type\":\"BreadcrumbList\",\"@id\":\"https:\\\/\\\/www.lilleliis.com\\\/et\\\/toode\\\/jonnipunni-sisu-suur\\\/#breadcrumb\",\"itemListElement\":[{\"@type\":\"ListItem\",\"position\":1,\"name\":\"Home\",\"item\":\"https:\\\/\\\/www.lilleliis.com\\\/et\\\/\"},{\"@type\":\"ListItem\",\"position\":2,\"name\":\"Pood\",\"item\":\"https:\\\/\\\/www.lilleliis.com\\\/et\\\/shop\\\/\"},{\"@type\":\"ListItem\",\"position\":3,\"name\":\"Jonnipunni sisu &#8211; suur (110 mm)\"}]},{\"@type\":\"WebSite\",\"@id\":\"https:\\\/\\\/www.lilleliis.com\\\/et\\\/#website\",\"url\":\"https:\\\/\\\/www.lilleliis.com\\\/et\\\/\",\"name\":\"lilleliis\",\"description\":\"Amigurumi m\u00e4nguasjad ja mustrid\",\"potentialAction\":[{\"@type\":\"SearchAction\",\"target\":{\"@type\":\"EntryPoint\",\"urlTemplate\":\"https:\\\/\\\/www.lilleliis.com\\\/et\\\/?s={search_term_string}\"},\"query-input\":{\"@type\":\"PropertyValueSpecification\",\"valueRequired\":true,\"valueName\":\"search_term_string\"}}],\"inLanguage\":\"et\"}]}<\/script>\n<!-- \/ Yoast SEO plugin. -->","yoast_head_json":{"title":"Jonnipunni sisu (suur) - k\u00f5lisev tasakaalupall beebim\u00e4nguasjadele | lilleliis","description":"Jonnipunni sisu k\u00f5ikuva ja k\u00f5liseva beebim\u00e4nguasja valmistamiseks. Loo ainulaadne heegeldatud v\u00f5i \u00f5mmeldud m\u00e4nguasi, mis pakub r\u00f5\u00f5mu k\u00f5ige pisematele.","robots":{"index":"index","follow":"follow","max-snippet":"max-snippet:-1","max-image-preview":"max-image-preview:large","max-video-preview":"max-video-preview:-1"},"canonical":"https:\/\/www.lilleliis.com\/et\/toode\/jonnipunni-sisu-suur\/","og_locale":"et_EE","og_type":"article","og_title":"Jonnipunni sisu (suur) - k\u00f5lisev tasakaalupall beebim\u00e4nguasjadele | lilleliis","og_description":"Jonnipunni sisu k\u00f5ikuva ja k\u00f5liseva beebim\u00e4nguasja valmistamiseks. Loo ainulaadne heegeldatud v\u00f5i \u00f5mmeldud m\u00e4nguasi, mis pakub r\u00f5\u00f5mu k\u00f5ige pisematele.","og_url":"https:\/\/www.lilleliis.com\/et\/toode\/jonnipunni-sisu-suur\/","og_site_name":"lilleliis","article_publisher":"https:\/\/www.facebook.com\/lilleliis-283266335035799\/","article_modified_time":"2026-04-13T07:45:40+00:00","og_image":[{"width":1000,"height":1500,"url":"https:\/\/www.lilleliis.com\/wp-content\/uploads\/2025\/03\/jonnipunni-sisu.jpg","type":"image\/jpeg"}],"twitter_card":"summary_large_image","twitter_misc":{"Est. reading time":"1 minute"},"schema":{"@context":"https:\/\/schema.org","@graph":[{"@type":"WebPage","@id":"https:\/\/www.lilleliis.com\/et\/toode\/jonnipunni-sisu-suur\/","url":"https:\/\/www.lilleliis.com\/et\/toode\/jonnipunni-sisu-suur\/","name":"Jonnipunni sisu (suur) - k\u00f5lisev tasakaalupall beebim\u00e4nguasjadele | lilleliis","isPartOf":{"@id":"https:\/\/www.lilleliis.com\/et\/#website"},"primaryImageOfPage":{"@id":"https:\/\/www.lilleliis.com\/et\/toode\/jonnipunni-sisu-suur\/#primaryimage"},"image":{"@id":"https:\/\/www.lilleliis.com\/et\/toode\/jonnipunni-sisu-suur\/#primaryimage"},"thumbnailUrl":"https:\/\/www.lilleliis.com\/wp-content\/uploads\/2025\/03\/jonnipunni-sisu.jpg","datePublished":"2026-04-13T07:35:04+00:00","dateModified":"2026-04-13T07:45:40+00:00","description":"Jonnipunni sisu k\u00f5ikuva ja k\u00f5liseva beebim\u00e4nguasja valmistamiseks. Loo ainulaadne heegeldatud v\u00f5i \u00f5mmeldud m\u00e4nguasi, mis pakub r\u00f5\u00f5mu k\u00f5ige pisematele.","breadcrumb":{"@id":"https:\/\/www.lilleliis.com\/et\/toode\/jonnipunni-sisu-suur\/#breadcrumb"},"inLanguage":"et","potentialAction":[{"@type":"ReadAction","target":["https:\/\/www.lilleliis.com\/et\/toode\/jonnipunni-sisu-suur\/"]}]},{"@type":"ImageObject","inLanguage":"et","@id":"https:\/\/www.lilleliis.com\/et\/toode\/jonnipunni-sisu-suur\/#primaryimage","url":"https:\/\/www.lilleliis.com\/wp-content\/uploads\/2025\/03\/jonnipunni-sisu.jpg","contentUrl":"https:\/\/www.lilleliis.com\/wp-content\/uploads\/2025\/03\/jonnipunni-sisu.jpg","width":1000,"height":1500,"caption":"jonnipunni sisu"},{"@type":"BreadcrumbList","@id":"https:\/\/www.lilleliis.com\/et\/toode\/jonnipunni-sisu-suur\/#breadcrumb","itemListElement":[{"@type":"ListItem","position":1,"name":"Home","item":"https:\/\/www.lilleliis.com\/et\/"},{"@type":"ListItem","position":2,"name":"Pood","item":"https:\/\/www.lilleliis.com\/et\/shop\/"},{"@type":"ListItem","position":3,"name":"Jonnipunni sisu &#8211; suur (110 mm)"}]},{"@type":"WebSite","@id":"https:\/\/www.lilleliis.com\/et\/#website","url":"https:\/\/www.lilleliis.com\/et\/","name":"lilleliis","description":"Amigurumi m\u00e4nguasjad ja mustrid","potentialAction":[{"@type":"SearchAction","target":{"@type":"EntryPoint","urlTemplate":"https:\/\/www.lilleliis.com\/et\/?s={search_term_string}"},"query-input":{"@type":"PropertyValueSpecification","valueRequired":true,"valueName":"search_term_string"}}],"inLanguage":"et"}]}},"_links":{"self":[{"href":"https:\/\/www.lilleliis.com\/et\/wp-json\/wp\/v2\/product\/99486","targetHints":{"allow":["GET"]}}],"collection":[{"href":"https:\/\/www.lilleliis.com\/et\/wp-json\/wp\/v2\/product"}],"about":[{"href":"https:\/\/www.lilleliis.com\/et\/wp-json\/wp\/v2\/types\/product"}],"replies":[{"embeddable":true,"href":"https:\/\/www.lilleliis.com\/et\/wp-json\/wp\/v2\/comments?post=99486"}],"wp:featuredmedia":[{"embeddable":true,"href":"https:\/\/www.lilleliis.com\/et\/wp-json\/wp\/v2\/media\/99473"}],"wp:attachment":[{"href":"https:\/\/www.lilleliis.com\/et\/wp-json\/wp\/v2\/media?parent=99486"}],"wp:term":[{"taxonomy":"product_brand","embeddable":true,"href":"https:\/\/www.lilleliis.com\/et\/wp-json\/wp\/v2\/product_brand?post=99486"},{"taxonomy":"product_cat","embeddable":true,"href":"https:\/\/www.lilleliis.com\/et\/wp-json\/wp\/v2\/product_cat?post=99486"},{"taxonomy":"product_tag","embeddable":true,"href":"https:\/\/www.lilleliis.com\/et\/wp-json\/wp\/v2\/product_tag?post=99486"}],"curies":[{"name":"wp","href":"https:\/\/api.w.org\/{rel}","templated":true}]}}