{"id":99490,"date":"2025-03-26T17:20:14","date_gmt":"2025-03-26T15:20:14","guid":{"rendered":"https:\/\/www.lilleliis.com\/?post_type=product&#038;p=99490"},"modified":"2026-04-06T17:20:43","modified_gmt":"2026-04-06T14:20:43","slug":"krobisev-paber-beebimanguasjadesse","status":"publish","type":"product","link":"https:\/\/www.lilleliis.com\/et\/toode\/krobisev-paber-beebimanguasjadesse\/","title":{"rendered":"Kr\u00f5bisev paber beebim\u00e4nguasjadesse"},"content":{"rendered":"<p>Kr\u00f5bisev paber beebim\u00e4nguasjadesse. Stimuleeriva heli lisamiseks m\u00e4nguasjadesse ja lasteraamatutesse.<\/p>\n<p>V\u00f5ib kasutada koos <a href=\"https:\/\/www.lilleliis.com\/et\/toode\/poluester-kerakiud\/\">pol\u00fcester t\u00e4itematerjaliga<\/a> v\u00f5i eraldiseisvana.<\/p>\n<p>Pestav kuni 90\u00b0C.<\/p>\n<p>M\u00fc\u00fcakse lehe kaupa. \u00dche kortsutatava lehe m\u00f5\u00f5tmed on 25 x 75 cm.<\/p>\n<p><a href=\"https:\/\/www.lilleliis.com\/wp-content\/uploads\/2025\/03\/krabisev-taide-beebi-manguasjadesse.mov\">Kuula, millist h\u00e4\u00e4lt krabisev t\u00e4ide beebi m\u00e4nguasjadesse teeb<\/a><\/p>\n","protected":false},"excerpt":{"rendered":"<p>Kr\u00f5bisev materjal m\u00e4nguasjadele, mis lisab beebim\u00e4nguasjadele ja pehmetele raamatutele p\u00f5neva heliefekti. Pestav ning m\u00fc\u00fcgil lehe kaupa (25 \u00d7 75 cm).<\/p>\n","protected":false},"featured_media":99491,"comment_status":"open","ping_status":"closed","template":"","meta":[],"product_brand":[1572],"product_cat":[429,568,1311],"product_tag":[1602,1600],"class_list":{"0":"post-99490","1":"product","2":"type-product","3":"status-publish","4":"has-post-thumbnail","6":"product_brand-opry","7":"product_cat-kasitoo-tarvikud","8":"product_cat-muud-tarvikud","9":"product_cat-taitematerjal","10":"product_tag-beebilelude-valmistamine","11":"product_tag-helitekitajad","12":"pa_special-features-heli","14":"first","15":"instock","16":"taxable","17":"shipping-taxable","18":"purchasable","19":"product-type-simple"},"yoast_head":"<!-- This site is optimized with the Yoast SEO plugin v27.3 - https:\/\/yoast.com\/product\/yoast-seo-wordpress\/ -->\n<title>Kr\u00f5bisev paber beebim\u00e4nguasjadesse | lilleliis<\/title>\n<meta name=\"description\" content=\"Kr\u00f5bisev paber beebim\u00e4nguasjadesse. Stimuleeriva heli lisamiseks m\u00e4nguasjadesse ja lasteraamatutesse.\" \/>\n<meta name=\"robots\" content=\"index, follow, max-snippet:-1, max-image-preview:large, max-video-preview:-1\" \/>\n<link rel=\"canonical\" href=\"https:\/\/www.lilleliis.com\/et\/toode\/krobisev-paber-beebimanguasjadesse\/\" \/>\n<meta property=\"og:locale\" content=\"et_EE\" \/>\n<meta property=\"og:type\" content=\"article\" \/>\n<meta property=\"og:title\" content=\"Kr\u00f5bisev paber beebim\u00e4nguasjadesse | lilleliis\" \/>\n<meta property=\"og:description\" content=\"Kr\u00f5bisev paber beebim\u00e4nguasjadesse. Stimuleeriva heli lisamiseks m\u00e4nguasjadesse ja lasteraamatutesse.\" \/>\n<meta property=\"og:url\" content=\"https:\/\/www.lilleliis.com\/et\/toode\/krobisev-paber-beebimanguasjadesse\/\" \/>\n<meta property=\"og:site_name\" content=\"lilleliis\" \/>\n<meta property=\"article:publisher\" content=\"https:\/\/www.facebook.com\/lilleliis-283266335035799\/\" \/>\n<meta property=\"article:modified_time\" content=\"2026-04-06T14:20:43+00:00\" \/>\n<meta property=\"og:image\" content=\"https:\/\/www.lilleliis.com\/wp-content\/uploads\/2025\/03\/Krobisev-paber-beebi-manguasjadesse.webp\" \/>\n\t<meta property=\"og:image:width\" content=\"1000\" \/>\n\t<meta property=\"og:image:height\" content=\"1000\" \/>\n\t<meta property=\"og:image:type\" content=\"image\/webp\" \/>\n<meta name=\"twitter:card\" content=\"summary_large_image\" \/>\n<meta name=\"twitter:label1\" content=\"Est. reading time\" \/>\n\t<meta name=\"twitter:data1\" content=\"1 minute\" \/>\n<script type=\"application\/ld+json\" class=\"yoast-schema-graph\">{\"@context\":\"https:\\\/\\\/schema.org\",\"@graph\":[{\"@type\":\"WebPage\",\"@id\":\"https:\\\/\\\/www.lilleliis.com\\\/et\\\/toode\\\/krobisev-paber-beebimanguasjadesse\\\/\",\"url\":\"https:\\\/\\\/www.lilleliis.com\\\/et\\\/toode\\\/krobisev-paber-beebimanguasjadesse\\\/\",\"name\":\"Kr\u00f5bisev paber beebim\u00e4nguasjadesse | lilleliis\",\"isPartOf\":{\"@id\":\"https:\\\/\\\/www.lilleliis.com\\\/et\\\/#website\"},\"primaryImageOfPage\":{\"@id\":\"https:\\\/\\\/www.lilleliis.com\\\/et\\\/toode\\\/krobisev-paber-beebimanguasjadesse\\\/#primaryimage\"},\"image\":{\"@id\":\"https:\\\/\\\/www.lilleliis.com\\\/et\\\/toode\\\/krobisev-paber-beebimanguasjadesse\\\/#primaryimage\"},\"thumbnailUrl\":\"https:\\\/\\\/www.lilleliis.com\\\/wp-content\\\/uploads\\\/2025\\\/03\\\/Krobisev-paber-beebi-manguasjadesse.webp\",\"datePublished\":\"2025-03-26T15:20:14+00:00\",\"dateModified\":\"2026-04-06T14:20:43+00:00\",\"description\":\"Kr\u00f5bisev paber beebim\u00e4nguasjadesse. Stimuleeriva heli lisamiseks m\u00e4nguasjadesse ja lasteraamatutesse.\",\"breadcrumb\":{\"@id\":\"https:\\\/\\\/www.lilleliis.com\\\/et\\\/toode\\\/krobisev-paber-beebimanguasjadesse\\\/#breadcrumb\"},\"inLanguage\":\"et\",\"potentialAction\":[{\"@type\":\"ReadAction\",\"target\":[\"https:\\\/\\\/www.lilleliis.com\\\/et\\\/toode\\\/krobisev-paber-beebimanguasjadesse\\\/\"]}]},{\"@type\":\"ImageObject\",\"inLanguage\":\"et\",\"@id\":\"https:\\\/\\\/www.lilleliis.com\\\/et\\\/toode\\\/krobisev-paber-beebimanguasjadesse\\\/#primaryimage\",\"url\":\"https:\\\/\\\/www.lilleliis.com\\\/wp-content\\\/uploads\\\/2025\\\/03\\\/Krobisev-paber-beebi-manguasjadesse.webp\",\"contentUrl\":\"https:\\\/\\\/www.lilleliis.com\\\/wp-content\\\/uploads\\\/2025\\\/03\\\/Krobisev-paber-beebi-manguasjadesse.webp\",\"width\":1000,\"height\":1000,\"caption\":\"Kr\u00f5bisev paber beebi m\u00e4nguasjadesse\"},{\"@type\":\"BreadcrumbList\",\"@id\":\"https:\\\/\\\/www.lilleliis.com\\\/et\\\/toode\\\/krobisev-paber-beebimanguasjadesse\\\/#breadcrumb\",\"itemListElement\":[{\"@type\":\"ListItem\",\"position\":1,\"name\":\"Home\",\"item\":\"https:\\\/\\\/www.lilleliis.com\\\/et\\\/\"},{\"@type\":\"ListItem\",\"position\":2,\"name\":\"Pood\",\"item\":\"https:\\\/\\\/www.lilleliis.com\\\/et\\\/shop\\\/\"},{\"@type\":\"ListItem\",\"position\":3,\"name\":\"Kr\u00f5bisev paber beebim\u00e4nguasjadesse\"}]},{\"@type\":\"WebSite\",\"@id\":\"https:\\\/\\\/www.lilleliis.com\\\/et\\\/#website\",\"url\":\"https:\\\/\\\/www.lilleliis.com\\\/et\\\/\",\"name\":\"lilleliis\",\"description\":\"Amigurumi m\u00e4nguasjad ja mustrid\",\"potentialAction\":[{\"@type\":\"SearchAction\",\"target\":{\"@type\":\"EntryPoint\",\"urlTemplate\":\"https:\\\/\\\/www.lilleliis.com\\\/et\\\/?s={search_term_string}\"},\"query-input\":{\"@type\":\"PropertyValueSpecification\",\"valueRequired\":true,\"valueName\":\"search_term_string\"}}],\"inLanguage\":\"et\"}]}<\/script>\n<!-- \/ Yoast SEO plugin. -->","yoast_head_json":{"title":"Kr\u00f5bisev paber beebim\u00e4nguasjadesse | lilleliis","description":"Kr\u00f5bisev paber beebim\u00e4nguasjadesse. Stimuleeriva heli lisamiseks m\u00e4nguasjadesse ja lasteraamatutesse.","robots":{"index":"index","follow":"follow","max-snippet":"max-snippet:-1","max-image-preview":"max-image-preview:large","max-video-preview":"max-video-preview:-1"},"canonical":"https:\/\/www.lilleliis.com\/et\/toode\/krobisev-paber-beebimanguasjadesse\/","og_locale":"et_EE","og_type":"article","og_title":"Kr\u00f5bisev paber beebim\u00e4nguasjadesse | lilleliis","og_description":"Kr\u00f5bisev paber beebim\u00e4nguasjadesse. Stimuleeriva heli lisamiseks m\u00e4nguasjadesse ja lasteraamatutesse.","og_url":"https:\/\/www.lilleliis.com\/et\/toode\/krobisev-paber-beebimanguasjadesse\/","og_site_name":"lilleliis","article_publisher":"https:\/\/www.facebook.com\/lilleliis-283266335035799\/","article_modified_time":"2026-04-06T14:20:43+00:00","og_image":[{"width":1000,"height":1000,"url":"https:\/\/www.lilleliis.com\/wp-content\/uploads\/2025\/03\/Krobisev-paber-beebi-manguasjadesse.webp","type":"image\/webp"}],"twitter_card":"summary_large_image","twitter_misc":{"Est. reading time":"1 minute"},"schema":{"@context":"https:\/\/schema.org","@graph":[{"@type":"WebPage","@id":"https:\/\/www.lilleliis.com\/et\/toode\/krobisev-paber-beebimanguasjadesse\/","url":"https:\/\/www.lilleliis.com\/et\/toode\/krobisev-paber-beebimanguasjadesse\/","name":"Kr\u00f5bisev paber beebim\u00e4nguasjadesse | lilleliis","isPartOf":{"@id":"https:\/\/www.lilleliis.com\/et\/#website"},"primaryImageOfPage":{"@id":"https:\/\/www.lilleliis.com\/et\/toode\/krobisev-paber-beebimanguasjadesse\/#primaryimage"},"image":{"@id":"https:\/\/www.lilleliis.com\/et\/toode\/krobisev-paber-beebimanguasjadesse\/#primaryimage"},"thumbnailUrl":"https:\/\/www.lilleliis.com\/wp-content\/uploads\/2025\/03\/Krobisev-paber-beebi-manguasjadesse.webp","datePublished":"2025-03-26T15:20:14+00:00","dateModified":"2026-04-06T14:20:43+00:00","description":"Kr\u00f5bisev paber beebim\u00e4nguasjadesse. Stimuleeriva heli lisamiseks m\u00e4nguasjadesse ja lasteraamatutesse.","breadcrumb":{"@id":"https:\/\/www.lilleliis.com\/et\/toode\/krobisev-paber-beebimanguasjadesse\/#breadcrumb"},"inLanguage":"et","potentialAction":[{"@type":"ReadAction","target":["https:\/\/www.lilleliis.com\/et\/toode\/krobisev-paber-beebimanguasjadesse\/"]}]},{"@type":"ImageObject","inLanguage":"et","@id":"https:\/\/www.lilleliis.com\/et\/toode\/krobisev-paber-beebimanguasjadesse\/#primaryimage","url":"https:\/\/www.lilleliis.com\/wp-content\/uploads\/2025\/03\/Krobisev-paber-beebi-manguasjadesse.webp","contentUrl":"https:\/\/www.lilleliis.com\/wp-content\/uploads\/2025\/03\/Krobisev-paber-beebi-manguasjadesse.webp","width":1000,"height":1000,"caption":"Kr\u00f5bisev paber beebi m\u00e4nguasjadesse"},{"@type":"BreadcrumbList","@id":"https:\/\/www.lilleliis.com\/et\/toode\/krobisev-paber-beebimanguasjadesse\/#breadcrumb","itemListElement":[{"@type":"ListItem","position":1,"name":"Home","item":"https:\/\/www.lilleliis.com\/et\/"},{"@type":"ListItem","position":2,"name":"Pood","item":"https:\/\/www.lilleliis.com\/et\/shop\/"},{"@type":"ListItem","position":3,"name":"Kr\u00f5bisev paber beebim\u00e4nguasjadesse"}]},{"@type":"WebSite","@id":"https:\/\/www.lilleliis.com\/et\/#website","url":"https:\/\/www.lilleliis.com\/et\/","name":"lilleliis","description":"Amigurumi m\u00e4nguasjad ja mustrid","potentialAction":[{"@type":"SearchAction","target":{"@type":"EntryPoint","urlTemplate":"https:\/\/www.lilleliis.com\/et\/?s={search_term_string}"},"query-input":{"@type":"PropertyValueSpecification","valueRequired":true,"valueName":"search_term_string"}}],"inLanguage":"et"}]}},"_links":{"self":[{"href":"https:\/\/www.lilleliis.com\/et\/wp-json\/wp\/v2\/product\/99490","targetHints":{"allow":["GET"]}}],"collection":[{"href":"https:\/\/www.lilleliis.com\/et\/wp-json\/wp\/v2\/product"}],"about":[{"href":"https:\/\/www.lilleliis.com\/et\/wp-json\/wp\/v2\/types\/product"}],"replies":[{"embeddable":true,"href":"https:\/\/www.lilleliis.com\/et\/wp-json\/wp\/v2\/comments?post=99490"}],"wp:featuredmedia":[{"embeddable":true,"href":"https:\/\/www.lilleliis.com\/et\/wp-json\/wp\/v2\/media\/99491"}],"wp:attachment":[{"href":"https:\/\/www.lilleliis.com\/et\/wp-json\/wp\/v2\/media?parent=99490"}],"wp:term":[{"taxonomy":"product_brand","embeddable":true,"href":"https:\/\/www.lilleliis.com\/et\/wp-json\/wp\/v2\/product_brand?post=99490"},{"taxonomy":"product_cat","embeddable":true,"href":"https:\/\/www.lilleliis.com\/et\/wp-json\/wp\/v2\/product_cat?post=99490"},{"taxonomy":"product_tag","embeddable":true,"href":"https:\/\/www.lilleliis.com\/et\/wp-json\/wp\/v2\/product_tag?post=99490"}],"curies":[{"name":"wp","href":"https:\/\/api.w.org\/{rel}","templated":true}]}}