{"id":99503,"date":"2025-03-26T17:38:49","date_gmt":"2025-03-26T15:38:49","guid":{"rendered":"https:\/\/www.lilleliis.com\/?post_type=product&#038;p=99503"},"modified":"2026-02-20T10:57:10","modified_gmt":"2026-02-20T08:57:10","slug":"tulip-pikad-noopnoelad","status":"publish","type":"product","link":"https:\/\/www.lilleliis.com\/et\/toode\/tulip-pikad-noopnoelad\/","title":{"rendered":"Tulip pikad n\u00f6\u00f6pn\u00f5elad &#8211; 9 tk"},"content":{"rendered":"<p class=\"\" data-start=\"0\" data-end=\"148\">Tulip pikad n\u00f6\u00f6n\u00f5elad on ideaalne amigurumi t\u00f6\u00f6riist. Pikad n\u00f6\u00f6pn\u00f5elad on eriti kasulikud kehaosade paigal hoidmiseks \u00f5mblemise ajal. Need n\u00f6\u00f6pn\u00f5elad muudab aga eriliselt kaunis tulbikujuline pea, mis takistab n\u00f5eltel heegeldatud pinna sisse kadumast.<\/p>\n<p class=\"\" data-start=\"282\" data-end=\"356\">Super abivahend amigurumi kokkupanekuks!<\/p>\n<p data-start=\"282\" data-end=\"356\">M\u00f5\u00f5dud: n\u00f6\u00f6pn\u00f5el on 52 mm pikk ja 1 mm j\u00e4me.<\/p>\n<p style=\"font-weight: 400;\">Pakis on 9 n\u00f6\u00f6pn\u00f5ela kolmes erinevas v\u00e4rvitoonis: punane, must ja valge.<\/p>\n","protected":false},"excerpt":{"rendered":"<p>T\u00f5eliselt ilusad ja praktilised n\u00f6\u00f6pn\u00f5elad m\u00e4nguasjade valmistamiseks.\u00a0Pikad n\u00f6\u00f6pn\u00f5elad on vajalikud kehaosade paigal hoidmiseks \u00f5mblemise ajal. Need n\u00f6\u00f6pn\u00f5elad muudab aga eriliselt kaunis tulbikujuline pea, mis takistab n\u00f5eltel heegeldatud pinna sisse kadumast.<\/p>\n","protected":false},"featured_media":99500,"comment_status":"open","ping_status":"closed","template":"","meta":[],"product_brand":[],"product_cat":[982,429],"product_tag":[1586],"class_list":{"0":"post-99503","1":"product","2":"type-product","3":"status-publish","4":"has-post-thumbnail","6":"product_cat-heegelnoelad-ja-noelad","7":"product_cat-kasitoo-tarvikud","8":"product_tag-noelad","10":"first","11":"instock","12":"taxable","13":"shipping-taxable","14":"purchasable","15":"product-type-simple"},"yoast_head":"<!-- This site is optimized with the Yoast SEO plugin v27.3 - https:\/\/yoast.com\/product\/yoast-seo-wordpress\/ -->\n<title>Tulip pikad n\u00f6\u00f6pn\u00f5elad - 9 tk | lilleliis<\/title>\n<meta name=\"description\" content=\"Tulip pikad n\u00f6\u00f6n\u00f5elad on ideaalne amigurumi t\u00f6\u00f6riist. Pikad n\u00f6\u00f6pn\u00f5elad on eriti kasulikud kehaosade paigal hoidmiseks \u00f5mblemise ajal.\" \/>\n<meta name=\"robots\" content=\"index, follow, max-snippet:-1, max-image-preview:large, max-video-preview:-1\" \/>\n<link rel=\"canonical\" href=\"https:\/\/www.lilleliis.com\/et\/toode\/tulip-pikad-noopnoelad\/\" \/>\n<meta property=\"og:locale\" content=\"et_EE\" \/>\n<meta property=\"og:type\" content=\"article\" \/>\n<meta property=\"og:title\" content=\"Tulip pikad n\u00f6\u00f6pn\u00f5elad - 9 tk | lilleliis\" \/>\n<meta property=\"og:description\" content=\"Tulip pikad n\u00f6\u00f6n\u00f5elad on ideaalne amigurumi t\u00f6\u00f6riist. Pikad n\u00f6\u00f6pn\u00f5elad on eriti kasulikud kehaosade paigal hoidmiseks \u00f5mblemise ajal.\" \/>\n<meta property=\"og:url\" content=\"https:\/\/www.lilleliis.com\/et\/toode\/tulip-pikad-noopnoelad\/\" \/>\n<meta property=\"og:site_name\" content=\"lilleliis\" \/>\n<meta property=\"article:publisher\" content=\"https:\/\/www.facebook.com\/lilleliis-283266335035799\/\" \/>\n<meta property=\"article:modified_time\" content=\"2026-02-20T08:57:10+00:00\" \/>\n<meta property=\"og:image\" content=\"https:\/\/www.lilleliis.com\/wp-content\/uploads\/2025\/03\/Tulip-pikad-noopnoelad3.webp\" \/>\n\t<meta property=\"og:image:width\" content=\"1000\" \/>\n\t<meta property=\"og:image:height\" content=\"1000\" \/>\n\t<meta property=\"og:image:type\" content=\"image\/webp\" \/>\n<meta name=\"twitter:card\" content=\"summary_large_image\" \/>\n<meta name=\"twitter:label1\" content=\"Est. reading time\" \/>\n\t<meta name=\"twitter:data1\" content=\"1 minute\" \/>\n<script type=\"application\/ld+json\" class=\"yoast-schema-graph\">{\"@context\":\"https:\\\/\\\/schema.org\",\"@graph\":[{\"@type\":\"WebPage\",\"@id\":\"https:\\\/\\\/www.lilleliis.com\\\/et\\\/toode\\\/tulip-pikad-noopnoelad\\\/\",\"url\":\"https:\\\/\\\/www.lilleliis.com\\\/et\\\/toode\\\/tulip-pikad-noopnoelad\\\/\",\"name\":\"Tulip pikad n\u00f6\u00f6pn\u00f5elad - 9 tk | lilleliis\",\"isPartOf\":{\"@id\":\"https:\\\/\\\/www.lilleliis.com\\\/et\\\/#website\"},\"primaryImageOfPage\":{\"@id\":\"https:\\\/\\\/www.lilleliis.com\\\/et\\\/toode\\\/tulip-pikad-noopnoelad\\\/#primaryimage\"},\"image\":{\"@id\":\"https:\\\/\\\/www.lilleliis.com\\\/et\\\/toode\\\/tulip-pikad-noopnoelad\\\/#primaryimage\"},\"thumbnailUrl\":\"https:\\\/\\\/www.lilleliis.com\\\/wp-content\\\/uploads\\\/2025\\\/03\\\/Tulip-pikad-noopnoelad3.webp\",\"datePublished\":\"2025-03-26T15:38:49+00:00\",\"dateModified\":\"2026-02-20T08:57:10+00:00\",\"description\":\"Tulip pikad n\u00f6\u00f6n\u00f5elad on ideaalne amigurumi t\u00f6\u00f6riist. Pikad n\u00f6\u00f6pn\u00f5elad on eriti kasulikud kehaosade paigal hoidmiseks \u00f5mblemise ajal.\",\"breadcrumb\":{\"@id\":\"https:\\\/\\\/www.lilleliis.com\\\/et\\\/toode\\\/tulip-pikad-noopnoelad\\\/#breadcrumb\"},\"inLanguage\":\"et\",\"potentialAction\":[{\"@type\":\"ReadAction\",\"target\":[\"https:\\\/\\\/www.lilleliis.com\\\/et\\\/toode\\\/tulip-pikad-noopnoelad\\\/\"]}]},{\"@type\":\"ImageObject\",\"inLanguage\":\"et\",\"@id\":\"https:\\\/\\\/www.lilleliis.com\\\/et\\\/toode\\\/tulip-pikad-noopnoelad\\\/#primaryimage\",\"url\":\"https:\\\/\\\/www.lilleliis.com\\\/wp-content\\\/uploads\\\/2025\\\/03\\\/Tulip-pikad-noopnoelad3.webp\",\"contentUrl\":\"https:\\\/\\\/www.lilleliis.com\\\/wp-content\\\/uploads\\\/2025\\\/03\\\/Tulip-pikad-noopnoelad3.webp\",\"width\":1000,\"height\":1000,\"caption\":\"Tulip pikad n\u00f6\u00f6pn\u00f5elad\"},{\"@type\":\"BreadcrumbList\",\"@id\":\"https:\\\/\\\/www.lilleliis.com\\\/et\\\/toode\\\/tulip-pikad-noopnoelad\\\/#breadcrumb\",\"itemListElement\":[{\"@type\":\"ListItem\",\"position\":1,\"name\":\"Home\",\"item\":\"https:\\\/\\\/www.lilleliis.com\\\/et\\\/\"},{\"@type\":\"ListItem\",\"position\":2,\"name\":\"Pood\",\"item\":\"https:\\\/\\\/www.lilleliis.com\\\/et\\\/shop\\\/\"},{\"@type\":\"ListItem\",\"position\":3,\"name\":\"Tulip pikad n\u00f6\u00f6pn\u00f5elad &#8211; 9 tk\"}]},{\"@type\":\"WebSite\",\"@id\":\"https:\\\/\\\/www.lilleliis.com\\\/et\\\/#website\",\"url\":\"https:\\\/\\\/www.lilleliis.com\\\/et\\\/\",\"name\":\"lilleliis\",\"description\":\"Amigurumi m\u00e4nguasjad ja mustrid\",\"potentialAction\":[{\"@type\":\"SearchAction\",\"target\":{\"@type\":\"EntryPoint\",\"urlTemplate\":\"https:\\\/\\\/www.lilleliis.com\\\/et\\\/?s={search_term_string}\"},\"query-input\":{\"@type\":\"PropertyValueSpecification\",\"valueRequired\":true,\"valueName\":\"search_term_string\"}}],\"inLanguage\":\"et\"}]}<\/script>\n<!-- \/ Yoast SEO plugin. -->","yoast_head_json":{"title":"Tulip pikad n\u00f6\u00f6pn\u00f5elad - 9 tk | lilleliis","description":"Tulip pikad n\u00f6\u00f6n\u00f5elad on ideaalne amigurumi t\u00f6\u00f6riist. Pikad n\u00f6\u00f6pn\u00f5elad on eriti kasulikud kehaosade paigal hoidmiseks \u00f5mblemise ajal.","robots":{"index":"index","follow":"follow","max-snippet":"max-snippet:-1","max-image-preview":"max-image-preview:large","max-video-preview":"max-video-preview:-1"},"canonical":"https:\/\/www.lilleliis.com\/et\/toode\/tulip-pikad-noopnoelad\/","og_locale":"et_EE","og_type":"article","og_title":"Tulip pikad n\u00f6\u00f6pn\u00f5elad - 9 tk | lilleliis","og_description":"Tulip pikad n\u00f6\u00f6n\u00f5elad on ideaalne amigurumi t\u00f6\u00f6riist. Pikad n\u00f6\u00f6pn\u00f5elad on eriti kasulikud kehaosade paigal hoidmiseks \u00f5mblemise ajal.","og_url":"https:\/\/www.lilleliis.com\/et\/toode\/tulip-pikad-noopnoelad\/","og_site_name":"lilleliis","article_publisher":"https:\/\/www.facebook.com\/lilleliis-283266335035799\/","article_modified_time":"2026-02-20T08:57:10+00:00","og_image":[{"width":1000,"height":1000,"url":"https:\/\/www.lilleliis.com\/wp-content\/uploads\/2025\/03\/Tulip-pikad-noopnoelad3.webp","type":"image\/webp"}],"twitter_card":"summary_large_image","twitter_misc":{"Est. reading time":"1 minute"},"schema":{"@context":"https:\/\/schema.org","@graph":[{"@type":"WebPage","@id":"https:\/\/www.lilleliis.com\/et\/toode\/tulip-pikad-noopnoelad\/","url":"https:\/\/www.lilleliis.com\/et\/toode\/tulip-pikad-noopnoelad\/","name":"Tulip pikad n\u00f6\u00f6pn\u00f5elad - 9 tk | lilleliis","isPartOf":{"@id":"https:\/\/www.lilleliis.com\/et\/#website"},"primaryImageOfPage":{"@id":"https:\/\/www.lilleliis.com\/et\/toode\/tulip-pikad-noopnoelad\/#primaryimage"},"image":{"@id":"https:\/\/www.lilleliis.com\/et\/toode\/tulip-pikad-noopnoelad\/#primaryimage"},"thumbnailUrl":"https:\/\/www.lilleliis.com\/wp-content\/uploads\/2025\/03\/Tulip-pikad-noopnoelad3.webp","datePublished":"2025-03-26T15:38:49+00:00","dateModified":"2026-02-20T08:57:10+00:00","description":"Tulip pikad n\u00f6\u00f6n\u00f5elad on ideaalne amigurumi t\u00f6\u00f6riist. Pikad n\u00f6\u00f6pn\u00f5elad on eriti kasulikud kehaosade paigal hoidmiseks \u00f5mblemise ajal.","breadcrumb":{"@id":"https:\/\/www.lilleliis.com\/et\/toode\/tulip-pikad-noopnoelad\/#breadcrumb"},"inLanguage":"et","potentialAction":[{"@type":"ReadAction","target":["https:\/\/www.lilleliis.com\/et\/toode\/tulip-pikad-noopnoelad\/"]}]},{"@type":"ImageObject","inLanguage":"et","@id":"https:\/\/www.lilleliis.com\/et\/toode\/tulip-pikad-noopnoelad\/#primaryimage","url":"https:\/\/www.lilleliis.com\/wp-content\/uploads\/2025\/03\/Tulip-pikad-noopnoelad3.webp","contentUrl":"https:\/\/www.lilleliis.com\/wp-content\/uploads\/2025\/03\/Tulip-pikad-noopnoelad3.webp","width":1000,"height":1000,"caption":"Tulip pikad n\u00f6\u00f6pn\u00f5elad"},{"@type":"BreadcrumbList","@id":"https:\/\/www.lilleliis.com\/et\/toode\/tulip-pikad-noopnoelad\/#breadcrumb","itemListElement":[{"@type":"ListItem","position":1,"name":"Home","item":"https:\/\/www.lilleliis.com\/et\/"},{"@type":"ListItem","position":2,"name":"Pood","item":"https:\/\/www.lilleliis.com\/et\/shop\/"},{"@type":"ListItem","position":3,"name":"Tulip pikad n\u00f6\u00f6pn\u00f5elad &#8211; 9 tk"}]},{"@type":"WebSite","@id":"https:\/\/www.lilleliis.com\/et\/#website","url":"https:\/\/www.lilleliis.com\/et\/","name":"lilleliis","description":"Amigurumi m\u00e4nguasjad ja mustrid","potentialAction":[{"@type":"SearchAction","target":{"@type":"EntryPoint","urlTemplate":"https:\/\/www.lilleliis.com\/et\/?s={search_term_string}"},"query-input":{"@type":"PropertyValueSpecification","valueRequired":true,"valueName":"search_term_string"}}],"inLanguage":"et"}]}},"_links":{"self":[{"href":"https:\/\/www.lilleliis.com\/et\/wp-json\/wp\/v2\/product\/99503","targetHints":{"allow":["GET"]}}],"collection":[{"href":"https:\/\/www.lilleliis.com\/et\/wp-json\/wp\/v2\/product"}],"about":[{"href":"https:\/\/www.lilleliis.com\/et\/wp-json\/wp\/v2\/types\/product"}],"replies":[{"embeddable":true,"href":"https:\/\/www.lilleliis.com\/et\/wp-json\/wp\/v2\/comments?post=99503"}],"wp:featuredmedia":[{"embeddable":true,"href":"https:\/\/www.lilleliis.com\/et\/wp-json\/wp\/v2\/media\/99500"}],"wp:attachment":[{"href":"https:\/\/www.lilleliis.com\/et\/wp-json\/wp\/v2\/media?parent=99503"}],"wp:term":[{"taxonomy":"product_brand","embeddable":true,"href":"https:\/\/www.lilleliis.com\/et\/wp-json\/wp\/v2\/product_brand?post=99503"},{"taxonomy":"product_cat","embeddable":true,"href":"https:\/\/www.lilleliis.com\/et\/wp-json\/wp\/v2\/product_cat?post=99503"},{"taxonomy":"product_tag","embeddable":true,"href":"https:\/\/www.lilleliis.com\/et\/wp-json\/wp\/v2\/product_tag?post=99503"}],"curies":[{"name":"wp","href":"https:\/\/api.w.org\/{rel}","templated":true}]}}