{"id":99556,"date":"2026-04-06T14:47:43","date_gmt":"2026-04-06T11:47:43","guid":{"rendered":"https:\/\/www.lilleliis.com\/?post_type=product&#038;p=99556"},"modified":"2026-04-06T14:55:02","modified_gmt":"2026-04-06T11:55:02","slug":"jamedad-nukunoelad","status":"publish","type":"product","link":"https:\/\/www.lilleliis.com\/et\/toode\/jamedad-nukunoelad\/","title":{"rendered":"J\u00e4medad nukun\u00f5elad &#8211; 4 tk"},"content":{"rendered":"<p>J\u00e4medad nukun\u00f5elad teevad m\u00e4nguasjameistri elu hulga lihtsamaks. Need on t\u00e4nuv\u00e4\u00e4rsed abimehed, sest ulatuvad l\u00e4bi m\u00e4nguasja ja muudavad m\u00f5ne valmistamise etapi oluliselt lihtsamaks. J\u00e4medad nukun\u00f5elad on omakorda mugavad t\u00e4nu suuremale silmale, millest on l\u00f5nga kergem l\u00e4bi ajada.<\/p>\n<p>Selle komplekti l\u00fchemad n\u00f5elad sobivad igap\u00e4evaseks kasutamiseks n\u00e4o v\u00f5i muude detailide tikkimisel. Pikk n\u00f5el on suureks abiks, kui on vaja n\u00f5ela l\u00e4bi kogu detaili viia, nt jalgadele n\u00f6\u00f6pkinnitust tehes.<\/p>\n<p>Nukun\u00f5elad sobivad m\u00e4nguasjade valmistamisel erinevate \u00fclesannete lahendamiseks:<\/p>\n<ul>\n<li>detailide kokku\u00f5mblemiseks<\/li>\n<li>n\u00e4o v\u00f5i muude detailide tikkimiseks<\/li>\n<li>n\u00f6\u00f6pide ja kaunistuste \u00f5mblemiseks<\/li>\n<\/ul>\n<p>Komplektis on neli terasest nukun\u00f5ela.<\/p>\n<div class=\"is-divider divider clearfix\" ><\/div>\n<p>N\u00f5ela pikkus: 70 mm, 80 mm, 127 mm<\/p>\n<p>Materjal: teras<\/p>\n","protected":false},"excerpt":{"rendered":"<p>Pikad terava otsaga nukun\u00f5elad, mis sobivad ideaalselt m\u00e4nguasjade ja nukkude kokkupanekuks, k\u00f6itmist\u00f6\u00f6deks ning suuremate tikkimis- ja tepingu\u00f5mbluste tegemiseks. Vastupidavad ja tugevad n\u00f5elad on suure silmaga, mis teeb l\u00f5nga tahaajamise eriti mugavaks.<\/p>\n","protected":false},"featured_media":99560,"comment_status":"open","ping_status":"closed","template":"","meta":[],"product_brand":[1570],"product_cat":[982,429],"product_tag":[1586],"class_list":{"0":"post-99556","1":"product","2":"type-product","3":"status-publish","4":"has-post-thumbnail","6":"product_brand-milward","7":"product_cat-heegelnoelad-ja-noelad","8":"product_cat-kasitoo-tarvikud","9":"product_tag-noelad","11":"first","12":"instock","13":"sale","14":"taxable","15":"shipping-taxable","16":"purchasable","17":"product-type-simple"},"yoast_head":"<!-- This site is optimized with the Yoast SEO plugin v27.3 - https:\/\/yoast.com\/product\/yoast-seo-wordpress\/ -->\n<title>J\u00e4medad nukun\u00f5elad, 4 tk | K\u00e4sit\u00f6\u00f6, m\u00e4nguasjade valmistamine | lilleliis<\/title>\n<meta name=\"description\" content=\"J\u00e4medad nukun\u00f5elad teevad amigurumi meistri elu lihtsamaks. Need on t\u00e4nuv\u00e4\u00e4rsed abimehed detailide kokku\u00f5mblemisel, tikkimisel, kaunistamisel.\" \/>\n<meta name=\"robots\" content=\"index, follow, max-snippet:-1, max-image-preview:large, max-video-preview:-1\" \/>\n<link rel=\"canonical\" href=\"https:\/\/www.lilleliis.com\/et\/toode\/jamedad-nukunoelad\/\" \/>\n<meta property=\"og:locale\" content=\"et_EE\" \/>\n<meta property=\"og:type\" content=\"article\" \/>\n<meta property=\"og:title\" content=\"J\u00e4medad nukun\u00f5elad, 4 tk | K\u00e4sit\u00f6\u00f6, m\u00e4nguasjade valmistamine | lilleliis\" \/>\n<meta property=\"og:description\" content=\"J\u00e4medad nukun\u00f5elad teevad amigurumi meistri elu lihtsamaks. Need on t\u00e4nuv\u00e4\u00e4rsed abimehed detailide kokku\u00f5mblemisel, tikkimisel, kaunistamisel.\" \/>\n<meta property=\"og:url\" content=\"https:\/\/www.lilleliis.com\/et\/toode\/jamedad-nukunoelad\/\" \/>\n<meta property=\"og:site_name\" content=\"lilleliis\" \/>\n<meta property=\"article:publisher\" content=\"https:\/\/www.facebook.com\/lilleliis-283266335035799\/\" \/>\n<meta property=\"article:modified_time\" content=\"2026-04-06T11:55:02+00:00\" \/>\n<meta property=\"og:image\" content=\"https:\/\/www.lilleliis.com\/wp-content\/uploads\/2025\/03\/jamedad-nukunoelad2.jpg\" \/>\n\t<meta property=\"og:image:width\" content=\"1000\" \/>\n\t<meta property=\"og:image:height\" content=\"1000\" \/>\n\t<meta property=\"og:image:type\" content=\"image\/jpeg\" \/>\n<meta name=\"twitter:card\" content=\"summary_large_image\" \/>\n<meta name=\"twitter:label1\" content=\"Est. reading time\" \/>\n\t<meta name=\"twitter:data1\" content=\"1 minute\" \/>\n<script type=\"application\/ld+json\" class=\"yoast-schema-graph\">{\"@context\":\"https:\\\/\\\/schema.org\",\"@graph\":[{\"@type\":\"WebPage\",\"@id\":\"https:\\\/\\\/www.lilleliis.com\\\/et\\\/toode\\\/jamedad-nukunoelad\\\/\",\"url\":\"https:\\\/\\\/www.lilleliis.com\\\/et\\\/toode\\\/jamedad-nukunoelad\\\/\",\"name\":\"J\u00e4medad nukun\u00f5elad, 4 tk | K\u00e4sit\u00f6\u00f6, m\u00e4nguasjade valmistamine | lilleliis\",\"isPartOf\":{\"@id\":\"https:\\\/\\\/www.lilleliis.com\\\/et\\\/#website\"},\"primaryImageOfPage\":{\"@id\":\"https:\\\/\\\/www.lilleliis.com\\\/et\\\/toode\\\/jamedad-nukunoelad\\\/#primaryimage\"},\"image\":{\"@id\":\"https:\\\/\\\/www.lilleliis.com\\\/et\\\/toode\\\/jamedad-nukunoelad\\\/#primaryimage\"},\"thumbnailUrl\":\"https:\\\/\\\/www.lilleliis.com\\\/wp-content\\\/uploads\\\/2025\\\/03\\\/jamedad-nukunoelad2.jpg\",\"datePublished\":\"2026-04-06T11:47:43+00:00\",\"dateModified\":\"2026-04-06T11:55:02+00:00\",\"description\":\"J\u00e4medad nukun\u00f5elad teevad amigurumi meistri elu lihtsamaks. Need on t\u00e4nuv\u00e4\u00e4rsed abimehed detailide kokku\u00f5mblemisel, tikkimisel, kaunistamisel.\",\"breadcrumb\":{\"@id\":\"https:\\\/\\\/www.lilleliis.com\\\/et\\\/toode\\\/jamedad-nukunoelad\\\/#breadcrumb\"},\"inLanguage\":\"et\",\"potentialAction\":[{\"@type\":\"ReadAction\",\"target\":[\"https:\\\/\\\/www.lilleliis.com\\\/et\\\/toode\\\/jamedad-nukunoelad\\\/\"]}]},{\"@type\":\"ImageObject\",\"inLanguage\":\"et\",\"@id\":\"https:\\\/\\\/www.lilleliis.com\\\/et\\\/toode\\\/jamedad-nukunoelad\\\/#primaryimage\",\"url\":\"https:\\\/\\\/www.lilleliis.com\\\/wp-content\\\/uploads\\\/2025\\\/03\\\/jamedad-nukunoelad2.jpg\",\"contentUrl\":\"https:\\\/\\\/www.lilleliis.com\\\/wp-content\\\/uploads\\\/2025\\\/03\\\/jamedad-nukunoelad2.jpg\",\"width\":1000,\"height\":1000,\"caption\":\"j\u00e4medad nukun\u00f5elad\"},{\"@type\":\"BreadcrumbList\",\"@id\":\"https:\\\/\\\/www.lilleliis.com\\\/et\\\/toode\\\/jamedad-nukunoelad\\\/#breadcrumb\",\"itemListElement\":[{\"@type\":\"ListItem\",\"position\":1,\"name\":\"Home\",\"item\":\"https:\\\/\\\/www.lilleliis.com\\\/et\\\/\"},{\"@type\":\"ListItem\",\"position\":2,\"name\":\"Pood\",\"item\":\"https:\\\/\\\/www.lilleliis.com\\\/et\\\/shop\\\/\"},{\"@type\":\"ListItem\",\"position\":3,\"name\":\"J\u00e4medad nukun\u00f5elad &#8211; 4 tk\"}]},{\"@type\":\"WebSite\",\"@id\":\"https:\\\/\\\/www.lilleliis.com\\\/et\\\/#website\",\"url\":\"https:\\\/\\\/www.lilleliis.com\\\/et\\\/\",\"name\":\"lilleliis\",\"description\":\"Amigurumi m\u00e4nguasjad ja mustrid\",\"potentialAction\":[{\"@type\":\"SearchAction\",\"target\":{\"@type\":\"EntryPoint\",\"urlTemplate\":\"https:\\\/\\\/www.lilleliis.com\\\/et\\\/?s={search_term_string}\"},\"query-input\":{\"@type\":\"PropertyValueSpecification\",\"valueRequired\":true,\"valueName\":\"search_term_string\"}}],\"inLanguage\":\"et\"}]}<\/script>\n<!-- \/ Yoast SEO plugin. -->","yoast_head_json":{"title":"J\u00e4medad nukun\u00f5elad, 4 tk | K\u00e4sit\u00f6\u00f6, m\u00e4nguasjade valmistamine | lilleliis","description":"J\u00e4medad nukun\u00f5elad teevad amigurumi meistri elu lihtsamaks. Need on t\u00e4nuv\u00e4\u00e4rsed abimehed detailide kokku\u00f5mblemisel, tikkimisel, kaunistamisel.","robots":{"index":"index","follow":"follow","max-snippet":"max-snippet:-1","max-image-preview":"max-image-preview:large","max-video-preview":"max-video-preview:-1"},"canonical":"https:\/\/www.lilleliis.com\/et\/toode\/jamedad-nukunoelad\/","og_locale":"et_EE","og_type":"article","og_title":"J\u00e4medad nukun\u00f5elad, 4 tk | K\u00e4sit\u00f6\u00f6, m\u00e4nguasjade valmistamine | lilleliis","og_description":"J\u00e4medad nukun\u00f5elad teevad amigurumi meistri elu lihtsamaks. Need on t\u00e4nuv\u00e4\u00e4rsed abimehed detailide kokku\u00f5mblemisel, tikkimisel, kaunistamisel.","og_url":"https:\/\/www.lilleliis.com\/et\/toode\/jamedad-nukunoelad\/","og_site_name":"lilleliis","article_publisher":"https:\/\/www.facebook.com\/lilleliis-283266335035799\/","article_modified_time":"2026-04-06T11:55:02+00:00","og_image":[{"width":1000,"height":1000,"url":"https:\/\/www.lilleliis.com\/wp-content\/uploads\/2025\/03\/jamedad-nukunoelad2.jpg","type":"image\/jpeg"}],"twitter_card":"summary_large_image","twitter_misc":{"Est. reading time":"1 minute"},"schema":{"@context":"https:\/\/schema.org","@graph":[{"@type":"WebPage","@id":"https:\/\/www.lilleliis.com\/et\/toode\/jamedad-nukunoelad\/","url":"https:\/\/www.lilleliis.com\/et\/toode\/jamedad-nukunoelad\/","name":"J\u00e4medad nukun\u00f5elad, 4 tk | K\u00e4sit\u00f6\u00f6, m\u00e4nguasjade valmistamine | lilleliis","isPartOf":{"@id":"https:\/\/www.lilleliis.com\/et\/#website"},"primaryImageOfPage":{"@id":"https:\/\/www.lilleliis.com\/et\/toode\/jamedad-nukunoelad\/#primaryimage"},"image":{"@id":"https:\/\/www.lilleliis.com\/et\/toode\/jamedad-nukunoelad\/#primaryimage"},"thumbnailUrl":"https:\/\/www.lilleliis.com\/wp-content\/uploads\/2025\/03\/jamedad-nukunoelad2.jpg","datePublished":"2026-04-06T11:47:43+00:00","dateModified":"2026-04-06T11:55:02+00:00","description":"J\u00e4medad nukun\u00f5elad teevad amigurumi meistri elu lihtsamaks. Need on t\u00e4nuv\u00e4\u00e4rsed abimehed detailide kokku\u00f5mblemisel, tikkimisel, kaunistamisel.","breadcrumb":{"@id":"https:\/\/www.lilleliis.com\/et\/toode\/jamedad-nukunoelad\/#breadcrumb"},"inLanguage":"et","potentialAction":[{"@type":"ReadAction","target":["https:\/\/www.lilleliis.com\/et\/toode\/jamedad-nukunoelad\/"]}]},{"@type":"ImageObject","inLanguage":"et","@id":"https:\/\/www.lilleliis.com\/et\/toode\/jamedad-nukunoelad\/#primaryimage","url":"https:\/\/www.lilleliis.com\/wp-content\/uploads\/2025\/03\/jamedad-nukunoelad2.jpg","contentUrl":"https:\/\/www.lilleliis.com\/wp-content\/uploads\/2025\/03\/jamedad-nukunoelad2.jpg","width":1000,"height":1000,"caption":"j\u00e4medad nukun\u00f5elad"},{"@type":"BreadcrumbList","@id":"https:\/\/www.lilleliis.com\/et\/toode\/jamedad-nukunoelad\/#breadcrumb","itemListElement":[{"@type":"ListItem","position":1,"name":"Home","item":"https:\/\/www.lilleliis.com\/et\/"},{"@type":"ListItem","position":2,"name":"Pood","item":"https:\/\/www.lilleliis.com\/et\/shop\/"},{"@type":"ListItem","position":3,"name":"J\u00e4medad nukun\u00f5elad &#8211; 4 tk"}]},{"@type":"WebSite","@id":"https:\/\/www.lilleliis.com\/et\/#website","url":"https:\/\/www.lilleliis.com\/et\/","name":"lilleliis","description":"Amigurumi m\u00e4nguasjad ja mustrid","potentialAction":[{"@type":"SearchAction","target":{"@type":"EntryPoint","urlTemplate":"https:\/\/www.lilleliis.com\/et\/?s={search_term_string}"},"query-input":{"@type":"PropertyValueSpecification","valueRequired":true,"valueName":"search_term_string"}}],"inLanguage":"et"}]}},"_links":{"self":[{"href":"https:\/\/www.lilleliis.com\/et\/wp-json\/wp\/v2\/product\/99556","targetHints":{"allow":["GET"]}}],"collection":[{"href":"https:\/\/www.lilleliis.com\/et\/wp-json\/wp\/v2\/product"}],"about":[{"href":"https:\/\/www.lilleliis.com\/et\/wp-json\/wp\/v2\/types\/product"}],"replies":[{"embeddable":true,"href":"https:\/\/www.lilleliis.com\/et\/wp-json\/wp\/v2\/comments?post=99556"}],"wp:featuredmedia":[{"embeddable":true,"href":"https:\/\/www.lilleliis.com\/et\/wp-json\/wp\/v2\/media\/99560"}],"wp:attachment":[{"href":"https:\/\/www.lilleliis.com\/et\/wp-json\/wp\/v2\/media?parent=99556"}],"wp:term":[{"taxonomy":"product_brand","embeddable":true,"href":"https:\/\/www.lilleliis.com\/et\/wp-json\/wp\/v2\/product_brand?post=99556"},{"taxonomy":"product_cat","embeddable":true,"href":"https:\/\/www.lilleliis.com\/et\/wp-json\/wp\/v2\/product_cat?post=99556"},{"taxonomy":"product_tag","embeddable":true,"href":"https:\/\/www.lilleliis.com\/et\/wp-json\/wp\/v2\/product_tag?post=99556"}],"curies":[{"name":"wp","href":"https:\/\/api.w.org\/{rel}","templated":true}]}}