{"id":99570,"date":"2025-11-27T18:25:34","date_gmt":"2025-11-27T16:25:34","guid":{"rendered":"https:\/\/www.lilleliis.com\/?post_type=product&#038;p=99570"},"modified":"2026-02-17T08:26:38","modified_gmt":"2026-02-17T06:26:38","slug":"scheepjes-cahlista","status":"publish","type":"product","link":"https:\/\/www.lilleliis.com\/et\/toode\/scheepjes-cahlista\/","title":{"rendered":"Scheepjes Cahlista &#8211; j\u00e4me puuvillane l\u00f5ng &#8211; L\u00d5PUM\u00dc\u00dcK"},"content":{"rendered":"<p>T\u00e4nu tugevale keerule on Cahlista l\u00f5ng v\u00e4hem hargnev, s\u00e4ilitades samal ajal pehme ja \u00f5rna langevuse. Lisaks on see kahekordselt gaasitatud, mis t\u00e4hendab, et eemaldatud on k\u00f5ik lahtised kiud, luues erakordselt sileda tekstuuri, mis libiseb sujuvalt \u00fcle heegeln\u00f5ela.<\/p>\n<p>Hea analoog Garnstudio l\u00f5ngale Drops Paris!<\/p>\n<div class=\"is-divider divider clearfix\" ><\/div>\n<h3>Suurus ja materjal<\/h3>\n<p>L\u00f5nga j\u00e4medus: 50g \/ 85m (Aran, 10 ply)<\/p>\n<p>Materjal: 100% merseriseeritud puuvill<\/p>\n<p>Tootja: Holland<\/p>\n<div class=\"is-divider divider clearfix\" ><\/div>\n<h3>Sertifikaat<\/h3>\n<p>EN71-3 sertifikaadiga on see ohutu ka k\u00f5ige tundlikumale nahale, mist\u00f5ttu sobib l\u00f5ng ideaalselt beebi- ja lastetoodete jaoks.<\/p>\n<div class=\"is-divider divider clearfix\" ><\/div>\n<h3>Kuidas l\u00f5nga hooldada<\/h3>\n<p>K\u00e4sipesu, max 40\u00b0C \/ kuivata tasapinnal<\/p>\n","protected":false},"excerpt":{"rendered":"<p>Scheepjes Cahlista on j\u00e4medam puuvillane l\u00f5ng, mis on valmistatud 100% looduslikust puuvillast ja toodetud keskkonda s\u00e4\u00e4stval moel. L\u00f5ngal on loomulik matt viimistlus, see on pehme ja hingav.<\/p>\n","protected":false},"featured_media":99571,"comment_status":"open","ping_status":"closed","template":"","meta":[],"product_brand":[1566],"product_cat":[708,429],"product_tag":[1590],"class_list":{"0":"post-99570","1":"product","2":"type-product","3":"status-publish","4":"has-post-thumbnail","6":"product_brand-scheepjes","7":"product_cat-longad","8":"product_cat-kasitoo-tarvikud","9":"product_tag-puuvillased-longad","10":"pa_scheepjes-cahlista-colors-106-snow-white","11":"pa_scheepjes-cahlista-colors-406-soft-beige","12":"pa_yarn-weight-aran-10-ply-2","14":"first","15":"instock","16":"sale","17":"taxable","18":"shipping-taxable","19":"purchasable","20":"product-type-variable"},"yoast_head":"<!-- This site is optimized with the Yoast SEO plugin v27.3 - https:\/\/yoast.com\/product\/yoast-seo-wordpress\/ -->\n<title>Scheepjes Cahlista - j\u00e4me puuvillane l\u00f5ng - L\u00d5PUM\u00dc\u00dcK | lilleliis<\/title>\n<meta name=\"description\" content=\"Scheepjes Cahlista on j\u00e4medam puuvillane l\u00f5ng. Matt, tugeva keeru ja sileda tekstuuriga l\u00f5ng, mis libiseb sujuvalt \u00fcle heegeln\u00f5ela.\" \/>\n<meta name=\"robots\" content=\"index, follow, max-snippet:-1, max-image-preview:large, max-video-preview:-1\" \/>\n<link rel=\"canonical\" href=\"https:\/\/www.lilleliis.com\/et\/toode\/scheepjes-cahlista\/\" \/>\n<meta property=\"og:locale\" content=\"et_EE\" \/>\n<meta property=\"og:type\" content=\"article\" \/>\n<meta property=\"og:title\" content=\"Scheepjes Cahlista - j\u00e4me puuvillane l\u00f5ng - L\u00d5PUM\u00dc\u00dcK | lilleliis\" \/>\n<meta property=\"og:description\" content=\"Scheepjes Cahlista on j\u00e4medam puuvillane l\u00f5ng. Matt, tugeva keeru ja sileda tekstuuriga l\u00f5ng, mis libiseb sujuvalt \u00fcle heegeln\u00f5ela.\" \/>\n<meta property=\"og:url\" content=\"https:\/\/www.lilleliis.com\/et\/toode\/scheepjes-cahlista\/\" \/>\n<meta property=\"og:site_name\" content=\"lilleliis\" \/>\n<meta property=\"article:publisher\" content=\"https:\/\/www.facebook.com\/lilleliis-283266335035799\/\" \/>\n<meta property=\"article:modified_time\" content=\"2026-02-17T06:26:38+00:00\" \/>\n<meta property=\"og:image\" content=\"https:\/\/www.lilleliis.com\/wp-content\/uploads\/2025\/03\/Scheepjes-Cahlista-406-Soft-Beige.webp\" \/>\n\t<meta property=\"og:image:width\" content=\"1000\" \/>\n\t<meta property=\"og:image:height\" content=\"1000\" \/>\n\t<meta property=\"og:image:type\" content=\"image\/webp\" \/>\n<meta name=\"twitter:card\" content=\"summary_large_image\" \/>\n<meta name=\"twitter:label1\" content=\"Est. reading time\" \/>\n\t<meta name=\"twitter:data1\" content=\"1 minute\" \/>\n<script type=\"application\/ld+json\" class=\"yoast-schema-graph\">{\"@context\":\"https:\\\/\\\/schema.org\",\"@graph\":[{\"@type\":\"WebPage\",\"@id\":\"https:\\\/\\\/www.lilleliis.com\\\/et\\\/toode\\\/scheepjes-cahlista\\\/\",\"url\":\"https:\\\/\\\/www.lilleliis.com\\\/et\\\/toode\\\/scheepjes-cahlista\\\/\",\"name\":\"Scheepjes Cahlista - j\u00e4me puuvillane l\u00f5ng - L\u00d5PUM\u00dc\u00dcK | lilleliis\",\"isPartOf\":{\"@id\":\"https:\\\/\\\/www.lilleliis.com\\\/et\\\/#website\"},\"primaryImageOfPage\":{\"@id\":\"https:\\\/\\\/www.lilleliis.com\\\/et\\\/toode\\\/scheepjes-cahlista\\\/#primaryimage\"},\"image\":{\"@id\":\"https:\\\/\\\/www.lilleliis.com\\\/et\\\/toode\\\/scheepjes-cahlista\\\/#primaryimage\"},\"thumbnailUrl\":\"https:\\\/\\\/www.lilleliis.com\\\/wp-content\\\/uploads\\\/2025\\\/03\\\/Scheepjes-Cahlista-406-Soft-Beige.webp\",\"datePublished\":\"2025-11-27T16:25:34+00:00\",\"dateModified\":\"2026-02-17T06:26:38+00:00\",\"description\":\"Scheepjes Cahlista on j\u00e4medam puuvillane l\u00f5ng. Matt, tugeva keeru ja sileda tekstuuriga l\u00f5ng, mis libiseb sujuvalt \u00fcle heegeln\u00f5ela.\",\"breadcrumb\":{\"@id\":\"https:\\\/\\\/www.lilleliis.com\\\/et\\\/toode\\\/scheepjes-cahlista\\\/#breadcrumb\"},\"inLanguage\":\"et\",\"potentialAction\":[{\"@type\":\"ReadAction\",\"target\":[\"https:\\\/\\\/www.lilleliis.com\\\/et\\\/toode\\\/scheepjes-cahlista\\\/\"]}]},{\"@type\":\"ImageObject\",\"inLanguage\":\"et\",\"@id\":\"https:\\\/\\\/www.lilleliis.com\\\/et\\\/toode\\\/scheepjes-cahlista\\\/#primaryimage\",\"url\":\"https:\\\/\\\/www.lilleliis.com\\\/wp-content\\\/uploads\\\/2025\\\/03\\\/Scheepjes-Cahlista-406-Soft-Beige.webp\",\"contentUrl\":\"https:\\\/\\\/www.lilleliis.com\\\/wp-content\\\/uploads\\\/2025\\\/03\\\/Scheepjes-Cahlista-406-Soft-Beige.webp\",\"width\":1000,\"height\":1000,\"caption\":\"Scheepjes Cahlista 406 Soft Beige\"},{\"@type\":\"BreadcrumbList\",\"@id\":\"https:\\\/\\\/www.lilleliis.com\\\/et\\\/toode\\\/scheepjes-cahlista\\\/#breadcrumb\",\"itemListElement\":[{\"@type\":\"ListItem\",\"position\":1,\"name\":\"Home\",\"item\":\"https:\\\/\\\/www.lilleliis.com\\\/et\\\/\"},{\"@type\":\"ListItem\",\"position\":2,\"name\":\"Pood\",\"item\":\"https:\\\/\\\/www.lilleliis.com\\\/et\\\/shop\\\/\"},{\"@type\":\"ListItem\",\"position\":3,\"name\":\"Scheepjes Cahlista &#8211; j\u00e4me puuvillane l\u00f5ng &#8211; L\u00d5PUM\u00dc\u00dcK\"}]},{\"@type\":\"WebSite\",\"@id\":\"https:\\\/\\\/www.lilleliis.com\\\/et\\\/#website\",\"url\":\"https:\\\/\\\/www.lilleliis.com\\\/et\\\/\",\"name\":\"lilleliis\",\"description\":\"Amigurumi m\u00e4nguasjad ja mustrid\",\"potentialAction\":[{\"@type\":\"SearchAction\",\"target\":{\"@type\":\"EntryPoint\",\"urlTemplate\":\"https:\\\/\\\/www.lilleliis.com\\\/et\\\/?s={search_term_string}\"},\"query-input\":{\"@type\":\"PropertyValueSpecification\",\"valueRequired\":true,\"valueName\":\"search_term_string\"}}],\"inLanguage\":\"et\"}]}<\/script>\n<!-- \/ Yoast SEO plugin. -->","yoast_head_json":{"title":"Scheepjes Cahlista - j\u00e4me puuvillane l\u00f5ng - L\u00d5PUM\u00dc\u00dcK | lilleliis","description":"Scheepjes Cahlista on j\u00e4medam puuvillane l\u00f5ng. Matt, tugeva keeru ja sileda tekstuuriga l\u00f5ng, mis libiseb sujuvalt \u00fcle heegeln\u00f5ela.","robots":{"index":"index","follow":"follow","max-snippet":"max-snippet:-1","max-image-preview":"max-image-preview:large","max-video-preview":"max-video-preview:-1"},"canonical":"https:\/\/www.lilleliis.com\/et\/toode\/scheepjes-cahlista\/","og_locale":"et_EE","og_type":"article","og_title":"Scheepjes Cahlista - j\u00e4me puuvillane l\u00f5ng - L\u00d5PUM\u00dc\u00dcK | lilleliis","og_description":"Scheepjes Cahlista on j\u00e4medam puuvillane l\u00f5ng. Matt, tugeva keeru ja sileda tekstuuriga l\u00f5ng, mis libiseb sujuvalt \u00fcle heegeln\u00f5ela.","og_url":"https:\/\/www.lilleliis.com\/et\/toode\/scheepjes-cahlista\/","og_site_name":"lilleliis","article_publisher":"https:\/\/www.facebook.com\/lilleliis-283266335035799\/","article_modified_time":"2026-02-17T06:26:38+00:00","og_image":[{"width":1000,"height":1000,"url":"https:\/\/www.lilleliis.com\/wp-content\/uploads\/2025\/03\/Scheepjes-Cahlista-406-Soft-Beige.webp","type":"image\/webp"}],"twitter_card":"summary_large_image","twitter_misc":{"Est. reading time":"1 minute"},"schema":{"@context":"https:\/\/schema.org","@graph":[{"@type":"WebPage","@id":"https:\/\/www.lilleliis.com\/et\/toode\/scheepjes-cahlista\/","url":"https:\/\/www.lilleliis.com\/et\/toode\/scheepjes-cahlista\/","name":"Scheepjes Cahlista - j\u00e4me puuvillane l\u00f5ng - L\u00d5PUM\u00dc\u00dcK | lilleliis","isPartOf":{"@id":"https:\/\/www.lilleliis.com\/et\/#website"},"primaryImageOfPage":{"@id":"https:\/\/www.lilleliis.com\/et\/toode\/scheepjes-cahlista\/#primaryimage"},"image":{"@id":"https:\/\/www.lilleliis.com\/et\/toode\/scheepjes-cahlista\/#primaryimage"},"thumbnailUrl":"https:\/\/www.lilleliis.com\/wp-content\/uploads\/2025\/03\/Scheepjes-Cahlista-406-Soft-Beige.webp","datePublished":"2025-11-27T16:25:34+00:00","dateModified":"2026-02-17T06:26:38+00:00","description":"Scheepjes Cahlista on j\u00e4medam puuvillane l\u00f5ng. Matt, tugeva keeru ja sileda tekstuuriga l\u00f5ng, mis libiseb sujuvalt \u00fcle heegeln\u00f5ela.","breadcrumb":{"@id":"https:\/\/www.lilleliis.com\/et\/toode\/scheepjes-cahlista\/#breadcrumb"},"inLanguage":"et","potentialAction":[{"@type":"ReadAction","target":["https:\/\/www.lilleliis.com\/et\/toode\/scheepjes-cahlista\/"]}]},{"@type":"ImageObject","inLanguage":"et","@id":"https:\/\/www.lilleliis.com\/et\/toode\/scheepjes-cahlista\/#primaryimage","url":"https:\/\/www.lilleliis.com\/wp-content\/uploads\/2025\/03\/Scheepjes-Cahlista-406-Soft-Beige.webp","contentUrl":"https:\/\/www.lilleliis.com\/wp-content\/uploads\/2025\/03\/Scheepjes-Cahlista-406-Soft-Beige.webp","width":1000,"height":1000,"caption":"Scheepjes Cahlista 406 Soft Beige"},{"@type":"BreadcrumbList","@id":"https:\/\/www.lilleliis.com\/et\/toode\/scheepjes-cahlista\/#breadcrumb","itemListElement":[{"@type":"ListItem","position":1,"name":"Home","item":"https:\/\/www.lilleliis.com\/et\/"},{"@type":"ListItem","position":2,"name":"Pood","item":"https:\/\/www.lilleliis.com\/et\/shop\/"},{"@type":"ListItem","position":3,"name":"Scheepjes Cahlista &#8211; j\u00e4me puuvillane l\u00f5ng &#8211; L\u00d5PUM\u00dc\u00dcK"}]},{"@type":"WebSite","@id":"https:\/\/www.lilleliis.com\/et\/#website","url":"https:\/\/www.lilleliis.com\/et\/","name":"lilleliis","description":"Amigurumi m\u00e4nguasjad ja mustrid","potentialAction":[{"@type":"SearchAction","target":{"@type":"EntryPoint","urlTemplate":"https:\/\/www.lilleliis.com\/et\/?s={search_term_string}"},"query-input":{"@type":"PropertyValueSpecification","valueRequired":true,"valueName":"search_term_string"}}],"inLanguage":"et"}]}},"_links":{"self":[{"href":"https:\/\/www.lilleliis.com\/et\/wp-json\/wp\/v2\/product\/99570","targetHints":{"allow":["GET"]}}],"collection":[{"href":"https:\/\/www.lilleliis.com\/et\/wp-json\/wp\/v2\/product"}],"about":[{"href":"https:\/\/www.lilleliis.com\/et\/wp-json\/wp\/v2\/types\/product"}],"replies":[{"embeddable":true,"href":"https:\/\/www.lilleliis.com\/et\/wp-json\/wp\/v2\/comments?post=99570"}],"wp:featuredmedia":[{"embeddable":true,"href":"https:\/\/www.lilleliis.com\/et\/wp-json\/wp\/v2\/media\/99571"}],"wp:attachment":[{"href":"https:\/\/www.lilleliis.com\/et\/wp-json\/wp\/v2\/media?parent=99570"}],"wp:term":[{"taxonomy":"product_brand","embeddable":true,"href":"https:\/\/www.lilleliis.com\/et\/wp-json\/wp\/v2\/product_brand?post=99570"},{"taxonomy":"product_cat","embeddable":true,"href":"https:\/\/www.lilleliis.com\/et\/wp-json\/wp\/v2\/product_cat?post=99570"},{"taxonomy":"product_tag","embeddable":true,"href":"https:\/\/www.lilleliis.com\/et\/wp-json\/wp\/v2\/product_tag?post=99570"}],"curies":[{"name":"wp","href":"https:\/\/api.w.org\/{rel}","templated":true}]}}