{"id":99584,"date":"2026-03-10T13:53:03","date_gmt":"2026-03-10T11:53:03","guid":{"rendered":"https:\/\/www.lilleliis.com\/?post_type=product&#038;p=99584"},"modified":"2026-03-10T13:31:33","modified_gmt":"2026-03-10T11:31:33","slug":"rico-essentials-soft-merino","status":"publish","type":"product","link":"https:\/\/www.lilleliis.com\/et\/toode\/rico-essentials-soft-merino\/","title":{"rendered":"Rico Essentials Soft Merino Aran &#8211; 100% meriinovill &#8211; 50 g \/ 100 m"},"content":{"rendered":"<p class=\"\" data-start=\"44\" data-end=\"333\">Essentials Soft Merino Aran Saksa tootjalt Rico on valmistatud 100% puhtast uusvillasest lambavillast ja sobib suurep\u00e4raselt r\u00f5ivaste, aksessuaaride ja kodusisustuse valmistamiseks. See kvaliteetne l\u00f5ng on lihtsasti kootav v\u00f5i heegeldatav ning saadaval laias valikus kaunites v\u00e4rvitoonides.<\/p>\n<p class=\"\" data-start=\"335\" data-end=\"721\">Olen ise suur villaarmastaja ja loonud palju amigurumi m\u00e4nguasju just villast l\u00f5nga silmas pidades. Essentials Soft Merino on suurep\u00e4rane valik, kui soovid proovida m\u00e4nguasjade tegemist villase l\u00f5ngaga. See on k\u00e4e all m\u00f5nus, hoiab h\u00e4sti vormi ja l\u00f5pptulemus on pehme. Erinevalt m\u00f5nest teisest villasest l\u00f5ngast ei ole see eriti karvane, mist\u00f5ttu sobib h\u00e4sti just m\u00e4nguasjade valmistamiseks.<\/p>\n<p data-start=\"335\" data-end=\"721\"><div class=\"is-divider divider clearfix\" ><\/div>\n<h3 data-start=\"723\" data-end=\"747\">Lilleliisi soovitus:<\/h3>\n<ul data-start=\"749\" data-end=\"867\">\n<li class=\"\" data-start=\"749\" data-end=\"807\">\n<p class=\"\" data-start=\"751\" data-end=\"807\">Hea asendus Drops Lima l\u00f5ngale k\u00f5ikides minu mustrites<\/p>\n<\/li>\n<li class=\"\" data-start=\"808\" data-end=\"867\">\n<p class=\"\" data-start=\"810\" data-end=\"867\">Mina kasutan 2,5 mm heegeln\u00f5elaga<\/p>\n<\/li>\n<\/ul>\n<div class=\"is-divider divider clearfix\" ><\/div>\n<h3>Suurus ja materjal<\/h3>\n<p>L\u00f5nga j\u00e4medus: 50g \/ 100m (Aran, 10 ply)<\/p>\n<p>Materjal: 100% meriinovill<\/p>\n<p>Tootja: Saksamaa<\/p>\n<div class=\"is-divider divider clearfix\" ><\/div>\n<h3>Kuidas l\u00f5nga hooldada<\/h3>\n<p>K\u00e4sipesu, max 30\u00b0C \/ kuivata tasapinnal<\/p>\n","protected":false},"excerpt":{"rendered":"<p>Rico Essentials Soft Merino Aran on kvaliteetne 100% uusvillane l\u00f5ng, mis sobib suurep\u00e4raselt r\u00f5ivaste, aksessuaaride ja amigurumide valmistamiseks. Pehme ja m\u00f5nus villane l\u00f5ng.<\/p>\n","protected":false},"featured_media":105357,"comment_status":"open","ping_status":"closed","template":"","meta":[],"product_brand":[1563],"product_cat":[708,429],"product_tag":[1589],"class_list":{"0":"post-99584","1":"product","2":"type-product","3":"status-publish","4":"has-post-thumbnail","6":"product_brand-rico-design","7":"product_cat-longad","8":"product_cat-kasitoo-tarvikud","9":"product_tag-villased-longad","10":"pa_essentials-soft-merino-001-mustard-et","11":"pa_essentials-soft-merino-020-hellgrau","12":"pa_essentials-soft-merino-021-holunder-et","13":"pa_essentials-soft-merino-032-dark-jeans-et","14":"pa_essentials-soft-merino-052-grass-green-et","15":"pa_essentials-soft-merino-055-kiesel-melange-et","16":"pa_essentials-soft-merino-081-camel-melange-et","17":"pa_essentials-soft-merino-094-mittelgrau","18":"pa_yarn-weight-aran-10-ply","20":"first","21":"instock","22":"sale","23":"taxable","24":"shipping-taxable","25":"purchasable","26":"product-type-variable"},"yoast_head":"<!-- This site is optimized with the Yoast SEO plugin v27.3 - https:\/\/yoast.com\/product\/yoast-seo-wordpress\/ -->\n<title>Rico Essentials Soft Merino Aran - 100% meriinovill - 50 g \/ 100 m<\/title>\n<meta name=\"description\" content=\"Rico Essentials Soft Merino Aran on valmistatud puhtast meriinovillast ning sobib suurep\u00e4raselt r\u00f5ivaste, aksessuaaride ja kodusisustuse loomiseks.\" \/>\n<meta name=\"robots\" content=\"index, follow, max-snippet:-1, max-image-preview:large, max-video-preview:-1\" \/>\n<link rel=\"canonical\" href=\"https:\/\/www.lilleliis.com\/et\/toode\/rico-essentials-soft-merino\/\" \/>\n<meta property=\"og:locale\" content=\"et_EE\" \/>\n<meta property=\"og:type\" content=\"article\" \/>\n<meta property=\"og:title\" content=\"Rico Essentials Soft Merino Aran - 100% meriinovill - 50 g \/ 100 m\" \/>\n<meta property=\"og:description\" content=\"Rico Essentials Soft Merino Aran on valmistatud puhtast meriinovillast ning sobib suurep\u00e4raselt r\u00f5ivaste, aksessuaaride ja kodusisustuse loomiseks.\" \/>\n<meta property=\"og:url\" content=\"https:\/\/www.lilleliis.com\/et\/toode\/rico-essentials-soft-merino\/\" \/>\n<meta property=\"og:site_name\" content=\"lilleliis\" \/>\n<meta property=\"article:publisher\" content=\"https:\/\/www.facebook.com\/lilleliis-283266335035799\/\" \/>\n<meta property=\"og:image\" content=\"https:\/\/www.lilleliis.com\/wp-content\/uploads\/2025\/05\/meriinovillane-long-manguasjade-heegeldamiseks.jpg\" \/>\n\t<meta property=\"og:image:width\" content=\"1000\" \/>\n\t<meta property=\"og:image:height\" content=\"1500\" \/>\n\t<meta property=\"og:image:type\" content=\"image\/jpeg\" \/>\n<meta name=\"twitter:card\" content=\"summary_large_image\" \/>\n<meta name=\"twitter:label1\" content=\"Est. reading time\" \/>\n\t<meta name=\"twitter:data1\" content=\"1 minute\" \/>\n<script type=\"application\/ld+json\" class=\"yoast-schema-graph\">{\"@context\":\"https:\\\/\\\/schema.org\",\"@graph\":[{\"@type\":\"WebPage\",\"@id\":\"https:\\\/\\\/www.lilleliis.com\\\/et\\\/toode\\\/rico-essentials-soft-merino\\\/\",\"url\":\"https:\\\/\\\/www.lilleliis.com\\\/et\\\/toode\\\/rico-essentials-soft-merino\\\/\",\"name\":\"Rico Essentials Soft Merino Aran - 100% meriinovill - 50 g \\\/ 100 m\",\"isPartOf\":{\"@id\":\"https:\\\/\\\/www.lilleliis.com\\\/et\\\/#website\"},\"primaryImageOfPage\":{\"@id\":\"https:\\\/\\\/www.lilleliis.com\\\/et\\\/toode\\\/rico-essentials-soft-merino\\\/#primaryimage\"},\"image\":{\"@id\":\"https:\\\/\\\/www.lilleliis.com\\\/et\\\/toode\\\/rico-essentials-soft-merino\\\/#primaryimage\"},\"thumbnailUrl\":\"https:\\\/\\\/www.lilleliis.com\\\/wp-content\\\/uploads\\\/2025\\\/05\\\/meriinovillane-long-manguasjade-heegeldamiseks.jpg\",\"datePublished\":\"2026-03-10T11:53:03+00:00\",\"description\":\"Rico Essentials Soft Merino Aran on valmistatud puhtast meriinovillast ning sobib suurep\u00e4raselt r\u00f5ivaste, aksessuaaride ja kodusisustuse loomiseks.\",\"breadcrumb\":{\"@id\":\"https:\\\/\\\/www.lilleliis.com\\\/et\\\/toode\\\/rico-essentials-soft-merino\\\/#breadcrumb\"},\"inLanguage\":\"et\",\"potentialAction\":[{\"@type\":\"ReadAction\",\"target\":[\"https:\\\/\\\/www.lilleliis.com\\\/et\\\/toode\\\/rico-essentials-soft-merino\\\/\"]}]},{\"@type\":\"ImageObject\",\"inLanguage\":\"et\",\"@id\":\"https:\\\/\\\/www.lilleliis.com\\\/et\\\/toode\\\/rico-essentials-soft-merino\\\/#primaryimage\",\"url\":\"https:\\\/\\\/www.lilleliis.com\\\/wp-content\\\/uploads\\\/2025\\\/05\\\/meriinovillane-long-manguasjade-heegeldamiseks.jpg\",\"contentUrl\":\"https:\\\/\\\/www.lilleliis.com\\\/wp-content\\\/uploads\\\/2025\\\/05\\\/meriinovillane-long-manguasjade-heegeldamiseks.jpg\",\"width\":1000,\"height\":1500,\"caption\":\"meriinovillane l\u00f5ng m\u00e4nguasjade heegeldamiseks\"},{\"@type\":\"BreadcrumbList\",\"@id\":\"https:\\\/\\\/www.lilleliis.com\\\/et\\\/toode\\\/rico-essentials-soft-merino\\\/#breadcrumb\",\"itemListElement\":[{\"@type\":\"ListItem\",\"position\":1,\"name\":\"Home\",\"item\":\"https:\\\/\\\/www.lilleliis.com\\\/et\\\/\"},{\"@type\":\"ListItem\",\"position\":2,\"name\":\"Pood\",\"item\":\"https:\\\/\\\/www.lilleliis.com\\\/et\\\/shop\\\/\"},{\"@type\":\"ListItem\",\"position\":3,\"name\":\"Rico Essentials Soft Merino Aran &#8211; 100% meriinovill &#8211; 50 g \\\/ 100 m\"}]},{\"@type\":\"WebSite\",\"@id\":\"https:\\\/\\\/www.lilleliis.com\\\/et\\\/#website\",\"url\":\"https:\\\/\\\/www.lilleliis.com\\\/et\\\/\",\"name\":\"lilleliis\",\"description\":\"Amigurumi m\u00e4nguasjad ja mustrid\",\"potentialAction\":[{\"@type\":\"SearchAction\",\"target\":{\"@type\":\"EntryPoint\",\"urlTemplate\":\"https:\\\/\\\/www.lilleliis.com\\\/et\\\/?s={search_term_string}\"},\"query-input\":{\"@type\":\"PropertyValueSpecification\",\"valueRequired\":true,\"valueName\":\"search_term_string\"}}],\"inLanguage\":\"et\"}]}<\/script>\n<!-- \/ Yoast SEO plugin. -->","yoast_head_json":{"title":"Rico Essentials Soft Merino Aran - 100% meriinovill - 50 g \/ 100 m","description":"Rico Essentials Soft Merino Aran on valmistatud puhtast meriinovillast ning sobib suurep\u00e4raselt r\u00f5ivaste, aksessuaaride ja kodusisustuse loomiseks.","robots":{"index":"index","follow":"follow","max-snippet":"max-snippet:-1","max-image-preview":"max-image-preview:large","max-video-preview":"max-video-preview:-1"},"canonical":"https:\/\/www.lilleliis.com\/et\/toode\/rico-essentials-soft-merino\/","og_locale":"et_EE","og_type":"article","og_title":"Rico Essentials Soft Merino Aran - 100% meriinovill - 50 g \/ 100 m","og_description":"Rico Essentials Soft Merino Aran on valmistatud puhtast meriinovillast ning sobib suurep\u00e4raselt r\u00f5ivaste, aksessuaaride ja kodusisustuse loomiseks.","og_url":"https:\/\/www.lilleliis.com\/et\/toode\/rico-essentials-soft-merino\/","og_site_name":"lilleliis","article_publisher":"https:\/\/www.facebook.com\/lilleliis-283266335035799\/","og_image":[{"width":1000,"height":1500,"url":"https:\/\/www.lilleliis.com\/wp-content\/uploads\/2025\/05\/meriinovillane-long-manguasjade-heegeldamiseks.jpg","type":"image\/jpeg"}],"twitter_card":"summary_large_image","twitter_misc":{"Est. reading time":"1 minute"},"schema":{"@context":"https:\/\/schema.org","@graph":[{"@type":"WebPage","@id":"https:\/\/www.lilleliis.com\/et\/toode\/rico-essentials-soft-merino\/","url":"https:\/\/www.lilleliis.com\/et\/toode\/rico-essentials-soft-merino\/","name":"Rico Essentials Soft Merino Aran - 100% meriinovill - 50 g \/ 100 m","isPartOf":{"@id":"https:\/\/www.lilleliis.com\/et\/#website"},"primaryImageOfPage":{"@id":"https:\/\/www.lilleliis.com\/et\/toode\/rico-essentials-soft-merino\/#primaryimage"},"image":{"@id":"https:\/\/www.lilleliis.com\/et\/toode\/rico-essentials-soft-merino\/#primaryimage"},"thumbnailUrl":"https:\/\/www.lilleliis.com\/wp-content\/uploads\/2025\/05\/meriinovillane-long-manguasjade-heegeldamiseks.jpg","datePublished":"2026-03-10T11:53:03+00:00","description":"Rico Essentials Soft Merino Aran on valmistatud puhtast meriinovillast ning sobib suurep\u00e4raselt r\u00f5ivaste, aksessuaaride ja kodusisustuse loomiseks.","breadcrumb":{"@id":"https:\/\/www.lilleliis.com\/et\/toode\/rico-essentials-soft-merino\/#breadcrumb"},"inLanguage":"et","potentialAction":[{"@type":"ReadAction","target":["https:\/\/www.lilleliis.com\/et\/toode\/rico-essentials-soft-merino\/"]}]},{"@type":"ImageObject","inLanguage":"et","@id":"https:\/\/www.lilleliis.com\/et\/toode\/rico-essentials-soft-merino\/#primaryimage","url":"https:\/\/www.lilleliis.com\/wp-content\/uploads\/2025\/05\/meriinovillane-long-manguasjade-heegeldamiseks.jpg","contentUrl":"https:\/\/www.lilleliis.com\/wp-content\/uploads\/2025\/05\/meriinovillane-long-manguasjade-heegeldamiseks.jpg","width":1000,"height":1500,"caption":"meriinovillane l\u00f5ng m\u00e4nguasjade heegeldamiseks"},{"@type":"BreadcrumbList","@id":"https:\/\/www.lilleliis.com\/et\/toode\/rico-essentials-soft-merino\/#breadcrumb","itemListElement":[{"@type":"ListItem","position":1,"name":"Home","item":"https:\/\/www.lilleliis.com\/et\/"},{"@type":"ListItem","position":2,"name":"Pood","item":"https:\/\/www.lilleliis.com\/et\/shop\/"},{"@type":"ListItem","position":3,"name":"Rico Essentials Soft Merino Aran &#8211; 100% meriinovill &#8211; 50 g \/ 100 m"}]},{"@type":"WebSite","@id":"https:\/\/www.lilleliis.com\/et\/#website","url":"https:\/\/www.lilleliis.com\/et\/","name":"lilleliis","description":"Amigurumi m\u00e4nguasjad ja mustrid","potentialAction":[{"@type":"SearchAction","target":{"@type":"EntryPoint","urlTemplate":"https:\/\/www.lilleliis.com\/et\/?s={search_term_string}"},"query-input":{"@type":"PropertyValueSpecification","valueRequired":true,"valueName":"search_term_string"}}],"inLanguage":"et"}]}},"_links":{"self":[{"href":"https:\/\/www.lilleliis.com\/et\/wp-json\/wp\/v2\/product\/99584","targetHints":{"allow":["GET"]}}],"collection":[{"href":"https:\/\/www.lilleliis.com\/et\/wp-json\/wp\/v2\/product"}],"about":[{"href":"https:\/\/www.lilleliis.com\/et\/wp-json\/wp\/v2\/types\/product"}],"replies":[{"embeddable":true,"href":"https:\/\/www.lilleliis.com\/et\/wp-json\/wp\/v2\/comments?post=99584"}],"wp:featuredmedia":[{"embeddable":true,"href":"https:\/\/www.lilleliis.com\/et\/wp-json\/wp\/v2\/media\/105357"}],"wp:attachment":[{"href":"https:\/\/www.lilleliis.com\/et\/wp-json\/wp\/v2\/media?parent=99584"}],"wp:term":[{"taxonomy":"product_brand","embeddable":true,"href":"https:\/\/www.lilleliis.com\/et\/wp-json\/wp\/v2\/product_brand?post=99584"},{"taxonomy":"product_cat","embeddable":true,"href":"https:\/\/www.lilleliis.com\/et\/wp-json\/wp\/v2\/product_cat?post=99584"},{"taxonomy":"product_tag","embeddable":true,"href":"https:\/\/www.lilleliis.com\/et\/wp-json\/wp\/v2\/product_tag?post=99584"}],"curies":[{"name":"wp","href":"https:\/\/api.w.org\/{rel}","templated":true}]}}