{"id":99707,"date":"2026-04-14T10:58:36","date_gmt":"2026-04-14T07:58:36","guid":{"rendered":"https:\/\/www.lilleliis.com\/?post_type=product&#038;p=99707"},"modified":"2026-02-26T13:16:14","modified_gmt":"2026-02-26T11:16:14","slug":"varvilised-kalakesed-amigurumi-muster","status":"publish","type":"product","link":"https:\/\/www.lilleliis.com\/et\/toode\/varvilised-kalakesed-amigurumi-muster\/","title":{"rendered":"Heegeldatud kala muster &#8211; V\u00e4rvilised kalakesed"},"content":{"rendered":"<p data-start=\"820\" data-end=\"872\">Heegeldatud kala muster &#8211; V\u00e4rvilised kalakesed<\/p>\n<p data-start=\"820\" data-end=\"872\">Mustri j\u00e4rgi saad heegeldada <strong>kaks erinevat varianti:<\/strong><\/p>\n<p data-start=\"874\" data-end=\"1010\">&#8211; \u00fchev\u00e4rvilised heegeldatud kalad, millel on \u00f5rnad tikitud tr\u00e4psukesed<br data-start=\"948\" data-end=\"951\" \/>&#8211; triibulised kalakesed, mis on r\u00f5\u00f5msad ja v\u00e4rvikirevad<\/p>\n<p data-start=\"1012\" data-end=\"1327\">Kalakese v\u00f5ib t\u00e4ita pehme t\u00e4itematerjaliga v\u00f5i lisada kr\u00f5bisevat paberit, mis annab \u00f5rna ja m\u00f5nusa heli, kui m\u00e4nguasja pigistada. See v\u00e4ike sensoorne element kutsub beebit avastama, kuid ei ole liiga vali. Kui eelistad vaikset m\u00e4nguasja, j\u00e4ta kr\u00f5bisev kiht lihtsalt lisamata ja t\u00e4ida kalad ainult pehme materjaliga.<\/p>\n<p data-start=\"1329\" data-end=\"1380\">Heegeldatud amigurumi kalad sobivad h\u00e4sti:<\/p>\n<p data-start=\"1382\" data-end=\"1500\">\u2022 beebi m\u00e4ngukaarele riputamiseks<br data-start=\"1415\" data-end=\"1418\" \/>\u2022 voodikarusselli k\u00fclge<br data-start=\"1441\" data-end=\"1444\" \/>\u2022 katsikukingituseks<br data-start=\"1464\" data-end=\"1467\" \/>\u2022 k\u00e4sitsi tehtud beebim\u00e4nguasjaks<\/p>\n<p data-start=\"1382\" data-end=\"1500\"><div class=\"is-divider divider clearfix\" ><\/div>\n<h3 data-start=\"1382\" data-end=\"1500\">Mustrist<\/h3>\n<p>Allalaetav ja lihtsasti j\u00e4lgitav k\u00e4sit\u00f6\u00f6 \u00f5petus (PDF fail). 11-lehek\u00fcljeline juhend sisaldab samm-sammulist \u00f5petust ning hulgaliselt fotosid, mis muudavad valmistamise protsessi nauditavaks ja lihtsaks.<\/p>\n<p>Keel: eesti, inglise<\/p>\n<p>\u00d5petuse raskusaste: keskmine<\/p>\n<p>Vajaminevad v\u00f5tted: kinnissilmus, poolsammas, \u00fchekordne sammas, kahekordne sammas, s\u00f5lmpiste<\/p>\n<p data-start=\"1382\" data-end=\"1500\"><div class=\"is-divider divider clearfix\" ><\/div>\n<h3 data-start=\"1382\" data-end=\"1500\">Suurus ja materjal<\/h3>\n<p>Suurus: <span style=\"font-size: 14.4px;\">9 x 6,5 cm<\/span><\/p>\n<p>Valmistamiseks on kasutatud puuvillast l\u00f5nga ning heegeln\u00f5ela j\u00e4medusega 2,5 mm.<\/p>\n<p data-start=\"1382\" data-end=\"1500\"><div class=\"is-divider divider clearfix\" ><\/div>\n<h3 data-start=\"1382\" data-end=\"1500\">Abi ja copyright<\/h3>\n<p>K\u00fcsimuste korral saab abi\u00a0<a href=\"mailto:%20lilleliis@gmail.com\">e-posti teel<\/a>.<\/p>\n<p>\u00d5petuse j\u00e4rgi valmistatud esemeid v\u00f5ib m\u00fc\u00fca. \u00d5petust on keelatud jagada. Autori\u00f5igustega tutvu\u00a0<a href=\"https:\/\/www.lilleliis.com\/et\/autorioigused\/\" target=\"_blank\" rel=\"noopener\">siin<\/a>.<\/p>\n","protected":false},"excerpt":{"rendered":"<p data-start=\"277\" data-end=\"410\"><strong data-start=\"277\" data-end=\"327\">Heegeldatud kala muster &#8211; V\u00e4rvilised kalakesed &#8211; <em>Montessori<\/em> pedagoogikast inspireeritud amigurumi m\u00e4nguasjad beebi m\u00e4ngukaarele<\/strong><\/p>\n<p data-start=\"412\" data-end=\"630\">Heegelda ise beebi m\u00e4ngukaarele komplekt v\u00e4rvilisi kalakesi. See heegeldatud kala muster sobib h\u00e4sti nii algajale kui ka kogenud heegeldajale ning on m\u00f5nus teha, sest kalad valmivad ilma detailide kokku\u00f5mblemiseta.<\/p>\n<p data-start=\"632\" data-end=\"818\">Montessori p\u00f5him\u00f5tetest inspireeritud amigurumi kalakesed aitavad beebidel alates umbes 7. elun\u00e4dalast rahulikus ja toetavas v\u00f5tmes tutvuda p\u00f5hiv\u00e4rvide &#8211; punase, sinise ja kollasega.<\/p>\n<p data-start=\"632\" data-end=\"818\"><div class=\"is-divider divider clearfix\" ><\/div>\n<p data-start=\"632\" data-end=\"818\">Tegemist on allalaetava <strong data-start=\"326\" data-end=\"343\">PDF-\u00f5petusega<\/strong>, mis sisaldab rohkelt fotosid. \u00d5petuse raskusaste on <strong data-start=\"397\" data-end=\"409\">keskmine<\/strong>\u00a0ja see on saadaval ka eesti keeles.<\/p>\n","protected":false},"featured_media":99699,"comment_status":"open","ping_status":"closed","template":"","meta":[],"product_brand":[],"product_cat":[95,115],"product_tag":[123,1518],"class_list":{"0":"post-99707","1":"product","2":"type-product","3":"status-publish","4":"has-post-thumbnail","6":"product_cat-amigurumi-opetused","7":"product_cat-beebimanguasjade-mustrid","8":"product_tag-beebidele","9":"product_tag-montessori","10":"pa_pattern-language-eesti","11":"pa_pattern-language-inglise","12":"pa_pattern-skill-level-keskmine","14":"first","15":"instock","16":"sold-individually","17":"taxable","18":"shipping-taxable","19":"purchasable","20":"product-type-variable"},"yoast_head":"<!-- This site is optimized with the Yoast SEO plugin v27.3 - https:\/\/yoast.com\/product\/yoast-seo-wordpress\/ -->\n<title>Heegeldatud kala muster - V\u00e4rvilised kalakesed | lilleliis<\/title>\n<meta name=\"description\" content=\"Heegelda ise v\u00e4rvilised kalakesed beebi m\u00e4ngukaarele. Montessorist inspireeritud m\u00e4nguasjad, mis aitavad beebil avastada p\u00f5hiv\u00e4rve. Eestikeelne \u00f5petus.\" \/>\n<meta name=\"robots\" content=\"index, follow, max-snippet:-1, max-image-preview:large, max-video-preview:-1\" \/>\n<link rel=\"canonical\" href=\"https:\/\/www.lilleliis.com\/et\/toode\/varvilised-kalakesed-amigurumi-muster\/\" \/>\n<meta property=\"og:locale\" content=\"et_EE\" \/>\n<meta property=\"og:type\" content=\"article\" \/>\n<meta property=\"og:title\" content=\"Heegeldatud kala muster - V\u00e4rvilised kalakesed | lilleliis\" \/>\n<meta property=\"og:description\" content=\"Heegelda ise v\u00e4rvilised kalakesed beebi m\u00e4ngukaarele. Montessorist inspireeritud m\u00e4nguasjad, mis aitavad beebil avastada p\u00f5hiv\u00e4rve. Eestikeelne \u00f5petus.\" \/>\n<meta property=\"og:url\" content=\"https:\/\/www.lilleliis.com\/et\/toode\/varvilised-kalakesed-amigurumi-muster\/\" \/>\n<meta property=\"og:site_name\" content=\"lilleliis\" \/>\n<meta property=\"article:publisher\" content=\"https:\/\/www.facebook.com\/lilleliis-283266335035799\/\" \/>\n<meta property=\"og:image\" content=\"https:\/\/www.lilleliis.com\/wp-content\/uploads\/2025\/04\/amigurumi-crochet-fish-pattern2.jpg\" \/>\n\t<meta property=\"og:image:width\" content=\"1000\" \/>\n\t<meta property=\"og:image:height\" content=\"1500\" \/>\n\t<meta property=\"og:image:type\" content=\"image\/jpeg\" \/>\n<meta name=\"twitter:card\" content=\"summary_large_image\" \/>\n<meta name=\"twitter:label1\" content=\"Est. reading time\" \/>\n\t<meta name=\"twitter:data1\" content=\"1 minute\" \/>\n<script type=\"application\/ld+json\" class=\"yoast-schema-graph\">{\"@context\":\"https:\\\/\\\/schema.org\",\"@graph\":[{\"@type\":\"WebPage\",\"@id\":\"https:\\\/\\\/www.lilleliis.com\\\/et\\\/toode\\\/varvilised-kalakesed-amigurumi-muster\\\/\",\"url\":\"https:\\\/\\\/www.lilleliis.com\\\/et\\\/toode\\\/varvilised-kalakesed-amigurumi-muster\\\/\",\"name\":\"Heegeldatud kala muster - V\u00e4rvilised kalakesed | lilleliis\",\"isPartOf\":{\"@id\":\"https:\\\/\\\/www.lilleliis.com\\\/et\\\/#website\"},\"primaryImageOfPage\":{\"@id\":\"https:\\\/\\\/www.lilleliis.com\\\/et\\\/toode\\\/varvilised-kalakesed-amigurumi-muster\\\/#primaryimage\"},\"image\":{\"@id\":\"https:\\\/\\\/www.lilleliis.com\\\/et\\\/toode\\\/varvilised-kalakesed-amigurumi-muster\\\/#primaryimage\"},\"thumbnailUrl\":\"https:\\\/\\\/www.lilleliis.com\\\/wp-content\\\/uploads\\\/2025\\\/04\\\/amigurumi-crochet-fish-pattern2.jpg\",\"datePublished\":\"2026-04-14T07:58:36+00:00\",\"description\":\"Heegelda ise v\u00e4rvilised kalakesed beebi m\u00e4ngukaarele. Montessorist inspireeritud m\u00e4nguasjad, mis aitavad beebil avastada p\u00f5hiv\u00e4rve. Eestikeelne \u00f5petus.\",\"breadcrumb\":{\"@id\":\"https:\\\/\\\/www.lilleliis.com\\\/et\\\/toode\\\/varvilised-kalakesed-amigurumi-muster\\\/#breadcrumb\"},\"inLanguage\":\"et\",\"potentialAction\":[{\"@type\":\"ReadAction\",\"target\":[\"https:\\\/\\\/www.lilleliis.com\\\/et\\\/toode\\\/varvilised-kalakesed-amigurumi-muster\\\/\"]}]},{\"@type\":\"ImageObject\",\"inLanguage\":\"et\",\"@id\":\"https:\\\/\\\/www.lilleliis.com\\\/et\\\/toode\\\/varvilised-kalakesed-amigurumi-muster\\\/#primaryimage\",\"url\":\"https:\\\/\\\/www.lilleliis.com\\\/wp-content\\\/uploads\\\/2025\\\/04\\\/amigurumi-crochet-fish-pattern2.jpg\",\"contentUrl\":\"https:\\\/\\\/www.lilleliis.com\\\/wp-content\\\/uploads\\\/2025\\\/04\\\/amigurumi-crochet-fish-pattern2.jpg\",\"width\":1000,\"height\":1500,\"caption\":\"heegeldatud amigurumi kalakesed\"},{\"@type\":\"BreadcrumbList\",\"@id\":\"https:\\\/\\\/www.lilleliis.com\\\/et\\\/toode\\\/varvilised-kalakesed-amigurumi-muster\\\/#breadcrumb\",\"itemListElement\":[{\"@type\":\"ListItem\",\"position\":1,\"name\":\"Home\",\"item\":\"https:\\\/\\\/www.lilleliis.com\\\/et\\\/\"},{\"@type\":\"ListItem\",\"position\":2,\"name\":\"Pood\",\"item\":\"https:\\\/\\\/www.lilleliis.com\\\/et\\\/shop\\\/\"},{\"@type\":\"ListItem\",\"position\":3,\"name\":\"Heegeldatud kala muster &#8211; V\u00e4rvilised kalakesed\"}]},{\"@type\":\"WebSite\",\"@id\":\"https:\\\/\\\/www.lilleliis.com\\\/et\\\/#website\",\"url\":\"https:\\\/\\\/www.lilleliis.com\\\/et\\\/\",\"name\":\"lilleliis\",\"description\":\"Amigurumi m\u00e4nguasjad ja mustrid\",\"potentialAction\":[{\"@type\":\"SearchAction\",\"target\":{\"@type\":\"EntryPoint\",\"urlTemplate\":\"https:\\\/\\\/www.lilleliis.com\\\/et\\\/?s={search_term_string}\"},\"query-input\":{\"@type\":\"PropertyValueSpecification\",\"valueRequired\":true,\"valueName\":\"search_term_string\"}}],\"inLanguage\":\"et\"}]}<\/script>\n<!-- \/ Yoast SEO plugin. -->","yoast_head_json":{"title":"Heegeldatud kala muster - V\u00e4rvilised kalakesed | lilleliis","description":"Heegelda ise v\u00e4rvilised kalakesed beebi m\u00e4ngukaarele. Montessorist inspireeritud m\u00e4nguasjad, mis aitavad beebil avastada p\u00f5hiv\u00e4rve. Eestikeelne \u00f5petus.","robots":{"index":"index","follow":"follow","max-snippet":"max-snippet:-1","max-image-preview":"max-image-preview:large","max-video-preview":"max-video-preview:-1"},"canonical":"https:\/\/www.lilleliis.com\/et\/toode\/varvilised-kalakesed-amigurumi-muster\/","og_locale":"et_EE","og_type":"article","og_title":"Heegeldatud kala muster - V\u00e4rvilised kalakesed | lilleliis","og_description":"Heegelda ise v\u00e4rvilised kalakesed beebi m\u00e4ngukaarele. Montessorist inspireeritud m\u00e4nguasjad, mis aitavad beebil avastada p\u00f5hiv\u00e4rve. Eestikeelne \u00f5petus.","og_url":"https:\/\/www.lilleliis.com\/et\/toode\/varvilised-kalakesed-amigurumi-muster\/","og_site_name":"lilleliis","article_publisher":"https:\/\/www.facebook.com\/lilleliis-283266335035799\/","og_image":[{"width":1000,"height":1500,"url":"https:\/\/www.lilleliis.com\/wp-content\/uploads\/2025\/04\/amigurumi-crochet-fish-pattern2.jpg","type":"image\/jpeg"}],"twitter_card":"summary_large_image","twitter_misc":{"Est. reading time":"1 minute"},"schema":{"@context":"https:\/\/schema.org","@graph":[{"@type":"WebPage","@id":"https:\/\/www.lilleliis.com\/et\/toode\/varvilised-kalakesed-amigurumi-muster\/","url":"https:\/\/www.lilleliis.com\/et\/toode\/varvilised-kalakesed-amigurumi-muster\/","name":"Heegeldatud kala muster - V\u00e4rvilised kalakesed | lilleliis","isPartOf":{"@id":"https:\/\/www.lilleliis.com\/et\/#website"},"primaryImageOfPage":{"@id":"https:\/\/www.lilleliis.com\/et\/toode\/varvilised-kalakesed-amigurumi-muster\/#primaryimage"},"image":{"@id":"https:\/\/www.lilleliis.com\/et\/toode\/varvilised-kalakesed-amigurumi-muster\/#primaryimage"},"thumbnailUrl":"https:\/\/www.lilleliis.com\/wp-content\/uploads\/2025\/04\/amigurumi-crochet-fish-pattern2.jpg","datePublished":"2026-04-14T07:58:36+00:00","description":"Heegelda ise v\u00e4rvilised kalakesed beebi m\u00e4ngukaarele. Montessorist inspireeritud m\u00e4nguasjad, mis aitavad beebil avastada p\u00f5hiv\u00e4rve. Eestikeelne \u00f5petus.","breadcrumb":{"@id":"https:\/\/www.lilleliis.com\/et\/toode\/varvilised-kalakesed-amigurumi-muster\/#breadcrumb"},"inLanguage":"et","potentialAction":[{"@type":"ReadAction","target":["https:\/\/www.lilleliis.com\/et\/toode\/varvilised-kalakesed-amigurumi-muster\/"]}]},{"@type":"ImageObject","inLanguage":"et","@id":"https:\/\/www.lilleliis.com\/et\/toode\/varvilised-kalakesed-amigurumi-muster\/#primaryimage","url":"https:\/\/www.lilleliis.com\/wp-content\/uploads\/2025\/04\/amigurumi-crochet-fish-pattern2.jpg","contentUrl":"https:\/\/www.lilleliis.com\/wp-content\/uploads\/2025\/04\/amigurumi-crochet-fish-pattern2.jpg","width":1000,"height":1500,"caption":"heegeldatud amigurumi kalakesed"},{"@type":"BreadcrumbList","@id":"https:\/\/www.lilleliis.com\/et\/toode\/varvilised-kalakesed-amigurumi-muster\/#breadcrumb","itemListElement":[{"@type":"ListItem","position":1,"name":"Home","item":"https:\/\/www.lilleliis.com\/et\/"},{"@type":"ListItem","position":2,"name":"Pood","item":"https:\/\/www.lilleliis.com\/et\/shop\/"},{"@type":"ListItem","position":3,"name":"Heegeldatud kala muster &#8211; V\u00e4rvilised kalakesed"}]},{"@type":"WebSite","@id":"https:\/\/www.lilleliis.com\/et\/#website","url":"https:\/\/www.lilleliis.com\/et\/","name":"lilleliis","description":"Amigurumi m\u00e4nguasjad ja mustrid","potentialAction":[{"@type":"SearchAction","target":{"@type":"EntryPoint","urlTemplate":"https:\/\/www.lilleliis.com\/et\/?s={search_term_string}"},"query-input":{"@type":"PropertyValueSpecification","valueRequired":true,"valueName":"search_term_string"}}],"inLanguage":"et"}]}},"_links":{"self":[{"href":"https:\/\/www.lilleliis.com\/et\/wp-json\/wp\/v2\/product\/99707","targetHints":{"allow":["GET"]}}],"collection":[{"href":"https:\/\/www.lilleliis.com\/et\/wp-json\/wp\/v2\/product"}],"about":[{"href":"https:\/\/www.lilleliis.com\/et\/wp-json\/wp\/v2\/types\/product"}],"replies":[{"embeddable":true,"href":"https:\/\/www.lilleliis.com\/et\/wp-json\/wp\/v2\/comments?post=99707"}],"wp:featuredmedia":[{"embeddable":true,"href":"https:\/\/www.lilleliis.com\/et\/wp-json\/wp\/v2\/media\/99699"}],"wp:attachment":[{"href":"https:\/\/www.lilleliis.com\/et\/wp-json\/wp\/v2\/media?parent=99707"}],"wp:term":[{"taxonomy":"product_brand","embeddable":true,"href":"https:\/\/www.lilleliis.com\/et\/wp-json\/wp\/v2\/product_brand?post=99707"},{"taxonomy":"product_cat","embeddable":true,"href":"https:\/\/www.lilleliis.com\/et\/wp-json\/wp\/v2\/product_cat?post=99707"},{"taxonomy":"product_tag","embeddable":true,"href":"https:\/\/www.lilleliis.com\/et\/wp-json\/wp\/v2\/product_tag?post=99707"}],"curies":[{"name":"wp","href":"https:\/\/api.w.org\/{rel}","templated":true}]}}