{"id":99919,"date":"2025-12-08T11:30:58","date_gmt":"2025-12-08T09:30:58","guid":{"rendered":"https:\/\/www.lilleliis.com\/?post_type=product&#038;p=99919"},"modified":"2026-02-10T18:32:20","modified_gmt":"2026-02-10T16:32:20","slug":"montessori-munari-mangukaare-manguasjad","status":"publish","type":"product","link":"https:\/\/www.lilleliis.com\/et\/toode\/montessori-munari-mangukaare-manguasjad\/","title":{"rendered":"Montessori Munari m\u00e4ngukaare m\u00e4nguasjad, 3 tk"},"content":{"rendered":null,"protected":false},"excerpt":{"rendered":"<p>Montessori Munari kontseptsioonist inspireeritud heegeldatud beebi m\u00e4ngukaare m\u00e4nguasjad.<\/p>\n<p>Esimestel elun\u00e4dalatel tajuvad beebid pigem kontraste kui v\u00e4rve. Just selle p\u00e4rast sobivad Montessori meetodi j\u00e4rgi must-valged m\u00e4nguasjad beebidele esimeseks kuueks elun\u00e4dalaks k\u00f5ige paremini.<\/p>\n<p>Minu loodud heegeldatud komplektis on kolm \u00fcrgset elementi &#8211; p\u00e4ike, kuu ja t\u00e4ht. Et silmal oleks, millest haarata ja mida eristada, olen kasutanud triipude ja t\u00e4ppide motiive ning p\u00fc\u00fcdnud luua tasakaalustatud v\u00e4rvilahenduse.<\/p>\n<p>P\u00e4ikese sisse on peidetud t\u00fckike kr\u00f5bisevat materjali, et ka vaikne heli saaks pakkuda beebile avastamisr\u00f5\u00f5mu.<\/p>\n<p>M\u00e4nguasjad on valmistatud beebi \u00f5rnale nahale sobivast orgaanilisest puuvillasest l\u00f5ngast. T\u00e4iteks olen kasutanud allergiavaba pol\u00fcester kerakiudu.<\/p>\n<p>Autorit\u00f6\u00f6. Disainitud ja k\u00e4sitsi valmistatud meie oma v\u00e4ikeses Eestis.<\/p>\n<div class=\"is-divider divider clearfix\"><div class=\"is-divider divider clearfix\" style=\"max-width:100%;\"><\/div><\/div>\n<p>Materjal:<\/p>\n<ul>\n<li>100% orgaaniline GOTS sertifikaadiga puuvillane l\u00f5ng<\/li>\n<li>pol\u00fcester kerakiud t\u00e4idis<\/li>\n<li>kr\u00f5bisev paber<\/li>\n<li>naturaalsest puidust p\u00e4rlid (p\u00f6\u00f6k)<\/li>\n<li>puuvillane n\u00f6\u00f6r<\/li>\n<\/ul>\n<p>V\u00e4rv: must, naturaalvalge<\/p>\n<p>Suurus: k\u00f5ik m\u00e4nguasjad on umbkaudse l\u00e4bim\u00f5\u00f5duga 8 cm, n\u00f6\u00f6ri pikkus umbes 30 sentimeetrit<\/p>\n<div class=\"is-divider divider clearfix\"><div class=\"is-divider divider clearfix\" style=\"max-width:100%;\"><\/div><\/div>\n<p>\u00c4ra j\u00e4ta beebit m\u00e4ngides kunagi \u00fcksi!<\/p>\n","protected":false},"featured_media":99920,"comment_status":"open","ping_status":"closed","template":"","meta":[],"product_brand":[],"product_cat":[155],"product_tag":[123,1606,1518,377],"class_list":{"0":"post-99919","1":"product","2":"type-product","3":"status-publish","4":"has-post-thumbnail","6":"product_cat-heegeldatud-manguasjad","7":"product_tag-beebidele","8":"product_tag-lastetuppa","9":"product_tag-montessori","10":"product_tag-puuvillast-manguasjad","12":"first","13":"instock","14":"taxable","15":"shipping-taxable","16":"purchasable","17":"product-type-simple"},"yoast_head":"<!-- This site is optimized with the Yoast SEO plugin v27.3 - https:\/\/yoast.com\/product\/yoast-seo-wordpress\/ -->\n<title>Montessori Munari m\u00e4ngukaare m\u00e4nguasjad, 3 tk | lilleliis<\/title>\n<meta name=\"description\" content=\"Montessori Munari kontseptsioonist inspireeritud heegeldatud beebi m\u00e4ngukaare m\u00e4nguasjad. Kolm \u00fcrgset must-valget elementi \u2013 p\u00e4ike, kuu ja t\u00e4ht.\" \/>\n<meta name=\"robots\" content=\"index, follow, max-snippet:-1, max-image-preview:large, max-video-preview:-1\" \/>\n<link rel=\"canonical\" href=\"https:\/\/www.lilleliis.com\/et\/toode\/montessori-munari-mangukaare-manguasjad\/\" \/>\n<meta property=\"og:locale\" content=\"et_EE\" \/>\n<meta property=\"og:type\" content=\"article\" \/>\n<meta property=\"og:title\" content=\"Montessori Munari m\u00e4ngukaare m\u00e4nguasjad, 3 tk | lilleliis\" \/>\n<meta property=\"og:description\" content=\"Montessori Munari kontseptsioonist inspireeritud heegeldatud beebi m\u00e4ngukaare m\u00e4nguasjad. Kolm \u00fcrgset must-valget elementi \u2013 p\u00e4ike, kuu ja t\u00e4ht.\" \/>\n<meta property=\"og:url\" content=\"https:\/\/www.lilleliis.com\/et\/toode\/montessori-munari-mangukaare-manguasjad\/\" \/>\n<meta property=\"og:site_name\" content=\"lilleliis\" \/>\n<meta property=\"article:publisher\" content=\"https:\/\/www.facebook.com\/lilleliis-283266335035799\/\" \/>\n<meta property=\"article:modified_time\" content=\"2026-02-10T16:32:20+00:00\" \/>\n<meta property=\"og:image\" content=\"https:\/\/www.lilleliis.com\/wp-content\/uploads\/2025\/04\/Montessori-Munari-heegeldatud-manguasjad1.jpg\" \/>\n\t<meta property=\"og:image:width\" content=\"1000\" \/>\n\t<meta property=\"og:image:height\" content=\"1500\" \/>\n\t<meta property=\"og:image:type\" content=\"image\/jpeg\" \/>\n<meta name=\"twitter:card\" content=\"summary_large_image\" \/>\n<meta name=\"twitter:label1\" content=\"Est. reading time\" \/>\n\t<meta name=\"twitter:data1\" content=\"1 minute\" \/>\n<script type=\"application\/ld+json\" class=\"yoast-schema-graph\">{\"@context\":\"https:\\\/\\\/schema.org\",\"@graph\":[{\"@type\":\"WebPage\",\"@id\":\"https:\\\/\\\/www.lilleliis.com\\\/et\\\/toode\\\/montessori-munari-mangukaare-manguasjad\\\/\",\"url\":\"https:\\\/\\\/www.lilleliis.com\\\/et\\\/toode\\\/montessori-munari-mangukaare-manguasjad\\\/\",\"name\":\"Montessori Munari m\u00e4ngukaare m\u00e4nguasjad, 3 tk | lilleliis\",\"isPartOf\":{\"@id\":\"https:\\\/\\\/www.lilleliis.com\\\/et\\\/#website\"},\"primaryImageOfPage\":{\"@id\":\"https:\\\/\\\/www.lilleliis.com\\\/et\\\/toode\\\/montessori-munari-mangukaare-manguasjad\\\/#primaryimage\"},\"image\":{\"@id\":\"https:\\\/\\\/www.lilleliis.com\\\/et\\\/toode\\\/montessori-munari-mangukaare-manguasjad\\\/#primaryimage\"},\"thumbnailUrl\":\"https:\\\/\\\/www.lilleliis.com\\\/wp-content\\\/uploads\\\/2025\\\/04\\\/Montessori-Munari-heegeldatud-manguasjad1.jpg\",\"datePublished\":\"2025-12-08T09:30:58+00:00\",\"dateModified\":\"2026-02-10T16:32:20+00:00\",\"description\":\"Montessori Munari kontseptsioonist inspireeritud heegeldatud beebi m\u00e4ngukaare m\u00e4nguasjad. Kolm \u00fcrgset must-valget elementi \u2013 p\u00e4ike, kuu ja t\u00e4ht.\",\"breadcrumb\":{\"@id\":\"https:\\\/\\\/www.lilleliis.com\\\/et\\\/toode\\\/montessori-munari-mangukaare-manguasjad\\\/#breadcrumb\"},\"inLanguage\":\"et\",\"potentialAction\":[{\"@type\":\"ReadAction\",\"target\":[\"https:\\\/\\\/www.lilleliis.com\\\/et\\\/toode\\\/montessori-munari-mangukaare-manguasjad\\\/\"]}]},{\"@type\":\"ImageObject\",\"inLanguage\":\"et\",\"@id\":\"https:\\\/\\\/www.lilleliis.com\\\/et\\\/toode\\\/montessori-munari-mangukaare-manguasjad\\\/#primaryimage\",\"url\":\"https:\\\/\\\/www.lilleliis.com\\\/wp-content\\\/uploads\\\/2025\\\/04\\\/Montessori-Munari-heegeldatud-manguasjad1.jpg\",\"contentUrl\":\"https:\\\/\\\/www.lilleliis.com\\\/wp-content\\\/uploads\\\/2025\\\/04\\\/Montessori-Munari-heegeldatud-manguasjad1.jpg\",\"width\":1000,\"height\":1500,\"caption\":\"Montessori Munari heegeldatud m\u00e4nguasjad\"},{\"@type\":\"BreadcrumbList\",\"@id\":\"https:\\\/\\\/www.lilleliis.com\\\/et\\\/toode\\\/montessori-munari-mangukaare-manguasjad\\\/#breadcrumb\",\"itemListElement\":[{\"@type\":\"ListItem\",\"position\":1,\"name\":\"Home\",\"item\":\"https:\\\/\\\/www.lilleliis.com\\\/et\\\/\"},{\"@type\":\"ListItem\",\"position\":2,\"name\":\"Pood\",\"item\":\"https:\\\/\\\/www.lilleliis.com\\\/et\\\/shop\\\/\"},{\"@type\":\"ListItem\",\"position\":3,\"name\":\"Montessori Munari m\u00e4ngukaare m\u00e4nguasjad, 3 tk\"}]},{\"@type\":\"WebSite\",\"@id\":\"https:\\\/\\\/www.lilleliis.com\\\/et\\\/#website\",\"url\":\"https:\\\/\\\/www.lilleliis.com\\\/et\\\/\",\"name\":\"lilleliis\",\"description\":\"Amigurumi m\u00e4nguasjad ja mustrid\",\"potentialAction\":[{\"@type\":\"SearchAction\",\"target\":{\"@type\":\"EntryPoint\",\"urlTemplate\":\"https:\\\/\\\/www.lilleliis.com\\\/et\\\/?s={search_term_string}\"},\"query-input\":{\"@type\":\"PropertyValueSpecification\",\"valueRequired\":true,\"valueName\":\"search_term_string\"}}],\"inLanguage\":\"et\"}]}<\/script>\n<!-- \/ Yoast SEO plugin. -->","yoast_head_json":{"title":"Montessori Munari m\u00e4ngukaare m\u00e4nguasjad, 3 tk | lilleliis","description":"Montessori Munari kontseptsioonist inspireeritud heegeldatud beebi m\u00e4ngukaare m\u00e4nguasjad. Kolm \u00fcrgset must-valget elementi \u2013 p\u00e4ike, kuu ja t\u00e4ht.","robots":{"index":"index","follow":"follow","max-snippet":"max-snippet:-1","max-image-preview":"max-image-preview:large","max-video-preview":"max-video-preview:-1"},"canonical":"https:\/\/www.lilleliis.com\/et\/toode\/montessori-munari-mangukaare-manguasjad\/","og_locale":"et_EE","og_type":"article","og_title":"Montessori Munari m\u00e4ngukaare m\u00e4nguasjad, 3 tk | lilleliis","og_description":"Montessori Munari kontseptsioonist inspireeritud heegeldatud beebi m\u00e4ngukaare m\u00e4nguasjad. Kolm \u00fcrgset must-valget elementi \u2013 p\u00e4ike, kuu ja t\u00e4ht.","og_url":"https:\/\/www.lilleliis.com\/et\/toode\/montessori-munari-mangukaare-manguasjad\/","og_site_name":"lilleliis","article_publisher":"https:\/\/www.facebook.com\/lilleliis-283266335035799\/","article_modified_time":"2026-02-10T16:32:20+00:00","og_image":[{"width":1000,"height":1500,"url":"https:\/\/www.lilleliis.com\/wp-content\/uploads\/2025\/04\/Montessori-Munari-heegeldatud-manguasjad1.jpg","type":"image\/jpeg"}],"twitter_card":"summary_large_image","twitter_misc":{"Est. reading time":"1 minute"},"schema":{"@context":"https:\/\/schema.org","@graph":[{"@type":"WebPage","@id":"https:\/\/www.lilleliis.com\/et\/toode\/montessori-munari-mangukaare-manguasjad\/","url":"https:\/\/www.lilleliis.com\/et\/toode\/montessori-munari-mangukaare-manguasjad\/","name":"Montessori Munari m\u00e4ngukaare m\u00e4nguasjad, 3 tk | lilleliis","isPartOf":{"@id":"https:\/\/www.lilleliis.com\/et\/#website"},"primaryImageOfPage":{"@id":"https:\/\/www.lilleliis.com\/et\/toode\/montessori-munari-mangukaare-manguasjad\/#primaryimage"},"image":{"@id":"https:\/\/www.lilleliis.com\/et\/toode\/montessori-munari-mangukaare-manguasjad\/#primaryimage"},"thumbnailUrl":"https:\/\/www.lilleliis.com\/wp-content\/uploads\/2025\/04\/Montessori-Munari-heegeldatud-manguasjad1.jpg","datePublished":"2025-12-08T09:30:58+00:00","dateModified":"2026-02-10T16:32:20+00:00","description":"Montessori Munari kontseptsioonist inspireeritud heegeldatud beebi m\u00e4ngukaare m\u00e4nguasjad. Kolm \u00fcrgset must-valget elementi \u2013 p\u00e4ike, kuu ja t\u00e4ht.","breadcrumb":{"@id":"https:\/\/www.lilleliis.com\/et\/toode\/montessori-munari-mangukaare-manguasjad\/#breadcrumb"},"inLanguage":"et","potentialAction":[{"@type":"ReadAction","target":["https:\/\/www.lilleliis.com\/et\/toode\/montessori-munari-mangukaare-manguasjad\/"]}]},{"@type":"ImageObject","inLanguage":"et","@id":"https:\/\/www.lilleliis.com\/et\/toode\/montessori-munari-mangukaare-manguasjad\/#primaryimage","url":"https:\/\/www.lilleliis.com\/wp-content\/uploads\/2025\/04\/Montessori-Munari-heegeldatud-manguasjad1.jpg","contentUrl":"https:\/\/www.lilleliis.com\/wp-content\/uploads\/2025\/04\/Montessori-Munari-heegeldatud-manguasjad1.jpg","width":1000,"height":1500,"caption":"Montessori Munari heegeldatud m\u00e4nguasjad"},{"@type":"BreadcrumbList","@id":"https:\/\/www.lilleliis.com\/et\/toode\/montessori-munari-mangukaare-manguasjad\/#breadcrumb","itemListElement":[{"@type":"ListItem","position":1,"name":"Home","item":"https:\/\/www.lilleliis.com\/et\/"},{"@type":"ListItem","position":2,"name":"Pood","item":"https:\/\/www.lilleliis.com\/et\/shop\/"},{"@type":"ListItem","position":3,"name":"Montessori Munari m\u00e4ngukaare m\u00e4nguasjad, 3 tk"}]},{"@type":"WebSite","@id":"https:\/\/www.lilleliis.com\/et\/#website","url":"https:\/\/www.lilleliis.com\/et\/","name":"lilleliis","description":"Amigurumi m\u00e4nguasjad ja mustrid","potentialAction":[{"@type":"SearchAction","target":{"@type":"EntryPoint","urlTemplate":"https:\/\/www.lilleliis.com\/et\/?s={search_term_string}"},"query-input":{"@type":"PropertyValueSpecification","valueRequired":true,"valueName":"search_term_string"}}],"inLanguage":"et"}]}},"_links":{"self":[{"href":"https:\/\/www.lilleliis.com\/et\/wp-json\/wp\/v2\/product\/99919","targetHints":{"allow":["GET"]}}],"collection":[{"href":"https:\/\/www.lilleliis.com\/et\/wp-json\/wp\/v2\/product"}],"about":[{"href":"https:\/\/www.lilleliis.com\/et\/wp-json\/wp\/v2\/types\/product"}],"replies":[{"embeddable":true,"href":"https:\/\/www.lilleliis.com\/et\/wp-json\/wp\/v2\/comments?post=99919"}],"wp:featuredmedia":[{"embeddable":true,"href":"https:\/\/www.lilleliis.com\/et\/wp-json\/wp\/v2\/media\/99920"}],"wp:attachment":[{"href":"https:\/\/www.lilleliis.com\/et\/wp-json\/wp\/v2\/media?parent=99919"}],"wp:term":[{"taxonomy":"product_brand","embeddable":true,"href":"https:\/\/www.lilleliis.com\/et\/wp-json\/wp\/v2\/product_brand?post=99919"},{"taxonomy":"product_cat","embeddable":true,"href":"https:\/\/www.lilleliis.com\/et\/wp-json\/wp\/v2\/product_cat?post=99919"},{"taxonomy":"product_tag","embeddable":true,"href":"https:\/\/www.lilleliis.com\/et\/wp-json\/wp\/v2\/product_tag?post=99919"}],"curies":[{"name":"wp","href":"https:\/\/api.w.org\/{rel}","templated":true}]}}